{"id":17137,"date":"2020-10-28T17:09:33","date_gmt":"2020-10-28T10:09:33","guid":{"rendered":"https:\/\/havamall.vn\/?post_type=product&#038;p=17137"},"modified":"2025-06-20T14:36:42","modified_gmt":"2025-06-20T07:36:42","slug":"hoa-dai-hoi-thuong-hieu-hava-foodies-goi-100g-star-anise","status":"publish","type":"product","link":"https:\/\/havamall.vn\/en\/shop\/hoa-dai-hoi-thuong-hieu-hava-foodies-goi-100g-star-anise\/","title":{"rendered":"Hoa \u0110\u1ea1i H\u1ed3i Th\u01b0\u01a1ng Hi\u1ec7u Hava Foodies G\u00f3i 100g \u2013 Star Anise"},"content":{"rendered":"<p><strong>TH\u00d4NG TIN S\u1ea2N PH\u00c2M<\/strong><\/p>\n<table>\n<tbody>\n<tr>\n<td>Th\u01b0\u01a1ng hi\u1ec7u<\/td>\n<td>Havafood<\/td>\n<\/tr>\n<tr>\n<td>Xu\u1ea5t x\u1ee9<\/td>\n<td>\u0110\u1ee9c<\/td>\n<\/tr>\n<tr>\n<td>Th\u00e0nh ph\u1ea7n<\/td>\n<td>100% hoa \u0111\u1ea1i h\u1ed3i<\/td>\n<\/tr>\n<tr>\n<td>H\u1ea1n s\u1eed d\u1ee5ng<\/td>\n<td>Xem tr\u00ean bao b\u00ec<\/td>\n<\/tr>\n<tr>\n<td>H\u01b0\u1edbng d\u1eabn s\u1eed d\u1ee5ng<\/td>\n<td>D\u00f9ng l\u00e0m gia v\u1ecb n\u00eam n\u1ebfm, ch\u1ebf bi\u1ebfn m\u00f3n \u0103n<\/td>\n<\/tr>\n<tr>\n<td>B\u1ea3o qu\u1ea3n<\/td>\n<td>N\u01a1i kh\u00f4 r\u00e1o, tho\u00e1ng m\u00e1t, tr\u00e1nh \u00e1nh s\u00e1ng tr\u1ef1c ti\u1ebfp t\u1eeb m\u1eb7t tr\u1eddi<\/td>\n<\/tr>\n<\/tbody>\n<\/table>\n<p><strong>\u0110\u1eb6C \u0110I\u1ec2M HOA H\u1ed2I<\/strong><\/p>\n<p>\u2013 C\u00e2y h\u1ed3i l\u00e0 m\u1ed9t lo\u1ea1i c\u00e2y xanh quanh n\u0103m c\u00f3 ngu\u1ed3n g\u1ed1c t\u1eeb Trung Qu\u1ed1c. Hoa c\u1ee7a c\u00e2y h\u1ed3i c\u00f2n c\u00f3 c\u00e1c t\u00ean g\u1ecdi kh\u00e1c l\u00e0 \u0111\u1ea1i h\u1ed3i, b\u00e1t gi\u00e1c h\u1ed3i h\u01b0\u01a1ng \u2013 hi\u1ec3u theo ngh\u0129a ti\u1ebfng trung ngh\u0129a l\u00e0 qu\u1ea3 t\u00e1m c\u00e1nh c\u00f3 h\u01b0\u01a1ng th\u01a1m. Hoa h\u1ed3i th\u01b0\u1eddng c\u00f3 v\u00e0o t\u1ea7m th\u00e1ng 3-5, qu\u1ea3 h\u1ed3i c\u00f3 t\u1ea7m th\u00e1ng 6-9.<\/p>\n<p><img fetchpriority=\"high\" decoding=\"async\" class=\"wp-image-17078 aligncenter\" src=\"https:\/\/havamall.com\/wp-content\/uploads\/2025\/06\/cay-hoa-hoi-11.png\" alt=\"\" width=\"436\" height=\"327\" \/><\/p>\n<p>\u2013 Hoa h\u1ed3i gi\u00e0 th\u01b0\u1eddng c\u00f3 m\u00e0u n\u00e2u s\u1eabm, trong c\u00e1nh c\u00f3 c\u00e1c h\u1ea1t n\u00e2u b\u00f3ng. Hoa h\u1ed3i sau khi h\u00e1i t\u1eeb c\u00e2y v\u1ec1 s\u1ebd \u0111\u01b0\u1ee3c r\u1eeda s\u1ea1ch v\u00e0 ph\u01a1i kh\u00f4, ch\u00ednh v\u00ec th\u1ebf c\u00f3 th\u1ec3 b\u1ea3o qu\u1ea3n hoa h\u1ed3i \u0111\u01b0\u1ee3c l\u00e2u h\u01a1n.<\/p>\n<p>\u2013 Hoa h\u1ed3i c\u00f3 v\u1ecb ng\u1ecdt d\u1ecbu nh\u01b0 cam th\u1ea3o, g\u00f3p ph\u1ea7n t\u1ea1o n\u00ean v\u1ecb n\u01b0\u1edbc d\u00f9ng ph\u1edf th\u01a1m ngon kh\u00f3 qu\u00ean. Nh\u1eefng c\u00e1nh h\u1ed3i tuy nh\u1ecf b\u00e9 nh\u01b0ng \u0111\u00e3 g\u00f3p ph\u1ea7n t\u1ea1o n\u00ean h\u01b0\u01a1ng v\u1ecb n\u1ed3ng n\u00e0n quy\u1ebfn r\u0169 c\u1ee7a n\u01b0\u1edbc d\u00f9ng ph\u1edf.\u00a0N\u1ebfu thi\u1ebfu hoa h\u1ed3i, n\u01b0\u1edbc ph\u1edf s\u1ebd tr\u1edf n\u00ean nh\u1ea1t nh\u1ebdo, thi\u1ebfu h\u1ea5p d\u1eabn.<\/p>\n<p>\u2013 Hoa h\u1ed3i c\u00f2n \u0111\u01b0\u1ee3c xem l\u00e0 gia v\u1ecb trong c\u00e1c m\u00f3n \u0103n nh\u01b0 h\u1ea7m, ti\u1ec1m, kho, x\u00e0o, cari, ph\u1edf, c\u0169ng nh\u01b0 c\u00e1c m\u00f3n khai v\u1ecb, tr\u00e1ng mi\u1ec7ng.<\/p>\n<p><img decoding=\"async\" class=\"wp-image-17075 aligncenter\" src=\"https:\/\/havamall.com\/wp-content\/uploads\/2025\/06\/hoa-hoi-1024x577.jpg\" alt=\"\" width=\"631\" height=\"356\" \/><\/p>\n<p><strong>T\u00c1C D\u1ee4NG C\u1ee6A HOA \u0110\u1ea0I H\u1ed2I<\/strong><\/p>\n<p>Hoa h\u1ed3i \u0111\u01b0\u1ee3c d\u00f9ng nh\u01b0 m\u1ed9t lo\u1ea1i \u201cd\u01b0\u1ee3c li\u1ec7u\u201d v\u1edbi nhi\u1ec1u c\u00f4ng d\u1ee5ng ch\u1eefa b\u1ec7nh hi\u1ec7u qu\u1ea3:<\/p>\n<ul>\n<li>Gi\u00fap trung ti\u1ec7n ch\u1eefa \u0111\u1ea7y b\u1ee5ng, kh\u00f3 ti\u00eau<\/li>\n<li>H\u1ed7 tr\u1ee3 ti\u00eau h\u00f3a ho\u1ea1t \u0111\u1ed9ng t\u1ed1t h\u01a1n<\/li>\n<li>T\u00e1c d\u1ee5ng gi\u1ea3m \u0111au, gi\u1ea3m co b\u00f3p \u1edf d\u1ea1 d\u00e0y v\u00e0 ru\u1ed9t<\/li>\n<li>Gi\u00fap l\u1ee3i s\u1eefa<\/li>\n<li>Ch\u1eefa tr\u1ecb t\u00ecnh tr\u1ea1ng n\u00f4n m\u1eeda<\/li>\n<li>Tr\u1ecb ch\u1ee9ng th\u1ea5p kh\u1edbp, \u0111au l\u01b0ng<\/li>\n<li>Ch\u1eefa ng\u1ed9 \u0111\u1ed9c c\u00e1, th\u1ecbt v\u00e0 \u0111\u01b0\u1ee3c d\u00f9ng \u0111\u1ec3 ch\u1eefa r\u1eafn \u0111\u1ed9c c\u1eafn<\/li>\n<li>K\u00edch th\u00edch v\u1ecb gi\u00e1c<\/li>\n<li>Gi\u00fap \u0111i\u1ec1u tr\u1ecb b\u1ec7nh c\u00fam\u2026<\/li>\n<\/ul>\n<p><img decoding=\"async\" class=\"wp-image-17076 aligncenter\" src=\"https:\/\/havamall.com\/wp-content\/uploads\/2025\/06\/hoa-hE1BB93i.jpg\" alt=\"\" width=\"575\" height=\"383\" \/><\/p>\n<p><strong>H\u01af\u1edaNG D\u1eaaN C\u00c1CH N\u1ea4U PH\u1ede V\u1edaI HOA \u0110\u1ea0I H\u1ed2I<\/strong><\/p>\n<p><em><strong>\u2013 Nguy\u00ean li\u1ec7u<\/strong><\/em><\/p>\n<ul>\n<li>2 c\u1ee7 g\u1eebng, 2 c\u1ee7 h\u00e0nh t\u00e2y b\u00f3c v\u1ecf<\/li>\n<li>2kg x\u01b0\u01a1ng \u1ed1ng, 700g th\u1ecbt b\u00f2<\/li>\n<li>3 c\u00e1i hoa h\u1ed3i, 5 c\u00e1i \u0111inh h\u01b0\u01a1ng, 1 m\u1ea9u qu\u1ebf nh\u1ecf, 1 qu\u1ea3 b\u1ea1ch \u0111\u1eadu kh\u1ea5u<\/li>\n<li>Gia v\u1ecb, h\u00e0nh l\u00e1, m\u00f9i t\u00e2y<\/li>\n<li>3,5 l\u00edt n\u01b0\u1edbc<\/li>\n<\/ul>\n<p><img loading=\"lazy\" decoding=\"async\" class=\"wp-image-17074 aligncenter\" src=\"https:\/\/havamall.com\/wp-content\/uploads\/2025\/06\/Cach-dung-hoa-hoi-nau-pho.jpg\" alt=\"\" width=\"475\" height=\"356\" \/><\/p>\n<p><em><strong>\u2013 C\u00e1ch th\u1ef1c hi\u1ec7n<\/strong><\/em><\/p>\n<p>+ Cho x\u01b0\u01a1ng \u1ed1ng, th\u1ecbt b\u00f2 v\u00e0o ch\u1ea3o. \u0110\u1ed5 ng\u1eadp n\u01b0\u1edbc v\u00e0 n\u1ea5u v\u1edbi l\u1eeda l\u1edbn trong 5 ph\u00fat. X\u01b0\u01a1ng v\u00e0 th\u1ecbt sau khi \u0111\u01b0\u1ee3c tr\u1ee5ng th\u00ec r\u1eeda l\u1ea1i v\u1edbi n\u01b0\u1edbc l\u1ea1nh cho s\u1ea1ch. B\u01b0\u1edbc n\u00e0y s\u1ebd gi\u00fap b\u1ea1n c\u00f3 n\u1ed3i n\u01b0\u1edbc d\u00f9ng trong h\u01a1n. Cho th\u1ecbt b\u00f2 v\u00e0o t\u1ee7 l\u1ea1nh b\u1ea3o qu\u1ea3n. Ph\u1ea7n x\u01b0\u01a1ng \u1ed1ng, g\u1eebng v\u00e0 h\u00e0nh t\u00e2y cho v\u00e0o n\u1ed3i \u00e1p su\u1ea5t. N\u00eam th\u00eam n\u01b0\u1edbc m\u1eafm, mu\u1ed1i, \u0111\u01b0\u1eddng v\u00e0 h\u00e0nh l\u00e1.<\/p>\n<p>+ Chu\u1ea9n b\u1ecb m\u1ed9t ch\u1ea3o kh\u00f4 \u0111\u1ec3 rang hoa h\u1ed3i, \u0111inh h\u01b0\u01a1ng, qu\u1ebf, b\u1ea1ch \u0111\u1eadu kh\u1ea5u, h\u1ea1t th\u00ec l\u00e0 v\u00e0 h\u1ea1t rau m\u00f9i. Rang v\u1edbi l\u1eeda nh\u1ecf trong 3 ph\u00fat ho\u1eb7c \u0111\u1ebfn khi th\u1ea5y m\u00f9i th\u01a1m th\u00ec t\u1eaft b\u1ebfp.<\/p>\n<p><img loading=\"lazy\" decoding=\"async\" class=\"wp-image-17072 aligncenter\" src=\"https:\/\/havamall.com\/wp-content\/uploads\/2025\/06\/pho-bo.jpg\" alt=\"\" width=\"491\" height=\"307\" \/><\/p>\n<p>+ Cho c\u00e1c nguy\u00ean li\u1ec7u v\u1eeba rang v\u00e0o m\u1ed9t t\u00fai v\u1ea3i x\u00f4, bu\u1ed9c ch\u1eb7t r\u1ed3i cho v\u00e0o n\u1ed3i \u00e1p su\u1ea5t.<\/p>\n<p>+ Th\u00eam 3,5 l\u00edt n\u01b0\u1edbc v\u00e0o n\u1ed3i. Ninh n\u01b0\u1edbc d\u00f9ng kho\u1ea3ng 2 ti\u1ebfng, r\u1ed3i m\u1edf n\u1eafp cho th\u00eam th\u1ecbt b\u00f2 \u0111\u00e3 tr\u1ee5ng ban \u0111\u1ea7u v\u00e0o n\u1ed3i. N\u1ea5u th\u00eam 30 ph\u00fat n\u1eefa cho th\u1ecbt b\u00f2 ch\u00edn m\u1ec1m.<\/p>","protected":false},"excerpt":{"rendered":"<ul>\n<li>Hoa \u0111\u1ea1i h\u1ed3i gi\u00e0 th\u01b0\u1eddng c\u00f3 m\u00e0u n\u00e2u s\u1eabm, trong c\u00e1nh c\u00f3 c\u00e1c h\u1ea1t n\u00e2u b\u00f3ng. Hoa h\u1ed3i sau khi h\u00e1i t\u1eeb c\u00e2y v\u1ec1 s\u1ebd \u0111\u01b0\u1ee3c r\u1eeda s\u1ea1ch v\u00e0 ph\u01a1i kh\u00f4, ch\u00ednh v\u00ec th\u1ebf c\u00f3 th\u1ec3 b\u1ea3o qu\u1ea3n hoa h\u1ed3i \u0111\u01b0\u1ee3c l\u00e2u h\u01a1n.<\/li>\n<li>Hoa \u0111\u1ea1i h\u1ed3i c\u00f3 v\u1ecb ng\u1ecdt d\u1ecbu nh\u01b0 cam th\u1ea3o, g\u00f3p ph\u1ea7n t\u1ea1o n\u00ean v\u1ecb n\u01b0\u1edbc d\u00f9ng ph\u1edf th\u01a1m ngon kh\u00f3 qu\u00ean. Nh\u1eefng c\u00e1nh h\u1ed3i tuy nh\u1ecf b\u00e9 nh\u01b0ng \u0111\u00e3 g\u00f3p ph\u1ea7n t\u1ea1o n\u00ean h\u01b0\u01a1ng v\u1ecb n\u1ed3ng n\u00e0n quy\u1ebfn r\u0169 c\u1ee7a n\u01b0\u1edbc d\u00f9ng ph\u1edf.\u00a0N\u1ebfu thi\u1ebfu hoa h\u1ed3i, n\u01b0\u1edbc ph\u1edf s\u1ebd tr\u1edf n\u00ean nh\u1ea1t nh\u1ebdo, thi\u1ebfu h\u1ea5p d\u1eabn.<\/li>\n<li>Hoa \u0111\u1ea1i h\u1ed3i c\u00f2n \u0111\u01b0\u1ee3c xem l\u00e0 gia v\u1ecb trong c\u00e1c m\u00f3n \u0103n nh\u01b0 h\u1ea7m, ti\u1ec1m, kho, x\u00e0o, cari, ph\u1edf, c\u0169ng nh\u01b0 c\u00e1c m\u00f3n khai v\u1ecb, tr\u00e1ng mi\u1ec7ng.<\/li>\n<\/ul>","protected":false},"featured_media":39783,"comment_status":"open","ping_status":"closed","template":"","meta":[],"product_brand":[],"product_cat":[595,36,134],"product_tag":[],"class_list":{"0":"post-17137","1":"product","2":"type-product","3":"status-publish","4":"has-post-thumbnail","6":"product_cat-gia-vi-va-che-bien","7":"product_cat-thuc-pham-tieu-dung","8":"product_cat-thucpham-saykho","9":"pa_brand-skx","11":"first","12":"instock","13":"sale","14":"shipping-taxable","15":"purchasable","16":"product-type-simple"},"_links":{"self":[{"href":"https:\/\/havamall.vn\/en\/wp-json\/wp\/v2\/product\/17137"}],"collection":[{"href":"https:\/\/havamall.vn\/en\/wp-json\/wp\/v2\/product"}],"about":[{"href":"https:\/\/havamall.vn\/en\/wp-json\/wp\/v2\/types\/product"}],"replies":[{"embeddable":true,"href":"https:\/\/havamall.vn\/en\/wp-json\/wp\/v2\/comments?post=17137"}],"version-history":[{"count":0,"href":"https:\/\/havamall.vn\/en\/wp-json\/wp\/v2\/product\/17137\/revisions"}],"wp:featuredmedia":[{"embeddable":true,"href":"https:\/\/havamall.vn\/en\/wp-json\/wp\/v2\/media\/39783"}],"wp:attachment":[{"href":"https:\/\/havamall.vn\/en\/wp-json\/wp\/v2\/media?parent=17137"}],"wp:term":[{"taxonomy":"product_brand","embeddable":true,"href":"https:\/\/havamall.vn\/en\/wp-json\/wp\/v2\/product_brand?post=17137"},{"taxonomy":"product_cat","embeddable":true,"href":"https:\/\/havamall.vn\/en\/wp-json\/wp\/v2\/product_cat?post=17137"},{"taxonomy":"product_tag","embeddable":true,"href":"https:\/\/havamall.vn\/en\/wp-json\/wp\/v2\/product_tag?post=17137"}],"curies":[{"name":"wp","href":"https:\/\/api.w.org\/{rel}","templated":true}]}}