{"id":17128,"date":"2020-10-28T16:59:17","date_gmt":"2020-10-28T09:59:17","guid":{"rendered":"https:\/\/havamall.vn\/?post_type=product&#038;p=17128"},"modified":"2025-06-11T16:24:40","modified_gmt":"2025-06-11T09:24:40","slug":"la-bac-ha-say-kho-thuong-hieu-hava-foodies-goi-100g-dried-mint","status":"publish","type":"product","link":"https:\/\/havamall.vn\/en\/shop\/la-bac-ha-say-kho-thuong-hieu-hava-foodies-goi-100g-dried-mint\/","title":{"rendered":"L\u00e1 B\u1ea1c H\u00e0 S\u1ea5y Kh\u00f4 Th\u01b0\u01a1ng Hi\u1ec7u Hava Foodies G\u00f3i 100g \u2013 Dried Mint"},"content":{"rendered":"<p>B\u1ea1c h\u00e0 l\u00e0 m\u1ed9t lo\u1ea1i c\u00e2y th\u00e2n th\u1ea3o s\u1ed1ng l\u00e2u n\u0103m thu\u1ed9c h\u1ecd Hoa M\u00f4i, t\u00ean khoa h\u1ecdc l\u00e0\u00a0Mentha arvensis Lin. C\u00e2y c\u00f3 th\u00e2n v\u00e0 c\u00e0nh h\u00ecnh vu\u00f4ng, x\u1ed1p, d\u00e1ng th\u1eb3ng \u0111\u1ee9ng ho\u1eb7c \u0111\u00f4i khi b\u00f2 lan tr\u00ean m\u1eb7t \u0111\u1ea5t.<\/p>\n<p>L\u00e1 b\u1ea1c h\u00e0 m\u1ecdc \u0111\u1ed1i t\u1eebng l\u00e1 \u0111\u01a1n, h\u00ecnh b\u1ea7u d\u1ee5c, \u0111\u1ea7u nh\u1ecdn, xung quanh m\u00e9p l\u00e1 c\u00f3 h\u00ecnh r\u0103ng c\u01b0a. Khi \u0111\u01b0a l\u00ean m\u0169i ng\u1eedi l\u00e1 c\u00e2y b\u1ea1c h\u00e0 th\u01b0\u1eddng c\u00f3 m\u00f9i th\u01a1m h\u1eafc, v\u1ecb cay v\u00e0 t\u00ea nh\u1eb9.<\/p>\n<p><img fetchpriority=\"high\" decoding=\"async\" class=\"wp-image-17133 aligncenter\" src=\"https:\/\/havamall.com\/wp-content\/uploads\/2025\/06\/BH1.jpg\" alt=\"\" width=\"554\" height=\"333\" \/><\/p>\n<p>C\u00e2y th\u01b0\u1eddng ra hoa v\u00e0 qu\u1ea3 t\u1eeb th\u00e1ng 7 \u0111\u1ebfn th\u00e1ng 10 h\u00e0ng n\u0103m. Hoa b\u1ea1c h\u00e0 k\u00edch th\u01b0\u1edbc nh\u1ecf v\u00e0 c\u00f3 th\u1ec3 c\u00f3 nhi\u1ec1u m\u00e0u s\u1eafc kh\u00e1c nhau nh\u01b0 m\u00e0u tr\u1eafng, h\u1ed3ng, t\u00edm hay m\u00e0u t\u00edm h\u1ed3ng. Qu\u1ea3 cho 4 h\u1ea1t.<\/p>\n<h1><strong>\u0110\u1eb6C \u0110I\u1ec2M S\u1ea2N PH\u1ea8M<\/strong><\/h1>\n<p>&#8211; L\u00e1 b\u1ea1c h\u00e0 s\u1ea5y kh\u00f4 t\u1ea1i HavaFood g\u1ed3m l\u00e1 v\u00e0 ng\u1ecdn non c\u1ee7a b\u1ea1c h\u00e0 \u0111\u01b0\u1ee3c s\u1ea5y l\u1ea1nh, g\u1ea7n nh\u01b0 gi\u1eef nguy\u00ean m\u00e0u xanh v\u1ed1n c\u00f3 v\u00e0 gi\u00e1 tr\u1ecb m\u00f9i th\u01a1m, c\u00f4ng d\u1ee5ng.<\/p>\n<p><img decoding=\"async\" class=\"wp-image-17132 aligncenter\" src=\"https:\/\/havamall.com\/wp-content\/uploads\/2025\/06\/BH2.jpg\" alt=\"\" width=\"538\" height=\"538\" \/><\/p>\n<p>&#8211; L\u00e1 b\u1ea1c h\u00e0 l\u00e0 m\u1ed9t lo\u1ea1i th\u1ea3o m\u1ed9c (c\u00f9ng v\u1edbi rau m\u00f9i v\u00e0 h\u00fang qu\u1ebf) nh\u1eb9 nh\u00e0ng v\u00e0 \u0111\u01b0\u1ee3c s\u1eed d\u1ee5ng t\u1ed1t l\u00e0m nguy\u00ean li\u1ec7u ho\u1eb7c th\u00eam v\u00e0o cu\u1ed1i c\u00e1c m\u00f3n n\u1ea5u \u0103n \u0111\u1ec3 duy tr\u00ec h\u01b0\u01a1ng v\u1ecb c\u1ee7a B\u1ea1c h\u00e0. Th\u01b0\u1eddng \u0111\u01b0\u1ee3c s\u1eed d\u1ee5ng \u0111\u1ec3 l\u00e0m h\u01b0\u01a1ng v\u1ecb m\u00f3n \u0103n \u1edf Trung \u0110\u00f4ng, ch\u1eb3ng h\u1ea1n nh\u01b0 th\u1ecbt c\u1eebu, s\u00fap v\u00e0 rau x\u00e0 l\u00e1ch<\/p>\n<p>&#8211; L\u00e1 b\u1ea1c h\u00e0 c\u00f3 v\u1ecb cay, t\u00ednh m\u00e1t, kh\u00f4ng \u0111\u1ed9c, ch\u1eefa tr\u1ecb c\u1ea3m m\u1ea1o, t\u00e1n phong nhi\u1ec7t, ch\u1eefa s\u1ed1t, nh\u1ee9c \u0111\u1ea7u, h\u1eaft h\u01a1i s\u1ed5 m\u0169i, ng\u1ea1t m\u0169i, kh\u00f4ng ra m\u1ed3 h\u00f4i, ch\u1eefa n\u00f4n m\u1eeda kh\u00f4ng ti\u00eau. C\u00f3 t\u00e1c d\u1ee5ng k\u00edch th\u00edch ti\u00eau h\u00f3a, ch\u1eefa k\u00e9m \u0103n, kh\u00f4ng ra m\u1ed3 h\u00f4i.<\/p>\n<h1>TH\u00d4NG TIN S\u1ea2N PH\u1ea8M<\/h1>\n<table border=\"1\" cellspacing=\"0\">\n<tbody>\n<tr>\n<td><strong>Th\u01b0\u01a1ng hi\u1ec7u<\/strong><\/td>\n<td>Havafood<\/td>\n<\/tr>\n<tr>\n<td><b>Xu\u1ea5t x\u1ee9<\/b><\/td>\n<td>\u0110\u1ee9c<\/td>\n<\/tr>\n<tr>\n<td><strong>Th\u00e0nh ph\u1ea7n<\/strong><\/td>\n<td>100% l\u00e1 b\u1ea1c h\u00e0 t\u01b0\u01a1i<\/td>\n<\/tr>\n<tr>\n<td><strong>H\u1ea1n s\u1eed d\u1ee5ng<\/strong><\/td>\n<td>Xem tr\u00ean bao b\u00ec s\u1ea3n ph\u1ea9m<\/td>\n<\/tr>\n<tr>\n<td><strong>C\u00e1ch s\u1eed d\u1ee5ng<\/strong><\/td>\n<td>D\u00f9ng pha tr\u00e0, l\u00e0m gia v\u1ecb ch\u1ebf bi\u1ebfn c\u00e1c m\u00f3n \u0103n, ch\u1eefa b\u1ec7nh, \u2026<\/td>\n<\/tr>\n<tr>\n<td><strong>Nh\u1eadp kh\u1ea9u &amp; \u0111\u00f3ng g\u00f3i<\/strong><\/td>\n<td>Vi\u1ec7t Nam<\/td>\n<\/tr>\n<tr>\n<td><strong>\u00a0B\u1ea3o qu\u1ea3n<\/strong><\/td>\n<td>\u1ea3o qu\u1ea3n n\u01a1i kh\u00f4 r\u00e1o, tho\u00e1ng m\u00e1t, tr\u00e1nh \u00e1nh n\u1eafng tr\u1ef1c ti\u1ebfp chi\u1ebfu v\u00e0o s\u1ea3n ph\u1ea9m. Sau khi s\u1eed d\u1ee5ng s\u1ea3n ph\u1ea9m c\u00f2n d\u01b0 n\u00ean tr\u1eef trong h\u1ee7 k\u00edn c\u00f3 n\u1eafp \u0111\u1eady.<\/td>\n<\/tr>\n<tr>\n<td><strong>Kh\u1ed1i l\u01b0\u1ee3ng t\u1ecbnh<\/strong><\/td>\n<td>100g<\/td>\n<\/tr>\n<\/tbody>\n<\/table>\n<h1>C\u00d4NG D\u1ee4NG C\u1ee6A L\u00c1 B\u1ea0C H\u00c0<\/h1>\n<p>B\u1ea1c h\u00e0 \u0111\u01b0\u1ee3c xem nh\u01b0 m\u1ed9t ph\u01b0\u01a1ng thu\u1ed1c t\u1ef1 nhi\u00ean \u0111\u01b0\u1ee3c s\u1eed d\u1ee5ng \u0111\u1ec3 c\u1ea3i thi\u1ec7n nhi\u1ec1u v\u1ea5n \u0111\u1ec1 v\u1ec1 s\u1ee9c kh\u1ecfe nh\u01b0:<\/p>\n<p><strong><em>&#8211; Kh\u00f3 ti\u00eau<\/em><\/strong><\/p>\n<p>C\u00e1c ho\u1ea1t ch\u1ea5t trong b\u1ea1c h\u00e0 c\u00f3 kh\u1ea3 n\u0103ng xoa d\u1ecbu c\u01a1 b\u1ee5ng v\u00e0 l\u00e0m t\u0103ng t\u1ed1c \u0111\u1ed9 l\u01b0u th\u00f4ng c\u1ee7a d\u1ecbch m\u1eadt. \u0110i\u1ec1u n\u00e0y cho ph\u00e9p th\u1ee9c \u0103n \u0111\u01b0\u1ee3c ti\u00eau h\u00f3a nhanh h\u01a1n, c\u1ea3i thi\u1ec7n c\u00e1c tri\u1ec7u ch\u1ee9ng cho ng\u01b0\u1eddi b\u1ecb kh\u00f3 ti\u00eau.<\/p>\n<p><strong><em>&#8211; L\u00e0m d\u1ecbu k\u00edch \u1ee9ng, gi\u1ea3m n\u1ed5i m\u1ea9n \u0111\u1ecf ng\u1ee9a tr\u00ean da<\/em><\/strong><\/p>\n<p>T\u00ecnh d\u1ea7u chi\u1ebft xu\u1ea5t t\u1eeb b\u1ea1c h\u00e0 \u0111\u01b0\u1ee3c s\u1eed d\u1ee5ng r\u1ed9ng r\u00e3i \u0111\u1ec3 l\u00e0m d\u1ecbu k\u00edch \u1ee9ng v\u00e0 kh\u1eafc ph\u1ee5c t\u00ecnh tr\u1ea1ng n\u1ed5i m\u1ea9n \u0111\u1ecf ng\u1ee9a tr\u00ean da. Tuy nhi\u00ean b\u1ea1n c\u1ea7n pha lo\u00e3ng n\u00f3 v\u1edbi m\u1ed9t s\u1ed1 lo\u1ea1i tinh d\u1ea7u n\u1ec1n nh\u01b0 d\u1ea7u d\u1eeba hay d\u1ea7u \u00f4 liu tr\u01b0\u1edbc khi b\u00f4i l\u00ean da. C\u1ee9 29,57 ml d\u1ea7u n\u1ec1n \u0111em pha v\u1edbi 3-5 gi\u1ecdt tinh d\u1ea7u b\u1ea1c h\u00e0.<\/p>\n<p>Tr\u01b0\u1edbc khi \u00e1p d\u1ee5ng tr\u00ean di\u1ec7n r\u1ed9ng, h\u00e3y thoa m\u1ed9t \u00edt tinh d\u1ea7u ra c\u1ed5 tay \u0111\u1ec3 ch\u1eafc ch\u1eafn r\u1eb1ng b\u1ea1n kh\u00f4ng b\u1ecb d\u1ecb \u1ee9ng v\u1edbi tinh d\u1ea7u b\u1ea1c h\u00e0.<\/p>\n<p><strong><em>&#8211; Ch\u1eefa c\u1ea3m l\u1ea1nh, c\u1ea3m c\u00fam\u00a0<\/em><\/strong><\/p>\n<p>C\u00e2y b\u1ea1c h\u00e0 c\u00f3 t\u00e1c d\u1ee5ng l\u00e0m co c\u00e1c m\u00e0ng s\u01b0ng trong m\u0169i, qua \u0111\u00f3 c\u1ea3i thi\u1ec7n c\u00e1c tri\u1ec7u ch\u1ee9ng ngh\u1eb9t m\u0169i, kh\u00f3 th\u1edf do c\u1ea3m l\u1ea1nh, c\u1ea3m c\u00fam g\u00e2y ra.<\/p>\n<p>B\u00ean c\u1ea1nh \u0111\u00f3, methol \u2013 th\u00e0nh ph\u1ea7n h\u00f3a h\u1ecdc ch\u00ednh c\u1ee7a l\u00e1 b\u1ea1c h\u00e0 c\u00f2n gi\u00fap kh\u00e1ng khu\u1ea9n, l\u00e0m l\u1ecfng d\u1ecbch nh\u1ea7y trong ph\u1ed5i, gi\u1ea3m ho.<\/p>\n<p><img decoding=\"async\" class=\"wp-image-17130 aligncenter\" src=\"https:\/\/havamall.com\/wp-content\/uploads\/2025\/06\/BH4.jpg\" alt=\"\" width=\"568\" height=\"358\" \/><\/p>\n<p><em><strong>&#8211; Ph\u00f2ng ng\u1eeba lo\u00e9t d\u1ea1 d\u00e0y<\/strong><\/em><\/p>\n<p>Ti\u1ebfn h\u00e0nh th\u1eed nghi\u1ec7m tr\u00ean \u0111\u1ed9ng v\u1eadt, c\u00e1c nh\u00e0 khoa h\u1ecdc nh\u1eadn th\u1ea5y ho\u1ea1t ch\u1ea5t menthol \u0111\u01b0\u1ee3c chi\u1ebft xu\u1ea5t t\u1eeb l\u00e1 b\u1ea1c h\u00e0 c\u00f3 kh\u1ea3 n\u0103ng b\u1ea3o v\u1ec7 ni\u00eam m\u1ea1c d\u1ea1 d\u00e0y kh\u1ecfi t\u00e1c h\u1ea1i c\u1ee7a indomethacin v\u00e0 ethanol. Do v\u1eady nh\u1eefng ng\u01b0\u1eddi th\u01b0\u1eddng xuy\u00ean u\u1ed1ng bia r\u01b0\u1ee3u ho\u1eb7c \u0111ang \u0111\u01b0\u1ee3c \u0111i\u1ec1u tr\u1ecb b\u1eb1ng thu\u1ed1c gi\u1ea3m \u0111au \u0111\u01b0\u1ee3c khuy\u1ebfn kh\u00edch s\u1eed d\u1ee5ng b\u1ea1c h\u00e0 \u0111\u1ec3 ng\u0103n ng\u1eeba b\u1ec7nh vi\u00eam lo\u00e9t d\u1ea1 d\u00e0y.<\/p>\n<p><em><strong>&#8211; Gi\u1ea3m c\u0103ng th\u1eb3ng, \u0111au \u0111\u1ea7u<\/strong><\/em><\/p>\n<p>M\u1ed9t s\u1ed1 b\u1eb1ng ch\u1ee9ng cho th\u1ea5y d\u1ea7u b\u1ea1c h\u00e0 c\u00f3 t\u00e1c d\u1ee5ng gi\u1ea3m \u0111au t\u01b0\u01a1ng t\u1ef1 nh\u01b0 c\u00e1c thu\u1ed1c Tylenol ho\u1eb7c Paracetamol. N\u00f3 gi\u00fap l\u00e0m gi\u1ea3m tri\u1ec7u ch\u1ee9ng \u0111au \u0111\u1ea7u do stress khi \u0111\u01b0\u1ee3c thoa l\u00ean tr\u00e1n k\u1ebft h\u1ee3p v\u1edbi massage.<\/p>\n<p><em><b>&#8211; Gi\u1ea3m bu\u1ed3n n\u00f4n v\u00e0 n\u00f4n sau h\u00f3a tr\u1ecb ung th\u01b0<\/b><\/em><\/p>\n<p>Bu\u1ed3n n\u00f4n v\u00e0 \u00f3i m\u1eeda l\u00e0 m\u1ed9t trong nh\u1eefng t\u00e1c d\u1ee5ng ph\u1ee5 m\u00e0 h\u1ea7u h\u1ebft b\u1ec7nh nh\u00e2n \u0111\u01b0\u1ee3c h\u00f3a tr\u1ecb ph\u1ea3i \u0111\u1ed1i m\u1eb7t. M\u1ed9t nghi\u00ean c\u1ee9u cho th\u1ea5y vi\u1ec7c h\u00edt tinh d\u1ea7u b\u1ea1c h\u00e0 c\u00f3 th\u1ec3 gi\u00fap ng\u01b0\u1eddi b\u1ec7nh gi\u1ea3m b\u1edbt tri\u1ec7u ch\u1ee9ng kh\u00f3 ch\u1ecbu n\u00e0y.<\/p>\n<p><img loading=\"lazy\" decoding=\"async\" class=\"wp-image-17129 aligncenter\" src=\"https:\/\/havamall.com\/wp-content\/uploads\/2025\/06\/bac-ha-5.jpg\" alt=\"\" width=\"482\" height=\"323\" \/><\/p>\n<p><em><strong>&#8211; Ng\u0103n ng\u1eeba ung th\u01b0<\/strong><\/em><\/p>\n<p>B\u1ea1c h\u00e0 c\u00f3 ch\u1ee9a Vitamin C v\u00e0 ch\u1ea5t ch\u1ed1ng oxy h\u00f3a. Nh\u1edd v\u1eady th\u1ea3o d\u01b0\u1ee3c n\u00e0y gi\u00fap ch\u1ed1ng l\u1ea1i c\u00e1c g\u1ed1c t\u1ef1 do g\u00e2y ung th\u01b0. Ng\u01b0\u1eddi b\u1ec7nh c\u00f3 th\u1ec3 u\u1ed1ng tr\u00e0 b\u1ea1c h\u00e0 ho\u1eb7c b\u1ed5 sung v\u00e0o b\u1eefa \u0103n nh\u1eb1m ng\u0103n ng\u1eeba nguy c\u01a1 ung th\u01b0.<\/p>\n<p>&#8211; Ngo\u00e0i ra, l\u00e1 b\u1ea1c h\u00e0 c\u00f2n \u0111\u01b0\u1ee3c s\u1eed d\u1ee5ng trong vi\u1ec7c l\u00e0m \u0111\u1eb9p, gi\u1ea3m c\u00e2n, tr\u1ecb m\u1ee5n, gi\u00fap khe kh\u00edt l\u1ed7 ch\u00e2n l\u00f4ng, l\u00e0m m\u1edd s\u1eb9o.<\/p>","protected":false},"excerpt":{"rendered":"<ul>\n<li>L\u00e1 b\u1ea1c h\u00e0 s\u1ea5y kh\u00f4 t\u1ea1i HavaFood g\u1ed3m l\u00e1 v\u00e0 ng\u1ecdn non c\u1ee7a b\u1ea1c h\u00e0 \u0111\u01b0\u1ee3c s\u1ea5y l\u1ea1nh, g\u1ea7n nh\u01b0 gi\u1eef nguy\u00ean m\u00e0u xanh v\u1ed1n c\u00f3 v\u00e0 gi\u00e1 tr\u1ecb m\u00f9i th\u01a1m, c\u00f4ng d\u1ee5ng.<\/li>\n<li>L\u00e1 b\u1ea1c h\u00e0 l\u00e0 m\u1ed9t lo\u1ea1i th\u1ea3o m\u1ed9c (c\u00f9ng v\u1edbi rau m\u00f9i v\u00e0 h\u00fang qu\u1ebf) nh\u1eb9 nh\u00e0ng v\u00e0 \u0111\u01b0\u1ee3c s\u1eed d\u1ee5ng t\u1ed1t l\u00e0m nguy\u00ean li\u1ec7u ho\u1eb7c th\u00eam v\u00e0o cu\u1ed1i c\u00e1c m\u00f3n n\u1ea5u \u0103n \u0111\u1ec3 duy tr\u00ec h\u01b0\u01a1ng v\u1ecb c\u1ee7a B\u1ea1c h\u00e0. Th\u01b0\u1eddng \u0111\u01b0\u1ee3c s\u1eed d\u1ee5ng \u0111\u1ec3 l\u00e0m h\u01b0\u01a1ng v\u1ecb m\u00f3n \u0103n \u1edf Trung \u0110\u00f4ng, ch\u1eb3ng h\u1ea1n nh\u01b0 th\u1ecbt c\u1eebu, s\u00fap v\u00e0 rau x\u00e0 l\u00e1ch<\/li>\n<li>L\u00e1 b\u1ea1c h\u00e0 c\u00f3 v\u1ecb cay, t\u00ednh m\u00e1t, kh\u00f4ng \u0111\u1ed9c, ch\u1eefa tr\u1ecb c\u1ea3m m\u1ea1o, t\u00e1n phong nhi\u1ec7t, ch\u1eefa s\u1ed1t, nh\u1ee9c \u0111\u1ea7u, h\u1eaft h\u01a1i s\u1ed5 m\u0169i, ng\u1ea1t m\u0169i, kh\u00f4ng ra m\u1ed3 h\u00f4i, ch\u1eefa n\u00f4n m\u1eeda kh\u00f4ng ti\u00eau. C\u00f3 t\u00e1c d\u1ee5ng k\u00edch th\u00edch ti\u00eau h\u00f3a, ch\u1eefa k\u00e9m \u0103n, kh\u00f4ng ra m\u1ed3 h\u00f4i.<\/li>\n<\/ul>","protected":false},"featured_media":39507,"comment_status":"open","ping_status":"closed","template":"","meta":[],"product_brand":[],"product_cat":[595,36,134],"product_tag":[],"class_list":{"0":"post-17128","1":"product","2":"type-product","3":"status-publish","4":"has-post-thumbnail","6":"product_cat-gia-vi-va-che-bien","7":"product_cat-thuc-pham-tieu-dung","8":"product_cat-thucpham-saykho","9":"pa_brand-skx","11":"first","12":"instock","13":"sale","14":"shipping-taxable","15":"purchasable","16":"product-type-simple"},"_links":{"self":[{"href":"https:\/\/havamall.vn\/en\/wp-json\/wp\/v2\/product\/17128"}],"collection":[{"href":"https:\/\/havamall.vn\/en\/wp-json\/wp\/v2\/product"}],"about":[{"href":"https:\/\/havamall.vn\/en\/wp-json\/wp\/v2\/types\/product"}],"replies":[{"embeddable":true,"href":"https:\/\/havamall.vn\/en\/wp-json\/wp\/v2\/comments?post=17128"}],"version-history":[{"count":0,"href":"https:\/\/havamall.vn\/en\/wp-json\/wp\/v2\/product\/17128\/revisions"}],"wp:featuredmedia":[{"embeddable":true,"href":"https:\/\/havamall.vn\/en\/wp-json\/wp\/v2\/media\/39507"}],"wp:attachment":[{"href":"https:\/\/havamall.vn\/en\/wp-json\/wp\/v2\/media?parent=17128"}],"wp:term":[{"taxonomy":"product_brand","embeddable":true,"href":"https:\/\/havamall.vn\/en\/wp-json\/wp\/v2\/product_brand?post=17128"},{"taxonomy":"product_cat","embeddable":true,"href":"https:\/\/havamall.vn\/en\/wp-json\/wp\/v2\/product_cat?post=17128"},{"taxonomy":"product_tag","embeddable":true,"href":"https:\/\/havamall.vn\/en\/wp-json\/wp\/v2\/product_tag?post=17128"}],"curies":[{"name":"wp","href":"https:\/\/api.w.org\/{rel}","templated":true}]}}