{"id":17054,"date":"2020-10-27T17:37:45","date_gmt":"2020-10-27T10:37:45","guid":{"rendered":"https:\/\/havamall.vn\/?post_type=product&#038;p=17054"},"modified":"2025-03-20T11:46:12","modified_gmt":"2025-03-20T04:46:12","slug":"gung-hong-ngam-chua-ngot-gion-thom-chuan-vi-nhat-ban-goi-100g-pink-ginger","status":"publish","type":"product","link":"https:\/\/havamall.vn\/en\/shop\/gung-hong-ngam-chua-ngot-gion-thom-chuan-vi-nhat-ban-goi-100g-pink-ginger\/","title":{"rendered":"G\u1eebng H\u1ed3ng Ng\u00e2m Chua Ng\u1ecdt Gi\u00f2n Th\u01a1m Chu\u1ea9n V\u1ecb Nh\u1eadt B\u1ea3n G\u00f3i 110g &#8211; Pink Ginger"},"content":{"rendered":"<p>G\u1eebng h\u1ed3ng hay c\u00f2n g\u1ecdi l\u00e0 Gari, l\u00e0 m\u1ed9t trong nhi\u1ec1u lo\u1ea1i rau qu\u1ea3 mu\u1ed1i chua mang \u0111\u1eadm n\u00e9t v\u0103n h\u00f3a truy\u1ec1n th\u1ed1ng c\u1ee7a Nh\u1eadt B\u1ea3n \u0111\u01b0\u1ee3c l\u00e0m t\u1eeb 100% g\u1eebng nguy\u00ean ch\u1ea5t. Tr\u00ean b\u00e0n \u0103n c\u1ee7a m\u1ed7i gia \u0111\u00ecnh ng\u01b0\u1eddi Nh\u1eadt \u0111\u1ec1u c\u00f3 xu\u1ea5t hi\u1ec7n m\u1ed9t b\u00e1t nh\u1ecf g\u1eebng h\u1ed3ng Gari.<\/p>\n<p>S\u1ea3n ph\u1ea9m c\u00f3 m\u00e0u h\u1ed3ng, khi \u0103n c\u00f3 s\u1ef1 h\u00e0i h\u00f2a gi\u1eefa nh\u1eefng v\u1ecb chua, cay, ng\u1ecdt, n\u1ed3ng, n\u00f3 \u0111\u01b0\u1ee3c d\u00f9ng \u0111\u1ec3 \u0103n v\u1edbi sushi v\u00e0 m\u1ed9t s\u1ed1 lo\u1ea1i th\u1ef1c ph\u1ea9m t\u01b0\u01a1i s\u1ed1ng \u0111\u1ec3 l\u1ea5n \u00e1t \u0111i m\u00f9i tanh, t\u1ea1o n\u00ean m\u1ed9t h\u01b0\u01a1ng v\u1ecb h\u00e0i h\u00f2a cho m\u00f3n \u0103n \u0111\u1ed3ng th\u1eddi n\u00f3 c\u0169ng gi\u00fap ti\u00eau h\u00f3a v\u00e0 t\u0103ng c\u01b0\u1eddng s\u1ee9c kh\u1ecfe.<\/p>\n<p><img fetchpriority=\"high\" decoding=\"async\" class=\"size-full wp-image-17057 aligncenter\" src=\"https:\/\/havamall.vn\/wp-content\/uploads\/2025\/03\/GUNG-HONG-1.png\" alt=\"\" width=\"599\" height=\"400\" \/><\/p>\n<p>\u0110\u1ec3 l\u00e0m g\u1eebng h\u1ed3ng ngon, ng\u01b0\u1eddi Nh\u1eadt th\u01b0\u1eddng l\u1ef1a ch\u1ecdn nh\u1eefng c\u1ee7 g\u1eebng v\u1eabn c\u00f2n t\u01b0\u01a1i, ch\u01b0a gi\u00e0 v\u00e0 c\u0169ng kh\u00f4ng qu\u00e1 non, l\u00e0m s\u1ea1ch v\u00e0 ng\u00e2m v\u1edbi gi\u1ea5m nh\u1eadt c\u00f9ng v\u1edbi \u0111\u01b0\u1eddng. Do gari \u0111\u01b0\u1ee3c l\u00e0m t\u01b0 nh\u1eefng l\u00e1t g\u1eebng non n\u00ean g\u1eebng kh\u00f4ng b\u1ecb dai, kh\u00f4ng qu\u00e1 cay v\u00e0 c\u00f3 \u0111\u1ed9 m\u1ec1m.<\/p>\n<p><strong>TH\u00d4NG TIN S\u1ea2N PH\u1ea8M<\/strong><\/p>\n<ul>\n<li>Xu\u1ea5t x\u1ee9: Nh\u1eadt B\u1ea3n<\/li>\n<li>Th\u00e0nh ph\u1ea7n: G\u1eebng, \u0111\u01b0\u1eddng, mu\u1ed1i, gi\u1ea5m,&#8230;<\/li>\n<li>Quy c\u00e1ch \u0111\u00f3ng g\u00f3i: 100g<\/li>\n<li>H\u01b0\u1edbng d\u1eabn s\u1eed d\u1ee5ng: D\u00f9ng \u0111\u1ec3 \u0103n v\u1edbi shushi v\u00e0 m\u1ed9t s\u1ed1 lo\u1ea1i th\u1ef1c ph\u1ea9m t\u01b0\u01a1i s\u1ed1ng \u0111\u1ec3 l\u1ea5n \u00e1t \u0111i m\u00f9i tanh, t\u1ea1o n\u00ean m\u1ed9t h\u01b0\u01a1ng v\u1ecb h\u00e0i h\u00f2a cho m\u00f3n \u0103n<\/li>\n<li>B\u1ea3o qu\u1ea3n: B\u1ea3o qu\u1ea3n \u1edf n\u01a1i kh\u00f4 r\u00e1o, tho\u00e1ng m\u00e1t, sau khi m\u1edf n\u1eafp n\u00ean b\u1ea3o qu\u1ea3n trong ng\u0103n m\u00e1t t\u1ee7 l\u1ea1nh<\/li>\n<li>H\u1ea1n s\u1eed d\u1ee5ng: In tr\u00ean bao b\u00ec s\u1ea3n ph\u1ea9m<\/li>\n<\/ul>\n<p><img decoding=\"async\" class=\"size-full wp-image-17055 aligncenter\" src=\"https:\/\/havamall.vn\/wp-content\/uploads\/2025\/03\/GUNG-HONG-4.png\" alt=\"\" width=\"392\" height=\"512\" \/><\/p>\n<p><strong>\u0110\u1eb6C \u0110I\u1ec2M N\u1ed4I B\u1eacT C\u1ee6A S\u1ea2N PH\u1ea8M<\/strong><\/p>\n<p>&#8211; S\u1ea3n ph\u1ea9m \u0111\u01b0\u1ee3c nh\u1eadp kh\u1ea9u tr\u1ef1c ti\u1ebfp t\u1eeb Nh\u1eadt B\u1ea3n<\/p>\n<p>&#8211; S\u1ea3n xu\u1ea5t tr\u00ean d\u00e2y chuy\u1ec1n c\u00f4ng ngh\u1ec7 hi\u1ec7n \u0111\u1ea1i, \u0111\u01b0\u1ee3c ki\u1ec3m tra ch\u1ea5t l\u01b0\u1ee3ng nghi\u00eam ng\u1eb7t t\u1eeb giai \u0111o\u1ea1n ch\u1ecdn nguy\u00ean li\u1ec7u \u0111\u1ebfn \u0111\u00f3ng g\u00f3i, n\u00ean \u0111\u1ea3m b\u1ea3o an to\u00e0n cho ng\u01b0\u1eddi s\u1eed d\u1ee5ng.<\/p>\n<p>&#8211; S\u1ea3n ph\u1ea9m l\u00e0 g\u1eebng c\u1eaft l\u00e1t n\u00ean v\u1eabn gi\u1eef \u0111\u01b0\u1ee3c \u0111\u1ed9 gi\u00f2n, v\u00e0 h\u01b0\u01a1ng v\u1ecb cay, n\u1ed3ng v\u1ed1n c\u00f3 c\u1ee7a g\u1eebng<\/p>\n<p><strong>C\u00d4NG D\u1ee4NG C\u1ee6A G\u1eeaNG H\u1ed2NG<\/strong><\/p>\n<p>&#8211; Ch\u1ed1ng say t\u00e0u xem, ch\u1ed1ng n\u00f4n, ch\u1ed1ng \u00f3i m\u1eeda \u1edf b\u00e0 b\u1ea7u. G\u1eebng c\u00f3 t\u00ednh \u1ea5m n\u00f3ng, l\u00e0m gi\u1ea3m tri\u1ec7u ch\u1ee9ng \u1ee3 chua, \u1ee3 h\u01a1i, gi\u00fap tr\u00e1nh t\u00ecnh tr\u1ea1ng t\u1ee5t huy\u1ebft \u00e1p, ch\u00f3ng m\u1eb7t d\u1eabn \u0111\u1ebfn say t\u00e0u xe. V\u1edbi b\u00e0 b\u1ea7u, u\u1ed1ng m\u1ed9t ch\u00fat n\u01b0\u1edbc g\u1eebng \u1ea5m s\u1ebd gi\u00fap gi\u1ea3m t\u00ecnh tr\u1ea1ng n\u00f4n \u00f3i.<\/p>\n<p>&#8211; Gi\u1ea3m \u0111au, kh\u00e1ng vi\u00eam, kh\u1eed tr\u00f9ng, kh\u1eed \u0111\u1ed9c. Trong g\u1eebng c\u00f3 ch\u1ee9a ch\u1ea5t sinh t\u1ef1 nhi\u00ean gi\u00fap \u1ee9c ch\u1ebf t\u00ecnh tr\u1ea1ng ph\u00e1t tri\u1ec3n c\u1ee7a n\u1ea5m, vi khu\u1ea9n, tr\u1ecb h\u00f4i mi\u1ec7ng, ch\u1eefa vi\u00eam kh\u1edbp. Ng\u00e2m ch\u00e2n n\u01b0\u1edbc g\u1eebng \u1ea5m pha ch\u00fat mu\u1ed1i tr\u01b0\u1edbc khi \u0111i ng\u1ee7 s\u1ebd gi\u00fap b\u1ea1n c\u00f3 gi\u1ea5c ng\u1ee7 s\u00e2u h\u01a1n.<\/p>\n<p>&#8211; Ph\u00f2ng c\u1ea3m m\u1ea1o, tr\u1ecb say n\u1eafng, l\u00e0m gi\u1ea3m c\u1ea3m gi\u00e1c m\u1ec7t m\u1ecfi<\/p>\n<p><img decoding=\"async\" class=\"wp-image-17058 aligncenter\" src=\"https:\/\/havamall.vn\/wp-content\/uploads\/2025\/03\/GUNG-HONG.png\" alt=\"\" width=\"522\" height=\"334\" \/><\/p>\n<p>&#8211; Ch\u1ed1ng oxy h\u00f3a, \u1ee9c ch\u1ebf kh\u1ed1i u ph\u00e1t tri\u1ec3n: \u0103n g\u1eebng c\u00f3 t\u00e1c d\u1ee5ng ch\u1ed1ng l\u00e3o h\u00f3a, ch\u1ed1ng l\u1ea1i s\u1ef1 ph\u00e1t tri\u1ec3n c\u1ee7a s\u1eafc t\u1ed1 g\u00e2y s\u1ea1m da. Ng\u01b0\u1eddi gi\u00e0 \u0103n g\u1eebng s\u1ebd gi\u00fap cho da d\u1ebb h\u1ed3ng h\u1ea3o, kh\u1ecfe m\u1ea1nh<\/p>\n<p>&#8211; G\u1eebng k\u00edch th\u00edch s\u1ef1 th\u00e8m \u0103n<\/p>\n<p>&#8211; G\u1eebng c\u00f3 kh\u1ea3 n\u0103ng ch\u1eefa \u0111\u01b0\u1ee3c ti\u00eau ch\u1ea3y b\u1edfi chi\u1ebft xu\u1ea5t n\u01b0\u1edbc g\u1eebng c\u00f3 kh\u1ea3 n\u0103ng \u1ee9c ch\u1ebf s\u1ef1 ph\u00e1t tri\u1ec3n c\u1ee7a vi khu\u1ea9n E.coli- vi khu\u1ea9n g\u00e2y ti\u00eau ch\u1ea3y c\u1ea5p \u1edf ng\u01b0\u1eddi.<\/p>\n<p>&#8211; Gi\u1ea3m s\u1ef1 h\u00ecnh th\u00e0nh c\u1ee7a c\u00e1c t\u1ebf b\u00e0o ung th\u01b0, gi\u1ea3m thi\u1ec3u t\u00e1c h\u1ea1i c\u1ee7a c\u00e1c bi\u1ec7n ph\u00e1p h\u00f3a tr\u1ecb v\u1edbi b\u1ec7nh nh\u00e2n ung th\u01b0, gi\u00fap gi\u1ea3m \u0111au v\u00e0 \u0111i\u1ec1u tr\u1ecb c\u00e1c ch\u1ee9ng th\u1ea5p kh\u1edbp v\u00e0 vi\u00eam kh\u1edbp m\u00e3n t\u00ednh<\/p>\n<p>&#8211; \u0102n g\u1eebng ng\u00e2m d\u1ea5m hay m\u1ed9t th\u00eca con n\u01b0\u1edbc gi\u1ea5m c\u00f2n c\u00f3 t\u00e1c d\u1ee5ng l\u1ecdc v\u00e0 \u0111\u00e0o th\u1ea3i ch\u1ea5t c\u1eb7n b\u00e3 ra ngo\u00e0i c\u01a1 th\u1ec3<\/p>\n<p><img loading=\"lazy\" decoding=\"async\" class=\"size-full wp-image-17056 aligncenter\" src=\"https:\/\/havamall.vn\/wp-content\/uploads\/2025\/03\/GUNG-HONG-3.jpg\" alt=\"\" width=\"512\" height=\"299\" \/><\/p>\n<p>&#8211; Theo nghi\u00ean c\u1ee9u c\u1ee7a tr\u01b0\u1eddng \u0111\u1ea1i h\u1ecdc Y d\u01b0\u1ee3c Maryland, th\u00e0nh ph\u1ea7n trong g\u1eebng c\u00f2n gi\u00fap gi\u1ea3m t\u1eafc ngh\u1ebdn m\u1ea1ch m\u00e1u, ng\u0103n ng\u1eeba \u0111\u1ed9t qu\u1ef5<\/p>\n<p>&#8211; \u0102n g\u1eebng ng\u00e2m d\u1ea5m c\u00f2n c\u00f3 t\u00e1c d\u1ee5ng l\u1ecdc v\u00e0 \u0111\u00e0o th\u1ea3i ch\u1ea5t c\u1eb7n b\u00e3 ra ngo\u00e0i c\u01a1 th\u1ec3.<\/p>","protected":false},"excerpt":{"rendered":"<ul>\n<li>G\u1eebng h\u1ed3ng hay c\u00f2n g\u1ecdi l\u00e0 Gari, l\u00e0 m\u1ed9t trong nhi\u1ec1u lo\u1ea1i rau qu\u1ea3 mu\u1ed1i chua mang \u0111\u1eadm n\u00e9t v\u0103n h\u00f3a truy\u1ec1n th\u1ed1ng c\u1ee7a Nh\u1eadt B\u1ea3n \u0111\u01b0\u1ee3c l\u00e0m t\u1eeb 100% g\u1eebng nguy\u00ean ch\u1ea5t.<\/li>\n<li>S\u1ea3n ph\u1ea9m c\u00f3 m\u00e0u h\u1ed3ng, khi \u0103n c\u00f3 s\u1ef1 h\u00e0i h\u00f2a gi\u1eefa nh\u1eefng v\u1ecb chua, cay, ng\u1ecdt, n\u1ed3ng, n\u00f3 \u0111\u01b0\u1ee3c d\u00f9ng \u0111\u1ec3 \u0103n v\u1edbi sushi v\u00e0 m\u1ed9t s\u1ed1 lo\u1ea1i th\u1ef1c ph\u1ea9m t\u01b0\u01a1i s\u1ed1ng \u0111\u1ec3 l\u1ea5n \u00e1t \u0111i m\u00f9i tanh, t\u1ea1o n\u00ean m\u1ed9t h\u01b0\u01a1ng v\u1ecb h\u00e0i h\u00f2a cho m\u00f3n \u0103n \u0111\u1ed3ng th\u1eddi n\u00f3 c\u0169ng gi\u00fap ti\u00eau h\u00f3a v\u00e0 t\u0103ng c\u01b0\u1eddng s\u1ee9c kh\u1ecfe.<\/li>\n<li>\u0110\u1ec3 l\u00e0m g\u1eebng h\u1ed3ng ngon, ng\u01b0\u1eddi Nh\u1eadt th\u01b0\u1eddng l\u1ef1a ch\u1ecdn nh\u1eefng c\u1ee7a g\u1eebng v\u1eabn c\u00f2n t\u01b0\u01a1i, ch\u01b0a gi\u00e0 v\u00e0 c\u0169ng kh\u00f4ng qu\u00e1 non, l\u00e0m s\u1ea1ch v\u00e0 ng\u00e2m v\u1edbi gi\u1ea5m nh\u1eadt c\u00f9ng v\u1edbi \u0111\u01b0\u1eddng.<\/li>\n<\/ul>","protected":false},"featured_media":17453,"comment_status":"open","ping_status":"closed","template":"","meta":[],"product_brand":[],"product_cat":[675,36],"product_tag":[],"class_list":{"0":"post-17054","1":"product","2":"type-product","3":"status-publish","4":"has-post-thumbnail","6":"product_cat-nhap-khau-nhat-ban","7":"product_cat-thuc-pham-tieu-dung","9":"first","10":"instock","11":"sale","12":"shipping-taxable","13":"purchasable","14":"product-type-simple"},"_links":{"self":[{"href":"https:\/\/havamall.vn\/en\/wp-json\/wp\/v2\/product\/17054"}],"collection":[{"href":"https:\/\/havamall.vn\/en\/wp-json\/wp\/v2\/product"}],"about":[{"href":"https:\/\/havamall.vn\/en\/wp-json\/wp\/v2\/types\/product"}],"replies":[{"embeddable":true,"href":"https:\/\/havamall.vn\/en\/wp-json\/wp\/v2\/comments?post=17054"}],"version-history":[{"count":0,"href":"https:\/\/havamall.vn\/en\/wp-json\/wp\/v2\/product\/17054\/revisions"}],"wp:featuredmedia":[{"embeddable":true,"href":"https:\/\/havamall.vn\/en\/wp-json\/wp\/v2\/media\/17453"}],"wp:attachment":[{"href":"https:\/\/havamall.vn\/en\/wp-json\/wp\/v2\/media?parent=17054"}],"wp:term":[{"taxonomy":"product_brand","embeddable":true,"href":"https:\/\/havamall.vn\/en\/wp-json\/wp\/v2\/product_brand?post=17054"},{"taxonomy":"product_cat","embeddable":true,"href":"https:\/\/havamall.vn\/en\/wp-json\/wp\/v2\/product_cat?post=17054"},{"taxonomy":"product_tag","embeddable":true,"href":"https:\/\/havamall.vn\/en\/wp-json\/wp\/v2\/product_tag?post=17054"}],"curies":[{"name":"wp","href":"https:\/\/api.w.org\/{rel}","templated":true}]}}