{"id":17041,"date":"2020-10-27T16:07:18","date_gmt":"2020-10-27T09:07:18","guid":{"rendered":"https:\/\/havamall.vn\/?post_type=product&#038;p=17041"},"modified":"2021-09-24T16:47:27","modified_gmt":"2021-09-24T09:47:27","slug":"dau-me-thuong-hieu-hai-thien-250ml-sesame-oil","status":"publish","type":"product","link":"https:\/\/havamall.vn\/en\/shop\/dau-me-thuong-hieu-hai-thien-250ml-sesame-oil\/","title":{"rendered":"D\u1ea7u M\u00e8 Th\u01b0\u01a1ng Hi\u1ec7u H\u1ea3i Thi\u00ean 250ml &#8211; Sesame Oil"},"content":{"rendered":"<p><strong>TH\u00d4NG TIN S\u1ea2N PH\u1ea8M<\/strong><\/p>\n<ul>\n<li>Th\u01b0\u01a1ng hi\u1ec7u: Haday<\/li>\n<li>Xu\u1ea5t x\u1ee9: Trung Qu\u1ed1c<\/li>\n<li>Th\u00e0nh ph\u1ea7n: 100% D\u1ea7u m\u00e8<\/li>\n<li>Th\u1ec3 t\u00edch th\u1ef1c: 250ml<\/li>\n<li>H\u01b0\u1edbng d\u1eabn s\u1eed d\u1ee5ng: D\u00f9ng \u0111\u1ec3 tr\u1ed9n n\u1ed9m v\u00e0 c\u00e1c m\u00f3n tr\u1ed9n, ho\u1eb7c \u01b0\u1edbp c\u00e1c m\u00f3n x\u00e0o<\/li>\n<li>B\u1ea3o qu\u1ea3n: B\u1ea3o qu\u1ea3n \u1edf n\u01a1i kh\u00f4 r\u00e1o, tho\u00e1ng m\u00e1t, sau khi m\u1edf n\u1eafp n\u00ean b\u1ea3o qu\u1ea3n trong ng\u0103n m\u00e1t t\u1ee7 l\u1ea1nh<\/li>\n<li>H\u1ea1n s\u1eed d\u1ee5ng: In tr\u00ean bao b\u00ec s\u1ea3n ph\u1ea9m<\/li>\n<\/ul>\n<p>&nbsp;<\/p>\n<p><img fetchpriority=\"high\" decoding=\"async\" class=\"wp-image-17048 aligncenter\" src=\"https:\/\/havamall.vn\/wp-content\/uploads\/2020\/10\/m\u00e8.jpeg\" alt=\"\" width=\"623\" height=\"468\" srcset=\"https:\/\/havamall.vn\/wp-content\/uploads\/2020\/10\/m\u00e8.jpeg 750w, https:\/\/havamall.vn\/wp-content\/uploads\/2020\/10\/m\u00e8-430x323.jpeg 430w, https:\/\/havamall.vn\/wp-content\/uploads\/2020\/10\/m\u00e8-150x113.jpeg 150w, https:\/\/havamall.vn\/wp-content\/uploads\/2020\/10\/m\u00e8-700x525.jpeg 700w, https:\/\/havamall.vn\/wp-content\/uploads\/2020\/10\/m\u00e8-300x225.jpeg 300w, https:\/\/havamall.vn\/wp-content\/uploads\/2020\/10\/m\u00e8-600x450.jpeg 600w\" sizes=\"(max-width: 623px) 100vw, 623px\" \/><\/p>\n<p>&nbsp;<\/p>\n<p><strong>\u0110\u1eb6C \u0110I\u1ec2M S\u1ea2N PH\u1ea8M<\/strong><\/p>\n<p>&#8211; D\u1ea7u m\u00e8 th\u01a1m h\u1ea3o h\u1ea1ng H\u1ea3i Thi\u00ean \u0111\u01b0\u1ee3c l\u00e0m t\u1eeb 100% d\u1ea7u m\u00e8 nguy\u00ean ch\u1ea5t. Nguy\u00ean li\u1ec7u\u00a0\u0111\u01b0\u1ee3c l\u00e0m t\u1eeb nh\u1eefng h\u1ea1t m\u00e8 h\u1ea3o h\u1ea1ng \u0111\u01b0\u1ee3c l\u1ef1a ch\u1ecdn k\u1ef9 c\u00e0ng, rang xay b\u1eb1ng b\u00ed quy\u1ebft \u0111\u1eb7c bi\u1ec7t tr\u00ean d\u00e2y chuy\u1ec1n hi\u1ec7n \u0111\u1ea1i.<\/p>\n<p>&#8211; S\u1ea3n ph\u1ea9m kh\u00f4ng ch\u1ee9a ch\u1ea5t b\u1ea3o qu\u1ea3n \u0111\u1ed9c h\u1ea1i n\u00ean an to\u00e0n cho s\u1ee9c kh\u1ecfe ng\u01b0\u1eddi s\u1eed d\u1ee5ng.<\/p>\n<p>&#8211; V\u1edbi s\u1ea3n ph\u1ea9m d\u1ea7u m\u00e8 th\u01a1m h\u1ea3o h\u1ea1ng, b\u1ea1n c\u00f3 th\u1ec3 ch\u1ebf bi\u1ebfn nh\u1eefng m\u00f3n x\u00e0o, chi\u00ean h\u1ea5p d\u1eabn hay d\u00f9ng \u0111\u1ec3 tr\u1ed9n salad gi\u00fap b\u1eefa \u0103n th\u00eam ngon mi\u1ec7ng. D\u1ea7u m\u00e8 H\u1ea3i Thi\u00ean c\u00f3 m\u00e0u n\u00e2u \u0111\u1eadm v\u00e0 h\u01b0\u01a1ng th\u01a1m tinh khi\u1ebft gi\u00fap l\u00e0m t\u0103ng th\u00eam \u0111\u1ed9 h\u1ea5p d\u1eabn v\u00e0 h\u01b0\u01a1ng v\u1ecb c\u1ee7a m\u00f3n \u0103n. S\u1ea3n ph\u1ea9m c\u00f3 th\u1ec3 d\u00f9ng \u0111\u01b0\u1ee3c cho ng\u01b0\u1eddi \u0103n chay.<\/p>\n<p>&#8211; S\u1ea3n ph\u1ea9m l\u00e0 s\u1ef1 l\u1ef1a ch\u1ecdn ho\u00e0n h\u1ea3o cho b\u1eefa \u0103n ngon c\u1ee7a m\u1ecdi gia \u0111\u00ecnh.<\/p>\n<p><img decoding=\"async\" class=\"size-full wp-image-17045 aligncenter\" src=\"https:\/\/havamall.vn\/wp-content\/uploads\/2020\/10\/d\u1ea7u-m.jpg\" alt=\"\" width=\"600\" height=\"600\" srcset=\"https:\/\/havamall.vn\/wp-content\/uploads\/2020\/10\/d\u1ea7u-m.jpg 600w, https:\/\/havamall.vn\/wp-content\/uploads\/2020\/10\/d\u1ea7u-m-430x430.jpg 430w, https:\/\/havamall.vn\/wp-content\/uploads\/2020\/10\/d\u1ea7u-m-150x150.jpg 150w, https:\/\/havamall.vn\/wp-content\/uploads\/2020\/10\/d\u1ea7u-m-300x300.jpg 300w, https:\/\/havamall.vn\/wp-content\/uploads\/2020\/10\/d\u1ea7u-m-100x100.jpg 100w\" sizes=\"(max-width: 600px) 100vw, 600px\" \/><\/p>\n<p>&nbsp;<\/p>\n<p><strong>C\u00d4NG D\u1ee4NG C\u1ee6A D\u1ea6U M\u00c8<\/strong><\/p>\n<p><em><strong>1. Ch\u1ed1ng thi\u1ebfu m\u00e1u<\/strong><\/em><\/p>\n<p>D\u1ea7u m\u00e8 s\u1ebd cung c\u1ea5p m\u1ed9t ph\u1ea7n nhu c\u1ea7u ch\u1ea5t s\u1eaft trong ng\u00e0y c\u1ee7a c\u01a1 th\u1ec3. S\u1eaft l\u00e0 th\u00e0nh ph\u1ea7n quan tr\u1ecdng h\u00ecnh th\u00e0nh n\u00ean c\u00e1c t\u1ebf b\u00e0o h\u1ed3ng c\u1ea7u, gi\u00fap ng\u0103n ng\u1eeba thi\u1ebfu m\u00e1u, l\u00e0m gi\u1ea3m c\u00e1c tri\u1ec7u ch\u1ee9ng nh\u01b0 hoa m\u1eaft, ch\u00f3ng m\u1eb7t, m\u1ec7t m\u1ecfi cho b\u1ec7nh nh\u00e2n b\u1ecb thi\u1ebfu m\u00e1u.<\/p>\n<p><em><strong>2. Ph\u00f2ng ng\u1eeba v\u00e0 h\u1ed7 tr\u1ee3 \u0111i\u1ec1u tr\u1ecb b\u1ec7nh ti\u1ec3u \u0111\u01b0\u1eddng<\/strong><\/em><\/p>\n<p>M\u1ed9t nghi\u00ean c\u1ee9u khoa h\u1ecdc \u0111\u01b0\u1ee3c th\u1ef1c hi\u1ec7n v\u00e0o n\u0103m 2006 cho th\u1ea5y, b\u1ec7nh nh\u00e2n b\u1ecb ti\u1ec3u \u0111\u01b0\u1eddng \u0111\u01b0\u1ee3c s\u1eed d\u1ee5ng d\u1ea7u m\u00e8 trong ch\u1ebf \u0111\u1ed9 \u0103n h\u00e0ng ng\u00e0y c\u00f3 th\u1ec3 gi\u00fap \u1ed5n \u0111\u1ecbnh \u0111\u01b0\u1ee3c l\u01b0\u1ee3ng glucose trong huy\u1ebft t\u01b0\u01a1ng, \u0111\u1eb7c bi\u1ec7t l\u00e0 \u1edf nh\u1eefng b\u1ec7nh nh\u00e2n c\u00f3 bi\u1ec3u hi\u1ec7n t\u0103ng huy\u1ebft \u00e1p.<\/p>\n<p><em><strong>3. Ch\u0103m s\u00f3c s\u1ee9c kh\u1ecfe r\u0103ng mi\u1ec7ng, gi\u1eef cho h\u01a1i th\u1edf lu\u00f4n th\u01a1m tho<\/strong><\/em><\/p>\n<p>S\u00fac mi\u1ec7ng v\u1edbi d\u1ea7u m\u00e8 m\u1ed7i ng\u00e0y c\u00f3 th\u1ec3 gi\u00fap ng\u0103n ng\u1eeba c\u00e1c b\u1ec7nh l\u00fd v\u1ec1 nha khoa nh\u01b0 vi\u00eam n\u01b0\u1edbu, vi\u00eam l\u1ee3i, gi\u1ea3m s\u1ef1 h\u00ecnh th\u00e0nh c\u1ee7a m\u1ea3ng b\u00e1m, \u0111\u1ed3ng th\u1eddi gi\u1eef cho h\u01a1i th\u1edf c\u1ee7a b\u1ea1n lu\u00f4n th\u01a1m tho. S\u1edf d\u0129, d\u1ea7u m\u00e8 c\u00f3 \u0111\u01b0\u1ee3c t\u00e1c d\u1ee5ng n\u00e0y t\u1ea5t c\u1ea3 l\u00e0 nh\u1edd \u0111\u1eb7c t\u00ednh kh\u00e1ng vi\u00eam.<\/p>\n<p><em><strong>4. D\u1ea7u m\u00e8 gi\u00fap x\u01b0\u01a1ng ch\u1eafc kh\u1ecfe<\/strong><\/em><\/p>\n<p>B\u1eb1ng c\u00e1ch s\u1eed d\u1ee5ng d\u1ea7u m\u00e8 thay th\u1ebf cho c\u00e1c lo\u1ea1i d\u1ea7u \u0103n kh\u00e1c trong ch\u1ebf bi\u1ebfn m\u00f3n \u0103n, b\u1ea1n \u0111\u00e3 b\u1ed5 sung cho c\u01a1 th\u1ec3 m\u1ed9t l\u01b0\u1ee3ng l\u1edbn \u0111\u1ed3ng v\u00e0 canxi. \u0110\u00e2y l\u00e0 hai kho\u00e1ng ch\u1ea5t \u0111\u00f3ng vai tr\u00f2 c\u1ef1c k\u1ef3 quan tr\u1ecdng qu\u00e1 tr\u00ecnh sinh x\u01b0\u01a1ng, l\u00e0m t\u0103ng m\u1eadt \u0111\u1ed9 c\u1ee7a c\u00e1c t\u1ebf b\u00e0o x\u01b0\u01a1ng.<\/p>\n<p><em><strong>5. Ch\u1ed1ng t\u00e1o b\u00f3n<\/strong><\/em><\/p>\n<p>\u0110\u1ed1i v\u1edbi c\u00e1c tr\u01b0\u1eddng h\u1ee3p b\u1ecb t\u00e1o b\u00f3n, d\u1ea7u m\u00e8 ho\u1ea1t \u0111\u1ed9ng nh\u01b0 m\u1ed9t ch\u1ea5t b\u00f4i tr\u01a1n \u0111\u01b0\u1eddng ru\u1ed9t, gi\u00fap \u0111\u1ea9y nhanh t\u1ed1c \u0111\u1ed9 di chuy\u1ec3n c\u1ee7a th\u1ee9c \u0103n. Ngo\u00e0i ra, m\u1ed9t s\u1ed1 ch\u1ea5t kh\u00e1c \u0111\u01b0\u1ee3c t\u00ecm th\u1ea5y trong d\u1ea7u m\u00e8 nh\u01b0 phytin, choline hay mehtyonin c\u0169ng c\u00f3 t\u00e1c d\u1ee5ng nhu\u1eadn tr\u00e0ng, k\u00edch th\u00edch ti\u00eau h\u00f3a, t\u1ea1o \u0111i\u1ec1u ki\u1ec7n \u0111\u1ec3 ng\u01b0\u1eddi b\u1ec7nh c\u00f3 th\u1ec3 \u0111i c\u1ea7u \u0111\u1ec1u \u0111\u1eb7n m\u00e0 kh\u00f4ng b\u1ecb t\u00e1o b\u00f3n.<\/p>\n<p><img decoding=\"async\" class=\"wp-image-17047 aligncenter\" src=\"https:\/\/havamall.vn\/wp-content\/uploads\/2020\/10\/m\u00e8.jpg\" alt=\"\" width=\"584\" height=\"424\" srcset=\"https:\/\/havamall.vn\/wp-content\/uploads\/2020\/10\/m\u00e8.jpg 1000w, https:\/\/havamall.vn\/wp-content\/uploads\/2020\/10\/m\u00e8-430x312.jpg 430w, https:\/\/havamall.vn\/wp-content\/uploads\/2020\/10\/m\u00e8-150x109.jpg 150w, https:\/\/havamall.vn\/wp-content\/uploads\/2020\/10\/m\u00e8-700x508.jpg 700w, https:\/\/havamall.vn\/wp-content\/uploads\/2020\/10\/m\u00e8-300x218.jpg 300w, https:\/\/havamall.vn\/wp-content\/uploads\/2020\/10\/m\u00e8-768x558.jpg 768w, https:\/\/havamall.vn\/wp-content\/uploads\/2020\/10\/m\u00e8-600x436.jpg 600w\" sizes=\"(max-width: 584px) 100vw, 584px\" \/><\/p>\n<p><em><strong>6. C\u1ea3i thi\u1ec7n t\u00e2m tr\u1ea1ng, gi\u1ea3m stress<\/strong><\/em><\/p>\n<p>N\u1ebfu b\u1ea1n th\u01b0\u1eddng xuy\u00ean r\u01a1i v\u00e0o tr\u1ea1ng th\u00e1i c\u0103ng th\u1eb3ng, \u0111\u1eebng qu\u00ean th\u00eam d\u1ea7u m\u00e8 v\u00e0o trong ch\u1ebf \u0111\u1ed9 \u0103n. Trong d\u1ea7u m\u00e8 ch\u1ee9a nhi\u1ec1u Tyrosine \u2013 m\u1ed9t lo\u1ea1i axit amin c\u00f3 th\u1ec3 l\u00e0m t\u0103ng l\u01b0\u1ee3ng ch\u1ea5t d\u1eabn truy\u1ec1n th\u1ea7n kinh serotonin trong n\u00e3o. Nh\u1edd v\u1eady c\u00f3 th\u1ec3 gi\u00fap \u1ed5n \u0111\u1ecbnh t\u00e2m l\u00fd, gi\u1ea3m lo \u00e2u, c\u0103ng th\u1eb3ng, c\u1ea3i thi\u1ec7n t\u00e2m tr\u1ea1ng, mang l\u1ea1i cho b\u1ea1n c\u1ea3m gi\u00e1c nh\u1eb9 nh\u00f5m h\u01a1n.<\/p>\n<p><em><strong>7. C\u1ea3i thi\u1ec7n s\u1ee9c kh\u1ecfe tim m\u1ea1ch<\/strong><\/em><\/p>\n<p>Th\u00e0nh ph\u1ea7n axit b\u00e9o kh\u00f4ng b\u00e3o h\u00f2a omega 3, 6 \u0111\u01b0\u1ee3c t\u00ecm th\u1ea5y nhi\u1ec1u trong d\u1ea7u m\u00e8 kh\u00f4ng ch\u1ec9 gi\u00fap l\u00e0m t\u0103ng th\u00eam s\u1ef1 ngon mi\u1ec7ng cho b\u1eefa \u0103n m\u00e0 c\u00f2n mang l\u1ea1i nhi\u1ec1u l\u1ee3i \u00edch cho s\u1ee9c kh\u1ecfe tim m\u1ea1ch.<\/p>\n<p><em><strong>8. Ph\u00f2ng ng\u1eeba b\u1ec7nh ung th\u01b0<\/strong><\/em><\/p>\n<p>Nhi\u1ec1u nghi\u00ean c\u1ee9u \u0111\u00e3 ch\u1ec9 ra, d\u1ea7u m\u00e8 r\u1ea5t gi\u00e0u c\u00e1c ho\u1ea1t ch\u1ea5t sesamol lignan v\u00e0 sesamin. Nh\u1eefng ch\u1ea5t n\u00e0y khi \u0111\u01b0\u1ee3c c\u01a1 th\u1ec3 h\u1ea5p thu c\u00f3 kh\u1ea3 n\u0103ng t\u1ea1o ra apoptosis c\u00f3 kh\u1ea3 n\u0103ng \u1ee9c ch\u1ebf s\u1ef1 ph\u00e2n chia c\u1ee7a c\u00e1c t\u1ebf b\u00e0o ung th\u01b0. Ngo\u00e0i ra, ch\u1ea5t gingelly \u0111\u01b0\u1ee3c t\u00ecm th\u1ea5y trong d\u1ea7u m\u00e8 c\u00f2n gi\u00fap b\u1ea3o v\u1ec7 c\u00e1c t\u1ebf b\u00e0o kh\u1ecfi t\u00e1c h\u1ea1i c\u1ee7a c\u00e1c g\u1ed1c t\u1ef1 do g\u00e2y ung th\u01b0. Trong khi \u0111\u00f3, lo\u1ea1i d\u1ea7u n\u00e0y c\u0169ng cung c\u1ea5p nhi\u1ec1u magie gi\u00fap gi\u1ea3m thi\u1ec3u nguy c\u01a1 m\u1eafc b\u1ec7nh ung th\u01b0 \u0111\u1ea1i tr\u1ef1c tr\u00e0ng.<\/p>\n<p><em><strong>9. Th\u00fac \u0111\u1ea9y qu\u00e1 tr\u00ecnh trao \u0111\u1ed5i ch\u1ea5t, t\u0103ng tu\u1ea7n ho\u00e0n m\u00e1u<\/strong> <\/em><\/p>\n<p>Ch\u1ea5t \u0111\u1ed3ng trong d\u1ea7u m\u00e8 r\u1ea5t c\u1ea7n thi\u1ebft cho qu\u00e1 tr\u00ecnh s\u1ea3n xu\u1ea5t h\u1ed3ng c\u1ea7u. \u0110i\u1ec1u n\u00e0y \u0111\u1ea3m b\u1ea3o cho c\u00e1c m\u00f4 v\u00e0 c\u01a1 quan trong c\u01a1 th\u1ec3 \u0111\u01b0\u1ee3c b\u01a1m m\u00e1u \u0111\u1ea7y \u0111\u1ee7, th\u01b0\u1eddng xuy\u00ean. Khi m\u00e1u l\u01b0u th\u00f4ng t\u1ed1t, ho\u1ea1t \u0111\u1ed9ng trao \u0111\u1ed5i ch\u1ea5t trong c\u01a1 th\u1ec3 c\u0169ng di\u1ec5n ra nhanh ch\u00f3ng, thu\u1eadn l\u1ee3i h\u01a1n.<\/p>\n<p><em><strong>10. D\u1ea7u m\u00e8 gi\u1ea3m huy\u1ebft \u00e1p<\/strong><\/em><\/p>\n<p>S\u1edf h\u1eefu c\u00e1c ch\u1ea5t sesamin v\u00e0 sesaminol, d\u1ea7u m\u00e8 c\u00f3 kh\u1ea3 n\u0103ng \u1ed5n \u0111\u1ecbnh ch\u1ec9 s\u1ed1 huy\u1ebft \u00e1p \u1edf t\u00e2m tr\u01b0\u01a1ng v\u00e0 t\u00e2m thu. Ch\u00ednh v\u00ec v\u1eady, b\u1ec7nh nh\u00e2n b\u1ecb cao huy\u1ebft \u00e1p \u0111\u01b0\u1ee3c khuy\u00ean n\u00ean th\u01b0\u1eddng xuy\u00ean th\u00eam d\u1ea7u m\u00e8 v\u00e0o trong c\u00e1c m\u00f3n \u0103n thay v\u00ec s\u1eed d\u1ee5ng m\u1ee1 \u0111\u1ed9ng v\u1eadt c\u00f3 h\u1ea1i.<\/p>\n<p>Ngo\u00e0i ra d\u1ea7u m\u00e8 c\u00f2n c\u00f3 t\u00e1c d\u1ee5ng ng\u0103n ng\u1eeba hen suy\u1ec5n, gi\u1ea3m vi\u00ean kh\u1edbp, \u0111\u1eb7c bi\u1ec7t l\u00e0 c\u00f3 t\u00e1c d\u1ee5ng l\u00e0m \u0111\u1eb9p nh\u01b0 ch\u1ed1ng l\u00e3o h\u00f3a da, d\u01b0\u1ee1ng \u1ea9m, \u0111\u00e0o th\u1ea3i \u0111\u1ed9c t\u1ed1 cho da, ch\u1eefa n\u00e1m da, ng\u0103n ng\u1eeba v\u00e0 h\u1ed7 tr\u1ee3 \u0111i\u1ec1u tr\u1ecb m\u1ee5n tr\u1ee9ng c\u00e1,..<\/p>\n<p><img loading=\"lazy\" decoding=\"async\" class=\"wp-image-17049 aligncenter\" src=\"https:\/\/havamall.vn\/wp-content\/uploads\/2020\/10\/d\u1ea7u-m\u00e8-3.jpg\" alt=\"\" width=\"581\" height=\"388\" srcset=\"https:\/\/havamall.vn\/wp-content\/uploads\/2020\/10\/d\u1ea7u-m\u00e8-3.jpg 650w, https:\/\/havamall.vn\/wp-content\/uploads\/2020\/10\/d\u1ea7u-m\u00e8-3-430x287.jpg 430w, https:\/\/havamall.vn\/wp-content\/uploads\/2020\/10\/d\u1ea7u-m\u00e8-3-150x100.jpg 150w, https:\/\/havamall.vn\/wp-content\/uploads\/2020\/10\/d\u1ea7u-m\u00e8-3-300x200.jpg 300w, https:\/\/havamall.vn\/wp-content\/uploads\/2020\/10\/d\u1ea7u-m\u00e8-3-600x401.jpg 600w\" sizes=\"(max-width: 581px) 100vw, 581px\" \/><\/p>\n<p><strong>C\u00c1CH D\u00d9NG D\u1ea6U M\u00c8<\/strong><\/p>\n<p><em><strong>\u2013 S\u1eed d\u1ee5ng d\u1ea7u m\u00e8 chi\u00ean th\u1ee9c \u0103n:<\/strong><\/em><\/p>\n<p>Khi chi\u00ean th\u1ee9c \u0103n, b\u1ea1n c\u00f3 th\u1ec3 th\u00eam v\u00e0i th\u00eda d\u1ea7u m\u00e8 v\u00e0o c\u00f9ng v\u1edbi d\u1ea7u chi\u00ean. N\u00f3 s\u1ebd gi\u00fap cho c\u00e1c m\u00f3n chi\u00ean c\u00f3 m\u00f9i th\u01a1m v\u00e0 h\u01b0\u01a1ng v\u1ecb h\u1ea5p d\u1eabn h\u01a1n. \u0110\u1eb7c bi\u1ec7t, lo\u1ea1i d\u1ea7u n\u00e0y r\u1ea5t kh\u00f3 b\u1ecb oxy h\u00f3a n\u00ean l\u00e0m cho th\u1ee9c \u0103n gi\u1eef \u0111\u01b0\u1ee3c \u0111\u1ed9 gi\u00f2n l\u00e2u h\u01a1n. V\u1edbi m\u00f3n tr\u1ee9ng chi\u00ean, ch\u1ec9 c\u1ea7n th\u00eam v\u00e0i gi\u1ecdt d\u1ea7u m\u00e8 v\u00e0o \u0111\u00e1nh chung v\u1edbi tr\u1ee9ng s\u1ebd gi\u00fap m\u00f3n tr\u1ee9ng c\u1ee7a b\u1ea1n \u0111\u01b0\u1ee3c m\u1ec1m x\u1ed1p h\u01a1n.<\/p>\n<p><em><strong>\u2013 L\u00e0m b\u00e1nh<\/strong><\/em><\/p>\n<p>Khi l\u00e0m b\u00e1nh, c\u00e1c \u0111\u1ea7u b\u1ebfp th\u01b0\u1eddng th\u00eam m\u1ed9t ch\u00fat d\u1ea7u m\u00e8 v\u00e0o ngay t\u1eeb kh\u00e2u nh\u00e0o b\u1ed9t gi\u00fap m\u00f3n b\u00e1nh th\u00e0nh ph\u1ea9m c\u00f3 m\u00f9i th\u01a1m ngon h\u1ea5p d\u1eabn v\u00e0 h\u01b0\u01a1ng v\u1ecb \u0111\u1eadm \u0111\u00e0.<\/p>\n<p><em><strong>\u2013 D\u00f9ng d\u1ea7u m\u00e8 trong c\u00e1c m\u00f3n n\u01b0\u1edbng<\/strong><\/em><\/p>\n<p>Trong qu\u00e1 tr\u00ecnh n\u01b0\u1edbng, b\u1ea1n c\u00f3 th\u1ec3 ph\u1ebft m\u1ed9t ch\u00fat d\u1ea7u m\u00e8 l\u00ean b\u1ec1 m\u1eb7t c\u1ee7a \u0111\u1ed3 n\u01b0\u1edbng. N\u00f3 kh\u00f4ng ch\u1ec9 gi\u00fap ch\u1ed1ng kh\u00f4 th\u1ecbt c\u00e1, t\u1ea1o m\u00f9i th\u01a1m b\u00e9o v\u00e0 c\u00f2n gi\u00fap m\u00f3n n\u01b0\u1edbng c\u00f3 m\u00e0u s\u1eafc b\u1eaft m\u1eaft.<\/p>\n<p><em><strong>\u2013 S\u1eed d\u1ee5ng d\u1ea7u m\u00e8 trong c\u00e1c m\u00f3n lu\u1ed9c<\/strong><\/em><\/p>\n<p>Rau lu\u1ed9c s\u1ebd xanh v\u00e0 b\u1eaft m\u1eaft h\u01a1n n\u1ebfu b\u1ea1n th\u00eam v\u00e0o n\u01b0\u1edbc lu\u1ed9c 1\/2 th\u00eca d\u1ea7u m\u00e8.<\/p>\n<p><img loading=\"lazy\" decoding=\"async\" class=\"wp-image-17050 aligncenter\" src=\"https:\/\/havamall.vn\/wp-content\/uploads\/2020\/10\/unnamed-1.jpg\" alt=\"\" width=\"546\" height=\"349\" srcset=\"https:\/\/havamall.vn\/wp-content\/uploads\/2020\/10\/unnamed-1.jpg 512w, https:\/\/havamall.vn\/wp-content\/uploads\/2020\/10\/unnamed-1-430x275.jpg 430w, https:\/\/havamall.vn\/wp-content\/uploads\/2020\/10\/unnamed-1-150x96.jpg 150w, https:\/\/havamall.vn\/wp-content\/uploads\/2020\/10\/unnamed-1-300x192.jpg 300w\" sizes=\"(max-width: 546px) 100vw, 546px\" \/><\/p>\n<p><em><strong>\u2013 D\u00f9ng d\u1ea7u m\u00e8 \u01b0\u1edbp th\u1ef1c ph\u1ea9m<\/strong><\/em><\/p>\n<p>D\u1ea7u m\u00e8 c\u0169ng \u0111\u01b0\u1ee3c s\u1eed d\u1ee5ng \u0111\u1ec3 \u01b0\u1edbp th\u1ef1c ph\u1ea9m. B\u1ea1n c\u00f3 th\u1ec3 \u01b0\u1edbp d\u1ea7u v\u00e0o th\u1ecbt b\u1ecf \u0111\u1ec3 khi x\u00e0o th\u1ecbt m\u1ec1m h\u01a1n, kh\u00f4ng b\u1ecb dai. Khi \u01b0\u1edbp v\u1edbi rau c\u1ee7, n\u00f3 s\u1ebd gi\u00fap duy tr\u00ec \u0111\u01b0\u1ee3c \u0111\u1ed9 t\u01b0\u01a1i c\u0169ng nh\u01b0 m\u00e0u s\u1eafc t\u1ef1 nhi\u00ean c\u1ee7a th\u1ef1c ph\u1ea9m.<\/p>\n<p><em><strong>\u2013 C\u00e1ch d\u00f9ng d\u1ea7u m\u00e8 cho b\u00e9<\/strong><\/em><\/p>\n<p>Tr\u1ebb b\u01b0\u1edbc v\u00e0o \u0111\u1ed9 tu\u1ed5i \u0103n d\u1eb7m c\u00f3 th\u1ec3 b\u1eaft \u0111\u1ea7u t\u1eadp l\u00e0m quen v\u1edbi d\u1ea7u m\u00e8. M\u1eb9 ch\u1ec9 c\u1ea7n th\u00eam 1\/2 \u2013 1 th\u00eca c\u00e0 ph\u00ea d\u1ea7u v\u00e0o trong ch\u00e9n ch\u00e1o hay b\u1ed9t \u0103n d\u1eb7m c\u1ee7a b\u00e9.<\/p>","protected":false},"excerpt":{"rendered":"<ul>\n<li>D\u1ea7u m\u00e8 th\u01a1m h\u1ea3o h\u1ea1ng H\u1ea3i Thi\u00ean \u0111\u01b0\u1ee3c l\u00e0m t\u1eeb 100% d\u1ea7u m\u00e8 nguy\u00ean ch\u1ea5t. Nguy\u00ean li\u1ec7u\u00a0\u0111\u01b0\u1ee3c l\u00e0m t\u1eeb nh\u1eefng h\u1ea1t m\u00e8 h\u1ea3o h\u1ea1ng \u0111\u01b0\u1ee3c l\u1ef1a ch\u1ecdn k\u1ef9 c\u00e0ng, rang xay b\u1eb1ng b\u00ed quy\u1ebft \u0111\u1eb7c bi\u1ec7t tr\u00ean d\u00e2y chuy\u1ec1n hi\u1ec7n \u0111\u1ea1i.<\/li>\n<li>S\u1ea3n ph\u1ea9m kh\u00f4ng ch\u1ee9a ch\u1ea5t b\u1ea3o qu\u1ea3n \u0111\u1ed9c h\u1ea1i n\u00ean an to\u00e0n cho s\u1ee9c kh\u1ecfe ng\u01b0\u1eddi s\u1eed d\u1ee5ng.<\/li>\n<li>C\u00f3 th\u1ec3 s\u1eed d\u1ee5ng d\u1ea7u m\u00e8 \u0111\u1ec3 ch\u1ebf bi\u1ebfn nh\u1eefng m\u00f3n x\u00e0o, chi\u00ean h\u1ea5p d\u1eabn hay d\u00f9ng \u0111\u1ec3 tr\u1ed9n salad gi\u00fap b\u1eefa \u0103n th\u00eam ngon mi\u1ec7ng.<\/li>\n<li>S\u1ea3n ph\u1ea9m l\u00e0 s\u1ef1 l\u1ef1a ch\u1ecdn ho\u00e0n h\u1ea3o cho b\u1eefa \u0103n ngon c\u1ee7a m\u1ecdi gia \u0111\u00ecnh.<\/li>\n<\/ul>","protected":false},"featured_media":20680,"comment_status":"open","ping_status":"closed","template":"","meta":[],"product_brand":[],"product_cat":[36,134],"product_tag":[],"class_list":{"0":"post-17041","1":"product","2":"type-product","3":"status-publish","4":"has-post-thumbnail","6":"product_cat-thuc-pham-tieu-dung","7":"product_cat-thucpham-saykho","8":"pa_brand-hai-thien","10":"first","11":"instock","12":"sale","13":"shipping-taxable","14":"purchasable","15":"product-type-simple"},"_links":{"self":[{"href":"https:\/\/havamall.vn\/en\/wp-json\/wp\/v2\/product\/17041"}],"collection":[{"href":"https:\/\/havamall.vn\/en\/wp-json\/wp\/v2\/product"}],"about":[{"href":"https:\/\/havamall.vn\/en\/wp-json\/wp\/v2\/types\/product"}],"replies":[{"embeddable":true,"href":"https:\/\/havamall.vn\/en\/wp-json\/wp\/v2\/comments?post=17041"}],"version-history":[{"count":0,"href":"https:\/\/havamall.vn\/en\/wp-json\/wp\/v2\/product\/17041\/revisions"}],"wp:featuredmedia":[{"embeddable":true,"href":"https:\/\/havamall.vn\/en\/wp-json\/wp\/v2\/media\/20680"}],"wp:attachment":[{"href":"https:\/\/havamall.vn\/en\/wp-json\/wp\/v2\/media?parent=17041"}],"wp:term":[{"taxonomy":"product_brand","embeddable":true,"href":"https:\/\/havamall.vn\/en\/wp-json\/wp\/v2\/product_brand?post=17041"},{"taxonomy":"product_cat","embeddable":true,"href":"https:\/\/havamall.vn\/en\/wp-json\/wp\/v2\/product_cat?post=17041"},{"taxonomy":"product_tag","embeddable":true,"href":"https:\/\/havamall.vn\/en\/wp-json\/wp\/v2\/product_tag?post=17041"}],"curies":[{"name":"wp","href":"https:\/\/api.w.org\/{rel}","templated":true}]}}