{"id":17008,"date":"2020-10-23T09:39:15","date_gmt":"2020-10-23T02:39:15","guid":{"rendered":"https:\/\/havamall.vn\/?post_type=product&#038;p=17008"},"modified":"2021-10-19T10:16:24","modified_gmt":"2021-10-19T03:16:24","slug":"tinh-cot-atiso-70ml-atiso-essence","status":"publish","type":"product","link":"https:\/\/havamall.vn\/en\/shop\/tinh-cot-atiso-70ml-atiso-essence\/","title":{"rendered":"Tinh C\u1ed1t Atiso 70ml &#8211; Atiso Essence"},"content":{"rendered":"<h1><strong>NGU\u1ed2N G\u1ed0C C\u00c2Y ATISO<\/strong><\/h1>\n<p>C\u00e2y atis\u00f4 \u0111\u01b0\u1ee3c tr\u1ed3ng \u0111\u1ea7u ti\u00ean l\u00e0 \u1edf Naples v\u00e0o gi\u1eefa th\u1ebf k\u1ef7 15, sau \u0111\u00f3 sang th\u1ebf k\u1ef7 16 th\u00ec n\u00f3 \u0111\u01b0\u1ee3c mang t\u1edbi Ph\u00e1p gi\u1edbi thi\u1ec7u, \u0111\u1ed3ng th\u1eddi c\u0169ng trong th\u1eddi gian n\u00e0y th\u00ec ng\u01b0\u1eddi H\u00e0 Lan \u0111\u00e3 \u0111em c\u00e2y atis\u00f4 t\u1edbi Anh \u0111\u1ec3 tr\u1ed3ng. Ng\u00e0y nay th\u00ec c\u00e2y atis\u00f4 \u0111\u01b0\u1ee3c tr\u1ed3ng ch\u1ee7 y\u1ebfu \u1edf Ph\u00e1p, \u00dd, M\u1ef9 v\u00e0 T\u00e2y Ban Nha.<\/p>\n<p>V\u00e0o th\u1ebf k\u1ef7 th\u1ee9 20 th\u00ec c\u00e2y atis\u00f4 m\u1edbi \u0111\u01b0\u1ee3c ng\u01b0\u1eddi Ph\u00e1p du th\u1ef1c v\u00e0o Vi\u1ec7t Nam. C\u00e2y \u0111\u01b0\u1ee3c tr\u1ed3ng nhi\u1ec1u n\u01a1i t\u1ea1i Vi\u1ec7t Nam nh\u01b0ng ch\u1ee7 y\u1ebfu nh\u1ea5t v\u1eabn l\u00e0 \u1edf \u0110\u00e0 L\u1ea1t, ngo\u00e0i ra c\u00f2n t\u00ecm th\u1ea5y \u1edf m\u1ed9t s\u1ed1 n\u01a1i nh\u01b0 \u1edf Tam \u0110\u1ea3o ho\u1eb7c Sapa. Tuy nhi\u00ean th\u00ec c\u00e2y atis\u00f4 \u0111\u01b0\u1ee3c tr\u1ed3ng t\u1ea1i \u0110\u00e0 L\u1ea1t v\u1eabn \u0111\u01b0\u1ee3c \u0111\u00e1nh gi\u00e1 cao nh\u1ea5t b\u1edfi kh\u00ed h\u1eadu \u0110\u00e0 L\u1ea1t l\u00e0 kh\u00ed h\u1eadu \u00f4n \u0111\u1edbi n\u00ean c\u1ef1 k\u1ef3 thu\u1eadn l\u1ee3i cho s\u1ef1 ph\u00e1t tri\u1ec3n c\u1ee7a c\u00e2y, gi\u00fap c\u00e2y atis\u00f4 t\u1ed5ng h\u1ee3p \u0111\u01b0\u1ee3c nhi\u1ec1u d\u01b0\u1ee3c t\u00ednh h\u01a1n.<\/p>\n<p><img fetchpriority=\"high\" decoding=\"async\" class=\"wp-image-17020 aligncenter\" src=\"https:\/\/havamall.vn\/wp-content\/uploads\/2020\/10\/50254471402_d861aff64f_c-1.jpg\" alt=\"\" width=\"534\" height=\"400\" srcset=\"https:\/\/havamall.vn\/wp-content\/uploads\/2020\/10\/50254471402_d861aff64f_c-1.jpg 768w, https:\/\/havamall.vn\/wp-content\/uploads\/2020\/10\/50254471402_d861aff64f_c-1-430x323.jpg 430w, https:\/\/havamall.vn\/wp-content\/uploads\/2020\/10\/50254471402_d861aff64f_c-1-150x113.jpg 150w, https:\/\/havamall.vn\/wp-content\/uploads\/2020\/10\/50254471402_d861aff64f_c-1-700x525.jpg 700w, https:\/\/havamall.vn\/wp-content\/uploads\/2020\/10\/50254471402_d861aff64f_c-1-300x225.jpg 300w, https:\/\/havamall.vn\/wp-content\/uploads\/2020\/10\/50254471402_d861aff64f_c-1-600x450.jpg 600w\" sizes=\"(max-width: 534px) 100vw, 534px\" \/><\/p>\n<h1><strong>\u0110\u1eb6C \u0110I\u1ec2M TINH C\u1ed0T ATISO<\/strong><\/h1>\n<p>Atiso l\u00e0 lo\u1ea1i th\u1ea3o d\u01b0\u1ee3c c\u00f3 ngu\u1ed3n g\u1ed1c t\u1eeb \u0110\u1ecba Trung H\u1ea3i th\u01b0\u1eddng \u0111\u01b0\u1ee3c d\u00f9ng \u0111\u1ec3 ng\u0103n ng\u1eeba c\u00e1c b\u1ec7nh v\u1ec1 tim m\u1ea1ch, l\u00e0m gi\u1ea3m cholesterol trong m\u00e1u v\u00e0 cung c\u1ea5p vitamin cho c\u01a1 th\u1ec3.<\/p>\n<p>Tinh c\u1ed1t atiso \u0111\u01b0\u1ee3c chi\u1ebft xu\u1ea5t t\u1eeb l\u00e1 c\u1ee7a nh\u1eefng c\u00e2y atiso h\u1eefu c\u01a1, \u0111em ph\u01a1i kh\u00f4 v\u00e0 r\u1eeda th\u1eadt s\u1ea1ch, sau \u0111\u00f3 ch\u01b0ng c\u1ea5t, cho ra m\u1ebb tinh c\u1ed1t 100% nguy\u00ean ch\u1ea5t, kh\u00f4ng ch\u1ea5t b\u1ea3o qu\u1ea3n, kh\u00f4ng h\u01b0\u01a1ng li\u1ec7u t\u1ed5ng h\u1ee3p, kh\u00f4ng ph\u1ee5 gia, v\u00ec th\u1ebf m\u00e0 d\u01b0\u1ee3c t\u00ednh c\u0169ng nh\u01b0 hi\u1ec7u qu\u1ea3 r\u1ea5t cao.<\/p>\n<p><img decoding=\"async\" class=\"wp-image-17021 aligncenter\" src=\"https:\/\/havamall.vn\/wp-content\/uploads\/2020\/10\/tinh-c\u1ed1t-2.jpg\" alt=\"\" width=\"510\" height=\"680\" srcset=\"https:\/\/havamall.vn\/wp-content\/uploads\/2020\/10\/tinh-c\u1ed1t-2.jpg 720w, https:\/\/havamall.vn\/wp-content\/uploads\/2020\/10\/tinh-c\u1ed1t-2-430x573.jpg 430w, https:\/\/havamall.vn\/wp-content\/uploads\/2020\/10\/tinh-c\u1ed1t-2-150x200.jpg 150w, https:\/\/havamall.vn\/wp-content\/uploads\/2020\/10\/tinh-c\u1ed1t-2-700x933.jpg 700w, https:\/\/havamall.vn\/wp-content\/uploads\/2020\/10\/tinh-c\u1ed1t-2-225x300.jpg 225w, https:\/\/havamall.vn\/wp-content\/uploads\/2020\/10\/tinh-c\u1ed1t-2-600x800.jpg 600w\" sizes=\"(max-width: 510px) 100vw, 510px\" \/><\/p>\n<h1>C\u00d4NG D\u1ee4NG C\u1ee6A TINH C\u1ed0T ATISO<\/h1>\n<p><em><strong>&#8211; H\u1ed7 tr\u1ee3 \u0111i\u1ec1u tr\u1ecb m\u1ee5n, da hay b\u1ecb kh\u00f4<\/strong><\/em><\/p>\n<p>Trong atiso c\u00f3 ch\u1ed1ng ch\u1ed1ng oxy h\u00f3a da cynarin v\u00e0 silymarin r\u1ea5t c\u00f3 \u00edch cho gan, gi\u00fap l\u00e0m m\u00e1t v\u00e0 gi\u1ea3n \u0111\u1ed9c gan, c\u00e2n b\u1eb1ng n\u1ed9i ti\u1ebft t\u1ed1 \u0111em \u0111\u1ebfn cho b\u1ea1n m\u1ed9t l\u00e0n da s\u00e1ng tr\u1eafng h\u1ed3ng.<\/p>\n<p><em><strong>&#8211; Gi\u1ea3i \u0111\u1ed9c gan v\u00e0 h\u1ed3i ph\u1ee5c ch\u1ee9c n\u0103ng gan<\/strong><\/em><\/p>\n<p>Atiso h\u1ed7 tr\u1ee3 t\u0103ng c\u01b0\u1eddng ch\u1ee9c n\u0103ng gan, b\u1edfi trong tinh c\u1ed1t Atiso ch\u1ee9a h\u00e0m l\u01b0\u1ee3ng cynarine c\u00f3 kh\u1ea3 n\u0103ng b\u1ea3o v\u1ec7 gan, gi\u1ea3i \u0111\u1ed9c gan, thanh nhi\u1ec7t v\u00e0 \u0111\u1eb7c bi\u1ec7t h\u1ed3i ph\u1ee5 ch\u1ee9c n\u0103ng gan r\u1ea5t t\u1ed1t cho ng\u01b0\u1eddi b\u1ec7nh gan<\/p>\n<p><em><strong>&#8211; Gi\u00fap thanh nhi\u1ec7t c\u01a1 th\u1ec3, kh\u00f4ng b\u1ecb n\u00f3ng trong ng\u01b0\u1eddi<\/strong><\/em><\/p>\n<p>Ho\u1ea1t ch\u1ea5t qu\u00fd cynarine trong tinh c\u1ed1t Atiso gi\u00fap thanh nhi\u1ec7t c\u01a1 th\u1ec3 r\u1ea5t t\u1ed1t. S\u1eed d\u1ee5ng \u0111\u1ec1u \u0111\u1eb7n t\u1eeb 5 \u2013 7 ng\u00e0y b\u1ea1n s\u1ebd c\u1ea3m nh\u1eadn \u0111\u01b0\u1ee3c hi\u1ec7u qu\u1ea3 cao atiso mang l\u1ea1i.<\/p>\n<p><em><strong>&#8211; \u0110i\u1ec1u tr\u1ecb ch\u1ee9ng m\u1ea5t ng\u1ee7, \u0111\u1eb7c bi\u1ec7t \u1edf ng\u01b0\u1eddi l\u1edbn tu\u1ed5i<\/strong> <\/em><\/p>\n<p>Kh\u00f4ng ch\u1ec9 gi\u00fap l\u00e0m m\u00e1t gan, gi\u1ea3i nhi\u1ec7t c\u01a1 th\u1ec3 m\u00e0 Atiso c\u00f2n gi\u00fap h\u1ed7 tr\u1ee3 \u0111i\u1ec1u tr\u1ecb ch\u1ee9ng vi\u00eam lo\u00e9t d\u1ea1 d\u00e0y \u2013 t\u00e1 tr\u00e0ng, k\u00edch th\u00edch gan ti\u1ebft m\u1eadt,\u2026 \u0111\u1eb7c bi\u1ec7t khi s\u1eed d\u1ee5ng cao atiso pha v\u1edbi n\u01b0\u1edbc \u1ea5m u\u1ed1ng m\u1ed7i ng\u00e0y s\u1ebd gi\u00fap ng\u1ee7 ngon h\u01a1n v\u00e0 kh\u00f4ng b\u1ecb tr\u1eb1n tr\u1ecdc, th\u1ee9c gi\u1ea5c gi\u1eefa \u0111\u00eam hay m\u1ec7t m\u1ecfi khi th\u1ee9c d\u1eady<\/p>\n<p><img decoding=\"async\" class=\"wp-image-17022 aligncenter\" src=\"https:\/\/havamall.vn\/wp-content\/uploads\/2020\/10\/tinh-c\u1ed1t-1-1024x768.jpg\" alt=\"\" width=\"584\" height=\"438\" srcset=\"https:\/\/havamall.vn\/wp-content\/uploads\/2020\/10\/tinh-c\u1ed1t-1-1024x768.jpg 1024w, https:\/\/havamall.vn\/wp-content\/uploads\/2020\/10\/tinh-c\u1ed1t-1-430x323.jpg 430w, https:\/\/havamall.vn\/wp-content\/uploads\/2020\/10\/tinh-c\u1ed1t-1-150x113.jpg 150w, https:\/\/havamall.vn\/wp-content\/uploads\/2020\/10\/tinh-c\u1ed1t-1-700x525.jpg 700w, https:\/\/havamall.vn\/wp-content\/uploads\/2020\/10\/tinh-c\u1ed1t-1-300x225.jpg 300w, https:\/\/havamall.vn\/wp-content\/uploads\/2020\/10\/tinh-c\u1ed1t-1-768x576.jpg 768w, https:\/\/havamall.vn\/wp-content\/uploads\/2020\/10\/tinh-c\u1ed1t-1-1200x900.jpg 1200w, https:\/\/havamall.vn\/wp-content\/uploads\/2020\/10\/tinh-c\u1ed1t-1-600x450.jpg 600w, https:\/\/havamall.vn\/wp-content\/uploads\/2020\/10\/tinh-c\u1ed1t-1.jpg 1440w\" sizes=\"(max-width: 584px) 100vw, 584px\" \/><\/p>\n<p><em><strong>&#8211; Gi\u00fap gi\u1ea3m cholerterol trong m\u00e1u cho ng\u01b0\u1eddi b\u00e9o ph\u00ec<\/strong> <\/em><\/p>\n<p>Ho\u1ea1t ch\u1ea5t cynarine trong tinh c\u1ed1t Atiso c\u00f3 v\u1ecb \u0111\u1eafng s\u1ebd gi\u00fap lo\u1ea1i b\u1ecf l\u01b0\u1ee3ng m\u1ee1 d\u01b0 th\u1eeba trong c\u01a1 th\u1ec3 b\u1eb1ng c\u00e1ch ki\u1ec1m ch\u1ebf HMG \u2013 CoA reductase, k\u00edch th\u00edch gan ti\u1ebft m\u1eadt gi\u00fap gi\u1ea3m cholesterol. H\u00ecnh th\u00e0nh c\u00e1c cholesterol t\u1ed1t b\u1ea3o v\u1ec7 v\u00e0 ng\u0103n ng\u1eeba c\u00e1c c\u01a1n \u0111au tim v\u00e0 lo\u1ea1i b\u1ecf c\u00e1c m\u1ea3ng b\u00e1m do cholesterol x\u1ea5u tr\u00ean m\u1ea1ch m\u00e1u g\u00e2y \u0111\u1ed9t qu\u1ef5 v\u00e0 \u0111au tim<\/p>\n<p><em><strong>&#8211; H\u1ed7 tr\u1ee3 \u0111i\u1ec1u tr\u1ecb cao huy\u1ebft \u00e1p<\/strong><\/em><\/p>\n<p>Tinh c\u1ed1t Atiso gi\u00e0u kali, \u0111\u00e2y l\u00e0 m\u1ed9t ch\u1ea5t dinh d\u01b0\u1ee1ng quan tr\u1ecdng ch\u1ed1ng l\u1ea1i ch\u1ee9ng t\u0103ng huy\u1ebft \u00e1p. B\u00ean c\u1ea1nh \u0111\u00f3, atiso c\u00f2n c\u00f3 axit folic r\u1ea5t t\u1ed1t cho tim m\u1ea1ch.<\/p>\n<p><em><strong>&#8211; T\u1ed1t cho h\u1ec7 ti\u00eau h\u00f3a<\/strong><\/em><\/p>\n<p>Tinh c\u1ed1t atiso c\u00f3 nhi\u1ec1u ch\u1ea5t x\u01a1 gi\u00fap ti\u00eau h\u00f3a t\u1ed1t, t\u1ed1t cho h\u1ec7 b\u00e0i ti\u1ebft v\u00e0 ch\u1ed1ng t\u00e1o b\u00f3n hi\u1ec7u qu\u1ea3.<\/p>\n<p><em><strong>&#8211; Gi\u00fap gi\u1ea3m l\u01b0\u1ee3ng \u0111\u01b0\u1eddng trong m\u00e1u<\/strong> <\/em><\/p>\n<p>Gan ti\u1ebft ra ch\u1ea5t m\u1eadt \u0111\u1ec3 ti\u00eau h\u00f3a th\u1ee9c \u0103n trong c\u01a1 th\u1ec3 v\u00e0 l\u01b0u gi\u1eef l\u01b0\u1ee3ng \u0111\u01b0\u1eddng d\u01b0 th\u1eeba d\u01b0\u1edbi d\u1ea1ng glycogen sau \u0111\u00f3 bi\u1ebfn \u0111\u1ed5i th\u00e0nh glucose cung c\u1ea5p cho m\u00e1u. M\u1ed9t s\u1ed1 nghi\u00ean c\u1ee9u th\u1ef1c nghi\u1ec7m tr\u00ean \u0111\u1ed9ng v\u1eadt cho th\u1ea5y, trong Atiso c\u00f3 ch\u1ee9a ho\u1ea1t ch\u1ea5t gi\u00fap ng\u0103n ch\u1eb7n qu\u00e1 tr\u00ecnh t\u00e1i t\u1ea1o qu\u00e1 nhi\u1ec1u l\u01b0\u1ee3ng glucose trong m\u00e1u.<\/p>\n<div class=\"o9v6fnle cxmmr5t8 oygrvhab hcukyx3x c1et5uql ii04i59q\">\n<div dir=\"auto\">\n<p><strong>C\u00c1CH S\u1eec D\u1ee4NG TINH C\u1ed0T ATISO HI\u1ec6U QU\u1ea2<\/strong><\/p>\n<p><img loading=\"lazy\" decoding=\"async\" class=\"size-full wp-image-17023 aligncenter\" src=\"https:\/\/havamall.vn\/wp-content\/uploads\/2020\/10\/unnamed.jpg\" alt=\"\" width=\"512\" height=\"294\" srcset=\"https:\/\/havamall.vn\/wp-content\/uploads\/2020\/10\/unnamed.jpg 512w, https:\/\/havamall.vn\/wp-content\/uploads\/2020\/10\/unnamed-430x247.jpg 430w, https:\/\/havamall.vn\/wp-content\/uploads\/2020\/10\/unnamed-150x86.jpg 150w, https:\/\/havamall.vn\/wp-content\/uploads\/2020\/10\/unnamed-300x172.jpg 300w\" sizes=\"(max-width: 512px) 100vw, 512px\" \/><\/p>\n<p>\u0110\u1ec3 s\u1eed d\u1ee5ng cao atiso hi\u1ec7u qu\u1ea3, ch\u00fang ta c\u00f3 th\u1ec3 pha th\u00e0nh 2 c\u00e1ch sau:<\/p>\n<p>&#8211; D\u00f9ng cho 1 l\u1ea7n u\u1ed1ng<\/p>\n<p>R\u1ea5t \u0111\u01a1n gi\u1ea3n, b\u1ea1n ch\u1ec9 c\u1ea7n cho \u00bc mu\u1ed7ng caf\u00e9 cao atiso pha chung v\u1edbi kho\u1ea3ng 200ml n\u01b0\u1edbc \u1ea5m, khu\u1ea5y \u0111\u1ec1u cho tinh c\u1ed1t h\u00f2a v\u1edbi n\u01b0\u1edbc l\u00e0 c\u00f3 th\u1ec3 u\u1ed1ng.<\/p>\n<p>&#8211; Pha cao atiso u\u1ed1ng c\u1ea3 ng\u00e0y<\/p>\n<p>Cho 1 mu\u1ed7ng tinh c\u1ed1t atiso v\u00e0o 1 l\u00edt n\u01b0\u1edbc \u1ea5m kho\u1ea3ng 70 \u0111\u1ed9 C, khu\u1ea5y \u0111\u1ec1u cho cao h\u00f2a v\u1edbi n\u01b0\u1edbc sau \u0111\u00f3 cho v\u00e0o ng\u0103n m\u00e1t t\u1ee7 l\u1ea1nh \u0111\u1ec3 u\u1ed1ng c\u1ea3 ng\u00e0y.<\/p>\n<\/div>\n<\/div>","protected":false},"excerpt":{"rendered":"<ul>\n<li>Atiso l\u00e0 lo\u1ea1i th\u1ea3o d\u01b0\u1ee3c c\u00f3 ngu\u1ed3n g\u1ed1c t\u1eeb \u0110\u1ecba Trung H\u1ea3i th\u01b0\u1eddng \u0111\u01b0\u1ee3c d\u00f9ng \u0111\u1ec3 ng\u0103n ng\u1eeba c\u00e1c b\u1ec7nh v\u1ec1 tim m\u1ea1ch, l\u00e0m gi\u1ea3m cholesterol trong m\u00e1u v\u00e0 cung c\u1ea5p vitamin cho c\u01a1 th\u1ec3.<\/li>\n<li>Tinh c\u1ed1t atiso \u0111\u01b0\u1ee3c chi\u1ebft xu\u1ea5t t\u1eeb l\u00e1 c\u1ee7a nh\u1eefng c\u00e2y atiso h\u1eefu c\u01a1, \u0111em ph\u01a1i kh\u00f4 v\u00e0 r\u1eeda th\u1eadt s\u1ea1ch, sau \u0111\u00f3 ch\u01b0ng c\u1ea5t, cho ra m\u1ebb tinh c\u1ed1t 100% nguy\u00ean ch\u1ea5t, kh\u00f4ng ch\u1ea5t b\u1ea3o qu\u1ea3n, kh\u00f4ng h\u01b0\u01a1ng li\u1ec7u t\u1ed5ng h\u1ee3p, kh\u00f4ng ph\u1ee5 gia, v\u00ec th\u1ebf m\u00e0 d\u01b0\u1ee3c t\u00ednh c\u0169ng nh\u01b0 hi\u1ec7u qu\u1ea3 r\u1ea5t cao.<\/li>\n<\/ul>","protected":false},"featured_media":17025,"comment_status":"open","ping_status":"closed","template":"","meta":[],"product_brand":[],"product_cat":[143],"product_tag":[],"class_list":{"0":"post-17008","1":"product","2":"type-product","3":"status-publish","4":"has-post-thumbnail","6":"product_cat-thuc-pham-dong-hop","8":"first","9":"outofstock","10":"sale","11":"shipping-taxable","12":"purchasable","13":"product-type-simple"},"_links":{"self":[{"href":"https:\/\/havamall.vn\/en\/wp-json\/wp\/v2\/product\/17008"}],"collection":[{"href":"https:\/\/havamall.vn\/en\/wp-json\/wp\/v2\/product"}],"about":[{"href":"https:\/\/havamall.vn\/en\/wp-json\/wp\/v2\/types\/product"}],"replies":[{"embeddable":true,"href":"https:\/\/havamall.vn\/en\/wp-json\/wp\/v2\/comments?post=17008"}],"version-history":[{"count":0,"href":"https:\/\/havamall.vn\/en\/wp-json\/wp\/v2\/product\/17008\/revisions"}],"wp:featuredmedia":[{"embeddable":true,"href":"https:\/\/havamall.vn\/en\/wp-json\/wp\/v2\/media\/17025"}],"wp:attachment":[{"href":"https:\/\/havamall.vn\/en\/wp-json\/wp\/v2\/media?parent=17008"}],"wp:term":[{"taxonomy":"product_brand","embeddable":true,"href":"https:\/\/havamall.vn\/en\/wp-json\/wp\/v2\/product_brand?post=17008"},{"taxonomy":"product_cat","embeddable":true,"href":"https:\/\/havamall.vn\/en\/wp-json\/wp\/v2\/product_cat?post=17008"},{"taxonomy":"product_tag","embeddable":true,"href":"https:\/\/havamall.vn\/en\/wp-json\/wp\/v2\/product_tag?post=17008"}],"curies":[{"name":"wp","href":"https:\/\/api.w.org\/{rel}","templated":true}]}}