{"id":16984,"date":"2020-10-15T09:42:07","date_gmt":"2020-10-15T02:42:07","guid":{"rendered":"https:\/\/havamall.vn\/?post_type=product&#038;p=16984"},"modified":"2025-06-11T16:37:46","modified_gmt":"2025-06-11T09:37:46","slug":"hat-mu-tat-vang-thuong-hieu-hava-foodies-goi-100g-yellow-mustard-seed","status":"publish","type":"product","link":"https:\/\/havamall.vn\/en\/shop\/hat-mu-tat-vang-thuong-hieu-hava-foodies-goi-100g-yellow-mustard-seed\/","title":{"rendered":"H\u1ea1t M\u00f9 T\u1ea1t V\u00e0ng Th\u01b0\u01a1ng Hi\u1ec7u Hava Foodies G\u00f3i 100g \u2013 Yellow Mustard Seed"},"content":{"rendered":"<table border=\"1\" cellspacing=\"0\">\n<tbody>\n<tr>\n<td><strong>Th\u01b0\u01a1ng hi\u1ec7u<\/strong><\/td>\n<td>Havafood<\/td>\n<\/tr>\n<tr>\n<td><strong>Xu\u1ea5t x\u1ee9<\/strong><\/td>\n<td>\u0110\u1ee9c<\/td>\n<\/tr>\n<tr>\n<td><strong>Th\u00e0nh ph\u1ea7n<\/strong><\/td>\n<td>100% h\u1ea1t m\u00f9 t\u1ea1t v\u00e0ng<\/td>\n<\/tr>\n<tr>\n<td><strong>H\u1ea1n s\u1eed d\u1ee5ng<\/strong><\/td>\n<td>Xem tr\u00ean bao b\u00ec s\u1ea3n ph\u1ea9m<\/td>\n<\/tr>\n<tr>\n<td><strong>C\u00e1ch s\u1eed d\u1ee5ng<\/strong><\/td>\n<td>D\u00f9ng \u0111\u1ec3 l\u00e0m gia v\u1ecb t\u1ea9m \u01b0\u1edbp, ch\u1ebf bi\u1ebfn c\u00e1c m\u00f3n \u0103n.<\/td>\n<\/tr>\n<tr>\n<td><strong>Nh\u1eadp kh\u1ea9u &amp; \u0111\u00f3ng g\u00f3i<\/strong><\/td>\n<td>Vi\u1ec7t Nam<\/td>\n<\/tr>\n<tr>\n<td><strong>\u00a0B\u1ea3o qu\u1ea3n<\/strong><\/td>\n<td>\u00a0N\u01a1i tho\u00e1ng m\u00e1t, tr\u00e1nh \u00e1nh n\u1eafng tr\u1ef1c ti\u1ebfp, tho\u00e1ng m\u00e1t<\/td>\n<\/tr>\n<tr>\n<td><strong>Kh\u1ed1i l\u01b0\u1ee3ng t\u1ecbnh<\/strong><\/td>\n<td>100g<\/td>\n<\/tr>\n<\/tbody>\n<\/table>\n<p><strong>\u0110\u1eb6C \u0110I\u1ec2M S\u1ea2N PH\u1ea8M<\/strong><\/p>\n<p>&#8211; M\u00f9 t\u1ea1t v\u00e0ng l\u00e0 lo\u1ea1i h\u1ea1t dai, c\u00f3 m\u00f9i t\u01b0\u01a1ng \u0111\u1ed1i nh\u1eb9 v\u00e0 \u0111\u01b0\u1ee3c d\u00f9ng nhi\u1ec1u trong c\u00e1c m\u00f3n tr\u1ed9n. Khi d\u00f9ng, c\u00e1c \u0111\u1ea7u b\u1ebfp ch\u1ec9 vi\u1ec7c tr\u1ed9n v\u1edbi gi\u1ea5m, d\u1ea7u, t\u00f9y theo \u00fd th\u00edch.<\/p>\n<p>&#8211; M\u00f9 t\u1ea1t v\u00e0ng \u0111\u01b0\u1ee3c s\u1eed d\u1ee5ng nh\u01b0 m\u1ed9t lo\u1ea1i gia v\u1ecb c\u1ee7a c\u00e1c b\u1eefa \u0103n n\u1eb7ng t\u00ednh k\u00edch th\u00edch ti\u00eau h\u00f3a v\u00e0 do \u0111\u00f3 gi\u00fap ti\u00eau h\u00f3a th\u1ee9c \u0103n. M\u00f9 t\u1ea1t gi\u00fap h\u1ed7 tr\u1ee3 cho tri\u1ec7u ch\u1ee9ng \u0111\u1ea7y h\u01a1i v\u00e0 t\u00e1o b\u00f3n. \u0110\u1ed3ng th\u1eddi, c\u00e1c lo\u1ea1i tinh d\u1ea7u c\u00f3 trong m\u00f9 t\u1ea1t v\u00e0ng c\u0169ng c\u00f3 th\u1ec3 gi\u1ea3i ph\u00f3ng \u0111\u01b0\u1eddng h\u00f4 h\u1ea5p. B\u1ea1n c\u00f3 th\u1ec3 \u0103n m\u00f9 t\u1ea1t cay \u0111\u1ec3 l\u00e0m th\u00f4ng m\u0169i v\u00e0 kh\u1eed tr\u00f9ng c\u00e1c xoang trong vi\u00eam xoang.<\/p>\n<p><img fetchpriority=\"high\" decoding=\"async\" class=\"size-full wp-image-16803 aligncenter\" src=\"https:\/\/havamall.com\/wp-content\/uploads\/2025\/06\/mustard-seeds-yellow-1S-777.jpg\" alt=\"\" width=\"504\" height=\"504\" \/><\/p>\n<p>&nbsp;<\/p>\n<p>&#8211; H\u1ea1t m\u00f9 t\u1ea1t v\u00e0ng c\u00f3 m\u00f9i n\u1ed3ng nh\u1eb9, v\u1ecb cay nh\u1eb9. Th\u00edch h\u1ee3p \u0111\u1ec3 l\u00e0m gia v\u1ecb\u00a0cho c\u00e1c m\u00f3n: n\u01b0\u1edbng, x\u00fac x\u00edch, ho\u1eb7c l\u00e0m n\u01b0\u1edbc ch\u1ea5m, \u0103n k\u00e8m v\u1edbi c\u00e1c m\u00f3n th\u1ecbt d\u00ea, th\u1ecbt c\u1eebu. M\u00f9i cay n\u1ed3ng c\u1ee7a h\u1ea1t m\u00f9 t\u1ea1t s\u1ebd x\u00f3a tan c\u00e1c m\u00f9i v\u1ecb kh\u00f3 ch\u1ecbu t\u1eeb c\u00e1c m\u00f3n \u0103n n\u00e0y mang l\u1ea1i v\u00e0 t\u1ea1o cho m\u00f3n \u0103n m\u1ed9t m\u00f9i v\u1ecb r\u1ea5t ri\u00eang, r\u1ea5t ngon. Nhi\u1ec1u ng\u01b0\u1eddi khi s\u1eed d\u1ee5ng quen v\u1ecb c\u1ee7a m\u00f9 t\u1ea1t, n\u1ebfu m\u00f3n \u0103n kh\u00f4ng c\u00f3 gia v\u1ecb n\u00e0y h\u1ecd s\u1ebd c\u1ea3m th\u1ea5y m\u1ea5t v\u1ecb c\u1ee7a m\u00f3n \u0103n.<\/p>\n<p>&#8211; S\u1ea3n ph\u1ea9m c\u00f3 d\u1ea1ng h\u1ea1t n\u00ean khi s\u1eed d\u1ee5ng ch\u1ec9 c\u1ea7n nghi\u1ec1n nh\u1ecf ho\u1eb7c \u0111\u1eadp nh\u1eb9 l\u00e0 h\u1ea1t s\u1ebd v\u1ee5n th\u00e0nh b\u1ed9t. H\u01a1n n\u1eefa, \u1edf d\u1ea1ng h\u1ea1t th\u00ec c\u00f3 th\u1ec3 b\u1ea3o qu\u1ea3n s\u1ea3n ph\u1ea9m \u0111\u01b0\u1ee3c l\u00e2u h\u01a1n.<\/p>\n<p><img decoding=\"async\" class=\"wp-image-16804 aligncenter\" src=\"https:\/\/havamall.com\/wp-content\/uploads\/2025\/06\/shutterstock_260547311_big.jpg\" alt=\"\" width=\"583\" height=\"372\" \/><\/p>\n<p>&#8211; M\u00f9 t\u1ea1t v\u00e0ng \u0111\u01b0\u1ee3c nh\u1eadp kh\u1ea9u t\u1eeb \u0110\u1ee9c, \u0111\u1ea3m b\u1ea3o ch\u1ea5t l\u01b0\u1ee3ng v\u00ec \u0111\u00e3 th\u00f4ng qua ki\u1ec3m tra nghi\u00eam ng\u1eb7t c\u1ee7a c\u00e1c c\u01a1 quan ch\u1ee9c n\u0103ng n\u00ean an to\u00e0n cho ng\u01b0\u1eddi s\u1eed d\u1ee5ng.<\/p>\n<div class=\"spCungDM-1\">\n<div class=\"\"><strong>C\u00d4NG D\u1ee4NG C\u1ee6A M\u00d9 T\u1ea0T V\u00c0NG<\/strong><\/div>\n<ul>\n<li>D\u00f9ng l\u00e0m gia v\u1ecb cho c\u00e1c m\u00f3n<\/li>\n<li>Ng\u0103n ng\u1eeba v\u00e0 l\u00e0m ch\u1eadm th\u1eddi gian l\u00e3o h\u00f3a<\/li>\n<li>Ng\u0103n ng\u1eeba ung th\u01b0<\/li>\n<li>Ng\u0103n ng\u1eeba b\u1ec7nh vi\u00eam kh\u1edbp<\/li>\n<li>N\u00e2ng cao s\u1ee9c \u0111\u1ec1 kh\u00e1ng<\/li>\n<\/ul>\n<p><img decoding=\"async\" class=\"size-full wp-image-16800 aligncenter\" src=\"https:\/\/havamall.com\/wp-content\/uploads\/2025\/06\/salad-ca-hoi-nauy-ngon.jpg\" alt=\"\" width=\"600\" height=\"400\" \/><\/p>\n<p><i>Havamall s\u1ef1 l\u1ef1a ch\u1ecdn tin c\u1eady cho ng\u01b0\u1eddi ti\u00eau d\u00f9ng, cam k\u1ebft lu\u00f4n cung c\u1ea5p s\u1ea3n ph\u1ea9m \u0111\u1ea3m b\u1ea3o ch\u1ea5t l\u01b0\u1ee3ng.<\/i><\/p>\n<\/div>","protected":false},"excerpt":{"rendered":"<ul>\n<li>M\u00f9 t\u1ea1t v\u00e0ng l\u00e0 lo\u1ea1i h\u1ea1t dai, c\u00f3 m\u00f9i t\u01b0\u01a1ng \u0111\u1ed1i nh\u1eb9 v\u00e0 \u0111\u01b0\u1ee3c d\u00f9ng nhi\u1ec1u trong c\u00e1c m\u00f3n tr\u1ed9n. Khi d\u00f9ng, c\u00e1c \u0111\u1ea7u b\u1ebfp ch\u1ec9 vi\u1ec7c tr\u1ed9n v\u1edbi gi\u1ea5m, d\u1ea7u, t\u00f9y theo \u00fd th\u00edch.<\/li>\n<li>M\u00f9 t\u1ea1t v\u00e0ng \u0111\u01b0\u1ee3c s\u1eed d\u1ee5ng nh\u01b0 m\u1ed9t lo\u1ea1i gia v\u1ecb c\u1ee7a c\u00e1c b\u1eefa \u0103n n\u1eb7ng t\u00ednh k\u00edch th\u00edch ti\u00eau h\u00f3a v\u00e0 do \u0111\u00f3 gi\u00fap ti\u00eau h\u00f3a th\u1ee9c \u0103n.<\/li>\n<li>H\u1ea1t m\u00f9 t\u1ea1t v\u00e0ng c\u00f3 m\u00f9i n\u1ed3ng nh\u1eb9, v\u1ecb cay nh\u1eb9. Th\u00edch h\u1ee3p \u0111\u1ec3 l\u00e0m gia v\u1ecb\u00a0cho c\u00e1c m\u00f3n: n\u01b0\u1edbng, x\u00fac x\u00edch, ho\u1eb7c l\u00e0m n\u01b0\u1edbc ch\u1ea5m, \u0103n k\u00e8m v\u1edbi c\u00e1c m\u00f3n th\u1ecbt d\u00ea, th\u1ecbt c\u1eebu. M\u00f9i cay n\u1ed3ng c\u1ee7a h\u1ea1t m\u00f9 t\u1ea1t s\u1ebd x\u00f3a tan c\u00e1c m\u00f9i v\u1ecb kh\u00f3 ch\u1ecbu t\u1eeb c\u00e1c m\u00f3n \u0103n n\u00e0y mang l\u1ea1i v\u00e0 t\u1ea1o cho m\u00f3n \u0103n m\u1ed9t m\u00f9i v\u1ecb r\u1ea5t ri\u00eang, r\u1ea5t ngon.<\/li>\n<li>S\u1ea3n ph\u1ea9m c\u00f3 d\u1ea1ng h\u1ea1t n\u00ean khi s\u1eed d\u1ee5ng ch\u1ec9 c\u1ea7n nghi\u1ec1n nh\u1ecf ho\u1eb7c \u0111\u1eadp nh\u1eb9 l\u00e0 h\u1ea1t s\u1ebd v\u1ee5n th\u00e0nh b\u1ed9t. H\u01a1n n\u1eefa, \u1edf d\u1ea1ng h\u1ea1t th\u00ec c\u00f3 th\u1ec3 b\u1ea3o qu\u1ea3n s\u1ea3n ph\u1ea9m \u0111\u01b0\u1ee3c l\u00e2u h\u01a1n.<\/li>\n<\/ul>","protected":false},"featured_media":39519,"comment_status":"open","ping_status":"closed","template":"","meta":[],"product_brand":[],"product_cat":[595,36,134],"product_tag":[],"class_list":{"0":"post-16984","1":"product","2":"type-product","3":"status-publish","4":"has-post-thumbnail","6":"product_cat-gia-vi-va-che-bien","7":"product_cat-thuc-pham-tieu-dung","8":"product_cat-thucpham-saykho","9":"pa_brand-skx","11":"first","12":"instock","13":"sale","14":"shipping-taxable","15":"purchasable","16":"product-type-simple"},"_links":{"self":[{"href":"https:\/\/havamall.vn\/en\/wp-json\/wp\/v2\/product\/16984"}],"collection":[{"href":"https:\/\/havamall.vn\/en\/wp-json\/wp\/v2\/product"}],"about":[{"href":"https:\/\/havamall.vn\/en\/wp-json\/wp\/v2\/types\/product"}],"replies":[{"embeddable":true,"href":"https:\/\/havamall.vn\/en\/wp-json\/wp\/v2\/comments?post=16984"}],"version-history":[{"count":0,"href":"https:\/\/havamall.vn\/en\/wp-json\/wp\/v2\/product\/16984\/revisions"}],"wp:featuredmedia":[{"embeddable":true,"href":"https:\/\/havamall.vn\/en\/wp-json\/wp\/v2\/media\/39519"}],"wp:attachment":[{"href":"https:\/\/havamall.vn\/en\/wp-json\/wp\/v2\/media?parent=16984"}],"wp:term":[{"taxonomy":"product_brand","embeddable":true,"href":"https:\/\/havamall.vn\/en\/wp-json\/wp\/v2\/product_brand?post=16984"},{"taxonomy":"product_cat","embeddable":true,"href":"https:\/\/havamall.vn\/en\/wp-json\/wp\/v2\/product_cat?post=16984"},{"taxonomy":"product_tag","embeddable":true,"href":"https:\/\/havamall.vn\/en\/wp-json\/wp\/v2\/product_tag?post=16984"}],"curies":[{"name":"wp","href":"https:\/\/api.w.org\/{rel}","templated":true}]}}