{"id":16981,"date":"2020-10-15T09:35:02","date_gmt":"2020-10-15T02:35:02","guid":{"rendered":"https:\/\/havamall.vn\/?post_type=product&#038;p=16981"},"modified":"2025-06-15T10:08:28","modified_gmt":"2025-06-15T03:08:28","slug":"bot-ngo-thuong-hieu-hava-foodies-goi-100g-coriander-whole","status":"publish","type":"product","link":"https:\/\/havamall.vn\/en\/shop\/bot-ngo-thuong-hieu-hava-foodies-goi-100g-coriander-whole\/","title":{"rendered":"H\u1ea1t Ng\u00f2 Th\u01b0\u01a1ng Hi\u1ec7u Hava Foodies G\u00f3i 100g \u2013 Coriander Whole"},"content":{"rendered":"<p><strong>H\u1ea1t ng\u00f2<\/strong> l\u00e0 b\u1ed9 ph\u1eadn c\u1ee7a c\u00e2y ng\u00f2 (c\u00f2n g\u1ecdi l\u00e0 c\u00e2y rau m\u00f9i) m\u1ecdc th\u1eb3ng, cao t\u1eeb 35 \u0111\u1ebfn 60 cm. To\u00e0n th\u00e2n c\u00f3 m\u00f9i th\u01a1m n\u1ed3ng, th\u00e2n c\u00e2y r\u1ed7ng.L\u00e1 h\u00ecnh tr\u00f2n, hoa c\u00f3 m\u00e0u tr\u1eafng ho\u1eb7c \u00e1nh tia nh\u1ea1t, qu\u1ea3 h\u00ecnh tr\u00f2n, h\u1ea1t c\u00f3 v\u1ecb cay chua.<\/p>\n<p><strong>\u0110\u1eb6C \u0110I\u1ec2M C\u1ee6A H\u1ea0T NG\u00d2<\/strong><\/p>\n<p>\u2013 H\u1ea1t ng\u00f2 kh\u00f4 \u0111\u01b0\u1ee3c s\u1eed d\u1ee5ng r\u1ed9ng r\u00e3i trong nhi\u1ec1u m\u00f3n \u0103n, n\u00f3 kh\u00f4ng ch\u1ec9 l\u00e0m cho m\u00f3n \u0103n ngon, m\u00e0 c\u00f2n cung c\u1ea5p nhi\u1ec1u lo\u1ea1i vitamin v\u00e0 kho\u00e1ng ch\u1ea5t.<\/p>\n<p><img fetchpriority=\"high\" decoding=\"async\" class=\"aligncenter size-full wp-image-39053\" src=\"https:\/\/havamall.com\/wp-content\/uploads\/2025\/06\/NGO-1.jpg\" alt=\"\" width=\"774\" height=\"447\" srcset=\"https:\/\/havamall.vn\/wp-content\/uploads\/2025\/06\/NGO-1.jpg 774w, https:\/\/havamall.vn\/wp-content\/uploads\/2025\/06\/NGO-1-400x231.jpg 400w, https:\/\/havamall.vn\/wp-content\/uploads\/2025\/06\/NGO-1-768x444.jpg 768w, https:\/\/havamall.vn\/wp-content\/uploads\/2025\/06\/NGO-1-18x10.jpg 18w, https:\/\/havamall.vn\/wp-content\/uploads\/2025\/06\/NGO-1-430x248.jpg 430w, https:\/\/havamall.vn\/wp-content\/uploads\/2025\/06\/NGO-1-700x404.jpg 700w, https:\/\/havamall.vn\/wp-content\/uploads\/2025\/06\/NGO-1-150x87.jpg 150w\" sizes=\"(max-width: 774px) 100vw, 774px\" \/><\/p>\n<p>\u2013 B\u1ed9t ng\u00f2 \u0111\u01b0\u1ee3c nghi\u1ec1n t\u1eeb h\u1ea1t ng\u00f2 sau khi \u0111\u01b0\u1ee3c ch\u1ecdn l\u1ecdc, s\u1ea5y kh\u00f4 v\u00e0 nghi\u1ec1n b\u1eb1ng c\u00f4ng ngh\u1ec7 hi\u1ec7n \u0111\u1ea1i. S\u1ea3n ph\u1ea9m \u0111\u01b0\u1ee3c ki\u1ec3m tra ch\u1ea5t l\u01b0\u1ee3ng nghi\u00eam ng\u1eb7t c\u1ea3 b\u00ean n\u01b0\u1edbc nh\u1eadp kh\u1ea9u v\u00e0 n\u01b0\u1edbc xu\u1ea5t kh\u1ea9u. Do \u0111\u00f3, b\u1ed9t ng\u00f2 r\u1ea5t an to\u00e0n cho ng\u01b0\u1eddi s\u1eed d\u1ee5ng.<\/p>\n<p><strong>T\u00c1C D\u1ee4NG C\u1ee6A H\u1ea0T NG\u00d2<\/strong><\/p>\n<p>H\u1ea1t ng\u00f2 tuy c\u00f2n xa l\u1ea1 v\u1edbi nhi\u1ec1u ng\u01b0\u1eddi nh\u01b0ng l\u1ea1i r\u1ea5t \u0111\u01b0\u1ee3c \u01b0a chu\u1ed9ng \u1edf c\u00e1c n\u01b0\u1edbc Ch\u00e2u \u00c1. Ng\u01b0\u1eddi ta d\u00f9ng h\u1ea1t n\u00e0y \u0111\u1ec3 n\u1ea5u \u0103n, \u00e9p l\u1ea5y tinh d\u1ea7u, l\u00e0m tr\u00e0 h\u1ea1t ng\u00f2,&#8230; Sau \u0111\u00e2y l\u00e0 nh\u1eefng \u1ee9ng d\u1ee5ng c\u1ee7a n\u00f3 trong \u0111\u1eddi s\u1ed1ng:<\/p>\n<p><em><strong>&#8211; H\u1ea1t ng\u00f2 d\u00f9ng l\u00e0m gia v\u1ecb n\u1ea5u \u0103n<\/strong><\/em><\/p>\n<p>C\u00e1c d\u01b0\u1ee1ng ch\u1ea5t thi\u1ebft y\u1ebfu ch\u1ee9a trong h\u1ea1t ng\u00f2 nh\u01b0:vitamin A, vitamin C, vitamin K, vitamin B12, omega 3, ph\u1ed1t pho, s\u1eaft, mangan \u2026V\u1edbi vi\u1ec7c ch\u1ee9a r\u1ea5t nhi\u1ec1u ch\u1ea5t dinh d\u01b0\u1ee1ng nh\u01b0 v\u1eady th\u00ec khi s\u1eed d\u1ee5ng s\u1ebd r\u1ea5t t\u1ed1t cho s\u1ee9c kh\u1ecfe m\u1ed7i ng\u01b0\u1eddi, gi\u00fap ch\u1ed1ng vi\u00eam v\u00e0 t\u0103ng c\u01b0\u1eddng s\u1ee9c \u0111\u1ec1 kh\u00e1ng.<\/p>\n<p>H\u1ea1t ng\u00f2 \u0111\u01b0\u1ee3c n\u1ea5u k\u00e8m v\u1edbi c\u00e1c m\u00f3n \u0103n nh\u01b0: \u01b0\u1edbp th\u1ecbt,n\u01b0\u1edbng c\u00e1, n\u1ea5u canh, ph\u1edf, c\u00e1c m\u00f3n x\u00e0o \u2026 V\u1edbi h\u01b0\u01a1ng th\u01a1m \u0111\u1eb7c tr\u01b0ng v\u00e0 ri\u00eang bi\u1ec7t s\u1ebd gi\u00fap cho m\u00f3n \u0103n tr\u1edf n\u00ean h\u1ea5p d\u1eabn, l\u1ea1 mi\u1ec7ng, th\u01a1m ngon.<\/p>\n<p><em><strong>&#8211; H\u1ea1t ng\u00f2 d\u00f9ng \u0111\u1ec3 l\u00e0m tr\u00e0 u\u1ed1ng<\/strong><\/em><\/p>\n<p>S\u1eed d\u1ee5ng tr\u00e0 h\u1ea1t ng\u00f2 d\u00f9ng \u0111\u1ec3 thanh l\u1ecdc c\u01a1 th\u1ec3, gi\u1ea3m c\u00e2n, \u0111i\u1ec1u tr\u1ecb m\u1ea5t ng\u1ee7 th\u00ec l\u1ea5y 15 gram h\u1ea1t ng\u00f2 kh\u00f4 h\u00e3m v\u1edbi 600 ml n\u01b0\u1edbc, \u0111\u1ec3 trong kho\u1ea3ng th\u1eddi gian t\u1eeb 10 \u0111\u1ebfn 15 ph\u00fat r\u1ed3i sau \u0111\u00f3 c\u00f3 th\u1ec3 th\u01b0\u1edfng th\u1ee9c. V\u00ec lo\u1ea1i tr\u00e0 n\u00e0y c\u00f3 kh\u1ea3 n\u0103ng \u0111i\u1ec1u tr\u1ecb m\u1ea5t ng\u1ee7 hi\u1ec7u qu\u1ea3 n\u00ean c\u00f3 l\u1eddi khuy\u00ean l\u00e0 h\u00e3y s\u1eed d\u1ee5ng v\u00e0o bu\u1ed5i t\u1ed1i sau khi \u0103n.<\/p>\n<p><img decoding=\"async\" class=\"aligncenter size-full wp-image-39051\" src=\"https:\/\/havamall.com\/wp-content\/uploads\/2025\/06\/hat-ngo-1.jpg\" alt=\"\" width=\"512\" height=\"341\" srcset=\"https:\/\/havamall.vn\/wp-content\/uploads\/2025\/06\/hat-ngo-1.jpg 512w, https:\/\/havamall.vn\/wp-content\/uploads\/2025\/06\/hat-ngo-1-400x266.jpg 400w, https:\/\/havamall.vn\/wp-content\/uploads\/2025\/06\/hat-ngo-1-18x12.jpg 18w, https:\/\/havamall.vn\/wp-content\/uploads\/2025\/06\/hat-ngo-1-430x286.jpg 430w, https:\/\/havamall.vn\/wp-content\/uploads\/2025\/06\/hat-ngo-1-150x100.jpg 150w\" sizes=\"(max-width: 512px) 100vw, 512px\" \/><\/p>\n<p><em><strong>&#8211; H\u1ea1t ng\u00f2 d\u00f9ng l\u00e0m tinh d\u1ea7u<\/strong><\/em><\/p>\n<p>V\u00ec h\u1ea1t ng\u00f2 c\u00f3 m\u00f9i th\u01a1m r\u1ea5t t\u1ef1 nhi\u00ean n\u00ean \u0111\u01b0\u1ee3c d\u00f9ng \u0111i\u1ec1u ch\u1ebf l\u00e0m tinh d\u1ea7u c\u0169ng l\u00e0 m\u1ed9t \u0111i\u1ec1u d\u1ec5 hi\u1ec3u. Tinh d\u1ea7u t\u1eeb h\u1ea1t ng\u00f2 gi\u00fap mang l\u1ea1i c\u1ea3m gi\u00e1c d\u1ec5 ch\u1ecbu, th\u01b0 gi\u00e3n, gi\u1ea3i t\u1ecfa t\u00e2m l\u00fd, stress, kh\u1eed m\u00f9i c\u01a1 th\u1ec3,\u2026<\/p>\n<p><strong>TH\u00d4NG TIN S\u1ea2N PH\u1ea8M<\/strong><\/p>\n<ul>\n<li>Th\u00e0nh\u00a0ph\u1ea7n: H\u1ea1t ng\u00f2 kh\u00f4 100%<\/li>\n<li>Kh\u1ed1i l\u01b0\u1ee3ng t\u1ecbnh: 100g<\/li>\n<li>C\u00f4ng d\u1ee5ng: Gi\u00fap t\u0103ng m\u00f9i v\u1ecb h\u1ea5p d\u1eabn cho m\u00f3n \u0103n. C\u00f3 t\u00e1c d\u1ee5ng t\u1ed1t cho s\u1ee9c kh\u1ecfe: gi\u00fap ti\u00eau h\u00f3a t\u1ed1t, l\u00e0m gi\u1ea3m \u0111au kh\u01a1\u0301p v\u00e0 c\u01a1, gi\u00fap c\u01a1 th\u1ec3 th\u1ea3i \u0111\u1ed9c, h\u1ed7 tr\u1ee3 gi\u1ea3m c\u00e2n.<\/li>\n<li>H\u01b0\u1edbng d\u1eabn s\u1eed d\u1ee5ng: D\u00f9ng l\u00e0m gia v\u1ecb ch\u1ebf bi\u1ebfn m\u00f3n \u0103n. Th\u00eam h\u01b0\u01a1ng v\u1ecb cho nhi\u1ec1u m\u00f3n \u0103n, bao g\u1ed3m n\u01b0\u1edbc s\u1ed1t, m\u00f3n x\u00e0o, s\u00fap v\u00e0 n\u01b0\u1edbc ch\u1ea5m.<\/li>\n<li>B\u1ea3o qu\u1ea3n:\u00a0B\u1ea3o qu\u1ea3n n\u01a1i kh\u00f4 r\u00e1o, tho\u00e1ng m\u00e1t, tr\u00e1nh \u00e1nh n\u1eafng tr\u1ef1c ti\u1ebfp chi\u1ebfu v\u00e0o s\u1ea3n ph\u1ea9m. Sau khi s\u1eed d\u1ee5ng s\u1ea3n ph\u1ea9m c\u00f2n d\u01b0 n\u00ean tr\u1eef trong h\u1ee7 k\u00edn c\u00f3 n\u1eafp \u0111\u1eady.<\/li>\n<li>H\u1ea1n s\u1eed d\u1ee5ng:\u00a0Xem tr\u00ean bao b\u00ec s\u1ea3n ph\u1ea9m<\/li>\n<\/ul>\n<p><img decoding=\"async\" class=\"aligncenter size-full wp-image-39056\" src=\"https:\/\/havamall.com\/wp-content\/uploads\/2025\/06\/68114193.png\" alt=\"\" width=\"1200\" height=\"900\" srcset=\"https:\/\/havamall.vn\/wp-content\/uploads\/2025\/06\/68114193.png 1200w, https:\/\/havamall.vn\/wp-content\/uploads\/2025\/06\/68114193-400x300.png 400w, https:\/\/havamall.vn\/wp-content\/uploads\/2025\/06\/68114193-1067x800.png 1067w, https:\/\/havamall.vn\/wp-content\/uploads\/2025\/06\/68114193-768x576.png 768w, https:\/\/havamall.vn\/wp-content\/uploads\/2025\/06\/68114193-16x12.png 16w, https:\/\/havamall.vn\/wp-content\/uploads\/2025\/06\/68114193-430x323.png 430w, https:\/\/havamall.vn\/wp-content\/uploads\/2025\/06\/68114193-700x525.png 700w, https:\/\/havamall.vn\/wp-content\/uploads\/2025\/06\/68114193-150x113.png 150w\" sizes=\"(max-width: 1200px) 100vw, 1200px\" \/><\/p>\n<p><strong>KHUY\u1ebeN C\u00c1O V\u00c0 CH\u1ed0NG CH\u1ec8 \u0110\u1ecaNH<\/strong><\/p>\n<ul>\n<li>Kh\u00f4ng \u0103n c\u00f9ng n\u1ed9i t\u1ea1ng \u0111\u1ed9ng v\u1eadt<\/li>\n<li>Kh\u00f4ng d\u00f9ng qu\u00e1 nhi\u1ec1u h\u1ea1t ng\u00f2<\/li>\n<li>N\u00ean h\u1ea1n ch\u1ebf d\u00f9ng b\u1ed9t ng\u00f2 v\u1edbi ph\u1ee5 n\u1eef mang thai, ng\u01b0\u1eddi g\u1eb7p v\u1ea5n \u0111\u1ec1 v\u1ec1 h\u00f4 h\u1ea5p, ng\u01b0\u1eddi m\u1eafc b\u1ec7nh v\u1ec1 gan, d\u1ea1 d\u00e0y v\u00e0 nh\u1eefng ng\u01b0\u1eddi c\u00f3 c\u01a1 \u0111\u1ecba d\u1ec5 b\u1ecb d\u1ecb \u1ee9ng<\/li>\n<\/ul>","protected":false},"excerpt":{"rendered":"<ul>\n<li>H\u1ea1t ng\u00f2 gi\u00fap t\u0103ng m\u00f9i v\u1ecb h\u1ea5p d\u1eabn cho m\u00f3n \u0103n. C\u00f3 t\u00e1c d\u1ee5ng t\u1ed1t cho s\u1ee9c kh\u1ecfe: gi\u00fap ti\u00eau h\u00f3a t\u1ed1t, l\u00e0m gi\u1ea3m \u0111au kh\u01a1\u0301p v\u00e0 c\u01a1, gi\u00fap c\u01a1 th\u1ec3 th\u1ea3i \u0111\u1ed9c, h\u1ed7 tr\u1ee3 gi\u1ea3m c\u00e2n.<\/li>\n<li>S\u1ea3n ph\u1ea9m \u0111\u01b0\u1ee3c ki\u1ec3m tra ch\u1ea5t l\u01b0\u1ee3ng nghi\u00eam ng\u1eb7t c\u1ea3 b\u00ean n\u01b0\u1edbc nh\u1eadp kh\u1ea9u v\u00e0 n\u01b0\u1edbc xu\u1ea5t kh\u1ea9u. Do \u0111\u00f3, b\u1ed9t ng\u00f2 r\u1ea5t an to\u00e0n cho ng\u01b0\u1eddi s\u1eed d\u1ee5ng.<\/li>\n<\/ul>","protected":false},"featured_media":39642,"comment_status":"open","ping_status":"closed","template":"","meta":[],"product_brand":[],"product_cat":[36,134],"product_tag":[],"class_list":{"0":"post-16981","1":"product","2":"type-product","3":"status-publish","4":"has-post-thumbnail","6":"product_cat-thuc-pham-tieu-dung","7":"product_cat-thucpham-saykho","8":"pa_brand-skx","10":"first","11":"instock","12":"sale","13":"shipping-taxable","14":"purchasable","15":"product-type-simple"},"_links":{"self":[{"href":"https:\/\/havamall.vn\/en\/wp-json\/wp\/v2\/product\/16981"}],"collection":[{"href":"https:\/\/havamall.vn\/en\/wp-json\/wp\/v2\/product"}],"about":[{"href":"https:\/\/havamall.vn\/en\/wp-json\/wp\/v2\/types\/product"}],"replies":[{"embeddable":true,"href":"https:\/\/havamall.vn\/en\/wp-json\/wp\/v2\/comments?post=16981"}],"version-history":[{"count":0,"href":"https:\/\/havamall.vn\/en\/wp-json\/wp\/v2\/product\/16981\/revisions"}],"wp:featuredmedia":[{"embeddable":true,"href":"https:\/\/havamall.vn\/en\/wp-json\/wp\/v2\/media\/39642"}],"wp:attachment":[{"href":"https:\/\/havamall.vn\/en\/wp-json\/wp\/v2\/media?parent=16981"}],"wp:term":[{"taxonomy":"product_brand","embeddable":true,"href":"https:\/\/havamall.vn\/en\/wp-json\/wp\/v2\/product_brand?post=16981"},{"taxonomy":"product_cat","embeddable":true,"href":"https:\/\/havamall.vn\/en\/wp-json\/wp\/v2\/product_cat?post=16981"},{"taxonomy":"product_tag","embeddable":true,"href":"https:\/\/havamall.vn\/en\/wp-json\/wp\/v2\/product_tag?post=16981"}],"curies":[{"name":"wp","href":"https:\/\/api.w.org\/{rel}","templated":true}]}}