{"id":16965,"date":"2020-10-15T09:25:30","date_gmt":"2020-10-15T02:25:30","guid":{"rendered":"https:\/\/havamall.vn\/?post_type=product&#038;p=16965"},"modified":"2025-06-08T10:05:27","modified_gmt":"2025-06-08T03:05:27","slug":"la-huong-thao-kho-thuong-hieu-foodies-goi-100g-dried-rosemary","status":"publish","type":"product","link":"https:\/\/havamall.vn\/en\/shop\/la-huong-thao-kho-thuong-hieu-foodies-goi-100g-dried-rosemary\/","title":{"rendered":"L\u00e1 H\u01b0\u01a1ng Th\u1ea3o Kh\u00f4 Th\u01b0\u01a1ng Hi\u1ec7u Hava Foodies G\u00f3i 100g &#8211; Dried Rosemary"},"content":{"rendered":"<p>L\u00e1 h\u01b0\u01a1ng th\u1ea3o (Rosemary) c\u00f3 ngu\u1ed3n g\u1ed1c l\u00e0 m\u1ed9t lo\u1ea1i c\u00e2y b\u1ee5i \u1edf \u0110\u1ecba Trung H\u1ea3i c\u00f3 m\u00f9i th\u01a1m d\u1ec5 ch\u1ecbu v\u00e0 l\u00e0m tinh d\u1ea7u n\u01b0\u1edbc hoa. Lo\u1ea1i c\u00e2y n\u00e0y th\u00edch h\u1ee3p v\u1edbi nh\u1eefng n\u01a1i c\u00f3 kh\u00ed h\u1eadu nhi\u1ec7t \u0111\u1edbi.<\/p>\n<p>L\u00e1 h\u01b0\u01a1ng th\u1ea3o l\u00e0 m\u1ed9t lo\u1ea1i th\u1ea3o d\u01b0\u1ee3c v\u00f4 c\u00f9ng t\u1ed1t cho m\u1ecdi l\u1ee9a tu\u1ed5i. Ng\u01b0\u1eddi ta d\u00f9ng ch\u00fang \u0111\u1ec3 l\u00e0m gia v\u1ecb, xua mu\u1ed7i, tr\u1ecb li\u1ec7u b\u1eb1ng xoa b\u00f3p, s\u1ea3n xu\u1ea5t m\u1ef9 ph\u1ea9m v\u00e0 d\u01b0\u1ee3c ph\u1ea9m.<\/p>\n<h1>TH\u00d4NG TIN S\u1ea2N PH\u1ea8M<\/h1>\n<ul>\n<li><strong>Th\u01b0\u01a1ng hi\u1ec7u:<\/strong> Hava Foodies<\/li>\n<li><strong>Xu\u1ea5t x\u1ee9<\/strong>: \u0110\u1ee9c<\/li>\n<li><strong>Th\u00e0nh<\/strong>\u00a0<strong>ph\u1ea7n<\/strong>: L\u00e1 h\u01b0\u01a1ng th\u1ea3o 100%<\/li>\n<li><strong>H\u01b0\u1edbng d\u1eabn s\u1eed d\u1ee5ng<\/strong>: D\u00f9ng l\u00e0m gia v\u1ecb ch\u1ebf bi\u1ebfn m\u00f3n \u0103n.<\/li>\n<li><strong>Kh\u1ed1i l\u01b0\u1ee3ng t\u1ecbnh<\/strong>: 100g<\/li>\n<li><strong>B\u1ea3o qu\u1ea3n:<\/strong>\u00a0B\u1ea3o qu\u1ea3n n\u01a1i kh\u00f4 r\u00e1o, tho\u00e1ng m\u00e1t, tr\u00e1nh \u00e1nh n\u1eafng m\u1eb7t tr\u1eddi. Sau khi s\u1eed d\u1ee5ng, s\u1ea3n ph\u1ea9m c\u00f2n d\u01b0 n\u00ean tr\u1eef trong h\u1ee7 k\u00edn c\u00f3 n\u1eafp \u0111\u1eady \u0111\u1ec3 gi\u1eef h\u01b0\u01a1ng th\u01a1m l\u00e2u h\u01a1n<\/li>\n<li><strong>H\u1ea1n s\u1eed d\u1ee5ng:<\/strong>\u00a0Xem tr\u00ean bao b\u00ec s\u1ea3n ph\u1ea9m<\/li>\n<\/ul>\n<h1><img fetchpriority=\"high\" decoding=\"async\" class=\"size-full wp-image-16971 aligncenter\" src=\"https:\/\/havamall.com\/wp-content\/uploads\/2025\/06\/1452973788374.jpg\" alt=\"\" width=\"616\" height=\"411\" \/><\/h1>\n<h1>C\u00d4NG D\u1ee4NG C\u1ee6A L\u00c1 H\u01af\u01a0NG TH\u1ea2O KH\u00d4<\/h1>\n<p>L\u00e1 h\u01b0\u01a1ng th\u1ea3o \u0111\u01b0\u1ee3c bi\u1ebft \u0111\u1ebfn v\u1eeba l\u00e0 gia v\u1ecb s\u1eed d\u1ee5ng nhi\u1ec1u trong nh\u1eefng m\u00f3n \u0103n, \u0111\u1ed3ng th\u1eddi c\u0169ng l\u00e0 th\u1ea3o d\u01b0\u1ee3c qu\u00fd v\u1edbi s\u1ee9c kh\u1ecfe. Tuy nhi\u00ean kh\u00f4ng ph\u1ea3i ai c\u0169ng bi\u1ebft c\u00e1ch s\u1eed d\u1ee5ng v\u00e0 hi\u1ec3u h\u1ebft \u0111\u01b0\u1ee3c nh\u1eefng c\u00f4ng d\u1ee5ng c\u1ee7a l\u00e1 h\u01b0\u01a1ng th\u1ea3o.<\/p>\n<h2><b>1.T\u00ednh n\u0103ng th\u1ea3o d\u01b0\u1ee3c:<\/b><\/h2>\n<p>\u2013 H\u01b0\u01a1ng th\u1ea3o c\u00f3 v\u1ecb ch\u00e1t, n\u00f3ng, m\u00f9i th\u01a1m n\u1ed3ng, h\u01a1i se, c\u00f3 t\u00e1c d\u1ee5ng \u0111i\u1ec1u tr\u1ecb c\u00e1c b\u1ec7nh nh\u01b0 \u0111au d\u1ea1 d\u00e0y, r\u1ed1i lo\u1ea1n ti\u00eau h\u00f3a nh\u1edd t\u00ednh t\u1ea9y u\u1ebf v\u00e0 chuy\u1ec3n m\u00e1u, d\u00f9ng v\u1edbi li\u1ec1u th\u1ea5p, n\u00f3 g\u00e2y s\u1ef1 d\u1ed3n m\u00e1u \u1edf c\u00e1c c\u01a1 quan v\u00f9ng b\u1ee5ng v\u00e0 k\u00edch th\u00edch s\u1ef1 ti\u1ebft d\u1ea1 d\u00e0y v\u00e0 ru\u1ed9t; n\u00f3 c\u0169ng l\u1ee3i ti\u1ec3u.<\/p>\n<p>\u2013 \u1ede ch\u00e2u \u00c2u, ng\u01b0\u1eddi ta c\u0169ng d\u00f9ng l\u00e1 H\u01b0\u01a1ng th\u1ea3o l\u00e0m pommat v\u00e0 thu\u1ed1c xoa tr\u1ecb th\u1ea5p kh\u1edbp v\u00e0 \u0111au n\u1eeda \u0111\u1ea7u. N\u01b0\u1edbc h\u00e3m (n\u1ea5u m\u1ed9t n\u1eafm l\u00e1 trong \u00bd l\u00edt n\u01b0\u1edbc \u0111\u1ec3 chi\u1ebft h\u1ebft thu\u1ed1c) d\u00f9ng r\u1eeda c\u00e1c v\u1ebft th\u01b0\u01a1ng nhi\u1ec5m tr\u00f9ng v\u00e0 l\u00e2u kh\u1ecfi. D\u00f9ng trong n\u01b0\u1edbc h\u00e3m n\u00e0y d\u00f9ng l\u1ee3i ti\u1ec3u v\u00e0 g\u00e2y ti\u1ebft m\u1eadt.<\/p>\n<p>\u2013 Lo\u1ea1i c\u00e2y n\u00e0y c\u00f3 t\u00e1c d\u1ee5ng gi\u00fap ng\u0103n ng\u1eeba b\u1ec7nh ung th\u01b0 da v\u00e0 ung th\u01b0 v\u00fa r\u1ea5t hi\u1ec7u qu\u1ea3<\/p>\n<p>\u2013 V\u1edbi c\u00e1c b\u00e0 b\u1ea7u ho\u1eb7c m\u1eb9 m\u1edbi sinh tinh th\u1ea7n th\u01b0\u1eddng hay c\u0103ng th\u1eb3ng, c\u00e1u g\u1eaft, tinh d\u1ea7u c\u1ee7a h\u01b0\u01a1ng th\u1ea3o \u0111\u1ea3m b\u1ea3o s\u1ebd l\u00e0m c\u00e1c m\u1eb9 th\u1ea5y vui h\u01a1n, \u0111\u1ea7u \u00f3c tho\u1ea3i m\u00e1i ch\u0103m s\u00f3c con v\u00e0 gia \u0111inh.<\/p>\n<h2><b>2. H\u01b0\u01a1ng th\u1ea3o s\u1eed d\u1ee5ng t\u0103ng gia v\u1ecb cho m\u00f3n \u0103n:<\/b><\/h2>\n<p>C\u00e2y h\u01b0\u01a1ng th\u1ea3o c\u00f2n \u0111\u01b0\u1ee3c d\u00f9ng \u0111\u1ec3 l\u00e0m gia v\u1ecb trong m\u00f3n b\u00f2 b\u00edt-t\u1ebft, s\u01b0\u1eddn n\u01b0\u1edbng, hoa qu\u1ea3 n\u01b0\u1edbng\u2026 \u1edf Ph\u00e1p v\u00e0 c\u00e1c n\u01b0\u1edbc ch\u00e2u \u00c2u, \u0110\u1ecba trung h\u1ea3i th\u00ec H\u01b0\u01a1ng th\u1ea3o l\u00e0 gia v\u1ecb c\u1ef1c k\u1ef3 \u0111\u1eb7c bi\u1ec7t, h\u01b0\u01a1ng th\u01a1m, v\u1ecb \u0111\u1eafng nh\u1eb9 r\u1ea5t quy\u1ebfn r\u0169, kh\u00f3 c\u00f3 lo\u1ea1i gia v\u1ecb n\u00e0o nh\u01b0 v\u00e2y. G\u00e0 cu\u1ed9n n\u1ea5m x\u1ed1t rosemary mang h\u01b0\u01a1ng v\u1ecb \u0111\u1eb7c tr\u01b0ng v\u1edbi v\u1ecb ng\u1ecdt \u0111\u1eadm \u0111\u00e0 c\u1ee7a g\u00e0, v\u1ecb th\u01a1m c\u1ee7a n\u1ea5m k\u1ebft h\u1ee3p v\u1edbi h\u01b0\u01a1ng th\u1ea3o cho m\u00f3n \u0103n ngon, l\u1ea1 mang h\u01a1i th\u1edf c\u1ee7a v\u00f9ng \u0110\u1ecba Trung H\u1ea3i.<\/p>\n<p><img decoding=\"async\" class=\"wp-image-16968 aligncenter\" src=\"https:\/\/havamall.com\/wp-content\/uploads\/2025\/06\/htk3-833x1024.jpg\" alt=\"\" width=\"586\" height=\"720\" \/><\/p>\n<h2><b>3. Gi\u00fap t\u0103ng tr\u00ed nh\u1edb.<\/b><\/h2>\n<p>\u2013 \u0110\u1ed1i v\u1edbi nh\u00e2n vi\u00ean v\u0103n ph\u00f2ng th\u01b0\u1eddng xuy\u00ean l\u00e0m vi\u1ec7c c\u0103ng th\u1eb3ng, m\u00f9i h\u01b0\u01a1ng c\u00e2y h\u01b0\u01a1ng th\u1ea3o c\u00f3 th\u1ec3 gi\u00fap tinh th\u1ea7n tho\u1ea3i m\u00e1i, gi\u1ea3i t\u1ecfa stress nhanh nh\u1ea5t, gi\u00fap ch\u1ed1ng bu\u1ed3n ng\u1ee7<\/p>\n<p>\u2013 \u0110\u1ed1i v\u1edbi tr\u1ebb em tinh d\u1ea7u c\u1ee7a c\u00e2y h\u01b0\u01a1ng th\u1ea3o k\u00edch th\u00edch ph\u00e1t tri\u1ec3n tr\u00ed n\u00e3o c\u1ee7a tr\u1ebb, tr\u1ebb ho\u1ea1t b\u00e1t h\u01a1n, gi\u00fap tr\u1ebb h\u1ecdc t\u1ed1t v\u00e0 nhanh thu\u1ed9c b\u00e0i h\u01a1n.<\/p>\n<h2><b>4. C\u00f4ng d\u1ee5ng l\u00e0m \u0111\u1eb9p:<\/b><\/h2>\n<p>Chi\u1ebft xu\u1ea5t h\u01b0\u01a1ng th\u1ea3o \u0111\u01b0\u1ee3c cho v\u00e0o x\u00e0 b\u00f4ng, kem d\u01b0\u1ee1ng da, c\u00e1c lotion v\u00e0 n\u01b0\u1edbc hoa. L\u00e1 h\u01b0\u01a1ng th\u1ea3o kh\u00f4 \u0111\u01b0\u1ee3c d\u00f9ng b\u1ecf v\u00e0o c\u00e1c g\u00f3i t\u1ecfa h\u01b0\u01a1ng th\u01a1m, n\u01b0\u1edbc t\u1eafm th\u1ea3o d\u01b0\u1ee3c, kem b\u00f4i m\u1eb7t, nu\u1edbc x\u1ea3 v\u00e0 thu\u1ed1c nhu\u1ed9m t\u00f3c r\u1ea5t hi\u1ec7u qu\u1ea3.<\/p>\n<p><img decoding=\"async\" class=\"wp-image-16972 aligncenter\" src=\"https:\/\/havamall.com\/wp-content\/uploads\/2025\/06\/41400521390_3885da71d6_b-1024x681.jpg\" alt=\"\" width=\"582\" height=\"387\" \/><\/p>\n<h2><b>5. Gi\u00fap xua mu\u1ed7i, tr\u1ecb li\u1ec7u b\u1eb1ng xoa b\u00f3p.<\/b><\/h2>\n<p>M\u00f9i h\u01b0\u01a1ng c\u1ee7a l\u00e1 h\u01b0\u01a1ng th\u1ea3o gi\u00fap \u0111u\u1ed5i mu\u1ed7i hi\u1ec7u qu\u1ea3<\/p>\n<p><strong>L\u00e1 h\u01b0\u01a1ng th\u1ea3o kh\u00f4 Havafood<\/strong>\u00a0\u0111\u1ea3m b\u1ea3o:<\/p>\n<ul>\n<li>Kh\u00f4ng l\u1eabn t\u1ea1p ch\u1ea5t<\/li>\n<li>Kh\u00f4ng ch\u1ea5t b\u1ea3o qu\u1ea3n<\/li>\n<li>Kh\u00f4ng ch\u1ea5t t\u1ea1o m\u00e0u<\/li>\n<li>Kh\u00f4ng ch\u1ea5t t\u1ea1o m\u00f9i<\/li>\n<\/ul>","protected":false},"excerpt":{"rendered":"<ul>\n<li>L\u00e1 h\u01b0\u01a1ng th\u1ea3o (Rosemary) c\u00f3 ngu\u1ed3n g\u1ed1c l\u00e0 m\u1ed9t lo\u1ea1i c\u00e2y b\u1ee5i \u1edf \u0110\u1ecba Trung H\u1ea3i c\u00f3 m\u00f9i th\u01a1m d\u1ec5 ch\u1ecbu v\u00e0 l\u00e0m tinh d\u1ea7u n\u01b0\u1edbc hoa. Lo\u1ea1i c\u00e2y n\u00e0y th\u00edch h\u1ee3p v\u1edbi nh\u1eefng n\u01a1i c\u00f3 kh\u00ed h\u1eadu nhi\u1ec7t \u0111\u1edbi.<\/li>\n<li>L\u00e1 h\u01b0\u01a1ng th\u1ea3o l\u00e0 m\u1ed9t lo\u1ea1i th\u1ea3o d\u01b0\u1ee3c v\u00f4 c\u00f9ng t\u1ed1t cho m\u1ecdi l\u1ee9a tu\u1ed5i. Ng\u01b0\u1eddi ta d\u00f9ng ch\u00fang \u0111\u1ec3 l\u00e0m gia v\u1ecb, xua mu\u1ed7i, tr\u1ecb li\u1ec7u b\u1eb1ng xoa b\u00f3p, s\u1ea3n xu\u1ea5t m\u1ef9 ph\u1ea9m v\u00e0 d\u01b0\u1ee3c ph\u1ea9m.<\/li>\n<li>H\u01b0\u01a1ng li\u1ec7u ho\u00e0n to\u00e0n t\u1ef1 nhi\u00ean, kh\u00f4ng l\u1eabn t\u1ea1p ch\u1ea5t, kh\u00f4ng ch\u1ea5t b\u1ea3o qu\u1ea3n, kh\u00f4ng ch\u1ea5t t\u1ea1o m\u00e0u v\u00e0 kh\u00f4ng ch\u1ea5t t\u1ea1o m\u00f9i, \u0111\u1ea3m b\u1ea3o an to\u00e0n ch\u1ea5t l\u01b0\u1ee3ng cho ng\u01b0\u1eddi ti\u00eau d\u00f9ng.<\/li>\n<\/ul>","protected":false},"featured_media":39127,"comment_status":"open","ping_status":"closed","template":"","meta":[],"product_brand":[],"product_cat":[36,134],"product_tag":[],"class_list":{"0":"post-16965","1":"product","2":"type-product","3":"status-publish","4":"has-post-thumbnail","6":"product_cat-thuc-pham-tieu-dung","7":"product_cat-thucpham-saykho","8":"pa_brand-skx","10":"first","11":"instock","12":"sale","13":"shipping-taxable","14":"purchasable","15":"product-type-simple"},"_links":{"self":[{"href":"https:\/\/havamall.vn\/en\/wp-json\/wp\/v2\/product\/16965"}],"collection":[{"href":"https:\/\/havamall.vn\/en\/wp-json\/wp\/v2\/product"}],"about":[{"href":"https:\/\/havamall.vn\/en\/wp-json\/wp\/v2\/types\/product"}],"replies":[{"embeddable":true,"href":"https:\/\/havamall.vn\/en\/wp-json\/wp\/v2\/comments?post=16965"}],"version-history":[{"count":0,"href":"https:\/\/havamall.vn\/en\/wp-json\/wp\/v2\/product\/16965\/revisions"}],"wp:featuredmedia":[{"embeddable":true,"href":"https:\/\/havamall.vn\/en\/wp-json\/wp\/v2\/media\/39127"}],"wp:attachment":[{"href":"https:\/\/havamall.vn\/en\/wp-json\/wp\/v2\/media?parent=16965"}],"wp:term":[{"taxonomy":"product_brand","embeddable":true,"href":"https:\/\/havamall.vn\/en\/wp-json\/wp\/v2\/product_brand?post=16965"},{"taxonomy":"product_cat","embeddable":true,"href":"https:\/\/havamall.vn\/en\/wp-json\/wp\/v2\/product_cat?post=16965"},{"taxonomy":"product_tag","embeddable":true,"href":"https:\/\/havamall.vn\/en\/wp-json\/wp\/v2\/product_tag?post=16965"}],"curies":[{"name":"wp","href":"https:\/\/api.w.org\/{rel}","templated":true}]}}