{"id":16917,"date":"2020-10-14T09:39:22","date_gmt":"2020-10-14T02:39:22","guid":{"rendered":"https:\/\/havamall.vn\/?post_type=product&#038;p=16917"},"modified":"2021-06-24T15:26:11","modified_gmt":"2021-06-24T08:26:11","slug":"gao-ban-mai-tran-chau-huong-tui-5kg-ban-mai-rice","status":"publish","type":"product","link":"https:\/\/havamall.vn\/en\/shop\/gao-ban-mai-tran-chau-huong-tui-5kg-ban-mai-rice\/","title":{"rendered":"G\u1ea1o Ban Mai Tr\u00e2n Ch\u00e2u H\u01b0\u01a1ng T\u00fai 5Kg \u2013 Ban Mai Rice"},"content":{"rendered":"<p><strong>TH\u00d4NG TIN S\u1ea2N PH\u1ea8M<\/strong><\/p>\n<table>\n<tbody>\n<tr>\n<td>Th\u01b0\u01a1ng hi\u1ec7u<\/td>\n<td>Ban Mai<\/td>\n<\/tr>\n<tr>\n<td>Quy c\u00e1ch \u0111\u00f3ng g\u00f3i<\/td>\n<td>5Kg<\/td>\n<\/tr>\n<tr>\n<td>Th\u00e0nh ph\u1ea7n<\/td>\n<td>100% g\u1ea1o Ban Mai tr\u00e2n ch\u00e2u h\u01b0\u01a1ng d\u1ebbo dai, th\u01a1m ngon<\/td>\n<\/tr>\n<tr>\n<td>H\u1ea1n s\u1eed d\u1ee5ng<\/td>\n<td>Xem tr\u00ean bao b\u00ec<\/td>\n<\/tr>\n<tr>\n<td>H\u01b0\u1edbng d\u1eabn s\u1eed d\u1ee5ng<\/td>\n<td>D\u00f9ng \u0111\u1ec3 n\u1ea5u c\u01a1m, ch\u00e1o, l\u00e0m kimpap,..<\/td>\n<\/tr>\n<tr>\n<td>B\u1ea3o qu\u1ea3n<\/td>\n<td>Sau khi m\u1edf g\u00f3i g\u1ea1o, n\u00ean b\u1ea3o qu\u1ea3n trong l\u1ecd th\u1ee7y tinh s\u1ea1ch, \u0111\u1eady ch\u1eb7t n\u1eafp l\u1ea1i v\u00e0 \u0111\u1ec3 n\u01a1i kh\u00f4 tho\u00e1ng.<\/td>\n<\/tr>\n<\/tbody>\n<\/table>\n<h1><img fetchpriority=\"high\" decoding=\"async\" class=\"wp-image-16924 aligncenter\" src=\"https:\/\/havamall.vn\/wp-content\/uploads\/2020\/10\/tch-1.jpg\" alt=\"\" width=\"504\" height=\"265\" srcset=\"https:\/\/havamall.vn\/wp-content\/uploads\/2020\/10\/tch-1.jpg 512w, https:\/\/havamall.vn\/wp-content\/uploads\/2020\/10\/tch-1-430x226.jpg 430w, https:\/\/havamall.vn\/wp-content\/uploads\/2020\/10\/tch-1-150x79.jpg 150w, https:\/\/havamall.vn\/wp-content\/uploads\/2020\/10\/tch-1-300x158.jpg 300w\" sizes=\"(max-width: 504px) 100vw, 504px\" \/><\/h1>\n<p><strong>\u0110\u1eb6C \u0110I\u1ec2M S\u1ea2N PH\u1ea8M<\/strong><\/p>\n<p>G\u00f3p tinh hoa t\u1eeb \u0111\u1ea5t, k\u1ebft ng\u00e0n h\u01b0\u01a1ng t\u1eeb tr\u1eddi, h\u1ea1t g\u1ea1o t\u01b0\u01a1i Tr\u00e2n Ch\u00e2u H\u01b0\u01a1ng \u0111\u01b0\u1ee3c s\u1ea3n xu\u1ea5t theo quy tr\u00ecnh ti\u00eau chu\u1ea9n VietGAP, l\u01b0u gi\u1eef h\u01b0\u01a1ng th\u01a1m \u0111\u1eb7c tr\u01b0ng v\u00e0 v\u1ecb \u0111\u1eadm \u0111\u00e0 ti\u00eau bi\u1ec3u c\u1ee7a l\u00faa n\u01b0\u1edbc.<\/p>\n<p>G\u1ea1o Ban Mai tr\u00e2n ch\u00e2u h\u01b0\u01a1ng c\u00f3 h\u1ea1t g\u1ea1o tr\u1eafng, \u0111\u1eb9p, d\u1ec5 n\u1ea5u. G\u1ea1o khi n\u1ea5u ch\u00edn cho c\u01a1m m\u1ec1m, x\u1ed1p, s\u0103n c\u01a1m, v\u1ecb \u0111\u1eadm \u0111\u00e1p \u1ee9ng \u0111\u01b0\u1ee3c nhu c\u1ea7u \u0111a d\u1ea1ng c\u1ee7a ng\u01b0\u1eddi ti\u00eau d\u00f9ng.<br \/>\nB\u1ea1n c\u00f3 th\u1ec3 s\u1eed d\u1ee5ng Ban Mai tr\u00e2n ch\u00e2u h\u01b0\u01a1ng \u0111\u1ec3 n\u1ea5u c\u00e1c lo\u1ea1i c\u01a1m, n\u1ea5u ch\u00e1o,&#8230;<\/p>\n<p><img decoding=\"async\" class=\"wp-image-16922 aligncenter\" src=\"https:\/\/havamall.vn\/wp-content\/uploads\/2020\/10\/c\u01a1m.jpg\" alt=\"\" width=\"666\" height=\"304\" srcset=\"https:\/\/havamall.vn\/wp-content\/uploads\/2020\/10\/c\u01a1m.jpg 800w, https:\/\/havamall.vn\/wp-content\/uploads\/2020\/10\/c\u01a1m-430x196.jpg 430w, https:\/\/havamall.vn\/wp-content\/uploads\/2020\/10\/c\u01a1m-150x68.jpg 150w, https:\/\/havamall.vn\/wp-content\/uploads\/2020\/10\/c\u01a1m-700x319.jpg 700w, https:\/\/havamall.vn\/wp-content\/uploads\/2020\/10\/c\u01a1m-300x137.jpg 300w, https:\/\/havamall.vn\/wp-content\/uploads\/2020\/10\/c\u01a1m-768x350.jpg 768w, https:\/\/havamall.vn\/wp-content\/uploads\/2020\/10\/c\u01a1m-600x274.jpg 600w\" sizes=\"(max-width: 666px) 100vw, 666px\" \/><\/p>\n<p>G\u1ea1o Ban Mai tr\u00e2n ch\u00e2u h\u01b0\u01a1ng \u0111\u01b0\u1ee3c s\u1ea3n xu\u1ea5t t\u1eeb gi\u1ed1ng l\u00faa thu\u1ea7n ch\u1ee7ng, l\u00e0 s\u1ea3n ph\u1ea9m g\u1ea1o t\u01b0\u01a1i s\u1ea1ch \u0111\u01b0\u1ee3c s\u1ea3n xu\u1ea5t kh\u00e9p k\u00edn t\u1eeb vi\u1ec7c l\u1ef1a ch\u1ecdn gi\u1ed1ng t\u1ed1t, gieo tr\u1ed3ng \u0111\u01b0\u1ee3c qu\u1ea3n l\u00fd ch\u1eb7t ch\u1ebd. Ngay sau khi thu ho\u1ea1ch l\u00faa \u0111\u01b0\u1ee3c chuy\u1ec3n v\u1ec1 h\u1ec7 th\u1ed1ng s\u1ea5y v\u00e0 ch\u1ebf bi\u1ebfn hi\u1ec7n \u0111\u1ea1i c\u1ee7a VinaRice (\u0110\u01a1n v\u1ecb th\u00e0nh vi\u00ean c\u1ee7a Vinaseed) \u0111\u1ea3m b\u1ea3o 100% lu\u00f4n t\u01b0\u01a1i m\u1edbi.<\/p>\n<p>Quy tr\u00ecnh s\u1ea3n xu\u1ea5t ho\u00e0n to\u00e0n kh\u00e9p k\u00edn v\u1edbi 4 kh\u00f4ng: \u201cKh\u00f4ng t\u1ed3n d\u01b0 thu\u1ed1c b\u1ea3o v\u1ec7 th\u1ef1c v\u1eadt, kh\u00f4ng h\u01b0\u01a1ng th\u01a1m nh\u00e2n t\u1ea1o, kh\u00f4ng ch\u1ea5t t\u1ea1o m\u00e0u v\u00e0 kh\u00f4ng ch\u1ea5t b\u1ea3o qu\u1ea3n\u201d n\u00ean \u0111\u1ea3m b\u1ea3o an to\u00e0n, ch\u1ea5t l\u01b0\u1ee3ng cho ng\u01b0\u1eddi ti\u00eau d\u00f9ng.<\/p>\n<p><strong>HAVAMALL H\u01af\u1edaNG D\u1eaaN B\u1ea0N C\u00c1CH N\u1ea4U CH\u00c1O T\u1eea G\u1ea0O BAN MAI TR\u00c2N CH\u00c2U H\u01af\u01a0NG<\/strong><\/p>\n<p><em><strong>Chu\u1ea9n b\u1ecb nguy\u00ean li\u1ec7u<\/strong><\/em><\/p>\n<ul>\n<li>180g g\u1ea1o Ban Mai tr\u00e2n ch\u00e2u h\u01b0\u01a1ng<\/li>\n<li>2,4l n\u01b0\u1edbc l\u1ecdc ho\u1eb7c n\u01b0\u1edbc d\u00f9ng (c\u00f3 th\u1ec3 l\u00e0 n\u01b0\u1edbc h\u1ea7m x\u01b0\u01a1ng ho\u1eb7c rau c\u1ee7)<\/li>\n<li>H\u00e0nh l\u00e1 c\u1eaft nh\u1ecf<\/li>\n<li>200g Th\u1ecbt n\u1ea1c b\u1eb1m<\/li>\n<li>1 qu\u1ea3 tr\u1ee9ng g\u00e0<\/li>\n<li>Gia v\u1ecb n\u00eam:\u00bd mu\u1ed7ng r\u01b0\u1ee3u g\u1ea1o tr\u1eafng, 1 m\u1eabu g\u1eebng c\u1eaft nh\u1ecf, 1 mu\u1ed7ng b\u1ed9t ng\u00f4, 1 \u00edt mu\u1ed1i, ti\u00eau<\/li>\n<\/ul>\n<p><img decoding=\"async\" class=\"size-full wp-image-16923 aligncenter\" src=\"https:\/\/havamall.vn\/wp-content\/uploads\/2020\/10\/ch\u00e1o.jpg\" alt=\"\" width=\"500\" height=\"350\" srcset=\"https:\/\/havamall.vn\/wp-content\/uploads\/2020\/10\/ch\u00e1o.jpg 500w, https:\/\/havamall.vn\/wp-content\/uploads\/2020\/10\/ch\u00e1o-430x301.jpg 430w, https:\/\/havamall.vn\/wp-content\/uploads\/2020\/10\/ch\u00e1o-150x105.jpg 150w, https:\/\/havamall.vn\/wp-content\/uploads\/2020\/10\/ch\u00e1o-300x210.jpg 300w, https:\/\/havamall.vn\/wp-content\/uploads\/2020\/10\/ch\u00e1o-220x154.jpg 220w\" sizes=\"(max-width: 500px) 100vw, 500px\" \/><\/p>\n<p><em><strong>C\u00e1ch th\u1ef1c hi\u1ec7n<\/strong><\/em><\/p>\n<p>B\u01b0\u1edbc 1: Vo g\u1ea1o s\u1ea1ch, ng\u00e2m trong n\u01b0\u1edbc kho\u1ea3ng 30 ph\u00fat. Sau \u0111\u00f3, \u0111\u1ed5 g\u1ea1o ra r\u1ed5 cho r\u00e1o n\u01b0\u1edbc r\u1ed3i cho v\u00e0o t\u00f4 th\u00eam d\u1ea7u \u0103n, tr\u1ed9n \u0111\u1ec1u trong v\u00f2ng 15 ph\u00fat. Cho kho\u1ea3ng 2 l\u00edt n\u01b0\u1edbc v\u00e0o n\u1ed3i, \u0111\u1eb7t l\u00ean b\u1ebfp, \u0111\u1ee3i s\u00f4i m\u1edbi cho g\u1ea1o v\u00e0o.<\/p>\n<p>B\u01b0\u1edbc 2: Khi n\u1ed3i ch\u00e1o \u0111ang s\u00f4i b\u1ea1n c\u1ea7n v\u1eb7n nh\u1ecf l\u1eeda l\u1ea1i, n\u1ea5u trong v\u00f2ng 30 ph\u00fat. Thi tho\u1ea3ng l\u1ea5y mu\u1ed7ng khu\u1ea5y \u0111\u1ec1u n\u1ed3i ch\u00e1o (5 ph\u00fat khu\u1ea5y 1 l\u1ea7n).<\/p>\n<p>B\u01b0\u1edbc 3: Sau khi nh\u00ecn th\u1ea5y g\u1ea1o \u0111\u00e3 n\u1edf ra ho\u00e0n to\u00e0n, b\u1ea1n cho tr\u1ee9ng g\u00e0 v\u00e0o tr\u01b0\u1edbc, khu\u1ea5y \u0111\u1ec1u cho \u0111\u1ebfn khi ch\u00e1o s\u00f4i tr\u1edf l\u1ea1i. L\u00fac n\u00e0y, cho th\u00eam th\u1ecbt \u0111\u00e3 \u01b0\u1edbp s\u1eb5n, mu\u1ed1i r\u1ed3i n\u1ea5u trong v\u00f2ng 10 ph\u00fat n\u1eefa l\u00e0 t\u1eaft b\u1ebfp.<\/p>\n<p>&nbsp;<\/p>","protected":false},"excerpt":{"rendered":"<p>G\u1ea1o Ban Mai tr\u00e2n ch\u00e2u h\u01b0\u01a1ng \u0111\u01b0\u1ee3c s\u1ea3n xu\u1ea5t t\u1eeb gi\u1ed1ng l\u00faa thu\u1ea7n ch\u1ee7ng, l\u00e0 s\u1ea3n ph\u1ea9m g\u1ea1o t\u01b0\u01a1i s\u1ea1ch \u0111\u01b0\u1ee3c s\u1ea3n xu\u1ea5t kh\u00e9p k\u00edn t\u1eeb vi\u1ec7c l\u1ef1a ch\u1ecdn gi\u1ed1ng t\u1ed1t, gieo tr\u1ed3ng \u0111\u01b0\u1ee3c qu\u1ea3n l\u00fd ch\u1eb7t ch\u1ebd. Ngay sau khi thu ho\u1ea1ch l\u00faa \u0111\u01b0\u1ee3c chuy\u1ec3n v\u1ec1 h\u1ec7 th\u1ed1ng s\u1ea5y v\u00e0 ch\u1ebf bi\u1ebfn hi\u1ec7n \u0111\u1ea1i c\u1ee7a VinaRice (\u0110\u01a1n v\u1ecb th\u00e0nh vi\u00ean c\u1ee7a Vinaseed) \u0111\u1ea3m b\u1ea3o 100% lu\u00f4n t\u01b0\u01a1i m\u1edbi.<\/p>\n<p>Quy tr\u00ecnh s\u1ea3n xu\u1ea5t ho\u00e0n to\u00e0n kh\u00e9p k\u00edn v\u1edbi 4 kh\u00f4ng: \u201cKh\u00f4ng t\u1ed3n d\u01b0 thu\u1ed1c b\u1ea3o v\u1ec7 th\u1ef1c v\u1eadt, kh\u00f4ng h\u01b0\u01a1ng th\u01a1m nh\u00e2n t\u1ea1o, kh\u00f4ng ch\u1ea5t t\u1ea1o m\u00e0u v\u00e0 kh\u00f4ng ch\u1ea5t b\u1ea3o qu\u1ea3n\u201d n\u00ean \u0111\u1ea3m b\u1ea3o an to\u00e0n, ch\u1ea5t l\u01b0\u1ee3ng cho ng\u01b0\u1eddi ti\u00eau d\u00f9ng.<\/p>\n<p>G\u1ea1o Ban Mai tr\u00e2n ch\u00e2u h\u01b0\u01a1ng c\u00f3 h\u1ea1t g\u1ea1o tr\u1eafng, \u0111\u1eb9p, d\u1ec5 n\u1ea5u. G\u1ea1o khi n\u1ea5u ch\u00edn cho c\u01a1m m\u1ec1m, x\u1ed1p, s\u0103n c\u01a1m, v\u1ecb \u0111\u1eadm \u0111\u00e1p \u1ee9ng \u0111\u01b0\u1ee3c nhu c\u1ea7u \u0111a d\u1ea1ng c\u1ee7a ng\u01b0\u1eddi ti\u00eau d\u00f9ng.<\/p>\n<p>&nbsp;<\/p>","protected":false},"featured_media":16925,"comment_status":"open","ping_status":"closed","template":"","meta":[],"product_brand":[],"product_cat":[36,134],"product_tag":[],"class_list":{"0":"post-16917","1":"product","2":"type-product","3":"status-publish","4":"has-post-thumbnail","6":"product_cat-thuc-pham-tieu-dung","7":"product_cat-thucpham-saykho","8":"pa_brand-ban-mai","10":"first","11":"outofstock","12":"sale","13":"shipping-taxable","14":"purchasable","15":"product-type-simple"},"_links":{"self":[{"href":"https:\/\/havamall.vn\/en\/wp-json\/wp\/v2\/product\/16917"}],"collection":[{"href":"https:\/\/havamall.vn\/en\/wp-json\/wp\/v2\/product"}],"about":[{"href":"https:\/\/havamall.vn\/en\/wp-json\/wp\/v2\/types\/product"}],"replies":[{"embeddable":true,"href":"https:\/\/havamall.vn\/en\/wp-json\/wp\/v2\/comments?post=16917"}],"version-history":[{"count":0,"href":"https:\/\/havamall.vn\/en\/wp-json\/wp\/v2\/product\/16917\/revisions"}],"wp:featuredmedia":[{"embeddable":true,"href":"https:\/\/havamall.vn\/en\/wp-json\/wp\/v2\/media\/16925"}],"wp:attachment":[{"href":"https:\/\/havamall.vn\/en\/wp-json\/wp\/v2\/media?parent=16917"}],"wp:term":[{"taxonomy":"product_brand","embeddable":true,"href":"https:\/\/havamall.vn\/en\/wp-json\/wp\/v2\/product_brand?post=16917"},{"taxonomy":"product_cat","embeddable":true,"href":"https:\/\/havamall.vn\/en\/wp-json\/wp\/v2\/product_cat?post=16917"},{"taxonomy":"product_tag","embeddable":true,"href":"https:\/\/havamall.vn\/en\/wp-json\/wp\/v2\/product_tag?post=16917"}],"curies":[{"name":"wp","href":"https:\/\/api.w.org\/{rel}","templated":true}]}}