{"id":16899,"date":"2020-10-13T16:44:18","date_gmt":"2020-10-13T09:44:18","guid":{"rendered":"https:\/\/havamall.vn\/?post_type=product&#038;p=16899"},"modified":"2021-06-24T15:26:38","modified_gmt":"2021-06-24T08:26:38","slug":"gao-thom-rvt-tui-5kg-rvt-fragrant-rice","status":"publish","type":"product","link":"https:\/\/havamall.vn\/en\/shop\/gao-thom-rvt-tui-5kg-rvt-fragrant-rice\/","title":{"rendered":"G\u1ea1o Th\u01a1m RVT T\u00fai 5Kg &#8211; RVT Fragrant Rice"},"content":{"rendered":"<h1>TH\u00d4NG TIN C\u00d4NG TY VINASEED<\/h1>\n<p>&#8211; Vinaseed l\u00e0 doanh nghi\u1ec7p KHCN \u0111\u1ea7u ti\u00ean trong ng\u00e0nh gi\u1ed1ng c\u00e2y tr\u1ed3ng Vi\u1ec7t Nam, ti\u00ean phong trong ho\u1ea1t \u0111\u1ed9ng nghi\u00ean c\u1ee9u, \u1ee9ng d\u1ee5ng v\u00e0 chuy\u1ec3n giao c\u00f4ng ngh\u1ec7 v\u1edbi c\u00e1c gi\u1ea3i ph\u00e1p \u0111\u1ed9t ph\u00e1, \u0111i tr\u01b0\u1edbc v\u00e0 \u0111\u1ecbnh h\u01b0\u1edbng th\u1ecb tr\u01b0\u1eddng.<\/p>\n<p>&#8211; H\u1ec7 th\u1ed1ng c\u01a1 s\u1edf h\u1ea1 t\u1ea7ng ph\u1ee5c v\u1ee5 nghi\u00ean c\u1ee9u hi\u1ec7n \u0111\u1ea1i, \u0111\u1ed9i ng\u0169 chuy\u00ean gia h\u00f9ng h\u1eadu, nh\u00e2n s\u1ef1 tr\u00ean 1000 lao \u0111\u1ed9ng v\u1edbi 80% c\u00f3 tr\u00ecnh \u0111\u1ed9 \u0111\u1ea1i h\u1ecdc v\u00e0 tr\u00ean \u0111\u1ea1i h\u1ecdc ho\u00e0n to\u00e0n l\u00e0m ch\u1ee7 c\u00f4ng ngh\u1ec7 ch\u1ecdn t\u1ea1o gi\u1ed1ng ti\u00ean ti\u1ebfn tr\u00ean th\u1ebf gi\u1edbi, c\u00f4ng ngh\u1ec7 s\u1ea3n xu\u1ea5t h\u1ea1t lai, c\u00f4ng ngh\u1ec7 s\u1ea3n xu\u1ea5t n\u00f4ng nghi\u1ec7p 4.0.<\/p>\n<p><img fetchpriority=\"high\" decoding=\"async\" class=\"size-full wp-image-16903 aligncenter\" src=\"https:\/\/havamall.vn\/wp-content\/uploads\/2020\/10\/download.png\" alt=\"\" width=\"417\" height=\"121\" srcset=\"https:\/\/havamall.vn\/wp-content\/uploads\/2020\/10\/download.png 417w, https:\/\/havamall.vn\/wp-content\/uploads\/2020\/10\/download-150x44.png 150w, https:\/\/havamall.vn\/wp-content\/uploads\/2020\/10\/download-300x87.png 300w\" sizes=\"(max-width: 417px) 100vw, 417px\" \/><\/p>\n<h1>\u0110\u1eb6C \u0110I\u1ec2M G\u1ea0O TH\u01a0M RVT<\/h1>\n<p>&#8211; G\u1ea1o Th\u01a1m RVT \u0111\u01b0\u1ee3c s\u1ea3n xu\u1ea5t t\u1eeb gi\u1ed1ng l\u00faa Th\u01a1m RVT th\u01b0\u1eddng xuy\u00ean \u0111\u01b0\u1ee3c \u0111\u1ed9i ng\u0169 chuy\u00ean gia k\u1ef9 thu\u1eadt \u0111\u1ea7u ng\u00e0nh c\u1ee7a c\u00f4ng ty c\u1ea3i ti\u1ebfn n\u00e2ng cao ch\u1ea5t l\u01b0\u1ee3ng \u0111\u1ed9 th\u01a1m, d\u1ebbo, tr\u1eafng trong c\u1ee7a h\u1ea1t g\u1ea1o.<\/p>\n<p>&#8211; V\u1edbi ti\u00eau chu\u1ea9n h\u1ea1t g\u1ea1o l\u00fd t\u01b0\u1edfng h\u1ea1t nh\u1ecf, d\u00e0i, trong, h\u00fat n\u01b0\u1edbc \u00edt n\u00ean c\u01a1m g\u1ea1o th\u01a1m RVT lu\u00f4n gi\u1eef \u0111\u01b0\u1ee3c h\u00e0m l\u01b0\u1ee3ng dinh d\u01b0\u1ee1ng cao, gi\u00e0u Vitamin, h\u01b0\u01a1ng th\u01a1m nh\u1eb9 \u0111\u01b0\u1ee3c ch\u1eaft l\u1ecdc t\u1eeb t\u1ef1 nhi\u00ean qua qu\u00e1 tr\u00ecnh ch\u1ecdn t\u1ea1o b\u1eb1ng ph\u01b0\u01a1ng ph\u00e1p truy\u1ec1n th\u1ed1ng (kh\u00f4ng s\u1eed d\u1ee5ng c\u00f4ng ngh\u1ec7 bi\u1ebfn \u0111\u1ed5i gen) c\u00e1c ngu\u1ed3n gen th\u01a1m qu\u00fd hi\u1ebfm c\u1ee7a c\u00e2y l\u00faa \u0111\u1eb7c s\u1ea3n b\u1ea3n \u0111\u1ecba n\u1ed5i ti\u1ebfng t\u1ea1i Vi\u1ec7t Nam.<\/p>\n<p><img decoding=\"async\" class=\"wp-image-16901 aligncenter\" src=\"https:\/\/havamall.vn\/wp-content\/uploads\/2020\/10\/L\u00daA.jpg\" alt=\"\" width=\"525\" height=\"328\" srcset=\"https:\/\/havamall.vn\/wp-content\/uploads\/2020\/10\/L\u00daA.jpg 640w, https:\/\/havamall.vn\/wp-content\/uploads\/2020\/10\/L\u00daA-430x269.jpg 430w, https:\/\/havamall.vn\/wp-content\/uploads\/2020\/10\/L\u00daA-150x94.jpg 150w, https:\/\/havamall.vn\/wp-content\/uploads\/2020\/10\/L\u00daA-300x188.jpg 300w, https:\/\/havamall.vn\/wp-content\/uploads\/2020\/10\/L\u00daA-600x375.jpg 600w\" sizes=\"(max-width: 525px) 100vw, 525px\" \/><\/p>\n<p>&#8211; C\u00e2y l\u00faa RVT \u0111\u01b0\u1ee3c C\u00f4ng ty C\u1ed5 ph\u1ea7n Gi\u1ed1ng c\u00e2y tr\u1ed3ng Trung \u01b0\u01a1ng (VINASEED) l\u1ef1a ch\u1ecdn tr\u1ed3ng t\u1ea1i nh\u1eefng v\u00f9ng \u0111\u1ea5t t\u1ed1t nh\u1ea5t t\u1ea1i Vi\u1ec7t Nam (kh\u00f4ng kh\u00ed trong l\u00e0nh, \u0111\u1ea5t gi\u00e0u dinh d\u01b0\u1ee1ng, h\u1ec7 sinh th\u00e1i ph\u00f9 h\u1ee3p). Sau khi thu ho\u1ea1ch, b\u00f4ng l\u00faa RVT \u0111\u01b0\u1ee3c chuy\u1ec3n th\u1eb3ng \u0111\u1ebfn c\u00e1c nh\u00e0 m\u00e1y ch\u1ebf bi\u1ebfn g\u1ea1o v\u1edbi d\u00e2y chuy\u1ec1n ch\u1ebf bi\u1ebfn hi\u1ec7n \u0111\u1ea1i, \u0111\u1ed3ng b\u1ed9 c\u1ee7a \u0110\u1ee9c \u0111\u1ec3 t\u1eeb \u0111\u00f3 \u0111\u01b0a s\u1ea3n ph\u1ea9m g\u1ea1o th\u01a1m RVT \u0111\u1ebfn tay ng\u01b0\u1eddi ti\u00eau d\u00f9ng Vi\u1ec7t.<\/p>\n<p>&#8211; G\u1ea1o RVT th\u01a1m, d\u1ebbo, gi\u00e0u dinh d\u01b0\u1ee1ng (h\u00e0m l\u01b0\u1ee3ng protein trong g\u1ea1o th\u01a1m RVT \u0111\u1ea1t 9,2% &#8211; c\u00e1c lo\u1ea1i g\u1ea1o th\u00f4ng th\u01b0\u1eddng ch\u1ec9 \u0111\u1ea1t t\u1eeb 7% &#8211; 7,5%), h\u00e0m l\u01b0\u1ee3ng \u0111\u01b0\u1eddng 0,06% c\u1ef1c th\u1ea5p, t\u1ed1t cho s\u1ee9c kh\u1ecfe c\u1ee7a ng\u01b0\u1eddi d\u00f9ng, \u0111\u1eb7c bi\u1ec7t l\u00e0 ng\u01b0\u1eddi gi\u00e0, tr\u1ebb nh\u1ecf, ng\u01b0\u1eddi m\u1eafc b\u1ec7nh ti\u1ec3u \u0111\u01b0\u1eddng, ng\u01b0\u1eddi c\u00f3 nguy c\u01a1 m\u1eafc b\u1ec7nh ti\u1ec3u \u0111\u01b0\u1eddng,..<\/p>\n<p><img decoding=\"async\" class=\"size-full wp-image-16902 aligncenter\" src=\"https:\/\/havamall.vn\/wp-content\/uploads\/2020\/10\/RVT1.jpg\" alt=\"\" width=\"512\" height=\"342\" srcset=\"https:\/\/havamall.vn\/wp-content\/uploads\/2020\/10\/RVT1.jpg 512w, https:\/\/havamall.vn\/wp-content\/uploads\/2020\/10\/RVT1-430x287.jpg 430w, https:\/\/havamall.vn\/wp-content\/uploads\/2020\/10\/RVT1-150x100.jpg 150w, https:\/\/havamall.vn\/wp-content\/uploads\/2020\/10\/RVT1-300x200.jpg 300w\" sizes=\"(max-width: 512px) 100vw, 512px\" \/><\/p>\n<h1>TH\u00d4NG TIN S\u1ea2N PH\u1ea8M<\/h1>\n<table>\n<tbody>\n<tr>\n<td>Th\u01b0\u01a1ng hi\u1ec7u<\/td>\n<td>Ban Mai<\/td>\n<\/tr>\n<tr>\n<td>Quy c\u00e1ch \u0111\u00f3ng g\u00f3i<\/td>\n<td>5Kg<\/td>\n<\/tr>\n<tr>\n<td>Th\u00e0nh ph\u1ea7n<\/td>\n<td>100% g\u1ea1o th\u01a1m RVT<\/td>\n<\/tr>\n<tr>\n<td>H\u1ea1n s\u1eed d\u1ee5ng<\/td>\n<td>Xem tr\u00ean bao b\u00ec<\/td>\n<\/tr>\n<tr>\n<td>H\u01b0\u1edbng d\u1eabn s\u1eed d\u1ee5ng<\/td>\n<td>D\u00f9ng \u0111\u1ec3 n\u1ea5u c\u01a1m, ch\u00e1o, l\u00e0m kimpap,..<\/td>\n<\/tr>\n<tr>\n<td>B\u1ea3o qu\u1ea3n<\/td>\n<td>Sau khi m\u1edf g\u00f3i g\u1ea1o, n\u00ean b\u1ea3o qu\u1ea3n trong l\u1ecd th\u1ee7y tinh s\u1ea1ch, \u0111\u1eady ch\u1eb7t n\u1eafp l\u1ea1i v\u00e0 \u0111\u1ec3 n\u01a1i kh\u00f4 tho\u00e1ng.<\/td>\n<\/tr>\n<\/tbody>\n<\/table>","protected":false},"excerpt":{"rendered":"<ul>\n<li>G\u1ea1o Th\u01a1m RVT \u0111\u01b0\u1ee3c s\u1ea3n xu\u1ea5t t\u1eeb gi\u1ed1ng l\u00faa Th\u01a1m RVT th\u01b0\u1eddng xuy\u00ean \u0111\u01b0\u1ee3c \u0111\u1ed9i ng\u0169 chuy\u00ean gia k\u1ef9 thu\u1eadt \u0111\u1ea7u ng\u00e0nh c\u1ee7a c\u00f4ng ty c\u1ea3i ti\u1ebfn n\u00e2ng cao ch\u1ea5t l\u01b0\u1ee3ng \u0111\u1ed9 th\u01a1m, d\u1ebbo, tr\u1eafng trong c\u1ee7a h\u1ea1t g\u1ea1o.<\/li>\n<li>G\u1ea1o RVT th\u01a1m, d\u1ebbo, gi\u00e0u dinh d\u01b0\u1ee1ng (h\u00e0m l\u01b0\u1ee3ng protein trong g\u1ea1o th\u01a1m RVT \u0111\u1ea1t 9,2% &#8211; c\u00e1c lo\u1ea1i g\u1ea1o th\u00f4ng th\u01b0\u1eddng ch\u1ec9 \u0111\u1ea1t t\u1eeb 7% &#8211; 7,5%), h\u00e0m l\u01b0\u1ee3ng \u0111\u01b0\u1eddng 0,06% c\u1ef1c th\u1ea5p, t\u1ed1t cho s\u1ee9c kh\u1ecfe c\u1ee7a ng\u01b0\u1eddi d\u00f9ng, \u0111\u1eb7c bi\u1ec7t l\u00e0 ng\u01b0\u1eddi gi\u00e0, tr\u1ebb nh\u1ecf, ng\u01b0\u1eddi m\u1eafc b\u1ec7nh ti\u1ec3u \u0111\u01b0\u1eddng, ng\u01b0\u1eddi c\u00f3 nguy c\u01a1 m\u1eafc b\u1ec7nh ti\u1ec3u \u0111\u01b0\u1eddng,..<\/li>\n<\/ul>","protected":false},"featured_media":16904,"comment_status":"open","ping_status":"closed","template":"","meta":[],"product_brand":[],"product_cat":[36,134],"product_tag":[],"class_list":{"0":"post-16899","1":"product","2":"type-product","3":"status-publish","4":"has-post-thumbnail","6":"product_cat-thuc-pham-tieu-dung","7":"product_cat-thucpham-saykho","8":"pa_brand-ban-mai","10":"first","11":"outofstock","12":"sale","13":"shipping-taxable","14":"purchasable","15":"product-type-simple"},"_links":{"self":[{"href":"https:\/\/havamall.vn\/en\/wp-json\/wp\/v2\/product\/16899"}],"collection":[{"href":"https:\/\/havamall.vn\/en\/wp-json\/wp\/v2\/product"}],"about":[{"href":"https:\/\/havamall.vn\/en\/wp-json\/wp\/v2\/types\/product"}],"replies":[{"embeddable":true,"href":"https:\/\/havamall.vn\/en\/wp-json\/wp\/v2\/comments?post=16899"}],"version-history":[{"count":0,"href":"https:\/\/havamall.vn\/en\/wp-json\/wp\/v2\/product\/16899\/revisions"}],"wp:featuredmedia":[{"embeddable":true,"href":"https:\/\/havamall.vn\/en\/wp-json\/wp\/v2\/media\/16904"}],"wp:attachment":[{"href":"https:\/\/havamall.vn\/en\/wp-json\/wp\/v2\/media?parent=16899"}],"wp:term":[{"taxonomy":"product_brand","embeddable":true,"href":"https:\/\/havamall.vn\/en\/wp-json\/wp\/v2\/product_brand?post=16899"},{"taxonomy":"product_cat","embeddable":true,"href":"https:\/\/havamall.vn\/en\/wp-json\/wp\/v2\/product_cat?post=16899"},{"taxonomy":"product_tag","embeddable":true,"href":"https:\/\/havamall.vn\/en\/wp-json\/wp\/v2\/product_tag?post=16899"}],"curies":[{"name":"wp","href":"https:\/\/api.w.org\/{rel}","templated":true}]}}