{"id":16864,"date":"2020-10-13T14:26:07","date_gmt":"2020-10-13T07:26:07","guid":{"rendered":"https:\/\/havamall.vn\/?post_type=product&#038;p=16864"},"modified":"2021-03-03T15:37:40","modified_gmt":"2021-03-03T08:37:40","slug":"gao-lut-ban-mai-phuc-tho-do-hop-1kg","status":"publish","type":"product","link":"https:\/\/havamall.vn\/en\/shop\/gao-lut-ban-mai-phuc-tho-do-hop-1kg\/","title":{"rendered":"G\u1ea1o L\u1ee9t Ban Mai Ph\u00fac Th\u1ecd \u0110\u1ecf H\u1ed9p 1Kg &#8211; Red Brown Rice"},"content":{"rendered":"<h1>\u0110\u1eb6C \u0110I\u1ec2M C\u1ee6A G\u1ea0O L\u1ee8T \u0110\u1ece<\/h1>\n<p>&#8211; G\u1ea1o l\u1ee9t \u0111\u1ecf l\u00e0 nguy\u00ean li\u1ec7u th\u1ef1c ph\u1ea9m t\u1ed1t cho s\u1ee9c kho\u1ebb. H\u1ea1t g\u1ea1o b\u1ea7u tr\u00f2n, b\u00f3ng, g\u1ea1o l\u1ee9t c\u00f3 m\u00e0u \u0111\u1ecf huy\u1ebft d\u1ee5 \u0111\u1eb7c tr\u01b0ng v\u00e0 c\u00f3 h\u00e0m l\u01b0\u1ee3ng dinh d\u01b0\u1ee1ng r\u1ea5t cao, \u0111\u1eb7c bi\u1ec7t ch\u1ee9a nhi\u1ec1u kho\u00e1n ch\u1ea5t Omega 3, 6 &amp;9\u2026<\/p>\n<p>&#8211; Quy tr\u00ecnh s\u1ea3n xu\u1ea5t, ch\u1ebf bi\u1ebfn ho\u00e0n to\u00e0n kh\u00e9p k\u00edn, g\u1ea1o t\u01b0\u01a1i s\u1ea1ch lu\u00f4n \u0111\u1ea3m b\u1ea3o \u201c4 kh\u00f4ng\u201d: kh\u00f4ng t\u1ed3n d\u01b0 thu\u1ed1c BVTV, kh\u00f4ng h\u01b0\u01a1ng th\u01a1m nh\u00e2n t\u1ea1o, kh\u00f4ng ch\u1ea5t t\u1ea1o m\u00e0u v\u00e0 kh\u00f4ng ch\u1ea5t b\u1ea3o qu\u1ea3n. G\u1ea1o c\u00f3 h\u01b0\u01a1ng th\u01a1m \u0111\u1eb7c tr\u01b0ng, v\u1ecb \u0111\u1eadm \u0111\u00e0 v\u00e0 ng\u1ecdt d\u1ecbu l\u01b0u gi\u1eef tr\u1ecdn v\u1eb9n h\u01b0\u01a1ng v\u1ecb tinh t\u1ebf, dinh d\u01b0\u1ee1ng t\u1ef1 nhi\u00ean an to\u00e0n c\u00f3 truy xu\u1ea5t ngu\u1ed3n g\u1ed1c r\u00f5 r\u00e0ng.<\/p>\n<p>&#8211; G\u1ea1o l\u1ee9t \u0111\u1ecf c\u1ef1c k\u00ec t\u1ed1t cho nh\u1eefng ng\u01b0\u1eddi \u0111ang \u0103n chay, \u0103n ki\u00eang, \u0111\u1ed3ng th\u1eddi h\u1ed7 tr\u1ee3 nhu c\u1ea7u gi\u1ea3m c\u00e2n, l\u00e0m \u0111\u1eb9p m\u00e0 v\u1eabn \u0111\u1ea3m b\u1ea3o dinh d\u01b0\u1ee1ng. V\u00ec th\u1ebf, nhi\u1ec1u ng\u01b0\u1eddi th\u01b0\u1eddng \u0103n g\u1ea1o l\u1ee9t gi\u1ea3m c\u00e2n \u0111\u1ec3 c\u00f3 \u0111\u01b0\u1ee3c v\u00f3c d\u00e1ng nh\u01b0 mong mu\u1ed1n.<\/p>\n<p>&#8211; Trong g\u1ea1o l\u1ee9t \u0111\u1ecf ch\u1ee9a \u0111\u1ea7y \u0111\u1ee7 c\u00e1c ch\u1ea5t Tinh b\u1ed9t, Ch\u1ea5t \u0111\u1ea1m, Ch\u1ea5t b\u00e9o, Ch\u1ea5t x\u01a1 c\u00f9ng v\u1edbi c\u00e1c Vitamin: B1, B2, B3, B5, B6\u2026 Ngo\u00e0i ra c\u00f2n gi\u00e0u c\u00e1c nguy\u00ean t\u1ed1 vi l\u01b0\u1ee3ng nh\u01b0 Canxi, S\u1eaft, Magi\u00ea, Kali\u2026<\/p>\n<p><img fetchpriority=\"high\" decoding=\"async\" class=\"wp-image-16866 aligncenter\" src=\"https:\/\/havamall.vn\/wp-content\/uploads\/2020\/10\/G\u1ea0O-\u0110\u1ece-11.jpg\" alt=\"\" width=\"525\" height=\"263\" srcset=\"https:\/\/havamall.vn\/wp-content\/uploads\/2020\/10\/G\u1ea0O-\u0110\u1ece-11.jpg 980w, https:\/\/havamall.vn\/wp-content\/uploads\/2020\/10\/G\u1ea0O-\u0110\u1ece-11-430x215.jpg 430w, https:\/\/havamall.vn\/wp-content\/uploads\/2020\/10\/G\u1ea0O-\u0110\u1ece-11-150x75.jpg 150w, https:\/\/havamall.vn\/wp-content\/uploads\/2020\/10\/G\u1ea0O-\u0110\u1ece-11-700x350.jpg 700w, https:\/\/havamall.vn\/wp-content\/uploads\/2020\/10\/G\u1ea0O-\u0110\u1ece-11-300x150.jpg 300w, https:\/\/havamall.vn\/wp-content\/uploads\/2020\/10\/G\u1ea0O-\u0110\u1ece-11-768x384.jpg 768w, https:\/\/havamall.vn\/wp-content\/uploads\/2020\/10\/G\u1ea0O-\u0110\u1ece-11-600x300.jpg 600w\" sizes=\"(max-width: 525px) 100vw, 525px\" \/><\/p>\n<h1>L\u1ee2I \u00cdCH C\u1ee6A G\u1ea0O L\u1ee8T \u0110\u1ece<\/h1>\n<p>&#8211; G\u1ea1o l\u1ee9t gi\u00e0u selenium l\u00e0m gi\u1ea3m nguy c\u01a1 ph\u00e1t tri\u1ec3n c\u00e1c b\u1ec7nh ph\u1ed5 bi\u1ebfn nh\u01b0 ung th\u01b0, b\u1ec7nh tim v\u00e0 vi\u00eam kh\u1edbp.<br \/>\nH\u00e0m l\u01b0\u1ee3ng mangan (1 lo\u1ea1i ch\u1ea5t kho\u00e1ng) cao trong g\u1ea1o l\u1ee9t: M\u1ed9t ch\u00e9n g\u1ea1o l\u1ee9t cung c\u1ea5p 80% nhu c\u1ea7u mangan h\u00e0ng ng\u00e0y, c\u00f3 l\u1ee3i cho h\u1ec7 th\u1ed1ng th\u1ea7n kinh.<\/p>\n<p>&#8211; G\u1ea1o l\u1ee9t gi\u00e0u d\u1ea7u t\u1ef1 nhi\u00ean c\u00f3 l\u1ee3i cho c\u01a1 th\u1ec3 nh\u01b0 c\u00e1c ch\u1ea5t b\u00e9o l\u00e0nh m\u1ea1nh gi\u00fap b\u00ecnh th\u01b0\u1eddng h\u00f3a n\u1ed3ng \u0111\u1ed9 cholesterol, ng\u0103n ng\u1eeba b\u1ec7nh tim, gi\u00fap h\u1ea1 huy\u1ebft \u00e1p v\u00e0 l\u00e0m gi\u1ea3m nguy c\u01a1 h\u00ecnh th\u00e0nh c\u00e1c m\u1ea3ng b\u00e1m trong \u0111\u1ed9ng m\u1ea1ch.<\/p>\n<p>&#8211; G\u1ea1o l\u1ee9t gi\u00e0u ch\u1ea5t x\u01a1: G\u1ea1o l\u1ee9t c\u00f3 nhi\u1ec1u ch\u1ea5t x\u01a1 v\u00e0 \u0111\u01b0\u1ee3c x\u1ebfp v\u00e0o top \u0111\u1ea7u c\u1ee7a danh s\u00e1ch c\u00e1c lo\u1ea1i th\u1ef1c ph\u1ea9m c\u00f3 th\u1ec3 gi\u00fap ng\u0103n ng\u1eeba ung th\u01b0 \u0111\u1ea1i tr\u00e0ng, ng\u0103n ng\u1eeba t\u00e1o b\u00f3n, nhu\u00e2\u0323n tr\u00e0ng, l\u1ee3i ti\u00ea\u0309u.<\/p>\n<p><img decoding=\"async\" class=\"wp-image-16871 aligncenter\" src=\"https:\/\/havamall.vn\/wp-content\/uploads\/2020\/10\/g\u1ea1o-5.jpg\" alt=\"\" width=\"618\" height=\"464\" srcset=\"https:\/\/havamall.vn\/wp-content\/uploads\/2020\/10\/g\u1ea1o-5.jpg 960w, https:\/\/havamall.vn\/wp-content\/uploads\/2020\/10\/g\u1ea1o-5-430x323.jpg 430w, https:\/\/havamall.vn\/wp-content\/uploads\/2020\/10\/g\u1ea1o-5-150x113.jpg 150w, https:\/\/havamall.vn\/wp-content\/uploads\/2020\/10\/g\u1ea1o-5-700x525.jpg 700w, https:\/\/havamall.vn\/wp-content\/uploads\/2020\/10\/g\u1ea1o-5-300x225.jpg 300w, https:\/\/havamall.vn\/wp-content\/uploads\/2020\/10\/g\u1ea1o-5-768x576.jpg 768w, https:\/\/havamall.vn\/wp-content\/uploads\/2020\/10\/g\u1ea1o-5-600x450.jpg 600w\" sizes=\"(max-width: 618px) 100vw, 618px\" \/><\/p>\n<h1>C\u00c1CH N\u1ea4U G\u1ea0O L\u1ee8T \u0110\u1ece<\/h1>\n<p>&#8211; Vo g\u1ea1o 1 l\u1ea7n, cho g\u1ea1o v\u00e0 n\u01b0\u1edbc theo t\u1ef7 l\u1ec7 1:2. Cho v\u00e0i gi\u1ecdt d\u1ea7u Oliu v\u00e0 1 \u00edt mu\u1ed1i bi\u1ec3n \u0111\u1ec3 v\u1ecb c\u01a1m ngon h\u01a1n.<\/p>\n<p>\u0110\u1ec3 gia t\u0103ng nhi\u1ec1u ch\u1ea5t dinh d\u01b0\u1ee1ng t\u1eeb g\u1ea1o l\u1ee9t, ch\u00fang ta c\u00f3 th\u1ec3 th\u1ef1c hi\u1ec7n theo c\u00e1ch nh\u01b0 sau<\/p>\n<p><em>&#8211; G\u1ea1o l\u1ee9c l\u00e0 m\u1ed9t lo\u1ea1i th\u1ef1c ph\u1ea9m nhi\u1ec1u dinh d\u01b0\u1ee1ng khi so s\u00e1nh v\u1edbi g\u1ea1o tr\u1eafng. Tuy nhi\u00ean, n\u00f3 c\u00f2n gia t\u0103ng nhi\u1ec1u dinh d\u01b0\u1ee1ng h\u01a1n n\u1eefa khi \u0111\u01b0\u1ee3c \u0111em ng\u00e2m trong n\u01b0\u1edbc \u1ea5m, l\u00e2u kho\u1ea3ng 22 gi\u1edd. G\u1ea1o l\u1ee9c ng\u00e2m l\u00e2u 22 ti\u1ebfng \u0111\u1ed3ng h\u1ed3 ch\u1ee9a r\u1ea5t nhi\u1ec1u ch\u1ea5t b\u1ed5 d\u01b0\u1ee1ng v\u00ec l\u00fac n\u00e0y h\u1ea1t g\u1ea1o l\u1ee9c \u1edf tr\u1ea1ng th\u00e1i n\u1ea9y m\u1ea7m &#8211; &#8220;C\u00e1c enzyme ng\u1ee7 trong h\u1ea1t g\u1ea1o \u1edf tr\u1ea1ng th\u00e1i n\u00e0y \u0111\u01b0\u1ee3c k\u00edch th\u00edch ho\u1ea1t \u0111\u1ed9ng v\u00e0 cung c\u1ea5p t\u1ed1i \u0111a c\u00e1c ch\u1ea5t dinh d\u01b0\u1ee1ng.&#8221; Ngo\u00e0i ra, sau khi ng\u00e2m, g\u1ea1o s\u1ebd mau ch\u00edn, d\u1ec5 ti\u00eau v\u00e0 lo\u1ea1i b\u1ecf b\u1edbt \u0111\u1ed9c t\u1ed1 b\u00ean ngo\u00e0i l\u1edbp v\u1ecf.<\/em><\/p>\n<p><img decoding=\"async\" class=\"wp-image-16869 aligncenter\" src=\"https:\/\/havamall.vn\/wp-content\/uploads\/2020\/10\/g\u1ea1o-\u0111\u1ecf-4.jpg\" alt=\"\" width=\"654\" height=\"316\" srcset=\"https:\/\/havamall.vn\/wp-content\/uploads\/2020\/10\/g\u1ea1o-\u0111\u1ecf-4.jpg 760w, https:\/\/havamall.vn\/wp-content\/uploads\/2020\/10\/g\u1ea1o-\u0111\u1ecf-4-430x208.jpg 430w, https:\/\/havamall.vn\/wp-content\/uploads\/2020\/10\/g\u1ea1o-\u0111\u1ecf-4-150x72.jpg 150w, https:\/\/havamall.vn\/wp-content\/uploads\/2020\/10\/g\u1ea1o-\u0111\u1ecf-4-700x338.jpg 700w, https:\/\/havamall.vn\/wp-content\/uploads\/2020\/10\/g\u1ea1o-\u0111\u1ecf-4-300x145.jpg 300w, https:\/\/havamall.vn\/wp-content\/uploads\/2020\/10\/g\u1ea1o-\u0111\u1ecf-4-600x290.jpg 600w\" sizes=\"(max-width: 654px) 100vw, 654px\" \/><\/p>\n<p>&#8211; Sau khi ng\u00e2m, thay n\u01b0\u1edbc m\u1edbi \u0111\u1ec3 n\u1ea5u, \u0111\u1ed5 l\u01b0\u1ee3ng n\u01b0\u1edbc v\u1eeba ph\u1ea3i, ch\u1eebng \u0111\u1ed9 ng\u1eadp 1- 1,5cm. Tr\u01b0\u1edbc khi n\u1ea5u n\u00ean cho v\u00e0o \u00bc mu\u1ed7ng c\u00e0 ph\u00ea mu\u1ed1i bi\u1ec3n, ho\u1eb7c 1 mi\u1ebfng rong bi\u1ec3n ph\u1ed5 tai, ho\u1eb7c 1 tr\u00e1i m\u01a1 mu\u1ed1i, c\u0169ng c\u00f3 th\u1ec3 cho h\u1ebft nh\u1eefng th\u1ee9 tr\u00ean n\u1ebfu mu\u1ed1n. C\u01a1m ch\u00edn s\u1ebd ngon v\u00e0 gi\u00e0u n\u0103ng l\u01b0\u1ee3ng h\u01a1n, gi\u00fap gi\u1ea3m t\u00ednh acid c\u1ee7a g\u1ea1o.<\/p>\n<p>&#8211; \u0110\u1ec3 t\u0103ng th\u00eam h\u01b0\u01a1ng v\u1ecb, b\u1ea1n c\u00f3 th\u1ec3 n\u1ea5u c\u00f9ng v\u1edbi \u0111\u1eadu \u0111\u1ecf, \u0111\u1eadu g\u00e0, h\u1ea1t sen, h\u1ea1t l\u1ea1 T\u1ea5t c\u1ea3 c\u00e1c lo\u1ea1i h\u1ea1t \u0111\u1ec1u n\u00ean ng\u00e2m tr\u01b0\u1edbc khi n\u1ea5u kho\u1ea3ng 4 gi\u1edd \u0111\u1ed3ng h\u1ed3.<\/p>\n<h1>TH\u00d4NG TIN S\u1ea2N PH\u1ea8M<\/h1>\n<table>\n<tbody>\n<tr>\n<td>Th\u01b0\u01a1ng hi\u1ec7u<\/td>\n<td>Ban Mai<\/td>\n<\/tr>\n<tr>\n<td>Quy c\u00e1ch \u0111\u00f3ng g\u00f3i<\/td>\n<td>1Kg<\/td>\n<\/tr>\n<tr>\n<td>Th\u00e0nh ph\u1ea7n<\/td>\n<td>100% g\u1ea1o l\u1ee9t \u0111\u1ecf<\/td>\n<\/tr>\n<tr>\n<td>H\u1ea1n s\u1eed d\u1ee5ng<\/td>\n<td>Xem tr\u00ean bao b\u00ec<\/td>\n<\/tr>\n<tr>\n<td>H\u01b0\u1edbng d\u1eabn s\u1eed d\u1ee5ng<\/td>\n<td>D\u00f9ng \u0111\u1ec3 n\u1ea5u c\u01a1m, ch\u00e1o, l\u00e0m kimpap,..<\/td>\n<\/tr>\n<tr>\n<td>B\u1ea3o qu\u1ea3n<\/td>\n<td>Sau khi m\u1edf g\u00f3i g\u1ea1o l\u1ee9t, n\u00ean b\u1ea3o qu\u1ea3n trong l\u1ecd th\u1ee7y tinh s\u1ea1ch, \u0111\u1eady ch\u1eb7t n\u1eafp l\u1ea1i v\u00e0 \u0111\u1ec3 n\u01a1i kh\u00f4 tho\u00e1ng.<\/td>\n<\/tr>\n<\/tbody>\n<\/table>\n<p><img loading=\"lazy\" decoding=\"async\" class=\"wp-image-16873 aligncenter\" src=\"https:\/\/havamall.vn\/wp-content\/uploads\/2020\/10\/G\u1ea0O-\u0110\u1ece-1024x768.jpg\" alt=\"\" width=\"500\" height=\"375\" srcset=\"https:\/\/havamall.vn\/wp-content\/uploads\/2020\/10\/G\u1ea0O-\u0110\u1ece.jpg 1024w, https:\/\/havamall.vn\/wp-content\/uploads\/2020\/10\/G\u1ea0O-\u0110\u1ece-430x323.jpg 430w, https:\/\/havamall.vn\/wp-content\/uploads\/2020\/10\/G\u1ea0O-\u0110\u1ece-150x113.jpg 150w, https:\/\/havamall.vn\/wp-content\/uploads\/2020\/10\/G\u1ea0O-\u0110\u1ece-700x525.jpg 700w, https:\/\/havamall.vn\/wp-content\/uploads\/2020\/10\/G\u1ea0O-\u0110\u1ece-300x225.jpg 300w, https:\/\/havamall.vn\/wp-content\/uploads\/2020\/10\/G\u1ea0O-\u0110\u1ece-768x576.jpg 768w, https:\/\/havamall.vn\/wp-content\/uploads\/2020\/10\/G\u1ea0O-\u0110\u1ece-600x450.jpg 600w\" sizes=\"(max-width: 500px) 100vw, 500px\" \/><\/p>\n<p><em><strong>L\u01afU \u00dd:<\/strong><\/em><\/p>\n<p>&#8211; C\u00e1ch n\u1ea5u c\u01a1m g\u1ea1o l\u1ee9t c\u0169ng g\u1ea7n gi\u1ed1ng nh\u01b0 g\u1ea1o tr\u1eafng, tuy nhi\u00ean khi n\u1ea5u g\u1ea1o l\u1ee9t c\u1ea7n th\u1eddi gian d\u00e0i h\u01a1n.<br \/>\nG\u1ea1o l\u1ee9t ch\u1ec9 c\u00f3 \u00edch cho c\u01a1 th\u1ec3 nh\u01b0ng v\u1edbi \u0111i\u1ec1u ki\u1ec7n l\u00e0 ch\u1ecdn g\u1ea1o l\u1ee9t s\u1ea1ch, kh\u00f4ng ch\u1ee9a t\u1ed3n d\u01b0 ch\u1ea5t h\u00f3a h\u1ecdc, ch\u1ea5t b\u1ea3o qu\u1ea3n.<\/p>\n<p>&#8211; Ch\u1ec9 n\u00ean s\u1eed d\u1ee5ng g\u1ea1o l\u1ee9t t\u1eeb 2 \u2013 3 l\u1ea7n\/ tu\u1ea7n, b\u1edfi d\u00f9ng th\u01b0\u1eddng xuy\u00ean kh\u00f4ng mang nhi\u1ec1u l\u1ea1i l\u1ee3i \u00edch, th\u1eadm ch\u00ed c\u00f2n g\u00e2y ph\u1ea3n t\u00e1c d\u1ee5ng.<\/p>\n<p>&#8211; Kh\u00f4ng ng\u00e2m g\u1ea1o l\u1ee9t qu\u00e1 l\u00e2u v\u00e0 v\u00f2 qu\u00e1 k\u0129 do s\u1ebd l\u00e0m m\u1ea5t \u0111i m\u1ed9t l\u01b0\u1ee3ng l\u1edbn B1.<\/p>\n<p>&#8211; G\u1ea1o l\u1ee9t ch\u1ec9 l\u00e0 th\u1ef1c ph\u1ea9m h\u1ed7 tr\u1ee3 ch\u1eefa, ph\u00f2ng ch\u1ed1ng b\u1ec7nh ch\u1ee9 ho\u00e0n to\u00e0n kh\u00f4ng c\u00f3 t\u00e1c d\u1ee5ng ch\u00ednh l\u00e0 ch\u1eefa b\u1ec7nh.<\/p>\n<p>&nbsp;<\/p>","protected":false},"excerpt":{"rendered":"<ul>\n<li>G\u1ea1o l\u1ee9t \u0111\u1ecf l\u00e0 nguy\u00ean li\u1ec7u th\u1ef1c ph\u1ea9m t\u1ed1t cho s\u1ee9c kho\u1ebb. H\u1ea1t g\u1ea1o b\u1ea7u tr\u00f2n, b\u00f3ng, g\u1ea1o l\u1ee9t c\u00f3 m\u00e0u \u0111\u1ecf huy\u1ebft d\u1ee5 \u0111\u1eb7c tr\u01b0ng v\u00e0 c\u00f3 h\u00e0m l\u01b0\u1ee3ng dinh d\u01b0\u1ee1ng r\u1ea5t cao, \u0111\u1eb7c bi\u1ec7t ch\u1ee9a nhi\u1ec1u kho\u00e1n ch\u1ea5t Omega 3, 6 &amp;9\u2026<\/li>\n<li>&#8211; Quy tr\u00ecnh s\u1ea3n xu\u1ea5t, ch\u1ebf bi\u1ebfn ho\u00e0n to\u00e0n kh\u00e9p k\u00edn, g\u1ea1o t\u01b0\u01a1i s\u1ea1ch lu\u00f4n \u0111\u1ea3m b\u1ea3o \u201c4 kh\u00f4ng\u201d: kh\u00f4ng t\u1ed3n d\u01b0 thu\u1ed1c BVTV, kh\u00f4ng h\u01b0\u01a1ng th\u01a1m nh\u00e2n t\u1ea1o, kh\u00f4ng ch\u1ea5t t\u1ea1o m\u00e0u v\u00e0 kh\u00f4ng ch\u1ea5t b\u1ea3o qu\u1ea3n.<\/li>\n<li>G\u1ea1o l\u1ee9t \u0111\u1ecf c\u1ef1c k\u00ec t\u1ed1t cho nh\u1eefng ng\u01b0\u1eddi \u0111ang \u0103n chay, \u0103n ki\u00eang, \u0111\u1ed3ng th\u1eddi h\u1ed7 tr\u1ee3 nhu c\u1ea7u gi\u1ea3m c\u00e2n, l\u00e0m \u0111\u1eb9p m\u00e0 v\u1eabn \u0111\u1ea3m b\u1ea3o dinh d\u01b0\u1ee1ng. V\u00ec th\u1ebf, nhi\u1ec1u ng\u01b0\u1eddi th\u01b0\u1eddng \u0103n g\u1ea1o l\u1ee9t gi\u1ea3m c\u00e2n \u0111\u1ec3 c\u00f3 \u0111\u01b0\u1ee3c v\u00f3c d\u00e1ng nh\u01b0 mong mu\u1ed1n.<\/li>\n<li>Trong g\u1ea1o l\u1ee9t \u0111\u1ecf ch\u1ee9a \u0111\u1ea7y \u0111\u1ee7 c\u00e1c ch\u1ea5t Tinh b\u1ed9t, Ch\u1ea5t \u0111\u1ea1m, Ch\u1ea5t b\u00e9o, Ch\u1ea5t x\u01a1 c\u00f9ng v\u1edbi c\u00e1c Vitamin: B1, B2, B3, B5, B6\u2026 Ngo\u00e0i ra c\u00f2n gi\u00e0u c\u00e1c nguy\u00ean t\u1ed1 vi l\u01b0\u1ee3ng nh\u01b0 Canxi, S\u1eaft, Magi\u00ea, Kali\u2026<\/li>\n<\/ul>","protected":false},"featured_media":16876,"comment_status":"open","ping_status":"closed","template":"","meta":[],"product_brand":[],"product_cat":[36,134],"product_tag":[],"class_list":{"0":"post-16864","1":"product","2":"type-product","3":"status-publish","4":"has-post-thumbnail","6":"product_cat-thuc-pham-tieu-dung","7":"product_cat-thucpham-saykho","8":"pa_brand-ban-mai","10":"first","11":"outofstock","12":"sale","13":"shipping-taxable","14":"purchasable","15":"product-type-simple"},"_links":{"self":[{"href":"https:\/\/havamall.vn\/en\/wp-json\/wp\/v2\/product\/16864"}],"collection":[{"href":"https:\/\/havamall.vn\/en\/wp-json\/wp\/v2\/product"}],"about":[{"href":"https:\/\/havamall.vn\/en\/wp-json\/wp\/v2\/types\/product"}],"replies":[{"embeddable":true,"href":"https:\/\/havamall.vn\/en\/wp-json\/wp\/v2\/comments?post=16864"}],"version-history":[{"count":0,"href":"https:\/\/havamall.vn\/en\/wp-json\/wp\/v2\/product\/16864\/revisions"}],"wp:featuredmedia":[{"embeddable":true,"href":"https:\/\/havamall.vn\/en\/wp-json\/wp\/v2\/media\/16876"}],"wp:attachment":[{"href":"https:\/\/havamall.vn\/en\/wp-json\/wp\/v2\/media?parent=16864"}],"wp:term":[{"taxonomy":"product_brand","embeddable":true,"href":"https:\/\/havamall.vn\/en\/wp-json\/wp\/v2\/product_brand?post=16864"},{"taxonomy":"product_cat","embeddable":true,"href":"https:\/\/havamall.vn\/en\/wp-json\/wp\/v2\/product_cat?post=16864"},{"taxonomy":"product_tag","embeddable":true,"href":"https:\/\/havamall.vn\/en\/wp-json\/wp\/v2\/product_tag?post=16864"}],"curies":[{"name":"wp","href":"https:\/\/api.w.org\/{rel}","templated":true}]}}