{"id":16855,"date":"2020-10-13T14:06:22","date_gmt":"2020-10-13T07:06:22","guid":{"rendered":"https:\/\/havamall.vn\/?post_type=product&#038;p=16855"},"modified":"2021-03-03T15:51:47","modified_gmt":"2021-03-03T08:51:47","slug":"gao-ban-mai-phuc-loc-tho-den-hop-1kg","status":"publish","type":"product","link":"https:\/\/havamall.vn\/en\/shop\/gao-ban-mai-phuc-loc-tho-den-hop-1kg\/","title":{"rendered":"G\u1ea1o Ban Mai Ph\u00fac L\u1ed9c Th\u1ecd \u0110en H\u1ed9p 1Kg &#8211; Black Brown Rice"},"content":{"rendered":"<p>&#8220;G\u1ea1o \u0111en&#8221; l\u00e0 lo\u1ea1i g\u1ea1o c\u00f3 m\u00e0u t\u00edm \u0111\u1eadm, d\u00f9 \u0111\u00e3 n\u1ea5u hay ch\u01b0a. Lo\u1ea1i g\u1ea1o n\u00e0y \u0111\u01b0\u1ee3c b\u00e1n d\u01b0\u1edbi d\u1ea1ng &#8220;ch\u01b0a xay x\u00e1t&#8221;, v\u1edbi l\u1edbp v\u1ecf ngo\u00e0i nguy\u00ean v\u1eb9n. G\u1ea1o l\u1ee9t \u0111en \u0111\u01b0\u1ee3c xem l\u00e0 lo\u1ea1i g\u1ea1o r\u1ea5t \u0111\u00e1ng gi\u00e1 v\u00e0 \u0111\u01b0\u1ee3c ng\u01b0\u1eddi d\u00e2n ch\u00e2u \u00c1 quan t\u00e2m \u0111\u1eb7c bi\u1ec7t trong nhi\u1ec1u th\u1ebf k\u1ef7 v\u00e0 xu h\u01b0\u1edbng ti\u00eau th\u1ee5 ng\u00e0y c\u00e0ng cao \u1edf Ch\u00e2u \u00c2u, B\u1eafc M\u1ef9.<\/p>\n<p>G\u1ea1o l\u1ee9t \u0111en Ph\u00fac Th\u1ecd l\u00e0 m\u1ed9t th\u1ef1c ph\u1ea9m tinh b\u1ed9t (carbohydrate) v\u1edbi t\u1ef7 l\u1ec7 \u0111\u01b0\u1eddng th\u1ea5p n\u00ean r\u1ea5t t\u1ed1t cho nh\u1eefng ng\u01b0\u1eddi c\u00f3 ch\u1ec9 s\u1ed1 \u0111\u01b0\u1eddng huy\u1ebft cao- b\u1ec7nh nh\u00e2n b\u1ecb b\u1ec7nh ti\u1ec3u \u0111\u01b0\u1eddng.<\/p>\n<p>So s\u00e1nh gi\u1eefa g\u1ea1o l\u1ee9t v\u00e0 g\u1ea1o tr\u1eafng, g\u1ea1o l\u1ee9t c\u00f3 ch\u1ee9a nhi\u1ec1u h\u01a1n 30% protein, g\u1ea5p 4 l\u1ea7n vitamin B1, g\u1ea5p 2 l\u1ea7n vitamin B5 v\u00e0 ch\u1ea5t d\u1ea7u. Ngo\u00e0i ra, trong c\u00e1m g\u1ea1o l\u1ee9t c\u00f2n c\u00f3 ch\u1ee9a h\u01a1n 19 lo\u1ea1i acid amin c\u1ea7n thi\u1ebft cho s\u1ef1 ph\u00e1t tri\u1ec3n c\u1ee7a con ng\u01b0\u1eddi \u1edf m\u1ecdi l\u1ee9a tu\u1ed5i.<\/p>\n<p><img fetchpriority=\"high\" decoding=\"async\" class=\"wp-image-16858 aligncenter\" src=\"https:\/\/havamall.vn\/wp-content\/uploads\/2020\/10\/g\u1ea1o-l\u1ee9t-\u01111.jpg\" alt=\"\" width=\"526\" height=\"526\" srcset=\"https:\/\/havamall.vn\/wp-content\/uploads\/2020\/10\/g\u1ea1o-l\u1ee9t-\u01111.jpg 960w, https:\/\/havamall.vn\/wp-content\/uploads\/2020\/10\/g\u1ea1o-l\u1ee9t-\u01111-430x430.jpg 430w, https:\/\/havamall.vn\/wp-content\/uploads\/2020\/10\/g\u1ea1o-l\u1ee9t-\u01111-150x150.jpg 150w, https:\/\/havamall.vn\/wp-content\/uploads\/2020\/10\/g\u1ea1o-l\u1ee9t-\u01111-700x700.jpg 700w, https:\/\/havamall.vn\/wp-content\/uploads\/2020\/10\/g\u1ea1o-l\u1ee9t-\u01111-300x300.jpg 300w, https:\/\/havamall.vn\/wp-content\/uploads\/2020\/10\/g\u1ea1o-l\u1ee9t-\u01111-768x768.jpg 768w, https:\/\/havamall.vn\/wp-content\/uploads\/2020\/10\/g\u1ea1o-l\u1ee9t-\u01111-600x600.jpg 600w, https:\/\/havamall.vn\/wp-content\/uploads\/2020\/10\/g\u1ea1o-l\u1ee9t-\u01111-100x100.jpg 100w\" sizes=\"(max-width: 526px) 100vw, 526px\" \/><\/p>\n<p>G\u1ea1o l\u1ee9t \u0111en \u0111\u01b0\u1ee3c canh t\u00e1c theo quy tr\u00ecnh an to\u00e0n th\u1ef1c ph\u1ea9m chu\u1ea9n to\u00e0n c\u1ea7u GlobalGAP, kh\u00f4ng c\u00f3 b\u00f3n ph\u00e2n ho\u00e1 h\u1ecdc, kh\u00f4ng phun thu\u1ed1c tr\u1eeb s\u00e2u.<\/p>\n<p>G\u1ea1o l\u1ee9t \u0111en c\u00f3 gi\u00e1 tr\u1ecb dinh d\u01b0\u1ee1ng r\u1ea5t cao, trong 100g b\u1ed9t g\u1ea1o l\u1ee9t c\u00f3 ch\u1ee9a:<\/p>\n<ul>\n<li>Sinh t\u1ed1 B1 (2,83 mg) hi\u1ec7u qu\u1ea3 v\u1edbi ch\u1ee9ng thi\u1ebfu m\u00e1u v\u00e0 b\u1ec7nh t\u00ea ph\u00f9.<\/li>\n<li>Sinh t\u1ed1 B2 (0,56mg) l\u00e0m \u0111\u1eb9p ng\u01b0\u1eddi.<\/li>\n<li>Sinh t\u1ed1 B6 (5,30mg) b\u1ed5 m\u00e1u, ch\u1eefa b\u1ec7nh th\u1ea7n kinh, m\u1ea5t ng\u1ee7.<\/li>\n<li>Sinh t\u1ed1 E (37, 60mg) l\u00e0m m\u1ecbn da, h\u1ea1n ch\u1ebf s\u1ef1 l\u00e3o h\u00f3a, k\u00e9o d\u00e0i tu\u1ed5i thanh xu\u00e2n.<\/li>\n<li>Sinh t\u1ed1 B12 hi\u1ec7u qu\u1ea3 \u0111\u1ed1i v\u1edbi ch\u1ee9ng thi\u1ebfu m\u00e1u.<\/li>\n<li>Glutathione \u0111\u1ec1 ph\u00f2ng nhi\u1ec5m x\u1ea1, axit glutamic t\u1ef1 nhi\u00ean l\u00e0m t\u0103ng s\u1ef1 ngon \u0103n v\u00e0 l\u00e0m xoa d\u1ecbu h\u1ec7 th\u1ea7n kinh, ch\u1ea5t s\u1eaft l\u00e0m cho m\u00e1u tr\u1edf n\u00ean trong s\u1ea1ch, v\u00e0 c\u00e1c ch\u1ea5t kho\u00e1ng kh\u00e1c nh\u01b0 canxi<\/li>\n<li>Ch\u1ea5t niacin (6,8mg) ph\u00f2ng lo\u00e9t d\u1ea1 d\u00e0y m\u00e3n t\u00ednh.<\/li>\n<li>A-x\u00edt pantothenic (24,60mg) l\u00e0m m\u00e1u trong s\u1ea1ch, da d\u1ebb m\u1ecbn m\u00e0ng.<\/li>\n<li>Sinh t\u1ed1 IP 6 r\u1ea5t t\u1ed1t cho b\u1ec7nh nh\u00e2n b\u1ecb b\u1ec7nh \u0111\u00e1i th\u00e1o \u0111\u01b0\u1eddng.<\/li>\n<\/ul>\n<p><img decoding=\"async\" class=\"wp-image-16859 aligncenter\" src=\"https:\/\/havamall.vn\/wp-content\/uploads\/2020\/10\/g\u1ea1o-1.jpg\" alt=\"\" width=\"672\" height=\"672\" srcset=\"https:\/\/havamall.vn\/wp-content\/uploads\/2020\/10\/g\u1ea1o-1.jpg 900w, https:\/\/havamall.vn\/wp-content\/uploads\/2020\/10\/g\u1ea1o-1-430x430.jpg 430w, https:\/\/havamall.vn\/wp-content\/uploads\/2020\/10\/g\u1ea1o-1-150x150.jpg 150w, https:\/\/havamall.vn\/wp-content\/uploads\/2020\/10\/g\u1ea1o-1-700x700.jpg 700w, https:\/\/havamall.vn\/wp-content\/uploads\/2020\/10\/g\u1ea1o-1-300x300.jpg 300w, https:\/\/havamall.vn\/wp-content\/uploads\/2020\/10\/g\u1ea1o-1-768x768.jpg 768w, https:\/\/havamall.vn\/wp-content\/uploads\/2020\/10\/g\u1ea1o-1-600x600.jpg 600w, https:\/\/havamall.vn\/wp-content\/uploads\/2020\/10\/g\u1ea1o-1-100x100.jpg 100w\" sizes=\"(max-width: 672px) 100vw, 672px\" \/><\/p>\n<p><strong>T\u00c1C D\u1ee4NG C\u1ee6A G\u1ea0O L\u1ee8T \u0110EN<\/strong><\/p>\n<p>&#8211; G\u1ea1o l\u1ee9t gi\u00e0u selenium l\u00e0m gi\u1ea3m nguy c\u01a1 ph\u00e1t tri\u1ec3n c\u00e1c b\u1ec7nh ph\u1ed5 bi\u1ebfn nh\u01b0 ung th\u01b0, b\u1ec7nh tim v\u00e0 vi\u00eam kh\u1edbp.<br \/>\nH\u00e0m l\u01b0\u1ee3ng mangan (1 lo\u1ea1i ch\u1ea5t kho\u00e1ng) cao trong g\u1ea1o l\u1ee9t: M\u1ed9t ch\u00e9n g\u1ea1o l\u1ee9t cung c\u1ea5p 80% nhu c\u1ea7u mangan h\u00e0ng ng\u00e0y, c\u00f3 l\u1ee3i cho h\u1ec7 th\u1ed1ng th\u1ea7n kinh.<\/p>\n<p>&#8211; G\u1ea1o l\u1ee9t gi\u00e0u d\u1ea7u t\u1ef1 nhi\u00ean c\u00f3 l\u1ee3i cho c\u01a1 th\u1ec3 nh\u01b0 c\u00e1c ch\u1ea5t b\u00e9o l\u00e0nh m\u1ea1nh gi\u00fap b\u00ecnh th\u01b0\u1eddng h\u00f3a n\u1ed3ng \u0111\u1ed9 cholesterol, ng\u0103n ng\u1eeba b\u1ec7nh tim, gi\u00fap h\u1ea1 huy\u1ebft \u00e1p v\u00e0 l\u00e0m gi\u1ea3m nguy c\u01a1 h\u00ecnh th\u00e0nh c\u00e1c m\u1ea3ng b\u00e1m trong \u0111\u1ed9ng m\u1ea1ch.<\/p>\n<p>&#8211; G\u1ea1o l\u1ee9t gi\u00e0u ch\u1ea5t x\u01a1: G\u1ea1o l\u1ee9t c\u00f3 nhi\u1ec1u ch\u1ea5t x\u01a1 v\u00e0 \u0111\u01b0\u1ee3c x\u1ebfp v\u00e0o top \u0111\u1ea7u c\u1ee7a danh s\u00e1ch c\u00e1c lo\u1ea1i th\u1ef1c ph\u1ea9m c\u00f3 th\u1ec3 gi\u00fap ng\u0103n ng\u1eeba ung th\u01b0 \u0111\u1ea1i tr\u00e0ng, ng\u0103n ng\u1eeba t\u00e1o b\u00f3n, nhu\u00e2\u0323n tr\u00e0ng, l\u1ee3i ti\u00ea\u0309u.<\/p>\n<p><img decoding=\"async\" class=\"size-full wp-image-16860 aligncenter\" src=\"https:\/\/havamall.vn\/wp-content\/uploads\/2020\/10\/g\u1ea1o-3.jpg\" alt=\"\" width=\"700\" height=\"469\" srcset=\"https:\/\/havamall.vn\/wp-content\/uploads\/2020\/10\/g\u1ea1o-3.jpg 700w, https:\/\/havamall.vn\/wp-content\/uploads\/2020\/10\/g\u1ea1o-3-430x288.jpg 430w, https:\/\/havamall.vn\/wp-content\/uploads\/2020\/10\/g\u1ea1o-3-150x101.jpg 150w, https:\/\/havamall.vn\/wp-content\/uploads\/2020\/10\/g\u1ea1o-3-300x201.jpg 300w, https:\/\/havamall.vn\/wp-content\/uploads\/2020\/10\/g\u1ea1o-3-600x402.jpg 600w\" sizes=\"(max-width: 700px) 100vw, 700px\" \/><\/p>\n<p><strong>C\u00c1CH N\u1ea4U G\u1ea0O L\u1ee8T<\/strong><\/p>\n<p>&#8211; Vo g\u1ea1o 1 l\u1ea7n, cho g\u1ea1o v\u00e0 n\u01b0\u1edbc theo t\u1ef7 l\u1ec7 1:2. Cho v\u00e0i gi\u1ecdt d\u1ea7u Oliu v\u00e0 1 \u00edt mu\u1ed1i bi\u1ec3n \u0111\u1ec3 v\u1ecb c\u01a1m ngon h\u01a1n.<\/p>\n<p>\u0110\u1ec3 gia t\u0103ng nhi\u1ec1u ch\u1ea5t dinh d\u01b0\u1ee1ng t\u1eeb g\u1ea1o l\u1ee9t, ch\u00fang ta c\u00f3 th\u1ec3 th\u1ef1c hi\u1ec7n theo c\u00e1ch nh\u01b0 sau<\/p>\n<p>&#8211; G\u1ea1o l\u1ee9c l\u00e0 m\u1ed9t lo\u1ea1i th\u1ef1c ph\u1ea9m nhi\u1ec1u dinh d\u01b0\u1ee1ng khi so s\u00e1nh v\u1edbi g\u1ea1o tr\u1eafng. Tuy nhi\u00ean, n\u00f3 c\u00f2n gia t\u0103ng nhi\u1ec1u dinh d\u01b0\u1ee1ng h\u01a1n n\u1eefa khi \u0111\u01b0\u1ee3c \u0111em ng\u00e2m trong n\u01b0\u1edbc \u1ea5m, l\u00e2u kho\u1ea3ng 22 gi\u1edd. G\u1ea1o l\u1ee9c ng\u00e2m l\u00e2u 22 ti\u1ebfng \u0111\u1ed3ng h\u1ed3 ch\u1ee9a r\u1ea5t nhi\u1ec1u ch\u1ea5t b\u1ed5 d\u01b0\u1ee1ng v\u00ec l\u00fac n\u00e0y hat g\u1ea1o l\u1ee9c \u1edf tr\u1ea1ng th\u00e1i n\u1ea9y m\u1ea7m &#8211; &#8220;C\u00e1c enzyme ng\u1ee7 trong h\u1ea1t g\u1ea1o \u1edf tr\u1ea1ng th\u00e1i n\u00e0y \u0111\u01b0\u1ee3c k\u00edch th\u00edch ho\u1ea1t \u0111\u1ed9ng v\u00e0 cung c\u1ea5p t\u1ed1i \u0111a c\u00e1c ch\u1ea5t dinh d\u01b0\u1ee1ng.&#8221; Ngo\u00e0i ra, sau khi ng\u00e2m, g\u1ea1o s\u1ebd mau ch\u00edn, d\u1ec5 ti\u00eau v\u00e0 lo\u1ea1i b\u1ecf b\u1edbt \u0111\u1ed9c t\u1ed1 b\u00ean ngo\u00e0i l\u1edbp v\u1ecf.<\/p>\n<p><img loading=\"lazy\" decoding=\"async\" class=\"wp-image-16861 aligncenter\" src=\"https:\/\/havamall.vn\/wp-content\/uploads\/2020\/10\/g\u1ea1o-4.jpg\" alt=\"\" width=\"542\" height=\"301\" srcset=\"https:\/\/havamall.vn\/wp-content\/uploads\/2020\/10\/g\u1ea1o-4.jpg 900w, https:\/\/havamall.vn\/wp-content\/uploads\/2020\/10\/g\u1ea1o-4-430x239.jpg 430w, https:\/\/havamall.vn\/wp-content\/uploads\/2020\/10\/g\u1ea1o-4-150x83.jpg 150w, https:\/\/havamall.vn\/wp-content\/uploads\/2020\/10\/g\u1ea1o-4-700x389.jpg 700w, https:\/\/havamall.vn\/wp-content\/uploads\/2020\/10\/g\u1ea1o-4-300x167.jpg 300w, https:\/\/havamall.vn\/wp-content\/uploads\/2020\/10\/g\u1ea1o-4-768x427.jpg 768w, https:\/\/havamall.vn\/wp-content\/uploads\/2020\/10\/g\u1ea1o-4-600x333.jpg 600w\" sizes=\"(max-width: 542px) 100vw, 542px\" \/><\/p>\n<p>&#8211; Sau khi ng\u00e2m, thay n\u01b0\u1edbc m\u1edbi \u0111\u1ec3 n\u1ea5u, \u0111\u1ed5 l\u01b0\u1ee3ng n\u01b0\u1edbc v\u1eeba ph\u1ea3i, ch\u1eebng \u0111\u1ed9 ng\u1eadp 1- 1,5cm. Tr\u01b0\u1edbc khi n\u1ea5u n\u00ean cho v\u00e0o \u00bc mu\u1ed7ng c\u00e0 ph\u00ea mu\u1ed1i bi\u1ec3n, ho\u1eb7c 1 mi\u1ebfng rong bi\u1ec3n ph\u1ed5 tai, ho\u1eb7c 1 tr\u00e1i m\u01a1 mu\u1ed1i, c\u0169ng c\u00f3 th\u1ec3 cho h\u1ebft nh\u1eefng th\u1ee9 tr\u00ean n\u1ebfu mu\u1ed1n. C\u01a1m ch\u00edn s\u1ebd ngon v\u00e0 gi\u00e0u n\u0103ng l\u01b0\u1ee3ng h\u01a1n, gi\u00fap gi\u1ea3m t\u00ednh acid c\u1ee7a g\u1ea1o.<\/p>\n<p>&#8211; \u0110\u1ec3 t\u0103ng th\u00eam h\u01b0\u01a1ng v\u1ecb, b\u1ea1n c\u00f3 th\u1ec3 n\u1ea5u c\u00f9ng v\u1edbi \u0111\u1eadu \u0111\u1ecf, \u0111\u1eadu g\u00e0, h\u1ea1t sen, h\u1ea1t l\u1ea1,.. t\u1ea5t c\u1ea3 c\u00e1c lo\u1ea1i h\u1ea1t \u0111\u1ec1u n\u00ean ng\u00e2m tr\u01b0\u1edbc khi n\u1ea5u kho\u1ea3ng 4 gi\u1edd \u0111\u1ed3ng h\u1ed3.<\/p>\n<p>TH\u00d4NG TIN S\u1ea2N PH\u1ea8M<\/p>\n<table>\n<tbody>\n<tr>\n<td>Th\u01b0\u01a1ng hi\u1ec7u<\/td>\n<td>Ban Mai<\/td>\n<\/tr>\n<tr>\n<td>Quy c\u00e1ch \u0111\u00f3ng g\u00f3i<\/td>\n<td>1Kg<\/td>\n<\/tr>\n<tr>\n<td>Th\u00e0nh ph\u1ea7n<\/td>\n<td>100% g\u1ea1o l\u1ee9t \u0111en<\/td>\n<\/tr>\n<tr>\n<td>H\u1ea1n s\u1eed d\u1ee5ng<\/td>\n<td>Xem tr\u00ean bao b\u00ec<\/td>\n<\/tr>\n<tr>\n<td>H\u01b0\u1edbng d\u1eabn s\u1eed d\u1ee5ng<\/td>\n<td>D\u00f9ng \u0111\u1ec3 n\u1ea5u c\u01a1m, ch\u00e1o<\/td>\n<\/tr>\n<tr>\n<td>B\u1ea3o qu\u1ea3n<\/td>\n<td>N\u01a1i kh\u00f4 r\u00e1o, tho\u00e1ng m\u00e1t, tr\u00e1nh \u00e1nh s\u00e1ng tr\u1ef1c ti\u1ebfp t\u1eeb m\u1eb7t tr\u1eddi<\/td>\n<\/tr>\n<\/tbody>\n<\/table>","protected":false},"excerpt":{"rendered":"<ul>\n<li>G\u1ea1o l\u1ee9t \u0111en\u00a0c\u00f3 gi\u00e1 tr\u1ecb dinh d\u01b0\u1ee1ng r\u1ea5t cao c\u00f3 ch\u1ee9a nhi\u1ec1u h\u01a1n 30% protein, g\u1ea5p 4 l\u1ea7n vitamin B1, g\u1ea5p 2 l\u1ea7n vitamin B5 v\u00e0 ch\u1ea5t d\u1ea7u so v\u1edbi g\u1ea1o tr\u1eafng th\u00f4ng th\u01b0\u1eddng.<\/li>\n<li>Quy tr\u00ecnh s\u1ea3n xu\u1ea5t, ch\u1ebf bi\u1ebfn ho\u00e0n to\u00e0n kh\u00e9p k\u00edn, g\u1ea1o t\u01b0\u01a1i s\u1ea1ch lu\u00f4n \u0111\u1ea3m b\u1ea3o \u201c4 kh\u00f4ng\u201d: kh\u00f4ng t\u1ed3n d\u01b0 thu\u1ed1c BVTV, kh\u00f4ng h\u01b0\u01a1ng th\u01a1m nh\u00e2n t\u1ea1o, kh\u00f4ng ch\u1ea5t t\u1ea1o m\u00e0u v\u00e0 kh\u00f4ng ch\u1ea5t b\u1ea3o qu\u1ea3n.<\/li>\n<li>G\u1ea1o c\u00f3 h\u01b0\u01a1ng th\u01a1m \u0111\u1eb7c tr\u01b0ng, v\u1ecb \u0111\u1eadm \u0111\u00e0 v\u00e0 ng\u1ecdt d\u1ecbu l\u01b0u gi\u1eef tr\u1ecdn v\u1eb9n h\u01b0\u01a1ng v\u1ecb tinh t\u1ebf, dinh d\u01b0\u1ee1ng t\u1ef1 nhi\u00ean an to\u00e0n c\u00f3 truy xu\u1ea5t ngu\u1ed3n g\u1ed1c r\u00f5 r\u00e0ng.<\/li>\n<\/ul>","protected":false},"featured_media":16874,"comment_status":"open","ping_status":"closed","template":"","meta":[],"product_brand":[],"product_cat":[36,134],"product_tag":[],"class_list":{"0":"post-16855","1":"product","2":"type-product","3":"status-publish","4":"has-post-thumbnail","6":"product_cat-thuc-pham-tieu-dung","7":"product_cat-thucpham-saykho","8":"pa_brand-ban-mai","10":"first","11":"outofstock","12":"sale","13":"shipping-taxable","14":"purchasable","15":"product-type-simple"},"_links":{"self":[{"href":"https:\/\/havamall.vn\/en\/wp-json\/wp\/v2\/product\/16855"}],"collection":[{"href":"https:\/\/havamall.vn\/en\/wp-json\/wp\/v2\/product"}],"about":[{"href":"https:\/\/havamall.vn\/en\/wp-json\/wp\/v2\/types\/product"}],"replies":[{"embeddable":true,"href":"https:\/\/havamall.vn\/en\/wp-json\/wp\/v2\/comments?post=16855"}],"version-history":[{"count":0,"href":"https:\/\/havamall.vn\/en\/wp-json\/wp\/v2\/product\/16855\/revisions"}],"wp:featuredmedia":[{"embeddable":true,"href":"https:\/\/havamall.vn\/en\/wp-json\/wp\/v2\/media\/16874"}],"wp:attachment":[{"href":"https:\/\/havamall.vn\/en\/wp-json\/wp\/v2\/media?parent=16855"}],"wp:term":[{"taxonomy":"product_brand","embeddable":true,"href":"https:\/\/havamall.vn\/en\/wp-json\/wp\/v2\/product_brand?post=16855"},{"taxonomy":"product_cat","embeddable":true,"href":"https:\/\/havamall.vn\/en\/wp-json\/wp\/v2\/product_cat?post=16855"},{"taxonomy":"product_tag","embeddable":true,"href":"https:\/\/havamall.vn\/en\/wp-json\/wp\/v2\/product_tag?post=16855"}],"curies":[{"name":"wp","href":"https:\/\/api.w.org\/{rel}","templated":true}]}}