{"id":16842,"date":"2020-10-13T10:52:52","date_gmt":"2020-10-13T03:52:52","guid":{"rendered":"https:\/\/havamall.vn\/?post_type=product&#038;p=16842"},"modified":"2023-06-09T10:36:01","modified_gmt":"2023-06-09T03:36:01","slug":"ot-bot-paprika-thuong-hieu-foodies-hu-350g-paprika-spicy","status":"publish","type":"product","link":"https:\/\/havamall.vn\/en\/shop\/ot-bot-paprika-thuong-hieu-foodies-hu-350g-paprika-spicy\/","title":{"rendered":"\u1edat B\u1ed9t Paprika Th\u01b0\u01a1ng Hi\u1ec7u Hava Foodies H\u1ee7 350g &#8211; Paprika Spicy"},"content":{"rendered":"<p><strong>L\u1ecaCH S\u1eec B\u1ed8T \u1edaT PAPRIKA<\/strong><\/p>\n<p>&#8211; Paprika l\u00e0 gia v\u1ecb bi\u1ec3u t\u01b0\u1ee3ng c\u1ee7a \u1ea9m th\u1ef1c Hungary nh\u01b0ng th\u1ef1c ch\u1ea5t gi\u1ed1ng \u1edbt \u0111\u01b0\u1ee3c ng\u01b0\u1eddi Th\u1ed5 Nh\u0129 K\u1ef3 mang \u0111\u1ebfn t\u1eeb th\u1ebf k\u1ef7 16 \u2013 17 trong th\u1eddi gian \u0111\u00f4 h\u1ed9 t\u1ea1i Hungary. Nh\u1eefng th\u1ee3 ch\u0103n c\u1eebu v\u00e0 gia s\u00fac l\u00e0 ng\u01b0\u1eddi \u0111\u1ea7u ti\u00ean ch\u1ebf bi\u1ebfn \u0111\u1ed3 \u0103n v\u1edbi b\u1ed9t \u1edbt.<\/p>\n<p>&#8211; Gia v\u1ecb cay n\u1ed3ng c\u1ee7a \u1edbt b\u1eaft \u0111\u1ea7u \u0111\u01b0\u1ee3c s\u1eed d\u1ee5ng ph\u1ed5 bi\u1ebfn trong c\u00e1c c\u0103n b\u1ebfp c\u1ee7a n\u00f4ng d\u00e2n Hungary. Sau \u0111\u00f3, gi\u1edbi qu\u00fd t\u1ed9c ph\u00e1t hi\u1ec7n v\u1ecb cay \u0111\u1eb7c bi\u1ec7t v\u00e0 m\u00e0u s\u1eafc h\u1ea5p d\u1eabn c\u1ee7a Paprika m\u1edbi cho d\u00f9ng b\u1ed9t n\u00e0y trong c\u00e1c b\u1eefa \u0103n h\u00e0ng ng\u00e0y.<\/p>\n<p>&#8211; \u0110\u1ebfn th\u1ebf k\u1ef7 19, Paprika tr\u1edf th\u00e0nh gia v\u1ecb th\u1ed1ng tr\u1ecb m\u1ecdi c\u0103n b\u1ebfp v\u00e0 nh\u00e0 h\u00e0ng tr\u00ean kh\u1eafp \u0111\u1ea5t n\u01b0\u1edbc.<\/p>\n<p><img fetchpriority=\"high\" decoding=\"async\" class=\"wp-image-16843 aligncenter\" src=\"https:\/\/havamall.vn\/wp-content\/uploads\/2020\/10\/download.jpg\" alt=\"\" width=\"437\" height=\"291\" srcset=\"https:\/\/havamall.vn\/wp-content\/uploads\/2020\/10\/download.jpg 275w, https:\/\/havamall.vn\/wp-content\/uploads\/2020\/10\/download-150x100.jpg 150w\" sizes=\"(max-width: 437px) 100vw, 437px\" \/><\/p>\n<p><strong>PAPRIKA L\u00c0 G\u00cc?<\/strong><\/p>\n<p>&#8211; Paprika l\u00e0 m\u1ed9t lo\u1ea1i b\u1ed9t \u1edbt c\u1ee7a Hungary, Paprika \u0111\u01b0\u1ee3c l\u00e0m t\u1eeb lo\u1ea1i \u1edbt Capsicum ph\u01a1i kh\u00f4, \u0111\u01b0\u1ee3c nghi\u1ec1n m\u1ecbn, ch\u00fang c\u00f3 v\u1ecf \u0111\u1eadm, v\u1ecb cay c\u1ee7a Paprika dao \u0111\u1ed9ng t\u1eeb ng\u1ecdt nh\u1eb9 d\u1ecbu \u0111\u1ebfn trung b\u00ecnh v\u00e0 cay n\u00f3ng.<\/p>\n<p>&#8211; \u1edat b\u1ed9t Paprika c\u00f3 ch\u1ee9a vitamin C, B2, B6, A, E, niacin, canxi, kali, ph\u1ed1t pho, ch\u1ea5t x\u01a1, beta carotene v\u00e0 bioflavonoids c\u00f3 t\u00e1c d\u1ee5ng ch\u1ed1ng oxy h\u00f3a m\u1ea1nh m\u1ebd, ch\u1ed1ng ung th\u01b0, h\u1ed7 tr\u1ee3 s\u1ef1 h\u00ecnh th\u00e0nh c\u1ee7a x\u01b0\u01a1ng, d\u00e2y th\u1ea7n kinh, c\u01a1 b\u1eafp \u0111\u1ed3ng th\u1eddi h\u1ed7 tr\u1ee3 ti\u00eau h\u00f3a b\u1eb1ng c\u00e1ch k\u00edch th\u00edch d\u1ea1 d\u00e0y v\u00e0 m\u1eadt.<\/p>\n<p><img decoding=\"async\" class=\"wp-image-16847 aligncenter\" src=\"https:\/\/havamall.vn\/wp-content\/uploads\/2020\/10\/Bot-ot-paprika.jpg\" alt=\"\" width=\"601\" height=\"451\" srcset=\"https:\/\/havamall.vn\/wp-content\/uploads\/2020\/10\/Bot-ot-paprika.jpg 800w, https:\/\/havamall.vn\/wp-content\/uploads\/2020\/10\/Bot-ot-paprika-430x323.jpg 430w, https:\/\/havamall.vn\/wp-content\/uploads\/2020\/10\/Bot-ot-paprika-150x113.jpg 150w, https:\/\/havamall.vn\/wp-content\/uploads\/2020\/10\/Bot-ot-paprika-700x525.jpg 700w, https:\/\/havamall.vn\/wp-content\/uploads\/2020\/10\/Bot-ot-paprika-300x225.jpg 300w, https:\/\/havamall.vn\/wp-content\/uploads\/2020\/10\/Bot-ot-paprika-768x576.jpg 768w, https:\/\/havamall.vn\/wp-content\/uploads\/2020\/10\/Bot-ot-paprika-600x450.jpg 600w\" sizes=\"(max-width: 601px) 100vw, 601px\" \/><\/p>\n<p><strong>T\u00c1C D\u1ee4NG C\u1ee6A \u1edaT B\u1ed8T PAPRIKA<\/strong><\/p>\n<p><em><strong>1. H\u1ed7 tr\u1ee3 vi\u1ec7c \u0111i\u1ec1u tr\u1ecb b\u1ec7nh t\u1ef1 mi\u1ec5n<\/strong><\/em><br \/>\nCh\u1ea5t capsaicin c\u00f3 trong b\u1ed9t paprika c\u00f3 th\u1ec3 c\u00f3 t\u00e1c d\u1ee5ng th\u1ea7n k\u1ef3 trong vi\u1ec7c ch\u1ed1ng l\u1ea1i c\u00e1c \u0111i\u1ec1u ki\u1ec7n m\u00e0 t\u1ef1 mi\u1ec5n d\u1ecbch \u0111\u01b0\u1ee3c. Nh\u1eefng c\u0103n b\u1ec7nh li\u00ean quan \u0111\u1ebfn v\u1ea5n \u0111\u1ec1 n\u00e0y th\u01b0\u1eddng l\u00e0m suy nh\u01b0\u1ee3c b\u1eaft \u0111\u1ea7u t\u1eeb h\u1ec7 th\u1ed1ng mi\u1ec5n d\u1ecbch t\u1ea5n c\u00f4ng v\u00e0o c\u01a1 th\u1ec3 c\u1ee7a ch\u1ee7 th\u1ec3. M\u1ed9t s\u1ed1 tri\u1ec7u ch\u1ee9ng c\u1ee7a c\u0103n b\u1ec7nh n\u00e0y c\u00f3 th\u1ec3 \u1ea3nh h\u01b0\u1edfng \u0111\u1ebfn nhi\u1ec1u b\u1ed9 ph\u1eadn c\u1ee7a c\u01a1 th\u1ec3 nh\u01b0 n\u00e3o, ph\u1ed5i, kh\u1edbp, h\u1ec7 ti\u00eau h\u00f3a, da, tuy\u1ebfn gi\u00e1p,&#8230;.<\/p>\n<p><em><strong>2. Cung c\u1ea5p l\u01b0\u1ee3ng ch\u1ea5t oxy h\u00f3a cao<\/strong><\/em><br \/>\nC\u00e1c nh\u00e0 khoa h\u1ecdc \u0111\u00e3 t\u00ecm th\u1ea5y b\u00ean trong b\u1ed9t \u1edbt paprika c\u00f3 ch\u1ee9a r\u1ea5t nhi\u1ec1u ch\u1ea5t c\u00f3 th\u1ec3 ch\u1ed1ng oxy h\u00f3a cao, bao g\u1ed3m Vitamin A, c\u00e1c carotenoit g\u1ed3m lutein, beta-cryptoxanthin, zeaxanthin v\u00e0 beta-carotene.Trong \u0111\u00f3,\u00a0Vitamin A c\u00f3 \u0111\u1eb7c t\u00ednh ch\u1ed1ng oxy h\u00f3a cao v\u00e0 c\u00f3 th\u1ec3 l\u00e0m gi\u1ea3m vi\u00eam.\u00a0 \u0110\u1ed3ng th\u1eddi, c\u00e1c carotenoid c\u00f3 t\u00e1c d\u1ee5ng l\u00e0m t\u0103ng s\u1ee9c kh\u1ecfe c\u1ee7a h\u1ec7 h\u00f4 h\u1ea5p, \u0111\u1ebfn h\u1ed7 tr\u1ee3 cho ng\u01b0\u1eddi mang thai. Ch\u1ea5t beta-cryptoxanthin c\u00f3 t\u00e1c d\u1ee5ng l\u00e0m gi\u1ea3m kh\u1ea3 n\u0103ng vi\u00eam trong v\u1ea5n \u0111\u1ec1 vi\u00eam kh\u1edbp. Hai ch\u1ea5t zeaxanthin v\u00e0 Lutein c\u00f3 t\u00e1c d\u1ee5ng ng\u0103n ch\u1eb7n c\u00e1c ph\u00e2n t\u1eed g\u00e2y ra tho\u00e1i h\u00f3a \u0111i\u1ec3m v\u00e0ng v\u00e0 t\u1ed1t cho s\u1ee9c kh\u1ecfe c\u1ee7a \u0111\u00f4i m\u1eaft.<\/p>\n<p><img decoding=\"async\" class=\"wp-image-16849 aligncenter\" src=\"https:\/\/havamall.vn\/wp-content\/uploads\/2020\/10\/paprika.jpg\" alt=\"\" width=\"563\" height=\"375\" srcset=\"https:\/\/havamall.vn\/wp-content\/uploads\/2020\/10\/paprika.jpg 900w, https:\/\/havamall.vn\/wp-content\/uploads\/2020\/10\/paprika-430x287.jpg 430w, https:\/\/havamall.vn\/wp-content\/uploads\/2020\/10\/paprika-150x100.jpg 150w, https:\/\/havamall.vn\/wp-content\/uploads\/2020\/10\/paprika-700x467.jpg 700w, https:\/\/havamall.vn\/wp-content\/uploads\/2020\/10\/paprika-300x200.jpg 300w, https:\/\/havamall.vn\/wp-content\/uploads\/2020\/10\/paprika-768x512.jpg 768w, https:\/\/havamall.vn\/wp-content\/uploads\/2020\/10\/paprika-600x400.jpg 600w\" sizes=\"(max-width: 563px) 100vw, 563px\" \/><\/p>\n<p><em><strong>3. \u0110i\u1ec1u tr\u1ecb v\u00e0 ng\u0103n ng\u1eeba c\u00e1c b\u1ec7nh ung th\u01b0<\/strong><\/em><br \/>\nCh\u1ea5t Capsaicin c\u00f3 trong b\u1ed9t paprika c\u00f3 t\u00e1c d\u1ee5ng t\u1ed1t trong vi\u1ec7c ch\u1eefa tr\u1ecb ho\u1eb7c ng\u0103n ch\u1eb7n nguy c\u01a1 m\u1eafc ung th\u01b0. Capsaicin c\u00f3 tr\u00e1ch nhi\u1ec7m trong vi\u1ec7c thay \u0111\u1ed5i \u0111\u01b0\u1eddng truy\u1ec1n t\u00edn hi\u1ec7u. Gi\u1ea3m thi\u1ec3u \u0111i s\u1ef1 gia t\u0103ng c\u1ee7a c\u00e1c t\u1ebf b\u00e0o ung th\u01b0 v\u00e0 th\u1eadm ch\u00ed c\u00f3 th\u1ec3 ng\u0103n ch\u1eb7n c\u00e1c gen l\u00e0m t\u0103ng k\u00edch th\u01b0\u1edbc c\u1ee7a c\u00e1c kh\u1ed1i u. \u0110\u1eb7c bi\u1ec7t h\u01a1n, b\u1ed9t \u1edbt paprika c\u00f3 th\u1ec3 ch\u1ed1ng l\u1ea1i nguy c\u01a1 m\u1eafc ung th\u01b0 d\u1ea1 d\u00e0y.<\/p>\n<p><em><strong>4. Gi\u1eef cho tr\u00e1i tim c\u1ee7a b\u1ea1n \u0111\u01b0\u1ee3c kh\u1ecfe m\u1ea1nh<\/strong><\/em><br \/>\nL\u01b0\u1ee3ng vitamin B6 c\u00f3 trong b\u1ed9t \u1edbt paprika gi\u00fap cho h\u1ec7 th\u1ed1ng tim m\u1ea1ch c\u1ee7a b\u1ea1n lu\u00f4n \u0111\u01b0\u1ee3c \u1edf tr\u1ea1ng th\u00e1i t\u1ed1t nh\u1ea5t.<\/p>\n<p><em><strong>5. \u0110i\u1ec1u tr\u1ecb ti\u1ec3u \u0111\u01b0\u1eddng<\/strong><\/em><br \/>\nC\u0169ng gi\u1ed1ng nh\u01b0 nhi\u1ec1u lo\u1ea1i b\u1ed9t \u1edbt kh\u00e1c hay nh\u01b0 c\u00e1c gia v\u1ecb c\u00f3 t\u00e1c d\u1ee5ng dinh d\u01b0\u1ee1ng t\u1ed1t cho c\u01a1 th\u1ec3 kh\u00e1c. B\u1ed9t \u1edbt paprika c\u0169ng c\u00f3 kh\u1ea3 n\u0103ng \u0111i\u1ec1u h\u00f2a \u0111\u01b0\u1ee3c l\u01b0\u1ee3ng \u0111\u01b0\u1eddng c\u00f3 trong m\u00e1u \u1edf m\u1ee9c \u1ed5n \u0111\u1ecbnh v\u00e0 t\u1ed1t cho c\u01a1 th\u1ec3 nh\u1ea5t. Ngo\u00e0i ra ch\u00fang c\u00f2n c\u00f3 th\u1ec3 h\u1ed7 tr\u1ee3 trong vi\u1ec7c \u0111i\u1ec1u tr\u1ecb b\u1ec7nh ti\u1ec3u \u0111\u01b0\u1eddng. Ch\u1ea5t Capsaicin c\u00f3 t\u00e1c d\u1ee5ng t\u1ed1t trong qu\u00e1 tr\u00ecnh x\u1eed l\u00fd l\u01b0\u1ee3ng \u0111\u01b0\u1eddng c\u00f3 trong m\u00e1u v\u00e0 qu\u00e1 tr\u00ecnh ph\u00e2n gi\u1ea3i ch\u00fang. \u0110i\u1ec1u n\u00e0y r\u1ea5t t\u1ed1t \u0111\u1ed1i v\u1edbi ph\u1ee5 n\u1eef mang thai, gi\u00fap h\u1ecd gi\u1ea3m nguy c\u01a1 m\u1eafc b\u1ec7nh ti\u1ec3u \u0111\u01b0\u1eddng.<\/p>\n<p><img loading=\"lazy\" decoding=\"async\" class=\"wp-image-16844 aligncenter\" src=\"https:\/\/havamall.vn\/wp-content\/uploads\/2020\/10\/Budapest-Guly\u00e1s.jpg\" alt=\"\" width=\"512\" height=\"403\" srcset=\"https:\/\/havamall.vn\/wp-content\/uploads\/2020\/10\/Budapest-Guly\u00e1s.jpg 855w, https:\/\/havamall.vn\/wp-content\/uploads\/2020\/10\/Budapest-Guly\u00e1s-430x338.jpg 430w, https:\/\/havamall.vn\/wp-content\/uploads\/2020\/10\/Budapest-Guly\u00e1s-150x118.jpg 150w, https:\/\/havamall.vn\/wp-content\/uploads\/2020\/10\/Budapest-Guly\u00e1s-700x551.jpg 700w, https:\/\/havamall.vn\/wp-content\/uploads\/2020\/10\/Budapest-Guly\u00e1s-300x236.jpg 300w, https:\/\/havamall.vn\/wp-content\/uploads\/2020\/10\/Budapest-Guly\u00e1s-768x605.jpg 768w, https:\/\/havamall.vn\/wp-content\/uploads\/2020\/10\/Budapest-Guly\u00e1s-600x472.jpg 600w\" sizes=\"(max-width: 512px) 100vw, 512px\" \/><\/p>\n<p>&nbsp;<\/p>\n<p><em><strong>6. B\u1ed9t \u1edbt paprika t\u1ed1t cho m\u1eaft<\/strong><\/em><br \/>\nC\u00e1c ch\u1ea5t lutein, vitamin A v\u00e0 zeaxanthin c\u00f3 ch\u1ee9a r\u1ea5t nhi\u1ec1u trong \u1edbt paprika gi\u00fap cho \u0111\u00f4i m\u1eaft c\u1ee7a b\u1ea1n \u0111\u01b0\u1ee3c kh\u1ecfe m\u1ea1nh h\u01a1n, ng\u0103n ng\u1eeba c\u00e1c b\u1ec7nh g\u00e2y h\u1ea1i cho m\u1eaft nh\u01b0 l\u00e0 tho\u00e1i h\u00f3a \u0111i\u1ec3m v\u00e0ng.<\/p>\n<p>&#8211; Ngo\u00e0i ra th\u00ec b\u1ed9t \u1edbt paprika c\u00f2n gi\u00fap h\u1ed7 tr\u1ee3 s\u1ef1 h\u00ecnh th\u00e0nh c\u1ee7a x\u01b0\u01a1ng, d\u00e2y th\u1ea7n kinh<\/p>\n<p><strong>C\u00c1CH S\u1eec D\u1ee4NG PAPRIKA<\/strong><\/p>\n<p>Paprika \u0111\u01b0\u1ee3c s\u1eed d\u1ee5ng l\u00e0 gia v\u1ecb cho h\u1ea7u h\u1ebft m\u00f3n \u0103n t\u1ea1i Hungary, ch\u1ee7 y\u1ebfu trong c\u00e1c m\u00f3n h\u1ea7m, canh v\u00e0 s\u00fap. B\u1ea1n c\u00f3 th\u1ec3 r\u1eafc Paprika l\u00ean tr\u00ean c\u00e1c m\u00f3n \u0103n \u0111\u1ec3 t\u1ea1o m\u00e0u \u0111\u1eb9p m\u1eaft v\u00e0 v\u1ecb cay ng\u1ecdt \u1ea5n t\u01b0\u1ee3ng ho\u1eb7c d\u00f9ng \u0111\u1ec3 \u01b0\u1edbp c\u00e1c lo\u1ea1i th\u1ecbt, c\u00e1 tr\u01b0\u1edbc khi ch\u1ebf bi\u1ebfn. \u0110\u1eb7c bi\u1ec7t, n\u1ebfu \u0111un Paprika trong ch\u1ea3o d\u1ea7u s\u1ebd t\u1ea1o th\u00e0nh h\u01b0\u01a1ng v\u1ecb th\u01a1m ngon v\u00e0 \u0111\u1eadm \u0111\u00e0 h\u01a1n.<br \/>\nNg\u01b0\u1eddi Hungary th\u01b0\u1eddng d\u00f9ng r\u01b0\u1ee3u Kadarka khi th\u01b0\u1edfng th\u1ee9c c\u00e1c m\u00f3n \u0103n c\u00f3 \u1edbt Paprika \u0111\u1ec3 t\u0103ng h\u01b0\u01a1ng v\u1ecb t\u1ed1i \u0111a&#8221;.<\/p>\n<p><img loading=\"lazy\" decoding=\"async\" class=\"wp-image-16846 aligncenter\" src=\"https:\/\/havamall.vn\/wp-content\/uploads\/2020\/10\/Bot-ot-paprika-trong-cac-mon-an-Hungary-1024x1024.jpg\" alt=\"\" width=\"573\" height=\"573\" srcset=\"https:\/\/havamall.vn\/wp-content\/uploads\/2020\/10\/Bot-ot-paprika-trong-cac-mon-an-Hungary-1024x1024.jpg 1024w, https:\/\/havamall.vn\/wp-content\/uploads\/2020\/10\/Bot-ot-paprika-trong-cac-mon-an-Hungary-430x430.jpg 430w, https:\/\/havamall.vn\/wp-content\/uploads\/2020\/10\/Bot-ot-paprika-trong-cac-mon-an-Hungary-150x150.jpg 150w, https:\/\/havamall.vn\/wp-content\/uploads\/2020\/10\/Bot-ot-paprika-trong-cac-mon-an-Hungary-700x700.jpg 700w, https:\/\/havamall.vn\/wp-content\/uploads\/2020\/10\/Bot-ot-paprika-trong-cac-mon-an-Hungary-300x300.jpg 300w, https:\/\/havamall.vn\/wp-content\/uploads\/2020\/10\/Bot-ot-paprika-trong-cac-mon-an-Hungary-768x768.jpg 768w, https:\/\/havamall.vn\/wp-content\/uploads\/2020\/10\/Bot-ot-paprika-trong-cac-mon-an-Hungary-1200x1200.jpg 1200w, https:\/\/havamall.vn\/wp-content\/uploads\/2020\/10\/Bot-ot-paprika-trong-cac-mon-an-Hungary-600x600.jpg 600w, https:\/\/havamall.vn\/wp-content\/uploads\/2020\/10\/Bot-ot-paprika-trong-cac-mon-an-Hungary-100x100.jpg 100w, https:\/\/havamall.vn\/wp-content\/uploads\/2020\/10\/Bot-ot-paprika-trong-cac-mon-an-Hungary.jpg 1280w\" sizes=\"(max-width: 573px) 100vw, 573px\" \/><\/p>\n<p><strong>TH\u00d4NG TIN S\u1ea2N PH\u1ea8M<\/strong><\/p>\n<table>\n<tbody>\n<tr>\n<td>Th\u01b0\u01a1ng hi\u1ec7u<\/td>\n<td>Havafood<\/td>\n<\/tr>\n<tr>\n<td>Xu\u1ea5t x\u1ee9<\/td>\n<td>\u0110\u1ee9c<\/td>\n<\/tr>\n<tr>\n<td>Th\u00e0nh ph\u1ea7n<\/td>\n<td>100% \u1edbt Capsicum ph\u01a1i kh\u00f4 v\u00e0 nghi\u1ec1n m\u1ecbn<\/td>\n<\/tr>\n<tr>\n<td>H\u1ea1n s\u1eed d\u1ee5ng<\/td>\n<td>Xem tr\u00ean bao b\u00ec<\/td>\n<\/tr>\n<tr>\n<td>H\u01b0\u1edbng d\u1eabn s\u1eed d\u1ee5ng<\/td>\n<td>D\u00f9ng l\u00e0m gia v\u1ecb ch\u1ebf bi\u1ebfn m\u00f3n \u0103n<\/td>\n<\/tr>\n<tr>\n<td>B\u1ea3o qu\u1ea3n<\/td>\n<td>N\u01a1i kh\u00f4 r\u00e1o, tho\u00e1ng m\u00e1t, tr\u00e1nh \u00e1nh s\u00e1ng tr\u1ef1c ti\u1ebfp t\u1eeb m\u1eb7t tr\u1eddi<\/td>\n<\/tr>\n<\/tbody>\n<\/table>","protected":false},"excerpt":{"rendered":"<ul>\n<li>Paprika \u0111\u01b0\u1ee3c l\u00e0m t\u1eeb lo\u1ea1i \u1edbt Capsicum ph\u01a1i kh\u00f4, \u0111\u01b0\u1ee3c nghi\u1ec1n m\u1ecbn, ch\u00fang c\u00f3 v\u1ecf \u0111\u1eadm, v\u1ecb cay c\u1ee7a Paprika dao \u0111\u1ed9ng t\u1eeb ng\u1ecdt nh\u1eb9 d\u1ecbu \u0111\u1ebfn trung b\u00ecnh v\u00e0 cay n\u00f3ng.<\/li>\n<li>\u1edat b\u1ed9t Paprika c\u00f3 ch\u1ee9a vitamin C, B2, B6, A, E, niacin, canxi, kali, ph\u1ed1t pho, ch\u1ea5t x\u01a1, beta carotene v\u00e0 bioflavonoids c\u00f3 t\u00e1c d\u1ee5ng ch\u1ed1ng oxy h\u00f3a m\u1ea1nh m\u1ebd, ch\u1ed1ng ung th\u01b0, h\u1ed7 tr\u1ee3 s\u1ef1 h\u00ecnh th\u00e0nh c\u1ee7a x\u01b0\u01a1ng, d\u00e2y th\u1ea7n kinh, c\u01a1 b\u1eafp \u0111\u1ed3ng th\u1eddi h\u1ed7 tr\u1ee3 ti\u00eau h\u00f3a b\u1eb1ng c\u00e1ch k\u00edch th\u00edch d\u1ea1 d\u00e0y v\u00e0 m\u1eadt.<\/li>\n<\/ul>","protected":false},"featured_media":29224,"comment_status":"open","ping_status":"closed","template":"","meta":[],"product_brand":[],"product_cat":[595,36,134],"product_tag":[],"class_list":{"0":"post-16842","1":"product","2":"type-product","3":"status-publish","4":"has-post-thumbnail","6":"product_cat-gia-vi-va-che-bien","7":"product_cat-thuc-pham-tieu-dung","8":"product_cat-thucpham-saykho","9":"pa_brand-skx","11":"first","12":"instock","13":"sale","14":"shipping-taxable","15":"purchasable","16":"product-type-simple"},"_links":{"self":[{"href":"https:\/\/havamall.vn\/en\/wp-json\/wp\/v2\/product\/16842"}],"collection":[{"href":"https:\/\/havamall.vn\/en\/wp-json\/wp\/v2\/product"}],"about":[{"href":"https:\/\/havamall.vn\/en\/wp-json\/wp\/v2\/types\/product"}],"replies":[{"embeddable":true,"href":"https:\/\/havamall.vn\/en\/wp-json\/wp\/v2\/comments?post=16842"}],"version-history":[{"count":0,"href":"https:\/\/havamall.vn\/en\/wp-json\/wp\/v2\/product\/16842\/revisions"}],"wp:featuredmedia":[{"embeddable":true,"href":"https:\/\/havamall.vn\/en\/wp-json\/wp\/v2\/media\/29224"}],"wp:attachment":[{"href":"https:\/\/havamall.vn\/en\/wp-json\/wp\/v2\/media?parent=16842"}],"wp:term":[{"taxonomy":"product_brand","embeddable":true,"href":"https:\/\/havamall.vn\/en\/wp-json\/wp\/v2\/product_brand?post=16842"},{"taxonomy":"product_cat","embeddable":true,"href":"https:\/\/havamall.vn\/en\/wp-json\/wp\/v2\/product_cat?post=16842"},{"taxonomy":"product_tag","embeddable":true,"href":"https:\/\/havamall.vn\/en\/wp-json\/wp\/v2\/product_tag?post=16842"}],"curies":[{"name":"wp","href":"https:\/\/api.w.org\/{rel}","templated":true}]}}