{"id":16838,"date":"2020-10-13T10:12:32","date_gmt":"2020-10-13T03:12:32","guid":{"rendered":"https:\/\/havamall.vn\/?post_type=product&#038;p=16838"},"modified":"2023-06-09T10:36:07","modified_gmt":"2023-06-09T03:36:07","slug":"mui-tay-thuong-hieu-foodies-hu-75g-dried-parsley","status":"publish","type":"product","link":"https:\/\/havamall.vn\/en\/shop\/mui-tay-thuong-hieu-foodies-hu-75g-dried-parsley\/","title":{"rendered":"M\u00f9i T\u00e2y Th\u01b0\u01a1ng Hi\u1ec7u Hava Foodies H\u1ee7 Nh\u1ef1a 100g \u2013 Dried Parsley"},"content":{"rendered":"<p><strong>TH\u00d4NG TIN S\u1ea2N PH\u1ea8M<\/strong><\/p>\n<table border=\"1\" width=\"912\" cellspacing=\"0\">\n<tbody>\n<tr>\n<td><strong>Th\u01b0\u01a1ng hi\u1ec7u<\/strong><\/td>\n<td>Havafood<\/td>\n<\/tr>\n<tr>\n<td><strong>Xu\u1ea5t x\u1ee9<\/strong><\/td>\n<td>\u0110\u1ee9c<\/td>\n<\/tr>\n<tr>\n<td><strong>Th\u00e0nh ph\u1ea7n<\/strong><\/td>\n<td>100% m\u00f9i t\u00e2y t\u01b0\u01a1i, s\u1ea5y kh\u00f4<\/td>\n<\/tr>\n<tr>\n<td><strong>H\u1ea1n s\u1eed d\u1ee5ng<\/strong><\/td>\n<td>Xem tr\u00ean bao b\u00ec s\u1ea3n ph\u1ea9m<\/td>\n<\/tr>\n<tr>\n<td><strong>C\u00e1ch s\u1eed d\u1ee5ng<\/strong><\/td>\n<td>D\u00f9ng \u0111\u1ec3 l\u00e0m nguy\u00ean li\u1ec7u ph\u1ee5 t\u1ea1o th\u00eam h\u01b0\u01a1ng v\u1ecb th\u01a1m ngon cho c\u00e1c m\u00f3n \u0103n.<\/td>\n<\/tr>\n<tr>\n<td><strong>SX &amp; \u0111\u00f3ng g\u00f3i<\/strong><\/td>\n<td>Vi\u1ec7t Nam<\/td>\n<\/tr>\n<tr>\n<td><strong>\u00a0B\u1ea3o qu\u1ea3n<\/strong><\/td>\n<td>N\u01a1i tho\u00e1ng m\u00e1t, tr\u00e1nh \u00e1nh n\u1eafng tr\u1ef1c ti\u1ebfp, tho\u00e1ng m\u00e1t<\/td>\n<\/tr>\n<tr>\n<td><strong>Kh\u1ed1i l\u01b0\u1ee3ng t\u1ecbnh<\/strong><\/td>\n<td>100g<\/td>\n<\/tr>\n<\/tbody>\n<\/table>\n<p><strong>\u0110\u1eb6C \u0110I\u1ec2M S\u1ea2N PH\u1ea8M<\/strong><\/p>\n<p>\u2013 Parsley c\u00f3 t\u00ean ti\u1ebfng Vi\u1ec7t l\u00e0 ng\u00f2 t\u00e2y, h\u00ecnh d\u1ea1ng gi\u1ed1ng rau ng\u00f2 (m\u00f9i) nh\u01b0ng b\u00ean ngo\u00e0i, m\u00e0u l\u00e1 parsley \u0111\u1eadm h\u01a1n v\u00e0 c\u0169ng kh\u00f4ng m\u1ecfng manh nh\u01b0 rau ng\u00f2 c\u1ee7a Vi\u1ec7t Nam. \u0110\u00e2y l\u00e0 c\u00e1c lo\u00e0i th\u1ef1c v\u1eadt th\u00e2n th\u1ea3o thu\u1ed9c chi Petroselinum, g\u1ed3m nhi\u1ec1u lo\u1ea1i nh\u01b0 ng\u00f2 t\u00e2y l\u00e1 ph\u1eb3ng, ng\u00f2 t\u00e2y l\u00e1 xo\u0103n\u2026<\/p>\n<p><img fetchpriority=\"high\" decoding=\"async\" class=\"wp-image-16790 aligncenter\" src=\"https:\/\/havamall.vn\/wp-content\/uploads\/2020\/10\/79cd71f8655b66db10c7d1251ce0df43-1024x688.jpg\" alt=\"\" width=\"648\" height=\"435\" srcset=\"https:\/\/havamall.vn\/wp-content\/uploads\/2020\/10\/79cd71f8655b66db10c7d1251ce0df43-1024x688.jpg 1024w, https:\/\/havamall.vn\/wp-content\/uploads\/2020\/10\/79cd71f8655b66db10c7d1251ce0df43-430x289.jpg 430w, https:\/\/havamall.vn\/wp-content\/uploads\/2020\/10\/79cd71f8655b66db10c7d1251ce0df43-150x101.jpg 150w, https:\/\/havamall.vn\/wp-content\/uploads\/2020\/10\/79cd71f8655b66db10c7d1251ce0df43-700x470.jpg 700w, https:\/\/havamall.vn\/wp-content\/uploads\/2020\/10\/79cd71f8655b66db10c7d1251ce0df43-300x202.jpg 300w, https:\/\/havamall.vn\/wp-content\/uploads\/2020\/10\/79cd71f8655b66db10c7d1251ce0df43-768x516.jpg 768w, https:\/\/havamall.vn\/wp-content\/uploads\/2020\/10\/79cd71f8655b66db10c7d1251ce0df43.jpg 1200w, https:\/\/havamall.vn\/wp-content\/uploads\/2020\/10\/79cd71f8655b66db10c7d1251ce0df43-600x403.jpg 600w\" sizes=\"(max-width: 648px) 100vw, 648px\" \/><\/p>\n<p>\u2013 Parsley \u0111\u01b0\u1ee3c s\u1eed d\u1ee5ng r\u1ea5t ph\u1ed5 bi\u1ebfn trong \u1ea9m th\u1ef1c c\u1ee7a khu v\u1ef1c Trung \u0110\u00f4ng, ch\u00e2u \u00c2u v\u00e0 B\u1eafc M\u1ef9. Th\u00e0nh ph\u1ea7n s\u1eed d\u1ee5ng ch\u1ee7 y\u1ebfu l\u00e0 l\u00e1. Trong parsley c\u00f3 ch\u1ee9a h\u00e0m l\u01b0\u1ee3ng l\u1edbn vitamin C, B1, B2, c\u00e1c kho\u00e1ng ch\u1ea5t nh\u01b0 protein, kali, carotin, s\u1eaft, natri v\u00e0 nhi\u1ec1u d\u01b0\u1ee1ng ch\u1ea5t kh\u00e1c r\u1ea5t t\u1ed1t cho s\u1ee9c kh\u1ecfe. Do \u0111\u00f3, d\u00f9ng parsley c\u0169ng ch\u00ednh l\u00e0 m\u1ed9t c\u00e1ch \u0111\u1ec3 t\u0103ng gi\u00e1 tr\u1ecb dinh d\u01b0\u1ee1ng cho m\u00f3n \u0103n.<\/p>\n<p>\u2013 V\u1edbi h\u01b0\u01a1ng v\u1ecb th\u01a1m man m\u00e1t gi\u1ed1ng c\u1ecf d\u1ea1i, th\u00eam ch\u00fat gi\u00f2n ng\u1ecdt nh\u1eb9 nh\u00e0ng, parsley l\u00e0 gia v\u1ecb r\u1ea5t tuy\u1ec7t \u0111\u1ec3 \u0111\u00e1nh th\u1ee9c v\u1ecb gi\u00e1c khi th\u01b0\u1edfng th\u1ee9c m\u00f3n \u0103n. Lo\u1ea1i parsley l\u00e1 xo\u0103n ch\u1ee7 y\u1ebfu d\u00f9ng \u0111\u1ec3 trang tr\u00ed, c\u00f2n lo\u1ea1i parsley l\u00e1 ph\u1eb3ng \u0111\u01b0\u1ee3c d\u00f9ng nhi\u1ec1u h\u01a1n trong ch\u1ebf bi\u1ebfn m\u00f3n \u0103n, \u0111\u1eb7c bi\u1ec7t l\u00e0 m\u00f3n \u00dd v\u00ec n\u00f3 n\u1ed3ng v\u00e0 l\u00e0m cho m\u00f3n \u0103n c\u00f3 v\u1ecb ngon h\u01a1n.<\/p>\n<p>\u2013 M\u00f9i v\u1ecb c\u1ee7a parsley \u0111\u1eb7c bi\u1ec7t th\u00edch h\u1ee3p v\u1edbi m\u00f3n c\u00e1, salad, h\u1ea7m, n\u01b0\u1edbng, s\u00fap v\u00e0 n\u01b0\u1edbc x\u1ed1t. L\u00e1 parsley c\u1eaft nh\u1ecf th\u01b0\u1eddng \u0111\u01b0\u1ee3c d\u00f9ng \u0111\u1ec3 r\u1eafc l\u00ean c\u00e1c m\u00f3n \u0103n l\u00fac v\u1eeba n\u1ea5u xong. Do parsley kh\u00e1 m\u1ec1m v\u00e0 d\u1ec5 ch\u00edn n\u00ean khi th\u1ee9c \u0103n \u0111\u00e3 \u0111\u01b0\u1ee3c n\u1ea5u ch\u00edn th\u00ec m\u1edbi r\u1eafc \u0111\u1ec1u l\u00e1 m\u00f9i t\u00e2y v\u00e0o th\u1ee9c \u0103n \u0111\u1ec3 \u0111\u1ea3m b\u1ea3o h\u01b0\u01a1ng v\u1ecb.<\/p>\n<p><img decoding=\"async\" class=\"wp-image-16789 aligncenter\" src=\"https:\/\/havamall.vn\/wp-content\/uploads\/2020\/10\/How_much_dry_parsley_in_a_spoon-1200x900-768x576.jpg\" alt=\"\" width=\"531\" height=\"398\" srcset=\"https:\/\/havamall.vn\/wp-content\/uploads\/2020\/10\/How_much_dry_parsley_in_a_spoon-1200x900-768x576.jpg 768w, https:\/\/havamall.vn\/wp-content\/uploads\/2020\/10\/How_much_dry_parsley_in_a_spoon-1200x900-768x576-430x323.jpg 430w, https:\/\/havamall.vn\/wp-content\/uploads\/2020\/10\/How_much_dry_parsley_in_a_spoon-1200x900-768x576-150x113.jpg 150w, https:\/\/havamall.vn\/wp-content\/uploads\/2020\/10\/How_much_dry_parsley_in_a_spoon-1200x900-768x576-700x525.jpg 700w, https:\/\/havamall.vn\/wp-content\/uploads\/2020\/10\/How_much_dry_parsley_in_a_spoon-1200x900-768x576-300x225.jpg 300w, https:\/\/havamall.vn\/wp-content\/uploads\/2020\/10\/How_much_dry_parsley_in_a_spoon-1200x900-768x576-600x450.jpg 600w\" sizes=\"(max-width: 531px) 100vw, 531px\" \/><\/p>\n<p><strong>C\u00d4NG D\u1ee4NG M\u00d9I T\u00c2Y<\/strong><\/p>\n<p>\u2013 L\u00e0m nguy\u00ean li\u1ec7u ph\u1ee5 t\u1ea1o th\u00eam h\u01b0\u01a1ng v\u1ecb th\u01a1m ngon cho c\u00e1c m\u00f3n \u0103n (salad, c\u00e1c m\u00f3n h\u1ea7m, n\u01b0\u1edbng, s\u00fap, n\u01b0\u1edbc s\u1ed1t,..) hay c\u00e1c lo\u1ea1i b\u00e1nh m\u1eb7n nh\u01b0 pizza, gi\u00fap k\u00edch th\u00edch v\u1ecb gi\u00e1c, t\u0103ng c\u1ea3m gi\u00e1c ngon mi\u1ec7ng khi th\u01b0\u1edfng th\u1ee9c m\u00f3n \u0103n.<\/p>\n<p>\u2013 \u0110\u1eb7c bi\u1ec7t, Parsley khi k\u1ebft h\u1ee3p v\u1edbi t\u1ecfi s\u1ebd t\u1ea1o n\u00ean m\u00f9i h\u01b0\u01a1ng th\u01a1m ngon kh\u00f3 c\u01b0\u1ee1ng, ch\u00ednh v\u00ec v\u1eady n\u00f3 r\u1ea5t hay \u0111\u01b0\u1ee3c d\u00f9ng \u0111\u1ec3 ch\u1ebf bi\u1ebfn s\u1ed1t spaghetti.<\/p>\n<p><img decoding=\"async\" class=\"size-full wp-image-16788 aligncenter\" src=\"https:\/\/havamall.vn\/wp-content\/uploads\/2020\/10\/cong-dung-parsley.jpg\" alt=\"\" width=\"600\" height=\"450\" srcset=\"https:\/\/havamall.vn\/wp-content\/uploads\/2020\/10\/cong-dung-parsley.jpg 600w, https:\/\/havamall.vn\/wp-content\/uploads\/2020\/10\/cong-dung-parsley-430x323.jpg 430w, https:\/\/havamall.vn\/wp-content\/uploads\/2020\/10\/cong-dung-parsley-150x113.jpg 150w, https:\/\/havamall.vn\/wp-content\/uploads\/2020\/10\/cong-dung-parsley-300x225.jpg 300w\" sizes=\"(max-width: 600px) 100vw, 600px\" \/><\/p>\n<p>\u2013 Gi\u00fap t\u0103ng th\u00eam gi\u00e1 tr\u1ecb dinh d\u01b0\u1ee1ng cho m\u00f3n \u0103n<\/p>\n<p>\u2013 D\u00f9ng \u0111\u1ec3 trang tr\u00ed c\u00e1c m\u00f3n \u0103n<\/p>\n<p>\u2013 Th\u00eam m\u1ed9t ch\u00fat l\u00e1 Parsley v\u00e0o b\u00e1nh m\u00ec b\u01a1 t\u1ecfi, kh\u00f4ng ch\u1ec9 nh\u00ecn h\u1ea5p d\u1eabn h\u01a1n m\u00e0 c\u00f2n th\u01a1m ngon h\u01a1n r\u1ea5t nhi\u1ec1u<\/p>\n<p>\u2013 L\u00e1 m\u00f9i t\u00e2y c\u00f2n \u0111\u01b0\u1ee3c s\u1eed d\u1ee5ng nh\u01b0 m\u1ed9t v\u1ecb thu\u1ed1c d\u00e0nh cho ng\u01b0\u1eddi m\u1eafc ch\u1ee9ng kh\u00f3 ti\u00eau, ch\u1ea5t l\u00e0m th\u01a1m h\u01a1i th\u1edf, gi\u00fap tinh th\u1ea7n t\u1ec9nh t\u00e1o Ngo\u00e0i ra, parsley c\u00f2n \u0111\u01b0\u1ee3c d\u00f9ng \u0111\u1ec3 l\u00e0m l\u1edbp \u00e1o ph\u1ee7 b\u00ean ngo\u00e0i th\u1ecbt n\u01b0\u1edbng, \u00e1p ch\u1ea3o hay chi\u00ean \u0111\u1ec3 th\u1ecbt \u0111\u01b0\u1ee3c gi\u00f2n h\u01a1n, th\u01a1m v\u00e0 ngon h\u01a1n.<\/p>\n<p><em>L\u01b0u \u00fd: Do parsley m\u1ec1m v\u00e0 r\u1ea5t nhanh ch\u00edn n\u00ean th\u01b0\u1eddng khi \u0111\u00e3 n\u1ea5u ch\u00edn th\u1ee9c \u0103n xong ta m\u1edbi n\u00ean cho v\u00e0o. N\u1ebfu ch\u00fang ta cho v\u00e0o tr\u01b0\u1edbc, nh\u1eefng nguy\u00ean li\u1ec7u kh\u00e1c s\u1ebd l\u1ea5n \u00e1t m\u00f9i c\u1ee7a parsley v\u00e0 c\u00f2n khi\u1ebfn ch\u00fang m\u1ec1m nh\u0169n m\u1ea5t \u0111i \u0111\u1ed9 ngon.<\/em><\/p>","protected":false},"excerpt":{"rendered":"<ul>\n<li>Trong parsley c\u00f3 ch\u1ee9a h\u00e0m l\u01b0\u1ee3ng l\u1edbn vitamin C, B1, B2, c\u00e1c kho\u00e1ng ch\u1ea5t nh\u01b0 protein, kali, carotin, s\u1eaft, natri v\u00e0 nhi\u1ec1u d\u01b0\u1ee1ng ch\u1ea5t kh\u00e1c r\u1ea5t t\u1ed1t cho s\u1ee9c kh\u1ecfe. Do \u0111\u00f3, d\u00f9ng parsley c\u0169ng ch\u00ednh l\u00e0 m\u1ed9t c\u00e1ch \u0111\u1ec3 t\u0103ng gi\u00e1 tr\u1ecb dinh d\u01b0\u1ee1ng cho m\u00f3n \u0103n.<\/li>\n<li>M\u00f9i v\u1ecb c\u1ee7a parsley \u0111\u1eb7c bi\u1ec7t th\u00edch h\u1ee3p v\u1edbi m\u00f3n c\u00e1, salad, h\u1ea7m, n\u01b0\u1edbng, s\u00fap v\u00e0 n\u01b0\u1edbc x\u1ed1t. L\u00e1 parsley c\u1eaft nh\u1ecf th\u01b0\u1eddng \u0111\u01b0\u1ee3c d\u00f9ng \u0111\u1ec3 r\u1eafc l\u00ean c\u00e1c m\u00f3n \u0103n l\u00fac v\u1eeba n\u1ea5u xong. Do parsley kh\u00e1 m\u1ec1m v\u00e0 d\u1ec5 ch\u00edn n\u00ean khi th\u1ee9c \u0103n \u0111\u00e3 \u0111\u01b0\u1ee3c n\u1ea5u ch\u00edn th\u00ec m\u1edbi r\u1eafc \u0111\u1ec1u l\u00e1 m\u00f9i t\u00e2y v\u00e0o th\u1ee9c \u0103n \u0111\u1ec3 \u0111\u1ea3m b\u1ea3o h\u01b0\u01a1ng v\u1ecb.<\/li>\n<\/ul>","protected":false},"featured_media":16992,"comment_status":"open","ping_status":"closed","template":"","meta":[],"product_brand":[],"product_cat":[595,36,134],"product_tag":[],"class_list":{"0":"post-16838","1":"product","2":"type-product","3":"status-publish","4":"has-post-thumbnail","6":"product_cat-gia-vi-va-che-bien","7":"product_cat-thuc-pham-tieu-dung","8":"product_cat-thucpham-saykho","9":"pa_brand-skx","11":"first","12":"instock","13":"sale","14":"shipping-taxable","15":"purchasable","16":"product-type-simple"},"_links":{"self":[{"href":"https:\/\/havamall.vn\/en\/wp-json\/wp\/v2\/product\/16838"}],"collection":[{"href":"https:\/\/havamall.vn\/en\/wp-json\/wp\/v2\/product"}],"about":[{"href":"https:\/\/havamall.vn\/en\/wp-json\/wp\/v2\/types\/product"}],"replies":[{"embeddable":true,"href":"https:\/\/havamall.vn\/en\/wp-json\/wp\/v2\/comments?post=16838"}],"version-history":[{"count":0,"href":"https:\/\/havamall.vn\/en\/wp-json\/wp\/v2\/product\/16838\/revisions"}],"wp:featuredmedia":[{"embeddable":true,"href":"https:\/\/havamall.vn\/en\/wp-json\/wp\/v2\/media\/16992"}],"wp:attachment":[{"href":"https:\/\/havamall.vn\/en\/wp-json\/wp\/v2\/media?parent=16838"}],"wp:term":[{"taxonomy":"product_brand","embeddable":true,"href":"https:\/\/havamall.vn\/en\/wp-json\/wp\/v2\/product_brand?post=16838"},{"taxonomy":"product_cat","embeddable":true,"href":"https:\/\/havamall.vn\/en\/wp-json\/wp\/v2\/product_cat?post=16838"},{"taxonomy":"product_tag","embeddable":true,"href":"https:\/\/havamall.vn\/en\/wp-json\/wp\/v2\/product_tag?post=16838"}],"curies":[{"name":"wp","href":"https:\/\/api.w.org\/{rel}","templated":true}]}}