{"id":16834,"date":"2020-10-12T16:51:37","date_gmt":"2020-10-12T09:51:37","guid":{"rendered":"https:\/\/havamall.vn\/?post_type=product&#038;p=16834"},"modified":"2023-06-09T10:36:12","modified_gmt":"2023-06-09T03:36:12","slug":"bot-que-thuong-hieu-foodies-hu-350g-cinnamon-ground","status":"publish","type":"product","link":"https:\/\/havamall.vn\/en\/shop\/bot-que-thuong-hieu-foodies-hu-350g-cinnamon-ground\/","title":{"rendered":"B\u1ed9t Qu\u1ebf Th\u01b0\u01a1ng Hi\u1ec7u Hava Foodies H\u1ee7 350g \u2013 Cinnamon Ground"},"content":{"rendered":"<p><strong>TH\u00d4NG TIN S\u1ea2N PH\u1ea8M<\/strong><\/p>\n<ul>\n<li>Th\u01b0\u01a1ng hi\u1ec7u: Havafood<\/li>\n<li>Th\u00e0nh ph\u1ea7n: 100% qu\u1ebf s\u1ea5y kh\u00f4, nghi\u1ec1n nh\u1ecf th\u00e0nh b\u1ed9t<\/li>\n<li>C\u00e1ch s\u1eed d\u1ee5ng: Tr\u1ed9n c\u00f9ng h\u1ed7n h\u1ee3p b\u1ed9t \u0111\u1ec3 t\u1ea1o m\u00f9i th\u01a1m cho b\u00e1nh \u0111\u1eb7c bi\u1ec7t l\u00e0 b\u00e1nh quy ho\u1eb7c d\u00f9ng \u0111\u1ec3 n\u00eam n\u1ebfm c\u00e1c m\u00f3n \u0103n<\/li>\n<li>Quy c\u00e1ch \u0111\u00f3ng g\u00f3i: 350g<\/li>\n<li>H\u1ea1n s\u1eed d\u1ee5ng: Xem tr\u00ean bao b\u00ec s\u1ea3n ph\u1ea9m<\/li>\n<li>B\u1ea3o qu\u1ea3n: N\u01a1i tho\u00e1ng m\u00e1t, tr\u00e1nh \u00e1nh n\u1eafng tr\u1ef1c ti\u1ebfp, tho\u00e1ng m\u00e1t<\/li>\n<\/ul>\n<p><img fetchpriority=\"high\" decoding=\"async\" class=\"size-full wp-image-16708 aligncenter\" src=\"https:\/\/havamall.vn\/wp-content\/uploads\/2020\/10\/QU%E1%BA%BE-4.jpg\" alt=\"\" width=\"550\" height=\"367\" \/><\/p>\n<p><strong>\u0110\u1eb6C \u0110I\u1ec2M S\u1ea2N PH\u1ea8M<\/strong><\/p>\n<p>\u2013 C\u00e2y qu\u1ebf l\u00e0 lo\u00e0i th\u1ef1c v\u1eadt thu\u1ed9c chi Cinnamomum. V\u1ecf c\u00e2y, v\u1ecf c\u00e0nh c\u00f3 v\u1ecb cay, c\u00f3 m\u00f9i th\u01a1m n\u1ed3ng. Ng\u01b0\u1eddi ta khai th\u00e1c v\u1ecf c\u1ee7a th\u00e2n, c\u00e0nh c\u00e2y \u0111\u1ec3 l\u00e0m thu\u1ed1c trong \u0110\u00f4ng y, l\u00e0m gia v\u1ecb, th\u1ea3o m\u1ed9c d\u01b0\u1ee1ng da\u2026 L\u00e1 c\u1ee7a c\u00e2y qu\u1ebf c\u00f3 th\u1ec3 \u0111\u01b0\u1ee3c d\u00f9ng \u0111\u1ec3 ch\u01b0ng c\u1ea5t tinh d\u1ea7u. G\u1ed7 \u0111\u01b0\u1ee3c d\u00f9ng l\u00e0m \u0111\u1ed3 m\u1ef9 ngh\u1ec7, \u0111\u1ed3 trang tr\u00ed n\u1ed9i th\u1ea5t<\/p>\n<p>\u2013 Qu\u1ebf l\u00e0 m\u1ed9t trong b\u1ed1n lo\u1ea1i th\u1ea3o d\u01b0\u1ee3c qu\u00fd (S\u00e2m \u2013 Nhung \u2013 Qu\u1ebf \u2013 Ph\u1ee5). Ng\u00e0y nay qu\u1ebf \u0111\u01b0\u1ee3c s\u1eed d\u1ee5ng r\u1ed9ng r\u00e3i v\u1edbi nhi\u1ec1u m\u1ee5c \u0111\u00edch kh\u00e1c nhau, \u0111i\u1ec3n h\u00ecnh l\u00e0 trong n\u1ea5u \u0103n b\u1edfi qu\u1ebf h\u1ed9i \u0111\u1ee7 ba \u0111\u1eb7c \u0111i\u1ec3m th\u01a1m, cay v\u00e0 ng\u1ecdt n\u00ean r\u1ea5t \u0111\u01b0\u1ee3c c\u00e1nh n\u1ed9i tr\u1ee3 d\u00f9ng \u0111\u1ec3 n\u00eam n\u1ebfm v\u00e0 \u01b0\u1edbp gia v\u1ecb cho th\u1ee9c \u0103n.<\/p>\n<p>\u2013 B\u1ed9t qu\u1ebf l\u00e0 ph\u1ea7n v\u1ecf c\u00e2y qu\u1ebf, \u0111\u01b0\u1ee3c b\u00e0o ch\u1ebf th\u00e0nh d\u1ea1ng b\u1ed9t m\u1ecbn v\u00e0 c\u00f3 m\u00e0u v\u00e0ng n\u00e2u. B\u1ed9t qu\u1ebf c\u00f3 m\u00f9i th\u01a1m, \u0111i\u1ec3m \u0111\u1eb7c bi\u1ec7t m\u00e0 c\u00e1c d\u01b0\u1ee3c li\u1ec7u kh\u00e1c kh\u00f3 c\u00f3 \u0111\u00f3 ch\u00ednh l\u00e0 m\u00f9i th\u01a1m c\u1ee7a b\u1ed9t qu\u1ebf r\u1ea5t l\u00e2u m\u1edbi bay m\u00f9i.<\/p>\n<p><img decoding=\"async\" class=\"wp-image-16709 aligncenter\" src=\"https:\/\/havamall.vn\/wp-content\/uploads\/2020\/10\/qu%E1%BA%BF-1-1024x683.jpg\" alt=\"\" width=\"512\" height=\"341\" \/><\/p>\n<p>\u2013 V\u1ecf qu\u1ebf sau khi \u0111\u01b0\u1ee3c thu h\u00e1i, s\u1ebd \u0111\u01b0\u1ee3c c\u1ea1o b\u1edbt ph\u1ea7n v\u1ecf \u0111en b\u00ean ngo\u00e0i, \u0111\u1ec3 lo\u1ea1i b\u1ecf \u0111\u1ecba y, \u0111\u1ed3ng th\u1eddi gi\u00fap cho b\u1ed9t qu\u1ebf b\u1edbt \u0111\u1eafng. V\u1ecf qu\u1ebf \u0111em \u0111i xay nhuy\u1ec5n, t\u00e1n m\u1ecbn th\u00e0nh b\u1ed9t. Ngo\u00e0i ra, d\u1ea1ng b\u1ed9t qu\u1ebf c\u00f3 th\u1ec3 \u0111i\u1ec1u ch\u1ebf th\u00e0nh tinh d\u1ea7u, ho\u1eb7c ch\u1ee9a trong c\u00e1c l\u1ecd gia v\u1ecb.<\/p>\n<p>\u2013 B\u1ed9t qu\u1ebf r\u1ea5t d\u1ec5 b\u1ea3o qu\u1ea3n, b\u1ea3n th\u00e2n b\u1ed9t qu\u1ebf \u0111\u00e3 ch\u1ed1ng m\u1ed1c n\u1ea5m c\u00f4n tr\u00f9ng, tuy nhi\u00ean n\u00ean \u0111\u1ec3 \u1edf n\u01a1i kh\u00f4 r\u00e1o tho\u00e1ng m\u00e1t, tr\u00e1nh \u0111\u1ec3 nhi\u1ec7t \u0111\u1ed9 th\u1ea5p g\u00e2y m\u1ea5t m\u00f9i.<\/p>\n<p><strong>C\u00d4NG D\u1ee4NG C\u1ee6A B\u1ed8T QU\u1ebe NGUY\u00caN CH\u1ea4T<\/strong><\/p>\n<p>\u2013\u00a0<em><strong>Gi\u00fap gi\u1ea3m nguy c\u01a1 m\u1eafc b\u1ec7nh tim:<\/strong><\/em>\u00a0B\u1ed9t qu\u1ebf l\u00e0m gi\u1ea3m m\u1ee9c cholesterol to\u00e0n ph\u1ea7n, cholesterol \u201cx\u1ea5u\u201d LDL v\u00e0 ch\u1ea5t b\u00e9o trung t\u00ednh, trong khi l\u01b0\u1ee3ng cholesterol t\u1ed1t HDL v\u1eabn \u1ed5n \u0111\u1ecbnh.<\/p>\n<p><em><strong>\u2013 Gi\u1ea3m l\u01b0\u1ee3ng \u0111\u01b0\u1eddng trong m\u00e1u:<\/strong><\/em>\u00a0B\u1eb1ng c\u00e1ch t\u0103ng \u0111\u1ed9 nh\u1ea1y insulin, qu\u1ebf c\u00f3 th\u1ec3 l\u00e0m gi\u1ea3m l\u01b0\u1ee3ng \u0111\u01b0\u1eddng trong m\u00e1u. Nhi\u1ec1u nghi\u00ean c\u1ee9u tr\u00ean ng\u01b0\u1eddi \u0111\u00e3 x\u00e1c nh\u1eadn t\u00e1c d\u1ee5ng ch\u1ed1ng \u0111\u00e1i th\u00e1o \u0111\u01b0\u1eddng c\u1ee7a qu\u1ebf. Lo\u1ea1i th\u1ea3o m\u1ed9c n\u00e0y c\u00f3 th\u1ec3 l\u00e0m gi\u1ea3m m\u1ee9c \u0111\u01b0\u1eddng huy\u1ebft l\u00fac \u0111\u00f3i xu\u1ed1ng 10 \u2013 29%.<\/p>\n<p><img decoding=\"async\" class=\"wp-image-16710 aligncenter\" src=\"https:\/\/havamall.vn\/wp-content\/uploads\/2020\/10\/qu%E1%BA%BF-3.jpg\" alt=\"\" width=\"539\" height=\"379\" \/><\/p>\n<p><strong><em>\u2013 Ch\u1ed1ng ung th\u01b0:<\/em>\u00a0<\/strong>Chi\u1ebft xu\u1ea5t t\u1eeb qu\u1ebf l\u00e0m gi\u1ea3m s\u1ef1 ph\u00e1t tri\u1ec3n c\u1ee7a c\u00e1c t\u1ebf b\u00e0o ung th\u01b0, s\u1ef1 h\u00ecnh th\u00e0nh c\u00e1c m\u1ea1ch m\u00e1u trong c\u00e1c kh\u1ed1i u. Ngo\u00e0i ra, chi\u1ebft xu\u1ea5t t\u1eeb qu\u1ebf c\u00f2n c\u00f3 th\u1ec3 ti\u00eau di\u1ec7t c\u00e1c t\u1ebf b\u00e0o n\u00e0y.<\/p>\n<p><em><strong>\u2013 \u0110\u1eb7c t\u00ednh ch\u1ed1ng vi\u00eam:<\/strong>\u00a0<\/em>C\u00e1c ch\u1ea5t ch\u1ed1ng oxy h\u00f3a trong th\u1ea3o d\u01b0\u1ee3c n\u00e0y c\u00f3 t\u00e1c d\u1ee5ng ch\u1ed1ng vi\u00eam, t\u1eeb \u0111\u00f3 gi\u00fap gi\u1ea3m nguy c\u01a1 m\u1eafc b\u1ec7nh.<\/p>\n<p><strong>\u2013 C\u00f3 t\u00e1c d\u1ee5ng ch\u1ed1ng oxy h\u00f3a:<\/strong>\u00a0Qu\u1ebf ch\u1ee9a polyphenol, m\u1ed9t ch\u1ea5t ch\u1ed1ng oxy h\u00f3a t\u1ef1 nhi\u00ean gi\u00fap b\u1ea3o v\u1ec7 c\u01a1 th\u1ec3 kh\u1ecfi m\u1ed9t v\u00e0i ch\u1ee9ng b\u1ec7nh g\u00e2y ra do t\u00ecnh tr\u1ea1ng oxy h\u00f3a b\u1edfi c\u00e1c g\u1ed1c t\u1ef1 do.<\/p>\n<p><em><strong>\u2013 Gi\u1ea3m \u0111au nh\u1ee9c:\u00a0<\/strong><\/em>D\u00f9ng b\u1ed9t qu\u1ebf \u0111\u1ec3 ng\u00e2m ch\u00e2n l\u00e0m gi\u1ea3m thi\u1ec3u b\u1ec7nh \u0111au nh\u1ee9c m\u1ecfi, t\u00ea l\u1ea1nh ch\u00e2n, \u0111\u1eb7c bi\u1ec7t l\u00e0 ng\u01b0\u1eddi cao tu\u1ed5i.<\/p>\n<p><em><strong>\u2013 C\u00f3 t\u00e1c d\u1ee5ng l\u00e0m gi\u1ea3m c\u00e2n hi\u1ec7u qu\u1ea3:<\/strong><\/em>\u00a0Trong qu\u1ebf c\u00f3 ch\u1ee9a ch\u1ea5t hydroxy cinnamaldehyde \u2013 ch\u1ea5t c\u00f3 kh\u1ea3 n\u0103ng ki\u1ec3m so\u00e1t l\u01b0\u1ee3ng cholesterol c\u00f3 g\u1ea1i, g\u00e2y ra t\u00ecnh tr\u1ea1ng b\u00e9o ph\u00ec cho c\u01a1 th\u1ec3. G\u00f3p ph\u1ea7n th\u00fac \u0111\u1ea9y qu\u00e1 tr\u00ecnh gi\u1ea3m c\u00e2n, qu\u00e1 tr\u00ecnh trao \u0111\u1ed5i ch\u1ea5t di\u1ec5n ra t\u1ed1t h\u01a1n c\u0169ng nh\u01b0 gi\u00fap ng\u0103n ch\u1eb7n \u0111\u01b0\u1ee3c qu\u00e1 tr\u00ecnh s\u1ea3n xu\u1ea5t insulin.<\/p>","protected":false},"excerpt":{"rendered":"<ul>\n<li>B\u1ed9t qu\u1ebf l\u00e0 ph\u1ea7n v\u1ecf c\u00e2y qu\u1ebf, \u0111\u01b0\u1ee3c b\u00e0o ch\u1ebf th\u00e0nh d\u1ea1ng b\u1ed9t m\u1ecbn v\u00e0 c\u00f3 m\u00e0u v\u00e0ng n\u00e2u.<\/li>\n<li>B\u1ed9t qu\u1ebf c\u00f3 m\u00f9i th\u01a1m, \u0111i\u1ec3m \u0111\u1eb7c bi\u1ec7t m\u00e0 c\u00e1c d\u01b0\u1ee3c li\u1ec7u kh\u00e1c kh\u00f3 c\u00f3 \u0111\u00f3 ch\u00ednh l\u00e0 m\u00f9i th\u01a1m c\u1ee7a b\u1ed9t qu\u1ebf r\u1ea5t l\u00e2u m\u1edbi bay m\u00f9i.<\/li>\n<li>B\u1ed9t qu\u1ebf r\u1ea5t d\u1ec5 b\u1ea3o qu\u1ea3n, b\u1ea3n th\u00e2n b\u1ed9t qu\u1ebf \u0111\u00e3 ch\u1ed1ng m\u1ed1c n\u1ea5m c\u00f4n tr\u00f9ng, tuy nhi\u00ean n\u00ean \u0111\u1ec3 \u1edf n\u01a1i kh\u00f4 r\u00e1o tho\u00e1ng m\u00e1t, tr\u00e1nh \u0111\u1ec3 nhi\u1ec7t \u0111\u1ed9 th\u1ea5p g\u00e2y m\u1ea5t m\u00f9i.<\/li>\n<\/ul>","protected":false},"featured_media":16839,"comment_status":"open","ping_status":"closed","template":"","meta":[],"product_brand":[],"product_cat":[595,36,134],"product_tag":[],"class_list":{"0":"post-16834","1":"product","2":"type-product","3":"status-publish","4":"has-post-thumbnail","6":"product_cat-gia-vi-va-che-bien","7":"product_cat-thuc-pham-tieu-dung","8":"product_cat-thucpham-saykho","9":"pa_brand-skx","11":"first","12":"instock","13":"sale","14":"shipping-taxable","15":"purchasable","16":"product-type-simple"},"_links":{"self":[{"href":"https:\/\/havamall.vn\/en\/wp-json\/wp\/v2\/product\/16834"}],"collection":[{"href":"https:\/\/havamall.vn\/en\/wp-json\/wp\/v2\/product"}],"about":[{"href":"https:\/\/havamall.vn\/en\/wp-json\/wp\/v2\/types\/product"}],"replies":[{"embeddable":true,"href":"https:\/\/havamall.vn\/en\/wp-json\/wp\/v2\/comments?post=16834"}],"version-history":[{"count":0,"href":"https:\/\/havamall.vn\/en\/wp-json\/wp\/v2\/product\/16834\/revisions"}],"wp:featuredmedia":[{"embeddable":true,"href":"https:\/\/havamall.vn\/en\/wp-json\/wp\/v2\/media\/16839"}],"wp:attachment":[{"href":"https:\/\/havamall.vn\/en\/wp-json\/wp\/v2\/media?parent=16834"}],"wp:term":[{"taxonomy":"product_brand","embeddable":true,"href":"https:\/\/havamall.vn\/en\/wp-json\/wp\/v2\/product_brand?post=16834"},{"taxonomy":"product_cat","embeddable":true,"href":"https:\/\/havamall.vn\/en\/wp-json\/wp\/v2\/product_cat?post=16834"},{"taxonomy":"product_tag","embeddable":true,"href":"https:\/\/havamall.vn\/en\/wp-json\/wp\/v2\/product_tag?post=16834"}],"curies":[{"name":"wp","href":"https:\/\/api.w.org\/{rel}","templated":true}]}}