{"id":16825,"date":"2020-10-12T16:37:50","date_gmt":"2020-10-12T09:37:50","guid":{"rendered":"https:\/\/havamall.vn\/?post_type=product&#038;p=16825"},"modified":"2023-06-09T10:36:28","modified_gmt":"2023-06-09T03:36:28","slug":"la-nguyet-que-kho-thuong-hieu-foodies-hu-30g-bay-leaves","status":"publish","type":"product","link":"https:\/\/havamall.vn\/en\/shop\/la-nguyet-que-kho-thuong-hieu-foodies-hu-30g-bay-leaves\/","title":{"rendered":"L\u00e1 Nguy\u1ec7t Qu\u1ebf Kh\u00f4 Th\u01b0\u01a1ng Hi\u1ec7u Hava Foodies H\u1ee7 100g \u2013 Bay Leaves"},"content":{"rendered":"<p>L\u00e1 nguy\u1ec7t qu\u1ebf xu\u1ea5t ph\u00e1t t\u1eeb c\u00e2y c\u00f3 ngu\u1ed3n g\u1ed1c t\u1eeb c\u00e1c n\u01b0\u1edbc Ti\u1ec3u \u00c1 v\u00e0 ph\u00e1t tri\u1ec3n m\u1ea1nh \u1edf v\u00f9ng \u0110\u1ecba Trung H\u1ea3i. C\u00e2y nguy\u1ec7t qu\u1ebf \u0111\u00e3 \u0111\u01b0\u1ee3c ng\u01b0\u1eddi Ph\u00e1p di th\u1ef1c v\u00e0 tr\u1ed3ng t\u1ea1i m\u1ed9t s\u1ed1 t\u1ec9nh mi\u1ec1n nam Vi\u1ec7t Nam. \u0110\u1eb7c bi\u1ec7t l\u00e0 Hy L\u1ea1p c\u1ed5 \u0111\u1ea1i v\u00e0 La M\u00e3, l\u00e1 nguy\u1ec7t qu\u1ebf \u0111\u01b0\u1ee3c coi nh\u01b0 m\u1ed9t bi\u1ec3u t\u01b0\u1ee3ng c\u1ee7a quy\u1ec1n l\u1ef1c v\u00e0 s\u1ef1 n\u1ed5i ti\u1ebfng, n\u00f3 \u0111\u01b0\u1ee3c k\u1ebft th\u00e0nh v\u00f2ng \u0111eo quanh c\u1ed5 c\u00e1c v\u1ecb vua, anh h\u00f9ng ho\u1eb7c c\u00e1c v\u1eadn \u0111\u1ed9ng vi\u00ean chi\u1ebfn th\u1eafng.<\/p>\n<p>L\u00e1 nguy\u1ec7t qu\u1ebf l\u00e0 gia v\u1ecb ph\u1ed5 bi\u1ebfn s\u1eed d\u1ee5ng trong kh\u1eed m\u00f9i, \u01b0\u1edbp v\u00e0 h\u1ea7m gia v\u1ecb. L\u00e1 c\u00f3 m\u00f9i th\u01a1m nh\u1eb9, v\u1ecb cay \u0111\u1eafng. L\u00e1 nguy\u1ec7t qu\u1ebf ch\u1ee9a kho\u1ea3ng 2% tinh d\u1ea7u, th\u00e0nh ph\u1ea7n ch\u1ee7 y\u1ebfu l\u00e0 cineole.<\/p>\n<p><img fetchpriority=\"high\" decoding=\"async\" class=\"wp-image-16740 aligncenter\" src=\"https:\/\/havamall.vn\/wp-content\/uploads\/2020\/10\/5c0a68_5fa327d0fd7b428da49d3404fa883b5f_mv2-1024x768.jpg\" alt=\"\" width=\"518\" height=\"389\" srcset=\"https:\/\/havamall.vn\/wp-content\/uploads\/2020\/10\/5c0a68_5fa327d0fd7b428da49d3404fa883b5f_mv2-1024x768.jpg 1024w, https:\/\/havamall.vn\/wp-content\/uploads\/2020\/10\/5c0a68_5fa327d0fd7b428da49d3404fa883b5f_mv2-430x323.jpg 430w, https:\/\/havamall.vn\/wp-content\/uploads\/2020\/10\/5c0a68_5fa327d0fd7b428da49d3404fa883b5f_mv2-150x113.jpg 150w, https:\/\/havamall.vn\/wp-content\/uploads\/2020\/10\/5c0a68_5fa327d0fd7b428da49d3404fa883b5f_mv2-700x525.jpg 700w, https:\/\/havamall.vn\/wp-content\/uploads\/2020\/10\/5c0a68_5fa327d0fd7b428da49d3404fa883b5f_mv2-300x225.jpg 300w, https:\/\/havamall.vn\/wp-content\/uploads\/2020\/10\/5c0a68_5fa327d0fd7b428da49d3404fa883b5f_mv2-768x576.jpg 768w, https:\/\/havamall.vn\/wp-content\/uploads\/2020\/10\/5c0a68_5fa327d0fd7b428da49d3404fa883b5f_mv2-1200x900.jpg 1200w, https:\/\/havamall.vn\/wp-content\/uploads\/2020\/10\/5c0a68_5fa327d0fd7b428da49d3404fa883b5f_mv2-600x450.jpg 600w, https:\/\/havamall.vn\/wp-content\/uploads\/2020\/10\/5c0a68_5fa327d0fd7b428da49d3404fa883b5f_mv2.jpg 1773w\" sizes=\"(max-width: 518px) 100vw, 518px\" \/><\/p>\n<p>TH\u00d4NG TIN S\u1ea2N PH\u1ea8M<\/p>\n<ul>\n<li>Xu\u1ea5t x\u1ee9: \u0110\u1ee9c<\/li>\n<li>Th\u00e0nh ph\u1ea7n: 100% l\u00e1 nguy\u1ec7t qu\u1ebf<\/li>\n<li>Kh\u1ed1i l\u01b0\u1ee3ng t\u1ecbnh: 100g<\/li>\n<li>H\u01b0\u1edbng d\u1eabn s\u1eed d\u1ee5ng: D\u00f9ng l\u00e1 nguy\u1ec7t qu\u1ebf \u0111\u1ec3 kh\u1eed m\u00f9i, \u01b0\u1edbp v\u00e0 h\u1ea7m gia v\u1ecb.<\/li>\n<li>B\u1ea3o qu\u1ea3n: B\u1ea3o qu\u1ea3n n\u01a1i kh\u00f4 r\u00e1o, tho\u00e1ng m\u00e1t, tr\u00e1nh \u00e1nh n\u1eafng tr\u1ef1c ti\u1ebfp chi\u1ebfu v\u00e0o s\u1ea3n ph\u1ea9m. Sau khi s\u1eed d\u1ee5ng s\u1ea3n ph\u1ea9m c\u00f2n d\u01b0 n\u00ean tr\u1eef trong h\u1ee7 k\u00edn c\u00f3 n\u1eafp \u0111\u1eady.<\/li>\n<li>H\u1ea1n s\u1eed d\u1ee5ng: Xem tr\u00ean bao b\u00ec s\u1ea3n ph\u1ea9m<\/li>\n<\/ul>\n<p><img decoding=\"async\" class=\"wp-image-16741 aligncenter\" src=\"https:\/\/havamall.vn\/wp-content\/uploads\/2020\/10\/bay-leaf-la-gi-1024x683.jpg\" alt=\"\" width=\"514\" height=\"342\" srcset=\"https:\/\/havamall.vn\/wp-content\/uploads\/2020\/10\/bay-leaf-la-gi-1024x683.jpg 1024w, https:\/\/havamall.vn\/wp-content\/uploads\/2020\/10\/bay-leaf-la-gi-430x287.jpg 430w, https:\/\/havamall.vn\/wp-content\/uploads\/2020\/10\/bay-leaf-la-gi-150x100.jpg 150w, https:\/\/havamall.vn\/wp-content\/uploads\/2020\/10\/bay-leaf-la-gi-700x467.jpg 700w, https:\/\/havamall.vn\/wp-content\/uploads\/2020\/10\/bay-leaf-la-gi-300x200.jpg 300w, https:\/\/havamall.vn\/wp-content\/uploads\/2020\/10\/bay-leaf-la-gi-768x512.jpg 768w, https:\/\/havamall.vn\/wp-content\/uploads\/2020\/10\/bay-leaf-la-gi-1200x800.jpg 1200w, https:\/\/havamall.vn\/wp-content\/uploads\/2020\/10\/bay-leaf-la-gi-600x400.jpg 600w, https:\/\/havamall.vn\/wp-content\/uploads\/2020\/10\/bay-leaf-la-gi.jpg 1920w\" sizes=\"(max-width: 514px) 100vw, 514px\" \/><\/p>\n<p>C\u00d4NG D\u1ee4NG C\u1ee6A L\u00c1 NGUY\u1ec6T QU\u1ebe<\/p>\n<p>\u2013<em>\u00a0D\u00f9ng l\u00e0m gia v\u1ecb n\u1ea5u \u0103n<\/em>: L\u00e1 nguy\u1ec7t qu\u1ebf \u0111\u01b0\u1ee3c bi\u1ebft \u0111\u1ebfn r\u1ed9ng r\u00e3i nh\u01b0 m\u1ed9t lo\u1ea1i gia v\u1ecb trong \u1ea9m th\u1ef1c \u0111\u1ec3 t\u1ea9m \u01b0\u1edbp, h\u1ea7m, x\u00e0o c\u00e1c m\u00f3n \u0103n. C\u00f3 v\u1ecb cay \u0111\u1eafng, c\u00f3 m\u00f9i th\u01a1m d\u1ecbu nh\u1eb9 r\u1ea5t \u0111\u1eb7c tr\u01b0ng. L\u00e1 nguy\u1ec7t qu\u1ebf kh\u00f4 \u0111\u1ec3 n\u1ea5u \u0103n r\u1ea5t nh\u1eb9, ch\u1ec9 c\u1ea7n m\u1ed9t, hai l\u00e1 l\u00e0 \u0111\u1ee7 t\u1ea1o h\u01b0\u01a1ng v\u1ecb cho m\u1ed9t n\u1ed3i s\u00fap, h\u1ea7m ho\u1eb7c r\u00e1n.<\/p>\n<p><em>\u2013 D\u00f9ng \u0111\u1ec3 xua \u0111u\u1ed5i c\u00f4n tr\u00f9ng, \u0111\u1eb7c bi\u1ec7t l\u00e0 gi\u00e1n:<\/em>\u00a0Lo\u00e0i gi\u00e1n \u0111\u01b0\u1ee3c cho l\u00e0 r\u1ea5t gh\u00e9t m\u00f9i l\u00e1 nguy\u1ec7t qu\u1ebf, v\u00ec v\u1eady trong d\u00e2n gian ng\u01b0\u1eddi \u0110\u1ecba Trung H\u1ea3i th\u01b0\u1eddng l\u1ea5y l\u00e1 nguy\u1ec7t qu\u1ebf kh\u00f4 \u0111\u1eb7t t\u1ea1i c\u00e1c t\u1ed5 gi\u00e1n ho\u1eb7c t\u1ea1i khu v\u1ef1c b\u1ebfp \u0111\u1ec3 xua \u0111u\u1ed5i gi\u00e1n.<\/p>\n<p><em>\u2013 L\u00e1 nguy\u1ec7t qu\u1ebf d\u00f9ng \u0111\u1ec3 ch\u1eefa b\u1ec7nh:<\/em>\u00a0Nh\u1edd \u0111\u1eb7c t\u00ednh kh\u00e1ng khu\u1ea9n c\u1ee7a m\u00ecnh l\u00e1 nguy\u1ec7t qu\u1ebf th\u01b0\u1eddng \u0111\u01b0\u1ee3c d\u00f9ng trong c\u00e1c v\u1ecb thu\u1ed1c ch\u1eefa b\u1ec7nh c\u1ea3m l\u1ea1nh v\u00e0 c\u00e1c b\u1ec7nh li\u00ean quan \u0111\u1ebfn vi\u00eam ph\u1ebf qu\u1ea3n. Ngo\u00e0i ra s\u1eed d\u1ee5ng l\u00e1 nguy\u1ec7t qu\u1ebf c\u00f2n gi\u00fap con ng\u01b0\u1eddi k\u00edch th\u00edch ti\u00eau h\u00f3a, t\u0103ng c\u01b0\u1eddng s\u1ef1 ham \u0103n, ng\u1eeba \u0111\u1ea7y h\u01a1i g\u00e2y n\u00f3ng ru\u1ed9t.<\/p>\n<p><img decoding=\"async\" class=\"wp-image-16742 aligncenter\" src=\"https:\/\/havamall.vn\/wp-content\/uploads\/2020\/10\/1223.970.jpg\" alt=\"\" width=\"558\" height=\"418\" srcset=\"https:\/\/havamall.vn\/wp-content\/uploads\/2020\/10\/1223.970.jpg 700w, https:\/\/havamall.vn\/wp-content\/uploads\/2020\/10\/1223.970-430x323.jpg 430w, https:\/\/havamall.vn\/wp-content\/uploads\/2020\/10\/1223.970-150x113.jpg 150w, https:\/\/havamall.vn\/wp-content\/uploads\/2020\/10\/1223.970-300x225.jpg 300w, https:\/\/havamall.vn\/wp-content\/uploads\/2020\/10\/1223.970-600x450.jpg 600w\" sizes=\"(max-width: 558px) 100vw, 558px\" \/><\/p>\n<p><em>\u2013 H\u1ed7 tr\u1ee3 \u0111i\u1ec1u tr\u1ecb c\u00e1c b\u1ec7nh li\u00ean quan \u0111\u1ebfn x\u01b0\u01a1ng kh\u1edb<\/em>p nh\u01b0 th\u1ea5p kh\u1edbp, b\u1ec7nh g\u00fat. \u0110\u00f3 l\u00e0 nh\u1edd trong tinh d\u1ea7u l\u00e1 nguy\u1ec7t qu\u1ebf c\u00f3 c\u00e1c ch\u1ea5t l\u00e0m gi\u1ea3m vi\u00eam v\u00e0 gi\u1ea3m \u0111au l\u00e0 cineol v\u00e0 pinen.<\/p>\n<p><em>\u2013 Gi\u00fap c\u1ea3i thi\u1ec7n, l\u00e0m kh\u1ecfe m\u1ea1nh l\u00e0n da v\u00e0 \u0111\u00f4i m\u1eaft<\/em>: trong l\u00e1 nguy\u1ec7t qu\u1ebf c\u00f3 c\u00e1c vitamin A v\u00e0 C l\u00e0 c\u00e1c ch\u1ea5t gi\u00fap t\u0103ng c\u01b0\u1eddng h\u1ec7 mi\u1ec5n d\u1ecbch v\u00e0 ch\u1ed1ng oxy h\u00f3a hi\u1ec7u qu\u1ea3.<\/p>\n<p><em>L\u00e1 nguy\u1ec7t qu\u1ebf nh\u00e0\u00a0<strong>Havamall<\/strong>\u00a0ho\u00e0n to\u00e0n t\u1ef1 nhi\u00ean,\u00a0kh\u00f4ng l\u1eabn t\u1ea1p ch\u1ea5t, kh\u00f4ng ch\u1ea5t b\u1ea3o qu\u1ea3n, kh\u00f4ng ch\u1ea5t t\u1ea1o m\u00e0u v\u00e0 kh\u00f4ng ch\u1ea5t t\u1ea1o m\u00f9i n\u00ean r\u1ea5t an to\u00e0n cho ng\u01b0\u1eddi s\u1eed d\u1ee5ng.<\/em><\/p>","protected":false},"excerpt":{"rendered":"<ul>\n<li>L\u00e1 nguy\u1ec7t qu\u1ebf \u0111\u01b0\u1ee3c bi\u1ebft \u0111\u1ebfn r\u1ed9ng r\u00e3i nh\u01b0 m\u1ed9t lo\u1ea1i gia v\u1ecb trong \u1ea9m th\u1ef1c \u0111\u1ec3 t\u1ea9m \u01b0\u1edbp, h\u1ea7m, x\u00e0o c\u00e1c m\u00f3n \u0103n.<\/li>\n<li>L\u00e1 nguy\u1ec7t qu\u1ebf c\u00f3 v\u1ecb cay \u0111\u1eafng, c\u00f3 m\u00f9i th\u01a1m d\u1ecbu nh\u1eb9 r\u1ea5t \u0111\u1eb7c tr\u01b0ng. L\u00e1 nguy\u1ec7t qu\u1ebf kh\u00f4 \u0111\u1ec3 n\u1ea5u \u0103n r\u1ea5t nh\u1eb9, ch\u1ec9 c\u1ea7n m\u1ed9t, hai l\u00e1 l\u00e0 \u0111\u1ee7 t\u1ea1o h\u01b0\u01a1ng v\u1ecb cho m\u1ed9t n\u1ed3i s\u00fap, h\u1ea7m ho\u1eb7c r\u00e1n.<\/li>\n<li>L\u00e1 nguy\u1ec7t qu\u1ebf ch\u1ee9a kho\u1ea3ng 2% tinh d\u1ea7u, th\u00e0nh ph\u1ea7n ch\u1ee7 y\u1ebfu l\u00e0 cineole.<\/li>\n<\/ul>","protected":false},"featured_media":16826,"comment_status":"open","ping_status":"closed","template":"","meta":[],"product_brand":[],"product_cat":[595,36,134],"product_tag":[],"class_list":{"0":"post-16825","1":"product","2":"type-product","3":"status-publish","4":"has-post-thumbnail","6":"product_cat-gia-vi-va-che-bien","7":"product_cat-thuc-pham-tieu-dung","8":"product_cat-thucpham-saykho","9":"pa_brand-skx","11":"first","12":"instock","13":"sale","14":"shipping-taxable","15":"purchasable","16":"product-type-simple"},"_links":{"self":[{"href":"https:\/\/havamall.vn\/en\/wp-json\/wp\/v2\/product\/16825"}],"collection":[{"href":"https:\/\/havamall.vn\/en\/wp-json\/wp\/v2\/product"}],"about":[{"href":"https:\/\/havamall.vn\/en\/wp-json\/wp\/v2\/types\/product"}],"replies":[{"embeddable":true,"href":"https:\/\/havamall.vn\/en\/wp-json\/wp\/v2\/comments?post=16825"}],"version-history":[{"count":0,"href":"https:\/\/havamall.vn\/en\/wp-json\/wp\/v2\/product\/16825\/revisions"}],"wp:featuredmedia":[{"embeddable":true,"href":"https:\/\/havamall.vn\/en\/wp-json\/wp\/v2\/media\/16826"}],"wp:attachment":[{"href":"https:\/\/havamall.vn\/en\/wp-json\/wp\/v2\/media?parent=16825"}],"wp:term":[{"taxonomy":"product_brand","embeddable":true,"href":"https:\/\/havamall.vn\/en\/wp-json\/wp\/v2\/product_brand?post=16825"},{"taxonomy":"product_cat","embeddable":true,"href":"https:\/\/havamall.vn\/en\/wp-json\/wp\/v2\/product_cat?post=16825"},{"taxonomy":"product_tag","embeddable":true,"href":"https:\/\/havamall.vn\/en\/wp-json\/wp\/v2\/product_tag?post=16825"}],"curies":[{"name":"wp","href":"https:\/\/api.w.org\/{rel}","templated":true}]}}