{"id":16791,"date":"2020-10-09T15:51:15","date_gmt":"2020-10-09T08:51:15","guid":{"rendered":"https:\/\/havamall.vn\/?post_type=product&#038;p=16791"},"modified":"2023-06-09T10:36:44","modified_gmt":"2023-06-09T03:36:44","slug":"gia-vi-y-tong-hop-thuong-hieu-atlas-goi-1kg-majoram-rubbed","status":"publish","type":"product","link":"https:\/\/havamall.vn\/en\/shop\/gia-vi-y-tong-hop-thuong-hieu-atlas-goi-1kg-majoram-rubbed\/","title":{"rendered":"Gia V\u1ecb \u00dd T\u1ed5ng H\u1ee3p Th\u01b0\u01a1ng Hi\u1ec7u Atlas G\u00f3i 500g &#8211; Mix Herb Provencale"},"content":{"rendered":"<div class=\"o9v6fnle cxmmr5t8 oygrvhab hcukyx3x c1et5uql ii04i59q\">\n<div dir=\"auto\">\n<p><strong>TH\u00d4NG TIN S\u1ea2N PH\u00c2M<\/strong><\/p>\n<table border=\"1\" cellspacing=\"0\">\n<tbody>\n<tr>\n<td><strong>Th\u01b0\u01a1ng hi\u1ec7u<\/strong><\/td>\n<td>Havafood<\/td>\n<\/tr>\n<tr>\n<td><b>Xu\u1ea5t x\u1ee9<\/b><\/td>\n<td>\u0110\u1ee9c<\/td>\n<\/tr>\n<tr>\n<td><strong>Th\u00e0nh ph\u1ea7n<\/strong><\/td>\n<td>K\u1ebft h\u1ee3p nhi\u1ec1u lo\u1ea1i l\u00e1 th\u1ea3o m\u1ed9c: l\u00e1 h\u01b0\u01a1ng th\u1ea3o, l\u00e1 Oregano, l\u00e1 Maroram,..<\/td>\n<\/tr>\n<tr>\n<td><strong>H\u1ea1n s\u1eed d\u1ee5ng<\/strong><\/td>\n<td>Xem tr\u00ean bao b\u00ec s\u1ea3n ph\u1ea9m<\/td>\n<\/tr>\n<tr>\n<td><strong>C\u00e1ch s\u1eed d\u1ee5ng<\/strong><\/td>\n<td>D\u00f9ng \u0111\u1ec3 n\u00eam n\u1ebfm, ch\u1ebf bi\u1ebfn m\u00f3n \u0103n<\/td>\n<\/tr>\n<tr>\n<td><strong>Nh\u1eadp kh\u1ea9u &amp; \u0111\u00f3ng g\u00f3i<\/strong><\/td>\n<td>Vi\u1ec7t Nam<\/td>\n<\/tr>\n<tr>\n<td><strong>\u00a0B\u1ea3o qu\u1ea3n<\/strong><\/td>\n<td>N\u01a1i tho\u00e1ng m\u00e1t, tr\u00e1nh \u00e1nh n\u1eafng tr\u1ef1c ti\u1ebfp, tho\u00e1ng m\u00e1t<\/td>\n<\/tr>\n<tr>\n<td><strong>Kh\u1ed1i l\u01b0\u1ee3ng t\u1ecbnh<\/strong><\/td>\n<td>500g<\/td>\n<\/tr>\n<\/tbody>\n<\/table>\n<p><img fetchpriority=\"high\" decoding=\"async\" class=\"wp-image-16793 aligncenter\" src=\"https:\/\/havamall.vn\/wp-content\/uploads\/2020\/10\/gia-v\u1ecb-\u00fd-1.jpg\" alt=\"\" width=\"509\" height=\"382\" srcset=\"https:\/\/havamall.vn\/wp-content\/uploads\/2020\/10\/gia-v\u1ecb-\u00fd-1.jpg 640w, https:\/\/havamall.vn\/wp-content\/uploads\/2020\/10\/gia-v\u1ecb-\u00fd-1-430x323.jpg 430w, https:\/\/havamall.vn\/wp-content\/uploads\/2020\/10\/gia-v\u1ecb-\u00fd-1-150x113.jpg 150w, https:\/\/havamall.vn\/wp-content\/uploads\/2020\/10\/gia-v\u1ecb-\u00fd-1-300x225.jpg 300w, https:\/\/havamall.vn\/wp-content\/uploads\/2020\/10\/gia-v\u1ecb-\u00fd-1-600x450.jpg 600w\" sizes=\"(max-width: 509px) 100vw, 509px\" \/><\/p>\n<p><strong>\u0110\u1eb6C \u0110I\u1ec2M S\u1ea2N PH\u1ea8M<\/strong><\/p>\n<\/div>\n<div dir=\"auto\">&#8211; Gia v\u1ecb \u00dd t\u1ed5ng h\u1ee3p \u0111\u01b0\u1ee3c pha tr\u1ed9n t\u1eeb c\u00e1c lo\u1ea1i l\u00e1 th\u1ea3o m\u1ed9c \u0111\u1eb7c tr\u01b0ng, trong \u0111\u00f3 c\u00f3 l\u00e1 h\u01b0\u01a1ng th\u1ea3o, l\u00e1 oregano, l\u00e1 marjoram,&#8230;.<\/div>\n<\/div>\n<div class=\"o9v6fnle cxmmr5t8 oygrvhab hcukyx3x c1et5uql ii04i59q\">\n<div dir=\"auto\">&#8211; Gia v\u1ecb \u0111\u01b0\u1ee3c k\u1ebft h\u1ee3p t\u1ed1t trong t\u1ea5t c\u1ea3 c\u00e1c lo\u1ea1i c\u00f4ng th\u1ee9c n\u1ea5u \u0103n t\u1eeb n\u1ea5u, \u0111\u1ebfn h\u1ea7m, \u01b0\u1edbp n\u01b0\u1edbng, d\u00f9ng tr\u01b0\u1edbc v\u00e0 sau n\u1ea5u \u0103n nh\u01b0 \u01b0\u1edbp th\u1ecbt, c\u00e1 d\u00f9ng cho m\u00f3n n\u01b0\u1edbng, c\u0169ng nh\u01b0 c\u00e1c m\u00f3n h\u1ea7m, m\u00ec \u1ed1ng, c\u01a1m, salad\u2026B\u1ea1n ch\u1ec9 c\u1ea7n r\u1eafc gia v\u1ecb l\u00ean th\u1ecbt v\u00e0 n\u01b0\u1edbng l\u00e0 s\u1ebd ra m\u1ed9t b\u1eefa \u0103n healthy \u0111\u1eadm \u0111\u00e0 ngon mi\u1ec7ng.<\/div>\n<div dir=\"auto\"><img decoding=\"async\" class=\"wp-image-16794 aligncenter\" src=\"https:\/\/havamall.vn\/wp-content\/uploads\/2020\/10\/gia-v\u1ecb-\u00fd-e-1024x768.jpg\" alt=\"\" width=\"572\" height=\"429\" srcset=\"https:\/\/havamall.vn\/wp-content\/uploads\/2020\/10\/gia-v\u1ecb-\u00fd-e.jpg 1024w, https:\/\/havamall.vn\/wp-content\/uploads\/2020\/10\/gia-v\u1ecb-\u00fd-e-430x323.jpg 430w, https:\/\/havamall.vn\/wp-content\/uploads\/2020\/10\/gia-v\u1ecb-\u00fd-e-150x113.jpg 150w, https:\/\/havamall.vn\/wp-content\/uploads\/2020\/10\/gia-v\u1ecb-\u00fd-e-700x525.jpg 700w, https:\/\/havamall.vn\/wp-content\/uploads\/2020\/10\/gia-v\u1ecb-\u00fd-e-300x225.jpg 300w, https:\/\/havamall.vn\/wp-content\/uploads\/2020\/10\/gia-v\u1ecb-\u00fd-e-768x576.jpg 768w, https:\/\/havamall.vn\/wp-content\/uploads\/2020\/10\/gia-v\u1ecb-\u00fd-e-600x450.jpg 600w\" sizes=\"(max-width: 572px) 100vw, 572px\" \/><\/div>\n<\/div>\n<div class=\"o9v6fnle cxmmr5t8 oygrvhab hcukyx3x c1et5uql ii04i59q\">\n<div dir=\"auto\">&#8211; Gia v\u1ecb \u00dd t\u1ed5ng h\u1ee3p l\u00e0 nguy\u00ean li\u1ec7u kh\u00f4ng th\u1ec3 thi\u1ebfu, \u0111\u01b0\u1ee3c s\u1eed d\u1ee5ng nhi\u1ec1u trong c\u00e1c c\u00f4ng th\u1ee9c n\u1ea5u m\u1ef3 \u00dd, pizza\u2026\u0110\u1eb7c bi\u1ec7t, khi ch\u1ebf bi\u1ebfn c\u00e1c m\u00f3n \u0111\u1ed3 \u0103n T\u00e2y, s\u1ebd ph\u1ea3i s\u1eed d\u1ee5ng r\u1ea5t nhi\u1ec1u nh\u1eefng lo\u1ea1i gia v\u1ecb kh\u00e1c nhau. \u0110i\u1ec1u n\u00e0y s\u1ebd khi\u1ebfn cho c\u00e1c b\u1ea1n t\u1ed1n m\u1ed9t kho\u1ea3n chi ph\u00ed kha kh\u00e1 n\u1ebfu mu\u1ed1n m\u1ed9t m\u00f3n \u0103n chu\u1ea9n v\u1ecb.<\/div>\n<div dir=\"auto\">\u2013 S\u1ea3n ph\u1ea9m ch\u00ednh l\u00e0 l\u1ef1a ch\u1ecdn t\u1ed1i \u01b0u cho ng\u01b0\u1eddi ti\u00eau d\u00f9ng b\u1edfi s\u1ef1 k\u1ebft h\u1ee3p ho\u00e0n h\u1ea3o c\u00e1c gia v\u1ecb \u0111\u1eb7c tr\u01b0ng n\u00ean r\u1ea5t thu\u1eadn ti\u1ec7n trong vi\u1ec7c n\u00eam n\u1ebfm c\u00e1c m\u00f3n \u0103n, \u0111\u01b0\u1ee3c s\u1eed d\u1ee5ng nh\u01b0 gia v\u1ecb tuy\u1ec7t h\u1ea3o cho m\u00f3n Pizza v\u00e0 n\u01b0\u1edbc s\u1ed1t Spaghetti chu\u1ea9n v\u1ecb \u00dd.<\/div>\n<\/div>\n<p><strong>C\u00d4NG D\u1ee4NG C\u1ee6A GIA V\u1eca \u00dd T\u1ed4NG H\u1ee2P<\/strong><br \/>\nDo \u0111\u01b0\u1ee3c k\u1ebft h\u1ee3p t\u1eeb nhi\u1ec1u lo\u1ea1i gia v\u1ecb kh\u00e1c nhau n\u00ean s\u1ea3n ph\u1ea9m th\u00edch h\u1ee3p v\u1edbi c\u00e1c m\u00f3n ch\u1ebf bi\u1ebfn t\u1eeb th\u1ecbt l\u1ee3n, th\u1ecbt b\u00f2, th\u1ecbt g\u00e0, h\u1ea3i s\u1ea3n,\u2026 S\u1eed d\u1ee5ng gia v\u1ecb \u00dd r\u1ea5t thu\u1eadn ti\u1ec7n, c\u00f3 th\u1ec3 thay th\u1ebf \u0111\u01b0\u1ee3c nhi\u1ec1u gia v\u1ecb kh\u00e1c nhau, do \u0111\u00f3 kh\u00f4ng c\u1ea7n t\u00edch tr\u1eef nhi\u1ec1u lo\u1ea1i gia v\u1ecb trong b\u1ebfp.<\/p>\n<p><img decoding=\"async\" class=\"size-full wp-image-16795 aligncenter\" src=\"https:\/\/havamall.vn\/wp-content\/uploads\/2020\/10\/01db9f634d85352d940d06c3ab554e0e.jpg\" alt=\"\" width=\"600\" height=\"375\" srcset=\"https:\/\/havamall.vn\/wp-content\/uploads\/2020\/10\/01db9f634d85352d940d06c3ab554e0e.jpg 600w, https:\/\/havamall.vn\/wp-content\/uploads\/2020\/10\/01db9f634d85352d940d06c3ab554e0e-430x269.jpg 430w, https:\/\/havamall.vn\/wp-content\/uploads\/2020\/10\/01db9f634d85352d940d06c3ab554e0e-150x94.jpg 150w, https:\/\/havamall.vn\/wp-content\/uploads\/2020\/10\/01db9f634d85352d940d06c3ab554e0e-300x188.jpg 300w\" sizes=\"(max-width: 600px) 100vw, 600px\" \/><\/p>\n<p><em>Gia v\u1ecb \u00dd t\u1ed5ng h\u1ee3p nh\u00e0\u00a0<strong>Havamall<\/strong>\u00a0lu\u00f4n \u0111\u1ea3m b\u1ea3o an to\u00e0n s\u1ee9c kh\u1ecfe cho ng\u01b0\u1eddi ti\u00eau d\u00f9ng v\u1edbi nguy\u00ean li\u1ec7u ho\u00e0n to\u00e0n t\u1ef1 nhi\u00ean, kh\u00f4ng l\u1eabn b\u1ea5t k\u1ef3 t\u1ea1p ch\u1ea5t, kh\u00f4ng ch\u1ee9a ch\u1ea5t b\u1ea3o qu\u1ea3n, kh\u00f4ng s\u1eed d\u1ee5ng ch\u1ea5t t\u1ea1o m\u00f9i v\u00e0 kh\u00f4ng ch\u1ea5t t\u1ea1o m\u00e0u<\/em><\/p>","protected":false},"excerpt":{"rendered":"<ul>\n<li>Gia v\u1ecb \u00dd t\u1ed5ng h\u1ee3p l\u00e0 nguy\u00ean li\u1ec7u kh\u00f4ng th\u1ec3 thi\u1ebfu, \u0111\u01b0\u1ee3c s\u1eed d\u1ee5ng nhi\u1ec1u trong c\u00e1c c\u00f4ng th\u1ee9c n\u1ea5u m\u1ef3 \u00fd, pizza\u2026<\/li>\n<li>Nguy\u00ean li\u1ec7u t\u1ef1 nhi\u00ean,\u00a0kh\u00f4ng l\u1eabn b\u1ea5t k\u1ef3 t\u1ea1p ch\u1ea5t, kh\u00f4ng ch\u1ee9a ch\u1ea5t b\u1ea3o qu\u1ea3n, kh\u00f4ng s\u1eed d\u1ee5ng ch\u1ea5t t\u1ea1o m\u00f9i v\u00e0 kh\u00f4ng ch\u1ea5t t\u1ea1o m\u00e0u.<\/li>\n<li>S\u1ea3n ph\u1ea9m ch\u00ednh l\u00e0 l\u1ef1a ch\u1ecdn t\u1ed1i \u01b0u cho ng\u01b0\u1eddi ti\u00eau d\u00f9ng b\u1edfi s\u1ef1 k\u1ebft h\u1ee3p ho\u00e0n h\u1ea3o c\u00e1c gia v\u1ecb \u0111\u1eb7c tr\u01b0ng n\u00ean r\u1ea5t thu\u1eadn ti\u1ec7n trong vi\u1ec7c n\u00eam n\u1ebfm c\u00e1c m\u00f3n \u0103n.<\/li>\n<\/ul>","protected":false},"featured_media":17391,"comment_status":"open","ping_status":"closed","template":"","meta":[],"product_brand":[],"product_cat":[595,40,154,36,134],"product_tag":[],"class_list":{"0":"post-16791","1":"product","2":"type-product","3":"status-publish","4":"has-post-thumbnail","6":"product_cat-gia-vi-va-che-bien","7":"product_cat-sieuthi-giasi","8":"product_cat-gia-vi","9":"product_cat-thuc-pham-tieu-dung","10":"product_cat-thucpham-saykho","11":"pa_brand-atlas","13":"first","14":"instock","15":"sale","16":"shipping-taxable","17":"purchasable","18":"product-type-simple"},"_links":{"self":[{"href":"https:\/\/havamall.vn\/en\/wp-json\/wp\/v2\/product\/16791"}],"collection":[{"href":"https:\/\/havamall.vn\/en\/wp-json\/wp\/v2\/product"}],"about":[{"href":"https:\/\/havamall.vn\/en\/wp-json\/wp\/v2\/types\/product"}],"replies":[{"embeddable":true,"href":"https:\/\/havamall.vn\/en\/wp-json\/wp\/v2\/comments?post=16791"}],"version-history":[{"count":0,"href":"https:\/\/havamall.vn\/en\/wp-json\/wp\/v2\/product\/16791\/revisions"}],"wp:featuredmedia":[{"embeddable":true,"href":"https:\/\/havamall.vn\/en\/wp-json\/wp\/v2\/media\/17391"}],"wp:attachment":[{"href":"https:\/\/havamall.vn\/en\/wp-json\/wp\/v2\/media?parent=16791"}],"wp:term":[{"taxonomy":"product_brand","embeddable":true,"href":"https:\/\/havamall.vn\/en\/wp-json\/wp\/v2\/product_brand?post=16791"},{"taxonomy":"product_cat","embeddable":true,"href":"https:\/\/havamall.vn\/en\/wp-json\/wp\/v2\/product_cat?post=16791"},{"taxonomy":"product_tag","embeddable":true,"href":"https:\/\/havamall.vn\/en\/wp-json\/wp\/v2\/product_tag?post=16791"}],"curies":[{"name":"wp","href":"https:\/\/api.w.org\/{rel}","templated":true}]}}