{"id":16781,"date":"2020-10-09T14:21:59","date_gmt":"2020-10-09T07:21:59","guid":{"rendered":"https:\/\/havamall.vn\/?post_type=product&#038;p=16781"},"modified":"2023-06-09T10:36:55","modified_gmt":"2023-06-09T03:36:55","slug":"hat-can-tay-goi-1kg-celery-seeds-1kg","status":"publish","type":"product","link":"https:\/\/havamall.vn\/en\/shop\/hat-can-tay-goi-1kg-celery-seeds-1kg\/","title":{"rendered":"H\u1ea1t C\u1ea7n T\u00e2y Th\u01b0\u01a1ng Hi\u1ec7u Atlas G\u00f3i 500g \u2013 Celery Seeds"},"content":{"rendered":"<div id=\"content_tab_description\" class=\"tab-content tab-description\">\n<div class=\"tab-content-inner\">\n<div class=\"tab-content-scroll\">\n<h1><strong>TH\u00d4NG TIN S\u1ea2N PH\u1ea8M<\/strong><\/h1>\n<table>\n<tbody>\n<tr>\n<td>Th\u01b0\u01a1ng hi\u1ec7u<\/td>\n<td>Havafood<\/td>\n<\/tr>\n<tr>\n<td>Xu\u1ea5t x\u1ee9<\/td>\n<td>\u0110\u1ee9c<\/td>\n<\/tr>\n<tr>\n<td>Th\u00e0nh ph\u1ea7n<\/td>\n<td>100% h\u1ea1t c\u1ea7n t\u00e2y<\/td>\n<\/tr>\n<tr>\n<td>H\u1ea1n s\u1eed d\u1ee5ng<\/td>\n<td>Xem tr\u00ean bao b\u00ec<\/td>\n<\/tr>\n<tr>\n<td>H\u01b0\u1edbng d\u1eabn s\u1eed d\u1ee5ng<\/td>\n<td>D\u00f9ng l\u00e0m gia v\u1ecb ch\u1ebf bi\u1ebfn m\u00f3n \u0103n<\/td>\n<\/tr>\n<tr>\n<td>B\u1ea3o qu\u1ea3n<\/td>\n<td>N\u01a1i kh\u00f4 r\u00e1o, tho\u00e1ng m\u00e1t, tr\u00e1nh \u00e1nh s\u00e1ng tr\u1ef1c ti\u1ebfp t\u1eeb m\u1eb7t tr\u1eddi<\/td>\n<\/tr>\n<\/tbody>\n<\/table>\n<h1><strong>\u0110\u1eb6C \u0110I\u1ec2M H\u1ea0T C\u1ea6N T\u00c2Y<\/strong><\/h1>\n<p>&#8211; Celery hay c\u00f2n g\u1ecdi l\u00e0 c\u1ea7n t\u00e2y l\u00e0 m\u1ed9t th\u00e0nh vi\u00ean c\u1ee7a gia \u0111\u00ecnh Apiaceae v\u1edbi rau b\u00e1ch, rau th\u00eca, v\u00e0 rau m\u00f9i. N\u00f3 cung c\u1ea5p nhi\u1ec1u l\u1ee3i \u00edch v\u1ec1 s\u1ee9c kho\u1ebb v\u00ec c\u1ea7n t\u00e2y l\u00e0 m\u1ed9t ngu\u1ed3n ch\u1ed1ng oxy ho\u00e1 v\u00e0 c\u00e1c enzym c\u00f3 l\u1ee3i.<\/p>\n<p>&#8211; H\u1ea1t c\u1ea7n t\u00e2y \u0111\u01b0\u1ee3c l\u00e0m ho\u00e0n to\u00e0n t\u1eeb nguy\u00ean li\u1ec7u t\u1ef1 nhi\u00ean, s\u1ea3n xu\u1ea5t t\u1ea1i Vi\u1ec7t Nam theo d\u00e2y chuy\u1ec1n c\u00f4ng ngh\u1ec7 cao an to\u00e0n cho ng\u01b0\u1eddi s\u1eed d\u1ee5ng. S\u1ea3n ph\u1ea9m l\u00e0 d\u1ea1ng h\u1ea1t nh\u1ecf, n\u00e2u gi\u00fap th\u1eddi gian t\u1ea9m \u01b0\u1edbp nguy\u00ean li\u1ec7u nhanh h\u01a1n.<\/p>\n<p><img fetchpriority=\"high\" decoding=\"async\" class=\"wp-image-16785 aligncenter\" src=\"https:\/\/havamall.vn\/wp-content\/uploads\/2020\/10\/20200602_173232_324433_hat-can-tay_an-do.max-800x800.jpg\" alt=\"\" width=\"503\" height=\"378\" srcset=\"https:\/\/havamall.vn\/wp-content\/uploads\/2020\/10\/20200602_173232_324433_hat-can-tay_an-do.max-800x800.jpg 800w, https:\/\/havamall.vn\/wp-content\/uploads\/2020\/10\/20200602_173232_324433_hat-can-tay_an-do.max-800x800-430x323.jpg 430w, https:\/\/havamall.vn\/wp-content\/uploads\/2020\/10\/20200602_173232_324433_hat-can-tay_an-do.max-800x800-150x113.jpg 150w, https:\/\/havamall.vn\/wp-content\/uploads\/2020\/10\/20200602_173232_324433_hat-can-tay_an-do.max-800x800-700x526.jpg 700w, https:\/\/havamall.vn\/wp-content\/uploads\/2020\/10\/20200602_173232_324433_hat-can-tay_an-do.max-800x800-300x225.jpg 300w, https:\/\/havamall.vn\/wp-content\/uploads\/2020\/10\/20200602_173232_324433_hat-can-tay_an-do.max-800x800-768x577.jpg 768w, https:\/\/havamall.vn\/wp-content\/uploads\/2020\/10\/20200602_173232_324433_hat-can-tay_an-do.max-800x800-600x451.jpg 600w\" sizes=\"(max-width: 503px) 100vw, 503px\" \/><\/p>\n<\/div>\n<\/div>\n<\/div>\n<div id=\"content_tab_description\" class=\"tab-content tab-description\">\n<div class=\"tab-content-inner\">\n<div class=\"tab-content-scroll\">\n<div id=\"content_tab_description\" class=\"tab-content tab-description\">\n<div class=\"tab-content-inner\">\n<div class=\"tab-content-scroll\">\n<p>&#8211; S\u1ea3n ph\u1ea9m \u0111\u01b0\u1ee3c \u0111\u00f3ng g\u00f3i trong b\u1ecbch nh\u1ecf r\u1ea5t s\u1ea1ch s\u1ebd v\u00e0 ti\u1ec7n d\u1ee5ng trong vi\u1ec7c s\u1eed d\u1ee5ng h\u1eb1ng ng\u00e0y, \u0111\u1eb7c bi\u1ec7t \u0111\u1ed1i v\u1edbi nh\u1eefng ng\u01b0\u1eddi kh\u00f4ng c\u00f3 nhu c\u1ea7u s\u1eed d\u1ee5ng nhi\u1ec1u th\u00ec \u0111\u00e2y s\u1ebd l\u00e0 s\u1ef1 l\u1ef1a ch\u1ecdn h\u1ee3p l\u00ed.<\/p>\n<\/div>\n<\/div>\n<\/div>\n<\/div>\n<\/div>\n<\/div>\n<h1><strong>TH\u00c0NH PH\u1ea6N C\u1ee6A H\u1ea0T C\u1ea6N T\u00c2Y<\/strong><\/h1>\n<p>C\u1ea7n t\u00e2y c\u00f3 ch\u1ee9a nhi\u1ec1u kho\u00e1ng ch\u1ea5t nh\u01b0 canxi, natri, \u0111\u1ed3ng, magi\u00ea, s\u1eaft, k\u1ebdm v\u00e0 kali. N\u00f3 c\u0169ng l\u00e0 m\u1ed9t ngu\u1ed3n axit b\u00e9o v\u00e0 vitamin bao g\u1ed3m vitamin A, K, C, E, D, c\u0169ng nh\u01b0 c\u00e1c vitamin B (thiamin, riboflavin, folic acid, vitamin B6 v\u00e0 vitamin B12).<\/p>\n<h1><strong>C\u00d4NG D\u1ee4NG C\u1ee6A H\u1ea0T C\u1ea6N T\u00c2Y<\/strong><\/h1>\n<p><em><strong>1. Ch\u1ed1ng ung th\u01b0<\/strong><\/em><br \/>\nM\u1ed9t trong nh\u1eefng l\u1ee3i \u00edch quan tr\u1ecdng nh\u1ea5t c\u1ee7a h\u1ea1t c\u1ea7n t\u00e2y l\u00e0 do kh\u1ea3 n\u0103ng ch\u1ed1ng ung th\u01b0 c\u1ee7a n\u00f3. N\u00f3 c\u00f3 m\u1ed9t s\u1ed1 th\u00e0nh ph\u1ea7n ho\u1ea1t \u0111\u1ed9ng r\u1ea5t h\u1eefu \u00edch trong vi\u1ec7c ch\u1ed1ng ung th\u01b0 kh\u1ed1i u nh\u01b0 polyacetylenes v\u00e0 phthalides.<\/p>\n<p><strong>2. <em>Huy\u1ebft<\/em> \u00e1p<\/strong><br \/>\nL\u1ee3i \u00edch s\u1ee9c kho\u1ebb \u0111\u00e1ng k\u1ec3 kh\u00e1c c\u1ee7a h\u1ea1t c\u1ea7n t\u00e2y l\u00e0 n\u00f3 gi\u00fap trong vi\u1ec7c qu\u1ea3n l\u00fd c\u00e1c m\u1ee9c huy\u1ebft \u00e1p. C\u00f3 h\u1ea1t c\u1ea7n t\u00e2y h\u00e0ng ng\u00e0y gi\u00fap trong vi\u1ec7c th\u00fac \u0111\u1ea9y m\u1ee9c huy\u1ebft \u00e1p t\u1ed1t.<\/p>\n<p><em><strong>3. Gan<\/strong><\/em><br \/>\nN\u00f3 b\u1ea3o v\u1ec7 c\u0169ng nh\u01b0 \u0111\u1ea3o ng\u01b0\u1ee3c c\u00e1c hi\u1ec7u \u1ee9ng x\u1ea5u c\u1ee7a acetaminophen tr\u00ean gan, m\u00e0 l\u00e0 m\u1ed9t thu\u1ed1c gi\u1ea3m \u0111au. C\u00f3 h\u1ea1t c\u1ea7n t\u00e2y h\u00e0ng ng\u00e0y c\u00e2n b\u1eb1ng \u1ea3nh h\u01b0\u1edfng \u0111\u1ed9c h\u1ea1i tr\u00ean gan. M\u1eb7c d\u00f9 l\u1ee3i \u00edch n\u00e0y kh\u00f4ng \u0111\u01b0\u1ee3c \u1ee7ng h\u1ed9 b\u1edfi b\u1ea5t k\u1ef3 b\u00e1o c\u00e1o khoa h\u1ecdc n\u00e0o, nhi\u1ec1u ng\u01b0\u1eddi b\u00e1o c\u00e1o v\u1edbi c\u00e1c h\u1ea1t gi\u1ed1ng c\u1ea7n t\u00e2y.<\/p>\n<p><em><strong>4. Cholesterol<\/strong><\/em><br \/>\nL\u1ee3i \u00edch c\u1ee7a h\u1ea1t c\u1ea7n t\u00e2y bao g\u1ed3m kh\u1ea3 n\u0103ng l\u00e0m gi\u1ea3m m\u1ee9c cholesterol. Cholesterol kh\u1ed1i l\u01b0\u1ee3ng c\u00e1c \u0111\u1ed9ng m\u1ea1ch l\u00e0m t\u0103ng nguy c\u01a1 b\u1ec7nh tim. C\u00e1c chuy\u00ean gia th\u1ea3o d\u01b0\u1ee3c th\u01b0\u1eddng s\u1eed d\u1ee5ng h\u1ea1t gi\u1ed1ng c\u1ea7n t\u00e2y \u0111\u1ec3 ch\u1eefa c\u00e1c v\u1ea5n \u0111\u1ec1 v\u1ec1 h\u1ec7 tu\u1ea7n ho\u00e0n.<\/p>\n<p><em><strong>5. Ch\u1ed1ng b\u1ec7nh<\/strong><\/em><br \/>\nH\u1ea1t c\u1ea7n t\u00e2y c\u00f3 nhi\u1ec1u ch\u1ea5t dinh d\u01b0\u1ee1ng c\u0169ng nh\u01b0 c\u00e1c ch\u1ea5t nh\u01b0 flavonoid, axit linoleic, coumarins v\u00e0 m\u1ed9t s\u1ed1 lo\u1ea1i d\u1ea7u d\u1ec5 bay h\u01a1i. B\u1edfi v\u00ec s\u1ef1 hi\u1ec7n di\u1ec7n c\u1ee7a c\u00e1c th\u00e0nh ph\u1ea7n tr\u00ean c\u00f3 t\u00ean h\u1ea1t c\u1ea7n t\u00e2y r\u1ea5t h\u1eefu \u00edch trong vi\u1ec7c ch\u1ed1ng l\u1ea1i nhi\u1ec1u c\u0103n b\u1ec7nh.<\/p>\n<p><img decoding=\"async\" class=\"wp-image-16784 aligncenter\" src=\"https:\/\/havamall.vn\/wp-content\/uploads\/2020\/10\/hat-can-tay-co-tac-dung-tot-cho-co-the.png\" alt=\"\" width=\"615\" height=\"346\" srcset=\"https:\/\/havamall.vn\/wp-content\/uploads\/2020\/10\/hat-can-tay-co-tac-dung-tot-cho-co-the.png 700w, https:\/\/havamall.vn\/wp-content\/uploads\/2020\/10\/hat-can-tay-co-tac-dung-tot-cho-co-the-430x242.png 430w, https:\/\/havamall.vn\/wp-content\/uploads\/2020\/10\/hat-can-tay-co-tac-dung-tot-cho-co-the-150x84.png 150w, https:\/\/havamall.vn\/wp-content\/uploads\/2020\/10\/hat-can-tay-co-tac-dung-tot-cho-co-the-300x169.png 300w, https:\/\/havamall.vn\/wp-content\/uploads\/2020\/10\/hat-can-tay-co-tac-dung-tot-cho-co-the-600x338.png 600w\" sizes=\"(max-width: 615px) 100vw, 615px\" \/><\/p>\n<p><em><strong>6.Ch\u1ed1ng vi\u00eam<\/strong><\/em><br \/>\nH\u1ea1t c\u1ea7n t\u00e2y \u0111\u01b0\u1ee3c bi\u1ebft c\u00f3 c\u00e1c ch\u1ea5t ch\u1ed1ng vi\u00eam. C\u00f3 h\u1ea1t c\u1ea7n t\u00e2y h\u00e0ng ng\u00e0y gi\u00fap \u0111i\u1ec1u tr\u1ecb \u0111au v\u00e0 vi\u00eam kh\u1edbp. C\u00f3 h\u1ea1t c\u1ea7n t\u00e2y m\u1ed7i ng\u00e0y gi\u00fap c\u00e1c b\u1ec7nh vi\u00eam nh\u01b0 b\u1ec7nh g\u00fat, th\u1ea5p kh\u1edbp c\u0169ng nh\u01b0 vi\u00eam kh\u1edbp.<\/p>\n<p><em><strong>7. Co th\u1eaft c\u01a1<\/strong><\/em><br \/>\nH\u1ea1t gi\u1ed1ng c\u1ea7n t\u00e2y k\u00edch th\u00edch t\u1eed cung v\u00e0 gi\u00fap gi\u1ea3m b\u1edbt s\u1ef1 co th\u1eaft c\u01a1, \u0111\u1eb7c bi\u1ec7t li\u00ean quan \u0111\u1ebfn h\u1ec7 th\u1ed1ng sinh s\u1ea3n c\u1ee7a ph\u1ee5 n\u1eef. H\u1ea1t c\u1ea7n t\u00e2y r\u1ea5t h\u1eefu \u00edch trong vi\u1ec7c gi\u1ea3m b\u1edbt c\u01a1n co th\u1eaft kinh nguy\u1ec7t. N\u1ebfu ph\u1ee5 n\u1eef c\u00f3 n\u00f3 tr\u00ean c\u01a1 s\u1edf h\u00e0ng ng\u00e0y, n\u00f3 th\u1ef1c s\u1ef1 l\u00e0m gi\u1ea3m c\u00e1c tri\u1ec7u ch\u1ee9ng c\u1ee7a s\u1ef1 kh\u00f3 ch\u1ecbu kinh nguy\u1ec7t.<\/p>\n<p><em><strong>8. L\u1ee3i ti\u1ec3u<\/strong><\/em><br \/>\nH\u1ea1t c\u1ea7n t\u00e2y l\u00e0 thu\u1ed1c l\u1ee3i ti\u1ec3u trong t\u1ef1 nhi\u00ean v\u00e0 v\u00ec t\u00e0i s\u1ea3n n\u00e0y ch\u00fang r\u1ea5t h\u1eefu \u00edch. N\u01b0\u1edbc ti\u1ec3u qu\u00e1 m\u1ee9c g\u00e2y ra do t\u00ednh ch\u1ea5t l\u1ee3i ti\u1ec3u c\u1ee7a h\u1ea1t c\u1ea7n t\u00e2y gi\u00fap l\u00e0m s\u1ea1ch c\u00e1c ch\u1ea5t \u0111\u1ed9c c\u00f9ng v\u1edbi n\u01b0\u1edbc b\u1ed5 sung t\u1eeb c\u01a1 th\u1ec3. L\u1ee3i \u00edch s\u1ee9c kho\u1ebb c\u1ee7a h\u1ea1t c\u1ea7n t\u00e2y l\u00e0 quan tr\u1ecdng nh\u1ea5t trong vi\u1ec7c l\u00e0m s\u1ea1ch acid uric v\u00e0 n\u01b0\u1edbc ti\u1ec3u.<\/p>\n<p><em><strong>9. S\u1ecfi th\u1eadn<\/strong><\/em><br \/>\nKhi h\u1ea1t c\u1ea7n t\u00e2y l\u00e0 thu\u1ed1c l\u1ee3i ti\u1ec3u trong t\u1ef1 nhi\u00ean, ch\u00fang \u0111\u01b0\u1ee3c khuy\u1ebfn c\u00e1o cho nh\u1eefng ng\u01b0\u1eddi b\u1ecb s\u1ecfi th\u1eadn, gi\u1eef n\u01b0\u1edbc, c\u0169ng nh\u01b0 gout. H\u1ea1t c\u1ea7n t\u00e2y kh\u00f4ng cho ph\u00e9p t\u00edch t\u1ee5 th\u00eam axit uric c\u0169ng nh\u01b0 ch\u1ea5t l\u1ecfng trong c\u01a1 th\u1ec3 ng\u01b0\u1eddi.<\/p>\n<p><em><strong>10. Kh\u00e1ng sinh<\/strong><\/em><br \/>\nH\u1ea1t c\u1ea7n t\u00e2y l\u00e0 ch\u1ea5t kh\u00e1ng sinh c\u0169ng nh\u01b0 l\u00e0 ch\u1ea5t kh\u1eed tr\u00f9ng. Nh\u1eefng t\u00ednh ch\u1ea5t n\u00e0y l\u00e0 qu\u00e1 c\u1ea7n thi\u1ebft \u0111\u1ec3 ch\u1eefa nhi\u1ec1u lo\u1ea1i nhi\u1ec5m tr\u00f9ng trong c\u01a1 th\u1ec3. H\u1ea1t c\u1ea7n t\u00e2y \u0111\u1eb7c bi\u1ec7t h\u1eefu \u00edch trong vi\u1ec7c lo\u1ea1i b\u1ecf nhi\u1ec5m tr\u00f9ng \u0111\u01b0\u1eddng ti\u1ec3u. C\u00e1c chuy\u00ean gia th\u1ea3o d\u01b0\u1ee3c \u0111\u00e3 \u0111\u1ec1 ngh\u1ecb vi\u1ec7c ti\u00eau th\u1ee5 h\u1ea1t c\u1ea7n t\u00e2y \u0111\u1ec3 \u0111i\u1ec1u tr\u1ecb b\u1ec7nh b\u00e0ng quang v\u00e0 r\u1ed1i lo\u1ea1n th\u1eadn.<\/p>\n<p><img decoding=\"async\" class=\"wp-image-16783 aligncenter\" src=\"https:\/\/havamall.vn\/wp-content\/uploads\/2020\/10\/image-1024x767.jpg\" alt=\"\" width=\"547\" height=\"409\" srcset=\"https:\/\/havamall.vn\/wp-content\/uploads\/2020\/10\/image-1024x767.jpg 1024w, https:\/\/havamall.vn\/wp-content\/uploads\/2020\/10\/image-430x322.jpg 430w, https:\/\/havamall.vn\/wp-content\/uploads\/2020\/10\/image-150x112.jpg 150w, https:\/\/havamall.vn\/wp-content\/uploads\/2020\/10\/image-700x524.jpg 700w, https:\/\/havamall.vn\/wp-content\/uploads\/2020\/10\/image-300x225.jpg 300w, https:\/\/havamall.vn\/wp-content\/uploads\/2020\/10\/image-768x575.jpg 768w, https:\/\/havamall.vn\/wp-content\/uploads\/2020\/10\/image.jpg 1200w, https:\/\/havamall.vn\/wp-content\/uploads\/2020\/10\/image-600x450.jpg 600w\" sizes=\"(max-width: 547px) 100vw, 547px\" \/><\/p>\n<p><strong>L\u01b0u<\/strong>\u00a0<strong>\u00fd<\/strong>: Kh\u00f4ng d\u00f9ng c\u00e1c s\u1ea3n ph\u1ea9m t\u1eeb c\u1ea7n t\u00e2y, n\u1ebfu nh\u01b0 b\u1ea1n c\u00f3 m\u1ed9t trong c\u00e1c ch\u1ee9ng b\u1ec7nh sau:<\/p>\n<ul>\n<li>R\u1ed1i lo\u1ea1n v\u1ec1 ch\u1ea3y m\u00e1u;<\/li>\n<li>C\u00e1c b\u1ec7nh v\u1ec1 th\u1eadn;<\/li>\n<li>Huy\u1ebft \u00e1p th\u1ea5p.<\/li>\n<li>Kh\u00f4ng d\u00f9ng c\u1ea7n t\u00e2y cho ph\u1ee5 n\u1eef mang thai v\u00e0 \u0111ang cho con b\u00fa.<\/li>\n<\/ul>","protected":false},"excerpt":{"rendered":"<ul>\n<li>H\u1ea1t c\u1ea7n t\u00e2y \u0111\u01b0\u1ee3c l\u00e0m ho\u00e0n to\u00e0n t\u1eeb nguy\u00ean li\u1ec7u h\u00e0nh t\u1ef1 nhi\u00ean s\u1ea3n xu\u1ea5t t\u1ea1i Vi\u1ec7t Nam theo d\u00e2y chuy\u1ec1n c\u00f4ng ngh\u1ec7 cao an to\u00e0n cho ng\u01b0\u1eddi s\u1eed d\u1ee5ng.<\/li>\n<li>S\u1ea3n ph\u1ea9m l\u00e0 d\u1ea1ng h\u1ea1t nh\u1ecf, n\u00e2u gi\u00fap th\u1eddi gian t\u1ea9m \u01b0\u1edbp nguy\u00ean li\u1ec7u nhanh h\u01a1n.<\/li>\n<li>S\u1ea3n ph\u1ea9m \u0111\u01b0\u1ee3c \u0111\u00f3ng g\u00f3i trong l\u1ecd nh\u1ecf r\u1ea5t s\u1ea1ch s\u1ebd v\u00e0 ti\u1ec7n d\u1ee5ng trong vi\u1ec7c s\u1eed d\u1ee5ng h\u1eb1ng ng\u00e0y. B\u1ea1n c\u00f3 th\u1ec3 c\u1ea7m tr\u1ef1c ti\u1ebfp l\u1ecd r\u1eafc gia v\u1ecb v\u00e0o c\u00e1c m\u00f3n th\u1ecbt \u0111\u1ec3 t\u1ea9m \u01b0\u1edbp theo kh\u1ea9u v\u1ecb c\u1ee7a gia \u0111\u00ecnh b\u1ea1n.<\/li>\n<\/ul>","protected":false},"featured_media":16782,"comment_status":"open","ping_status":"closed","template":"","meta":[],"product_brand":[],"product_cat":[595,40,154,36,134],"product_tag":[],"class_list":{"0":"post-16781","1":"product","2":"type-product","3":"status-publish","4":"has-post-thumbnail","6":"product_cat-gia-vi-va-che-bien","7":"product_cat-sieuthi-giasi","8":"product_cat-gia-vi","9":"product_cat-thuc-pham-tieu-dung","10":"product_cat-thucpham-saykho","11":"pa_brand-atlas","13":"first","14":"instock","15":"sale","16":"shipping-taxable","17":"purchasable","18":"product-type-simple"},"_links":{"self":[{"href":"https:\/\/havamall.vn\/en\/wp-json\/wp\/v2\/product\/16781"}],"collection":[{"href":"https:\/\/havamall.vn\/en\/wp-json\/wp\/v2\/product"}],"about":[{"href":"https:\/\/havamall.vn\/en\/wp-json\/wp\/v2\/types\/product"}],"replies":[{"embeddable":true,"href":"https:\/\/havamall.vn\/en\/wp-json\/wp\/v2\/comments?post=16781"}],"version-history":[{"count":0,"href":"https:\/\/havamall.vn\/en\/wp-json\/wp\/v2\/product\/16781\/revisions"}],"wp:featuredmedia":[{"embeddable":true,"href":"https:\/\/havamall.vn\/en\/wp-json\/wp\/v2\/media\/16782"}],"wp:attachment":[{"href":"https:\/\/havamall.vn\/en\/wp-json\/wp\/v2\/media?parent=16781"}],"wp:term":[{"taxonomy":"product_brand","embeddable":true,"href":"https:\/\/havamall.vn\/en\/wp-json\/wp\/v2\/product_brand?post=16781"},{"taxonomy":"product_cat","embeddable":true,"href":"https:\/\/havamall.vn\/en\/wp-json\/wp\/v2\/product_cat?post=16781"},{"taxonomy":"product_tag","embeddable":true,"href":"https:\/\/havamall.vn\/en\/wp-json\/wp\/v2\/product_tag?post=16781"}],"curies":[{"name":"wp","href":"https:\/\/api.w.org\/{rel}","templated":true}]}}