{"id":16774,"date":"2020-10-09T13:58:37","date_gmt":"2020-10-09T06:58:37","guid":{"rendered":"https:\/\/havamall.vn\/?post_type=product&#038;p=16774"},"modified":"2023-06-09T10:37:00","modified_gmt":"2023-06-09T03:37:00","slug":"la-basil-kho-y-goi-1kg-italian-dried-basil-leaves-1kg","status":"publish","type":"product","link":"https:\/\/havamall.vn\/en\/shop\/la-basil-kho-y-goi-1kg-italian-dried-basil-leaves-1kg\/","title":{"rendered":"L\u00e1 Basil Kh\u00f4 Th\u01b0\u01a1ng Hi\u1ec7u Atlas G\u00f3i 500g \u2013 Dried Basil Leaves"},"content":{"rendered":"<p><strong>Basil<\/strong> hay c\u00f2n g\u1ecdi l\u00e0 h\u00fang t\u00e2y (m\u1ed9t lo\u1ea1i rau th\u01a1m c\u00f3 h\u1ecd h\u00e0ng g\u1ea7n v\u1edbi h\u00fang qu\u1ebf v\u00e0 l\u00e0 h\u1ecd h\u00e0ng xa v\u1edbi b\u1ea1c h\u00e0). L\u00e1 c\u1ee7a Basil th\u01b0\u1eddng c\u00f3 l\u00e1 h\u00ecnh b\u1ea7u m\u00e0u xanh v\u00e0 h\u01b0\u01a1ng v\u1ecb kh\u00e1 \u0111\u1eb7c bi\u1ec7t, h\u01a1i cay cay, ng\u1ecdt ng\u1ecdt v\u00e0 c\u00f3 m\u00f9i th\u01a1m \u0111\u1eb7c tr\u01b0ng. Trong \u1ea9m th\u1ef1c, h\u00fang t\u00e2y \u0111\u01b0\u1ee3c s\u1eed d\u1ee5ng ph\u1ed5 bi\u1ebfn \u0111\u1ec3 t\u0103ng th\u00eam h\u01b0\u01a1ng v\u1ecb cho c\u00e1c m\u00f3n s\u00fap, x\u1ed1t, pizza hay salad ho\u1eb7c c\u00e1c m\u00f3n b\u00e1nh.<\/p>\n<p><img fetchpriority=\"high\" decoding=\"async\" class=\"wp-image-16780 aligncenter\" src=\"https:\/\/havamall.vn\/wp-content\/uploads\/2020\/10\/hung-que2.jpg\" alt=\"\" width=\"526\" height=\"526\" srcset=\"https:\/\/havamall.vn\/wp-content\/uploads\/2020\/10\/hung-que2.jpg 1000w, https:\/\/havamall.vn\/wp-content\/uploads\/2020\/10\/hung-que2-430x430.jpg 430w, https:\/\/havamall.vn\/wp-content\/uploads\/2020\/10\/hung-que2-150x150.jpg 150w, https:\/\/havamall.vn\/wp-content\/uploads\/2020\/10\/hung-que2-700x700.jpg 700w, https:\/\/havamall.vn\/wp-content\/uploads\/2020\/10\/hung-que2-300x300.jpg 300w, https:\/\/havamall.vn\/wp-content\/uploads\/2020\/10\/hung-que2-768x768.jpg 768w, https:\/\/havamall.vn\/wp-content\/uploads\/2020\/10\/hung-que2-600x600.jpg 600w, https:\/\/havamall.vn\/wp-content\/uploads\/2020\/10\/hung-que2-100x100.jpg 100w\" sizes=\"(max-width: 526px) 100vw, 526px\" \/><\/p>\n<p>H\u00fang t\u00e2u l\u00e0 rau gia v\u1ecb \u0111\u1eb7c tr\u01b0ng c\u1ee7a n\u1ec1n \u1ea9m th\u1ef1c ph\u01b0\u01a1ng T\u00e2y, \u0111\u1eb7c bi\u1ec7t l\u00e0 \u1ea9m th\u1ef1c \u00dd. Hi\u1ec7n nay, h\u00fang t\u00e2y c\u00f3 \u1edf c\u1ea3 Vi\u1ec7t nam v\u00e0 \u0111\u01b0\u1ee3c d\u00f9ng ph\u1ed5 bi\u1ebfn trong n\u1ea5u \u0103n c\u0169ng nh\u01b0 trong vi\u1ec7c l\u00e0m b\u00e1nh. H\u00fang t\u00e2y trong ti\u1ebfng Hy L\u1ea1p Basilikohn c\u00f3 ngh\u0129a l\u00e0 \u201c\u0111\u1ebf v\u01b0\u01a1ng\u201d. C\u00f3 t\u00ean g\u1ecdi n\u00e0y l\u00e0 do tr\u01b0\u1edbc \u0111\u00e2y Basil \u0111\u01b0\u1ee3c ng\u01b0\u1eddi Hy l\u1ea1p c\u1ef1c k\u00ec qu\u00fd tr\u1ecdng v\u00e0 \u0111\u01b0\u1ee3c s\u1eed d\u1ee5ng \u0111\u1ec3 l\u00e0m c\u00e1c lo\u1ea1i thu\u1ed1c.<\/p>\n<p>H\u01b0\u01a1ng v\u1ecb c\u1ee7a h\u00fang t\u00e2y kh\u00e1 gi\u1ed1ng v\u1edbi h\u00fang ta nh\u01b0ng h\u00fang ta c\u00f3 h\u01b0\u01a1ng v\u1ecb b\u1edbt n\u1ed3ng, d\u1ecbu v\u00e0 ng\u1ecdt h\u01a1n. C\u00f2n Basil c\u00f3 h\u01b0\u01a1ng v\u1ecb kh\u00e1 gi\u1ed1ng hoa h\u1ed3i, h\u0103ng m\u1ea1nh, d\u1eady m\u00f9i h\u01b0\u01a1ng ng\u1ecdt ng\u00e0o kh\u00f3 c\u01b0\u1ee1ng.<\/p>\n<p><img decoding=\"async\" class=\"wp-image-16778 aligncenter\" src=\"https:\/\/havamall.vn\/wp-content\/uploads\/2020\/10\/124ea091ebe20d90e1a753a75b65a44f.jpg\" alt=\"\" width=\"621\" height=\"621\" srcset=\"https:\/\/havamall.vn\/wp-content\/uploads\/2020\/10\/124ea091ebe20d90e1a753a75b65a44f.jpg 640w, https:\/\/havamall.vn\/wp-content\/uploads\/2020\/10\/124ea091ebe20d90e1a753a75b65a44f-430x430.jpg 430w, https:\/\/havamall.vn\/wp-content\/uploads\/2020\/10\/124ea091ebe20d90e1a753a75b65a44f-150x150.jpg 150w, https:\/\/havamall.vn\/wp-content\/uploads\/2020\/10\/124ea091ebe20d90e1a753a75b65a44f-300x300.jpg 300w, https:\/\/havamall.vn\/wp-content\/uploads\/2020\/10\/124ea091ebe20d90e1a753a75b65a44f-600x600.jpg 600w, https:\/\/havamall.vn\/wp-content\/uploads\/2020\/10\/124ea091ebe20d90e1a753a75b65a44f-100x100.jpg 100w\" sizes=\"(max-width: 621px) 100vw, 621px\" \/><\/p>\n<p><strong>C\u00c1CH S\u1eec D\u1ee4NG BASIL (H\u00daNG T\u00c2Y)<\/strong><br \/>\n&#8211; Basil \u0111\u01b0\u1ee3c s\u1eed d\u1ee5ng ph\u1ed5 bi\u1ebfn v\u00e0 c\u01a1 b\u1ea3n nh\u1ea5t v\u1eabn l\u00e0 \u0103n s\u1ed1ng, d\u00f9ng tr\u1ed9n rau, tr\u1ed9n salad ho\u1eb7c l\u00e0m t\u0103ng th\u00eam h\u01b0\u01a1ng v\u1ecb cho m\u00f3n \u0103n. Khi Basil k\u1ebft h\u1ee3p v\u1edbi c\u00e0 chua r\u1ea5t h\u1ee3p, \u0111\u1ebfn n\u1ed7i m\u1ed7i khi th\u1ea5y c\u1eb7p \u0111\u00f4i n\u00e0o h\u1ea1nh ph\u00fac, c\u00e1c \u0111\u1ea7u b\u1ebfp s\u1ebd tr\u00eau l\u00e0 \u201ch\u1ee3p nhau nh\u01b0 c\u00e0 chua v\u00e0 Basil\u201d..<\/p>\n<p>&#8211; D\u00f9ng Basil v\u1edbi x\u1ed1t c\u00e0: Ngo\u00e0i vi\u1ec7c s\u1eed d\u1ee5ng v\u1edbi c\u00e0 chua s\u1ed1ng, Basil c\u00f2n \u0111\u01b0\u1ee3c d\u00f9ng k\u1ebft h\u1ee3p v\u1edbi c\u00e0 chua ch\u00edn. C\u00e1c lo\u1ea1i x\u1ed1t c\u00e0 chua, mu\u1ed1i ngon, \u0111\u1ec1u ph\u1ea3i d\u00f9ng v\u1edbi Basil. C\u00e0 chua sau khi x\u1ed1t xong th\u00ec cho Basil v\u00e0o v\u00e0 t\u1eaft l\u1eeda ngay, ch\u1ee9 kh\u00f4ng cho rau th\u01a1m v\u00e0o t\u1eeb \u0111\u1ea7u, rau s\u1ebd ng\u1ea3 m\u00e0u x\u1ec9n v\u00e0 bay h\u1ebft m\u00f9i.<\/p>\n<p><img decoding=\"async\" class=\"wp-image-16779 aligncenter\" src=\"https:\/\/havamall.vn\/wp-content\/uploads\/2020\/10\/store-dried-basil-leaves-1024x683.jpg\" alt=\"\" width=\"572\" height=\"381\" srcset=\"https:\/\/havamall.vn\/wp-content\/uploads\/2020\/10\/store-dried-basil-leaves-1024x683.jpg 1024w, https:\/\/havamall.vn\/wp-content\/uploads\/2020\/10\/store-dried-basil-leaves-430x287.jpg 430w, https:\/\/havamall.vn\/wp-content\/uploads\/2020\/10\/store-dried-basil-leaves-150x100.jpg 150w, https:\/\/havamall.vn\/wp-content\/uploads\/2020\/10\/store-dried-basil-leaves-700x467.jpg 700w, https:\/\/havamall.vn\/wp-content\/uploads\/2020\/10\/store-dried-basil-leaves-300x200.jpg 300w, https:\/\/havamall.vn\/wp-content\/uploads\/2020\/10\/store-dried-basil-leaves-768x512.jpg 768w, https:\/\/havamall.vn\/wp-content\/uploads\/2020\/10\/store-dried-basil-leaves-1200x800.jpg 1200w, https:\/\/havamall.vn\/wp-content\/uploads\/2020\/10\/store-dried-basil-leaves-600x400.jpg 600w, https:\/\/havamall.vn\/wp-content\/uploads\/2020\/10\/store-dried-basil-leaves.jpg 1600w\" sizes=\"(max-width: 572px) 100vw, 572px\" \/><\/p>\n<p>&#8211; S\u1eed d\u1ee5ng Basil l\u00e0m n\u01b0\u1edbc x\u1ed1t: \u1ede \u00dd, b\u1ea1n s\u1ebd b\u1eaft g\u1eb7p m\u1ed9t lo\u1ea1i x\u1ed1t xanh n\u1ed5i ti\u1ebfng \u0111\u00f3 l\u00e0 x\u1ed1t Pesto, nguy\u00ean g\u1ed1c lo\u1ea1i x\u1ed1t d\u00e2n d\u00e3 n\u00e0y \u0111\u01b0\u1ee3c l\u00e0m t\u1eeb Basil nh\u01b0ng trong cu\u1ed9c s\u1ed1ng hi\u1ec7n \u0111\u1ea1i b\u1eadn r\u1ed9n Pesto tr\u1edf th\u00e0nh th\u1ee9 x\u1ed1t \u0111\u01b0\u1ee3c mua s\u1eb5n t\u1ea1i c\u00e1c si\u00eau th\u1ecb.<\/p>\n<p><strong>TH\u00d4NG TIN S\u1ea2N PH\u1ea8M<\/strong><\/p>\n<table>\n<tbody>\n<tr>\n<td>Th\u01b0\u01a1ng hi\u1ec7u<\/td>\n<td>Havafood<\/td>\n<\/tr>\n<tr>\n<td>Xu\u1ea5t x\u1ee9<\/td>\n<td>\u0110\u1ee9c<\/td>\n<\/tr>\n<tr>\n<td>Th\u00e0nh ph\u1ea7n<\/td>\n<td>100% L\u00e1 Basil (h\u00fang t\u00e2y)<\/td>\n<\/tr>\n<tr>\n<td>H\u1ea1n s\u1eed d\u1ee5ng<\/td>\n<td>Xem tr\u00ean bao b\u00ec<\/td>\n<\/tr>\n<tr>\n<td>H\u01b0\u1edbng d\u1eabn s\u1eed d\u1ee5ng<\/td>\n<td>D\u00f9ng l\u00e0m gia v\u1ecb cho ch\u1ebf bi\u1ebfn m\u00f3n \u0103n<\/td>\n<\/tr>\n<tr>\n<td>B\u1ea3o qu\u1ea3n<\/td>\n<td>N\u01a1i kh\u00f4 r\u00e1o, tho\u00e1ng m\u00e1t, tr\u00e1nh \u00e1nh s\u00e1ng tr\u1ef1c ti\u1ebfp t\u1eeb m\u1eb7t tr\u1eddi<\/td>\n<\/tr>\n<\/tbody>\n<\/table>\n<p>&nbsp;<\/p>","protected":false},"excerpt":{"rendered":"<ul>\n<li>Basil hay c\u00f2n g\u1ecdi l\u00e0 h\u00fang t\u00e2y,\u00a0c\u00f3 l\u00e1 m\u00e0u xanh v\u00e0 h\u01b0\u01a1ng v\u1ecb kh\u00e1 \u0111\u1eb7c bi\u1ec7t, h\u01a1i cay cay, ng\u1ecdt ng\u1ecdt v\u00e0 c\u00f3 m\u00f9i th\u01a1m \u0111\u1eb7c tr\u01b0ng.<\/li>\n<li>Trong \u1ea9m th\u1ef1c, h\u00fang t\u00e2y \u0111\u01b0\u1ee3c s\u1eed d\u1ee5ng ph\u1ed5 bi\u1ebfn \u0111\u1ec3 t\u0103ng th\u00eam h\u01b0\u01a1ng v\u1ecb cho c\u00e1c m\u00f3n s\u00fap, x\u1ed1t, pizza hay salad ho\u1eb7c c\u00e1c m\u00f3n b\u00e1nh.<\/li>\n<\/ul>","protected":false},"featured_media":16775,"comment_status":"open","ping_status":"closed","template":"","meta":[],"product_brand":[],"product_cat":[595,40,154,36,134],"product_tag":[],"class_list":{"0":"post-16774","1":"product","2":"type-product","3":"status-publish","4":"has-post-thumbnail","6":"product_cat-gia-vi-va-che-bien","7":"product_cat-sieuthi-giasi","8":"product_cat-gia-vi","9":"product_cat-thuc-pham-tieu-dung","10":"product_cat-thucpham-saykho","11":"pa_brand-atlas","13":"first","14":"instock","15":"sale","16":"shipping-taxable","17":"purchasable","18":"product-type-simple"},"_links":{"self":[{"href":"https:\/\/havamall.vn\/en\/wp-json\/wp\/v2\/product\/16774"}],"collection":[{"href":"https:\/\/havamall.vn\/en\/wp-json\/wp\/v2\/product"}],"about":[{"href":"https:\/\/havamall.vn\/en\/wp-json\/wp\/v2\/types\/product"}],"replies":[{"embeddable":true,"href":"https:\/\/havamall.vn\/en\/wp-json\/wp\/v2\/comments?post=16774"}],"version-history":[{"count":0,"href":"https:\/\/havamall.vn\/en\/wp-json\/wp\/v2\/product\/16774\/revisions"}],"wp:featuredmedia":[{"embeddable":true,"href":"https:\/\/havamall.vn\/en\/wp-json\/wp\/v2\/media\/16775"}],"wp:attachment":[{"href":"https:\/\/havamall.vn\/en\/wp-json\/wp\/v2\/media?parent=16774"}],"wp:term":[{"taxonomy":"product_brand","embeddable":true,"href":"https:\/\/havamall.vn\/en\/wp-json\/wp\/v2\/product_brand?post=16774"},{"taxonomy":"product_cat","embeddable":true,"href":"https:\/\/havamall.vn\/en\/wp-json\/wp\/v2\/product_cat?post=16774"},{"taxonomy":"product_tag","embeddable":true,"href":"https:\/\/havamall.vn\/en\/wp-json\/wp\/v2\/product_tag?post=16774"}],"curies":[{"name":"wp","href":"https:\/\/api.w.org\/{rel}","templated":true}]}}