{"id":16763,"date":"2020-10-09T11:17:14","date_gmt":"2020-10-09T04:17:14","guid":{"rendered":"https:\/\/havamall.vn\/?post_type=product&#038;p=16763"},"modified":"2023-06-09T10:37:15","modified_gmt":"2023-06-09T03:37:15","slug":"hon-hop-thao-moc-goi-1kg-mix-herb-provencale-goi-1kg","status":"publish","type":"product","link":"https:\/\/havamall.vn\/en\/shop\/hon-hop-thao-moc-goi-1kg-mix-herb-provencale-goi-1kg\/","title":{"rendered":"L\u00e1 Marjoram Th\u01b0\u01a1ng Hi\u1ec7u Atlas G\u00f3i 500g \u2013 Marjoram Rubbed"},"content":{"rendered":"<p><strong>TH\u00d4NG TIN S\u1ea2N PH\u1ea8M<\/strong><\/p>\n<table>\n<tbody>\n<tr>\n<td>Th\u01b0\u01a1ng hi\u1ec7u<\/td>\n<td>Havafood<\/td>\n<\/tr>\n<tr>\n<td>Xu\u1ea5t x\u1ee9<\/td>\n<td>Vi\u1ec7t nam<\/td>\n<\/tr>\n<tr>\n<td>Th\u00e0nh ph\u1ea7n<\/td>\n<td>100% l\u00e1 Marjoram kh\u00f4, x\u1eaft v\u1ee5n<\/td>\n<\/tr>\n<tr>\n<td>H\u1ea1n s\u1eed d\u1ee5ng<\/td>\n<td>Xem tr\u00ean bao b\u00ec<\/td>\n<\/tr>\n<tr>\n<td>H\u01b0\u1edbng d\u1eabn s\u1eed d\u1ee5ng<\/td>\n<td>D\u00f9ng l\u00e0m gia v\u1ecb cho ch\u1ebf bi\u1ebfn m\u00f3n \u0103n<\/td>\n<\/tr>\n<tr>\n<td>B\u1ea3o qu\u1ea3n<\/td>\n<td>N\u01a1i kh\u00f4 r\u00e1o, tho\u00e1ng m\u00e1t, tr\u00e1nh \u00e1nh s\u00e1ng tr\u1ef1c ti\u1ebfp t\u1eeb m\u1eb7t tr\u1eddi<\/td>\n<\/tr>\n<\/tbody>\n<\/table>\n<p><img fetchpriority=\"high\" decoding=\"async\" class=\"wp-image-17302 aligncenter\" src=\"https:\/\/havamall.vn\/wp-content\/uploads\/2020\/11\/gsobild_153-1024x683.jpg\" alt=\"\" width=\"593\" height=\"395\" srcset=\"https:\/\/havamall.vn\/wp-content\/uploads\/2020\/11\/gsobild_153-1024x683.jpg 1024w, https:\/\/havamall.vn\/wp-content\/uploads\/2020\/11\/gsobild_153-430x287.jpg 430w, https:\/\/havamall.vn\/wp-content\/uploads\/2020\/11\/gsobild_153-150x100.jpg 150w, https:\/\/havamall.vn\/wp-content\/uploads\/2020\/11\/gsobild_153-700x467.jpg 700w, https:\/\/havamall.vn\/wp-content\/uploads\/2020\/11\/gsobild_153-300x200.jpg 300w, https:\/\/havamall.vn\/wp-content\/uploads\/2020\/11\/gsobild_153-768x512.jpg 768w, https:\/\/havamall.vn\/wp-content\/uploads\/2020\/11\/gsobild_153-1200x800.jpg 1200w, https:\/\/havamall.vn\/wp-content\/uploads\/2020\/11\/gsobild_153-600x400.jpg 600w\" sizes=\"(max-width: 593px) 100vw, 593px\" \/><\/p>\n<p><strong>\u0110\u1eb6C \u0110I\u1ec2M L\u00c1 MARJORAM<\/strong><\/p>\n<p>\u2013 Marjoram l\u00e0 m\u1ed9t lo\u1ea1i rau gia v\u1ecb chuy\u00ean d\u00f9ng trong n\u1ea5u \u0103n, ngo\u00e0i ra c\u00f2n d\u00f9ng \u0111\u1ec3 ch\u1eefa b\u1ec7nh. S\u1ea3n ph\u1ea9m \u0111\u01b0\u1ee3c l\u00e0m t\u1eeb nh\u1eefng l\u00e1 Marjoram t\u01b0\u01a1i ch\u1ecdn l\u1ecdc, r\u1eeda s\u1ea1ch v\u00e0 \u0111em s\u1ea5y kh\u00f4 b\u1eb1ng ph\u01b0\u01a1ng ph\u00e1p t\u1ef1 nhi\u00ean, sau \u0111\u00f3 \u0111em \u0111i nghi\u1ec1n nh\u1ecf.<\/p>\n<p>\u2013 Marjoram Rubbed\u00a0 l\u00e0 s\u1ea3n ph\u1ea9m s\u1ea1ch, an to\u00e0n, kh\u00f4ng c\u00f3 t\u1ea1p ch\u1ea5t v\u00e0 ph\u1ee5 gia b\u1ea3o qu\u1ea3n n\u00ean r\u1ea5t an to\u00e0n cho s\u1ee9c kh\u1ecfe ng\u01b0\u1eddi s\u1eed d\u1ee5ng.<\/p>\n<p><img decoding=\"async\" class=\"wp-image-17304 aligncenter\" src=\"https:\/\/havamall.vn\/wp-content\/uploads\/2020\/11\/majoram.jpg\" alt=\"\" width=\"491\" height=\"368\" srcset=\"https:\/\/havamall.vn\/wp-content\/uploads\/2020\/11\/majoram.jpg 450w, https:\/\/havamall.vn\/wp-content\/uploads\/2020\/11\/majoram-430x322.jpg 430w, https:\/\/havamall.vn\/wp-content\/uploads\/2020\/11\/majoram-150x112.jpg 150w, https:\/\/havamall.vn\/wp-content\/uploads\/2020\/11\/majoram-300x225.jpg 300w\" sizes=\"(max-width: 491px) 100vw, 491px\" \/><\/p>\n<p>\u2013 L\u00e1 Majoram c\u00f3 v\u1ecb cay, t\u00ednh \u1ea5m, \u0111\u01b0\u1ee3c \u0111\u00f3ng g\u00f3i trong t\u00fai zip ti\u1ec7n d\u1ee5ng. Trong n\u1ea5u \u0103n, l\u00e1 Majoram kh\u00f4 chuy\u00ean d\u00f9ng cho c\u00e1c m\u00f3n \u00c2u gi\u00fap t\u0103ng th\u00eam h\u01b0\u01a1ng v\u1ecb v\u00e0 d\u1eady m\u00f9i th\u01a1m h\u1ea5p d\u1eabn. S\u1ea3n ph\u1ea9m sau khi m\u1edf g\u00f3i s\u1eed d\u1ee5ng c\u1ea7n bu\u1ed9c k\u00edn, \u0111\u1ec3 v\u00e0o ng\u0103n m\u00e1t t\u1ee7 l\u1ea1nh, tr\u00e1nh n\u01a1i c\u00f3 nhi\u1ec7t \u0111\u1ed9 cao v\u00e0 \u00e1nh s\u00e1ng tr\u1ef1c ti\u1ebfp.<\/p>\n<p><strong>C\u00d4NG D\u1ee4NG C\u1ee6A L\u00c1 MARJORAM<\/strong><\/p>\n<p><em><strong>Trong \u1ea9m th\u1ef1c:<\/strong><\/em><\/p>\n<p>L\u00e1 Majoram th\u01b0\u1eddng d\u00f9ng cho c\u00e1c m\u00f3n canh, BBQ, \u0111\u1ed3 h\u1ea3i s\u1ea3n \u0111\u1ec3 l\u00e0m t\u0103ng th\u00eam h\u01b0\u01a1ng v\u1ecb cho c\u00e1c m\u00f3n \u0103n. Ch\u1ec9 th\u00eam m\u1ed9t \u00edt v\u00e0o m\u00f3n \u0103n khi n\u1ea5u xong.<\/p>\n<p><img decoding=\"async\" class=\"size-full wp-image-17301 aligncenter\" src=\"https:\/\/havamall.vn\/wp-content\/uploads\/2020\/11\/mar3.jpg\" alt=\"\" width=\"640\" height=\"427\" srcset=\"https:\/\/havamall.vn\/wp-content\/uploads\/2020\/11\/mar3.jpg 640w, https:\/\/havamall.vn\/wp-content\/uploads\/2020\/11\/mar3-430x287.jpg 430w, https:\/\/havamall.vn\/wp-content\/uploads\/2020\/11\/mar3-150x100.jpg 150w, https:\/\/havamall.vn\/wp-content\/uploads\/2020\/11\/mar3-300x200.jpg 300w, https:\/\/havamall.vn\/wp-content\/uploads\/2020\/11\/mar3-600x400.jpg 600w\" sizes=\"(max-width: 640px) 100vw, 640px\" \/><\/p>\n<p><em><strong>T\u00e1c d\u1ee5ng \u0111\u1ed1i v\u1edbi s\u1ee9c kh\u1ecfe:<\/strong><\/em><\/p>\n<p>Marjoram c\u00f3 h\u01b0\u01a1ng v\u1ecb th\u01a1m d\u1ecbu v\u1edbi th\u00e0nh ph\u1ea7n ch\u1ee9a nhi\u1ec1u ch\u1ea5t dinh d\u01b0\u1ee1ng t\u1ed1t n\u00ean c\u00f3 gi\u00e1 tr\u1ecb l\u1edbn v\u1ec1 s\u1ee9c kh\u1ecfe<\/p>\n<p>1. T\u0103ng c\u01b0\u1eddng s\u1ee9c \u0111\u1ec1 kh\u00e1ng, ng\u0103n ng\u1eeba c\u00e1c b\u1ec7nh th\u00f4ng th\u01b0\u1eddng<\/p>\n<p>2. Gi\u00fap l\u00e0m gi\u1ea3m c\u0103ng th\u1eb3ng, th\u01b0 gi\u00e3n tinh th\u1ea7n<\/p>\n<p>3. C\u1ea3i thi\u1ec7n s\u1ee9c kh\u1ecfe tim m\u1ea1ch<\/p>\n<p>4. C\u00f3 t\u00e1c d\u1ee5ng kh\u00e1ng khu\u1ea9n, ch\u1ed1ng vi\u00eam<\/p>","protected":false},"excerpt":{"rendered":"<ul>\n<li>Marjoram l\u00e0 m\u1ed9t lo\u1ea1i rau gia v\u1ecb chuy\u00ean d\u00f9ng trong n\u1ea5u \u0103n, ngo\u00e0i ra c\u00f2n d\u00f9ng \u0111\u1ec3 ch\u1eefa b\u1ec7nh. S\u1ea3n ph\u1ea9m \u0111\u01b0\u1ee3c l\u00e0m t\u1eeb nh\u1eefng l\u00e1 Marjoram t\u01b0\u01a1i ch\u1ecdn l\u1ecdc, r\u1eeda s\u1ea1ch v\u00e0 \u0111em s\u1ea5y kh\u00f4 b\u1eb1ng ph\u01b0\u01a1ng ph\u00e1p t\u1ef1 nhi\u00ean, sau \u0111\u00f3 \u0111em \u0111i nghi\u1ec1n nh\u1ecf.<\/li>\n<li>Marjoram Rubbed\u00a0 l\u00e0 s\u1ea3n ph\u1ea9m s\u1ea1ch, an to\u00e0n, kh\u00f4ng c\u00f3 t\u1ea1p ch\u1ea5t v\u00e0 ph\u1ee5 gia b\u1ea3o qu\u1ea3n n\u00ean r\u1ea5t an to\u00e0n cho s\u1ee9c kh\u1ecfe ng\u01b0\u1eddi s\u1eed d\u1ee5ng.<\/li>\n<li>L\u00e1 Majoram c\u00f3 v\u1ecb cay, t\u00ednh \u1ea5m, \u0111\u01b0\u1ee3c \u0111\u00f3ng g\u00f3i trong t\u00fai zip ti\u1ec7n d\u1ee5ng. Trong n\u1ea5u \u0103n, l\u00e1 Majoram kh\u00f4 chuy\u00ean d\u00f9ng cho c\u00e1c m\u00f3n \u00c2u gi\u00fap t\u0103ng th\u00eam h\u01b0\u01a1ng v\u1ecb v\u00e0 d\u1eady m\u00f9i th\u01a1m h\u1ea5p d\u1eabn. S\u1ea3n ph\u1ea9m sau khi m\u1edf g\u00f3i s\u1eed d\u1ee5ng c\u1ea7n bu\u1ed9c k\u00edn, \u0111\u1ec3 v\u00e0o ng\u0103n m\u00e1t t\u1ee7 l\u1ea1nh, tr\u00e1nh n\u01a1i c\u00f3 nhi\u1ec7t \u0111\u1ed9 cao v\u00e0 \u00e1nh s\u00e1ng tr\u1ef1c ti\u1ebfp.<\/li>\n<li><\/li>\n<\/ul>","protected":false},"featured_media":16796,"comment_status":"open","ping_status":"closed","template":"","meta":[],"product_brand":[],"product_cat":[595,40,154,36,134],"product_tag":[],"class_list":{"0":"post-16763","1":"product","2":"type-product","3":"status-publish","4":"has-post-thumbnail","6":"product_cat-gia-vi-va-che-bien","7":"product_cat-sieuthi-giasi","8":"product_cat-gia-vi","9":"product_cat-thuc-pham-tieu-dung","10":"product_cat-thucpham-saykho","11":"pa_brand-atlas","13":"first","14":"instock","15":"sale","16":"shipping-taxable","17":"purchasable","18":"product-type-simple"},"_links":{"self":[{"href":"https:\/\/havamall.vn\/en\/wp-json\/wp\/v2\/product\/16763"}],"collection":[{"href":"https:\/\/havamall.vn\/en\/wp-json\/wp\/v2\/product"}],"about":[{"href":"https:\/\/havamall.vn\/en\/wp-json\/wp\/v2\/types\/product"}],"replies":[{"embeddable":true,"href":"https:\/\/havamall.vn\/en\/wp-json\/wp\/v2\/comments?post=16763"}],"version-history":[{"count":0,"href":"https:\/\/havamall.vn\/en\/wp-json\/wp\/v2\/product\/16763\/revisions"}],"wp:featuredmedia":[{"embeddable":true,"href":"https:\/\/havamall.vn\/en\/wp-json\/wp\/v2\/media\/16796"}],"wp:attachment":[{"href":"https:\/\/havamall.vn\/en\/wp-json\/wp\/v2\/media?parent=16763"}],"wp:term":[{"taxonomy":"product_brand","embeddable":true,"href":"https:\/\/havamall.vn\/en\/wp-json\/wp\/v2\/product_brand?post=16763"},{"taxonomy":"product_cat","embeddable":true,"href":"https:\/\/havamall.vn\/en\/wp-json\/wp\/v2\/product_cat?post=16763"},{"taxonomy":"product_tag","embeddable":true,"href":"https:\/\/havamall.vn\/en\/wp-json\/wp\/v2\/product_tag?post=16763"}],"curies":[{"name":"wp","href":"https:\/\/api.w.org\/{rel}","templated":true}]}}