{"id":16758,"date":"2020-10-08T17:40:42","date_gmt":"2020-10-08T10:40:42","guid":{"rendered":"https:\/\/havamall.vn\/?post_type=product&#038;p=16758"},"modified":"2025-08-15T16:33:58","modified_gmt":"2025-08-15T09:33:58","slug":"bot-gia-vi-an-do-goi-1kg-garam-masala-powder-1kg","status":"publish","type":"product","link":"https:\/\/havamall.vn\/en\/shop\/bot-gia-vi-an-do-goi-1kg-garam-masala-powder-1kg\/","title":{"rendered":"B\u1ed9t Gia V\u1ecb \u1ea4n \u0110\u1ed9 Th\u01b0\u01a1ng Hi\u1ec7u Atlas G\u00f3i 500g \u2013 Garam Masala Powder"},"content":{"rendered":"<table border=\"1\" cellspacing=\"0\">\n<tbody>\n<tr>\n<td><strong>Th\u01b0\u01a1ng hi\u1ec7u<\/strong><\/td>\n<td>Havafood<\/td>\n<\/tr>\n<tr>\n<td><b>Xu\u1ea5t x\u1ee9<\/b><\/td>\n<td>\u0110\u1ee9c<\/td>\n<\/tr>\n<tr>\n<td><strong>Th\u00e0nh ph\u1ea7n<\/strong><\/td>\n<td>H\u1ea1t rau m\u00f9i, \u1edbt \u0111\u1ecf, ngh\u1ec7, cumin, mu\u1ed1i Iodised, h\u1ea1t ti\u00eau \u0111en, l\u00e1 c\u00e0 ri,&#8230;<\/td>\n<\/tr>\n<tr>\n<td><strong>H\u1ea1n s\u1eed d\u1ee5ng<\/strong><\/td>\n<td>Xem tr\u00ean bao b\u00ec s\u1ea3n ph\u1ea9m<\/td>\n<\/tr>\n<tr>\n<td><strong>C\u00e1ch s\u1eed d\u1ee5ng<\/strong><\/td>\n<td>D\u00f9ng l\u00e0m gia v\u1ecb t\u1ea9m \u01b0\u1edbp cho c\u00e1c m\u00f3n \u0103n, \u0111\u1eb7c bi\u1ec7t l\u00e0 th\u1ecbt g\u00e0 ho\u1eb7c th\u1ecbt b\u00f2<\/td>\n<\/tr>\n<tr>\n<td><strong>Nh\u1eadp kh\u1ea9u &amp; \u0111\u00f3ng g\u00f3i<\/strong><\/td>\n<td>Vi\u1ec7t Nam<\/td>\n<\/tr>\n<tr>\n<td><strong>\u00a0B\u1ea3o qu\u1ea3n<\/strong><\/td>\n<td>N\u01a1i tho\u00e1ng m\u00e1t, tr\u00e1nh \u00e1nh n\u1eafng tr\u1ef1c ti\u1ebfp, tho\u00e1ng m\u00e1t<\/td>\n<\/tr>\n<tr>\n<td><strong>Kh\u1ed1i l\u01b0\u1ee3ng t\u1ecbnh<\/strong><\/td>\n<td>1Kg<\/td>\n<\/tr>\n<\/tbody>\n<\/table>\n<p><strong>\u0110\u1eb6C \u0110I\u1ec2M S\u1ea2N PH\u1ea8M<\/strong><\/p>\n<p>&#8211; Garam Masala l\u00e0 m\u1ed9t lo\u1ea1i h\u1ed7n h\u1ee3p gia v\u1ecb ch\u1ee7 y\u1ebfu trong qu\u00e1 tr\u00ecnh ch\u1ebf bi\u1ebfn m\u00f3n \u0103n \u1edf v\u00f9ng Punjab, mi\u1ec1n B\u1eafc \u1ea4n \u0110\u1ed9. T\u1eeb \u201cmasala\u201d c\u00f3 ngh\u0129a l\u00e0 gia v\u1ecb, \u201cgaram\u201d l\u00e0 n\u00f3ng. Garam Masala c\u00f3 th\u1ec3 hi\u1ec3u \u0111\u01a1n gi\u1ea3n l\u00e0 h\u1ed7n h\u1ee3p c\u00e1c gia v\u1ecb n\u00f3ng. Tuy nhi\u00ean, n\u00f3 kh\u00f4ng nh\u1ea5t thi\u1ebft ph\u1ea3i c\u00f3 s\u1ef1 pha tr\u1ed9n c\u1ee7a c\u00e1c lo\u1ea1i gia v\u1ecb cay. Garam Masala c\u00f3 th\u1ec3 \u0111\u01b0\u1ee3c s\u1eed d\u1ee5ng ri\u00eang ho\u1eb7c tr\u1ed9n l\u1eabn c\u00f9ng c\u00e1c gia v\u1ecb kh\u00e1c khi ch\u1ebf bi\u1ebfn.<\/p>\n<p><img fetchpriority=\"high\" decoding=\"async\" class=\"aligncenter\" src=\"https:\/\/havamall.com\/wp-content\/uploads\/2025\/08\/image-Garam_Masala_Powder-1590824608109.jpg\" alt=\"Buy Homemade Garam Masala Powder Online (Premium Quality) | Sitara ...\" width=\"670\" height=\"670\" \/><\/p>\n<p>&#8211; Tr\u00ean th\u1ef1c t\u1ebf, kh\u00f4ng c\u00f3 m\u1ed9t c\u00f4ng th\u1ee9c Garam Masala chu\u1ea9n n\u00e0o m\u00e0 c\u00e1c \u0111\u1ea7u b\u1ebfp s\u1ebd t\u1ea1o ra n\u00f3 t\u00f9y thu\u1ed9c v\u00e0o s\u1edf th\u00edch c\u00e1 nh\u00e2n c\u0169ng nh\u01b0 kh\u1ea9u v\u1ecb v\u00f9ng mi\u1ec1n. Nh\u01b0ng ph\u1ea7n l\u1edbn, Garam Masala s\u1ebd bao g\u1ed3m rau m\u00f9i, c\u00e2y th\u00ec l\u00e0, c\u00e2y b\u1ea1ch \u0111\u1eadu kh\u1ea5u, c\u00e2y \u0111inh h\u01b0\u01a1ng, ti\u00eau \u0111en, qu\u1ebf v\u00e0 h\u1ea1t nh\u1ee5c \u0111\u1eadu kh\u1ea5u.<\/p>\n<p>&#8211; Garam Masala c\u0169ng l\u00e0 gia v\u1ecb t\u1ea9m \u01b0\u1edbp tuy\u1ec7t v\u1eddi cho th\u1ecbt g\u00e0 ho\u1eb7c th\u1ecbt b\u00f2. \u0110\u00e2y c\u0169ng l\u00e0 h\u1ed7n h\u1ee3p gia v\u1ecb \u0111\u01b0\u1ee3c ch\u1ebf bi\u1ebfn s\u1eb5n \u0111\u1ec3 cho v\u00e0o n\u1ed3i c\u00e0 ri, kh\u00f4ng c\u1ea7n qu\u00e1 c\u1ea7u k\u1ef3 m\u00e0 v\u1eabn t\u1ea1o ra h\u01b0\u01a1ng v\u1ecb \u0111\u1eb7c tr\u01b0ng c\u1ee7a c\u00e0 ri \u1ea4n, t\u1ea1o \u1ea5n t\u01b0\u1ee3ng cho ng\u01b0\u1eddi \u0103n v\u1ec1 m\u1ed9t m\u00f3n \u0103n n\u1ed3ng n\u00e0n ngay khi ch\u1ea1m v\u00e0o \u0111\u1ea7u l\u01b0\u1ee1i c\u00f9ng h\u1eadu v\u1ecb m\u00e3i kh\u00f4ng phai.<\/p>\n<p><img decoding=\"async\" class=\"aligncenter\" src=\"https:\/\/havamall.com\/wp-content\/uploads\/2025\/08\/Garam-Masala.jpg\" alt=\"Garam Masala Recipe, How to make Garam Masala Recipe - Vaya.in\" width=\"612\" height=\"408\" \/><\/p>\n<p>QUY TR\u00ccNH S\u1ea2N XU\u1ea4T B\u1ed8T GIA V\u1eca \u1ea4N \u0110\u1ed8<\/p>\n<p>&#8211; Nguy\u00ean li\u1ec7u \u0111\u01b0\u1ee3c l\u1ef1a ch\u1ecdn k\u1ef9 c\u00e0ng, t\u01b0\u01a1i s\u1ea1ch v\u00e0 ch\u1ea5t l\u01b0\u1ee3ng cao nh\u1ea5t.<\/p>\n<p>&#8211; H\u00ecnh th\u1ee9c: L\u00e0m s\u1ea1ch nguy\u00ean li\u1ec7u v\u00e0 ph\u01a1i kh\u00f4. Sau \u0111\u00f3 xay m\u1ecbn b\u1eb1ng c\u00f4ng ngh\u1ec7 hi\u1ec7n \u0111\u1ea1i, kh\u00f4ng l\u1eabn b\u1ea5t k\u1ef3 t\u1ea1p ch\u1ea5t, kh\u00f4ng ch\u1ee9a ch\u1ea5t b\u1ea3o qu\u1ea3n, kh\u00f4ng s\u1eed d\u1ee5ng ch\u1ea5t t\u1ea1o m\u00f9i v\u00e0 kh\u00f4ng ch\u1ea5t t\u1ea1o m\u00e0u.<\/p>\n<p>&#8211; \u0110\u00f3ng g\u00f3i s\u1ea3n ph\u1ea9m ch\u1eafc ch\u1eafn, \u0111\u1ea3m b\u1ea3o b\u1ea3o qu\u1ea3n \u0111\u01b0\u1ee3c t\u1ed1t nh\u1ea5t.<\/p>","protected":false},"excerpt":{"rendered":"<ul>\n<li>Garam Masala c\u0169ng l\u00e0 gia v\u1ecb t\u1ea9m \u01b0\u1edbp tuy\u1ec7t v\u1eddi cho th\u1ecbt g\u00e0 ho\u1eb7c th\u1ecbt b\u00f2. \u0110\u00e2y c\u0169ng l\u00e0 h\u1ed7n h\u1ee3p gia v\u1ecb \u0111\u01b0\u1ee3c ch\u1ebf bi\u1ebfn s\u1eb5n \u0111\u1ec3 cho v\u00e0o n\u1ed3i c\u00e0 ri, kh\u00f4ng c\u1ea7n qu\u00e1 c\u1ea7u k\u1ef3 m\u00e0 v\u1eabn t\u1ea1o ra h\u01b0\u01a1ng v\u1ecb \u0111\u1eb7c tr\u01b0ng c\u1ee7a c\u00e0 ri \u1ea4n, t\u1ea1o \u1ea5n t\u01b0\u1ee3ng cho ng\u01b0\u1eddi \u0103n v\u1ec1 m\u1ed9t m\u00f3n \u0103n n\u1ed3ng n\u00e0n ngay khi ch\u1ea1m v\u00e0o \u0111\u1ea7u l\u01b0\u1ee1i c\u00f9ng h\u1eadu v\u1ecb m\u00e3i kh\u00f4ng phai.<\/li>\n<li>Garam Masala \u0111\u01b0\u1ee3c l\u00e0m t\u1eeb nguy\u00ean li\u1ec7u t\u1ef1 nhi\u00ean, sau \u0111\u00f3 xay m\u1ecbn b\u1eb1ng c\u00f4ng ngh\u1ec7 hi\u1ec7n \u0111\u1ea1i, kh\u00f4ng l\u1eabn b\u1ea5t k\u1ef3 t\u1ea1p ch\u1ea5t, kh\u00f4ng ch\u1ee9a ch\u1ea5t b\u1ea3o qu\u1ea3n, kh\u00f4ng s\u1eed d\u1ee5ng ch\u1ea5t t\u1ea1o m\u00f9i v\u00e0 kh\u00f4ng ch\u1ea5t t\u1ea1o m\u00e0u.<\/li>\n<\/ul>","protected":false},"featured_media":16760,"comment_status":"open","ping_status":"closed","template":"","meta":[],"product_brand":[],"product_cat":[595,40,154,36,134],"product_tag":[],"class_list":{"0":"post-16758","1":"product","2":"type-product","3":"status-publish","4":"has-post-thumbnail","6":"product_cat-gia-vi-va-che-bien","7":"product_cat-sieuthi-giasi","8":"product_cat-gia-vi","9":"product_cat-thuc-pham-tieu-dung","10":"product_cat-thucpham-saykho","11":"pa_brand-atlas","13":"first","14":"outofstock","15":"sale","16":"shipping-taxable","17":"purchasable","18":"product-type-simple"},"_links":{"self":[{"href":"https:\/\/havamall.vn\/en\/wp-json\/wp\/v2\/product\/16758"}],"collection":[{"href":"https:\/\/havamall.vn\/en\/wp-json\/wp\/v2\/product"}],"about":[{"href":"https:\/\/havamall.vn\/en\/wp-json\/wp\/v2\/types\/product"}],"replies":[{"embeddable":true,"href":"https:\/\/havamall.vn\/en\/wp-json\/wp\/v2\/comments?post=16758"}],"version-history":[{"count":0,"href":"https:\/\/havamall.vn\/en\/wp-json\/wp\/v2\/product\/16758\/revisions"}],"wp:featuredmedia":[{"embeddable":true,"href":"https:\/\/havamall.vn\/en\/wp-json\/wp\/v2\/media\/16760"}],"wp:attachment":[{"href":"https:\/\/havamall.vn\/en\/wp-json\/wp\/v2\/media?parent=16758"}],"wp:term":[{"taxonomy":"product_brand","embeddable":true,"href":"https:\/\/havamall.vn\/en\/wp-json\/wp\/v2\/product_brand?post=16758"},{"taxonomy":"product_cat","embeddable":true,"href":"https:\/\/havamall.vn\/en\/wp-json\/wp\/v2\/product_cat?post=16758"},{"taxonomy":"product_tag","embeddable":true,"href":"https:\/\/havamall.vn\/en\/wp-json\/wp\/v2\/product_tag?post=16758"}],"curies":[{"name":"wp","href":"https:\/\/api.w.org\/{rel}","templated":true}]}}