{"id":16752,"date":"2020-10-08T17:12:10","date_gmt":"2020-10-08T10:12:10","guid":{"rendered":"https:\/\/havamall.vn\/?post_type=product&#038;p=16752"},"modified":"2023-06-09T10:39:02","modified_gmt":"2023-06-09T03:39:02","slug":"hat-mu-tat-den-goi-1kg-black-mustard-seed-1kg","status":"publish","type":"product","link":"https:\/\/havamall.vn\/en\/shop\/hat-mu-tat-den-goi-1kg-black-mustard-seed-1kg\/","title":{"rendered":"H\u1ea1t M\u00f9 T\u1ea1t \u0110en Th\u01b0\u01a1ng Hi\u1ec7u Atlas  G\u00f3i 500g \u2013 Black Mustard Seed"},"content":{"rendered":"<p>H\u1ea1t m\u00f9 t\u1ea1t \u0111en c\u00f3 ngu\u1ed3n g\u1ed1c t\u1eeb \u1ea4n \u0110\u1ed9, n\u00f3 \u0111\u01b0\u1ee3c tr\u1ed3ng nhi\u1ec1u ph\u1ed5 bi\u1ebfn \u1edf ch\u00e2n c\u1ee7a d\u00e3y n\u00fai Himalaya sau n\u00e0y \u0111\u01b0\u1ee3c ph\u00e1t tri\u1ec3n, nh\u00e2n r\u1ed9ng tr\u1ed3ng \u1edf Hoa k\u1ef3, Anh, Canada v\u00e0 m\u1ed9t s\u1ed1 n\u01b0\u1edbc ch\u00e2u \u00c2u kh\u00e1c.<\/p>\n<p>M\u00f9 t\u1ea1t \u0111en l\u00e0 lo\u1ea1i h\u1ea1t dai, c\u00f3 m\u00f9i t\u01b0\u01a1ng \u0111\u1ed1i nh\u1eb9, \u0111\u01b0\u1ee3c s\u1eed d\u1ee5ng nh\u01b0 m\u1ed9t lo\u1ea1i gia v\u1ecb c\u1ee7a c\u00e1c b\u1eefa \u0103n n\u1eb7ng t\u00ednh k\u00edch th\u00edch ti\u00eau h\u00f3a v\u00e0 do \u0111\u00f3 gi\u00fap ti\u00eau h\u00f3a th\u1ee9c \u0103n.\u00a0Trong \u1ea9m th\u1ef1c ch\u00e2u \u00c1,\u00a0h\u1ea1t m\u00f9 t\u1ea1t \u0111\u01b0\u1ee3c th\u00eam v\u00e0o s\u1ef1 kh\u1edfi \u0111\u1ea7u c\u1ee7a qu\u00e1 tr\u00ecnh n\u1ea5u \u0103n trong n\u1ed3i ho\u1eb7c rang n\u1ea5u tr\u00ean ch\u1ea3o. H\u1ea1t m\u00f9 t\u1ea1t cho c\u00e1c m\u00f3n \u0103n c\u00f3 m\u1ed9t h\u01b0\u01a1ng v\u1ecb h\u01a1i nh\u1ea1t, nh\u01b0ng kh\u00e1c bi\u1ec7t r\u1ea5t \u0111\u00e1ng k\u1ec3 so v\u1edbi nh\u1eefng h\u01b0\u01a1ng v\u1ecb c\u1ee7a m\u00f9 t\u1ea1t d\u1ea1ng kem.<\/p>\n<p><img fetchpriority=\"high\" decoding=\"async\" class=\"wp-image-16754 aligncenter\" src=\"https:\/\/havamall.vn\/wp-content\/uploads\/2020\/10\/M\u00d9-T\u1ea0T-\u0110EN-2-1024x614-1024x614.jpg\" alt=\"\" width=\"519\" height=\"311\" srcset=\"https:\/\/havamall.vn\/wp-content\/uploads\/2020\/10\/M\u00d9-T\u1ea0T-\u0110EN-2-1024x614.jpg 1024w, https:\/\/havamall.vn\/wp-content\/uploads\/2020\/10\/M\u00d9-T\u1ea0T-\u0110EN-2-1024x614-430x258.jpg 430w, https:\/\/havamall.vn\/wp-content\/uploads\/2020\/10\/M\u00d9-T\u1ea0T-\u0110EN-2-1024x614-150x90.jpg 150w, https:\/\/havamall.vn\/wp-content\/uploads\/2020\/10\/M\u00d9-T\u1ea0T-\u0110EN-2-1024x614-700x420.jpg 700w, https:\/\/havamall.vn\/wp-content\/uploads\/2020\/10\/M\u00d9-T\u1ea0T-\u0110EN-2-1024x614-300x180.jpg 300w, https:\/\/havamall.vn\/wp-content\/uploads\/2020\/10\/M\u00d9-T\u1ea0T-\u0110EN-2-1024x614-768x461.jpg 768w, https:\/\/havamall.vn\/wp-content\/uploads\/2020\/10\/M\u00d9-T\u1ea0T-\u0110EN-2-1024x614-600x360.jpg 600w\" sizes=\"(max-width: 519px) 100vw, 519px\" \/><\/p>\n<p>C\u00e1c lo\u1ea1i tinh d\u1ea7u c\u00f3 trong m\u00f9 t\u1ea1t c\u0169ng c\u00f3 th\u1ec3 gi\u1ea3i ph\u00f3ng \u0111\u01b0\u1eddng h\u00f4 h\u1ea5p. B\u1ea1n c\u00f3 th\u1ec3 \u0103n m\u00f9 t\u1ea1t cay \u0111\u1ec3 l\u00e0m th\u00f4ng m\u0169i v\u00e0 kh\u1eed tr\u00f9ng c\u00e1c xoang trong vi\u00eam xoang.<\/p>\n<p><strong>C\u00d4NG D\u1ee4NG C\u1ee6A H\u1ea0T M\u00d9 T\u1ea0T<\/strong><\/p>\n<p>&#8211; D\u00f9ng l\u00e0m gia v\u1ecb: M\u00f9 t\u1ea1t nguy\u00ean h\u1ea1t hay \u0111\u00e3 xay m\u1ecbn s\u1ebd \u0111\u01b0\u1ee3c k\u1ebft h\u1ee3p v\u1edbi gi\u1ea5m, n\u01b0\u1edbc canh, r\u01b0\u1ee3u, n\u01b0\u1edbc \u0111\u1ec3 t\u1ea1o th\u00e0nh m\u1ed9t h\u1ed7n h\u1ee3p gia v\u1ecb m\u00f9 t\u1ea1t chu\u1ea9n nh\u1ea5t. Lo\u1ea1i gia v\u1ecb n\u00e0y s\u1ebd \u0111\u01b0\u1ee3c d\u00f9ng \u0111\u1ec3 \u0103n k\u00e8m v\u1edbi c\u00e1c m\u00f3n \u0103n nh\u01b0 h\u1ea3i s\u1ea3n s\u1ed1ng ho\u1eb7c d\u00f9ng \u0111\u1ec3 t\u1ea9m \u01b0\u1edbp v\u1edbi c\u00e1, th\u1ecbt n\u01b0\u1edbng hay d\u00f9ng trong ch\u1ebf bi\u1ebfn c\u00e1c m\u00f3n \u0103n.<\/p>\n<p><img decoding=\"async\" class=\"wp-image-16756 aligncenter\" src=\"https:\/\/havamall.vn\/wp-content\/uploads\/2020\/10\/M\u00d9-T\u1ea0T-\u0110EN-5-1024x791-1024x791.jpg\" alt=\"\" width=\"499\" height=\"385\" srcset=\"https:\/\/havamall.vn\/wp-content\/uploads\/2020\/10\/M\u00d9-T\u1ea0T-\u0110EN-5-1024x791.jpg 1024w, https:\/\/havamall.vn\/wp-content\/uploads\/2020\/10\/M\u00d9-T\u1ea0T-\u0110EN-5-1024x791-430x332.jpg 430w, https:\/\/havamall.vn\/wp-content\/uploads\/2020\/10\/M\u00d9-T\u1ea0T-\u0110EN-5-1024x791-150x116.jpg 150w, https:\/\/havamall.vn\/wp-content\/uploads\/2020\/10\/M\u00d9-T\u1ea0T-\u0110EN-5-1024x791-700x541.jpg 700w, https:\/\/havamall.vn\/wp-content\/uploads\/2020\/10\/M\u00d9-T\u1ea0T-\u0110EN-5-1024x791-300x232.jpg 300w, https:\/\/havamall.vn\/wp-content\/uploads\/2020\/10\/M\u00d9-T\u1ea0T-\u0110EN-5-1024x791-768x593.jpg 768w, https:\/\/havamall.vn\/wp-content\/uploads\/2020\/10\/M\u00d9-T\u1ea0T-\u0110EN-5-1024x791-600x463.jpg 600w\" sizes=\"(max-width: 499px) 100vw, 499px\" \/><\/p>\n<p>&#8211; L\u00e0m gi\u1ea3m c\u00e1c c\u01a1n \u0111au hi\u1ec7u qu\u1ea3<br \/>\nV\u1edbi th\u00e0nh ph\u1ea7n magie, selenium trong h\u1ea1t m\u00f9 t\u1ea1t n\u00e2u, c\u00f3 t\u00e1c d\u1ee5ng kh\u00e1ng vi\u00eam, gi\u1ea3m \u0111au hi\u1ec7u qu\u1ea3 nh\u1edd t\u00ednh n\u00f3ng c\u1ee7a n\u00f3. Khi \u0111\u01b0\u1ee3c s\u1eed d\u1ee5ng m\u00f9 t\u1ea1t s\u1ebd l\u00e0m n\u00f3ng c\u00e1c c\u01a1, x\u01b0\u01a1ng kh\u1edbp b\u1ecb \u0111au gi\u00fap m\u00e1u \u0111\u01b0\u1ee3c l\u01b0u th\u00f4ng, gi\u1ea3m nhanh c\u00e1c tri\u1ec7u ch\u1ee9ng \u0111au th\u00f4ng th\u01b0\u1eddng.<\/p>\n<p>&#8211; Gi\u1ea3m c\u00e2n: Vitamin B3 trong h\u1ea1t m\u00f9 t\u1ea1t \u1ea4n \u0110\u1ed9 c\u00f3 h\u1ee3p ch\u1ea5t niacin, folate, riboflavin\u2026 s\u1ebd l\u00e0m qu\u00e1 tr\u00ecnh trao \u0111\u1ed5i ch\u1ea5t di\u1ec5n ra nhanh, lo\u1ea1i b\u1ecf l\u01b0\u1ee3ng m\u1ee1 th\u1eeba, gi\u00fap gi\u1ea3m c\u00e2n nhanh ch\u00f3ng. M\u00f9 t\u1ea1t \u0111en l\u00e0 lo\u1ea1i h\u1ea1t t\u1ef1 nhi\u00ean, c\u00f3 c\u00f4ng d\u1ee5ng gi\u1ea3m c\u00e2n t\u1ed1t. V\u00ec v\u1eady, ch\u1ecb em ho\u1eb7c ng\u01b0\u1eddi th\u1eeba c\u00e2n, b\u00e9o ph\u00ec c\u00f3 th\u1ec3 y\u00ean s\u1eed d\u1ee5ng lo\u1ea1i h\u1ea1t n\u00e0y kh\u00f4ng s\u1ee3 t\u00e1c d\u1ee5ng ph\u1ee5 hay d\u1ecb \u1ee9ng khi d\u00f9ng.<\/p>\n<p><img decoding=\"async\" class=\"wp-image-16757 aligncenter\" src=\"https:\/\/havamall.vn\/wp-content\/uploads\/2020\/10\/mustard-seeds_759.jpg\" alt=\"\" width=\"599\" height=\"333\" srcset=\"https:\/\/havamall.vn\/wp-content\/uploads\/2020\/10\/mustard-seeds_759.jpg 759w, https:\/\/havamall.vn\/wp-content\/uploads\/2020\/10\/mustard-seeds_759-430x239.jpg 430w, https:\/\/havamall.vn\/wp-content\/uploads\/2020\/10\/mustard-seeds_759-150x83.jpg 150w, https:\/\/havamall.vn\/wp-content\/uploads\/2020\/10\/mustard-seeds_759-700x389.jpg 700w, https:\/\/havamall.vn\/wp-content\/uploads\/2020\/10\/mustard-seeds_759-300x167.jpg 300w, https:\/\/havamall.vn\/wp-content\/uploads\/2020\/10\/mustard-seeds_759-600x334.jpg 600w\" sizes=\"(max-width: 599px) 100vw, 599px\" \/><\/p>\n<p>&#8211; Ng\u0103n ng\u1eeba r\u1ee5ng t\u00f3c, k\u00edch th\u00edch m\u1ecdc t\u00f3c: R\u1ee5ng t\u00f3c l\u00e0 nguy\u00ean nh\u00e2n do n\u1ed9i ti\u1ebft t\u1ed1 trong c\u01a1 th\u1ec3 thay \u0111\u1ed5i, do s\u1eed d\u1ee5ng c\u00e1c lo\u1ea1i d\u1ea7u g\u1ed9i \u0111\u1ea7u c\u00f3 th\u00e0nh ph\u1ea7n h\u00f3a h\u1ecdc cao l\u00e0m y\u1ebfu da d\u1ea7u, t\u00f3c kh\u00f4 c\u1ee9ng, d\u1ec5 r\u1ee5ng. \u0110\u1ec3 ch\u1ea5m d\u1ee9t t\u00ecnh tr\u1ea1ng n\u00e0y, b\u1ea1n c\u00f3 th\u1ec3 s\u1eed d\u1ee5ng h\u1ea1t m\u00f9 t\u1ea1t \u0111\u1ec3 ch\u1eefa tr\u1ecb. V\u1edbi c\u00e1c ch\u1ea5t nh\u01b0 omega3, magie, vitamin, beta carotene\u2026 s\u1ebd th\u00fac \u0111\u1ea9y m\u1ecdc t\u00f3c v\u00e0 gi\u00fap t\u00f3c ch\u1eafc kh\u1ecfe, \u00edt g\u00e3y r\u1ee5ng.<\/p>\n<p>&#8211; Tr\u1ecb t\u00e1o b\u00f3n: Ch\u1ea5t mucilage trong h\u1ea1t m\u00f9 t\u1ea1t n\u00e2u r\u1ea5t cao, ch\u1ea5t n\u00e0y c\u00f3 t\u00e1c d\u1ee5ng l\u00e0m m\u1ec1m th\u1ee9c \u0103n trong \u0111\u01b0\u1eddng ru\u1ed9t, k\u00edch th\u00edch h\u1ec7 ti\u00eau h\u00f3a, ng\u0103n ng\u1eeba v\u00e0 \u0111i\u1ec1u tr\u1ecb t\u00e1o b\u00f3n r\u1ea5t t\u1ed1t. B\u1ecb t\u00e1o b\u00f3n l\u00e2u ng\u00e0y b\u1ea1n ch\u1ec9 c\u1ea7n u\u1ed1ng 1 th\u00eca cafe b\u1ed9t h\u1ea1t m\u00f9 t\u1ea1t v\u1edbi n\u01b0\u1edbc \u1ea5m, ng\u00e0y 2 l\u1ea7n th\u00ec s\u1ebd h\u1ebft t\u00e1o b\u00f3n.<\/p>\n<table border=\"1\" cellspacing=\"0\">\n<tbody>\n<tr>\n<td><strong>Th\u01b0\u01a1ng hi\u1ec7u<\/strong><\/td>\n<td>Havafood<\/td>\n<\/tr>\n<tr>\n<td><b>Xu\u1ea5t x\u1ee9<\/b><\/td>\n<td>\u0110\u1ee9c<\/td>\n<\/tr>\n<tr>\n<td><strong>Th\u00e0nh ph\u1ea7n<\/strong><\/td>\n<td>100% h\u1ea1t m\u00f9 t\u1ea1t \u0111en<\/td>\n<\/tr>\n<tr>\n<td><strong>H\u1ea1n s\u1eed d\u1ee5ng<\/strong><\/td>\n<td>12 th\u00e1ng k\u1ec3 t\u1eeb ng\u00e0y s\u1ea3n xu\u1ea5t<\/td>\n<\/tr>\n<tr>\n<td><strong>C\u00e1ch s\u1eed d\u1ee5ng<\/strong><\/td>\n<td>D\u00f9ng \u0111\u1ec3 l\u00e0m gia v\u1ecb t\u1ea9m \u01b0\u1edbp, ch\u1ebf bi\u1ebfn c\u00e1c m\u00f3n \u0103n.<\/td>\n<\/tr>\n<tr>\n<td><strong>Nh\u1eadp kh\u1ea9u &amp; \u0111\u00f3ng g\u00f3i<\/strong><\/td>\n<td>Vi\u1ec7t Nam<\/td>\n<\/tr>\n<tr>\n<td><strong>\u00a0B\u1ea3o qu\u1ea3n<\/strong><\/td>\n<td>\u00a0N\u01a1i tho\u00e1ng m\u00e1t, tr\u00e1nh \u00e1nh n\u1eafng tr\u1ef1c ti\u1ebfp, tho\u00e1ng m\u00e1t<\/td>\n<\/tr>\n<tr>\n<td><strong>Kh\u1ed1i l\u01b0\u1ee3ng t\u1ecbnh<\/strong><\/td>\n<td>500g<\/td>\n<\/tr>\n<\/tbody>\n<\/table>\n<p><em>H\u1ea1t m\u00f9 t\u1ea1t \u0111en nh\u00e0 <strong>Havamall<\/strong> ho\u00e0n to\u00e0n t\u1ef1 nhi\u00ean, kh\u00f4ng l\u1eabn t\u1ea1p ch\u1ea5t, kh\u00f4ng ch\u1ea5t b\u1ea3o qu\u1ea3n, kh\u00f4ng ch\u1ea5t t\u1ea1o m\u00e0u v\u00e0 kh\u00f4ng ch\u1ea5t t\u1ea1o m\u00f9i mang \u0111\u1ebfn s\u1ef1 tin c\u1eady cho ng\u01b0\u1eddi ti\u00eau d\u00f9ng.<\/em><\/p>","protected":false},"excerpt":{"rendered":"<ul>\n<li>M\u00f9 t\u1ea1t \u0111en l\u00e0 lo\u1ea1i h\u1ea1t dai, c\u00f3 m\u00f9i t\u01b0\u01a1ng \u0111\u1ed1i nh\u1eb9, \u0111\u01b0\u1ee3c s\u1eed d\u1ee5ng nh\u01b0 m\u1ed9t lo\u1ea1i gia v\u1ecb c\u1ee7a c\u00e1c b\u1eefa \u0103n n\u1eb7ng t\u00ednh k\u00edch th\u00edch ti\u00eau h\u00f3a v\u00e0 do \u0111\u00f3 gi\u00fap ti\u00eau h\u00f3a th\u1ee9c \u0103n.<\/li>\n<li>D\u00f9ng l\u00e0m gia v\u1ecb ch\u1ebf bi\u1ebfn m\u00f3n \u0103n. Th\u00eam h\u01b0\u01a1ng v\u1ecb cho nhi\u1ec1u m\u00f3n \u0103n, bao g\u1ed3m n\u01b0\u1edbc s\u1ed1t, n\u01b0\u1edbc ch\u1ea5m.<\/li>\n<li>C\u00e1c lo\u1ea1i tinh d\u1ea7u c\u00f3 trong m\u00f9 t\u1ea1t c\u0169ng c\u00f3 th\u1ec3 gi\u1ea3i ph\u00f3ng \u0111\u01b0\u1eddng h\u00f4 h\u1ea5p. B\u1ea1n c\u00f3 th\u1ec3 \u0103n m\u00f9 t\u1ea1t cay \u0111\u1ec3 l\u00e0m th\u00f4ng m\u0169i v\u00e0 kh\u1eed tr\u00f9ng c\u00e1c xoang trong vi\u00eam xoang.<\/li>\n<\/ul>","protected":false},"featured_media":16753,"comment_status":"open","ping_status":"closed","template":"","meta":[],"product_brand":[],"product_cat":[595,40,154,36,134],"product_tag":[],"class_list":{"0":"post-16752","1":"product","2":"type-product","3":"status-publish","4":"has-post-thumbnail","6":"product_cat-gia-vi-va-che-bien","7":"product_cat-sieuthi-giasi","8":"product_cat-gia-vi","9":"product_cat-thuc-pham-tieu-dung","10":"product_cat-thucpham-saykho","11":"pa_brand-atlas","13":"first","14":"instock","15":"sale","16":"shipping-taxable","17":"purchasable","18":"product-type-simple"},"_links":{"self":[{"href":"https:\/\/havamall.vn\/en\/wp-json\/wp\/v2\/product\/16752"}],"collection":[{"href":"https:\/\/havamall.vn\/en\/wp-json\/wp\/v2\/product"}],"about":[{"href":"https:\/\/havamall.vn\/en\/wp-json\/wp\/v2\/types\/product"}],"replies":[{"embeddable":true,"href":"https:\/\/havamall.vn\/en\/wp-json\/wp\/v2\/comments?post=16752"}],"version-history":[{"count":0,"href":"https:\/\/havamall.vn\/en\/wp-json\/wp\/v2\/product\/16752\/revisions"}],"wp:featuredmedia":[{"embeddable":true,"href":"https:\/\/havamall.vn\/en\/wp-json\/wp\/v2\/media\/16753"}],"wp:attachment":[{"href":"https:\/\/havamall.vn\/en\/wp-json\/wp\/v2\/media?parent=16752"}],"wp:term":[{"taxonomy":"product_brand","embeddable":true,"href":"https:\/\/havamall.vn\/en\/wp-json\/wp\/v2\/product_brand?post=16752"},{"taxonomy":"product_cat","embeddable":true,"href":"https:\/\/havamall.vn\/en\/wp-json\/wp\/v2\/product_cat?post=16752"},{"taxonomy":"product_tag","embeddable":true,"href":"https:\/\/havamall.vn\/en\/wp-json\/wp\/v2\/product_tag?post=16752"}],"curies":[{"name":"wp","href":"https:\/\/api.w.org\/{rel}","templated":true}]}}