{"id":16744,"date":"2020-10-08T16:30:58","date_gmt":"2020-10-08T09:30:58","guid":{"rendered":"https:\/\/havamall.vn\/?post_type=product&#038;p=16744"},"modified":"2023-07-06T09:05:40","modified_gmt":"2023-07-06T02:05:40","slug":"hat-tieu-hong-goi-90g-pink-peppercorn-1kg","status":"publish","type":"product","link":"https:\/\/havamall.vn\/en\/shop\/hat-tieu-hong-goi-90g-pink-peppercorn-1kg\/","title":{"rendered":"H\u1ea1t Ti\u00eau H\u1ed3ng Th\u01b0\u01a1ng Hi\u1ec7u Atlas G\u00f3i 90gr &#8211; Pink Peppercorn"},"content":{"rendered":"<p><strong>TH\u00d4NG TIN S\u1ea2N PH\u1ea8M<\/strong><\/p>\n<ul>\n<li>Xu\u1ea5t x\u1ee9: \u0110\u1ee9c<\/li>\n<li>Th\u00e0nh ph\u1ea7n: H\u01b0\u01a1ng li\u1ec7u t\u1ef1 nhi\u00ean 100%<\/li>\n<li>Kh\u1ed1i l\u01b0\u1ee3ng t\u1ecbnh: 100gr<\/li>\n<li>H\u01b0\u1edbng d\u1eabn s\u1eed d\u1ee5ng: D\u00f9ng \u0111\u1ec3 trang tr\u00ed m\u00f3n \u0103n.<\/li>\n<li>B\u1ea3o qu\u1ea3n: B\u1ea3o qu\u1ea3n n\u01a1i kh\u00f4 r\u00e1o, tho\u00e1ng m\u00e1t, tr\u00e1nh \u00e1nh n\u1eafng tr\u1ef1c ti\u1ebfp chi\u1ebfu v\u00e0o s\u1ea3n ph\u1ea9m.<\/li>\n<li>H\u1ea1n s\u1eed d\u1ee5ng: Xem tr\u00ean bao b\u00ec s\u1ea3n ph\u1ea9m<\/li>\n<\/ul>\n<p><img fetchpriority=\"high\" decoding=\"async\" class=\"size-full wp-image-16746 aligncenter\" src=\"https:\/\/havamall.vn\/wp-content\/uploads\/2020\/10\/giam_mo_thua_2015_deponline_4.jpg\" alt=\"\" width=\"550\" height=\"367\" srcset=\"https:\/\/havamall.vn\/wp-content\/uploads\/2020\/10\/giam_mo_thua_2015_deponline_4.jpg 550w, https:\/\/havamall.vn\/wp-content\/uploads\/2020\/10\/giam_mo_thua_2015_deponline_4-430x287.jpg 430w, https:\/\/havamall.vn\/wp-content\/uploads\/2020\/10\/giam_mo_thua_2015_deponline_4-150x100.jpg 150w, https:\/\/havamall.vn\/wp-content\/uploads\/2020\/10\/giam_mo_thua_2015_deponline_4-300x200.jpg 300w\" sizes=\"(max-width: 550px) 100vw, 550px\" \/><\/p>\n<p><strong>\u0110\u1eb6C \u0110I\u1ec2M TI\u00caU H\u1ed2NG\u00a0<\/strong><br \/>\n-Ti\u00eau h\u1ed3ng l\u00e0 c\u00e2y b\u1ee5i nh\u1ecf c\u00f3 t\u00ean khoa h\u1ecdc l\u00e0 Schinus terebinthifolius v\u00e0 t\u00ean th\u00f4ng th\u01b0\u1eddng ti\u1ebfng anh l\u00e0 Pink Pepper. Tuy c\u00f3 c\u00e1i t\u00ean ti\u1ebfng Vi\u1ec7t l\u00e0 h\u1ea1t ti\u00eau h\u1ed3ng nh\u01b0ng n\u00f3 kh\u00f4ng thu\u1ed9c c\u00e1c h\u1ecd nh\u00e0 c\u00e2y ti\u00eau.<\/p>\n<p>&#8211; C\u00e2y ti\u00eau h\u1ed3ng thu\u1ed9c v\u1ec1 h\u1ecd th\u1ef1c v\u1eadt m\u1ecdc ph\u1ed5 bi\u1ebfn \u1edf c\u00e1c \u1edf c\u00e1c v\u00f9ng nhi\u1ec7t \u0111\u1edbi v\u00e0 c\u1eadn nhi\u1ec7t \u0111\u1edbi c\u00f3 l\u01b0\u1ee3ng m\u01b0a cao, \u0111\u01b0\u1ee3c tr\u1ed3ng nhi\u1ec1u t\u1ea1i qu\u1ea7n \u0111\u1ea3o R\u00e9union (Ph\u00e1p) v\u00e0 c\u00f3 ngu\u1ed3n g\u1ed1c t\u1eeb Nam M\u1ef9. S\u1edf d\u0129 c\u00f3 t\u00ean g\u1ecdi l\u00e0 h\u1ea1t ti\u00eau h\u1ed3ng v\u00ec n\u00f3 c\u00f3 h\u01b0\u01a1ng v\u1ecb cay v\u00e0 v\u1ecf c\u00f3 m\u00e0u h\u1ed3ng.<\/p>\n<p>&#8211; H\u1ea1t ti\u00eau h\u1ed3ng c\u00f3 k\u00edch th\u01b0\u1edbc gi\u1ed1ng nh\u01b0 h\u1ea1t ti\u00eau \u0111en nh\u01b0ng n\u00f3 l\u00f5m h\u01a1n. N\u00f3 kh\u00f4ng r\u1eafn v\u00e0 c\u1eafn nh\u01b0 nh\u1eefng h\u1ea1t ti\u00eau \u0111en th\u00f4ng th\u01b0\u1eddng. Ch\u00ednh v\u00ec v\u1eady m\u00e0 h\u1ea1t ti\u00eau h\u1ed3ng d\u1ec5 b\u1ecb nhi\u1ec7t, n\u00ean nh\u1edb th\u00eam h\u1ea1t ti\u00eau v\u00e0o th\u1eddi gian cu\u1ed1i khi s\u1eed d\u1ee5ng nhi\u1ec7t \u0111\u1ed9 cao ho\u1eb7c th\u1eddi gian n\u1ea5u l\u00e2u, n\u1ebfu kh\u00f4ng ch\u00fang s\u1ebd m\u1ea5t h\u01b0\u01a1ng v\u1ecb.<\/p>\n<p><img decoding=\"async\" class=\"wp-image-16747 aligncenter\" src=\"https:\/\/havamall.vn\/wp-content\/uploads\/2020\/10\/pink-peppercorns.jpg\" alt=\"\" width=\"635\" height=\"423\" srcset=\"https:\/\/havamall.vn\/wp-content\/uploads\/2020\/10\/pink-peppercorns.jpg 1000w, https:\/\/havamall.vn\/wp-content\/uploads\/2020\/10\/pink-peppercorns-430x287.jpg 430w, https:\/\/havamall.vn\/wp-content\/uploads\/2020\/10\/pink-peppercorns-150x100.jpg 150w, https:\/\/havamall.vn\/wp-content\/uploads\/2020\/10\/pink-peppercorns-700x467.jpg 700w, https:\/\/havamall.vn\/wp-content\/uploads\/2020\/10\/pink-peppercorns-300x200.jpg 300w, https:\/\/havamall.vn\/wp-content\/uploads\/2020\/10\/pink-peppercorns-768x512.jpg 768w, https:\/\/havamall.vn\/wp-content\/uploads\/2020\/10\/pink-peppercorns-600x400.jpg 600w\" sizes=\"(max-width: 635px) 100vw, 635px\" \/><\/p>\n<p>&#8211; H\u1ea1t ti\u00eau h\u1ed3ng \u0111\u01b0\u1ee3c l\u00e0m t\u1eeb 100% nguy\u00ean li\u1ec7u t\u1ef1 nhi\u00ean,\u00a0kh\u00f4ng l\u1eabn t\u1ea1p ch\u1ea5t, kh\u00f4ng ch\u1ea5t b\u1ea3o qu\u1ea3n, kh\u00f4ng ch\u1ea5t t\u1ea1o m\u00e0u v\u00e0 kh\u00f4ng ch\u1ea5t t\u1ea1o m\u00f9i n\u00ean r\u1ea5t an to\u00e0n cho ng\u01b0\u1eddi s\u1eed d\u1ee5ng.<\/p>\n<p><strong>C\u00d4NG D\u1ee4NG C\u1ee6A H\u1ea0T TI\u00caU H\u1ed2NG<\/strong><\/p>\n<p><em>&#8211; Trong \u1ea9m th\u1ef1c:\u00a0<\/em>H\u1ea1t ti\u00eau h\u1ed3ng th\u01b0\u1eddng \u0111\u01b0\u1ee3c s\u1eed d\u1ee5ng \u0111\u1ec3 trang tr\u00ed m\u00f3n \u0103n, \u00edt \u0111\u01b0\u1ee3c s\u1eed d\u1ee5ng l\u00e0m gia v\u1ecb v\u00ec \u0111\u1ed9 cay v\u00e0 th\u01a1m \u00edt h\u01a1n nh\u1eefng lo\u1ea1i ti\u00eau \u0111en th\u00f4ng th\u01b0\u1eddng kh\u00e1c. Ti\u00eau h\u1ed3ng ch\u1ee7 y\u1ebfu \u0111\u01b0\u1ee3c trang tr\u00ed cho c\u00e1c m\u00f3n \u0103n v\u00ec m\u00e0u s\u1eafc \u0111\u1eb9p v\u1ed1n c\u00f3 c\u1ee7a n\u00f3.<\/p>\n<p><img decoding=\"async\" class=\"wp-image-16745 aligncenter\" src=\"https:\/\/havamall.vn\/wp-content\/uploads\/2020\/10\/ti\u00eau-h\u1ed3ng-1-819x1024.jpeg\" alt=\"\" width=\"481\" height=\"601\" srcset=\"https:\/\/havamall.vn\/wp-content\/uploads\/2020\/10\/ti\u00eau-h\u1ed3ng-1-819x1024.jpeg 819w, https:\/\/havamall.vn\/wp-content\/uploads\/2020\/10\/ti\u00eau-h\u1ed3ng-1-430x538.jpeg 430w, https:\/\/havamall.vn\/wp-content\/uploads\/2020\/10\/ti\u00eau-h\u1ed3ng-1-150x188.jpeg 150w, https:\/\/havamall.vn\/wp-content\/uploads\/2020\/10\/ti\u00eau-h\u1ed3ng-1-700x876.jpeg 700w, https:\/\/havamall.vn\/wp-content\/uploads\/2020\/10\/ti\u00eau-h\u1ed3ng-1-240x300.jpeg 240w, https:\/\/havamall.vn\/wp-content\/uploads\/2020\/10\/ti\u00eau-h\u1ed3ng-1-768x961.jpeg 768w, https:\/\/havamall.vn\/wp-content\/uploads\/2020\/10\/ti\u00eau-h\u1ed3ng-1.jpeg 1200w, https:\/\/havamall.vn\/wp-content\/uploads\/2020\/10\/ti\u00eau-h\u1ed3ng-1-600x751.jpeg 600w\" sizes=\"(max-width: 481px) 100vw, 481px\" \/><\/p>\n<p>&nbsp;<\/p>\n<p><em>&#8211; L\u1ee3i \u00edch v\u1ec1 s\u1ee9c kh\u1ecfe:\u00a0<\/em>H\u1ea1t ti\u00eau h\u1ed3ng c\u00f3 t\u00e1c d\u1ee5ng k\u00edch th\u00edch l\u1ee3i ti\u1ec3u, nhu\u1eadn tr\u00e0ng. Ngo\u00e0i ra, h\u1ea1t ti\u00eau h\u1ed3ng c\u00f2n c\u00f3 th\u1ec3 \u0111\u01b0\u1ee3c s\u1eed d\u1ee5ng \u0111\u1ec3 \u0111i\u1ec1u tr\u1ecb tri\u1ec7u ch\u1ee9ng c\u1ee7a c\u00e1c b\u1ec7nh c\u00fam, c\u1ea3m l\u1ea1nh, ho ho\u1eb7c vi\u00eam ph\u1ebf qu\u1ea3n.<\/p>\n<p><em>&#8211; L\u1ee3i \u00edch trong vi\u1ec7c gi\u1ea3m c\u00e2n:\u00a0<\/em>Theo nh\u01b0 nghi\u00ean c\u1ee9u c\u1ee7a c\u00e1c nh\u00e0 khoa h\u1ecdc, h\u1ea1t ti\u00eau h\u1ed3ng \u0111\u00e3 \u0111\u01b0\u1ee3c ch\u1ee9ng minh c\u00f3 kh\u1ea3 n\u0103ng \u0111\u00e1nh tan l\u01b0\u1ee3ng m\u1ee1 th\u1eeba trong c\u01a1 th\u1ec3, \u0111\u1ea9y nhanh qu\u00e1 tr\u00ecnh chuy\u1ec3n h\u00f3a m\u1ee1 th\u1eeba th\u00e0nh n\u0103ng l\u01b0\u1ee3ng. Nh\u1edd \u0111\u00f3 m\u00e0 c\u00e1c v\u00f9ng da nh\u01b0 eo, b\u1ee5ng d\u01b0\u1edbi, m\u00f4ng \u0111\u00f9i, c\u00e1nh tay s\u1ebd tr\u1edf n\u00ean thon g\u1ecdn v\u00e0 s\u0103n ch\u1eafc. V\u00ec v\u1eady, vi\u1ec7c s\u1eed d\u1ee5ng c\u00e1c s\u1ea3n ph\u1ea9m c\u00f3 tinh ch\u1ea5t h\u1ea1t ti\u00eau h\u1ed3ng s\u1ebd gi\u00fap gi\u1ea3m c\u00e2n nhanh ch\u00f3ng.<\/p>\n<p>H\u00e3y l\u1ef1a ch\u1ecdn <strong>Havamall<\/strong> l\u00e0m n\u01a1i mua s\u1eafm uy t\u00edn cho b\u1ea3n th\u00e2n v\u00e0 gia \u0111\u00ecnh m\u00ecnh nh\u00e9.<\/p>","protected":false},"excerpt":{"rendered":"<ul>\n<li><em>\u00a0<\/em>H\u1ea1t ti\u00eau h\u1ed3ng c\u00f3 k\u00edch th\u01b0\u1edbc gi\u1ed1ng nh\u01b0 h\u1ea1t ti\u00eau \u0111en nh\u01b0ng n\u00f3 l\u00f5m h\u01a1n. N\u00f3 kh\u00f4ng r\u1eafn v\u00e0 c\u1eafn nh\u01b0 nh\u1eefng h\u1ea1t ti\u00eau \u0111en th\u00f4ng th\u01b0\u1eddng. Ch\u00ednh v\u00ec v\u1eady m\u00e0 h\u1ea1t ti\u00eau h\u1ed3ng d\u1ec5 b\u1ecb nhi\u1ec7t, n\u00ean nh\u1edb th\u00eam h\u1ea1t ti\u00eau v\u00e0o th\u1eddi gian cu\u1ed1i khi s\u1eed d\u1ee5ng nhi\u1ec7t \u0111\u1ed9 cao ho\u1eb7c th\u1eddi gian n\u1ea5u l\u00e2u, n\u1ebfu kh\u00f4ng ch\u00fang s\u1ebd m\u1ea5t h\u01b0\u01a1ng v\u1ecb.<\/li>\n<li>H\u1ea1t ti\u00eau h\u1ed3ng th\u01b0\u1eddng \u0111\u01b0\u1ee3c s\u1eed d\u1ee5ng \u0111\u1ec3 trang tr\u00ed m\u00f3n \u0103n, \u00edt \u0111\u01b0\u1ee3c s\u1eed d\u1ee5ng l\u00e0m gia v\u1ecb v\u00ec \u0111\u1ed9 cay v\u00e0 th\u01a1m \u00edt h\u01a1n nh\u1eefng lo\u1ea1i ti\u00eau \u0111en th\u00f4ng th\u01b0\u1eddng kh\u00e1c. Ti\u00eau h\u1ed3ng ch\u1ee7 y\u1ebfu \u0111\u01b0\u1ee3c trang tr\u00ed cho c\u00e1c m\u00f3n \u0103n v\u00ec m\u00e0u s\u1eafc \u0111\u1eb9p v\u1ed1n c\u00f3 c\u1ee7a n\u00f3.<\/li>\n<\/ul>","protected":false},"featured_media":16749,"comment_status":"open","ping_status":"closed","template":"","meta":[],"product_brand":[],"product_cat":[595,40,154,36,134],"product_tag":[],"class_list":{"0":"post-16744","1":"product","2":"type-product","3":"status-publish","4":"has-post-thumbnail","6":"product_cat-gia-vi-va-che-bien","7":"product_cat-sieuthi-giasi","8":"product_cat-gia-vi","9":"product_cat-thuc-pham-tieu-dung","10":"product_cat-thucpham-saykho","11":"pa_brand-atlas","13":"first","14":"instock","15":"sale","16":"shipping-taxable","17":"purchasable","18":"product-type-simple"},"_links":{"self":[{"href":"https:\/\/havamall.vn\/en\/wp-json\/wp\/v2\/product\/16744"}],"collection":[{"href":"https:\/\/havamall.vn\/en\/wp-json\/wp\/v2\/product"}],"about":[{"href":"https:\/\/havamall.vn\/en\/wp-json\/wp\/v2\/types\/product"}],"replies":[{"embeddable":true,"href":"https:\/\/havamall.vn\/en\/wp-json\/wp\/v2\/comments?post=16744"}],"version-history":[{"count":0,"href":"https:\/\/havamall.vn\/en\/wp-json\/wp\/v2\/product\/16744\/revisions"}],"wp:featuredmedia":[{"embeddable":true,"href":"https:\/\/havamall.vn\/en\/wp-json\/wp\/v2\/media\/16749"}],"wp:attachment":[{"href":"https:\/\/havamall.vn\/en\/wp-json\/wp\/v2\/media?parent=16744"}],"wp:term":[{"taxonomy":"product_brand","embeddable":true,"href":"https:\/\/havamall.vn\/en\/wp-json\/wp\/v2\/product_brand?post=16744"},{"taxonomy":"product_cat","embeddable":true,"href":"https:\/\/havamall.vn\/en\/wp-json\/wp\/v2\/product_cat?post=16744"},{"taxonomy":"product_tag","embeddable":true,"href":"https:\/\/havamall.vn\/en\/wp-json\/wp\/v2\/product_tag?post=16744"}],"curies":[{"name":"wp","href":"https:\/\/api.w.org\/{rel}","templated":true}]}}