{"id":16725,"date":"2020-10-08T15:40:40","date_gmt":"2020-10-08T08:40:40","guid":{"rendered":"https:\/\/havamall.vn\/?post_type=product&#038;p=16725"},"modified":"2023-06-09T10:39:20","modified_gmt":"2023-06-09T03:39:20","slug":"tieu-bot-jamaica-goi-1kg-allspice-ground-1kg","status":"publish","type":"product","link":"https:\/\/havamall.vn\/en\/shop\/tieu-bot-jamaica-goi-1kg-allspice-ground-1kg\/","title":{"rendered":"Ti\u00eau B\u1ed9t Jamaica Th\u01b0\u01a1ng Hi\u1ec7u Atlas G\u00f3i 500g &#8211; Allspice Ground"},"content":{"rendered":"<p>Ti\u00eau Jamaica l\u00e0 m\u1ed9t lo\u1ea1i c\u00e2y m\u1ecdc \u1edf Trung M\u1ef9, Mexico v\u00e0 khu v\u1ef1c T\u00e2y \u1ea4n. Ng\u01b0\u1eddi ta d\u00f9ng qu\u1ea3 ch\u01b0a ch\u00edn v\u00e0 l\u00e1 c\u00e2y ti\u00eau Jamaica \u0111\u1ec3 l\u00e0m thu\u1ed1c.<\/p>\n<p>Ti\u00eau\u00a0Jamaica l\u00e0 m\u1ed9t trong nh\u1eefng nguy\u00ean li\u1ec7u r\u1ea5t quan tr\u1ecdng v\u1edbi nhi\u1ec1u n\u1ec1n \u1ea9m th\u1ef1c. T\u1eeb Ch\u00e2u \u00c2u sang tr\u1ecdng cho t\u1edbi Trung \u0110\u00f4ng \u1ea4n \u0110\u1ed9 huy\u1ec1n b\u00ed, cho t\u1edbi Caribe nhi\u1ec1u h\u01b0\u01a1ng li\u1ec7u v\u00e0 m\u00f9i v\u1ecb.<\/p>\n<p><img fetchpriority=\"high\" decoding=\"async\" class=\"wp-image-16733 aligncenter\" src=\"https:\/\/havamall.vn\/wp-content\/uploads\/2020\/10\/ti\u00eau-\u0111.jpg\" alt=\"\" width=\"532\" height=\"532\" srcset=\"https:\/\/havamall.vn\/wp-content\/uploads\/2020\/10\/ti\u00eau-\u0111.jpg 900w, https:\/\/havamall.vn\/wp-content\/uploads\/2020\/10\/ti\u00eau-\u0111-430x430.jpg 430w, https:\/\/havamall.vn\/wp-content\/uploads\/2020\/10\/ti\u00eau-\u0111-150x150.jpg 150w, https:\/\/havamall.vn\/wp-content\/uploads\/2020\/10\/ti\u00eau-\u0111-700x700.jpg 700w, https:\/\/havamall.vn\/wp-content\/uploads\/2020\/10\/ti\u00eau-\u0111-300x300.jpg 300w, https:\/\/havamall.vn\/wp-content\/uploads\/2020\/10\/ti\u00eau-\u0111-768x768.jpg 768w, https:\/\/havamall.vn\/wp-content\/uploads\/2020\/10\/ti\u00eau-\u0111-600x600.jpg 600w, https:\/\/havamall.vn\/wp-content\/uploads\/2020\/10\/ti\u00eau-\u0111-100x100.jpg 100w\" sizes=\"(max-width: 532px) 100vw, 532px\" \/><\/p>\n<p>&nbsp;<\/p>\n<p>B\u1ed9t ti\u00eau Jamaica \u0111\u01b0\u1ee3c l\u00e0m t\u1eeb 100% h\u1ea1t ti\u00eau nguy\u00ean ch\u1ea5t, kh\u00f4ng l\u1eabn t\u1ea1p ch\u1ea5t, kh\u00f4ng ch\u1ea5t b\u1ea3o qu\u1ea3n, kh\u00f4ng ch\u1ea5t t\u1ea1o m\u00e0u v\u00e0 kh\u00f4ng ch\u1ea5t t\u1ea1o m\u00f9i n\u00ean r\u1ea5t an to\u00e0n cho ng\u01b0\u1eddi s\u1eed d\u1ee5ng.<\/p>\n<p>C\u00d4NG D\u1ee4NG C\u1ee6A TI\u00caU JAMAICA<\/p>\n<p>&#8211; Trong \u1ea9m th\u1ef1c, ti\u00eau Jamaica th\u01b0\u1eddng \u0111\u01b0\u1ee3c d\u00f9ng \u0111\u1ec3 l\u00e0m gia v\u1ecb b\u1edfi m\u00f9i h\u01b0\u01a1ng v\u00e0 v\u1ecb cay v\u1ed1n c\u00f3 c\u1ee7a n\u00f3, gi\u00fap m\u00f3n \u0103n tr\u1edf n\u00ean th\u01a1m ngon v\u00e0 h\u1ea5p d\u1eabn h\u01a1n.<\/p>\n<p><img decoding=\"async\" class=\"wp-image-16732 aligncenter\" src=\"https:\/\/havamall.vn\/wp-content\/uploads\/2020\/10\/ti\u00eau-ja-1024x683.jpeg\" alt=\"\" width=\"620\" height=\"413\" srcset=\"https:\/\/havamall.vn\/wp-content\/uploads\/2020\/10\/ti\u00eau-ja-1024x683.jpeg 1024w, https:\/\/havamall.vn\/wp-content\/uploads\/2020\/10\/ti\u00eau-ja-430x287.jpeg 430w, https:\/\/havamall.vn\/wp-content\/uploads\/2020\/10\/ti\u00eau-ja-150x100.jpeg 150w, https:\/\/havamall.vn\/wp-content\/uploads\/2020\/10\/ti\u00eau-ja-700x467.jpeg 700w, https:\/\/havamall.vn\/wp-content\/uploads\/2020\/10\/ti\u00eau-ja-300x200.jpeg 300w, https:\/\/havamall.vn\/wp-content\/uploads\/2020\/10\/ti\u00eau-ja-768x512.jpeg 768w, https:\/\/havamall.vn\/wp-content\/uploads\/2020\/10\/ti\u00eau-ja.jpeg 1200w, https:\/\/havamall.vn\/wp-content\/uploads\/2020\/10\/ti\u00eau-ja-600x400.jpeg 600w\" sizes=\"(max-width: 620px) 100vw, 620px\" \/><\/p>\n<p>&#8211; Trong c\u00f4ng nghi\u1ec7p, ti\u00eau Jamaica \u0111\u01b0\u1ee3c d\u00f9ng \u0111\u1ec3 l\u00e0m v\u1ecb cho kem \u0111\u00e1nh r\u0103ng.<\/p>\n<p>&#8211; Ngo\u00e0i ra, ti\u00eau Jamaica \u0111\u01b0\u1ee3c d\u00f9ng \u0111\u1ec3 tr\u1ecb b\u1ec7nh kh\u00f3 ti\u00eau, \u0111\u1ea7y h\u01a1i, \u0111au c\u01a1 v\u00e0 \u0111au r\u0103ng. \u0110\u1ed3ng th\u1eddi d\u00f9ng \u0111\u1ec3 ch\u1eefa s\u1ed1t v\u00e0 c\u1ea3m l\u1ea1nh.<\/p>\n<p><img decoding=\"async\" class=\"wp-image-16985 aligncenter\" src=\"https:\/\/havamall.vn\/wp-content\/uploads\/2020\/10\/ti\u00eau-3.jpg\" alt=\"\" width=\"612\" height=\"380\" srcset=\"https:\/\/havamall.vn\/wp-content\/uploads\/2020\/10\/ti\u00eau-3.jpg 660w, https:\/\/havamall.vn\/wp-content\/uploads\/2020\/10\/ti\u00eau-3-430x267.jpg 430w, https:\/\/havamall.vn\/wp-content\/uploads\/2020\/10\/ti\u00eau-3-150x93.jpg 150w, https:\/\/havamall.vn\/wp-content\/uploads\/2020\/10\/ti\u00eau-3-300x186.jpg 300w, https:\/\/havamall.vn\/wp-content\/uploads\/2020\/10\/ti\u00eau-3-600x373.jpg 600w\" sizes=\"(max-width: 612px) 100vw, 612px\" \/><\/p>\n<p>TH\u00d4NG TIN S\u1ea2N PH\u1ea8M<\/p>\n<ul>\n<li>Xu\u1ea5t x\u1ee9: \u0110\u1ee9c<\/li>\n<li>C\u00e1ch s\u1eed d\u1ee5ng: D\u00f9ng ti\u00eau jamaica \u0111\u1ec3 th\u00eam v\u00e0o m\u00f3n \u0103n h\u00e0ng ng\u00e0y.<\/li>\n<li>Th\u00e0nh ph\u1ea7n: L\u00e0m t\u1eeb 100% ti\u00eau jamaica<\/li>\n<li>Kh\u1ed1i l\u01b0\u1ee3ng t\u1ecbnh: 500g<\/li>\n<li>H\u01b0\u1edbng d\u1eabn s\u1eed d\u1ee5ng: D\u00f9ng l\u00e0m gia v\u1ecb ch\u1ebf bi\u1ebfn m\u00f3n \u0103n<\/li>\n<li>B\u1ea3o qu\u1ea3n: B\u1ea3o qu\u1ea3n n\u01a1i kh\u00f4 r\u00e1o, tho\u00e1ng m\u00e1t, tr\u00e1nh \u00e1nh n\u1eafng tr\u1ef1c ti\u1ebfp chi\u1ebfu v\u00e0o s\u1ea3n ph\u1ea9m. Sau khi s\u1eed d\u1ee5ng s\u1ea3n ph\u1ea9m c\u00f2n d\u01b0 n\u00ean tr\u1eef trong h\u1ee7 k\u00edn c\u00f3 n\u1eafp \u0111\u1eady.<\/li>\n<li>H\u1ea1n s\u1eed d\u1ee5ng: Xem tr\u00ean bao b\u00ec s\u1ea3n ph\u1ea9m<\/li>\n<\/ul>","protected":false},"excerpt":{"rendered":"<ul>\n<li>Ti\u00eau\u00a0Jamaica l\u00e0 m\u1ed9t trong nh\u1eefng nguy\u00ean li\u1ec7u r\u1ea5t quan tr\u1ecdng v\u1edbi nhi\u1ec1u n\u1ec1n \u1ea9m th\u1ef1c. T\u1eeb Ch\u00e2u \u00c2u sang tr\u1ecdng cho t\u1edbi Trung \u0110\u00f4ng \u1ea4n \u0110\u1ed9 huy\u1ec1n b\u00ed, cho t\u1edbi Caribe nhi\u1ec1u h\u01b0\u01a1ng li\u1ec7u v\u00e0 m\u00f9i v\u1ecb.<\/li>\n<li>B\u1ed9t ti\u00eau Jamaica \u0111\u01b0\u1ee3c l\u00e0m t\u1eeb 100% h\u1ea1t ti\u00eau nguy\u00ean ch\u1ea5t, kh\u00f4ng l\u1eabn t\u1ea1p ch\u1ea5t, kh\u00f4ng ch\u1ea5t b\u1ea3o qu\u1ea3n, kh\u00f4ng ch\u1ea5t t\u1ea1o m\u00e0u v\u00e0 kh\u00f4ng ch\u1ea5t t\u1ea1o m\u00f9i n\u00ean r\u1ea5t an to\u00e0n cho ng\u01b0\u1eddi s\u1eed d\u1ee5ng.<\/li>\n<\/ul>","protected":false},"featured_media":16737,"comment_status":"open","ping_status":"closed","template":"","meta":[],"product_brand":[],"product_cat":[595,40,154,36,134],"product_tag":[],"class_list":{"0":"post-16725","1":"product","2":"type-product","3":"status-publish","4":"has-post-thumbnail","6":"product_cat-gia-vi-va-che-bien","7":"product_cat-sieuthi-giasi","8":"product_cat-gia-vi","9":"product_cat-thuc-pham-tieu-dung","10":"product_cat-thucpham-saykho","11":"pa_brand-atlas","13":"first","14":"instock","15":"sale","16":"shipping-taxable","17":"purchasable","18":"product-type-simple"},"_links":{"self":[{"href":"https:\/\/havamall.vn\/en\/wp-json\/wp\/v2\/product\/16725"}],"collection":[{"href":"https:\/\/havamall.vn\/en\/wp-json\/wp\/v2\/product"}],"about":[{"href":"https:\/\/havamall.vn\/en\/wp-json\/wp\/v2\/types\/product"}],"replies":[{"embeddable":true,"href":"https:\/\/havamall.vn\/en\/wp-json\/wp\/v2\/comments?post=16725"}],"version-history":[{"count":0,"href":"https:\/\/havamall.vn\/en\/wp-json\/wp\/v2\/product\/16725\/revisions"}],"wp:featuredmedia":[{"embeddable":true,"href":"https:\/\/havamall.vn\/en\/wp-json\/wp\/v2\/media\/16737"}],"wp:attachment":[{"href":"https:\/\/havamall.vn\/en\/wp-json\/wp\/v2\/media?parent=16725"}],"wp:term":[{"taxonomy":"product_brand","embeddable":true,"href":"https:\/\/havamall.vn\/en\/wp-json\/wp\/v2\/product_brand?post=16725"},{"taxonomy":"product_cat","embeddable":true,"href":"https:\/\/havamall.vn\/en\/wp-json\/wp\/v2\/product_cat?post=16725"},{"taxonomy":"product_tag","embeddable":true,"href":"https:\/\/havamall.vn\/en\/wp-json\/wp\/v2\/product_tag?post=16725"}],"curies":[{"name":"wp","href":"https:\/\/api.w.org\/{rel}","templated":true}]}}