{"id":16720,"date":"2020-10-08T14:39:14","date_gmt":"2020-10-08T07:39:14","guid":{"rendered":"https:\/\/havamall.vn\/?post_type=product&#038;p=16720"},"modified":"2025-08-15T16:31:49","modified_gmt":"2025-08-15T09:31:49","slug":"bot-ngo-goi-1kg-coriander-ground-1kg","status":"publish","type":"product","link":"https:\/\/havamall.vn\/en\/shop\/bot-ngo-goi-1kg-coriander-ground-1kg\/","title":{"rendered":"B\u1ed9t Ng\u00f2 Th\u01b0\u01a1ng Hi\u1ec7u Atlas G\u00f3i 500g &#8211; Coriander Ground"},"content":{"rendered":"<p><strong>\u0110\u1eb6C \u0110I\u1ec2M C\u1ee6A B\u1ed8T NG\u00d2<\/strong><\/p>\n<p>&#8211; B\u1ed9t ng\u00f2 hay c\u00f2n g\u1ecdi l\u00e0 b\u1ed9t rau m\u00f9i, b\u1ed9t ng\u00f2 r\u00ed l\u00e0 lo\u1ea1i b\u1ed9t \u0111\u01b0\u1ee3c l\u00e0m b\u1eb1ng c\u00e1ch xay nhuy\u1ec5n h\u1ea1t rau m\u00f9i (ng\u00f2 r\u00ed) kh\u00f4.<\/p>\n<p>&#8211; B\u1ed9t ng\u00f2, b\u1ed9t rau m\u00f9i, b\u1ed9t ng\u00f2 r\u00ed th\u01b0\u1eddng \u0111\u01b0\u1ee3c c\u00e1c nh\u00e0 n\u1ed9i tr\u1ee3 s\u1eed d\u1ee5ng l\u00e0m nguy\u00ean li\u1ec7u n\u00eam n\u1ebfm, c\u0169ng nh\u01b0 s\u1eed d\u1ee5ng l\u00e0 m\u1ed9t th\u00e0nh ph\u1ea7n kh\u00f4ng th\u1ec3 thi\u1ebfu \u0111\u01b0\u1ee3c khi l\u00e0m m\u00f3n ph\u1edf.<\/p>\n<p>&#8211; B\u1ed9t ng\u00f2 kh\u00f4 \u0111\u01b0\u1ee3c s\u1eed d\u1ee5ng r\u1ed9ng r\u00e3i trong nhi\u1ec1u m\u00f3n \u0103n, n\u00f3 kh\u00f4ng ch\u1ec9 l\u00e0m cho m\u00f3n \u0103n ngon, m\u00e0 c\u00f2n cung c\u1ea5p nhi\u1ec1u lo\u1ea1i vitamin v\u00e0 kho\u00e1ng ch\u1ea5t.<\/p>\n<p><img fetchpriority=\"high\" decoding=\"async\" class=\"aligncenter\" src=\"https:\/\/havamall.com\/wp-content\/uploads\/2025\/08\/201909160408411568606921b7f20876973a0210ebea22cfdd3b7304.jpg\" alt=\"Buy quality African made Coriander Powder from Viet Delta on TOFA ...\" width=\"542\" height=\"542\" \/><\/p>\n<p>&#8211; B\u1ed9t ng\u00f2 \u0111\u01b0\u1ee3c nghi\u1ec1n t\u1eeb h\u1ea1t ng\u00f2 sau khi \u0111\u01b0\u1ee3c ch\u1ecdn l\u1ecdc, s\u1ea5y kh\u00f4 v\u00e0 nghi\u1ec1n b\u1eb1ng c\u00f4ng ngh\u1ec7 hi\u1ec7n \u0111\u1ea1i. S\u1ea3n ph\u1ea9m \u0111\u01b0\u1ee3c ki\u1ec3m tra ch\u1ea5t l\u01b0\u1ee3ng nghi\u00eam ng\u1eb7t c\u1ea3 b\u00ean n\u01b0\u1edbc nh\u1eadp kh\u1ea9u v\u00e0 n\u01b0\u1edbc xu\u1ea5t kh\u1ea9u. Do \u0111\u00f3, b\u1ed9t ng\u00f2 r\u1ea5t an to\u00e0n cho ng\u01b0\u1eddi s\u1eed d\u1ee5ng.<\/p>\n<p><strong>T\u00c1C D\u1ee4NG C\u1ee6A B\u1ed8T NG\u00d2<\/strong><\/p>\n<p>&#8211; D\u00f9ng l\u00e0m gia v\u1ecb n\u1ea5u \u0103n:\u00a0\u0110\u00e2y l\u00e0 m\u1ed9t gia v\u1ecb kh\u00e1 quen thu\u1ed9c trong c\u00e1c gian b\u1ebfp. Kh\u00f4ng nh\u1eefng l\u00e0m cho s\u1ea3n ph\u1ea9m th\u00eam m\u00f9i v\u1ecb h\u1ea5p d\u1eabn m\u00e0 n\u00f3 c\u00f2n r\u1ea5t t\u1ed1t cho s\u1ee9c kh\u1ecfe. B\u1ed9t Coriander gi\u00fap k\u00edch th\u00edch ti\u00eau h\u00f3a, long \u0111\u1eddm, gi\u1ea3i nhi\u1ec7t, ch\u1eefa r\u00f4m, x\u1ea3y, m\u1ee5n nh\u1ecdt,&#8230; Ngo\u00e0i ra, c\u00e1c d\u01b0\u1ee1ng ch\u1ea5t c\u00f3 trong b\u1ed9t Coriander gi\u00fap tr\u00e1i tim kh\u1ecfe m\u1ea1nh, t\u0103ng c\u01b0\u1eddng tr\u00ed nh\u1edb.<\/p>\n<p>&#8211;\u00a0Ngo\u00e0i vi\u1ec7c d\u00f9ng b\u1ed9t ng\u00f2 l\u00e0m gia v\u1ecb th\u00ec c\u00f2n \u0111\u01b0\u1ee3c s\u1eed d\u1ee5ng \u0111\u1ec3 \u0111i\u1ec1u tr\u1ecb c\u00e1c b\u1ec7nh kh\u1edbp, nhi\u1ec5m tr\u00f9ng, k\u00edch th\u00edch ti\u00eau h\u00f3a r\u1ea5t t\u1ed1t.<\/p>\n<p><img decoding=\"async\" class=\"aligncenter\" src=\"https:\/\/havamall.com\/wp-content\/uploads\/2025\/08\/coriander-powder-concept.jpg\" alt=\"Vinayak Foods Group | CJH | Coriander powder\" width=\"585\" height=\"293\" \/><\/p>\n<p><strong>TH\u00d4NG TIN S\u1ea2N PH\u1ea8M<\/strong><\/p>\n<ul>\n<li>C\u00e1ch s\u1eed d\u1ee5ng:\u00a0D\u00f9ng b\u1ed9t ng\u00f2 kh\u00f4 \u0111\u1ec3 th\u00eam v\u00e0o m\u00f3n \u0103n h\u00e0ng ng\u00e0y.<\/li>\n<li>Th\u00e0nh\u00a0ph\u1ea7n: L\u00e0m t\u1eeb h\u1ea1t ng\u00f2 kh\u00f4 100%<\/li>\n<li>Kh\u1ed1i l\u01b0\u1ee3ng t\u1ecbnh: 500g<\/li>\n<li>C\u00f4ng d\u1ee5ng: Gi\u00fap t\u0103ng m\u00f9i v\u1ecb h\u1ea5p d\u1eabn cho m\u00f3n \u0103n. C\u00f3 t\u00e1c d\u1ee5ng t\u1ed1t cho s\u1ee9c kh\u1ecfe: gi\u00fap ti\u00eau h\u00f3a t\u1ed1t, l\u00e0m gi\u1ea3m \u0111au kh\u01a1\u0301p v\u00e0 c\u01a1, gi\u00fap c\u01a1 th\u1ec3 th\u1ea3i \u0111\u1ed9c, h\u1ed7 tr\u1ee3 gi\u1ea3m c\u00e2n.<\/li>\n<li>H\u01b0\u1edbng d\u1eabn s\u1eed d\u1ee5ng: D\u00f9ng l\u00e0m gia v\u1ecb ch\u1ebf bi\u1ebfn m\u00f3n \u0103n. Th\u00eam h\u01b0\u01a1ng v\u1ecb cho nhi\u1ec1u m\u00f3n \u0103n, bao g\u1ed3m n\u01b0\u1edbc s\u1ed1t, m\u00f3n x\u00e0o, s\u00fap v\u00e0 n\u01b0\u1edbc ch\u1ea5m.<\/li>\n<li>B\u1ea3o qu\u1ea3n:\u00a0B\u1ea3o qu\u1ea3n n\u01a1i kh\u00f4 r\u00e1o, tho\u00e1ng m\u00e1t, tr\u00e1nh \u00e1nh n\u1eafng tr\u1ef1c ti\u1ebfp chi\u1ebfu v\u00e0o s\u1ea3n ph\u1ea9m. Sau khi s\u1eed d\u1ee5ng s\u1ea3n ph\u1ea9m c\u00f2n d\u01b0 n\u00ean tr\u1eef trong h\u1ee7 k\u00edn c\u00f3 n\u1eafp \u0111\u1eady. N\u00ean s\u1eed d\u1ee5ng gia v\u1ecb tr\u01b0\u1edbc h\u1ea1n h\u1ebft h\u1ea1n. Kh\u00f4ng n\u00ean s\u1eed d\u1ee5ng n\u1ebfu t\u00fai \u0111\u00e3 b\u1ecb m\u1edf hay b\u1ecb r\u00e1ch.<\/li>\n<li>H\u1ea1n s\u1eed d\u1ee5ng:\u00a0Xem tr\u00ean bao b\u00ec s\u1ea3n ph\u1ea9m<\/li>\n<\/ul>\n<p><img decoding=\"async\" class=\"wp-image-16723 aligncenter\" src=\"https:\/\/havamall.com\/wp-content\/uploads\/2025\/08\/NGO.jpg\" alt=\"\" width=\"615\" height=\"355\" \/><\/p>\n<p><strong>KHUY\u1ebeN C\u00c1O V\u00c0 CH\u1ed0NG CH\u1ec8 \u0110\u1ecaNH<\/strong><\/p>\n<ul>\n<li>Kh\u00f4ng \u0103n c\u00f9ng n\u1ed9i t\u1ea1ng \u0111\u1ed9ng v\u1eadt<\/li>\n<li>Kh\u00f4ng d\u00f9ng qu\u00e1 nhi\u1ec1u h\u1ea1t ng\u00f2<\/li>\n<li>N\u00ean h\u1ea1n ch\u1ebf d\u00f9ng b\u1ed9t ng\u00f2 v\u1edbi ph\u1ee5 n\u1eef mang thai, ng\u01b0\u1eddi g\u1eb7p v\u1ea5n \u0111\u1ec1 v\u1ec1 h\u00f4 h\u1ea5p, ng\u01b0\u1eddi m\u1eafc b\u1ec7nh v\u1ec1 gan, d\u1ea1 d\u00e0y v\u00e0 nh\u1eefng ng\u01b0\u1eddi c\u00f3 c\u01a1 \u0111\u1ecba d\u1ec5 b\u1ecb d\u1ecb \u1ee9ng<\/li>\n<\/ul>","protected":false},"excerpt":{"rendered":"<ul>\n<li>B\u1ed9t ng\u00f2 \u0111\u01b0\u1ee3c nghi\u1ec1n t\u1eeb h\u1ea1t ng\u00f2 sau khi \u0111\u01b0\u1ee3c ch\u1ecdn l\u1ecdc, s\u1ea5y kh\u00f4 v\u00e0 nghi\u1ec1n b\u1eb1ng c\u00f4ng ngh\u1ec7 hi\u1ec7n \u0111\u1ea1i.<\/li>\n<li>B\u1ed9t ng\u00f2 gi\u00fap t\u0103ng m\u00f9i v\u1ecb h\u1ea5p d\u1eabn cho m\u00f3n \u0103n. C\u00f3 t\u00e1c d\u1ee5ng t\u1ed1t cho s\u1ee9c kh\u1ecfe: gi\u00fap ti\u00eau h\u00f3a t\u1ed1t, l\u00e0m gi\u1ea3m \u0111au kh\u01a1\u0301p v\u00e0 c\u01a1, gi\u00fap c\u01a1 th\u1ec3 th\u1ea3i \u0111\u1ed9c, h\u1ed7 tr\u1ee3 gi\u1ea3m c\u00e2n.<\/li>\n<li>S\u1ea3n ph\u1ea9m \u0111\u01b0\u1ee3c ki\u1ec3m tra ch\u1ea5t l\u01b0\u1ee3ng nghi\u00eam ng\u1eb7t c\u1ea3 b\u00ean n\u01b0\u1edbc nh\u1eadp kh\u1ea9u v\u00e0 n\u01b0\u1edbc xu\u1ea5t kh\u1ea9u. Do \u0111\u00f3, b\u1ed9t ng\u00f2 r\u1ea5t an to\u00e0n cho ng\u01b0\u1eddi s\u1eed d\u1ee5ng.<\/li>\n<\/ul>","protected":false},"featured_media":16724,"comment_status":"open","ping_status":"closed","template":"","meta":[],"product_brand":[],"product_cat":[595,40,154,36,134],"product_tag":[],"class_list":{"0":"post-16720","1":"product","2":"type-product","3":"status-publish","4":"has-post-thumbnail","6":"product_cat-gia-vi-va-che-bien","7":"product_cat-sieuthi-giasi","8":"product_cat-gia-vi","9":"product_cat-thuc-pham-tieu-dung","10":"product_cat-thucpham-saykho","11":"pa_brand-atlas","13":"first","14":"outofstock","15":"sale","16":"shipping-taxable","17":"purchasable","18":"product-type-simple"},"_links":{"self":[{"href":"https:\/\/havamall.vn\/en\/wp-json\/wp\/v2\/product\/16720"}],"collection":[{"href":"https:\/\/havamall.vn\/en\/wp-json\/wp\/v2\/product"}],"about":[{"href":"https:\/\/havamall.vn\/en\/wp-json\/wp\/v2\/types\/product"}],"replies":[{"embeddable":true,"href":"https:\/\/havamall.vn\/en\/wp-json\/wp\/v2\/comments?post=16720"}],"version-history":[{"count":0,"href":"https:\/\/havamall.vn\/en\/wp-json\/wp\/v2\/product\/16720\/revisions"}],"wp:featuredmedia":[{"embeddable":true,"href":"https:\/\/havamall.vn\/en\/wp-json\/wp\/v2\/media\/16724"}],"wp:attachment":[{"href":"https:\/\/havamall.vn\/en\/wp-json\/wp\/v2\/media?parent=16720"}],"wp:term":[{"taxonomy":"product_brand","embeddable":true,"href":"https:\/\/havamall.vn\/en\/wp-json\/wp\/v2\/product_brand?post=16720"},{"taxonomy":"product_cat","embeddable":true,"href":"https:\/\/havamall.vn\/en\/wp-json\/wp\/v2\/product_cat?post=16720"},{"taxonomy":"product_tag","embeddable":true,"href":"https:\/\/havamall.vn\/en\/wp-json\/wp\/v2\/product_tag?post=16720"}],"curies":[{"name":"wp","href":"https:\/\/api.w.org\/{rel}","templated":true}]}}