{"id":16716,"date":"2020-10-08T14:04:19","date_gmt":"2020-10-08T07:04:19","guid":{"rendered":"https:\/\/havamall.vn\/?post_type=product&#038;p=16716"},"modified":"2022-03-07T16:06:12","modified_gmt":"2022-03-07T09:06:12","slug":"la-kinh-gioi-kho-xat-vun-goi-1kg-dried-oregano-1kg","status":"publish","type":"product","link":"https:\/\/havamall.vn\/en\/shop\/la-kinh-gioi-kho-xat-vun-goi-1kg-dried-oregano-1kg\/","title":{"rendered":"L\u00e1 Kinh Gi\u1edbi Kh\u00f4 Th\u01b0\u01a1ng Hi\u1ec7u Atlas G\u00f3i 500g &#8211; Dried Oregano"},"content":{"rendered":"<p><strong>TH\u00d4NG TIN S\u1ea2N PH\u1ea8M<\/strong><\/p>\n<ul>\n<li>Th\u01b0\u01a1ng hi\u1ec7u: Atlas<\/li>\n<li>Th\u00e0nh ph\u1ea7n: 100% l\u00e1 kinh gi\u1edbi s\u1ea5y kh\u00f4<\/li>\n<li>Quy c\u00e1ch \u0111\u00f3ng g\u00f3i: 500g<\/li>\n<li>H\u1ea1n s\u1eed d\u1ee5ng: Xem tr\u00ean bao b\u00ec s\u1ea3n ph\u1ea9m<\/li>\n<li>B\u1ea3o qu\u1ea3n: N\u01a1i tho\u00e1ng m\u00e1t, tr\u00e1nh \u00e1nh n\u1eafng tr\u1ef1c ti\u1ebfp, tho\u00e1ng m\u00e1t<\/li>\n<\/ul>\n<p><img decoding=\"async\" class=\"aligncenter\" src=\"https:\/\/havamall.vn\/wp-content\/uploads\/2020\/06\/oregano-la-la-gi-600x400.jpg\" alt=\"L\u00e1 Oregano L\u00e0 G\u00ec? C\u00f4ng D\u1ee5ng Tuy\u1ec7t V\u1eddi C\u1ee7a L\u00e1 Oregano\" \/><\/p>\n<p><strong>\u0110\u1eb6C \u0110I\u1ec2M L\u00c1 KINH GI\u1edaI (OREGANO)<\/strong><\/p>\n<p>&#8211; L\u00e1 kinh gi\u1edbi\u00a0(Oregano) l\u00e0 m\u1ed9t lo\u1ea1i c\u00e2y m\u1ecdc hoang \u1edf nh\u1eefng n\u01a1i kh\u00f4 r\u00e1o, n\u1eafng v\u00e0 c\u00f3 \u0111\u1ed9 cao 2000m so v\u1edbi m\u1ef1c n\u01b0\u1edbc bi\u1ec3n. C\u00e2y Oregano th\u01b0\u1eddng m\u1ecdc \u0111\u1ed1i x\u1ee9ng, l\u00e1 c\u00f3 m\u00e0u xanh v\u00e0 c\u00f3 r\u0103ng c\u01b0a. Th\u01b0\u1eddng d\u00f9ng l\u00e0m rau \u0103n k\u00e8m trong nhi\u1ec1u m\u00f3n \u0103n, ngo\u00e0i ra tinh d\u1ea7u c\u1ee7a l\u00e1 kinh gi\u1edbi \u0111\u01b0\u1ee3c chi\u1ebft xu\u1ea5t v\u00e0 d\u00f9ng l\u00e0m h\u01b0\u01a1ng li\u1ec7u trong massage.<\/p>\n<p><img fetchpriority=\"high\" decoding=\"async\" class=\"wp-image-16718 aligncenter\" src=\"https:\/\/havamall.vn\/wp-content\/uploads\/2020\/10\/l\u00e1-kg2.jpg\" alt=\"\" width=\"573\" height=\"381\" srcset=\"https:\/\/havamall.vn\/wp-content\/uploads\/2020\/10\/l\u00e1-kg2.jpg 1000w, https:\/\/havamall.vn\/wp-content\/uploads\/2020\/10\/l\u00e1-kg2-430x286.jpg 430w, https:\/\/havamall.vn\/wp-content\/uploads\/2020\/10\/l\u00e1-kg2-150x100.jpg 150w, https:\/\/havamall.vn\/wp-content\/uploads\/2020\/10\/l\u00e1-kg2-700x466.jpg 700w, https:\/\/havamall.vn\/wp-content\/uploads\/2020\/10\/l\u00e1-kg2-300x200.jpg 300w, https:\/\/havamall.vn\/wp-content\/uploads\/2020\/10\/l\u00e1-kg2-768x511.jpg 768w, https:\/\/havamall.vn\/wp-content\/uploads\/2020\/10\/l\u00e1-kg2-600x400.jpg 600w\" sizes=\"(max-width: 573px) 100vw, 573px\" \/><\/p>\n<p>&#8211; Oregano th\u01b0\u1eddng \u0111\u01b0\u1ee3c s\u1eed d\u1ee5ng ph\u1ed5 bi\u1ebfn trong m\u00f3n n\u01b0\u1edbng ho\u1eb7c \u0111\u00fat l\u00f2 b\u1edfi\u00a0h\u01b0\u01a1ng v\u1ecb \u0111\u1eb7c tr\u01b0ng. \u0110\u1eb7c bi\u1ec7t, lo\u1ea1i l\u00e1 n\u00e0y c\u1ef1c k\u00ec \u0111\u01b0\u1ee3c y\u00eau th\u00edch trong l\u00e0m b\u00e1nh Pizza ho\u1eb7c c\u00e1c lo\u1ea1i b\u00e1nh m\u1eb7n \u0111\u1eb7c tr\u01b0ng c\u1ee7a \u1ea9m th\u1ef1c \u00dd. C\u00e1c m\u00f3n c\u00f3 s\u1ed1t c\u00e0 chua c\u0169ng r\u1ea5t h\u1ee3p v\u1edbi Oregano, mang l\u1ea1i h\u01b0\u01a1ng v\u1ecb n\u1ed3ng, \u1ea5m r\u1ea5t th\u00fa v\u1ecb. Ngo\u00e0i ra h\u01b0\u01a1ng v\u1ecb tuy\u1ec7t v\u1eddi c\u1ee7a oregano c\u0169ng s\u1ebd l\u00e0 m\u1ed9t \u201ctr\u1ee3 th\u1ee7 \u0111\u1eafc l\u1ef1c\u201d cho n\u01b0\u1edbc s\u1ed1t m\u00ec \u1ed1ng.<\/p>\n<p>&#8211; L\u00e1 Oregano c\u00f3 th\u1ec3 \u0103n s\u1ed1ng v\u00e0 k\u1ebft h\u1ee3p v\u1edbi r\u1ea5t nhi\u1ec1u nguy\u00ean li\u1ec7u kh\u00e1c. Ch\u00ednh v\u00ec th\u1ebf, \u1edf c\u00e1c n\u01b0\u1edbc ph\u01b0\u01a1ng T\u00e2y, ng\u01b0\u1eddi ta th\u01b0\u1eddng d\u00f9ng Oregano \u0111\u1ec3 tr\u1ed9n n\u00f3 c\u00f9ng v\u1edbi salad.<\/p>\n<p><img decoding=\"async\" class=\"wp-image-16717 aligncenter\" src=\"https:\/\/havamall.vn\/wp-content\/uploads\/2020\/10\/l\u00e1-kg.jpg\" alt=\"\" width=\"559\" height=\"559\" srcset=\"https:\/\/havamall.vn\/wp-content\/uploads\/2020\/10\/l\u00e1-kg.jpg 600w, https:\/\/havamall.vn\/wp-content\/uploads\/2020\/10\/l\u00e1-kg-430x430.jpg 430w, https:\/\/havamall.vn\/wp-content\/uploads\/2020\/10\/l\u00e1-kg-150x150.jpg 150w, https:\/\/havamall.vn\/wp-content\/uploads\/2020\/10\/l\u00e1-kg-300x300.jpg 300w, https:\/\/havamall.vn\/wp-content\/uploads\/2020\/10\/l\u00e1-kg-100x100.jpg 100w\" sizes=\"(max-width: 559px) 100vw, 559px\" \/><\/p>\n<p>&#8211; Oregano l\u00e0 c\u00f2n m\u1ed9t lo\u1ea1i th\u1ea3o d\u01b0\u1ee3c c\u00f3 \u0111\u1eb7c t\u00ednh ch\u1eefa b\u1ec7nh r\u1ea5t \u1ea5n t\u01b0\u1ee3ng. B\u1ea1n ho\u00e0n to\u00e0n c\u00f3 th\u1ec3 s\u1eed d\u1ee5ng ch\u00fang \u0111\u1ec3 thay th\u1ebf thu\u1ed1c gi\u1ea3m \u0111au, s\u00e1t tr\u00f9ng, ch\u1ed1ng \u0111\u1eddm, co th\u1eaft, gi\u00fap d\u1ec5 ti\u00eau v\u00e0 b\u1ed5 tr\u1ee3 cho h\u1ec7 ti\u00eau h\u00f3a c\u1ef1c k\u00ec hi\u1ec7u qu\u1ea3. Oregano c\u00f2n c\u00f3 t\u00e1c d\u1ee5ng r\u1ea5t nhanh ch\u00f3ng trong vi\u1ec7c gi\u1ea3m \u0111\u1ea7y h\u01a1i, chu\u1ed9t r\u00fat ru\u1ed9t ho\u1eb7c l\u00e0 m\u1ed9t li\u1ec1u thu\u1ed1c an th\u1ea7n c\u1ef1c k\u00ec \u1ea5n t\u01b0\u1ee3ng \u0111\u1ea5y.<\/p>","protected":false},"excerpt":{"rendered":"<ul>\n<li>V\u1edbi \u0111\u1eb7c tr\u01b0ng v\u1ec1 h\u01b0\u01a1ng v\u1ecb c\u1ee7a m\u00ecnh, l\u00e1 Oregano th\u01b0\u1eddng \u0111\u01b0\u1ee3c s\u1eed d\u1ee5ng ph\u1ed5 bi\u1ebfn trong m\u00f3n n\u01b0\u1edbng ho\u1eb7c \u0111\u00fat l\u00f2.<\/li>\n<li>L\u00e1 Oregano c\u00f3 th\u1ec3 \u0103n s\u1ed1ng v\u00e0 k\u1ebft h\u1ee3p v\u1edbi r\u1ea5t nhi\u1ec1u nguy\u00ean li\u1ec7u kh\u00e1c.<\/li>\n<li>Oregano l\u00e0 c\u00f2n m\u1ed9t lo\u1ea1i th\u1ea3o d\u01b0\u1ee3c c\u00f3 \u0111\u1eb7c t\u00ednh ch\u1eefa b\u1ec7nh r\u1ea5t \u1ea5n t\u01b0\u1ee3ng,\u00a0thay th\u1ebf thu\u1ed1c gi\u1ea3m \u0111au, s\u00e1t tr\u00f9ng, ch\u1ed1ng \u0111\u1eddm, co th\u1eaft, gi\u00fap d\u1ec5 ti\u00eau v\u00e0 b\u1ed5 tr\u1ee3 cho h\u1ec7 ti\u00eau h\u00f3a c\u1ef1c k\u00ec hi\u1ec7u qu\u1ea3.<\/li>\n<\/ul>","protected":false},"featured_media":16719,"comment_status":"open","ping_status":"closed","template":"","meta":[],"product_brand":[],"product_cat":[40,154,36,134],"product_tag":[],"class_list":{"0":"post-16716","1":"product","2":"type-product","3":"status-publish","4":"has-post-thumbnail","6":"product_cat-sieuthi-giasi","7":"product_cat-gia-vi","8":"product_cat-thuc-pham-tieu-dung","9":"product_cat-thucpham-saykho","10":"pa_brand-atlas","12":"first","13":"instock","14":"sale","15":"shipping-taxable","16":"purchasable","17":"product-type-simple"},"_links":{"self":[{"href":"https:\/\/havamall.vn\/en\/wp-json\/wp\/v2\/product\/16716"}],"collection":[{"href":"https:\/\/havamall.vn\/en\/wp-json\/wp\/v2\/product"}],"about":[{"href":"https:\/\/havamall.vn\/en\/wp-json\/wp\/v2\/types\/product"}],"replies":[{"embeddable":true,"href":"https:\/\/havamall.vn\/en\/wp-json\/wp\/v2\/comments?post=16716"}],"version-history":[{"count":0,"href":"https:\/\/havamall.vn\/en\/wp-json\/wp\/v2\/product\/16716\/revisions"}],"wp:featuredmedia":[{"embeddable":true,"href":"https:\/\/havamall.vn\/en\/wp-json\/wp\/v2\/media\/16719"}],"wp:attachment":[{"href":"https:\/\/havamall.vn\/en\/wp-json\/wp\/v2\/media?parent=16716"}],"wp:term":[{"taxonomy":"product_brand","embeddable":true,"href":"https:\/\/havamall.vn\/en\/wp-json\/wp\/v2\/product_brand?post=16716"},{"taxonomy":"product_cat","embeddable":true,"href":"https:\/\/havamall.vn\/en\/wp-json\/wp\/v2\/product_cat?post=16716"},{"taxonomy":"product_tag","embeddable":true,"href":"https:\/\/havamall.vn\/en\/wp-json\/wp\/v2\/product_tag?post=16716"}],"curies":[{"name":"wp","href":"https:\/\/api.w.org\/{rel}","templated":true}]}}