{"id":16696,"date":"2020-10-08T10:14:48","date_gmt":"2020-10-08T03:14:48","guid":{"rendered":"https:\/\/havamall.vn\/?post_type=product&#038;p=16696"},"modified":"2026-03-28T15:52:54","modified_gmt":"2026-03-28T08:52:54","slug":"qua-vani-kho-thuong-hang-23cm-goi-5g-vanilla-beans","status":"publish","type":"product","link":"https:\/\/havamall.vn\/en\/shop\/qua-vani-kho-thuong-hang-23cm-goi-5g-vanilla-beans\/","title":{"rendered":"Q\u1ee7a Vani Kh\u00f4 Th\u01b0\u1ee3ng H\u1ea1ng (23cm) G\u00f3i 5g \u2013 Vanilla Beans"},"content":{"rendered":"<p>Vani l\u00e0 m\u1ed9t trong nh\u1eefng nguy\u00ean li\u1ec7u kh\u00f4ng th\u1ec3 thi\u1ebfu trong l\u00e0m b\u00e1nh, n\u1ea5u ch\u00e8 ho\u1eb7c kem. S\u1edf h\u1eefu m\u00f9i th\u01a1m \u0111\u1eb7c tr\u01b0ng Vani g\u00f3p ph\u1ea7n l\u00e0m cho nh\u1eefng chi\u1ebfc b\u00e1nh, ly kem, ch\u00e8 d\u1eady m\u00f9i b\u00e9o ng\u1eady, th\u01a1m ngon h\u1ea5p d\u1eabn l\u1ea1 k\u1ef3.<\/p>\n<p>Vani c\u00f2n \u0111\u01b0\u1ee3c coi l\u00e0 m\u1ed9t trong nh\u1eefng th\u00e0nh ph\u1ea7n quan tr\u1ecdng kh\u00f4ng th\u1ebf thi\u1ebfu trong ng\u00e0nh c\u00f4ng nghi\u1ec7p s\u1ea3n xu\u1ea5t th\u1ef1c ph\u1ea9m, h\u00f3a m\u1ef9 ph\u1ea9m v\u00e0 d\u01b0\u1ee3c ph\u1ea9m. Hi\u1ec7n Vani tr\u00ean th\u1ecb tr\u01b0\u1eddng c\u00f3 3 d\u1ea1ng ch\u00ednh l\u00e0 d\u1ea1ng b\u1ed9t, d\u1ea1ng tr\u00e1i v\u00e0 tinh d\u1ea7u.<\/p>\n<p>C\u00e2y vanilla \u0111\u01b0\u1ee3c tr\u1ed3ng ch\u1ee7 y\u1ebfu t\u1ea1i Madagascar, Papua New Guine, \u0111\u1ea3o Tahiti, Mehico.\u00a0\u00a0Vani sau khi \u0111\u01b0\u1ee3c th\u1ee5 ph\u1ea5n b\u1eb1ng tay v\u00e0 ph\u1ea3i 9 th\u00e1ng sau qu\u1ea3 m\u1edbi ch\u00edn. Sau khi thu ho\u1ea1ch\u00a0qu\u1ea3 vani s\u1ebd \u0111\u01b0\u1ee3c ph\u01a1i ho\u1eb7c s\u1ea5y kh\u00f4.\u00a0V\u00ec m\u1ea5t nhi\u1ec1u c\u00f4ng s\u1ee9c lao \u0111\u1ed9ng, n\u00f3 l\u00e0 gia v\u1ecb \u0111\u1eaft th\u1ee9 2 tr\u00ean th\u1ebf gi\u1edbi, sau Saffron (Nhu\u1ef5 hoa ngh\u1ec7 t\u00e2y).<\/p>\n<p><img fetchpriority=\"high\" decoding=\"async\" class=\"wp-image-16661 aligncenter\" src=\"https:\/\/havamall.com\/wp-content\/uploads\/2026\/03\/VN1-1-1024x683.jpg\" alt=\"\" width=\"440\" height=\"293\" \/><\/p>\n<p><strong>\u0110I\u1ec2M N\u1ed4I B\u1eacT C\u1ee6A VANILLA BEAN SO V\u1edaI C\u00c1C D\u1ea0NG VANI KH\u00c1C<\/strong><\/p>\n<p>\u2013 Qu\u1ea3 vani c\u00f3 m\u00f9i th\u01a1m \u0111\u1eb7c bi\u1ec7t, c\u00f3 ch\u1ea5t \u0111i\u1ec1u v\u1ecb t\u1ef1 nhi\u00ean, l\u00e0m gi\u1ea3m m\u00f9i kh\u00f3 ch\u1ecbu trong s\u1ea3n ph\u1ea9m. Gi\u00fap c\u00e2n b\u1eb1ng gi\u1eefa h\u01b0\u01a1ng v\u00e0 v\u1ecb, l\u00e0m t\u0103ng \u0111\u1ed9 b\u00e9o ng\u1eady cho\u00a0 s\u1ea3n ph\u1ea9m.<\/p>\n<p>\u2013 Khi d\u00f9ng Vani Bean th\u00ec m\u00f9i s\u1ebd kh\u00f4ng n\u1ed3ng n\u1eb7c nh\u01b0 vani essence hay b\u1ed9t vani, h\u01b0\u01a1ng vani b\u1ea3n ch\u1ea5t c\u1ee7a n\u00f3 r\u1ea5t nh\u1eb9 v\u00e0 kh\u00f4ng n\u1ed3ng. Nh\u01b0ng khi k\u1ebft h\u1ee3p qu\u1ea3 Vani v\u1edbi s\u1eefa, m\u00f9i vani kh\u00e1 nh\u1eb9, tuy nhi\u00ean m\u00f9i s\u1eefa l\u1ea1i ng\u1ecdt ng\u00e0o v\u00e0 d\u1eady h\u01b0\u01a1ng r\u1ea5t th\u01a1m, n\u1ed3ng \u0111\u1ed9 h\u01b0\u01a1ng s\u1eefa v\u00e0 gia v\u1ecb kh\u00e1c \u0111\u01b0\u1ee3c t\u0103ng g\u1ea5p \u0111\u00f4i, g\u1ea5p ba.<\/p>\n<p>\u2013 Theo nghi\u00ean c\u1ee9u cho th\u1ea5y, 1 qu\u1ea3 Vani = 15ml vanilla essence\u00a0(n\u01b0\u1edbc vani t\u1ed5ng h\u1ee3p).<\/p>\n<p>\u2013 \u0110\u1eb7c bi\u1ec7t, qu\u1ea3 vani c\u00e0ng d\u00e0i th\u00ec ch\u1ea5t l\u01b0\u1ee3ng c\u00e0ng cao, h\u01b0\u01a1ng v\u1ecb n\u1ed3ng h\u01a1n.<\/p>\n<p><strong>C\u00c1CH S\u1eec D\u1ee4NG VANILLA BEAN<\/strong><\/p>\n<p>\u2013 Khi d\u00f9ng, t\u00e1ch qu\u1ea3 l\u00e0m \u0111\u00f4i, n\u1ea1o tr\u1ef1c ti\u1ebfp h\u1ea1t v\u00e0o m\u00f3n \u0103n m\u00e0 b\u1ea1n mu\u1ed1n t\u1ea1o h\u01b0\u01a1ng v\u1ecb. S\u1eed d\u1ee5ng h\u1ea1t v\u00e0 th\u1ecbt qu\u1ea3 ph\u00eda trong t\u01b0\u01a1ng t\u1ef1 nh\u01b0 tinh ch\u1ea5t vanilla d\u1ea1ng l\u1ecfng.<\/p>\n<p><img decoding=\"async\" class=\"wp-image-16660 aligncenter\" src=\"https:\/\/havamall.com\/wp-content\/uploads\/2026\/03\/V11-1024x614.jpg\" alt=\"\" width=\"493\" height=\"296\" \/><\/p>\n<p>\u2013 Ph\u1ea7n c\u00f2n l\u1ea1i c\u1ee7a qu\u1ea3 vani sau khi d\u00f9ng n\u00ean \u0111\u01b0\u1ee3c g\u00f3i v\u00e0o gi\u1ea5y \u0103n (gi\u1ea5y n\u1ebfn) v\u00e0 cho v\u00e0o t\u00fai nilong \u0111\u1ec3 n\u01a1i kh\u00f4 r\u00e1o tr\u00e1nh h\u01b0\u01a1ng h\u1ed7n t\u1ea1p kh\u00e1c.<\/p>\n<p><img decoding=\"async\" class=\"wp-image-16656 aligncenter\" src=\"https:\/\/havamall.com\/wp-content\/uploads\/2026\/03\/V2.jpg\" alt=\"\" width=\"431\" height=\"287\" \/><\/p>\n<p>\u2013 Ph\u1ea7n v\u1ecf vani c\u00f3 th\u1ec3 gi\u1eef l\u1ea1i v\u00e0 ng\u00e2m v\u1edbi r\u01b0\u1ee3u vodka ho\u1eb7c r\u01b0\u1ee3u g\u1ea1o n\u1ea5u t\u1eeb 40 \u0111\u1ed9 tr\u1edf l\u00ean theo c\u00f4ng th\u1ee9c:\u00a0<em>100gr qu\u1ea3 Vanilla x 1l\u00edt r\u01b0\u1ee3u<\/em><\/p>\n<p>V\u1ecf vani ng\u00e2m v\u1edbi r\u01b0\u1ee3u sau m\u1ed9t th\u1eddi gian s\u1ebd tr\u1edf th\u00e0nh tinh ch\u1ea5t vanilla nguy\u00ean ch\u1ea5t. C\u00e0ng ng\u00e2m l\u00e2u, tinh ch\u1ea5t vani d\u1ea1ng n\u00e0y s\u1ebd c\u00e0ng th\u01a1m h\u01a1n. V\u00e0 t\u1ea5t nhi\u00ean, ch\u1ea5t l\u01b0\u1ee3ng tinh ch\u1ea5t khi ng\u00e2m c\u1ea3 qu\u1ea3 s\u1ebd t\u1ed1t h\u01a1n nhi\u1ec1u tinh ch\u1ea5t khi ch\u1ec9 \u0111\u01b0\u1ee3c ng\u00e2m t\u1eeb v\u1ecf qu\u1ea3.<\/p>\n<p><img loading=\"lazy\" decoding=\"async\" class=\"wp-image-16664 aligncenter\" src=\"https:\/\/havamall.com\/wp-content\/uploads\/2026\/03\/vani-ngam-1024x683.jpg\" alt=\"\" width=\"451\" height=\"300\" \/><\/p>\n<p><strong>C\u00d4NG D\u1ee4NG C\u1ee6A VANI<\/strong><\/p>\n<p>\u2013 Vanilla Beans c\u00f3 m\u00f9i th\u01a1m d\u1ec5 ch\u1ecbu \u0111\u1eb7c tr\u01b0ng, tan t\u1ef1 do trong c\u1ed3n. Th\u01b0\u1eddng \u0111\u01b0\u1ee3c d\u00f9ng \u0111\u1ec3 t\u1ea1o m\u00f9i cho th\u1ef1c ph\u1ea9m, ch\u1ee7 y\u1ebfu l\u00e0 h\u01b0\u01a1ng kem, ngo\u00e0i ra c\u00f2n c\u00f3 b\u00e1nh ng\u1ecdt, c\u00e0 ph\u00ea v\u00e0 nhi\u1ec1u s\u1ea3n ph\u1ea9m kh\u00e1c.<\/p>\n<p><img loading=\"lazy\" decoding=\"async\" class=\"size-full wp-image-16659 aligncenter\" src=\"https:\/\/havamall.com\/wp-content\/uploads\/2026\/03\/V22.jpg\" alt=\"\" width=\"500\" height=\"333\" \/><\/p>\n<p>\u2013 Vani c\u00f2n \u0111\u01b0\u1ee3c d\u00f9ng trong y d\u01b0\u1ee3c, \u0111\u01b0\u1ee3c d\u00f9ng trong c\u00e1c d\u1ea1ng thu\u1ed1c b\u1ed9t, thu\u1ed1c n\u01b0\u1edbc, nh\u1ea5t l\u00e0 c\u00e1c thu\u1ed1c kh\u00f3 u\u1ed1ng, vani gi\u00fap t\u1ea1o m\u00f9i th\u01a1m, h\u1ea5p d\u1eabn ng\u01b0\u1eddi d\u00f9ng, \u0111\u1eb7c bi\u1ec7t l\u00e0 tr\u1ebb em.\u00a0Tinh d\u1ea7u vani c\u00f2n \u0111\u01b0\u1ee3c s\u1eed d\u1ee5ng nh\u01b0 m\u1ed9t b\u00e0i thu\u1ed1c gi\u1ea3m \u0111au, kh\u00e1ng vi\u00eam, \u0111i\u1ec1u tr\u1ecb c\u00e1c ch\u1ee9ng \u0111au r\u0103ng v\u00e0 vi\u00eam lo\u00e9t d\u1ea1 d\u00e0y, c\u1ea3i thi\u1ec7n t\u00ecnh tr\u1ea1ng kh\u00f3 ng\u1ee7, m\u1ea5t ng\u1ee7, ch\u1eefa ch\u1ee9ng tr\u1ea7m c\u1ea3m v\u00e0 lo l\u1eafng.<\/p>\n<p>\u2013 Vani c\u00f3 ho\u1ea1t t\u00ednh ch\u1ed1ng \u0111\u1ed9t bi\u1ebfn gen v\u00e0 \u1ee9c ch\u1ebf ho\u1ea1t \u0111\u1ed9ng g\u00e2y ung th\u01b0 (carcinogenesis) c\u1ee7a h\u00f3a ch\u1ea5t.<\/p>\n<p>\u2013 T\u00ecnh tr\u1ea1ng h\u00f4 h\u1ea5p c\u1ee7a tr\u1ebb sinh non \u0111\u01b0\u1ee3c c\u1ea3i thi\u1ec7n nh\u1edd m\u00f9i h\u01b0\u01a1ng c\u1ee7a vani \u2013 theo Trung t\u00e2m nghi\u00ean c\u1ee9u y h\u1ecdc t\u1ea1i B\u1ec7nh vi\u1ec7n \u0111\u1ea1i h\u1ecdc \u1edf Strasbourg(Ph\u00e1p).<\/p>\n<p>\u2013\u00a0Trong nga\u0300nh c\u00f4ng nghi\u00ea\u0323p n\u01b0\u01a1\u0301c hoa, ng\u01b0\u01a1\u0300i ta y\u00eau thi\u0301ch vani b\u01a1\u0309i h\u01b0\u01a1ng th\u01a1m tinh khi\u1ebft, tinh t\u1ebf. \u0110\u00f4\u0300ng th\u01a1\u0300i vani co\u0301 th\u1ec3 d\u1ec5 da\u0300ng k\u1ebft h\u01a1\u0323p v\u01a1\u0301i ca\u0301c loa\u0323i h\u01b0\u01a1ng v\u1ecb kha\u0301c \u0111\u00ea\u0309 t\u1ea1o ra th\u01b0\u0301 n\u01b0\u01a1\u0301c hoa c\u00f3 kh\u1ea3 n\u0103ng ki\u0301ch thi\u0301ch c\u1ea3m xu\u0301c c\u1ee7a con ng\u01b0\u01a1\u0300i m\u1ed9t ca\u0301ch m\u1ea1nh m\u1ebd.<\/p>\n<p><img loading=\"lazy\" decoding=\"async\" class=\"wp-image-16663 aligncenter\" src=\"https:\/\/havamall.com\/wp-content\/uploads\/2026\/03\/vani-banh-1024x576.jpg\" alt=\"\" width=\"531\" height=\"299\" \/><\/p>\n<p><strong>TH\u00d4NG TIN CHI TI\u1ebeT S\u1ea2N PH\u1ea8M<\/strong><\/p>\n<ul>\n<li>Xu\u1ea5t x\u1ee9: \u00dac<\/li>\n<li>Quy c\u00e1ch \u0111\u00f3ng g\u00f3i: 5g<\/li>\n<li>Th\u00e0nh ph\u1ea7n: Vani nguy\u00ean ch\u1ea5t<\/li>\n<li>B\u1ea3o qu\u1ea3n:\u00a0B\u1ea3o qu\u1ea3n t\u1ea1i n\u01a1i tho\u00e1ng m\u00e1t, tr\u00e1nh \u00e1nh s\u00e1ng tr\u1ef1c ti\u1ebfp. Qu\u1ea3 vani kh\u00f4ng n\u00ean \u0111\u1ec3 trong t\u1ee7 l\u1ea1nh ho\u1eb7c ng\u0103n \u0111\u00e1 \u0111\u1ec3 tr\u00e1nh b\u1ecb kh\u00f4, l\u00e0m gi\u1ea3m ch\u1ea5t l\u01b0\u1ee3ng qu\u1ea3 vani.<\/li>\n<\/ul>","protected":false},"excerpt":{"rendered":"<ul>\n<li>Vani l\u00e0 m\u1ed9t trong nh\u1eefng nguy\u00ean li\u1ec7u kh\u00f4ng th\u1ec3 thi\u1ebfu trong l\u00e0m b\u00e1nh, n\u1ea5u ch\u00e8 ho\u1eb7c kem. S\u1edf h\u1eefu m\u00f9i th\u01a1m \u0111\u1eb7c tr\u01b0ng Vani g\u00f3p ph\u1ea7n l\u00e0m cho nh\u1eefng chi\u1ebfc b\u00e1nh, ly kem, ch\u00e8 d\u1eady m\u00f9i b\u00e9o ng\u1eady, th\u01a1m ngon h\u1ea5p d\u1eabn l\u1ea1 k\u1ef3.<\/li>\n<li>Vani Bean c\u00f3 m\u00f9i th\u01a1m \u0111\u1eb7c bi\u1ec7t, c\u00f3 ch\u1ea5t \u0111i\u1ec1u v\u1ecb t\u1ef1 nhi\u00ean, l\u00e0m gi\u1ea3m m\u00f9i kh\u00f3 ch\u1ecbu trong s\u1ea3n ph\u1ea9m. Gi\u00fap c\u00e2n b\u1eb1ng gi\u1eefa h\u01b0\u01a1ng v\u00e0 v\u1ecb, l\u00e0m t\u0103ng \u0111\u1ed9 b\u00e9o ng\u1eady cho s\u1ea3n ph\u1ea9m.<\/li>\n<li>Qu\u1ea3 vani c\u00e0ng d\u00e0i th\u00ec ch\u1ea5t l\u01b0\u1ee3ng c\u00e0ng cao, h\u01b0\u01a1ng v\u1ecb n\u1ed3ng h\u01a1n.<\/li>\n<li>Vani h\u1ea1t l\u00e0 gia v\u1ecb \u0111\u1eaft th\u1ee9 2 tr\u00ean th\u1ebf gi\u1edbi, sau Saffron (Nhu\u1ef5 hoa ngh\u1ec7 t\u00e2y).<\/li>\n<\/ul>","protected":false},"featured_media":16699,"comment_status":"open","ping_status":"closed","template":"","meta":[],"product_brand":[],"product_cat":[36,134],"product_tag":[],"class_list":{"0":"post-16696","1":"product","2":"type-product","3":"status-publish","4":"has-post-thumbnail","6":"product_cat-thuc-pham-tieu-dung","7":"product_cat-thucpham-saykho","9":"first","10":"instock","11":"sale","12":"shipping-taxable","13":"purchasable","14":"product-type-simple"},"_links":{"self":[{"href":"https:\/\/havamall.vn\/en\/wp-json\/wp\/v2\/product\/16696"}],"collection":[{"href":"https:\/\/havamall.vn\/en\/wp-json\/wp\/v2\/product"}],"about":[{"href":"https:\/\/havamall.vn\/en\/wp-json\/wp\/v2\/types\/product"}],"replies":[{"embeddable":true,"href":"https:\/\/havamall.vn\/en\/wp-json\/wp\/v2\/comments?post=16696"}],"version-history":[{"count":0,"href":"https:\/\/havamall.vn\/en\/wp-json\/wp\/v2\/product\/16696\/revisions"}],"wp:featuredmedia":[{"embeddable":true,"href":"https:\/\/havamall.vn\/en\/wp-json\/wp\/v2\/media\/16699"}],"wp:attachment":[{"href":"https:\/\/havamall.vn\/en\/wp-json\/wp\/v2\/media?parent=16696"}],"wp:term":[{"taxonomy":"product_brand","embeddable":true,"href":"https:\/\/havamall.vn\/en\/wp-json\/wp\/v2\/product_brand?post=16696"},{"taxonomy":"product_cat","embeddable":true,"href":"https:\/\/havamall.vn\/en\/wp-json\/wp\/v2\/product_cat?post=16696"},{"taxonomy":"product_tag","embeddable":true,"href":"https:\/\/havamall.vn\/en\/wp-json\/wp\/v2\/product_tag?post=16696"}],"curies":[{"name":"wp","href":"https:\/\/api.w.org\/{rel}","templated":true}]}}