{"id":16671,"date":"2020-10-07T12:15:35","date_gmt":"2020-10-07T05:15:35","guid":{"rendered":"https:\/\/havamall.vn\/?post_type=product&#038;p=16671"},"modified":"2022-05-10T09:40:33","modified_gmt":"2022-05-10T02:40:33","slug":"la-gelatine-nhan-vang-1000g-gelatine-100g","status":"publish","type":"product","link":"https:\/\/havamall.vn\/en\/shop\/la-gelatine-nhan-vang-1000g-gelatine-100g\/","title":{"rendered":"L\u00e1 Gelatine Nh\u00e3n V\u00e0ng 1000g &#8211; Gelatine 1000g"},"content":{"rendered":"<p><span style=\"font-weight: 400\">L\u00e1 Gelatin l\u00e0 m\u1ed9t d\u1ea1ng kh\u00e1c c\u1ee7a b\u1ed9t Gelatin, c\u00f3 th\u00e0nh ph\u1ea7n c\u1ea5u t\u1ea1o gi\u1ed1ng nh\u01b0 nhau. L\u00e1 gelatin c\u00f3 \u01b0u \u0111i\u1ec3m l\u00e0 x\u00e1c \u0111\u1ecbnh r\u00f5 \u0111\u01b0\u1ee3c s\u1ed1 l\u01b0\u1ee3ng, c\u00e2n n\u1eb7ng, 1 l\u00e1 gelatin c\u00f3 tr\u1ecdng l\u01b0\u1ee3ng l\u00e0 2g, r\u1ea5t d\u1ec5 s\u1eed d\u1ee5ng so v\u1edbi b\u1ed9t gelatin.\u00a0<\/span><\/p>\n<p><span style=\"font-weight: 400\">M\u1ed7i l\u1ea7n s\u1eed d\u1ee5ng l\u00e1 gelatin th\u00ec ch\u1ec9 c\u1ea7n \u0111\u1ebfm s\u1ed1 l\u01b0\u1ee3ng l\u00e1 l\u00e0 c\u00f3 th\u1ec3 t\u00ednh ch\u00ednh x\u00e1c tr\u1ecdng l\u01b0\u1ee3ng c\u1ea7n d\u00f9ng, c\u00f2n \u0111\u1ed1i v\u1edbi b\u1ed9t th\u00ec c\u1ea7n ph\u1ea3i c\u00e2n \u0111ong \u0111o \u0111\u1ebfm r\u1ea5t m\u1ea5t th\u1eddi gian c\u1ee7a c\u00e1c b\u1ea1n.<\/span><\/p>\n<p><span style=\"font-weight: 400\">L\u00e1 Gelatin l\u00e0 th\u1ef1c ph\u1ea9m 100% t\u1ef1 nhi\u00ean, kh\u00f4ng m\u00f9i, kh\u00f4ng v\u1ecb, trong su\u1ed1t ho\u1eb7c c\u00f3 m\u00e0u h\u01a1i ng\u1ea3 v\u00e0ng, thu \u0111\u01b0\u1ee3c sau qu\u00e1 tr\u00ecnh n\u1ea5u s\u00f4i da \u0111\u1ed9ng v\u1eadt (da l\u1ee3n), x\u01b0\u01a1ng,&#8230;<\/span><\/p>\n<p><span style=\"font-weight: 400\">S\u1ea3n ph\u1ea9m c\u00f3 xu\u1ea5t x\u1ee9 t\u1eeb Ph\u00e1p, \u0111\u1ea3m b\u1ea3o v\u1ec7 sinh an to\u00e0n th\u1ef1c ph\u1ea9m.<\/span><\/p>\n<p><img fetchpriority=\"high\" decoding=\"async\" class=\"size-full wp-image-16673 aligncenter\" src=\"https:\/\/havamall.vn\/wp-content\/uploads\/2020\/10\/l\u00e1-1.jpg\" alt=\"\" width=\"600\" height=\"400\" srcset=\"https:\/\/havamall.vn\/wp-content\/uploads\/2020\/10\/l\u00e1-1.jpg 600w, https:\/\/havamall.vn\/wp-content\/uploads\/2020\/10\/l\u00e1-1-430x287.jpg 430w, https:\/\/havamall.vn\/wp-content\/uploads\/2020\/10\/l\u00e1-1-150x100.jpg 150w, https:\/\/havamall.vn\/wp-content\/uploads\/2020\/10\/l\u00e1-1-300x200.jpg 300w\" sizes=\"(max-width: 600px) 100vw, 600px\" \/><\/p>\n<p><span style=\"font-weight: 400\">V\u1edbi kh\u1ed1i l\u01b0\u1ee3ng \u0111\u01b0\u1ee3c chia h\u1ee3p l\u00fd v\u00e0 th\u1eddi h\u1ea1n s\u1eed d\u1ee5ng k\u00e9o d\u00e0i \u0111\u1ebfn 5 n\u0103m, b\u1ea1n ho\u00e0n to\u00e0n c\u00f3 th\u1ec3 b\u1ea3o qu\u1ea3n v\u00e0 s\u1eed d\u1ee5ng b\u1ea5t c\u1ee9 khi n\u00e0o m\u00e0 kh\u00f4ng lo v\u1ec1 s\u1ef1 h\u01b0 h\u1ecfng c\u1ee7a s\u1ea3n ph\u1ea9m.<\/span><\/p>\n<p><span style=\"font-weight: 400\">S\u1ea3n ph\u1ea9m \u0111\u01b0\u1ee3c \u0111\u00f3ng g\u00f3i d\u01b0\u1edbi d\u1ea1ng l\u00e1, gi\u00fap b\u1ea1n c\u00f3 th\u1ec3 d\u1ec5 d\u00e0ng bi\u1ebft \u0111\u01b0\u1ee3c tr\u1ecdng l\u01b0\u1ee3ng c\u1ea7n thi\u1ebft c\u1ee7a gelatine \u0111\u1ec3 chu\u1ea9n b\u1ecb nguy\u00ean li\u1ec7u ph\u00f9 h\u1ee3p v\u1edbi m\u00f3n \u0103n.<\/span><\/p>\n<p><strong>C\u00d4NG D\u1ee4NG C\u1ee6A GELATINE<\/strong><\/p>\n<p><span style=\"font-weight: 400\">&#8211; Trong ch\u1ebf bi\u1ebfn th\u1ef1c ph\u1ea9m, gelatin c\u00f3 t\u00e1c d\u1ee5ng l\u00e0m d\u00e0y, \u1ed5n \u0111\u1ecbnh c\u1ea5u tr\u00fac, tr\u00e1nh \u0111\u01b0\u1ee3c hi\u1ec7n t\u01b0\u1ee3ng t\u00e1ch l\u1ecfng s\u1ea3n ph\u1ea9m.\u00a0<\/span><\/p>\n<p><span style=\"font-weight: 400\">&#8211; Trong ng\u00e0nh m\u1ef9 ph\u1ea9m, gelatin c\u00f3 t\u00e1c d\u1ee5ng l\u00e0m \u0111\u1eb9p da v\u00e0 cung c\u1ea5p collagen cho c\u01a1 th\u1ec3.<\/span><\/p>\n<p><span style=\"font-weight: 400\">&#8211; Ngo\u00e0i ra, geltatin c\u00f3 kh\u1ea3 n\u0103ng c\u1ea3i thi\u1ec7n ti\u00eau h\u00f3a v\u00ec n\u00f3 t\u1ef1 nhi\u00ean li\u00ean k\u1ebft v\u1edbi n\u01b0\u1edbc v\u00e0 gi\u00fap th\u1ef1c ph\u1ea9m di chuy\u1ec3n d\u1ec5 d\u00e0ng h\u01a1n. \u0110\u1ed3ng th\u1eddi, n\u00f3 l\u00e0 lo\u1ea1i th\u1ef1c ph\u1ea9m t\u1ed1t cho kh\u1edbp, c\u00f3 th\u1ec3 gi\u00fap ph\u1ee5c h\u1ed3i kh\u1edbp<\/span><\/p>\n<p><img decoding=\"async\" class=\"wp-image-16674 aligncenter\" src=\"https:\/\/havamall.vn\/wp-content\/uploads\/2020\/10\/gelatine-1.jpg\" alt=\"\" width=\"432\" height=\"432\" srcset=\"https:\/\/havamall.vn\/wp-content\/uploads\/2020\/10\/gelatine-1.jpg 640w, https:\/\/havamall.vn\/wp-content\/uploads\/2020\/10\/gelatine-1-430x430.jpg 430w, https:\/\/havamall.vn\/wp-content\/uploads\/2020\/10\/gelatine-1-150x150.jpg 150w, https:\/\/havamall.vn\/wp-content\/uploads\/2020\/10\/gelatine-1-300x300.jpg 300w, https:\/\/havamall.vn\/wp-content\/uploads\/2020\/10\/gelatine-1-600x600.jpg 600w, https:\/\/havamall.vn\/wp-content\/uploads\/2020\/10\/gelatine-1-100x100.jpg 100w\" sizes=\"(max-width: 432px) 100vw, 432px\" \/><\/p>\n<p><strong>C\u00c1CH S\u1eec D\u1ee4NG L\u00c1 GELATINE<\/strong><\/p>\n<p><span style=\"font-weight: 400\">\u2013 Ng\u00e2m m\u1ec1m: Ng\u00e2m l\u00e1 gelatin trong n\u01b0\u1edbc l\u1ea1nh 10 ph\u00fat, t\u1ec9 l\u1ec7 n\u01b0\u1edbc g\u1ea5p 5 l\u1ea7n t\u1ec9 l\u1ec7 l\u00e1.<\/span><\/p>\n<p><span style=\"font-weight: 400\">\u2013 V\u1eaft r\u00e1o: V\u1edbt l\u00e1 gelatin \u0111\u00e3 m\u1ec1m ra, b\u00f3p nh\u1eb9 cho r\u00e1o n\u01b0\u1edbc.<\/span><\/p>\n<p><img decoding=\"async\" class=\"wp-image-16676 aligncenter\" src=\"https:\/\/havamall.vn\/wp-content\/uploads\/2020\/10\/ng\u00e2m.jpg\" alt=\"\" width=\"425\" height=\"319\" srcset=\"https:\/\/havamall.vn\/wp-content\/uploads\/2020\/10\/ng\u00e2m.jpg 732w, https:\/\/havamall.vn\/wp-content\/uploads\/2020\/10\/ng\u00e2m-430x323.jpg 430w, https:\/\/havamall.vn\/wp-content\/uploads\/2020\/10\/ng\u00e2m-150x113.jpg 150w, https:\/\/havamall.vn\/wp-content\/uploads\/2020\/10\/ng\u00e2m-700x525.jpg 700w, https:\/\/havamall.vn\/wp-content\/uploads\/2020\/10\/ng\u00e2m-300x225.jpg 300w, https:\/\/havamall.vn\/wp-content\/uploads\/2020\/10\/ng\u00e2m-600x450.jpg 600w\" sizes=\"(max-width: 425px) 100vw, 425px\" \/><\/p>\n<p><span style=\"font-weight: 400\">\u2013 Ho\u00e0 tan: \u0110\u1ed1i v\u1edbi c\u00e1c m\u00f3n l\u1ea1nh, cho l\u00e1 gelatin \u0111\u00e3 \u0111\u01b0\u1ee3c v\u1eaft v\u00e0o m\u1ed9t ch\u00e9n nh\u1ecf chung v\u1edbi m\u1ed9t mu\u1ed7ng canh n\u01b0\u1edbc r\u1ed3i cho v\u00e0o l\u00f2 vi s\u00f3ng ch\u1eebng 15 \u2013 20 gi\u00e2y, sau \u0111\u00f3 h\u00f2a v\u00e0o h\u1ed7n h\u1ee3p n\u00f3ng c\u1ea7n th\u1ef1c hi\u1ec7n (nh\u01b0ng kh\u00f4ng ph\u1ea3i h\u1ed7n h\u1ee3p s\u00f4i nha). \u0110\u1ed1i v\u1edbi c\u00e1c m\u00f3n th\u1ef1c hi\u1ec7n khi c\u00f2n n\u00f3ng th\u00ec cho tr\u1ef1c ti\u1ebfp l\u00e1 gelatin \u0111\u00e3 v\u1eaft r\u00e1o v\u00e0o h\u1ed7n h\u1ee3p n\u00f3ng, khu\u1ea5y \u0111\u1ec1u li\u00ean t\u1ee5c cho \u0111\u1ebfn khi l\u00e1 gelatin \u0111\u01b0\u1ee3c tan h\u1ebft.<\/span><\/p>\n<p><span style=\"font-weight: 400\">\u2013 Gi\u1eef \u0111\u00f4ng: Sau khi \u0111\u00e3 th\u1ef1c hi\u1ec7n xong 3 b\u01b0\u1edbc tr\u00ean, c\u00e1c b\u1ea1n cho th\u00e0nh ph\u1ea9m v\u00e0o t\u1ee7 l\u1ea1nh \u0111\u1ec3 \u0111\u00f4ng, \u0111\u1eb7c l\u1ea1i. Th\u1eddi gian \u0111\u00f4ng \u0111\u1eb7c t\u00f9y theo y\u00eau c\u1ea7u c\u1ee7a c\u00f4ng th\u1ee9c.<\/span><\/p>\n<p>&nbsp;<\/p>\n<p><img loading=\"lazy\" decoding=\"async\" class=\"size-full wp-image-16680 aligncenter\" src=\"https:\/\/havamall.vn\/wp-content\/uploads\/2020\/10\/kk.jpg\" alt=\"\" width=\"512\" height=\"320\" srcset=\"https:\/\/havamall.vn\/wp-content\/uploads\/2020\/10\/kk.jpg 512w, https:\/\/havamall.vn\/wp-content\/uploads\/2020\/10\/kk-430x269.jpg 430w, https:\/\/havamall.vn\/wp-content\/uploads\/2020\/10\/kk-150x94.jpg 150w, https:\/\/havamall.vn\/wp-content\/uploads\/2020\/10\/kk-300x188.jpg 300w\" sizes=\"(max-width: 512px) 100vw, 512px\" \/><\/p>\n<p><span style=\"font-weight: 400\">\u2013 G\u1ee1 ra kh\u1ecfi khu\u00f4n: V\u1edbi v\u00e0i m\u00f3n \u0103n, m\u00f3n tr\u00e1ng mi\u1ec7ng s\u1eed d\u1ee5ng gelatin \u0111\u00f2i h\u1ecfi ph\u1ea3i l\u1ea5y ra kh\u1ecfi khu\u00f4n tr\u01b0\u1edbc khi d\u00f9ng. Trong tr\u01b0\u1eddng h\u1ee3p \u0111\u00f3, c\u00e1c b\u1ea1n h\u00e3y nh\u00fang l\u01b0\u1ee1i dao trong n\u01b0\u1edbc n\u00f3ng r\u1ed3i cho l\u01b0\u1ee1i dao ch\u1ea1y m\u1ed9t \u0111\u01b0\u1eddng v\u00f2ng quanh th\u00e0nh b\u00e1nh\/khu\u00f4n th\u1eadt nh\u1eb9. Ti\u1ebfp \u0111\u1ebfn l\u00e0 l\u1eadt ng\u01b0\u1ee3c khu\u00f4n d\u01b0\u1edbi v\u00f2i n\u01b0\u1edbc l\u1ea1nh, cu\u1ed1i c\u00f9ng l\u00e0 l\u1eafc nh\u1eb9 nh\u1eb9 khu\u00f4n cho b\u00e1nh t\u1ef1 t\u00e1ch ra tr\u00ean \u0111\u0129a.<\/span><\/p>\n<p><img loading=\"lazy\" decoding=\"async\" class=\"wp-image-16675 aligncenter\" src=\"https:\/\/havamall.vn\/wp-content\/uploads\/2020\/10\/b\u00e1nh.jpg\" alt=\"\" width=\"485\" height=\"258\" srcset=\"https:\/\/havamall.vn\/wp-content\/uploads\/2020\/10\/b\u00e1nh.jpg 620w, https:\/\/havamall.vn\/wp-content\/uploads\/2020\/10\/b\u00e1nh-430x229.jpg 430w, https:\/\/havamall.vn\/wp-content\/uploads\/2020\/10\/b\u00e1nh-150x80.jpg 150w, https:\/\/havamall.vn\/wp-content\/uploads\/2020\/10\/b\u00e1nh-300x160.jpg 300w, https:\/\/havamall.vn\/wp-content\/uploads\/2020\/10\/b\u00e1nh-600x319.jpg 600w\" sizes=\"(max-width: 485px) 100vw, 485px\" \/><\/p>\n<p><strong>TH\u00d4NG TIN S\u1ea2N PH\u1ea8M<\/strong><\/p>\n<ul>\n<li style=\"font-weight: 400\"><span style=\"font-weight: 400\">Quy c\u00e1ch \u0111\u00f3ng g\u00f3i: 1000g<\/span><\/li>\n<li style=\"font-weight: 400\"><span style=\"font-weight: 400\">Th\u00e0nh ph\u1ea7n: 100% gelatin.<\/span><\/li>\n<li style=\"font-weight: 400\"><span style=\"font-weight: 400\">C\u00e1ch d\u00f9ng: T\u00f9y m\u1ee5c \u0111\u00edch s\u1eed d\u1ee5ng m\u00e0 c\u00f3 c\u00e1ch s\u1eed d\u1ee5ng kh\u00e1c nhau.<\/span><\/li>\n<li style=\"font-weight: 400\"><span style=\"font-weight: 400\">B\u1ea3o qu\u1ea3n n\u01a1i kh\u00f4 r\u00e1o, tho\u00e1ng m\u00e1t v\u00e0 tr\u00e1nh nhi\u1ec7t \u0111\u1ed9 cao<\/span><\/li>\n<\/ul>","protected":false},"excerpt":{"rendered":"<ul>\n<li><span style=\"font-weight: 400\">L\u00e1 Gelatin l\u00e0 th\u1ef1c ph\u1ea9m 100% t\u1ef1 nhi\u00ean, kh\u00f4ng m\u00f9i, kh\u00f4ng v\u1ecb, trong su\u1ed1t ho\u1eb7c c\u00f3 m\u00e0u h\u01a1i ng\u1ea3 v\u00e0ng, thu \u0111\u01b0\u1ee3c sau qu\u00e1 tr\u00ecnh n\u1ea5u s\u00f4i da \u0111\u1ed9ng v\u1eadt (da l\u1ee3n), x\u01b0\u01a1ng,&#8230;<\/span><\/li>\n<li><span style=\"font-weight: 400\">V\u1edbi kh\u1ed1i l\u01b0\u1ee3ng \u0111\u01b0\u1ee3c chia h\u1ee3p l\u00fd v\u00e0 th\u1eddi h\u1ea1n s\u1eed d\u1ee5ng k\u00e9o d\u00e0i \u0111\u1ebfn 5 n\u0103m, b\u1ea1n ho\u00e0n to\u00e0n c\u00f3 th\u1ec3 b\u1ea3o qu\u1ea3n v\u00e0 s\u1eed d\u1ee5ng b\u1ea5t c\u1ee9 khi n\u00e0o m\u00e0 kh\u00f4ng lo v\u1ec1 s\u1ef1 h\u01b0 h\u1ecfng c\u1ee7a s\u1ea3n ph\u1ea9m.<\/span><\/li>\n<li><span style=\"font-weight: 400\">S\u1ea3n ph\u1ea9m \u0111\u01b0\u1ee3c \u0111\u00f3ng g\u00f3i d\u01b0\u1edbi d\u1ea1ng l\u00e1, gi\u00fap b\u1ea1n c\u00f3 th\u1ec3 d\u1ec5 d\u00e0ng bi\u1ebft \u0111\u01b0\u1ee3c tr\u1ecdng l\u01b0\u1ee3ng c\u1ea7n thi\u1ebft c\u1ee7a gelatine \u0111\u1ec3 chu\u1ea9n b\u1ecb nguy\u00ean li\u1ec7u ph\u00f9 h\u1ee3p v\u1edbi m\u00f3n \u0103n.<\/span><\/li>\n<\/ul>","protected":false},"featured_media":16678,"comment_status":"open","ping_status":"closed","template":"","meta":[],"product_brand":[],"product_cat":[255,36,134],"product_tag":[],"class_list":{"0":"post-16671","1":"product","2":"type-product","3":"status-publish","4":"has-post-thumbnail","6":"product_cat-nguyen-lieu-lam-banh","7":"product_cat-thuc-pham-tieu-dung","8":"product_cat-thucpham-saykho","10":"first","11":"instock","12":"sale","13":"shipping-taxable","14":"purchasable","15":"product-type-simple"},"_links":{"self":[{"href":"https:\/\/havamall.vn\/en\/wp-json\/wp\/v2\/product\/16671"}],"collection":[{"href":"https:\/\/havamall.vn\/en\/wp-json\/wp\/v2\/product"}],"about":[{"href":"https:\/\/havamall.vn\/en\/wp-json\/wp\/v2\/types\/product"}],"replies":[{"embeddable":true,"href":"https:\/\/havamall.vn\/en\/wp-json\/wp\/v2\/comments?post=16671"}],"version-history":[{"count":0,"href":"https:\/\/havamall.vn\/en\/wp-json\/wp\/v2\/product\/16671\/revisions"}],"wp:featuredmedia":[{"embeddable":true,"href":"https:\/\/havamall.vn\/en\/wp-json\/wp\/v2\/media\/16678"}],"wp:attachment":[{"href":"https:\/\/havamall.vn\/en\/wp-json\/wp\/v2\/media?parent=16671"}],"wp:term":[{"taxonomy":"product_brand","embeddable":true,"href":"https:\/\/havamall.vn\/en\/wp-json\/wp\/v2\/product_brand?post=16671"},{"taxonomy":"product_cat","embeddable":true,"href":"https:\/\/havamall.vn\/en\/wp-json\/wp\/v2\/product_cat?post=16671"},{"taxonomy":"product_tag","embeddable":true,"href":"https:\/\/havamall.vn\/en\/wp-json\/wp\/v2\/product_tag?post=16671"}],"curies":[{"name":"wp","href":"https:\/\/api.w.org\/{rel}","templated":true}]}}