{"id":16619,"date":"2020-10-01T14:57:00","date_gmt":"2020-10-01T07:57:00","guid":{"rendered":"https:\/\/havamall.vn\/?post_type=product&#038;p=16619"},"modified":"2021-09-16T14:11:11","modified_gmt":"2021-09-16T07:11:11","slug":"khoai-tay-say-gion-ot-ngot-dja-100g-dja-potato-wedges","status":"publish","type":"product","link":"https:\/\/havamall.vn\/en\/shop\/khoai-tay-say-gion-ot-ngot-dja-100g-dja-potato-wedges\/","title":{"rendered":"Khoai T\u00e2y S\u1ea5y Gi\u00f2n \u1edat Ng\u1ecdt DJ&amp;A 100g &#8211; DJ&amp;A Potato Wedges (8\/2021)"},"content":{"rendered":"<p><span style=\"font-weight: 400\">Khoai t\u00e2y s\u1ea5y l\u00e0 mo\u0301n khoa\u0301i kh\u00e2\u0309u cu\u0309a mo\u0323i th\u01b0\u0323c kha\u0301ch y\u00eau \u00e2\u0309m th\u01b0\u0323c, \u0111\u1eb7c bi\u1ec7t l\u00e0 gi\u1edbi tr\u1ebb. S\u1ea3n ph\u1ea9m \u0111\u01b0\u1ee3c l\u00e0m t\u1eeb khoai t\u00e2y t\u01b0\u01a1i nguy\u00ean ch\u1ea5t, k\u1ebft h\u1ee3p c\u00f9ng b\u1ed9t \u1edbt ng\u1ecdt, t\u1ea1o n\u00ean s\u1ef1 cay cay ng\u1ecdt ng\u1ecdt b\u00f9i b\u00f9i.<\/span><\/p>\n<p><span style=\"font-weight: 400\">Nguy\u00ean li\u1ec7u s\u1ea3n ph\u1ea9m ho\u00e0n to\u00e0n t\u1ef1 nhi\u00ean, kh\u00f4ng t\u1ea9m \u01b0\u1edbp h\u01b0\u01a1ng v\u1ecb kh\u00e1c, mang \u0111\u1ebfn cho b\u1ea1n nh\u1eefng gi\u00e2y ph\u00fat v\u1eeba th\u01b0\u1edfng th\u1ee9c, v\u1eeba tr\u00f2 chuy\u1ec7n th\u1eadt th\u00fa v\u1ecb b\u00ean b\u1ea1n b\u00e8 v\u00e0 ng\u01b0\u1eddi th\u00e2n.<\/span><\/p>\n<p><img fetchpriority=\"high\" decoding=\"async\" class=\"wp-image-22081 aligncenter\" src=\"https:\/\/havamall.vn\/wp-content\/uploads\/2020\/10\/DJA-1-300x300.png\" alt=\"\" width=\"628\" height=\"628\" srcset=\"https:\/\/havamall.vn\/wp-content\/uploads\/2020\/10\/DJA-1-300x300.png 300w, https:\/\/havamall.vn\/wp-content\/uploads\/2020\/10\/DJA-1-430x430.png 430w, https:\/\/havamall.vn\/wp-content\/uploads\/2020\/10\/DJA-1-150x150.png 150w, https:\/\/havamall.vn\/wp-content\/uploads\/2020\/10\/DJA-1-700x700.png 700w, https:\/\/havamall.vn\/wp-content\/uploads\/2020\/10\/DJA-1-768x768.png 768w, https:\/\/havamall.vn\/wp-content\/uploads\/2020\/10\/DJA-1-1024x1024.png 1024w, https:\/\/havamall.vn\/wp-content\/uploads\/2020\/10\/DJA-1-600x600.png 600w, https:\/\/havamall.vn\/wp-content\/uploads\/2020\/10\/DJA-1-100x100.png 100w, https:\/\/havamall.vn\/wp-content\/uploads\/2020\/10\/DJA-1.png 1080w\" sizes=\"(max-width: 628px) 100vw, 628px\" \/><\/p>\n<p><span style=\"font-weight: 400\">S\u1ea3n ph\u1ea9m \u0111\u01b0\u1ee3c s\u1ea3n xu\u1ea5t v\u1edbi quy tr\u00ecnh \u0111\u1eb7c bi\u1ec7t &#8211; n\u1ea5u v\u01b0\u1ee3t tr\u1ed9i hay c\u00f2n g\u1ecdi l\u00e0 n\u1ea5u ch\u00e2n kh\u00f4ng. S\u1eed d\u1ee5ng \u00edt d\u1ea7u h\u01a1n v\u00e0 nhi\u1ec7t \u0111\u1ed9 th\u1ea5p h\u01a1n \u0111\u1ec3 gi\u1eef \u0111\u01b0\u1ee3c \u0111\u1ed9 ngon c\u1ee7a khoai t\u00e2y t\u1ef1 nhi\u00ean v\u00e0 h\u01b0\u01a1ng v\u1ecb th\u01a1m ngon. T\u1eebng mi\u1ebfng khoai gi\u00f2n gi\u00f2n, m\u1eb1n m\u1eb7n s\u1ebd gi\u00fap b\u1ea1n b\u1edbt m\u1ecfi m\u1ec7t trong gi\u1edd l\u00e0m vi\u1ec7c c\u0103ng th\u1eb3ng.<\/span><\/p>\n<p><img decoding=\"async\" class=\"wp-image-22083 aligncenter\" src=\"https:\/\/havamall.vn\/wp-content\/uploads\/2020\/10\/DJA8-300x200.png\" alt=\"\" width=\"618\" height=\"413\" srcset=\"https:\/\/havamall.vn\/wp-content\/uploads\/2020\/10\/DJA8-300x200.png 300w, https:\/\/havamall.vn\/wp-content\/uploads\/2020\/10\/DJA8-430x287.png 430w, https:\/\/havamall.vn\/wp-content\/uploads\/2020\/10\/DJA8-150x100.png 150w, https:\/\/havamall.vn\/wp-content\/uploads\/2020\/10\/DJA8-700x467.png 700w, https:\/\/havamall.vn\/wp-content\/uploads\/2020\/10\/DJA8-768x512.png 768w, https:\/\/havamall.vn\/wp-content\/uploads\/2020\/10\/DJA8-1024x683.png 1024w, https:\/\/havamall.vn\/wp-content\/uploads\/2020\/10\/DJA8-1200x800.png 1200w, https:\/\/havamall.vn\/wp-content\/uploads\/2020\/10\/DJA8-600x400.png 600w\" sizes=\"(max-width: 618px) 100vw, 618px\" \/><\/p>\n<p><span style=\"font-weight: 400\">Khoai t\u00e2y s\u1ea5y r\u1ea5t th\u00edch h\u1ee3p v\u1edbi ng\u01b0\u1eddi \u0103n chay b\u1edfi nguy\u00ean li\u1ec7u 100% t\u1ef1 nhi\u00ean, kh\u00f4ng s\u1eed d\u1ee5ng GMO, kh\u00f4ng b\u1ed9t ng\u1ecdt, kh\u00f4ng m\u00e0u nh\u00e2n t\u1ea1o, h\u01b0\u01a1ng v\u1ecb ho\u1eb7c ch\u1ea5t b\u1ea3o qu\u1ea3n. S\u1ea3n ph\u1ea9m \u0111\u1ea3m b\u1ea3o an to\u00e0n cho ng\u01b0\u1eddi s\u1eed d\u1ee5ng.<\/span><\/p>\n<p><span style=\"font-weight: 400\">S\u1ea3n ph\u1ea9m \u0111\u00f3ng g\u00f3i v\u1edbi kh\u1ed1i l\u01b0\u1ee3ng 100g n\u00ean r\u1ea5t th\u00edch h\u1ee3p cho vi\u1ec7c mang theo \u0111\u1ec3 nh\u00e2m nhi khi \u0111i ch\u01a1i, d\u00e3 ngo\u1ea1i, gi\u1ea3i lao sau gi\u1edd h\u1ecdc hay l\u00e0m vi\u1ec7c m\u1ec7t m\u1ecfi,..<\/span><\/p>\n<p><img decoding=\"async\" class=\"wp-image-22076 aligncenter\" src=\"https:\/\/havamall.vn\/wp-content\/uploads\/2020\/11\/khoai-tay-300x200.png\" alt=\"\" width=\"614\" height=\"410\" srcset=\"https:\/\/havamall.vn\/wp-content\/uploads\/2020\/11\/khoai-tay-300x200.png 300w, https:\/\/havamall.vn\/wp-content\/uploads\/2020\/11\/khoai-tay-430x287.png 430w, https:\/\/havamall.vn\/wp-content\/uploads\/2020\/11\/khoai-tay-150x100.png 150w, https:\/\/havamall.vn\/wp-content\/uploads\/2020\/11\/khoai-tay-700x467.png 700w, https:\/\/havamall.vn\/wp-content\/uploads\/2020\/11\/khoai-tay-768x512.png 768w, https:\/\/havamall.vn\/wp-content\/uploads\/2020\/11\/khoai-tay-1024x683.png 1024w, https:\/\/havamall.vn\/wp-content\/uploads\/2020\/11\/khoai-tay-1200x800.png 1200w, https:\/\/havamall.vn\/wp-content\/uploads\/2020\/11\/khoai-tay-600x400.png 600w, https:\/\/havamall.vn\/wp-content\/uploads\/2020\/11\/khoai-tay.png 2048w\" sizes=\"(max-width: 614px) 100vw, 614px\" \/><\/p>\n<p><strong>TH\u00d4NG TIN CHI TI\u1ebeT S\u1ea2N PH\u1ea8M<\/strong><\/p>\n<ul>\n<li><span style=\"font-weight: 400\">Th\u01b0\u01a1ng hi\u1ec7u: DJ&amp;A<\/span><\/li>\n<li><span style=\"font-weight: 400\">Xu\u1ea5t x\u1ee9: Australlia<\/span><\/li>\n<li><span style=\"font-weight: 400\">Th\u00e0nh ph\u1ea7n: Khoai t\u00e2y (65%), D\u1ea7u th\u1ef1c v\u1eadt, \u0110\u01b0\u1eddng, Mu\u1ed1i, B\u1ed9t th\u1ef1c v\u1eadt, Gia v\u1ecb, Chi\u1ebft xu\u1ea5t men, Maltose, H\u01b0\u01a1ng v\u1ecb t\u1ef1 nhi\u00ean.<\/span><\/li>\n<li><span style=\"font-weight: 400\">H\u01b0\u1edbng d\u1eabn s\u1eed d\u1ee5ng: S\u1eed d\u1ee5ng \u0103n li\u1ec1n<\/span><\/li>\n<li><span style=\"font-weight: 400\">H\u1ea1n s\u1eed d\u1ee5ng: Xem tr\u00ean bao b\u00ec s\u1ea3n ph\u1ea9m<\/span><\/li>\n<li>H\u01b0\u1edbng d\u1eabn b\u1ea3o qu\u1ea3n: b\u1ea3o qu\u1ea3n n\u01a1i kh\u00f4 r\u00e1o, tho\u00e1ng m\u00e1t, tr\u00e1nh \u1ea9m, tr\u00e1nh \u00e1nh n\u1eafng tr\u1ef1c ti\u1ebfp<\/li>\n<\/ul>","protected":false},"excerpt":{"rendered":"<ul>\n<li><span style=\"font-weight: 400\">Khoai t\u00e2y s\u1ea5y l\u00e0 m\u00f3n v\u1eb7t \u0111\u01b0\u1ee3c gi\u1edbi tr\u1ebb \u01b0a chu\u1ed9ng, c\u00f3 v\u1ecb m\u1eb7n v\u00e0 cay nh\u1eb9.\u00a0S\u1ea3n ph\u1ea9m \u0111\u01b0\u1ee3c l\u00e0m t\u1eeb khoai t\u00e2y t\u01b0\u01a1i nguy\u00ean ch\u1ea5t, \u0111\u01b0\u1ee3c c\u1eaft l\u00e1t m\u1ecfng kh\u00f4ng t\u1ea9m \u01b0\u1edbp h\u01b0\u01a1ng v\u1ecb kh\u00e1c, mang \u0111\u1ebfn cho b\u1ea1n nh\u1eefng gi\u00e2y ph\u00fat v\u1eeba th\u01b0\u1edfng th\u1ee9c, v\u1eeba tr\u00f2 chuy\u1ec7n th\u1eadt th\u00fa v\u1ecb b\u00ean b\u1ea1n b\u00e8 v\u00e0 ng\u01b0\u1eddi th\u00e2n.<\/span><\/li>\n<li><span style=\"font-weight: 400\">Khoai t\u00e2y s\u1ea5y r\u1ea5t th\u00edch h\u1ee3p v\u1edbi ng\u01b0\u1eddi \u0103n chay b\u1edfi nguy\u00ean li\u1ec7u ho\u00e0n to\u00e0n t\u1ef1 nhi\u00ean, kh\u00f4ng s\u1eed d\u1ee5ng GMO, kh\u00f4ng b\u1ed9t ng\u1ecdt, kh\u00f4ng m\u00e0u nh\u00e2n t\u1ea1o, h\u01b0\u01a1ng v\u1ecb ho\u1eb7c ch\u1ea5t b\u1ea3o qu\u1ea3n.\u00a0<\/span><\/li>\n<\/ul>","protected":false},"featured_media":16625,"comment_status":"open","ping_status":"closed","template":"","meta":[],"product_brand":[],"product_cat":[36,133],"product_tag":[],"class_list":{"0":"post-16619","1":"product","2":"type-product","3":"status-publish","4":"has-post-thumbnail","6":"product_cat-thuc-pham-tieu-dung","7":"product_cat-banh-keo-chocolate","8":"pa_brand-dja","10":"first","11":"outofstock","12":"sale","13":"shipping-taxable","14":"purchasable","15":"product-type-simple"},"_links":{"self":[{"href":"https:\/\/havamall.vn\/en\/wp-json\/wp\/v2\/product\/16619"}],"collection":[{"href":"https:\/\/havamall.vn\/en\/wp-json\/wp\/v2\/product"}],"about":[{"href":"https:\/\/havamall.vn\/en\/wp-json\/wp\/v2\/types\/product"}],"replies":[{"embeddable":true,"href":"https:\/\/havamall.vn\/en\/wp-json\/wp\/v2\/comments?post=16619"}],"version-history":[{"count":0,"href":"https:\/\/havamall.vn\/en\/wp-json\/wp\/v2\/product\/16619\/revisions"}],"wp:featuredmedia":[{"embeddable":true,"href":"https:\/\/havamall.vn\/en\/wp-json\/wp\/v2\/media\/16625"}],"wp:attachment":[{"href":"https:\/\/havamall.vn\/en\/wp-json\/wp\/v2\/media?parent=16619"}],"wp:term":[{"taxonomy":"product_brand","embeddable":true,"href":"https:\/\/havamall.vn\/en\/wp-json\/wp\/v2\/product_brand?post=16619"},{"taxonomy":"product_cat","embeddable":true,"href":"https:\/\/havamall.vn\/en\/wp-json\/wp\/v2\/product_cat?post=16619"},{"taxonomy":"product_tag","embeddable":true,"href":"https:\/\/havamall.vn\/en\/wp-json\/wp\/v2\/product_tag?post=16619"}],"curies":[{"name":"wp","href":"https:\/\/api.w.org\/{rel}","templated":true}]}}