{"id":16613,"date":"2020-09-29T17:23:02","date_gmt":"2020-09-29T10:23:02","guid":{"rendered":"https:\/\/havamall.vn\/?post_type=product&#038;p=16613"},"modified":"2021-06-24T15:27:49","modified_gmt":"2021-06-24T08:27:49","slug":"m-tom-vien-250g-shrimp-ball-250g","status":"publish","type":"product","link":"https:\/\/havamall.vn\/en\/shop\/m-tom-vien-250g-shrimp-ball-250g\/","title":{"rendered":"M-T\u00f4m Vi\u00ean 250g &#8211; Shrimp Ball 250g"},"content":{"rendered":"<p>T\u00f4m l\u00e0 th\u1ef1c ph\u1ea9m \u0111\u01b0\u1ee3c r\u1ea5t nhi\u1ec1u ng\u01b0\u1eddi \u01b0a chu\u1ed9ng.\u00a0T\u00f4m ch\u1ee9a r\u1ea5t nhi\u1ec1u ch\u1ea5t dinh d\u01b0\u1ee1ng nh\u01b0 \u0111\u1ea1m, canxi, photpho, acid b\u00e9o kh\u00f4ng cholesterol v\u00e0 c\u00e1c ch\u1ea5t kho\u00e1ng c\u1ea7n thi\u1ebft cho c\u01a1 th\u1ec3. \u0102n t\u00f4m th\u01b0\u1eddng xuy\u00ean gi\u00fap gi\u1ea3m nguy c\u01a1 m\u1eafc c\u00e1c b\u1ec7nh tim m\u1ea1ch, \u0111\u1ed9t qu\u1ef5 v\u00e0 t\u0103ng c\u01b0\u1eddng s\u1ee9c kh\u1ecfe x\u01b0\u01a1ng kh\u1edbp.<\/p>\n<p><img fetchpriority=\"high\" decoding=\"async\" class=\"size-full wp-image-16616 aligncenter\" src=\"https:\/\/havamall.vn\/wp-content\/uploads\/2020\/09\/t\u00f4m-vi\u00ean-\u0111.jpg\" alt=\"\" width=\"512\" height=\"341\" srcset=\"https:\/\/havamall.vn\/wp-content\/uploads\/2020\/09\/t\u00f4m-vi\u00ean-\u0111.jpg 512w, https:\/\/havamall.vn\/wp-content\/uploads\/2020\/09\/t\u00f4m-vi\u00ean-\u0111-430x286.jpg 430w, https:\/\/havamall.vn\/wp-content\/uploads\/2020\/09\/t\u00f4m-vi\u00ean-\u0111-150x100.jpg 150w, https:\/\/havamall.vn\/wp-content\/uploads\/2020\/09\/t\u00f4m-vi\u00ean-\u0111-300x200.jpg 300w\" sizes=\"(max-width: 512px) 100vw, 512px\" \/><\/p>\n<p>&nbsp;<\/p>\n<p>T\u00f4m vi\u00ean \u0111\u01b0\u1ee3c ch\u1ebf bi\u1ebfn t\u1eeb ngu\u1ed3n nguy\u00ean li\u1ec7u \u0111\u01b0\u1ee3c ch\u1ecdn l\u1ecdc k\u0129 c\u00e0ng, kh\u00f4ng s\u1eed d\u1ee5ng ph\u1ee5 gia, ch\u1ea5t t\u1ea1o m\u00e0u, ch\u1ea5t b\u1ea3o qu\u1ea3n \u0111\u1ed9c h\u1ea1i, ph\u00f9 h\u1ee3p v\u1edbi m\u1ecdi b\u1eefa \u0103n trong gia \u0111\u00ecnh.<\/p>\n<p>S\u1ea3n ph\u1ea9m \u0111\u01b0\u1ee3c ki\u1ec3m tra nghi\u00eam ng\u1eb7t v\u1ec1 \u0111\u1ed9 an to\u00e0n th\u1ef1c ph\u1ea9m, \u0111\u01b0\u1ee3c s\u1ea3n xu\u1ea5t tr\u00ean d\u00e2y chuy\u1ec1n kh\u00e9p k\u00edn t\u1eeb kh\u00e2u ch\u1ebf bi\u1ebfn \u0111\u1ebfn \u0111\u00f3ng g\u00f3i, \u0111\u1ea3m b\u1ea3o an to\u00e0n cho ng\u01b0\u1eddi s\u1eed d\u1ee5ng.<\/p>\n<p><img decoding=\"async\" class=\"wp-image-16615 aligncenter\" src=\"https:\/\/havamall.vn\/wp-content\/uploads\/2020\/09\/t\u00f4m-vi\u00ean-2-1024x682.jpg\" alt=\"\" width=\"533\" height=\"355\" srcset=\"https:\/\/havamall.vn\/wp-content\/uploads\/2020\/09\/t\u00f4m-vi\u00ean-2-1024x682.jpg 1024w, https:\/\/havamall.vn\/wp-content\/uploads\/2020\/09\/t\u00f4m-vi\u00ean-2-430x286.jpg 430w, https:\/\/havamall.vn\/wp-content\/uploads\/2020\/09\/t\u00f4m-vi\u00ean-2-150x100.jpg 150w, https:\/\/havamall.vn\/wp-content\/uploads\/2020\/09\/t\u00f4m-vi\u00ean-2-700x466.jpg 700w, https:\/\/havamall.vn\/wp-content\/uploads\/2020\/09\/t\u00f4m-vi\u00ean-2-300x200.jpg 300w, https:\/\/havamall.vn\/wp-content\/uploads\/2020\/09\/t\u00f4m-vi\u00ean-2-768x511.jpg 768w, https:\/\/havamall.vn\/wp-content\/uploads\/2020\/09\/t\u00f4m-vi\u00ean-2.jpg 1200w, https:\/\/havamall.vn\/wp-content\/uploads\/2020\/09\/t\u00f4m-vi\u00ean-2-600x400.jpg 600w\" sizes=\"(max-width: 533px) 100vw, 533px\" \/><\/p>\n<p>T\u00f4m vi\u00ean l\u00e0 m\u1ed9t s\u1ea3n ph\u1ea9m ti\u1ec7n l\u1ee3i.\u00a0Ch\u1ec9 c\u1ea7n r\u00e3 \u0111\u00f4ng t\u1ef1 nhi\u00ean, sau \u0111\u00f3 r\u00e1n ng\u1eadp trong d\u1ea7u \u0103n \u0111un s\u00f4i, v\u1edbt ra \u0111\u1ec3 r\u00e1o d\u1ea7u l\u00e0 \u0111\u00e3 s\u1eb5n s\u00e0ng cho m\u1ed9t m\u00f3n \u0103n h\u1ea5p d\u1eabn, b\u1ed5 d\u01b0\u1ee1ng. C\u00f3 th\u1ec3 \u0103n k\u00e8m v\u1edbi t\u01b0\u01a1ng \u1edbt v\u00e0 d\u01b0a leo \u0111\u1ec3 m\u00f3n \u0103n tr\u1edf n\u00ean \u0111\u1eadm v\u1ecb h\u01a1n.<\/p>\n<p><strong>Th\u00f4ng tin s\u1ea3n ph\u1ea9m<\/strong><\/p>\n<ul>\n<li>Th\u01b0\u01a1ng hi\u1ec7u: Tashun<\/li>\n<li>Xu\u1ea5t x\u1ee9: Vi\u1ec7t Nam<\/li>\n<li>Quy c\u00e1ch \u0111\u00f3ng g\u00f3i: 250g<\/li>\n<li>Th\u00e0nh ph\u1ea7n: T\u00f4m, t\u1ecfi, mu\u1ed1i, ti\u00eau, \u0111\u01b0\u1eddng,\u2026<\/li>\n<\/ul>\n<p><img decoding=\"async\" class=\"size-full wp-image-16617 aligncenter\" src=\"https:\/\/havamall.vn\/wp-content\/uploads\/2020\/09\/t\u00f4m-vi\u00ean-3.jpg\" alt=\"\" width=\"480\" height=\"270\" srcset=\"https:\/\/havamall.vn\/wp-content\/uploads\/2020\/09\/t\u00f4m-vi\u00ean-3.jpg 480w, https:\/\/havamall.vn\/wp-content\/uploads\/2020\/09\/t\u00f4m-vi\u00ean-3-430x242.jpg 430w, https:\/\/havamall.vn\/wp-content\/uploads\/2020\/09\/t\u00f4m-vi\u00ean-3-150x84.jpg 150w, https:\/\/havamall.vn\/wp-content\/uploads\/2020\/09\/t\u00f4m-vi\u00ean-3-300x169.jpg 300w\" sizes=\"(max-width: 480px) 100vw, 480px\" \/><\/p>\n<ul>\n<li>H\u01b0\u1edbng d\u1eabn s\u1eed d\u1ee5ng: Chi\u00ean trong d\u1ea7u s\u00f4i \u1edf nhi\u1ec7t \u0111\u1ed9 160-170\u00b0C kho\u1ea3ng 5-7 ph\u00fat cho \u0111\u1ebfn khi v\u00e0ng \u0111\u1ec1u.<\/li>\n<li>H\u01b0\u1edbng d\u1eabn b\u1ea3o qu\u1ea3n: B\u1ea3o qu\u1ea3n trong ng\u0103n \u0111\u00e1 t\u1ee7 l\u1ea1nh hay \u1edf nhi\u1ec7t \u0111\u1ed9 -20\u00b0C\u00b1 2<\/li>\n<li>H\u1ea1n s\u1eed d\u1ee5ng: Xem tr\u00ean bao b\u00ec s\u1ea3n ph\u1ea9m<\/li>\n<\/ul>","protected":false},"excerpt":{"rendered":"<ul>\n<li>T\u00f4m vi\u00ean \u0111\u01b0\u1ee3c ch\u1ebf bi\u1ebfn t\u1eeb ngu\u1ed3n nguy\u00ean li\u1ec7u \u0111\u01b0\u1ee3c ch\u1ecdn l\u1ecdc k\u0129 c\u00e0ng, kh\u00f4ng s\u1eed d\u1ee5ng ph\u1ee5 gia, ch\u1ea5t t\u1ea1o m\u00e0u, ch\u1ea5t b\u1ea3o qu\u1ea3n \u0111\u1ed9c h\u1ea1i, ph\u00f9 h\u1ee3p v\u1edbi m\u1ecdi b\u1eefa \u0103n trong gia \u0111\u00ecnh.<\/li>\n<li>S\u1ea3n ph\u1ea9m \u0111\u01b0\u1ee3c ki\u1ec3m tra nghi\u00eam ng\u1eb7t v\u1ec1 \u0111\u1ed9 an to\u00e0n th\u1ef1c ph\u1ea9m, \u0111\u01b0\u1ee3c s\u1ea3n xu\u1ea5t tr\u00ean d\u00e2y chuy\u1ec1n kh\u00e9p k\u00edn t\u1eeb kh\u00e2u ch\u1ebf bi\u1ebfn \u0111\u1ebfn \u0111\u00f3ng g\u00f3i, \u0111\u1ea3m b\u1ea3o an to\u00e0n cho ng\u01b0\u1eddi s\u1eed d\u1ee5ng<\/li>\n<\/ul>","protected":false},"featured_media":16631,"comment_status":"open","ping_status":"closed","template":"","meta":[],"product_brand":[],"product_cat":[275,36],"product_tag":[],"class_list":{"0":"post-16613","1":"product","2":"type-product","3":"status-publish","4":"has-post-thumbnail","6":"product_cat-thuc-pham-dong-lanh","7":"product_cat-thuc-pham-tieu-dung","9":"first","10":"outofstock","11":"sale","12":"shipping-taxable","13":"purchasable","14":"product-type-simple"},"_links":{"self":[{"href":"https:\/\/havamall.vn\/en\/wp-json\/wp\/v2\/product\/16613"}],"collection":[{"href":"https:\/\/havamall.vn\/en\/wp-json\/wp\/v2\/product"}],"about":[{"href":"https:\/\/havamall.vn\/en\/wp-json\/wp\/v2\/types\/product"}],"replies":[{"embeddable":true,"href":"https:\/\/havamall.vn\/en\/wp-json\/wp\/v2\/comments?post=16613"}],"version-history":[{"count":0,"href":"https:\/\/havamall.vn\/en\/wp-json\/wp\/v2\/product\/16613\/revisions"}],"wp:featuredmedia":[{"embeddable":true,"href":"https:\/\/havamall.vn\/en\/wp-json\/wp\/v2\/media\/16631"}],"wp:attachment":[{"href":"https:\/\/havamall.vn\/en\/wp-json\/wp\/v2\/media?parent=16613"}],"wp:term":[{"taxonomy":"product_brand","embeddable":true,"href":"https:\/\/havamall.vn\/en\/wp-json\/wp\/v2\/product_brand?post=16613"},{"taxonomy":"product_cat","embeddable":true,"href":"https:\/\/havamall.vn\/en\/wp-json\/wp\/v2\/product_cat?post=16613"},{"taxonomy":"product_tag","embeddable":true,"href":"https:\/\/havamall.vn\/en\/wp-json\/wp\/v2\/product_tag?post=16613"}],"curies":[{"name":"wp","href":"https:\/\/api.w.org\/{rel}","templated":true}]}}