{"id":16606,"date":"2020-09-29T17:01:32","date_gmt":"2020-09-29T10:01:32","guid":{"rendered":"https:\/\/havamall.vn\/?post_type=product&#038;p=16606"},"modified":"2022-04-08T13:39:26","modified_gmt":"2022-04-08T06:39:26","slug":"m-muc-vien-250g-squid-250g","status":"publish","type":"product","link":"https:\/\/havamall.vn\/en\/shop\/m-muc-vien-250g-squid-250g\/","title":{"rendered":"M-M\u1ef1c Vi\u00ean 250g &#8211; Squid 250g"},"content":{"rendered":"<p>M\u1ef1c vi\u00ean kh\u00f4ng ch\u1ec9 l\u00e0 m\u00f3n \u0103n quen thu\u1ed9c, h\u1ea5p d\u1eabn \u0111\u1ed1i v\u1edbi ng\u01b0\u1eddi Vi\u1ec7t m\u00e0 c\u00f2n l\u00e0 m\u00f3n \u0103n kho\u00e1i kh\u1ea9u c\u1ee7a nh\u1eefng th\u1ef1c kh\u00e1ch \u01b0\u1edbc ngo\u00e0i.<\/p>\n<p>Th\u00e0nh ph\u1ea7n ch\u00ednh \u0111\u1ec3 t\u1ea1o n\u00ean m\u1ef1c vi\u00ean l\u00e0 m\u1ef1c, c\u00e1, surimi v\u00e0 c\u00e1c lo\u1ea1i gia v\u1ecb kh\u00e1c. T\u1ea5t c\u1ea3 c\u00e1c lo\u1ea1i nguy\u00ean li\u1ec7u \u0111\u01b0\u1ee3c ch\u1ecdn l\u1ecdc nghi\u00eam ng\u1eb7t, mang \u0111\u1ebfn ch\u1ea5t l\u01b0\u1ee3ng t\u1ed1t nh\u1ea5t cho ng\u01b0\u1eddi ti\u00eau d\u00f9ng.<\/p>\n<p><img fetchpriority=\"high\" decoding=\"async\" class=\"wp-image-16610 aligncenter\" src=\"https:\/\/havamall.vn\/wp-content\/uploads\/2020\/09\/m\u1ef1c-\u0111\u1ea7u-1024x681.jpg\" alt=\"\" width=\"506\" height=\"337\" srcset=\"https:\/\/havamall.vn\/wp-content\/uploads\/2020\/09\/m\u1ef1c-\u0111\u1ea7u.jpg 1024w, https:\/\/havamall.vn\/wp-content\/uploads\/2020\/09\/m\u1ef1c-\u0111\u1ea7u-430x286.jpg 430w, https:\/\/havamall.vn\/wp-content\/uploads\/2020\/09\/m\u1ef1c-\u0111\u1ea7u-150x100.jpg 150w, https:\/\/havamall.vn\/wp-content\/uploads\/2020\/09\/m\u1ef1c-\u0111\u1ea7u-700x466.jpg 700w, https:\/\/havamall.vn\/wp-content\/uploads\/2020\/09\/m\u1ef1c-\u0111\u1ea7u-300x200.jpg 300w, https:\/\/havamall.vn\/wp-content\/uploads\/2020\/09\/m\u1ef1c-\u0111\u1ea7u-768x511.jpg 768w, https:\/\/havamall.vn\/wp-content\/uploads\/2020\/09\/m\u1ef1c-\u0111\u1ea7u-600x399.jpg 600w\" sizes=\"(max-width: 506px) 100vw, 506px\" \/><\/p>\n<p>S\u1ea3n ph\u1ea9m \u0111\u01b0\u1ee3c s\u1ea3n xu\u1ea5t theo c\u00f4ng ngh\u1ec7 hi\u1ec7n \u0111\u1ea1i, m\u1ecdi kh\u00e2u t\u1eeb ch\u1ecdn nguy\u00ean li\u1ec7u t\u1edbi ch\u1ebf bi\u1ebfn, \u0111\u00f3ng bao b\u00ec \u0111\u1ec1u di\u1ec5n ra kh\u00e9p k\u00edn d\u01b0\u1edbi s\u1ef1 gi\u00e1m s\u00e1t.<\/p>\n<p>M\u1ef1c vi\u00ean \u0111\u00f4ng l\u1ea1nh l\u00e0 m\u1ed9t s\u1ea3n ph\u1ea9m ti\u1ec7n l\u1ee3i. Khi \u0103n chi c\u1ea7n l\u1ea5y ra kh\u1ecfi t\u1ee7 l\u1ea1nh, sau \u0111\u00f3 \u0111em chi\u00ean\u00a0 trong d\u1ea7u s\u00f4i \u1edf nhi\u1ec7t \u0111\u1ed9 160-170\u00b0C kho\u1ea3ng 5-7 ph\u00fat cho \u0111\u1ebfn khi v\u00e0ng \u0111\u1ec1u. M\u00f3n \u0103n s\u1ebd tr\u1edf n\u00ean ngon h\u01a1n khi \u0103n k\u00e8m v\u1edbi n\u01b0\u1edbc t\u01b0\u01a1ng v\u00e0 d\u01b0a leo.<\/p>\n<p><img decoding=\"async\" class=\"size-full wp-image-16611 aligncenter\" src=\"https:\/\/havamall.vn\/wp-content\/uploads\/2020\/09\/m\u1ef1c-hai.jpg\" alt=\"\" width=\"512\" height=\"341\" srcset=\"https:\/\/havamall.vn\/wp-content\/uploads\/2020\/09\/m\u1ef1c-hai.jpg 512w, https:\/\/havamall.vn\/wp-content\/uploads\/2020\/09\/m\u1ef1c-hai-430x286.jpg 430w, https:\/\/havamall.vn\/wp-content\/uploads\/2020\/09\/m\u1ef1c-hai-150x100.jpg 150w, https:\/\/havamall.vn\/wp-content\/uploads\/2020\/09\/m\u1ef1c-hai-300x200.jpg 300w\" sizes=\"(max-width: 512px) 100vw, 512px\" \/><\/p>\n<ul>\n<li>Th\u01b0\u01a1ng hi\u1ec7u: Tashun<\/li>\n<li>Xu\u1ea5t x\u1ee9: Vi\u1ec7t Nam<\/li>\n<li>Quy c\u00e1ch \u0111\u00f3ng g\u00f3i: 250g<\/li>\n<li>Th\u00e0nh ph\u1ea7n: M\u1ef1c, c\u00e1, surimi, mu\u1ed1i, \u0111\u01b0\u1eddng, ti\u00eau,..<\/li>\n<\/ul>\n<p><img decoding=\"async\" class=\"wp-image-16607 aligncenter\" src=\"https:\/\/havamall.vn\/wp-content\/uploads\/2020\/09\/m\u1ef1c-vi\u00ean-2.jpg\" alt=\"\" width=\"576\" height=\"384\" srcset=\"https:\/\/havamall.vn\/wp-content\/uploads\/2020\/09\/m\u1ef1c-vi\u00ean-2.jpg 640w, https:\/\/havamall.vn\/wp-content\/uploads\/2020\/09\/m\u1ef1c-vi\u00ean-2-430x287.jpg 430w, https:\/\/havamall.vn\/wp-content\/uploads\/2020\/09\/m\u1ef1c-vi\u00ean-2-150x100.jpg 150w, https:\/\/havamall.vn\/wp-content\/uploads\/2020\/09\/m\u1ef1c-vi\u00ean-2-300x200.jpg 300w, https:\/\/havamall.vn\/wp-content\/uploads\/2020\/09\/m\u1ef1c-vi\u00ean-2-600x400.jpg 600w\" sizes=\"(max-width: 576px) 100vw, 576px\" \/><\/p>\n<ul>\n<li>H\u01b0\u1edbng d\u1eabn s\u1eed d\u1ee5ng: Kh\u00f4ng c\u1ea7n r\u00e3 \u0111\u00f4ng. Chi\u00ean trong d\u1ea7u s\u00f4i \u1edf nhi\u1ec7t \u0111\u1ed9 160-170\u00b0C kho\u1ea3ng 5-7 ph\u00fat cho \u0111\u1ebfn khi v\u00e0ng \u0111\u1ec1u<\/li>\n<li>H\u01b0\u1edbng d\u1eabn b\u1ea3o qu\u1ea3n: B\u1ea3o qu\u1ea3n trong ng\u0103n \u0111\u00e1 t\u1ee7 l\u1ea1nh<\/li>\n<li>H\u1ea1n s\u1eed d\u1ee5ng: Xem tr\u00ean bao g\u00ec s\u1ea3n ph\u1ea9m<\/li>\n<\/ul>","protected":false},"excerpt":{"rendered":"<ul>\n<li>Th\u00e0nh ph\u1ea7n ch\u00ednh \u0111\u1ec3 t\u1ea1o n\u00ean m\u1ef1c vi\u00ean l\u00e0 m\u1ef1c, c\u00e1, surimi v\u00e0 c\u00e1c lo\u1ea1i gia v\u1ecb kh\u00e1c. T\u1ea5t c\u1ea3 c\u00e1c lo\u1ea1i nguy\u00ean li\u1ec7u \u0111\u01b0\u1ee3c ch\u1ecdn l\u1ecdc nghi\u00eam ng\u1eb7t, mang \u0111\u1ebfn ch\u1ea5t l\u01b0\u1ee3ng t\u1ed1t nh\u1ea5t cho ng\u01b0\u1eddi ti\u00eau d\u00f9ng.<\/li>\n<li>M\u1ef1c vi\u00ean \u0111\u00f4ng l\u1ea1nh l\u00e0 m\u1ed9t s\u1ea3n ph\u1ea9m ti\u1ec7n l\u1ee3i. Khi \u0103n chi c\u1ea7n l\u1ea5y ra kh\u1ecfi t\u1ee7 l\u1ea1nh, sau \u0111\u00f3 \u0111em chi\u00ean\u00a0 trong d\u1ea7u s\u00f4i \u1edf nhi\u1ec7t \u0111\u1ed9 160-170\u00b0C kho\u1ea3ng 5-7 ph\u00fat cho \u0111\u1ebfn khi v\u00e0ng \u0111\u1ec1u. M\u00f3n \u0103n s\u1ebd tr\u1edf n\u00ean ngon h\u01a1n khi \u0103n k\u00e8m v\u1edbi n\u01b0\u1edbc t\u01b0\u01a1ng v\u00e0 d\u01b0a leo.<\/li>\n<\/ul>","protected":false},"featured_media":16628,"comment_status":"open","ping_status":"closed","template":"","meta":[],"product_brand":[],"product_cat":[275,36],"product_tag":[],"class_list":{"0":"post-16606","1":"product","2":"type-product","3":"status-publish","4":"has-post-thumbnail","6":"product_cat-thuc-pham-dong-lanh","7":"product_cat-thuc-pham-tieu-dung","9":"first","10":"outofstock","11":"sale","12":"shipping-taxable","13":"purchasable","14":"product-type-simple"},"_links":{"self":[{"href":"https:\/\/havamall.vn\/en\/wp-json\/wp\/v2\/product\/16606"}],"collection":[{"href":"https:\/\/havamall.vn\/en\/wp-json\/wp\/v2\/product"}],"about":[{"href":"https:\/\/havamall.vn\/en\/wp-json\/wp\/v2\/types\/product"}],"replies":[{"embeddable":true,"href":"https:\/\/havamall.vn\/en\/wp-json\/wp\/v2\/comments?post=16606"}],"version-history":[{"count":0,"href":"https:\/\/havamall.vn\/en\/wp-json\/wp\/v2\/product\/16606\/revisions"}],"wp:featuredmedia":[{"embeddable":true,"href":"https:\/\/havamall.vn\/en\/wp-json\/wp\/v2\/media\/16628"}],"wp:attachment":[{"href":"https:\/\/havamall.vn\/en\/wp-json\/wp\/v2\/media?parent=16606"}],"wp:term":[{"taxonomy":"product_brand","embeddable":true,"href":"https:\/\/havamall.vn\/en\/wp-json\/wp\/v2\/product_brand?post=16606"},{"taxonomy":"product_cat","embeddable":true,"href":"https:\/\/havamall.vn\/en\/wp-json\/wp\/v2\/product_cat?post=16606"},{"taxonomy":"product_tag","embeddable":true,"href":"https:\/\/havamall.vn\/en\/wp-json\/wp\/v2\/product_tag?post=16606"}],"curies":[{"name":"wp","href":"https:\/\/api.w.org\/{rel}","templated":true}]}}