{"id":16601,"date":"2020-09-29T16:36:13","date_gmt":"2020-09-29T09:36:13","guid":{"rendered":"https:\/\/havamall.vn\/?post_type=product&#038;p=16601"},"modified":"2021-06-24T15:27:35","modified_gmt":"2021-06-24T08:27:35","slug":"cha-muc-tam-com-250g-cuttlefish-pie-250g","status":"publish","type":"product","link":"https:\/\/havamall.vn\/en\/shop\/cha-muc-tam-com-250g-cuttlefish-pie-250g\/","title":{"rendered":"Ch\u1ea3 M\u1ef1c T\u1ea9m C\u1ed1m 250g &#8211; Cuttlefish Pie 250g"},"content":{"rendered":"<p><strong>Ch\u1ea3 m\u1ef1c t\u1ea9m c\u1ed1m<\/strong> l\u00e0 s\u1ea3n ph\u1ea9m \u0111\u01b0\u1ee3c \u01b0a chu\u1ed9ng, \u0111\u00e1p \u1ee9ng nhu c\u1ea7u dinh d\u01b0\u1ee1ng ng\u00e0y c\u00e0ng cao trong b\u1eefa \u0103n c\u1ee7a m\u1ed7i gia \u0111\u00ecnh v\u00ec trong ch\u1ea3 m\u1ef1c ch\u1ee9a nhi\u1ec1u protein v\u00e0 c\u00e1c ngu\u1ed3n kho\u00e1ng ch\u1ea5t thi\u1ebft y\u1ebfu nh\u01b0 Riboflavin, vitamin B12, ph\u1ed1t pho,&#8230;<\/p>\n<p><img fetchpriority=\"high\" decoding=\"async\" class=\"wp-image-16603 aligncenter\" src=\"https:\/\/havamall.vn\/wp-content\/uploads\/2020\/09\/m\u1ef1c-con-1024x1024.jpg\" alt=\"\" width=\"451\" height=\"451\" srcset=\"https:\/\/havamall.vn\/wp-content\/uploads\/2020\/09\/m\u1ef1c-con-1024x1024.jpg 1024w, https:\/\/havamall.vn\/wp-content\/uploads\/2020\/09\/m\u1ef1c-con-430x430.jpg 430w, https:\/\/havamall.vn\/wp-content\/uploads\/2020\/09\/m\u1ef1c-con-150x150.jpg 150w, https:\/\/havamall.vn\/wp-content\/uploads\/2020\/09\/m\u1ef1c-con-700x700.jpg 700w, https:\/\/havamall.vn\/wp-content\/uploads\/2020\/09\/m\u1ef1c-con-300x300.jpg 300w, https:\/\/havamall.vn\/wp-content\/uploads\/2020\/09\/m\u1ef1c-con-768x768.jpg 768w, https:\/\/havamall.vn\/wp-content\/uploads\/2020\/09\/m\u1ef1c-con-600x600.jpg 600w, https:\/\/havamall.vn\/wp-content\/uploads\/2020\/09\/m\u1ef1c-con-100x100.jpg 100w, https:\/\/havamall.vn\/wp-content\/uploads\/2020\/09\/m\u1ef1c-con.jpg 1150w\" sizes=\"(max-width: 451px) 100vw, 451px\" \/><\/p>\n<p>Ch\u1ea3 m\u1ef1c t\u1ea9m c\u1ed1m 100% kh\u00f4ng s\u1eed d\u1ee5ng ch\u1ea5t b\u1ea3o qu\u1ea3n n\u00ean khi \u0103n v\u1eabn c\u1ea3m nh\u1eadn \u0111\u01b0\u1ee3c \u0111\u1ed9 dai, ng\u1ecdt c\u1ee7a m\u1ef1c v\u00e0 h\u01b0\u01a1ng v\u1ecb t\u1ef1 nhi\u00ean c\u1ee7a c\u00e1c lo\u1ea1i gia v\u1ecb c\u00f3 trong t\u1eebng mi\u1ebfng ch\u1ea3.<\/p>\n<p>S\u1ea3n ph\u1ea9m \u0111\u01b0\u1ee3c s\u1ea3n xu\u1ea5t theo c\u00f4ng ngh\u1ec7 hi\u1ec7n \u0111\u1ea1i, m\u1ecdi kh\u00e2u t\u1eeb tuy\u1ec3n ch\u1ecdn nguy\u00ean li\u1ec7u t\u1edbi ch\u1ebf bi\u1ebfn, \u0111\u00f3ng bao b\u00ec \u0111\u1ec1u di\u1ec5n ra kh\u00e9p k\u00edn d\u01b0\u1edbi s\u1ef1 gi\u00e1m s\u00e1t v\u00e0 ki\u1ec3m tra nghi\u00eam ng\u1eb7t. Ch\u1ea3 m\u1ef1c t\u1ea9m c\u1ed1m \u0111\u01b0\u1ee3c s\u01a1 ch\u1ebf v\u00e0 b\u1ea3o qu\u1ea3n theo ti\u00eau chu\u1ea9n v\u1ec7 sinh an to\u00e0n th\u1ef1c ph\u1ea9m.<\/p>\n<p><img decoding=\"async\" class=\"wp-image-16604 aligncenter\" src=\"https:\/\/havamall.vn\/wp-content\/uploads\/2020\/09\/m\u1ef1c-1.jpg\" alt=\"\" width=\"509\" height=\"339\" srcset=\"https:\/\/havamall.vn\/wp-content\/uploads\/2020\/09\/m\u1ef1c-1.jpg 886w, https:\/\/havamall.vn\/wp-content\/uploads\/2020\/09\/m\u1ef1c-1-430x287.jpg 430w, https:\/\/havamall.vn\/wp-content\/uploads\/2020\/09\/m\u1ef1c-1-150x100.jpg 150w, https:\/\/havamall.vn\/wp-content\/uploads\/2020\/09\/m\u1ef1c-1-700x467.jpg 700w, https:\/\/havamall.vn\/wp-content\/uploads\/2020\/09\/m\u1ef1c-1-300x200.jpg 300w, https:\/\/havamall.vn\/wp-content\/uploads\/2020\/09\/m\u1ef1c-1-768x512.jpg 768w, https:\/\/havamall.vn\/wp-content\/uploads\/2020\/09\/m\u1ef1c-1-600x400.jpg 600w\" sizes=\"(max-width: 509px) 100vw, 509px\" \/><\/p>\n<p>\u0110\u1ed1i v\u1edbi nh\u1eefng ng\u01b0\u1eddi b\u1eadn r\u1ed9n, kh\u00f4ng c\u00f3 nhi\u1ec1u th\u1eddi gian chu\u1ea9n b\u1ecb b\u1eefa \u0103n th\u00ec th\u1ef1c ph\u1ea9m ch\u1ebf bi\u1ebfn s\u1eb5n l\u00e0 m\u1ed9t gi\u1ea3i ph\u00e1p h\u1eefu hi\u1ec7u. S\u1ea3n ph\u1ea9m gi\u00fap ti\u1ebft ki\u1ec7m th\u1eddi gian trong kh\u00e2u s\u01a1 ch\u1ebf, ch\u1ebf bi\u1ebfn mang \u0111\u1ebfn cho c\u1ea3 nh\u00e0 b\u1eefa \u0103n ngon v\u00e0 \u0111\u1ea7y \u0111\u1ee7 ch\u1ea5t dinh d\u01b0\u1ee1ng.<\/p>\n<p><img decoding=\"async\" class=\"wp-image-16605 aligncenter\" src=\"https:\/\/havamall.vn\/wp-content\/uploads\/2020\/09\/cha-com-muc-xanh.jpg\" alt=\"\" width=\"522\" height=\"447\" srcset=\"https:\/\/havamall.vn\/wp-content\/uploads\/2020\/09\/cha-com-muc-xanh.jpg 700w, https:\/\/havamall.vn\/wp-content\/uploads\/2020\/09\/cha-com-muc-xanh-430x369.jpg 430w, https:\/\/havamall.vn\/wp-content\/uploads\/2020\/09\/cha-com-muc-xanh-150x129.jpg 150w, https:\/\/havamall.vn\/wp-content\/uploads\/2020\/09\/cha-com-muc-xanh-300x257.jpg 300w, https:\/\/havamall.vn\/wp-content\/uploads\/2020\/09\/cha-com-muc-xanh-600x514.jpg 600w\" sizes=\"(max-width: 522px) 100vw, 522px\" \/><\/p>\n<ul>\n<li>Th\u01b0\u01a1ng hi\u1ec7u: Tashun<\/li>\n<li>Quy c\u00e1ch \u0111\u00f3ng g\u00f3i: 250g<\/li>\n<li>Th\u00e0nh ph\u1ea7n:\u00a0M\u1ef1c, c\u1ed1m, surimi, tinh b\u1ed9t bi\u1ebfn t\u00ednh TVA, mu\u1ed1i, \u0111\u01b0\u1eddng, ti\u00eau,..<\/li>\n<li>H\u01b0\u1edbng d\u1eabn s\u1eed d\u1ee5ng: Kh\u00f4ng c\u1ea7n r\u00e3 \u0111\u00f4ng. Chi\u00ean trong d\u1ea7u s\u00f4i \u1edf nhi\u1ec7t \u0111\u1ed9 160-170\u00b0C kho\u1ea3ng 5-7 ph\u00fat cho \u0111\u1ebfn khi v\u00e0ng \u0111\u1ec1u.<\/li>\n<li>H\u01b0\u1edbng d\u1eabn b\u1ea3o qu\u1ea3n: B\u1ea3o qu\u1ea3n trong ng\u0103n \u0111\u00e1 t\u1ee7 l\u1ea1nh hay \u1edf nhi\u1ec7t \u0111\u1ed9 -20\u00b0C\u00b1 2<\/li>\n<\/ul>\n<p>&nbsp;<\/p>","protected":false},"excerpt":{"rendered":"<ul>\n<li>Ch\u1ea3 m\u1ef1c t\u1ea9m c\u1ed1m l\u00e0 s\u1ea3n ph\u1ea9m \u0111\u01b0\u1ee3c \u01b0a chu\u1ed9ng, \u0111\u00e1p \u1ee9ng nhu c\u1ea7u dinh d\u01b0\u1ee1ng ng\u00e0y c\u00e0ng cao trong b\u1eefa \u0103n c\u1ee7a m\u1ed7i gia \u0111\u00ecnh v\u00ec trong ch\u1ea3 m\u1ef1c ch\u1ee9a nhi\u1ec1u protein v\u00e0 c\u00e1c ngu\u1ed3n kho\u00e1ng ch\u1ea5t thi\u1ebft y\u1ebfu nh\u01b0 Riboflavin, vitamin B12, ph\u1ed1t pho,&#8230;<\/li>\n<li>Ch\u1ea3 m\u1ef1c t\u1ea9m c\u1ed1m 100% kh\u00f4ng s\u1eed d\u1ee5ng ch\u1ea5t b\u1ea3o qu\u1ea3n n\u00ean khi \u0103n v\u1eabn c\u1ea3m nh\u1eadn \u0111\u01b0\u1ee3c \u0111\u1ed9 dai, ng\u1ecdt c\u1ee7a m\u1ef1c v\u00e0 h\u01b0\u01a1ng v\u1ecb t\u1ef1 nhi\u00ean c\u1ee7a c\u00e1c lo\u1ea1i gia v\u1ecb c\u00f3 trong t\u1eebng mi\u1ebfng ch\u1ea3.<\/li>\n<\/ul>","protected":false},"featured_media":16629,"comment_status":"open","ping_status":"closed","template":"","meta":[],"product_brand":[],"product_cat":[275,36],"product_tag":[],"class_list":{"0":"post-16601","1":"product","2":"type-product","3":"status-publish","4":"has-post-thumbnail","6":"product_cat-thuc-pham-dong-lanh","7":"product_cat-thuc-pham-tieu-dung","9":"first","10":"outofstock","11":"sale","12":"shipping-taxable","13":"purchasable","14":"product-type-simple"},"_links":{"self":[{"href":"https:\/\/havamall.vn\/en\/wp-json\/wp\/v2\/product\/16601"}],"collection":[{"href":"https:\/\/havamall.vn\/en\/wp-json\/wp\/v2\/product"}],"about":[{"href":"https:\/\/havamall.vn\/en\/wp-json\/wp\/v2\/types\/product"}],"replies":[{"embeddable":true,"href":"https:\/\/havamall.vn\/en\/wp-json\/wp\/v2\/comments?post=16601"}],"version-history":[{"count":0,"href":"https:\/\/havamall.vn\/en\/wp-json\/wp\/v2\/product\/16601\/revisions"}],"wp:featuredmedia":[{"embeddable":true,"href":"https:\/\/havamall.vn\/en\/wp-json\/wp\/v2\/media\/16629"}],"wp:attachment":[{"href":"https:\/\/havamall.vn\/en\/wp-json\/wp\/v2\/media?parent=16601"}],"wp:term":[{"taxonomy":"product_brand","embeddable":true,"href":"https:\/\/havamall.vn\/en\/wp-json\/wp\/v2\/product_brand?post=16601"},{"taxonomy":"product_cat","embeddable":true,"href":"https:\/\/havamall.vn\/en\/wp-json\/wp\/v2\/product_cat?post=16601"},{"taxonomy":"product_tag","embeddable":true,"href":"https:\/\/havamall.vn\/en\/wp-json\/wp\/v2\/product_tag?post=16601"}],"curies":[{"name":"wp","href":"https:\/\/api.w.org\/{rel}","templated":true}]}}