{"id":16596,"date":"2020-09-29T15:20:42","date_gmt":"2020-09-29T08:20:42","guid":{"rendered":"https:\/\/havamall.vn\/?post_type=product&#038;p=16596"},"modified":"2021-06-24T15:27:09","modified_gmt":"2021-06-24T08:27:09","slug":"m-trung-cut-bach-hoa-360g-egg-coated-with-seafood-and-rice-flakes","status":"publish","type":"product","link":"https:\/\/havamall.vn\/en\/shop\/m-trung-cut-bach-hoa-360g-egg-coated-with-seafood-and-rice-flakes\/","title":{"rendered":"M-Tr\u1ee9ng C\u00fat B\u00e1ch Hoa 360g &#8211; Egg Coated with Seafood and Rice Flakes"},"content":{"rendered":"<p><strong>Th\u00f4ng tin s\u1ea3n ph\u1ea9m<\/strong><\/p>\n<ul>\n<li>Th\u01b0\u01a1ng hi\u1ec7u: Tashun<\/li>\n<li>Quy c\u00e1ch \u0111\u00f3ng g\u00f3i: 360g<\/li>\n<li>Th\u00e0nh ph\u1ea7n: Tr\u1ee9ng c\u00fat, ch\u1ea3 c\u00e1, c\u1ed1m, h\u00e0nh, t\u1ecfi, mu\u1ed1i, ti\u00eau, \u0111\u01b0\u1eddng,&#8230;<\/li>\n<li>H\u01b0\u1edbng d\u1eabn s\u1eed d\u1ee5ng: Kh\u00f4ng c\u1ea7n r\u00e3 \u0111\u00f4ng. Chi\u00ean trong d\u1ea7u s\u00f4i \u1edf nhi\u1ec7t \u0111\u1ed9 160-170\u00b0C kho\u1ea3ng 5-7 ph\u00fat cho \u0111\u1ebfn khi v\u00e0ng \u0111\u1ec1u.<\/li>\n<li>H\u01b0\u1edbng d\u1eabn b\u1ea3o qu\u1ea3n: B\u1ea3o qu\u1ea3n trong ng\u0103n \u0111\u00e1 t\u1ee7 l\u1ea1nh hay \u1edf nhi\u1ec7t \u0111\u1ed9 -20\u00b0C\u00b1 2<\/li>\n<\/ul>\n<p><img fetchpriority=\"high\" decoding=\"async\" class=\"wp-image-16599 aligncenter\" src=\"https:\/\/havamall.vn\/wp-content\/uploads\/2020\/09\/tr\u1ee9ng-c\u00fat.jpg\" alt=\"\" width=\"528\" height=\"330\" srcset=\"https:\/\/havamall.vn\/wp-content\/uploads\/2020\/09\/tr\u1ee9ng-c\u00fat.jpg 680w, https:\/\/havamall.vn\/wp-content\/uploads\/2020\/09\/tr\u1ee9ng-c\u00fat-430x269.jpg 430w, https:\/\/havamall.vn\/wp-content\/uploads\/2020\/09\/tr\u1ee9ng-c\u00fat-150x94.jpg 150w, https:\/\/havamall.vn\/wp-content\/uploads\/2020\/09\/tr\u1ee9ng-c\u00fat-300x188.jpg 300w, https:\/\/havamall.vn\/wp-content\/uploads\/2020\/09\/tr\u1ee9ng-c\u00fat-600x375.jpg 600w\" sizes=\"(max-width: 528px) 100vw, 528px\" \/><\/p>\n<p><strong>M-tr\u1ee9ng c\u00fat b\u00e1ch hoa<\/strong>\u00a0\u0111\u01b0\u1ee3c ch\u1ebf bi\u1ebfn t\u1eeb th\u00e0nh ph\u1ea7n tr\u1ee9ng c\u00fat, ch\u1ea3 c\u00e1, c\u1ed1m, h\u00e0nh, t\u1ecfi v\u00e0 nhi\u1ec1u lo\u1ea1i gia v\u1ecb kh\u00e1c. T\u1ea5t c\u1ea3 nguy\u00ean li\u1ec7u \u0111\u1ec1u \u0111\u01b0\u1ee3c ch\u1ecdn l\u1ecdc v\u00e0 ki\u1ec3m tra nghi\u00eam ng\u1eb7t, \u0111\u1ea3m b\u1ea3o an to\u00e0n cho ng\u01b0\u1eddi s\u1eed d\u1ee5ng.<\/p>\n<p>S\u1ea3n ph\u1ea9m \u0111\u01b0\u1ee3c s\u1ea3n xu\u1ea5t tr\u00ean d\u00e2y chuy\u1ec1n kh\u00e9p k\u00edn t\u1eeb kh\u00e2u ch\u1ebf bi\u1ebfn \u0111\u1ebfn \u0111\u00f3ng g\u00f3i. \u0110\u00e2y l\u00e0 s\u1ea3n ph\u1ea9m \u0111\u01b0\u1ee3c ch\u1ee9ng nh\u1eadn s\u1ea3n ph\u1ea9m \u0111\u1ea3m b\u1ea3o v\u1ec7 sinh an to\u00e0n th\u1ef1c ph\u1ea9m.<\/p>\n<p><img decoding=\"async\" class=\"size-full wp-image-16598 aligncenter\" src=\"https:\/\/havamall.vn\/wp-content\/uploads\/2020\/09\/tr\u1ee9ng-2.jpg\" alt=\"\" width=\"400\" height=\"400\" srcset=\"https:\/\/havamall.vn\/wp-content\/uploads\/2020\/09\/tr\u1ee9ng-2.jpg 400w, https:\/\/havamall.vn\/wp-content\/uploads\/2020\/09\/tr\u1ee9ng-2-150x150.jpg 150w, https:\/\/havamall.vn\/wp-content\/uploads\/2020\/09\/tr\u1ee9ng-2-300x300.jpg 300w, https:\/\/havamall.vn\/wp-content\/uploads\/2020\/09\/tr\u1ee9ng-2-100x100.jpg 100w\" sizes=\"(max-width: 400px) 100vw, 400px\" \/><\/p>\n<p>S\u1ea3n ph\u1ea9m kh\u00f4ng s\u1eed d\u1ee5ng ch\u1ea5t b\u1ea3o qu\u1ea3n mang \u0111\u1ebfn s\u1ef1 tin c\u1eady cho ng\u01b0\u1eddi ti\u00eau d\u00f9ng. Tr\u1ee9ng c\u00fat b\u00e1ch hoa c\u00f3 h\u01b0\u01a1ng v\u1ecb th\u01a1m ngon, d\u1ec5 ch\u1ebf bi\u1ebfn v\u00e0 d\u1ec5 \u0103n, \u0111\u00e2y l\u00e0 m\u1ed9t trong nh\u1eefng m\u00f3n kho\u00e1i kh\u1ea9u c\u1ee7a gi\u1edbi tr\u1ebb hi\u1ec7n nay.<\/p>\n<p><img decoding=\"async\" class=\"size-full wp-image-16597 aligncenter\" src=\"https:\/\/havamall.vn\/wp-content\/uploads\/2020\/09\/tr\u1ee9ng-1.jpg\" alt=\"\" width=\"460\" height=\"431\" srcset=\"https:\/\/havamall.vn\/wp-content\/uploads\/2020\/09\/tr\u1ee9ng-1.jpg 460w, https:\/\/havamall.vn\/wp-content\/uploads\/2020\/09\/tr\u1ee9ng-1-430x403.jpg 430w, https:\/\/havamall.vn\/wp-content\/uploads\/2020\/09\/tr\u1ee9ng-1-150x141.jpg 150w, https:\/\/havamall.vn\/wp-content\/uploads\/2020\/09\/tr\u1ee9ng-1-300x281.jpg 300w\" sizes=\"(max-width: 460px) 100vw, 460px\" \/><\/p>\n<p>Tr\u1ee9ng c\u00fat b\u00e1ch hoa \u0111\u01b0\u1ee3c \u0111\u00f3ng g\u00f3i nh\u1ecf g\u1ecdn, d\u1ec5 s\u1eed d\u1ee5ng v\u00e0 b\u1ea3o qu\u1ea3n, gi\u00fap r\u00fat ng\u1eafn \u0111\u01b0\u1ee3c th\u1eddi gian ch\u1ebf bi\u1ebfn. Ch\u1ec9 c\u1ea7n r\u00e3 \u0111\u00f4ng t\u1ef1 nhi\u00ean, sau \u0111\u00f3 r\u00e1n ng\u1eadp trong d\u1ea7u \u0103n \u0111un s\u00f4i, v\u1edbt ra \u0111\u1ec3 r\u00e1o d\u1ea7u l\u00e0 \u0111\u00e3 s\u1eb5n s\u00e0ng cho m\u1ed9t m\u00f3n \u0103n h\u1ea5p d\u1eabn, b\u1ed5 d\u01b0\u1ee1ng.<\/p>","protected":false},"excerpt":{"rendered":"<ul>\n<li>M-tr\u1ee9ng c\u00fat b\u00e1ch hoa\u00a0\u0111\u01b0\u1ee3c ch\u1ebf bi\u1ebfn t\u1eeb th\u00e0nh ph\u1ea7n tr\u1ee9ng c\u00fat, ch\u1ea3 c\u00e1, c\u1ed1m, h\u00e0nh, t\u1ecfi v\u00e0 nhi\u1ec1u lo\u1ea1i gia v\u1ecb kh\u00e1c. T\u1ea5t c\u1ea3 nguy\u00ean li\u1ec7u \u0111\u1ec1u \u0111\u01b0\u1ee3c ch\u1ecdn l\u1ecdc v\u00e0 ki\u1ec3m tra nghi\u00eam ng\u1eb7t, \u0111\u1ea3m b\u1ea3o an to\u00e0n cho ng\u01b0\u1eddi s\u1eed d\u1ee5ng.<\/li>\n<li>S\u1ea3n ph\u1ea9m \u0111\u01b0\u1ee3c s\u1ea3n xu\u1ea5t tr\u00ean d\u00e2y chuy\u1ec1n kh\u00e9p k\u00edn t\u1eeb kh\u00e2u ch\u1ebf bi\u1ebfn \u0111\u1ebfn \u0111\u00f3ng g\u00f3i. \u0110\u00e2y l\u00e0 s\u1ea3n ph\u1ea9m \u0111\u01b0\u1ee3c ch\u1ee9ng nh\u1eadn s\u1ea3n ph\u1ea9m \u0111\u1ea3m b\u1ea3o v\u1ec7 sinh an to\u00e0n th\u1ef1c ph\u1ea9m.<\/li>\n<\/ul>","protected":false},"featured_media":16630,"comment_status":"open","ping_status":"closed","template":"","meta":[],"product_brand":[],"product_cat":[275,36],"product_tag":[],"class_list":{"0":"post-16596","1":"product","2":"type-product","3":"status-publish","4":"has-post-thumbnail","6":"product_cat-thuc-pham-dong-lanh","7":"product_cat-thuc-pham-tieu-dung","9":"first","10":"outofstock","11":"sale","12":"shipping-taxable","13":"purchasable","14":"product-type-simple"},"_links":{"self":[{"href":"https:\/\/havamall.vn\/en\/wp-json\/wp\/v2\/product\/16596"}],"collection":[{"href":"https:\/\/havamall.vn\/en\/wp-json\/wp\/v2\/product"}],"about":[{"href":"https:\/\/havamall.vn\/en\/wp-json\/wp\/v2\/types\/product"}],"replies":[{"embeddable":true,"href":"https:\/\/havamall.vn\/en\/wp-json\/wp\/v2\/comments?post=16596"}],"version-history":[{"count":0,"href":"https:\/\/havamall.vn\/en\/wp-json\/wp\/v2\/product\/16596\/revisions"}],"wp:featuredmedia":[{"embeddable":true,"href":"https:\/\/havamall.vn\/en\/wp-json\/wp\/v2\/media\/16630"}],"wp:attachment":[{"href":"https:\/\/havamall.vn\/en\/wp-json\/wp\/v2\/media?parent=16596"}],"wp:term":[{"taxonomy":"product_brand","embeddable":true,"href":"https:\/\/havamall.vn\/en\/wp-json\/wp\/v2\/product_brand?post=16596"},{"taxonomy":"product_cat","embeddable":true,"href":"https:\/\/havamall.vn\/en\/wp-json\/wp\/v2\/product_cat?post=16596"},{"taxonomy":"product_tag","embeddable":true,"href":"https:\/\/havamall.vn\/en\/wp-json\/wp\/v2\/product_tag?post=16596"}],"curies":[{"name":"wp","href":"https:\/\/api.w.org\/{rel}","templated":true}]}}