{"id":16588,"date":"2020-09-29T14:30:26","date_gmt":"2020-09-29T07:30:26","guid":{"rendered":"https:\/\/havamall.vn\/?post_type=product&#038;p=16588"},"modified":"2022-11-14T16:34:48","modified_gmt":"2022-11-14T09:34:48","slug":"thung-12-lon-dao-ngam-duong-dole-820g-box-12-cans-of-peach-halves-in-syrup","status":"publish","type":"product","link":"https:\/\/havamall.vn\/en\/shop\/thung-12-lon-dao-ngam-duong-dole-820g-box-12-cans-of-peach-halves-in-syrup\/","title":{"rendered":"Th\u00f9ng 12 Lon \u0110\u00e0o Ng\u00e2m \u0110\u01b0\u1eddng Dole 820g &#8211; Box 12 Cans of Peach Halves in Syrup"},"content":{"rendered":"<p>\u0110\u00e0o ng\u00e2m \u0111\u00f3ng h\u1ed9p Dole\u00a0\u0111\u01b0\u1ee3c l\u00e0m t\u1eeb \u0111\u00e0o t\u01b0\u01a1i, ch\u1ecdn l\u1ef1a k\u1ef9 c\u00e0ng t\u1eeb c\u00e1c n\u00f4ng tr\u1ea1i, c\u00f2n k\u1ebft h\u1ee3p c\u00f9ng v\u1edbi c\u00e1c lo\u1ea1i gia v\u1ecb h\u1ea3o h\u1ea1ng. V\u1ecb \u0111\u00e0o gi\u00f2n, c\u00f3 m\u00e0u v\u00e0ng s\u1eadm \u0111\u1eb9p m\u1eaft gi\u00fap n\u00f3 kh\u00f4ng lu m\u1edd tr\u01b0\u1edbc c\u00e1c th\u01b0\u01a1ng hi\u1ec7u \u0111\u00e0o kh\u00e1c.<\/p>\n<p>Ch\u1ea5t l\u01b0\u1ee3ng c\u1ee7a \u0111\u00e0o ng\u00e2m Dole \u0111\u1ed3ng nh\u1ea5t, v\u1edbi h\u00ecnh d\u1ea1ng, m\u00e0u s\u1eafc \u0111\u1ed9 gi\u00f2n c\u1ee7a c\u00e1c h\u1ed9p \u0111\u00e0o trong 1 th\u00f9ng v\u00e0 \u0111\u1ed9 gi\u00f2n c\u1ee7a c\u00e1c mi\u1ebfng \u0111\u00e0o trong lon \u0111\u1ed3ng \u0111\u1ec1u gi\u1ed1ng nhau.<\/p>\n<p><img fetchpriority=\"high\" decoding=\"async\" class=\"wp-image-25091 aligncenter\" src=\"https:\/\/havamall.vn\/wp-content\/uploads\/2018\/05\/dao-tuoi-dole-820g-1-300x225.png\" alt=\"\" width=\"583\" height=\"437\" srcset=\"https:\/\/havamall.vn\/wp-content\/uploads\/2018\/05\/dao-tuoi-dole-820g-1-300x225.png 300w, https:\/\/havamall.vn\/wp-content\/uploads\/2018\/05\/dao-tuoi-dole-820g-1-430x323.png 430w, https:\/\/havamall.vn\/wp-content\/uploads\/2018\/05\/dao-tuoi-dole-820g-1-150x113.png 150w, https:\/\/havamall.vn\/wp-content\/uploads\/2018\/05\/dao-tuoi-dole-820g-1-700x525.png 700w, https:\/\/havamall.vn\/wp-content\/uploads\/2018\/05\/dao-tuoi-dole-820g-1-768x576.png 768w, https:\/\/havamall.vn\/wp-content\/uploads\/2018\/05\/dao-tuoi-dole-820g-1.png 1024w, https:\/\/havamall.vn\/wp-content\/uploads\/2018\/05\/dao-tuoi-dole-820g-1-600x450.png 600w\" sizes=\"(max-width: 583px) 100vw, 583px\" \/>\u0110\u00e0o t\u01b0\u01a1i Dole \u0111\u01b0\u1ee3c s\u1ea3n xu\u1ea5t theo c\u00f4ng ngh\u1ec7 hi\u1ec7n \u0111\u1ea1i, m\u1ecdi kh\u00e2u t\u1eeb tuy\u1ec3n ch\u1ecdn nguy\u00ean li\u1ec7u t\u1edbi ch\u1ebf bi\u1ebfn, \u0111\u00f3ng bao b\u00ec \u0111\u1ec1u di\u1ec5n ra kh\u00e9p k\u00edn d\u01b0\u1edbi s\u1ef1 gi\u00e1m s\u00e1t v\u00e0 ki\u1ec3m tra nghi\u00eam ng\u1eb7t.<\/p>\n<p>S\u1ea3n ph\u1ea9m kh\u00f4ng ch\u1ee9a h\u00f3a ch\u1ea5t, ch\u1ea5t b\u1ea3o qu\u1ea3n \u0111\u1ed9c h\u1ea1i, \u0111\u1ea3m b\u1ea3o an to\u00e0n cho s\u1ee9c kh\u1ecfe ng\u01b0\u1eddi ti\u00eau d\u00f9ng. S\u1ea3n ph\u1ea9m c\u00f3 h\u01b0\u01a1ng v\u1ecb th\u01a1m ngon c\u1ee7a nh\u1eefng nguy\u00ean li\u1ec7u t\u1ef1 nhi\u00ean \u0111\u01b0\u1ee3c ch\u1ecdn l\u1ecdc k\u1ef9 c\u00e0ng, s\u1ebd mang l\u1ea1i cho b\u1ea1n nh\u1eefng ph\u00fat gi\u1ea3i tr\u00ed v\u00e0 th\u01b0\u1edfng th\u1ee9c th\u1eadt tuy\u1ec7t v\u1eddi b\u00ean c\u1ea1nh b\u1ea1n b\u00e8 ho\u1eb7c ng\u01b0\u1eddi th\u00e2n.<\/p>\n<p><img decoding=\"async\" class=\"wp-image-25097 aligncenter\" src=\"https:\/\/havamall.vn\/wp-content\/uploads\/2020\/09\/12898351_525104827694931-300x90.png\" alt=\"\" width=\"573\" height=\"172\" srcset=\"https:\/\/havamall.vn\/wp-content\/uploads\/2020\/09\/12898351_525104827694931-300x90.png 300w, https:\/\/havamall.vn\/wp-content\/uploads\/2020\/09\/12898351_525104827694931-430x129.png 430w, https:\/\/havamall.vn\/wp-content\/uploads\/2020\/09\/12898351_525104827694931-150x45.png 150w, https:\/\/havamall.vn\/wp-content\/uploads\/2020\/09\/12898351_525104827694931-700x210.png 700w, https:\/\/havamall.vn\/wp-content\/uploads\/2020\/09\/12898351_525104827694931-768x230.png 768w, https:\/\/havamall.vn\/wp-content\/uploads\/2020\/09\/12898351_525104827694931-1024x307.png 1024w, https:\/\/havamall.vn\/wp-content\/uploads\/2020\/09\/12898351_525104827694931-1200x360.png 1200w, https:\/\/havamall.vn\/wp-content\/uploads\/2020\/09\/12898351_525104827694931-600x180.png 600w\" sizes=\"(max-width: 573px) 100vw, 573px\" \/><\/p>\n<p>\u0110\u00e0o t\u01b0\u01a1i Dole \u0111\u01b0\u1ee3c \u0111\u00f3ng lon ti\u1ec7n d\u1ee5ng, d\u1ec5 b\u1ea3o qu\u1ea3n v\u00e0 d\u00f9ng \u0111\u01b0\u1ee3c l\u00e2u. B\u1ea1n c\u0169ng c\u00f3 th\u1ec3 mang theo d\u1ec5 d\u00e0ng trong nh\u1eefng chuy\u1ebfn \u0111i ch\u01a1i, picnic \u0111\u1ec3 c\u00f9ng chia s\u1ebb v\u1edbi m\u1ecdi ng\u01b0\u1eddi hay d\u00e0nh l\u00e0m qu\u00e0 t\u1eb7ng cho b\u1ea1n b\u00e8, ng\u01b0\u1eddi th\u00e2n.<\/p>\n<p>\u0110\u00e0o ng\u00e2m Dole l\u00e0 nguy\u00ean li\u1ec7u ch\u00ednh d\u00f9ng \u0111\u1ec3 pha ch\u1ebf tr\u00e0 \u0111\u00e0o Hot nh\u1ea5t hi\u1ec7n nay. Mi\u1ebfng \u0111\u00e0o gi\u00f2n, chua nh\u1eb9 k\u1ebft h\u1ee3p v\u1edbi tr\u00e0 \u0111\u00e0o m\u00e1t l\u1ea1nh l\u00e0 m\u00f3n gi\u1ea3i kh\u00e1t b\u00e1n ch\u1ea1y nh\u1ea5t t\u1eeb caf\u00e9 sang tr\u1ecdng \u0111\u1ebfn h\u00e0ng qu\u00e1n v\u1ec9a h\u00e8.<\/p>\n<p><strong><img decoding=\"async\" class=\"wp-image-25090 aligncenter\" src=\"https:\/\/havamall.vn\/wp-content\/uploads\/2018\/05\/80276176_129711-300x200.png\" alt=\"\" width=\"561\" height=\"374\" srcset=\"https:\/\/havamall.vn\/wp-content\/uploads\/2018\/05\/80276176_129711-300x200.png 300w, https:\/\/havamall.vn\/wp-content\/uploads\/2018\/05\/80276176_129711-430x287.png 430w, https:\/\/havamall.vn\/wp-content\/uploads\/2018\/05\/80276176_129711-150x100.png 150w, https:\/\/havamall.vn\/wp-content\/uploads\/2018\/05\/80276176_129711-700x467.png 700w, https:\/\/havamall.vn\/wp-content\/uploads\/2018\/05\/80276176_129711-768x512.png 768w, https:\/\/havamall.vn\/wp-content\/uploads\/2018\/05\/80276176_129711-600x400.png 600w, https:\/\/havamall.vn\/wp-content\/uploads\/2018\/05\/80276176_129711.png 960w\" sizes=\"(max-width: 561px) 100vw, 561px\" \/><\/strong><\/p>\n<p><strong>Th\u00f4ng tin s\u1ea3n ph\u1ea9m:\u00a0<\/strong><\/p>\n<ul>\n<li>Xu\u1ea5t x\u1ee9: Philippine<\/li>\n<li>Quy c\u00e1ch \u0111\u00f3ng g\u00f3i: 12 Lon\/ th\u00f9ng<\/li>\n<li>H\u01b0\u1edbng d\u1eabn s\u1eed d\u1ee5ng: D\u00f9ng tr\u1ef1c ti\u1ebfp ho\u1eb7c d\u00f9ng \u0111\u1ec3 ch\u1ebf bi\u1ebfn tr\u00e0 \u0111\u00e0o v\u00e0 c\u00e1c m\u00f3n tr\u00e1ng mi\u1ec7ng<\/li>\n<li>Th\u00e0nh ph\u1ea7n: \u0110\u00e0o, n\u01b0\u1edbc, \u0111\u01b0\u1eddng, ch\u1ea5t \u0111i\u1ec1u ch\u1ec9nh \u0111\u1ed9 chua<\/li>\n<li>H\u01b0\u1edbng d\u1eabn b\u1ea3o qu\u1ea3n: B\u1ea3o qu\u1ea3n n\u01a1i kh\u00f4 r\u00e1o tho\u00e1ng m\u00e1t. Sau khi m\u1edf, b\u1ea3o qu\u1ea3n l\u1ea1nh trong \u0111\u1ed3 \u0111\u1ef1ng b\u1eb1ng th\u1ee7y tinh ho\u1eb7c nh\u1ef1a v\u00e0 s\u1eed d\u1ee5ng trong 3 ng\u00e0y<\/li>\n<\/ul>\n<p><img loading=\"lazy\" decoding=\"async\" class=\"wp-image-25088 aligncenter\" src=\"https:\/\/havamall.vn\/wp-content\/uploads\/2018\/05\/50422490_105891108-283x300.png\" alt=\"\" width=\"565\" height=\"598\" srcset=\"https:\/\/havamall.vn\/wp-content\/uploads\/2018\/05\/50422490_105891108-283x300.png 283w, https:\/\/havamall.vn\/wp-content\/uploads\/2018\/05\/50422490_105891108-150x159.png 150w\" sizes=\"(max-width: 565px) 100vw, 565px\" \/><\/p>","protected":false},"excerpt":{"rendered":"<ul>\n<li>\u0110\u00e0o t\u01b0\u1edbi Dole c\u00f3 h\u01b0\u01a1ng v\u1ecb th\u01a1m ngon c\u1ee7a nh\u1eefng nguy\u00ean li\u1ec7u t\u1ef1 nhi\u00ean \u0111\u01b0\u1ee3c ch\u1ecdn l\u1ecdc k\u1ef9 c\u00e0ng, s\u1ebd mang l\u1ea1i cho b\u1ea1n nh\u1eefng ph\u00fat gi\u1ea3i tr\u00ed v\u00e0 th\u01b0\u1edfng th\u1ee9c th\u1eadt tuy\u1ec7t v\u1eddi b\u00ean c\u1ea1nh b\u1ea1n b\u00e8 ho\u1eb7c ng\u01b0\u1eddi th\u00e2n.<\/li>\n<li>S\u1ea3n ph\u1ea9m kh\u00f4ng ch\u1ee9a h\u00f3a ch\u1ea5t, ch\u1ea5t b\u1ea3o qu\u1ea3n \u0111\u1ed9c h\u1ea1i, \u0111\u1ea3m b\u1ea3o an to\u00e0n cho s\u1ee9c kh\u1ecfe ng\u01b0\u1eddi ti\u00eau d\u00f9ng.<\/li>\n<li>\u0110\u00e0o t\u01b0\u01a1i Dole \u0111\u01b0\u1ee3c \u0111\u00f3ng lon ti\u1ec7n d\u1ee5ng, d\u1ec5 b\u1ea3o qu\u1ea3n v\u00e0 d\u00f9ng \u0111\u01b0\u1ee3c l\u00e2u<\/li>\n<\/ul>","protected":false},"featured_media":16593,"comment_status":"open","ping_status":"closed","template":"","meta":[],"product_brand":[],"product_cat":[40,143],"product_tag":[],"class_list":{"0":"post-16588","1":"product","2":"type-product","3":"status-publish","4":"has-post-thumbnail","6":"product_cat-sieuthi-giasi","7":"product_cat-thuc-pham-dong-hop","8":"pa_brand-dole","10":"first","11":"instock","12":"sale","13":"shipping-taxable","14":"purchasable","15":"product-type-simple"},"_links":{"self":[{"href":"https:\/\/havamall.vn\/en\/wp-json\/wp\/v2\/product\/16588"}],"collection":[{"href":"https:\/\/havamall.vn\/en\/wp-json\/wp\/v2\/product"}],"about":[{"href":"https:\/\/havamall.vn\/en\/wp-json\/wp\/v2\/types\/product"}],"replies":[{"embeddable":true,"href":"https:\/\/havamall.vn\/en\/wp-json\/wp\/v2\/comments?post=16588"}],"version-history":[{"count":0,"href":"https:\/\/havamall.vn\/en\/wp-json\/wp\/v2\/product\/16588\/revisions"}],"wp:featuredmedia":[{"embeddable":true,"href":"https:\/\/havamall.vn\/en\/wp-json\/wp\/v2\/media\/16593"}],"wp:attachment":[{"href":"https:\/\/havamall.vn\/en\/wp-json\/wp\/v2\/media?parent=16588"}],"wp:term":[{"taxonomy":"product_brand","embeddable":true,"href":"https:\/\/havamall.vn\/en\/wp-json\/wp\/v2\/product_brand?post=16588"},{"taxonomy":"product_cat","embeddable":true,"href":"https:\/\/havamall.vn\/en\/wp-json\/wp\/v2\/product_cat?post=16588"},{"taxonomy":"product_tag","embeddable":true,"href":"https:\/\/havamall.vn\/en\/wp-json\/wp\/v2\/product_tag?post=16588"}],"curies":[{"name":"wp","href":"https:\/\/api.w.org\/{rel}","templated":true}]}}