{"id":16583,"date":"2020-09-29T14:06:15","date_gmt":"2020-09-29T07:06:15","guid":{"rendered":"https:\/\/havamall.vn\/?post_type=product&#038;p=16583"},"modified":"2022-07-28T15:02:52","modified_gmt":"2022-07-28T08:02:52","slug":"thung-6-lon-vai-tuoi-dole-565gr-box-of-6-cans-dole-lychees-op-lichte-siroop-565g","status":"publish","type":"product","link":"https:\/\/havamall.vn\/en\/shop\/thung-6-lon-vai-tuoi-dole-565gr-box-of-6-cans-dole-lychees-op-lichte-siroop-565g\/","title":{"rendered":"L\u1ed1c 6 Lon V\u1ea3i T\u01b0\u01a1i Dole 565gr -Box of 6 Cans Dole Lychees Op Lichte Siroop 565g"},"content":{"rendered":"<p>V\u1ea3i \u0110\u00f3ng H\u1ed9p Dole l\u00e0 lo\u1ea1i v\u1ea3i ng\u00e2m siro, th\u01b0\u1eddng \u0111\u01b0\u1ee3c s\u1eed d\u1ee5ng \u0111\u1ec3 pha ch\u1ebf c\u00e1c th\u1ee9c u\u1ed1ng ho\u1eb7c trong l\u00e0m b\u00e1nh ng\u1ecdt. S\u1ea3n ph\u1ea9m \u0111\u1ea3m b\u1ea3o ch\u1ea5t l\u01b0\u1ee3ng v\u00e0 an to\u00e0n th\u1ef1c ph\u1ea9m.<\/p>\n<p>V\u1ea3i t\u01b0\u01a1i Dole\u00a0\u0111\u01b0\u1ee3c s\u1ea3n xu\u1ea5t theo c\u00f4ng ngh\u1ec7 hi\u1ec7n \u0111\u1ea1i, m\u1ecdi kh\u00e2u t\u1eeb tuy\u1ec3n ch\u1ecdn nguy\u00ean li\u1ec7u t\u1edbi ch\u1ebf bi\u1ebfn, \u0111\u00f3ng bao b\u00ec \u0111\u1ec1u di\u1ec5n ra kh\u00e9p k\u00edn d\u01b0\u1edbi s\u1ef1 gi\u00e1m s\u00e1t v\u00e0 ki\u1ec3m tra nghi\u00eam ng\u1eb7t. S\u1ea3n ph\u1ea9m kh\u00f4ng ch\u1ee9a h\u00f3a ch\u1ea5t, ch\u1ea5t b\u1ea3o qu\u1ea3n \u0111\u1ed9c h\u1ea1i, \u0111\u1ea3m b\u1ea3o an to\u00e0n cho s\u1ee9c kh\u1ecfe ng\u01b0\u1eddi ti\u00eau d\u00f9ng.<\/p>\n<p><img fetchpriority=\"high\" decoding=\"async\" class=\"size-full wp-image-16584 aligncenter\" src=\"https:\/\/havamall.vn\/wp-content\/uploads\/2020\/09\/v\u1ea3i-1.jpg\" alt=\"\" width=\"600\" height=\"600\" srcset=\"https:\/\/havamall.vn\/wp-content\/uploads\/2020\/09\/v\u1ea3i-1.jpg 600w, https:\/\/havamall.vn\/wp-content\/uploads\/2020\/09\/v\u1ea3i-1-430x430.jpg 430w, https:\/\/havamall.vn\/wp-content\/uploads\/2020\/09\/v\u1ea3i-1-150x150.jpg 150w, https:\/\/havamall.vn\/wp-content\/uploads\/2020\/09\/v\u1ea3i-1-300x300.jpg 300w, https:\/\/havamall.vn\/wp-content\/uploads\/2020\/09\/v\u1ea3i-1-100x100.jpg 100w\" sizes=\"(max-width: 600px) 100vw, 600px\" \/><\/p>\n<p>S\u1ea3n ph\u1ea9m c\u00f3 h\u01b0\u01a1ng v\u1ecb th\u01a1m ngon c\u1ee7a nh\u1eefng nguy\u00ean li\u1ec7u t\u1ef1 nhi\u00ean \u0111\u01b0\u1ee3c ch\u1ecdn l\u1ecdc k\u1ef9 c\u00e0ng, s\u1ebd mang l\u1ea1i cho b\u1ea1n nh\u1eefng ph\u00fat gi\u1ea3i tr\u00ed v\u00e0 th\u01b0\u1edfng th\u1ee9c th\u1eadt tuy\u1ec7t v\u1eddi b\u00ean c\u1ea1nh b\u1ea1n b\u00e8 ho\u1eb7c ng\u01b0\u1eddi th\u00e2n.<\/p>\n<p>H\u01b0\u01a1ng v\u1ecb tr\u00e1i c\u00e2y nguy\u00ean b\u1ea3n, ng\u1ecdt chua v\u1eeba v\u1eb7n, h\u1ea5p d\u1eabn. B\u1ea3o d\u01b0\u1ee1ng \u0111\u01b0\u1ee3c nhi\u1ec1u vitamin, kho\u00e1ng ch\u1ea5t trong n\u01b0\u1edbc tr\u00e1i c\u00e2y.<\/p>\n<p><img decoding=\"async\" class=\"size-full wp-image-16585 aligncenter\" src=\"https:\/\/havamall.vn\/wp-content\/uploads\/2020\/09\/v\u1ea3i-2.jpg\" alt=\"\" width=\"300\" height=\"300\" srcset=\"https:\/\/havamall.vn\/wp-content\/uploads\/2020\/09\/v\u1ea3i-2.jpg 300w, https:\/\/havamall.vn\/wp-content\/uploads\/2020\/09\/v\u1ea3i-2-150x150.jpg 150w, https:\/\/havamall.vn\/wp-content\/uploads\/2020\/09\/v\u1ea3i-2-100x100.jpg 100w\" sizes=\"(max-width: 300px) 100vw, 300px\" \/><\/p>\n<p><strong>Th\u00f4ng tin s\u1ea3n ph\u1ea9m<\/strong><\/p>\n<ul>\n<li>Th\u01b0\u01a1ng hi\u1ec7u: Dole<\/li>\n<li>Th\u00e0nh ph\u1ea7n: V\u1ea3i t\u01b0\u01a1i, n\u01b0\u1edbc, \u0111\u01b0\u1eddng, acid citric.<\/li>\n<li>Quy c\u00e1ch \u0111\u00f3ng g\u00f3i: 6 lon\/th\u00f9ng<\/li>\n<li>C\u00e1ch d\u00f9ng: ch\u1ebf bi\u1ebfn c\u00e1c m\u00f3n b\u00e1nh ng\u1ecdt, tr\u00e1ng mi\u1ec7ng, food sauce, th\u1ee9c u\u1ed1ng pha ch\u1ebf nh\u01b0 tr\u00e0, soda pop, cocktails, mocktails &amp; party punch.<\/li>\n<\/ul>\n<p><img decoding=\"async\" class=\"size-full wp-image-16586 aligncenter\" src=\"https:\/\/havamall.vn\/wp-content\/uploads\/2020\/09\/v\u1ea3i-3.jpg\" alt=\"\" width=\"474\" height=\"296\" srcset=\"https:\/\/havamall.vn\/wp-content\/uploads\/2020\/09\/v\u1ea3i-3.jpg 474w, https:\/\/havamall.vn\/wp-content\/uploads\/2020\/09\/v\u1ea3i-3-430x269.jpg 430w, https:\/\/havamall.vn\/wp-content\/uploads\/2020\/09\/v\u1ea3i-3-150x94.jpg 150w, https:\/\/havamall.vn\/wp-content\/uploads\/2020\/09\/v\u1ea3i-3-300x187.jpg 300w\" sizes=\"(max-width: 474px) 100vw, 474px\" \/><\/p>\n<ul>\n<li>H\u01b0\u1edbng d\u1eabn s\u1eed d\u1ee5ng: H\u1ed9p \u0111\u01b0\u1ee3c thi\u1ebft k\u1ebf c\u00f3 n\u1eafp m\u1edf, r\u1ea5t ti\u1ec7n khi s\u1eed d\u1ee5ng<\/li>\n<li>B\u1ea3o qu\u1ea3n: B\u1ea3o qu\u1ea3n trong ng\u0103n m\u00e1t t\u1ee7 l\u1ea1nh<\/li>\n<\/ul>","protected":false},"excerpt":{"rendered":"<ul>\n<li>V\u1ea3i Thi\u1ec1u\u00a0n\u01b0\u1edbc \u0111\u01b0\u1eddng Dole \u0111\u01b0\u1ee3c s\u1ea3n xu\u1ea5t tr\u00ean d\u00e2y chuy\u1ec1n c\u00f4ng ngh\u1ec7 hi\u1ec7n \u0111\u1ea1i t\u1eeb nh\u1eefng nguy\u00ean li\u1ec7u cao c\u1ea5p, kh\u00f4ng ch\u1ee9a ph\u1ee5 gia \u0111\u1ed9c h\u1ea1i, \u0111\u1ea3m b\u1ea3o an to\u00e0n cho s\u1ee9c kh\u1ecfe ng\u01b0\u1eddi ti\u00eau d\u00f9ng, \u0111em \u0111\u1ebfn cho b\u1ea1n nh\u1eefng m\u00f3n \u0103n ngon v\u00e0 b\u1ed5 d\u01b0\u1ee1ng<\/li>\n<li>\u0110\u01b0\u1ee3c ch\u1ebf bi\u1ebfn t\u1eeb nh\u1eefng tr\u00e1i v\u1ea3i t\u01b0\u01a1i ngon \u0111\u01b0\u1ee3c ch\u1ecdn l\u1ecdc k\u1ef9 l\u01b0\u1ee1ng lu\u00f4n \u0111\u1ea3m b\u1ea3o \u0111\u01b0\u1ee3c s\u1ef1 an to\u00e0n v\u00e0 v\u1ec7 sinh th\u1ef1c ph\u1ea9m cho ng\u01b0\u1eddi s\u1eed d\u1ee5ng.<\/li>\n<li>Ch\u1ebf Bi\u1ebfn c\u00e1c m\u00f3n n\u01b0\u1edbc gi\u1ea3i kh\u00e1t: Tr\u00e0 V\u1ea3i, Sinh t\u1ed1 v\u1ea3i\u00a0 Topping c\u00e1c m\u00f3n n\u01b0\u1edbc gi\u1ea3i kh\u00e1t, tr\u00e0 s\u1eefa, s\u1eefa t\u01b0\u01a1i, kem\u2026<\/li>\n<\/ul>","protected":false},"featured_media":16587,"comment_status":"open","ping_status":"closed","template":"","meta":[],"product_brand":[],"product_cat":[40,143],"product_tag":[],"class_list":{"0":"post-16583","1":"product","2":"type-product","3":"status-publish","4":"has-post-thumbnail","6":"product_cat-sieuthi-giasi","7":"product_cat-thuc-pham-dong-hop","9":"first","10":"instock","11":"sale","12":"shipping-taxable","13":"purchasable","14":"product-type-simple"},"_links":{"self":[{"href":"https:\/\/havamall.vn\/en\/wp-json\/wp\/v2\/product\/16583"}],"collection":[{"href":"https:\/\/havamall.vn\/en\/wp-json\/wp\/v2\/product"}],"about":[{"href":"https:\/\/havamall.vn\/en\/wp-json\/wp\/v2\/types\/product"}],"replies":[{"embeddable":true,"href":"https:\/\/havamall.vn\/en\/wp-json\/wp\/v2\/comments?post=16583"}],"version-history":[{"count":0,"href":"https:\/\/havamall.vn\/en\/wp-json\/wp\/v2\/product\/16583\/revisions"}],"wp:featuredmedia":[{"embeddable":true,"href":"https:\/\/havamall.vn\/en\/wp-json\/wp\/v2\/media\/16587"}],"wp:attachment":[{"href":"https:\/\/havamall.vn\/en\/wp-json\/wp\/v2\/media?parent=16583"}],"wp:term":[{"taxonomy":"product_brand","embeddable":true,"href":"https:\/\/havamall.vn\/en\/wp-json\/wp\/v2\/product_brand?post=16583"},{"taxonomy":"product_cat","embeddable":true,"href":"https:\/\/havamall.vn\/en\/wp-json\/wp\/v2\/product_cat?post=16583"},{"taxonomy":"product_tag","embeddable":true,"href":"https:\/\/havamall.vn\/en\/wp-json\/wp\/v2\/product_tag?post=16583"}],"curies":[{"name":"wp","href":"https:\/\/api.w.org\/{rel}","templated":true}]}}