{"id":16575,"date":"2020-09-29T11:52:38","date_gmt":"2020-09-29T04:52:38","guid":{"rendered":"https:\/\/havamall.vn\/?post_type=product&#038;p=16575"},"modified":"2021-09-10T10:30:57","modified_gmt":"2021-09-10T03:30:57","slug":"thung-6-chai-nuoc-tuong-cuc-tien-hai-thien-750ml-box-6-bottles-of-cuc-tien-haday-soy-sauce-750ml","status":"publish","type":"product","link":"https:\/\/havamall.vn\/en\/shop\/thung-6-chai-nuoc-tuong-cuc-tien-hai-thien-750ml-box-6-bottles-of-cuc-tien-haday-soy-sauce-750ml\/","title":{"rendered":"Th\u00f9ng 6 Chai N\u01b0\u1edbc T\u01b0\u01a1ng C\u1ef1c Ti\u00ean H\u1ea3i Thi\u00ean 750ml \u2013 Box 6 Bottles of Cuc Tien Haday Soy Sauce 750ml"},"content":{"rendered":"<p>N\u01b0\u1edbc t\u01b0\u01a1ng \u0111\u01b0\u1ee3c xem l\u00e0 m\u1ed9t lo\u1ea1i gia v\u1ecb ch\u00ednh trong c\u00e1c m\u00f3n \u0103n. S\u1ea3n ph\u1ea9m \u0111\u01b0\u1ee3c s\u1ea3n xu\u1ea5t tr\u00ean d\u00e2y chuy\u1ec1n c\u00f4ng ngh\u1ec7 ho\u00e0n to\u00e0n m\u1edbi tu\u00e2n th\u1ee7 nghi\u00eam ng\u1eb7t c\u00e1c quy \u0111\u1ecbnh v\u1ec1 an to\u00e0n th\u1ef1c ph\u1ea9m theo quy \u0111\u1ecbnh ph\u00e1p lu\u1eadt n\u00ean r\u1ea5t an to\u00e0n cho s\u1ee9c kh\u1ecfe.<\/p>\n<p>N\u01b0\u1edbc t\u01b0\u01a1ng c\u1ef1c thi\u00ean\u00a0\u0111\u01b0\u1ee3c ch\u1ebf bi\u1ebfn b\u1eb1ng c\u00e1ch l\u00ean men \u0111\u1eadu n\u00e0nh v\u00e0 l\u00faa m\u00ec. B\u1ed1n th\u00e0nh ph\u1ea7n ch\u00ednh trong n\u01b0\u1edbc t\u01b0\u01a1ng n\u00e0y l\u00e0 \u0111\u1eadu n\u00e0nh, l\u00faa m\u00ec, mu\u1ed1i v\u00e0 c\u00e1c ch\u1ea5t l\u00ean men nh\u01b0 n\u1ea5m m\u1ed1c ho\u1eb7c men.<\/p>\n<p>N\u01b0\u1edbc t\u01b0\u01a1ng nh\u1ea5t ph\u1ea9m \u0111\u01b0\u1ee3c s\u1ea3n xu\u1ea5t tr\u00ean d\u00e2y chuy\u1ec1n c\u00f4ng ngh\u1ec7 ho\u00e0n to\u00e0n m\u1edbi tu\u00e2n th\u1ee7 nghi\u00eam ng\u1eb7t c\u00e1c quy \u0111\u1ecbnh v\u1ec1 an to\u00e0n th\u1ef1c ph\u1ea9m theo quy \u0111\u1ecbnh ph\u00e1p lu\u1eadt, an to\u00e0n s\u1ee9c kh\u1ecfe cho ng\u01b0\u1eddi s\u1eed d\u1ee5ng.<\/p>\n<p><img fetchpriority=\"high\" decoding=\"async\" class=\"wp-image-16576 aligncenter\" src=\"https:\/\/havamall.vn\/wp-content\/uploads\/2020\/09\/c\u1ef1c-ti\u00ean-2.jpg\" alt=\"\" width=\"532\" height=\"544\" srcset=\"https:\/\/havamall.vn\/wp-content\/uploads\/2020\/09\/c\u1ef1c-ti\u00ean-2.jpg 587w, https:\/\/havamall.vn\/wp-content\/uploads\/2020\/09\/c\u1ef1c-ti\u00ean-2-430x440.jpg 430w, https:\/\/havamall.vn\/wp-content\/uploads\/2020\/09\/c\u1ef1c-ti\u00ean-2-150x153.jpg 150w, https:\/\/havamall.vn\/wp-content\/uploads\/2020\/09\/c\u1ef1c-ti\u00ean-2-294x300.jpg 294w\" sizes=\"(max-width: 532px) 100vw, 532px\" \/><\/p>\n<p><strong>Th\u00f4ng tin chi ti\u1ebft s\u1ea3n ph\u1ea9m<\/strong><\/p>\n<p>\u2013 Nh\u00e3n hi\u1ec7u: Haday<\/p>\n<p>\u2013 Xu\u1ea5t x\u1ee9: Trung Qu\u1ed1c<\/p>\n<p>\u2013 Quy c\u00e1ch \u0111\u00f3ng g\u00f3i: 6 chai\/th\u00f9ng<\/p>\n<p>\u2013 Th\u1ec3 t\u00edch th\u1ef1c: 750 ml<\/p>\n<p>\u2013 Th\u00e0nh ph\u1ea7n: N\u01b0\u1edbc, \u0111\u1eadu n\u00e0nh, b\u1ed9t m\u00ec, mu\u1ed1i, chi\u1ebft xu\u1ea5t n\u1ea5m men, ch\u1ea5t \u0111i\u1ec1u v\u1ecb,\u2026<\/p>\n<p><img decoding=\"async\" class=\"wp-image-16577 aligncenter\" src=\"https:\/\/havamall.vn\/wp-content\/uploads\/2020\/09\/c\u1ef1c-ti\u00ean-22.jpg\" alt=\"\" width=\"468\" height=\"301\" srcset=\"https:\/\/havamall.vn\/wp-content\/uploads\/2020\/09\/c\u1ef1c-ti\u00ean-22.jpg 700w, https:\/\/havamall.vn\/wp-content\/uploads\/2020\/09\/c\u1ef1c-ti\u00ean-22-430x276.jpg 430w, https:\/\/havamall.vn\/wp-content\/uploads\/2020\/09\/c\u1ef1c-ti\u00ean-22-150x96.jpg 150w, https:\/\/havamall.vn\/wp-content\/uploads\/2020\/09\/c\u1ef1c-ti\u00ean-22-300x193.jpg 300w, https:\/\/havamall.vn\/wp-content\/uploads\/2020\/09\/c\u1ef1c-ti\u00ean-22-600x386.jpg 600w\" sizes=\"(max-width: 468px) 100vw, 468px\" \/><\/p>\n<p>\u2013 H\u01b0\u1edbng d\u1eabn s\u1eed d\u1ee5ng: D\u00f9ng \u0111\u1ec3 tr\u1ed9n n\u1ed9m v\u00e0 c\u00e1c m\u00f3n tr\u1ed9n, ho\u1eb7c \u01b0\u1edbp c\u00e1c m\u00f3n x\u00e0o<\/p>\n<p>\u2013 H\u01b0\u1edbng d\u1eabn b\u1ea3o qu\u1ea3n: B\u1ea3o qu\u1ea3n n\u01a1i kh\u00f4 r\u00e1o, tho\u00e1ng m\u00e1t. Sau khi s\u1eed d\u1ee5ng \u0111\u1eady ch\u1eb7t n\u1eafp v\u00e0 b\u1ea3o qu\u1ea3n trong t\u1ee7 l\u1ea1nh.<\/p>\n<p>\u2013 H\u1ea1n s\u1eed d\u1ee5ng: In tr\u00ean bao b\u00ec c\u1ee7a s\u1ea3n ph\u1ea9m.<\/p>\n<p><strong>C\u00f4ng d\u1ee5ng c\u1ee7a n\u01b0\u1edbc t\u01b0\u01a1ng c\u1ef1c thi\u00ean<\/strong><\/p>\n<p>\u2013 D\u00f9ng tr\u1ef1c ti\u1ebfp l\u00e0m n\u01b0\u1edbc ch\u1ea5m:<\/p>\n<p>+ Ch\u1ea5m c\u00e1c m\u00f3n rau, c\u1ee7, qu\u1ea3<\/p>\n<p>+ Pha l\u1eabn v\u1edbi m\u00f9 t\u1ea1t ch\u1ea5m g\u1ecfi cu\u1ed1n, sushi, c\u00e1c m\u00f3n g\u1ecfi t\u01b0\u01a1i s\u1ed1ng,..<\/p>\n<p>+ Pha ch\u1ebf v\u1edbi t\u1ecfi, \u1edbt b\u0103m nh\u1ecf ch\u1ea5m c\u00e1c m\u00f3n n\u01b0\u1edbng, lu\u1ed9c, chi\u00ean,..<\/p>\n<p><img decoding=\"async\" class=\"size-full wp-image-16578 aligncenter\" src=\"https:\/\/havamall.vn\/wp-content\/uploads\/2020\/09\/c\u1ef1c-ti\u00ean-1.jpg\" alt=\"\" width=\"450\" height=\"600\" srcset=\"https:\/\/havamall.vn\/wp-content\/uploads\/2020\/09\/c\u1ef1c-ti\u00ean-1.jpg 450w, https:\/\/havamall.vn\/wp-content\/uploads\/2020\/09\/c\u1ef1c-ti\u00ean-1-430x573.jpg 430w, https:\/\/havamall.vn\/wp-content\/uploads\/2020\/09\/c\u1ef1c-ti\u00ean-1-150x200.jpg 150w, https:\/\/havamall.vn\/wp-content\/uploads\/2020\/09\/c\u1ef1c-ti\u00ean-1-225x300.jpg 225w\" sizes=\"(max-width: 450px) 100vw, 450px\" \/><\/p>\n<p>\u2013 D\u00f9ng l\u00e0m gia v\u1ecb \u01b0\u1edbp kho, x\u00e0o, t\u1ea1o m\u00e0u s\u1eafc \u0111\u1eadm \u0111\u00e0 v\u00e0 th\u01a1m ngon h\u01a1n c\u00e1ch th\u1eafng \u0111\u01b0\u1eddng th\u00f4ng th\u01b0\u1eddng.<\/p>\n<p>\u2013 D\u00f9ng l\u00e0m gia v\u1ecb t\u1ea7m \u01b0\u1edbp v\u00e0 ch\u1ebf bi\u1ebfn c\u00e1c m\u00f3n h\u1ea3i s\u1ea3n, th\u1ecbt, c\u00e1,.. n\u01b0\u1edbng, l\u1ea9u v\u00e0 nhi\u1ec1u m\u00f3n \u0103n kh\u00e1c mang l\u1ea1i h\u01b0\u01a1ng v\u1ecb r\u1ea5t ngon v\u00e0 kh\u00e1c bi\u1ec7t.<\/p>","protected":false},"excerpt":{"rendered":"<ul>\n<li>N\u01b0\u1edbc t\u01b0\u01a1ng c\u1ef1c thi\u00ean\u00a0\u0111\u01b0\u1ee3c ch\u1ebf bi\u1ebfn b\u1eb1ng c\u00e1ch l\u00ean men \u0111\u1eadu n\u00e0nh v\u00e0 l\u00faa m\u00ec. B\u1ed1n th\u00e0nh ph\u1ea7n ch\u00ednh trong n\u01b0\u1edbc t\u01b0\u01a1ng n\u00e0y l\u00e0 \u0111\u1eadu n\u00e0nh, l\u00faa m\u00ec, mu\u1ed1i v\u00e0 c\u00e1c ch\u1ea5t l\u00ean men.<\/li>\n<li>N\u01b0\u1edbc t\u01b0\u01a1ng nh\u1ea5t ph\u1ea9m \u0111\u01b0\u1ee3c s\u1ea3n xu\u1ea5t tr\u00ean d\u00e2y chuy\u1ec1n c\u00f4ng ngh\u1ec7 ho\u00e0n to\u00e0n m\u1edbi tu\u00e2n th\u1ee7 nghi\u00eam ng\u1eb7t c\u00e1c quy \u0111\u1ecbnh v\u1ec1 an to\u00e0n th\u1ef1c ph\u1ea9m theo quy \u0111\u1ecbnh ph\u00e1p lu\u1eadt, an to\u00e0n s\u1ee9c kh\u1ecfe cho ng\u01b0\u1eddi s\u1eed d\u1ee5ng.<\/li>\n<\/ul>","protected":false},"featured_media":16580,"comment_status":"open","ping_status":"closed","template":"","meta":[],"product_brand":[],"product_cat":[40,36,134],"product_tag":[],"class_list":{"0":"post-16575","1":"product","2":"type-product","3":"status-publish","4":"has-post-thumbnail","6":"product_cat-sieuthi-giasi","7":"product_cat-thuc-pham-tieu-dung","8":"product_cat-thucpham-saykho","9":"pa_brand-hai-thien","11":"first","12":"outofstock","13":"sale","14":"shipping-taxable","15":"purchasable","16":"product-type-simple"},"_links":{"self":[{"href":"https:\/\/havamall.vn\/en\/wp-json\/wp\/v2\/product\/16575"}],"collection":[{"href":"https:\/\/havamall.vn\/en\/wp-json\/wp\/v2\/product"}],"about":[{"href":"https:\/\/havamall.vn\/en\/wp-json\/wp\/v2\/types\/product"}],"replies":[{"embeddable":true,"href":"https:\/\/havamall.vn\/en\/wp-json\/wp\/v2\/comments?post=16575"}],"version-history":[{"count":0,"href":"https:\/\/havamall.vn\/en\/wp-json\/wp\/v2\/product\/16575\/revisions"}],"wp:featuredmedia":[{"embeddable":true,"href":"https:\/\/havamall.vn\/en\/wp-json\/wp\/v2\/media\/16580"}],"wp:attachment":[{"href":"https:\/\/havamall.vn\/en\/wp-json\/wp\/v2\/media?parent=16575"}],"wp:term":[{"taxonomy":"product_brand","embeddable":true,"href":"https:\/\/havamall.vn\/en\/wp-json\/wp\/v2\/product_brand?post=16575"},{"taxonomy":"product_cat","embeddable":true,"href":"https:\/\/havamall.vn\/en\/wp-json\/wp\/v2\/product_cat?post=16575"},{"taxonomy":"product_tag","embeddable":true,"href":"https:\/\/havamall.vn\/en\/wp-json\/wp\/v2\/product_tag?post=16575"}],"curies":[{"name":"wp","href":"https:\/\/api.w.org\/{rel}","templated":true}]}}