{"id":16569,"date":"2020-09-29T11:26:06","date_gmt":"2020-09-29T04:26:06","guid":{"rendered":"https:\/\/havamall.vn\/?post_type=product&#038;p=16569"},"modified":"2021-04-27T15:09:43","modified_gmt":"2021-04-27T08:09:43","slug":"thung-12-chai-nuoc-tuong-nhat-pham-tien-hai-thien-500ml-box-of-12-bottle-nhat-pham-tien-hai-thien-soy-sauce-500ml","status":"publish","type":"product","link":"https:\/\/havamall.vn\/en\/shop\/thung-12-chai-nuoc-tuong-nhat-pham-tien-hai-thien-500ml-box-of-12-bottle-nhat-pham-tien-hai-thien-soy-sauce-500ml\/","title":{"rendered":"Th\u00f9ng 12 Chai N\u01b0\u1edbc T\u01b0\u01a1ng Nh\u1ea5t Ph\u1ea9m Ti\u00ean H\u1ea3i Thi\u00ean 500ml &#8211; Box of 12 Bottle Nhat Pham Tien Hai Thien Soy Sauce 500ml"},"content":{"rendered":"<p><span style=\"font-weight: 400\">N\u01b0\u1edbc t\u01b0\u01a1ng nh\u1ea5t ph\u1ea9m l\u00e0 m\u1ed9t lo\u1ea1i gia v\u1ecb \u0111\u01b0\u1ee3c ch\u1ebf bi\u1ebfn b\u1eb1ng c\u00e1ch l\u00ean men \u0111\u1eadu n\u00e0nh v\u00e0 l\u00faa m\u00ec. B\u1ed1n th\u00e0nh ph\u1ea7n c\u01a1 b\u1ea3n trong gia v\u1ecb n\u00e0y l\u00e0 \u0111\u1eadu n\u00e0nh, l\u00faa m\u00ec, mu\u1ed1i v\u00e0 c\u00e1c ch\u1ea5t l\u00ean men nh\u01b0 n\u1ea5m m\u1ed1c ho\u1eb7c men.<\/span><\/p>\n<p><span style=\"font-weight: 400\">S\u1ea3n ph\u1ea9m c\u00f3 ngu\u1ed3n g\u1ed1c t\u1eeb Trung Qu\u1ed1c v\u00e0 \u0111\u00e3 \u0111\u01b0\u1ee3c s\u1eed d\u1ee5ng trong n\u1ea5u \u0103n trong h\u01a1n 1.000 n\u0103m. Ng\u00e0y nay, n\u01b0\u1edbc t\u01b0\u01a1ng l\u00e0 m\u1ed9t trong nh\u1eefng s\u1ea3n ph\u1ea9m l\u00e0m t\u1eeb \u0111\u1eadu n\u00e0nh n\u1ed5i ti\u1ebfng nh\u1ea5t tr\u00ean to\u00e0n th\u1ebf gi\u1edbi.<\/span><\/p>\n<p><img fetchpriority=\"high\" decoding=\"async\" class=\"wp-image-16570 aligncenter\" src=\"https:\/\/havamall.vn\/wp-content\/uploads\/2020\/09\/t\u01b0\u01a1ng-11.jpg\" alt=\"\" width=\"501\" height=\"501\" srcset=\"https:\/\/havamall.vn\/wp-content\/uploads\/2020\/09\/t\u01b0\u01a1ng-11.jpg 800w, https:\/\/havamall.vn\/wp-content\/uploads\/2020\/09\/t\u01b0\u01a1ng-11-430x430.jpg 430w, https:\/\/havamall.vn\/wp-content\/uploads\/2020\/09\/t\u01b0\u01a1ng-11-150x150.jpg 150w, https:\/\/havamall.vn\/wp-content\/uploads\/2020\/09\/t\u01b0\u01a1ng-11-700x700.jpg 700w, https:\/\/havamall.vn\/wp-content\/uploads\/2020\/09\/t\u01b0\u01a1ng-11-300x300.jpg 300w, https:\/\/havamall.vn\/wp-content\/uploads\/2020\/09\/t\u01b0\u01a1ng-11-768x768.jpg 768w, https:\/\/havamall.vn\/wp-content\/uploads\/2020\/09\/t\u01b0\u01a1ng-11-600x600.jpg 600w, https:\/\/havamall.vn\/wp-content\/uploads\/2020\/09\/t\u01b0\u01a1ng-11-100x100.jpg 100w\" sizes=\"(max-width: 501px) 100vw, 501px\" \/><\/p>\n<p><span style=\"font-weight: 400\">N\u01b0\u1edbc t\u01b0\u01a1ng nh\u1ea5t ph\u1ea9m \u0111\u01b0\u1ee3c s\u1ea3n xu\u1ea5t tr\u00ean d\u00e2y chuy\u1ec1n c\u00f4ng ngh\u1ec7 ho\u00e0n to\u00e0n m\u1edbi tu\u00e2n th\u1ee7 nghi\u00eam ng\u1eb7t c\u00e1c quy \u0111\u1ecbnh v\u1ec1 an to\u00e0n th\u1ef1c ph\u1ea9m theo quy \u0111\u1ecbnh ph\u00e1p lu\u1eadt, an to\u00e0n s\u1ee9c kh\u1ecfe cho ng\u01b0\u1eddi s\u1eed d\u1ee5ng.<\/span><\/p>\n<p><strong>C\u00f4ng d\u1ee5ng c\u1ee7a n\u01b0\u1edbc t\u01b0\u01a1ng nh\u1ea5t ph\u1ea9m:<\/strong><\/p>\n<p><span style=\"font-weight: 400\">\u2013 D\u00f9ng \u0111\u1ec3 l\u00e0m n\u01b0\u1edbc ch\u1ea5m, \u0111\u1eb7c bi\u1ec7t l\u00e0 ch\u1ea5m rau, c\u1ee7, qu\u1ea3.<\/span><\/p>\n<p><span style=\"font-weight: 400\">\u2013 D\u00f9ng l\u00e0m gia v\u1ecb \u01b0\u1edbp kho, x\u00e0o, t\u1ea1o m\u00e0u s\u1eafc \u0111\u1eadm \u0111\u00e0 v\u00e0 th\u01a1m ngon h\u01a1n c\u00e1ch th\u00f4ng th\u01b0\u1eddng.<\/span><\/p>\n<p><img decoding=\"async\" class=\"wp-image-16571 aligncenter\" src=\"https:\/\/havamall.vn\/wp-content\/uploads\/2020\/09\/t\u01b0\u01a1ng-1.jpg\" alt=\"\" width=\"520\" height=\"517\" srcset=\"https:\/\/havamall.vn\/wp-content\/uploads\/2020\/09\/t\u01b0\u01a1ng-1.jpg 600w, https:\/\/havamall.vn\/wp-content\/uploads\/2020\/09\/t\u01b0\u01a1ng-1-430x428.jpg 430w, https:\/\/havamall.vn\/wp-content\/uploads\/2020\/09\/t\u01b0\u01a1ng-1-150x150.jpg 150w, https:\/\/havamall.vn\/wp-content\/uploads\/2020\/09\/t\u01b0\u01a1ng-1-100x100.jpg 100w\" sizes=\"(max-width: 520px) 100vw, 520px\" \/><\/p>\n<p><span style=\"font-weight: 400\">\u2013 D\u00f9ng l\u00e0m gia v\u1ecb t\u1ea9m \u01b0\u1edbp v\u00e0 ch\u1ebf bi\u1ebfn c\u00e1c m\u00f3n h\u1ea3i s\u1ea3n, th\u1ecbt, c\u00e1, n\u01b0\u1edbng, l\u1ea9u v\u00e0 nhi\u1ec1u m\u00f3n \u0103n kh\u00e1c mang l\u1ea1i h\u01b0\u01a1ng v\u1ecb r\u1ea5t ngon v\u00e0 kh\u00e1c bi\u1ec7t.<\/span><\/p>\n<p><strong>Th\u00f4ng tin chi ti\u1ebft s\u1ea3n ph\u1ea9m<\/strong><\/p>\n<p><span style=\"font-weight: 400\">\u2013 Nh\u00e3n hi\u1ec7u: Haday<\/span><\/p>\n<p><span style=\"font-weight: 400\">\u2013 Xu\u1ea5t x\u1ee9: Trung Qu\u1ed1c<\/span><\/p>\n<p><span style=\"font-weight: 400\">\u2013 Quy c\u00e1ch \u0111\u00f3ng g\u00f3i: 12 chai\/th\u00f9ng<\/span><\/p>\n<p><span style=\"font-weight: 400\">\u2013 Th\u1ec3 t\u00edch th\u1ef1c: 500ml<\/span><\/p>\n<p><span style=\"font-weight: 400\">\u2013 Th\u00e0nh ph\u1ea7n: N\u01b0\u1edbc, \u0111\u1eadu n\u00e0nh, b\u1ed9t m\u00ec, mu\u1ed1i, chi\u1ebft xu\u1ea5t n\u1ea5m men, ch\u1ea5t \u0111i\u1ec1u v\u1ecb,\u2026<\/span><\/p>\n<p><img decoding=\"async\" class=\"wp-image-16573 aligncenter\" src=\"https:\/\/havamall.vn\/wp-content\/uploads\/2020\/09\/t\u01b0\u01a1ng-2.jpg\" alt=\"\" width=\"458\" height=\"611\" srcset=\"https:\/\/havamall.vn\/wp-content\/uploads\/2020\/09\/t\u01b0\u01a1ng-2.jpg 450w, https:\/\/havamall.vn\/wp-content\/uploads\/2020\/09\/t\u01b0\u01a1ng-2-430x573.jpg 430w, https:\/\/havamall.vn\/wp-content\/uploads\/2020\/09\/t\u01b0\u01a1ng-2-150x200.jpg 150w, https:\/\/havamall.vn\/wp-content\/uploads\/2020\/09\/t\u01b0\u01a1ng-2-225x300.jpg 225w\" sizes=\"(max-width: 458px) 100vw, 458px\" \/><\/p>\n<p><span style=\"font-weight: 400\">\u2013 H\u01b0\u1edbng d\u1eabn s\u1eed d\u1ee5ng: D\u00f9ng \u0111\u1ec3 tr\u1ed9n n\u1ed9m v\u00e0 c\u00e1c m\u00f3n tr\u1ed9n, ho\u1eb7c \u01b0\u1edbp c\u00e1c m\u00f3n x\u00e0o<\/span><\/p>\n<p><span style=\"font-weight: 400\">\u2013 H\u01b0\u1edbng d\u1eabn b\u1ea3o qu\u1ea3n: B\u1ea3o qu\u1ea3n n\u01a1i kh\u00f4 r\u00e1o, tho\u00e1ng m\u00e1t. Sau khi s\u1eed d\u1ee5ng \u0111\u1eady ch\u1eb7t n\u1eafp v\u00e0 b\u1ea3o qu\u1ea3n trong t\u1ee7 l\u1ea1nh.<\/span><\/p>\n<p><span style=\"font-weight: 400\">\u2013 H\u1ea1n s\u1eed d\u1ee5ng: In tr\u00ean bao b\u00ec c\u1ee7a s\u1ea3n ph\u1ea9m.<\/span><\/p>","protected":false},"excerpt":{"rendered":"<ul>\n<li><span style=\"font-weight: 400\">N\u01b0\u1edbc t\u01b0\u01a1ng nh\u1ea5t ph\u1ea9m l\u00e0 m\u1ed9t lo\u1ea1i gia v\u1ecb \u0111\u01b0\u1ee3c ch\u1ebf bi\u1ebfn b\u1eb1ng c\u00e1ch l\u00ean men \u0111\u1eadu n\u00e0nh v\u00e0 l\u00faa m\u00ec. B\u1ed1n th\u00e0nh ph\u1ea7n c\u01a1 b\u1ea3n trong gia v\u1ecb n\u00e0y l\u00e0 \u0111\u1eadu n\u00e0nh, l\u00faa m\u00ec, mu\u1ed1i v\u00e0 c\u00e1c ch\u1ea5t l\u00ean men nh\u01b0 n\u1ea5m m\u1ed1c ho\u1eb7c men.<\/span><\/li>\n<li><span style=\"font-weight: 400\">N\u01b0\u1edbc t\u01b0\u01a1ng nh\u1ea5t ph\u1ea9m \u0111\u01b0\u1ee3c s\u1ea3n xu\u1ea5t tr\u00ean d\u00e2y chuy\u1ec1n c\u00f4ng ngh\u1ec7 ho\u00e0n to\u00e0n m\u1edbi tu\u00e2n th\u1ee7 nghi\u00eam ng\u1eb7t c\u00e1c quy \u0111\u1ecbnh v\u1ec1 an to\u00e0n th\u1ef1c ph\u1ea9m theo quy \u0111\u1ecbnh ph\u00e1p lu\u1eadt, an to\u00e0n s\u1ee9c kh\u1ecfe cho ng\u01b0\u1eddi s\u1eed d\u1ee5ng.<\/span><\/li>\n<\/ul>","protected":false},"featured_media":16574,"comment_status":"open","ping_status":"closed","template":"","meta":[],"product_brand":[],"product_cat":[40],"product_tag":[],"class_list":{"0":"post-16569","1":"product","2":"type-product","3":"status-publish","4":"has-post-thumbnail","6":"product_cat-sieuthi-giasi","7":"pa_brand-hai-thien","9":"first","10":"outofstock","11":"sale","12":"shipping-taxable","13":"purchasable","14":"product-type-simple"},"_links":{"self":[{"href":"https:\/\/havamall.vn\/en\/wp-json\/wp\/v2\/product\/16569"}],"collection":[{"href":"https:\/\/havamall.vn\/en\/wp-json\/wp\/v2\/product"}],"about":[{"href":"https:\/\/havamall.vn\/en\/wp-json\/wp\/v2\/types\/product"}],"replies":[{"embeddable":true,"href":"https:\/\/havamall.vn\/en\/wp-json\/wp\/v2\/comments?post=16569"}],"version-history":[{"count":0,"href":"https:\/\/havamall.vn\/en\/wp-json\/wp\/v2\/product\/16569\/revisions"}],"wp:featuredmedia":[{"embeddable":true,"href":"https:\/\/havamall.vn\/en\/wp-json\/wp\/v2\/media\/16574"}],"wp:attachment":[{"href":"https:\/\/havamall.vn\/en\/wp-json\/wp\/v2\/media?parent=16569"}],"wp:term":[{"taxonomy":"product_brand","embeddable":true,"href":"https:\/\/havamall.vn\/en\/wp-json\/wp\/v2\/product_brand?post=16569"},{"taxonomy":"product_cat","embeddable":true,"href":"https:\/\/havamall.vn\/en\/wp-json\/wp\/v2\/product_cat?post=16569"},{"taxonomy":"product_tag","embeddable":true,"href":"https:\/\/havamall.vn\/en\/wp-json\/wp\/v2\/product_tag?post=16569"}],"curies":[{"name":"wp","href":"https:\/\/api.w.org\/{rel}","templated":true}]}}