{"id":16564,"date":"2020-09-29T11:20:40","date_gmt":"2020-09-29T04:20:40","guid":{"rendered":"https:\/\/havamall.vn\/?post_type=product&#038;p=16564"},"modified":"2025-08-19T10:19:18","modified_gmt":"2025-08-19T03:19:18","slug":"thung-15-goi-banh-quy-lady-finger-savoiardi-divella-400gr-package-of-15-lady-finger-biscuits-savoiardi-divella-400gr","status":"publish","type":"product","link":"https:\/\/havamall.vn\/en\/shop\/thung-15-goi-banh-quy-lady-finger-savoiardi-divella-400gr-package-of-15-lady-finger-biscuits-savoiardi-divella-400gr\/","title":{"rendered":"Th\u00f9ng 15 G\u00f3i B\u00e1nh Quy Lady Finger Savoiardi Divella 400gr &#8211; Package of 15 Lady Finger Biscuits Savoiardi Divella 400gr"},"content":{"rendered":"<h3><strong>\u0110\u1eb6C \u0110I\u1ec2M TH\u01af\u01a0NG HI\u1ec6U<\/strong><\/h3>\n<p><span style=\"font-weight: 400\">\u2013 Divella l\u00e0 c\u00f4ng ty c\u00f3 l\u1ecbch s\u1eed h\u01a1n 130 n\u0103m trong ng\u00e0nh ch\u1ebf bi\u1ebfn m\u1ef3 pastase molina t\u1eeb b\u1ed9t m\u00ec durum.<\/span><\/p>\n<p><span style=\"font-weight: 400\">\u2013 N\u0103m 1890, \u00f4ng Francesco Divella \u0111\u00e3 x\u00e2y d\u1ef1ng nh\u00e0 m\u00e1y b\u1ed9t m\u00ec \u0111\u1ea7u ti\u00ean t\u1ea1i Rutigliano \u1edf mi\u1ec1n \u0110\u00f4ng Nam n\u01b0\u1edbc \u00dd, tr\u00e1i tim c\u1ee7a v\u00f9ng \u0111\u1ed3ng b\u1eb1ng Apulian, n\u1ed5i ti\u1ebfng l\u00e0 n\u01a1i c\u00f3 ch\u1ea5t l\u01b0\u1ee3ng b\u1ed9t m\u00ec t\u1ed1t nh\u1ea5t n\u01b0\u1edbc.<\/span><\/p>\n<p><span style=\"font-weight: 400\">\u2013 S\u1ea3n ph\u1ea9m c\u1ee7a Divella lu\u00f4n \u0111\u1ea1t \u0111\u01b0\u1ee3c ch\u1ea5t l\u01b0\u1ee3ng cao, \u0111\u1ea3m b\u1ea3o 100% nh\u1eefng quy \u0111\u1ecbnh v\u1ec1 an to\u00e0n v\u1ec7 sinh th\u1ef1c ph\u1ea9m t\u1eeb vi\u1ec7c l\u1ef1a ch\u1ecdn nguy\u00ean li\u1ec7u, ph\u01b0\u01a1ng th\u1ee9c s\u1ea3n xu\u1ea5t \u0111\u1ebfn vi\u1ec7c \u0111\u00f3ng g\u00f3i s\u1ea3n ph\u1ea9m.<\/span><\/p>\n<p><img fetchpriority=\"high\" decoding=\"async\" class=\"size-full wp-image-16566 aligncenter\" src=\"https:\/\/havamall.com\/wp-content\/uploads\/2025\/08\/divi-1.jpg\" alt=\"\" width=\"500\" height=\"291\" \/><\/p>\n<p><span style=\"font-weight: 400\">\u2013 Divella \u0111\u00e3 \u0111\u1ea1t \u0111\u01b0\u1ee3c ti\u00eau chu\u1ea9n ISO 9001: 2008 v\u00e0 Gi\u1ea5y ch\u1ee9ng nh\u1eadn \u0111\u1ea1t chu\u1ea9n th\u00e2n thi\u1ec7n v\u1edbi m\u00f4i tr\u01b0\u1eddng UNI EN ISO 14001:200.<\/span><\/p>\n<p><span style=\"font-weight: 400\">\u2013 Divella hi\u1ec7n \u0111ang chi\u1ebfm v\u1ecb tr\u00ed s\u1ed1 1 t\u1ea1i th\u1ecb tr\u01b0\u1eddng nhi\u1ec1u n\u01b0\u1edbc tr\u00ean th\u1ebf gi\u1edbi v\u00e0 c\u00e1c s\u1ea3n ph\u1ea9m c\u1ee7a Divella\u00a0 xu\u1ea5t kh\u1ea9u \u0111i h\u01a1n 100 n\u01b0\u1edbc.<\/span><\/p>\n<h3><strong>\u0110\u1eb6C \u0110I\u1ec2M S\u1ea2N PH\u1ea8M<\/strong><\/h3>\n<p><span style=\"font-weight: 400\">&#8211; B\u00e1nh Savoiardi l\u00e0 m\u1ed9t lo\u1ea1i b\u00e1nh x\u1ed1p ng\u1ecdt v\u00e0 nh\u1eb9. B\u00e1nh Savoiardi c\u00f3 t\u00ean g\u1ecdi kh\u00e1c l\u00e0 b\u00e1nh Ladyfinger v\u00ec c\u00f3 h\u00ecnh d\u1ea1ng nh\u01b0 m\u1ed9t ng\u00f3n tay l\u1edbn.\u00a0<\/span><\/p>\n<p><span style=\"font-weight: 400\">&#8211; B\u00e1nh Savoiardi c\u00f3 c\u00e1ch l\u00e0m gi\u1ed1ng v\u1edbi c\u1ed1t b\u00e1nh gato ch\u1ec9 kh\u00e1c \u1edf \u0111i\u1ec3m l\u00e0 khi n\u01b0\u1edbng \u0111\u01b0\u1ee3c n\u01b0\u1edbng \u1edf nhi\u1ec7t \u0111\u1ed9 r\u1ea5t cao n\u00ean b\u00e1nh kh\u00f4, x\u1ed1p. N\u00f3 th\u01b0\u1eddng \u0111\u01b0\u1ee3c d\u00f9ng l\u00e0 th\u00e0nh ph\u1ea7n trong nhi\u1ec1u m\u00f3n tr\u00e1ng mi\u1ec7ng nh\u01b0 b\u00e1nh x\u1ed1p kem, b\u00e1nh charlotte v\u00e0 tiramisu.\u00a0<\/span><\/p>\n<p><img decoding=\"async\" class=\"wp-image-25158 aligncenter\" src=\"https:\/\/havamall.com\/wp-content\/uploads\/2025\/08\/FHxDsXU-300x300.png\" alt=\"\" width=\"598\" height=\"598\" \/><\/p>\n<p><span style=\"font-weight: 400\">&#8211; B\u00e1nh Savoiardi c\u0169ng l\u00e0 m\u1ed9t m\u00f3n d\u00e0nh cho tr\u1ebb nh\u1ecf v\u00ec n\u00f3 m\u1ec1m, ph\u00f9 h\u1ee3p cho r\u0103ng m\u1edbi m\u1ecdc, d\u1ec5 d\u00e0ng c\u1ea7m n\u1eafm v\u00e0 kh\u00f4ng b\u1ecb v\u1ee1 v\u1ee5n.\u00a0<\/span><\/p>\n<p><span style=\"font-weight: 400\">&#8211; B\u00e1nh x\u1ed1p, gi\u00f2n tan th\u01a1m m\u00f9i b\u01a1 v\u00e0 tr\u1ee9ng g\u00e0. B\u00e1nh Savoiardi \u0111\u01b0\u1ee3c l\u00e0m t\u1eeb c\u00e1c nguy\u00ean li\u1ec7u th\u01a1m ngon: b\u1ed9t m\u00ec, \u0111\u01b0\u1eddng, b\u01a1, d\u1ea7u \u0103n, vani, h\u01b0\u01a1ng li\u1ec7u, tr\u1ee9ng\u2026 t\u1ea1o cho chi\u1ebfc b\u00e1nh th\u01a1m m\u00f9i tr\u1ee9ng v\u00e0 b\u01a1, v\u00f4 c\u00f9ng ng\u1ecdt ng\u00e0o, th\u01a1m ngon.\u00a0<\/span><\/p>\n<p><img decoding=\"async\" class=\"wp-image-25784 aligncenter\" src=\"https:\/\/havamall.com\/wp-content\/uploads\/2025\/08\/z3249726229567_29910e59f1d199b15e4ec4a540abaffb-286x300.jpg\" alt=\"\" width=\"598\" height=\"627\" \/><\/p>\n<p><span style=\"font-weight: 400\">&#8211; B\u00e1nhSavoiardi c\u00f3 th\u1ec3 d\u00f9ng \u0111\u1ec3 \u0103n tr\u1ef1c ti\u1ebfp kh\u00f4ng c\u1ea7n qua ch\u1ebf bi\u1ebfn ho\u1eb7c l\u00e0 nguy\u00ean li\u1ec7u kh\u00f4ng th\u1ec3 thi\u1ebfu trong b\u00e1nh tiramisu, b\u00e1nh Savoiardi c\u00f3 th\u1ec3 d\u00f9ng l\u00e0m n\u1ec1n b\u00e1nh cho b\u00e1nh cheesecake, trang tr\u00ed b\u00e1nh gato\u2026<\/span><\/p>\n<ul>\n<li style=\"font-weight: 400\"><span style=\"font-weight: 400\">Th\u01b0\u01a1ng hi\u1ec7u: Divella<\/span><\/li>\n<li style=\"font-weight: 400\"><span style=\"font-weight: 400\">Quy c\u00e1ch \u0111\u00f3ng g\u00f3i: 15 g\u00f3i\/th\u00f9ng<\/span><\/li>\n<li style=\"font-weight: 400\"><span style=\"font-weight: 400\">B\u1ea3o qu\u1ea3n: N\u01a1i kh\u00f4 r\u00e1o, tho\u00e1ng m\u00e1t.<\/span><\/li>\n<\/ul>","protected":false},"excerpt":{"rendered":"<ul>\n<li><span style=\"font-weight: 400\">B\u00e1nh Savoiardi l\u00e0 m\u1ed9t lo\u1ea1i b\u00e1nh x\u1ed1p ng\u1ecdt v\u00e0 nh\u1eb9. B\u00e1nh Savoiardi c\u00f3 t\u00ean g\u1ecdi kh\u00e1c l\u00e0 b\u00e1nh Ladyfinger v\u00ec c\u00f3 h\u00ecnh d\u1ea1ng nh\u01b0 m\u1ed9t ng\u00f3n tay l\u1edbn.\u00a0<\/span><\/li>\n<li><span style=\"font-weight: 400\">B\u00e1nhSavoiardi c\u00f3 th\u1ec3 d\u00f9ng \u0111\u1ec3 \u0103n tr\u1ef1c ti\u1ebfp kh\u00f4ng c\u1ea7n qua ch\u1ebf bi\u1ebfn ho\u1eb7c l\u00e0 nguy\u00ean li\u1ec7u kh\u00f4ng th\u1ec3 thi\u1ebfu trong b\u00e1nh tiramisu, b\u00e1nh Savoiardi c\u00f3 th\u1ec3 d\u00f9ng l\u00e0m n\u1ec1n b\u00e1nh cho b\u00e1nh cheesecake, trang tr\u00ed b\u00e1nh gato\u2026<\/span><\/li>\n<\/ul>","protected":false},"featured_media":16568,"comment_status":"open","ping_status":"closed","template":"","meta":[],"product_brand":[],"product_cat":[672,40,36,133],"product_tag":[],"class_list":{"0":"post-16564","1":"product","2":"type-product","3":"status-publish","4":"has-post-thumbnail","6":"product_cat-nhap-khau-y","7":"product_cat-sieuthi-giasi","8":"product_cat-thuc-pham-tieu-dung","9":"product_cat-banh-keo-chocolate","10":"pa_brand-divella","12":"first","13":"outofstock","14":"sale","15":"shipping-taxable","16":"purchasable","17":"product-type-simple"},"_links":{"self":[{"href":"https:\/\/havamall.vn\/en\/wp-json\/wp\/v2\/product\/16564"}],"collection":[{"href":"https:\/\/havamall.vn\/en\/wp-json\/wp\/v2\/product"}],"about":[{"href":"https:\/\/havamall.vn\/en\/wp-json\/wp\/v2\/types\/product"}],"replies":[{"embeddable":true,"href":"https:\/\/havamall.vn\/en\/wp-json\/wp\/v2\/comments?post=16564"}],"version-history":[{"count":0,"href":"https:\/\/havamall.vn\/en\/wp-json\/wp\/v2\/product\/16564\/revisions"}],"wp:featuredmedia":[{"embeddable":true,"href":"https:\/\/havamall.vn\/en\/wp-json\/wp\/v2\/media\/16568"}],"wp:attachment":[{"href":"https:\/\/havamall.vn\/en\/wp-json\/wp\/v2\/media?parent=16564"}],"wp:term":[{"taxonomy":"product_brand","embeddable":true,"href":"https:\/\/havamall.vn\/en\/wp-json\/wp\/v2\/product_brand?post=16564"},{"taxonomy":"product_cat","embeddable":true,"href":"https:\/\/havamall.vn\/en\/wp-json\/wp\/v2\/product_cat?post=16564"},{"taxonomy":"product_tag","embeddable":true,"href":"https:\/\/havamall.vn\/en\/wp-json\/wp\/v2\/product_tag?post=16564"}],"curies":[{"name":"wp","href":"https:\/\/api.w.org\/{rel}","templated":true}]}}