{"id":16559,"date":"2020-09-29T11:13:40","date_gmt":"2020-09-29T04:13:40","guid":{"rendered":"https:\/\/havamall.vn\/?post_type=product&#038;p=16559"},"modified":"2021-04-02T11:08:27","modified_gmt":"2021-04-02T04:08:27","slug":"thung-10-goi-kho-muc-xe-soi-mr-squid-65g-box-10-packs-of-dried-squid-shredded-mr-squid-65g","status":"publish","type":"product","link":"https:\/\/havamall.vn\/en\/shop\/thung-10-goi-kho-muc-xe-soi-mr-squid-65g-box-10-packs-of-dried-squid-shredded-mr-squid-65g\/","title":{"rendered":"Th\u00f9ng 10 G\u00f3i Kh\u00f4 M\u1ef1c X\u00e9 S\u1ee3i Mr. Squid 65g \u2013 Box 10 Packs of Dried Squid Shredded Mr. Squid 65g"},"content":{"rendered":"<p><span style=\"font-weight: 400\">TH\u00d4NG TIN C\u00d4NG TY<\/span><\/p>\n<p><span style=\"font-weight: 400\">&#8211; T.Thai Snack Food Co, Ltd. \u0111\u01b0\u1ee3c th\u00e0nh l\u1eadp n\u0103m 1996 v\u1edbi t\u01b0 c\u00e1ch l\u00e0 nh\u00e0 s\u1ea3n xu\u1ea5t v\u00e0 xu\u1ea5t kh\u1ea9u snack m\u1ef1c h\u00e0ng \u0111\u1ea7u v\u1edbi th\u01b0\u01a1ng hi\u1ec7u \u2018Mr. Squid \u2018v\u00e0\u2019 Squidy\u2019.<\/span><\/p>\n<p><span style=\"font-weight: 400\">&#8211; D\u00f2ng s\u1ea3n ph\u1ea9m c\u1ee7a c\u00f4ng ty bao g\u1ed3m t\u1ea5t c\u1ea3 c\u00e1c lo\u1ea1i snack m\u1ef1c bao g\u1ed3m m\u1ef1c n\u01b0\u1edbng gi\u00f2n, m\u1ef1c cu\u1ed9n, m\u1ef1c t\u1ea9m \u01b0\u1edbp gia v\u1ecb, m\u1ef1c x\u1ebd m\u1ec1m v\u00e0 \u0111\u1ea7u m\u1ef1c n\u01b0\u1edbng.<\/span><\/p>\n<p><span style=\"font-weight: 400\">&#8211; Hi\u1ec7n t\u1ea1i, c\u00f4ng ty \u0111\u00e3 xu\u1ea5t kh\u1ea9u s\u1ea3n ph\u1ea9m sang nhi\u1ec1u th\u1ecb tr\u01b0\u1eddng n\u01b0\u1edbc ngo\u00e0i kh\u00e1c nh\u01b0 M\u1ef9, Canada, Malaysia, Indonesia, H\u1ed3ng K\u00f4ng v\u00e0 c\u00e1c n\u01b0\u1edbc Asean.\u00a0<\/span><\/p>\n<p><img fetchpriority=\"high\" decoding=\"async\" class=\"wp-image-16560 aligncenter\" src=\"https:\/\/havamall.vn\/wp-content\/uploads\/2020\/09\/m\u1ef1c-2.jpg\" alt=\"\" width=\"564\" height=\"705\" srcset=\"https:\/\/havamall.vn\/wp-content\/uploads\/2020\/09\/m\u1ef1c-2.jpg 768w, https:\/\/havamall.vn\/wp-content\/uploads\/2020\/09\/m\u1ef1c-2-430x538.jpg 430w, https:\/\/havamall.vn\/wp-content\/uploads\/2020\/09\/m\u1ef1c-2-150x188.jpg 150w, https:\/\/havamall.vn\/wp-content\/uploads\/2020\/09\/m\u1ef1c-2-700x875.jpg 700w, https:\/\/havamall.vn\/wp-content\/uploads\/2020\/09\/m\u1ef1c-2-240x300.jpg 240w, https:\/\/havamall.vn\/wp-content\/uploads\/2020\/09\/m\u1ef1c-2-600x750.jpg 600w\" sizes=\"(max-width: 564px) 100vw, 564px\" \/><\/p>\n<p><span style=\"font-weight: 400\">TH\u00d4NG TIN S\u1ea2N PH\u1ea8M<\/span><\/p>\n<ul>\n<li style=\"font-weight: 400\"><span style=\"font-weight: 400\">Th\u01b0\u01a1ng hi\u1ec7u: Mr. Squid<\/span><\/li>\n<li style=\"font-weight: 400\"><span style=\"font-weight: 400\">Th\u00e0nh ph\u1ea7n: 100% th\u1ecbt m\u1ef1c \u00dac.<\/span><\/li>\n<li style=\"font-weight: 400\"><span style=\"font-weight: 400\">Quy c\u00e1ch \u0111\u00f3ng g\u00f3i: 10 g\u00f3i\/th\u00f9ng<\/span><\/li>\n<li style=\"font-weight: 400\"><span style=\"font-weight: 400\">H\u1ea1n s\u1eed d\u1ee5ng: Xem tr\u00ean bao b\u00ec s\u1ea3n ph\u1ea9m<\/span><\/li>\n<li style=\"font-weight: 400\"><span style=\"font-weight: 400\">B\u1ea3o qu\u1ea3n: B\u1ea3o qu\u1ea3n n\u01a1i kh\u00f4 r\u00e1o, tho\u00e1ng m\u00e1t, tr\u00e1nh \u00e1nh n\u1eafng tr\u1ef1c ti\u1ebfp. \u0110\u1eady k\u00edn s\u1ea3n ph\u1ea9m sau khi s\u1eed d\u1ee5ng, tr\u00e1nh l\u00e0m s\u1ea3n ph\u1ea9m h\u1edf gi\u00f3.<\/span><\/li>\n<\/ul>\n<p><img decoding=\"async\" class=\"wp-image-16561 aligncenter\" src=\"https:\/\/havamall.vn\/wp-content\/uploads\/2020\/09\/m\u1ef1c-22.jpg\" alt=\"\" width=\"545\" height=\"545\" srcset=\"https:\/\/havamall.vn\/wp-content\/uploads\/2020\/09\/m\u1ef1c-22.jpg 600w, https:\/\/havamall.vn\/wp-content\/uploads\/2020\/09\/m\u1ef1c-22-430x430.jpg 430w, https:\/\/havamall.vn\/wp-content\/uploads\/2020\/09\/m\u1ef1c-22-150x150.jpg 150w, https:\/\/havamall.vn\/wp-content\/uploads\/2020\/09\/m\u1ef1c-22-300x300.jpg 300w, https:\/\/havamall.vn\/wp-content\/uploads\/2020\/09\/m\u1ef1c-22-100x100.jpg 100w\" sizes=\"(max-width: 545px) 100vw, 545px\" \/><\/p>\n<p><span style=\"font-weight: 400\">\u0110\u1eb6C \u0110I\u1ec2M S\u1ea2N PH\u1ea8M<\/span><\/p>\n<p><span style=\"font-weight: 400\">&#8211; S\u1ea3n ph\u1ea9m \u0111\u01b0\u1ee3c s\u1ea3n xu\u1ea5t theo c\u00f4ng th\u1ee9c ch\u1ebf bi\u1ebfn chuy\u00ean nghi\u1ec7p, m\u00f9i v\u1ecb v\u00e0 ch\u1ea5t l\u01b0\u1ee3ng s\u1ea3n ph\u1ea9m v\u1eabn \u0111\u01b0\u1ee3c gi\u1eef nguy\u00ean sau khi \u0111\u01b0\u1ee3c s\u1ea5y kh\u00f4, m\u1ec1m m\u1ea1i v\u00e0 \u0111\u1eadm \u0111\u00e3 h\u01b0\u01a1ng v\u1ecb khi s\u1eed d\u1ee5ng.<\/span><\/p>\n<p><span style=\"font-weight: 400\">&#8211; S\u1ea3n ph\u1ea9m ti\u1ec7n l\u1ee3i, s\u1eed d\u1ee5ng ngay sau khi m\u1edf bao b\u00ec m\u00e0 kh\u00f4ng c\u1ea7n ph\u1ea3i ch\u1ebf bi\u1ebfn<\/span><\/p>\n<p><span style=\"font-weight: 400\">&#8211; M\u1ef1c \u0111\u01b0\u1ee3c l\u00e0m t\u1eeb nguy\u00ean li\u1ec7u 100% th\u1ecbt m\u1ef1c \u00dac, kh\u00f4ng tr\u1ed9n, kh\u00f4ng s\u1eed d\u1ee5ng ph\u1ea9m m\u00e0u, hay ch\u1ea5t ph\u1ee5 gia n\u00e0o n\u00ean \u0111\u1ea3m b\u1ea3o an to\u00e0n cho ng\u01b0\u1eddi s\u1eed d\u1ee5ng.<\/span><\/p>\n<p><img decoding=\"async\" class=\"wp-image-16562 aligncenter\" src=\"https:\/\/havamall.vn\/wp-content\/uploads\/2020\/09\/m\u1ef1c-3.jpg\" alt=\"\" width=\"501\" height=\"501\" srcset=\"https:\/\/havamall.vn\/wp-content\/uploads\/2020\/09\/m\u1ef1c-3.jpg 720w, https:\/\/havamall.vn\/wp-content\/uploads\/2020\/09\/m\u1ef1c-3-430x430.jpg 430w, https:\/\/havamall.vn\/wp-content\/uploads\/2020\/09\/m\u1ef1c-3-150x150.jpg 150w, https:\/\/havamall.vn\/wp-content\/uploads\/2020\/09\/m\u1ef1c-3-700x700.jpg 700w, https:\/\/havamall.vn\/wp-content\/uploads\/2020\/09\/m\u1ef1c-3-300x300.jpg 300w, https:\/\/havamall.vn\/wp-content\/uploads\/2020\/09\/m\u1ef1c-3-600x600.jpg 600w, https:\/\/havamall.vn\/wp-content\/uploads\/2020\/09\/m\u1ef1c-3-100x100.jpg 100w\" sizes=\"(max-width: 501px) 100vw, 501px\" \/><\/p>\n<p><span style=\"font-weight: 400\">&#8211; M\u1ef1c \u0111\u01b0\u1ee3c \u0111\u00f3ng g\u00f3i nh\u1ecf g\u1ecdn, mang l\u1ea1i s\u1ef1 ti\u1ec7n l\u1ee3i trong vi\u1ec7c s\u1eed d\u1ee5ng v\u00e0 b\u1ea3o qu\u1ea3n. S\u1ea3n ph\u1ea9m th\u00edch h\u1ee3p trong c\u00e1c bu\u1ed5i picnic, g\u1eb7p g\u1ee1 b\u1ea1n b\u00e8, \u0103n v\u1eb7t<\/span><\/p>\n<p><span style=\"font-weight: 400\">&#8211; C\u00f3 th\u1ec3 s\u1eed d\u1ee5ng kh\u00f4 m\u1ef1c \u0111\u1ec3 tr\u1ed9n g\u1ecfi c\u0169ng r\u1ea5t ngon v\u00e0 ti\u1ec7n l\u1ee3i.<\/span><\/p>","protected":false},"excerpt":{"rendered":"<ul>\n<li><span style=\"font-weight: 400\">M\u1ef1c \u0111\u01b0\u1ee3c l\u00e0m t\u1eeb nguy\u00ean li\u1ec7u 100% th\u1ecbt m\u1ef1c \u00dac, kh\u00f4ng tr\u1ed9n, kh\u00f4ng s\u1eed d\u1ee5ng ph\u1ea9m m\u00e0u, hay ch\u1ea5t ph\u1ee5 gia n\u00e0o n\u00ean \u0111\u1ea3m b\u1ea3o an to\u00e0n cho ng\u01b0\u1eddi s\u1eed d\u1ee5ng.<\/span><\/li>\n<li><span style=\"font-weight: 400\">S\u1ea3n ph\u1ea9m \u0111\u01b0\u1ee3c s\u1ea3n xu\u1ea5t theo c\u00f4ng th\u1ee9c ch\u1ebf bi\u1ebfn chuy\u00ean nghi\u1ec7p, m\u00f9i v\u1ecb v\u00e0 ch\u1ea5t l\u01b0\u1ee3ng s\u1ea3n ph\u1ea9m v\u1eabn \u0111\u01b0\u1ee3c gi\u1eef nguy\u00ean sau khi \u0111\u01b0\u1ee3c s\u1ea5y kh\u00f4, m\u1ec1m m\u1ea1i v\u00e0 \u0111\u1eadm \u0111\u00e3 h\u01b0\u01a1ng v\u1ecb khi s\u1eed d\u1ee5ng.<\/span><\/li>\n<li><span style=\"font-weight: 400\">S\u1ea3n ph\u1ea9m ti\u1ec7n l\u1ee3i, s\u1eed d\u1ee5ng ngay sau khi m\u1edf bao b\u00ec m\u00e0 kh\u00f4ng c\u1ea7n ph\u1ea3i ch\u1ebf bi\u1ebfn<\/span><\/li>\n<\/ul>","protected":false},"featured_media":16563,"comment_status":"open","ping_status":"closed","template":"","meta":[],"product_brand":[],"product_cat":[40,36,134],"product_tag":[],"class_list":{"0":"post-16559","1":"product","2":"type-product","3":"status-publish","4":"has-post-thumbnail","6":"product_cat-sieuthi-giasi","7":"product_cat-thuc-pham-tieu-dung","8":"product_cat-thucpham-saykho","10":"first","11":"outofstock","12":"sale","13":"shipping-taxable","14":"purchasable","15":"product-type-simple"},"_links":{"self":[{"href":"https:\/\/havamall.vn\/en\/wp-json\/wp\/v2\/product\/16559"}],"collection":[{"href":"https:\/\/havamall.vn\/en\/wp-json\/wp\/v2\/product"}],"about":[{"href":"https:\/\/havamall.vn\/en\/wp-json\/wp\/v2\/types\/product"}],"replies":[{"embeddable":true,"href":"https:\/\/havamall.vn\/en\/wp-json\/wp\/v2\/comments?post=16559"}],"version-history":[{"count":0,"href":"https:\/\/havamall.vn\/en\/wp-json\/wp\/v2\/product\/16559\/revisions"}],"wp:featuredmedia":[{"embeddable":true,"href":"https:\/\/havamall.vn\/en\/wp-json\/wp\/v2\/media\/16563"}],"wp:attachment":[{"href":"https:\/\/havamall.vn\/en\/wp-json\/wp\/v2\/media?parent=16559"}],"wp:term":[{"taxonomy":"product_brand","embeddable":true,"href":"https:\/\/havamall.vn\/en\/wp-json\/wp\/v2\/product_brand?post=16559"},{"taxonomy":"product_cat","embeddable":true,"href":"https:\/\/havamall.vn\/en\/wp-json\/wp\/v2\/product_cat?post=16559"},{"taxonomy":"product_tag","embeddable":true,"href":"https:\/\/havamall.vn\/en\/wp-json\/wp\/v2\/product_tag?post=16559"}],"curies":[{"name":"wp","href":"https:\/\/api.w.org\/{rel}","templated":true}]}}