{"id":16545,"date":"2020-09-29T09:51:08","date_gmt":"2020-09-29T02:51:08","guid":{"rendered":"https:\/\/havamall.vn\/?post_type=product&#038;p=16545"},"modified":"2025-03-18T14:45:03","modified_gmt":"2025-03-18T07:45:03","slug":"thung-24-goi-mi-spaghetti-divella-so-8-500g-box-24-packs-of-spaghetti-divella-no-8","status":"publish","type":"product","link":"https:\/\/havamall.vn\/en\/shop\/thung-24-goi-mi-spaghetti-divella-so-8-500g-box-24-packs-of-spaghetti-divella-no-8\/","title":{"rendered":"Th\u00f9ng 24 G\u00f3i M\u00ec Spaghetti Ristorante S\u1ed1 8 500g &#8211; Box 24 Packs Of Spaghetti Ristorante No. 8"},"content":{"rendered":"<p>\u0110\u1eb6C \u0110I\u1ec2M TH\u01af\u01a0NG HI\u1ec6U<\/p>\n<p>&#8211; Divella l\u00e0 c\u00f4ng ty c\u00f3 l\u1ecbch s\u1eed h\u01a1n 130 n\u0103m trong ng\u00e0nh ch\u1ebf bi\u1ebfn m\u1ef3 pastase molina t\u1eeb b\u1ed9t m\u00ec durum.<\/p>\n<p>&#8211; N\u0103m 1890, \u00f4ng Francesco Divella \u0111\u00e3 x\u00e2y d\u1ef1ng nh\u00e0 m\u00e1y b\u1ed9t m\u00ec \u0111\u1ea7u ti\u00ean t\u1ea1i Rutigliano \u1edf mi\u1ec1n \u0110\u00f4ng Nam n\u01b0\u1edbc \u00dd, tr\u00e1i tim c\u1ee7a v\u00f9ng \u0111\u1ed3ng b\u1eb1ng Apulian, n\u1ed5i ti\u1ebfng l\u00e0 n\u01a1i c\u00f3 ch\u1ea5t l\u01b0\u1ee3ng b\u1ed9t m\u00ec t\u1ed1t nh\u1ea5t n\u01b0\u1edbc.<\/p>\n<p>&#8211; S\u1ea3n ph\u1ea9m c\u1ee7a Divella lu\u00f4n \u0111\u1ea1t \u0111\u01b0\u1ee3c ch\u1ea5t l\u01b0\u1ee3ng cao, \u0111\u1ea3m b\u1ea3o 100% nh\u1eefng quy \u0111\u1ecbnh v\u1ec1 an to\u00e0n v\u1ec7 sinh th\u1ef1c ph\u1ea9m t\u1eeb vi\u1ec7c l\u1ef1a ch\u1ecdn nguy\u00ean li\u1ec7u, ph\u01b0\u01a1ng th\u1ee9c s\u1ea3n xu\u1ea5t \u0111\u1ebfn vi\u1ec7c \u0111\u00f3ng g\u00f3i s\u1ea3n ph\u1ea9m.<\/p>\n<p><img fetchpriority=\"high\" decoding=\"async\" class=\"aligncenter\" src=\"https:\/\/havamall.vn\/wp-content\/uploads\/2025\/03\/medium_null_ID3fdCDW.png\" width=\"523\" height=\"330\" \/><\/p>\n<p>&#8211; Divella \u0111\u00e3 \u0111\u1ea1t \u0111\u01b0\u1ee3c ti\u00eau chu\u1ea9n ISO 9001: 2008 v\u00e0 Gi\u1ea5y ch\u1ee9ng nh\u1eadn \u0111\u1ea1t chu\u1ea9n th\u00e2n thi\u1ec7n v\u1edbi m\u00f4i tr\u01b0\u1eddng UNI EN ISO 14001:200.<\/p>\n<p>&#8211; Divella hi\u1ec7n \u0111ang chi\u1ebfm v\u1ecb tr\u00ed s\u1ed1 1 t\u1ea1i th\u1ecb tr\u01b0\u1eddng nhi\u1ec1u n\u01b0\u1edbc tr\u00ean th\u1ebf gi\u1edbi v\u00e0 c\u00e1c s\u1ea3n ph\u1ea9m c\u1ee7a Divella\u00a0 xu\u1ea5t kh\u1ea9u \u0111i h\u01a1n 100 n\u01b0\u1edbc.<\/p>\n<p>TH\u00d4NG TIN S\u1ea2N PH\u1ea8M<\/p>\n<ul>\n<li>Th\u01b0\u01a1ng hi\u1ec7u: Divella<\/li>\n<li>Th\u00e0nh ph\u1ea7n: 100% b\u1ed9t l\u00faa m\u00ec nguy\u00ean ch\u1ea5t<\/li>\n<li>Quy c\u00e1ch \u0111\u00f3ng g\u00f3i: 24 g\u00f3i\/th\u00f9ng<\/li>\n<li>H\u1ea1n s\u1eed d\u1ee5ng: Xem tr\u00ean bao b\u00ec s\u1ea3n ph\u1ea9m<\/li>\n<li>B\u1ea3o qu\u1ea3n: B\u1ea3o qu\u1ea3n n\u01a1i kh\u00f4 r\u00e1o, tho\u00e1ng m\u00e1t, tr\u00e1nh \u00e1nh n\u1eafng tr\u1ef1c ti\u1ebfp<\/li>\n<\/ul>\n<p><img decoding=\"async\" class=\"aligncenter\" src=\"https:\/\/havamall.vn\/wp-content\/uploads\/2025\/03\/medium_null_Jz2CJfga3.jpg\" width=\"585\" height=\"585\" \/><\/p>\n<div class=\"caption\"><\/div>\n<p>\u0110\u1eb7c \u0110I\u1ec2M S\u1ea2N PH\u1ea8M:<\/p>\n<p>&#8211;\u00a0 M\u00ec Spaghetti Divella s\u1ed1 8 \u0111\u01b0\u1ee3c l\u00e0m t\u1eeb 100% b\u1ed9t l\u00faa m\u00ec nguy\u00ean ch\u1ea5t, gi\u00fap s\u1ee3i m\u00ec c\u00f3 \u0111\u1ed9 dai ngon ho\u00e0n h\u1ea3o, \u0111\u1ea3m b\u1ea3o gi\u1eef \u0111\u01b0\u1ee3c h\u01b0\u01a1ng v\u1ecb th\u01a1m ngon t\u1ef1 nhi\u00ean cho m\u00f3n m\u00ec.<\/p>\n<p>&#8211; S\u1ea3n ph\u1ea9m d\u1ea1ng m\u1ef3 kh\u00f4, c\u00f3 th\u1ec3 d\u00f9ng x\u00e0o, n\u1ea5u v\u00e0 k\u1ebft h\u1ee3p v\u1edbi nhi\u1ec1u lo\u1ea1i n\u01b0\u1edbc s\u1ed1t kh\u00e1c nhau t\u00f9y s\u1edf th\u00edch.<\/p>\n<p><img decoding=\"async\" class=\"aligncenter\" src=\"https:\/\/havamall.vn\/wp-content\/uploads\/2025\/03\/medium_null_OO-8B2ZBPp.png\" \/><\/p>\n<div class=\"caption\"><\/div>\n<p>&#8211; \u0110\u01b0\u1ee3c s\u1ea3n xu\u1ea5t tr\u00ean quy tr\u00ecnh c\u00f4ng ngh\u1ec7 hi\u1ec7n \u0111\u1ea1i, kh\u00e9p k\u00edn c\u1ee7a th\u01b0\u01a1ng hi\u1ec7u m\u00ec s\u1ee3i n\u1ed5i ti\u1ebfng \u2013 Divella, m\u00ec \u00fd Spaghetti Divella s\u1ed1 8 cam k\u1ebft \u0111\u1ea3m b\u1ea3o v\u1ec7 sinh an to\u00e0n th\u1ef1c ph\u1ea9m tuy\u1ec7t \u0111\u1ed1i cho m\u1ecdi kh\u00e1ch h\u00e0ng.<\/p>\n<p>&#8211; S\u1ea3n ph\u1ea9m \u0111\u01b0\u1ee3c \u0111\u00f3ng g\u00f3i d\u01b0\u1edbi d\u1ea1ng g\u00f3i 500g n\u00ean r\u1ea5t ti\u1ec7n l\u1ee3i trong vi\u1ec7c ch\u1ebf bi\u1ebfn v\u00e0 b\u1ea3o qu\u1ea3n.<\/p>","protected":false},"excerpt":{"rendered":"<p>M\u00ec Spaghetti Divella s\u1ed1 8 \u0111\u01b0\u1ee3c l\u00e0m t\u1eeb 100% b\u1ed9t l\u00faa m\u00ec nguy\u00ean ch\u1ea5t, gi\u00fap s\u1ee3i m\u00ec c\u00f3 \u0111\u1ed9 dai ngon ho\u00e0n h\u1ea3o, \u0111\u1ea3m b\u1ea3o gi\u1eef \u0111\u01b0\u1ee3c h\u01b0\u01a1ng v\u1ecb th\u01a1m ngon t\u1ef1 nhi\u00ean cho m\u00f3n m\u00ec.<\/p>","protected":false},"featured_media":16546,"comment_status":"open","ping_status":"closed","template":"","meta":[],"product_brand":[],"product_cat":[672,40,36,134],"product_tag":[],"class_list":{"0":"post-16545","1":"product","2":"type-product","3":"status-publish","4":"has-post-thumbnail","6":"product_cat-nhap-khau-y","7":"product_cat-sieuthi-giasi","8":"product_cat-thuc-pham-tieu-dung","9":"product_cat-thucpham-saykho","10":"pa_brand-divella","12":"first","13":"instock","14":"sale","15":"shipping-taxable","16":"purchasable","17":"product-type-simple"},"_links":{"self":[{"href":"https:\/\/havamall.vn\/en\/wp-json\/wp\/v2\/product\/16545"}],"collection":[{"href":"https:\/\/havamall.vn\/en\/wp-json\/wp\/v2\/product"}],"about":[{"href":"https:\/\/havamall.vn\/en\/wp-json\/wp\/v2\/types\/product"}],"replies":[{"embeddable":true,"href":"https:\/\/havamall.vn\/en\/wp-json\/wp\/v2\/comments?post=16545"}],"version-history":[{"count":0,"href":"https:\/\/havamall.vn\/en\/wp-json\/wp\/v2\/product\/16545\/revisions"}],"wp:featuredmedia":[{"embeddable":true,"href":"https:\/\/havamall.vn\/en\/wp-json\/wp\/v2\/media\/16546"}],"wp:attachment":[{"href":"https:\/\/havamall.vn\/en\/wp-json\/wp\/v2\/media?parent=16545"}],"wp:term":[{"taxonomy":"product_brand","embeddable":true,"href":"https:\/\/havamall.vn\/en\/wp-json\/wp\/v2\/product_brand?post=16545"},{"taxonomy":"product_cat","embeddable":true,"href":"https:\/\/havamall.vn\/en\/wp-json\/wp\/v2\/product_cat?post=16545"},{"taxonomy":"product_tag","embeddable":true,"href":"https:\/\/havamall.vn\/en\/wp-json\/wp\/v2\/product_tag?post=16545"}],"curies":[{"name":"wp","href":"https:\/\/api.w.org\/{rel}","templated":true}]}}