{"id":16537,"date":"2020-09-29T09:46:16","date_gmt":"2020-09-29T02:46:16","guid":{"rendered":"https:\/\/havamall.vn\/?post_type=product&#038;p=16537"},"modified":"2025-03-18T14:54:15","modified_gmt":"2025-03-18T07:54:15","slug":"thung-24-goi-mi-spaghetti-divella-so-12-500g-box-24-packs-of-spaghetti-divella-no-12","status":"publish","type":"product","link":"https:\/\/havamall.vn\/en\/shop\/thung-24-goi-mi-spaghetti-divella-so-12-500g-box-24-packs-of-spaghetti-divella-no-12\/","title":{"rendered":"Th\u00f9ng 24 G\u00f3i M\u00ec Fettuccine S\u1ed1 12 500g &#8211; Box 24 Packs Of Fettuccine No. 12"},"content":{"rendered":"<div class=\"descriptionBox\">\n<p><strong>TH\u00d4NG TIN S\u1ea2N PH\u1ea8M<\/strong><\/p>\n<ul>\n<li>Th\u01b0\u01a1ng hi\u1ec7u: Divella<\/li>\n<li>Xu\u1ea5t x\u1ee9: \u00dd<\/li>\n<li>Th\u00e0nh ph\u1ea7n: 100% b\u1ed9t l\u00faa m\u00ec nguy\u00ean ch\u1ea5t<\/li>\n<li>Quy c\u00e1ch \u0111\u00f3ng g\u00f3i: 24 g\u00f3i\/th\u00f9ng<\/li>\n<li>H\u1ea1n s\u1eed d\u1ee5ng: Xem tr\u00ean bao b\u00ec s\u1ea3n ph\u1ea9m<\/li>\n<\/ul>\n<p><img decoding=\"async\" class=\"aligncenter\" src=\"https:\/\/havamall.vn\/wp-content\/uploads\/2025\/03\/medium_null_BbLWWMchE.jpg\" \/><\/p>\n<div class=\"caption\"><\/div>\n<p><strong>\u0110\u1eb7c \u0110I\u1ec2M S\u1ea2N PH\u1ea8M:<\/strong><\/p>\n<p>&#8211;\u00a0 M\u00ec Fettuccine s\u1ed1 12 l\u00e0 s\u1ea3n ph\u1ea9m c\u1ee7a Divella &#8211; c\u00f4ng ty c\u00f3 l\u1ecbch s\u1eed h\u01a1n 130 n\u0103m trong ng\u00e0nh ch\u1ebf bi\u1ebfn m\u1ef3 pastase molina t\u1eeb b\u1ed9t m\u00ec durum.<\/p>\n<p>&#8211; S\u1ea3n ph\u1ea9m \u0111\u01b0\u1ee3c l\u00e0m t\u1eeb 100% b\u1ed9t l\u00faa m\u00ec nguy\u00ean ch\u1ea5t, kh\u00f4ng s\u1eed d\u1ee5ng ch\u1ea5t b\u1ea3o qu\u1ea3n, gi\u1eef \u0111\u01b0\u1ee3c h\u01b0\u01a1ng v\u1ecb th\u01a1m ngon t\u1ef1 nhi\u00ean cho m\u00f3n m\u00ec.<\/p>\n<p>&#8211; M\u00ec \u0111\u01b0\u1ee3c s\u1ea3n xu\u1ea5t tr\u00ean quy tr\u00ecnh c\u00f4ng ngh\u1ec7 hi\u1ec7n \u0111\u1ea1i, kh\u00e9p k\u00edn c\u1ee7a th\u01b0\u01a1ng hi\u1ec7u m\u00ec s\u1ee3i n\u1ed5i ti\u1ebfng \u2013 Divella, cam k\u1ebft \u0111\u1ea3m b\u1ea3o v\u1ec7 sinh an to\u00e0n th\u1ef1c ph\u1ea9m tuy\u1ec7t \u0111\u1ed1i cho m\u1ecdi kh\u00e1ch h\u00e0ng.<\/p>\n<p><img fetchpriority=\"high\" decoding=\"async\" class=\"aligncenter\" src=\"https:\/\/havamall.vn\/wp-content\/uploads\/2025\/03\/medium_null_14yLUF6vc.jpg\" width=\"510\" height=\"340\" \/><\/p>\n<div class=\"caption\"><\/div>\n<p><strong>H\u01af\u1edaNG D\u1eaaN S\u1eec D\u1ee4NG V\u00c0 C\u00c1CH B\u1ea2O QU\u1ea2N<\/strong><\/p>\n<p>&#8211; C\u00e1ch s\u1eed d\u1ee5ng:<\/p>\n<p>+ \u0110un m\u1ed9t l\u01b0\u1ee3ng n\u01b0\u1edbc s\u00f4i v\u1eeba ph\u1ea3i \u0111\u1ec3 lu\u1ed9c m\u00ec. Khi n\u01b0\u1edbc \u0111\u00e3 s\u00f4i, b\u1eaft \u0111\u1ea7u th\u1ea3 m\u00ec v\u00e0o c\u00f9ng v\u1edbi 1 mu\u1ed7ng mu\u1ed1i, 1 mu\u1ed7ng d\u1ea7u \u0103n cho 500 gram.<\/p>\n<p>+ N\u1ea5u trong v\u00f2ng 9-10 ph\u00fat, ki\u1ec3m tra m\u00e0u v\u00e0 \u0111\u1ed9 m\u1ec1m c\u1ee7a m\u00ec, n\u1ebfu th\u1ea5y c\u00f2n h\u01a1i c\u1ee9ng th\u00ec ti\u1ebfp t\u1ee5c lu\u1ed9c th\u00eam, c\u00f2n n\u1ebfu m\u1ef3 \u0111\u00e3 ch\u00edn m\u1ec1m th\u00ec v\u1edbt ra, v\u1edbt ra ngo\u00e0i \u0111\u1ec3 r\u00e1o n\u01b0\u1edbc.<\/p>\n<p><img decoding=\"async\" class=\"aligncenter\" src=\"https:\/\/havamall.vn\/wp-content\/uploads\/2025\/03\/medium_null_Ndi5Z2oM-N.jpg\" width=\"557\" height=\"359\" \/><\/p>\n<div class=\"caption\"><\/div>\n<p>+ L\u00e0m l\u1ea1nh nhanh b\u1eb1ng c\u00e1ch x\u1ea3 1 l\u1ea7n b\u1eb1ng n\u01b0\u1edbc l\u1ea1nh.<\/p>\n<p>&#8211; C\u00e1ch b\u1ea3o qu\u1ea3n: B\u1ea3o qu\u1ea3n n\u01a1i kh\u00f4 r\u00e1o, tho\u00e1ng m\u00e1t, tr\u00e1nh \u00e1nh n\u1eafng tr\u1ef1c ti\u1ebfp<\/p>\n<\/div>","protected":false},"excerpt":{"rendered":"<ul>\n<li>M\u00ec Spaghetti Divella s\u1ed1 12 l\u00e0 s\u1ea3n ph\u1ea9m c\u1ee7a Divella &#8211; c\u00f4ng ty c\u00f3 l\u1ecbch s\u1eed h\u01a1n 130 n\u0103m trong ng\u00e0nh ch\u1ebf bi\u1ebfn m\u1ef3 pastase molina t\u1eeb b\u1ed9t m\u00ec durum.<\/li>\n<li>M\u00ec \u0111\u01b0\u1ee3c s\u1ea3n xu\u1ea5t tr\u00ean quy tr\u00ecnh c\u00f4ng ngh\u1ec7 hi\u1ec7n \u0111\u1ea1i, kh\u00e9p k\u00edn c\u1ee7a th\u01b0\u01a1ng hi\u1ec7u m\u00ec s\u1ee3i n\u1ed5i ti\u1ebfng \u2013 Divella, cam k\u1ebft \u0111\u1ea3m b\u1ea3o v\u1ec7 sinh an to\u00e0n th\u1ef1c ph\u1ea9m tuy\u1ec7t \u0111\u1ed1i cho m\u1ecdi kh\u00e1ch h\u00e0ng.<\/li>\n<\/ul>","protected":false},"featured_media":16541,"comment_status":"open","ping_status":"closed","template":"","meta":[],"product_brand":[],"product_cat":[672,40,36,134],"product_tag":[],"class_list":{"0":"post-16537","1":"product","2":"type-product","3":"status-publish","4":"has-post-thumbnail","6":"product_cat-nhap-khau-y","7":"product_cat-sieuthi-giasi","8":"product_cat-thuc-pham-tieu-dung","9":"product_cat-thucpham-saykho","11":"first","12":"instock","13":"sale","14":"shipping-taxable","15":"purchasable","16":"product-type-simple"},"_links":{"self":[{"href":"https:\/\/havamall.vn\/en\/wp-json\/wp\/v2\/product\/16537"}],"collection":[{"href":"https:\/\/havamall.vn\/en\/wp-json\/wp\/v2\/product"}],"about":[{"href":"https:\/\/havamall.vn\/en\/wp-json\/wp\/v2\/types\/product"}],"replies":[{"embeddable":true,"href":"https:\/\/havamall.vn\/en\/wp-json\/wp\/v2\/comments?post=16537"}],"version-history":[{"count":0,"href":"https:\/\/havamall.vn\/en\/wp-json\/wp\/v2\/product\/16537\/revisions"}],"wp:featuredmedia":[{"embeddable":true,"href":"https:\/\/havamall.vn\/en\/wp-json\/wp\/v2\/media\/16541"}],"wp:attachment":[{"href":"https:\/\/havamall.vn\/en\/wp-json\/wp\/v2\/media?parent=16537"}],"wp:term":[{"taxonomy":"product_brand","embeddable":true,"href":"https:\/\/havamall.vn\/en\/wp-json\/wp\/v2\/product_brand?post=16537"},{"taxonomy":"product_cat","embeddable":true,"href":"https:\/\/havamall.vn\/en\/wp-json\/wp\/v2\/product_cat?post=16537"},{"taxonomy":"product_tag","embeddable":true,"href":"https:\/\/havamall.vn\/en\/wp-json\/wp\/v2\/product_tag?post=16537"}],"curies":[{"name":"wp","href":"https:\/\/api.w.org\/{rel}","templated":true}]}}