{"id":16528,"date":"2020-09-29T09:42:43","date_gmt":"2020-09-29T02:42:43","guid":{"rendered":"https:\/\/havamall.vn\/?post_type=product&#038;p=16528"},"modified":"2025-03-18T14:41:23","modified_gmt":"2025-03-18T07:41:23","slug":"thung-24-goi-mi-spaghetti-divella-so-14-500g-box-24-packs-of-spaghetti-divella-no-14","status":"publish","type":"product","link":"https:\/\/havamall.vn\/en\/shop\/thung-24-goi-mi-spaghetti-divella-so-14-500g-box-24-packs-of-spaghetti-divella-no-14\/","title":{"rendered":"Th\u00f9ng 24 G\u00f3i M\u00ec Linguine S\u1ed1 14 500g &#8211; Box 24 Packs Of Linguine No. 14"},"content":{"rendered":"<p>M\u00ec Linguine l\u00e0 m\u1ed9t m\u00f3n m\u1ef3 tr\u1ee9 danh c\u1ee7a \u1ea9m th\u1ef1c n\u01b0\u1edbc \u00dd. M\u00f3n m\u1ef3 n\u00e0y kh\u00f4ng ch\u1ec9 \u0111\u01b0\u1ee3c n\u1ed5i ti\u1ebfng trong n\u01b0\u1edbc m\u00e0 n\u00f3 c\u00f2n \u0111\u01b0\u1ee3c \u0111\u00f3n nh\u1eadn tr\u00ean to\u00e0n th\u1ebf gi\u1edbi. \u1ede Vi\u1ec7t Nam c\u0169ng v\u1eady, d\u00f9 \u0111\u01b0\u1ee3c du nh\u1eadp kh\u00f4ng l\u00e2u nh\u01b0ng m\u1ef3 Linguine \u0111\u00e3 tr\u1edf th\u00e0nh m\u1ed9t m\u00f3n \u0103n y\u00eau th\u00edch c\u0169ng nh\u01b0 c\u1ef1c k\u1ef3 ph\u1ed5 bi\u1ebfn.<\/p>\n<p>M\u00ec Linguine s\u1ed1 14 \u0111\u01b0\u1ee3c l\u00e0m t\u1eeb 100% b\u1ed9t l\u00faa m\u00ec nguy\u00ean ch\u1ea5t, gi\u00fap s\u1ee3i m\u00ec c\u00f3 \u0111\u1ed9 dai ngon ho\u00e0n h\u1ea3o, \u0111\u1ea3m b\u1ea3o gi\u1eef \u0111\u01b0\u1ee3c h\u01b0\u01a1ng v\u1ecb th\u01a1m ngon t\u1ef1 nhi\u00ean cho m\u00f3n m\u00ec.<\/p>\n<p><img fetchpriority=\"high\" decoding=\"async\" class=\"aligncenter\" src=\"https:\/\/havamall.vn\/wp-content\/uploads\/2025\/03\/medium_null_Ky6lfscOK.jpg\" width=\"557\" height=\"376\" \/><\/p>\n<p>Th\u00e0nh ph\u1ea7n nguy\u00ean li\u1ec7u \u0111\u01b0\u1ee3c ch\u1ecdn l\u1ecdc nghi\u00eam ng\u1eb7t, s\u1ea3n xu\u1ea5t tr\u00ean quy tr\u00ecnh c\u00f4ng ngh\u1ec7 hi\u1ec7n \u0111\u1ea1i, cam k\u1ebft \u0111\u1ea3m b\u1ea3o v\u1ec7 sinh an to\u00e0n th\u1ef1c ph\u1ea9m tuy\u1ec7t \u0111\u1ed1i cho m\u1ecdi kh\u00e1ch h\u00e0ng<\/p>\n<p>S\u1ea3n ph\u1ea9m d\u1ea1ng m\u1ef3 kh\u00f4, c\u00f3 th\u1ec3 d\u00f9ng x\u00e0o, n\u1ea5u v\u00e0 k\u1ebft h\u1ee3p v\u1edbi nhi\u1ec1u lo\u1ea1i n\u01b0\u1edbc s\u1ed1t kh\u00e1c nhau t\u00f9y s\u1edf th\u00edch.<\/p>\n<p>M\u00ec \u0111\u01b0\u1ee3c \u0111\u00f3ng g\u00f3i d\u01b0\u1edbi d\u1ea1ng t\u00fai nilon polypropylene PP.kh\u00f4ng m\u00e0u, n\u00ean r\u1ea5t ti\u1ec7n l\u1ee3i trong vi\u1ec7c s\u1eed d\u1ee5ng v\u00e0 b\u1ea3o qu\u1ea3n.<\/p>\n<p><img decoding=\"async\" class=\"aligncenter\" src=\"https:\/\/havamall.vn\/wp-content\/uploads\/2025\/03\/medium_null_q9EQrdg93J.jpg\" \/><\/p>\n<div class=\"caption\"><\/div>\n<p>TH\u00d4NG TIN S\u1ea2N PH\u1ea8M<\/p>\n<ul>\n<li>Th\u01b0\u01a1ng hi\u1ec7u: Divella<\/li>\n<li>Xu\u1ea5t x\u1ee9: \u00dd<\/li>\n<li>Th\u00e0nh ph\u1ea7n: 100% b\u1ed9t l\u00faa m\u00ec nguy\u00ean ch\u1ea5t<\/li>\n<li>Quy c\u00e1ch \u0111\u00f3ng g\u00f3i: 24 g\u00f3i\/th\u00f9ng<\/li>\n<li>H\u1ea1n s\u1eed d\u1ee5ng: Xem tr\u00ean bao b\u00ec s\u1ea3n ph\u1ea9m<\/li>\n<\/ul>\n<p><b>Havamall <\/b>h\u01b0\u1edbng d\u1eabn b\u1ea1n c\u00e1ch ch\u1ebf bi\u1ebfn m\u00ec \u00fd Linguine S\u1ed1 14<\/p>\n<p>B\u01b0\u1edbc 1: Lu\u1ed9c m\u1ef3<\/p>\n<p>\u2013 B\u1ea1n \u0111ong n\u01b0\u1edbc theo t\u1ec9 l\u1ec7: c\u1ee9 100 g m\u1ef3 th\u00ec d\u00f9ng 1L n\u01b0\u1edbc. \u0110un n\u01b0\u1edbc cho \u0111\u1ebfn khi s\u00f4i, b\u1ea1n ti\u1ebfn h\u00e0nh b\u1ecf mu\u1ed1i v\u00e0o theo t\u1ec9 l\u1ec7: c\u1ee9 1L n\u01b0\u1edbc th\u00ec t\u01b0\u01a1ng \u1ee9ng 5g mu\u1ed1i. Mu\u1ed1i tan, b\u1eadt l\u1eeda to \u0111\u1ec3 n\u01b0\u1edbc s\u00f4i b\u00f9ng l\u00ean r\u1ed3i th\u1ea3 m\u1ef3 v\u00e0o.<\/p>\n<p>\u2013 Khi n\u00e0o s\u1ee3i m\u1ef3 c\u1eafn v\u00e0o th\u1ea5y h\u01a1i d\u1ebbo, kh\u00f4ng b\u1ecb s\u01b0\u1ee3ng l\u00e0 \u0111\u00e3 ch\u00edn t\u1edbi. B\u1ea1n v\u1edbt ra \u0111\u1ec3 r\u00e1o.<\/p>\n<p><img decoding=\"async\" class=\"aligncenter\" src=\"https:\/\/havamall.vn\/wp-content\/uploads\/2025\/03\/medium_null_DCD0wWeqXl.png\" \/><\/p>\n<div class=\"caption\"><\/div>\n<p>B\u01b0\u1edbc 2: Ch\u1ebf bi\u1ebfn n\u01b0\u1edbc s\u1ed1t<\/p>\n<p>\u2013 T\u00f9y theo kh\u1ea9u v\u1ecb c\u1ee7a gia \u0111\u00ecnh, c\u00e1c b\u1ea1n c\u00f3 th\u1ec3 pha ch\u1ebf c\u00e1c lo\u1ea1i s\u1ed1t m\u1ef3 \u00fd quen thu\u1ed9c nh\u01b0: s\u1ed1t b\u00f2 b\u0103m, s\u1ed1t kem, s\u1ed1t h\u1ea3i s\u1ea3n,\u2026 tr\u1ed9n l\u00ean v\u1edbi M\u00ec \u00fd Linguine s\u1ed1 14 \u0111\u00e3 lu\u1ed9c \u1edf tr\u00ean l\u00e0 \u0111\u00e3 ho\u00e0n th\u00e0nh m\u00f3n m\u00ec \u00fd ngon \u0111\u00fang chu\u1ea9n r\u1ed3i \u0111\u00f3.<\/p>","protected":false},"excerpt":{"rendered":"<p>M\u00ec Spaghetti Divella s\u1ed1 14 \u0111\u01b0\u1ee3c l\u00e0m t\u1eeb 100% b\u1ed9t l\u00faa m\u00ec nguy\u00ean ch\u1ea5t, gi\u00fap s\u1ee3i m\u00ec c\u00f3 \u0111\u1ed9 dai ngon ho\u00e0n h\u1ea3o, \u0111\u1ea3m b\u1ea3o gi\u1eef \u0111\u01b0\u1ee3c h\u01b0\u01a1ng v\u1ecb th\u01a1m ngon t\u1ef1 nhi\u00ean cho m\u00f3n m\u00ec.<\/p>\n<p>Th\u00e0nh ph\u1ea7n nguy\u00ean li\u1ec7u \u0111\u01b0\u1ee3c ch\u1ecdn l\u1ecdc nghi\u00eam ng\u1eb7t, s\u1ea3n xu\u1ea5t tr\u00ean quy tr\u00ecnh c\u00f4ng ngh\u1ec7 hi\u1ec7n \u0111\u1ea1i, cam k\u1ebft \u0111\u1ea3m b\u1ea3o v\u1ec7 sinh an to\u00e0n th\u1ef1c ph\u1ea9m tuy\u1ec7t \u0111\u1ed1i cho m\u1ecdi kh\u00e1ch h\u00e0ng.<\/p>","protected":false},"featured_media":16530,"comment_status":"open","ping_status":"closed","template":"","meta":[],"product_brand":[],"product_cat":[672,40,36,134],"product_tag":[],"class_list":{"0":"post-16528","1":"product","2":"type-product","3":"status-publish","4":"has-post-thumbnail","6":"product_cat-nhap-khau-y","7":"product_cat-sieuthi-giasi","8":"product_cat-thuc-pham-tieu-dung","9":"product_cat-thucpham-saykho","11":"first","12":"instock","13":"sale","14":"shipping-taxable","15":"purchasable","16":"product-type-simple"},"_links":{"self":[{"href":"https:\/\/havamall.vn\/en\/wp-json\/wp\/v2\/product\/16528"}],"collection":[{"href":"https:\/\/havamall.vn\/en\/wp-json\/wp\/v2\/product"}],"about":[{"href":"https:\/\/havamall.vn\/en\/wp-json\/wp\/v2\/types\/product"}],"replies":[{"embeddable":true,"href":"https:\/\/havamall.vn\/en\/wp-json\/wp\/v2\/comments?post=16528"}],"version-history":[{"count":0,"href":"https:\/\/havamall.vn\/en\/wp-json\/wp\/v2\/product\/16528\/revisions"}],"wp:featuredmedia":[{"embeddable":true,"href":"https:\/\/havamall.vn\/en\/wp-json\/wp\/v2\/media\/16530"}],"wp:attachment":[{"href":"https:\/\/havamall.vn\/en\/wp-json\/wp\/v2\/media?parent=16528"}],"wp:term":[{"taxonomy":"product_brand","embeddable":true,"href":"https:\/\/havamall.vn\/en\/wp-json\/wp\/v2\/product_brand?post=16528"},{"taxonomy":"product_cat","embeddable":true,"href":"https:\/\/havamall.vn\/en\/wp-json\/wp\/v2\/product_cat?post=16528"},{"taxonomy":"product_tag","embeddable":true,"href":"https:\/\/havamall.vn\/en\/wp-json\/wp\/v2\/product_tag?post=16528"}],"curies":[{"name":"wp","href":"https:\/\/api.w.org\/{rel}","templated":true}]}}