{"id":16503,"date":"2020-09-25T15:55:50","date_gmt":"2020-09-25T08:55:50","guid":{"rendered":"https:\/\/havamall.vn\/?post_type=product&#038;p=16503"},"modified":"2022-06-09T16:43:32","modified_gmt":"2022-06-09T09:43:32","slug":"snack-khoai-tay-kris-bee-30g-french-fries-snack-kris-bee","status":"publish","type":"product","link":"https:\/\/havamall.vn\/en\/shop\/snack-khoai-tay-kris-bee-30g-french-fries-snack-kris-bee\/","title":{"rendered":"Snack Khoai T\u00e2y Kris Bee 30g &#8211; French Fries Snack Kris Bee"},"content":{"rendered":"<p>B\u00e1nh Snack Khoai t\u00e2y Kris Bee l\u00e0 m\u00f3n \u0103n v\u1eb7t, \u0103n nh\u1eb9 lu\u00f4n \u0111\u01b0\u1ee3c gi\u1edbi tr\u1ebb s\u0103n \u0111\u00f3n b\u1edfi h\u01b0\u01a1ng v\u1ecb th\u01a1m ngon.<\/p>\n<p>Th\u00e0nh ph\u1ea7n ch\u00ednh c\u1ee7a Snack Krisbee Fries \u0111\u01b0\u1ee3c l\u00e0m b\u1eb1ng khoai t\u00e2y th\u1eadt v\u1edbi nh\u1eefng mi\u1ebfng nh\u01b0 Khoai t\u00e2y chi\u00ean kh\u00f4ng c\u00f3 l\u1ed7, gi\u00fap ch\u00fang th\u1eadt s\u1ef1 gi\u00f2n ngon.<\/p>\n<p><img fetchpriority=\"high\" decoding=\"async\" class=\"wp-image-16504 aligncenter\" src=\"https:\/\/havamall.vn\/wp-content\/uploads\/2020\/09\/snack-1.jpg\" alt=\"\" width=\"408\" height=\"408\" srcset=\"https:\/\/havamall.vn\/wp-content\/uploads\/2020\/09\/snack-1.jpg 1024w, https:\/\/havamall.vn\/wp-content\/uploads\/2020\/09\/snack-1-430x430.jpg 430w, https:\/\/havamall.vn\/wp-content\/uploads\/2020\/09\/snack-1-150x150.jpg 150w, https:\/\/havamall.vn\/wp-content\/uploads\/2020\/09\/snack-1-700x700.jpg 700w, https:\/\/havamall.vn\/wp-content\/uploads\/2020\/09\/snack-1-300x300.jpg 300w, https:\/\/havamall.vn\/wp-content\/uploads\/2020\/09\/snack-1-768x768.jpg 768w, https:\/\/havamall.vn\/wp-content\/uploads\/2020\/09\/snack-1-600x600.jpg 600w, https:\/\/havamall.vn\/wp-content\/uploads\/2020\/09\/snack-1-100x100.jpg 100w\" sizes=\"(max-width: 408px) 100vw, 408px\" \/><\/p>\n<p>Snack l\u00e0 m\u1ed9t s\u1ea3n ph\u1ea9m ti\u1ec7n l\u1ee3i, d\u00f9ng tr\u1ef1c ti\u1ebfp sau khi m\u1edf bao b\u00ec, kh\u00f4ng kh\u00f4ng c\u1ea7n qua ch\u1ebf bi\u1ebfn, x\u1eed l\u00fd th\u00eam. S\u1ea3n ph\u1ea9m c\u00f3 th\u1ec3 \u0103n k\u00e8m t\u01b0\u01a1ng \u1edbt c\u00e0 chua\u00a0 \u0111\u1ec3 khi\u1ebfn vi\u1ec7c \u0103n v\u1eb7t c\u00e0ng th\u00eam th\u00fa v\u1ecb.<\/p>\n<p>Nh\u1eefng mi\u1ebfng snack th\u01a1m ngon c\u00f3 h\u00ecnh d\u1ea1ng que, h\u1ea5p d\u1eabn. Khi th\u01b0\u1edfng th\u1ee9c t\u1eebng mi\u1ebfng snack gi\u00f2n tan b\u1ea1n s\u1ebd c\u1ea3m nh\u1eadn \u0111\u01b0\u1ee3c h\u01b0\u01a1ng v\u1ecb\u00a0\u0111\u1eb7c tr\u01b0ng tr\u00ean t\u1eebng que b\u00e1nh.<\/p>\n<p><img decoding=\"async\" class=\"wp-image-16505 aligncenter\" src=\"https:\/\/havamall.vn\/wp-content\/uploads\/2020\/09\/nack-2-731x1024.jpg\" alt=\"\" width=\"395\" height=\"553\" srcset=\"https:\/\/havamall.vn\/wp-content\/uploads\/2020\/09\/nack-2-731x1024.jpg 731w, https:\/\/havamall.vn\/wp-content\/uploads\/2020\/09\/nack-2-430x602.jpg 430w, https:\/\/havamall.vn\/wp-content\/uploads\/2020\/09\/nack-2-150x210.jpg 150w, https:\/\/havamall.vn\/wp-content\/uploads\/2020\/09\/nack-2-700x980.jpg 700w, https:\/\/havamall.vn\/wp-content\/uploads\/2020\/09\/nack-2-214x300.jpg 214w, https:\/\/havamall.vn\/wp-content\/uploads\/2020\/09\/nack-2-768x1075.jpg 768w, https:\/\/havamall.vn\/wp-content\/uploads\/2020\/09\/nack-2-600x840.jpg 600w, https:\/\/havamall.vn\/wp-content\/uploads\/2020\/09\/nack-2.jpg 1000w\" sizes=\"(max-width: 395px) 100vw, 395px\" \/><\/p>\n<p>S\u1ea3n ph\u1ea9m\u00a0\u0111\u01b0\u1ee3c \u0111\u00f3ng g\u00f3i r\u1ea5t ti\u1ec7n l\u1ee3i khi s\u1eed d\u1ee5ng v\u00e0o b\u1ea3o qu\u1ea3n, b\u1ea1n c\u00f3 th\u1ec3 mang theo s\u1ea3n ph\u1ea9m trong nh\u1eefng chuy\u1ebfn du l\u1ecbch, d\u00e3 ngo\u1ea1i\u2026 \u0111\u1ec3 c\u00f9ng chia s\u1ebb v\u1edbi ng\u01b0\u1eddi th\u00e2n v\u00e0 b\u1ea1n b\u00e8.<\/p>\n<p>Snack khoai t\u00e2y Kris Bee l\u00e0 l\u1ef1a ch\u1ecdn h\u00e0ng \u0111\u1ea7u cho nh\u1eefng cu\u1ed9c vui, khi m\u1ecdi ng\u01b0\u1eddi qu\u00e2y qu\u1ea7n b\u00ean nhau, tr\u00f2 chuy\u1ec7n, vui ch\u01a1i v\u00e0 th\u01b0\u1edfng th\u1ee9c nh\u1eefng mi\u1ebfng b\u00e1nh gi\u00f2n tan r\u1ea5t th\u00fa v\u1ecb.<\/p>\n<p><img decoding=\"async\" class=\"wp-image-16508 aligncenter\" src=\"https:\/\/havamall.vn\/wp-content\/uploads\/2020\/09\/nack-3.png\" alt=\"\" width=\"388\" height=\"204\" srcset=\"https:\/\/havamall.vn\/wp-content\/uploads\/2020\/09\/nack-3.png 710w, https:\/\/havamall.vn\/wp-content\/uploads\/2020\/09\/nack-3-430x227.png 430w, https:\/\/havamall.vn\/wp-content\/uploads\/2020\/09\/nack-3-150x79.png 150w, https:\/\/havamall.vn\/wp-content\/uploads\/2020\/09\/nack-3-700x369.png 700w, https:\/\/havamall.vn\/wp-content\/uploads\/2020\/09\/nack-3-300x158.png 300w, https:\/\/havamall.vn\/wp-content\/uploads\/2020\/09\/nack-3-600x316.png 600w\" sizes=\"(max-width: 388px) 100vw, 388px\" \/><\/p>\n<p>&nbsp;<\/p>\n<p><strong>Th\u00f4ng tin s\u1ea3n ph\u1ea9m<\/strong><\/p>\n<ul>\n<li>Th\u01b0\u01a1ng hi\u1ec7u: Kris Bee<\/li>\n<li>Th\u00e0nh ph\u1ea7n: B\u1ed9t khoai t\u00e2y, tinh b\u1ed9t s\u1eafn, gia v\u1ecb, \u0111\u01b0\u1eddng, mu\u1ed1i,&#8230;<\/li>\n<li>Quy c\u00e1ch \u0111\u00f3ng g\u00f3i: 30g<\/li>\n<li>H\u1ea1n s\u1eed d\u1ee5ng: Xem tr\u00ean bao b\u00ec<\/li>\n<li>H\u01b0\u1edbng d\u1eabn s\u1eed d\u1ee5ng: D\u00f9ng tr\u1ef1c ti\u1ebfp sau khi m\u1edf bao b\u00ec<\/li>\n<li>B\u1ea3o qu\u1ea3n: N\u01a1i kh\u00f4 r\u00e1o, tho\u00e1ng m\u00e1t v\u00e0 tr\u00e1nh \u00e1nh n\u1eafng tr\u1ef1c ti\u1ebfp<\/li>\n<\/ul>","protected":false},"excerpt":{"rendered":"<ul>\n<li>Th\u00e0nh ph\u1ea7n ch\u00ednh c\u1ee7a Snack Krisbee Fries \u0111\u01b0\u1ee3c l\u00e0m b\u1eb1ng khoai t\u00e2y th\u1eadt v\u1edbi nh\u1eefng mi\u1ebfng nh\u01b0 Khoai t\u00e2y chi\u00ean chi\u00ean, gi\u00fap ch\u00fang th\u1eadt s\u1ef1 gi\u00f2n ngon.<\/li>\n<li>S\u1ea3n ph\u1ea9m\u00a0\u0111\u01b0\u1ee3c \u0111\u00f3ng g\u00f3i r\u1ea5t ti\u1ec7n l\u1ee3i khi s\u1eed d\u1ee5ng v\u00e0o b\u1ea3o qu\u1ea3n, b\u1ea1n c\u00f3 th\u1ec3 mang theo s\u1ea3n ph\u1ea9m trong nh\u1eefng chuy\u1ebfn du l\u1ecbch, d\u00e3 ngo\u1ea1i\u2026 \u0111\u1ec3 c\u00f9ng chia s\u1ebb v\u1edbi ng\u01b0\u1eddi th\u00e2n v\u00e0 b\u1ea1n b\u00e8.<\/li>\n<li>Snack khoai t\u00e2y Kris Bee l\u00e0 l\u1ef1a ch\u1ecdn h\u00e0ng \u0111\u1ea7u cho nh\u1eefng cu\u1ed9c vui, khi m\u1ecdi ng\u01b0\u1eddi qu\u00e2y qu\u1ea7n b\u00ean nhau, tr\u00f2 chuy\u1ec7n, vui ch\u01a1i v\u00e0 th\u01b0\u1edfng th\u1ee9c nh\u1eefng mi\u1ebfng b\u00e1nh gi\u00f2n tan r\u1ea5t th\u00fa v\u1ecb.<\/li>\n<\/ul>","protected":false},"featured_media":16522,"comment_status":"open","ping_status":"closed","template":"","meta":[],"product_brand":[],"product_cat":[36,133],"product_tag":[],"class_list":{"0":"post-16503","1":"product","2":"type-product","3":"status-publish","4":"has-post-thumbnail","6":"product_cat-thuc-pham-tieu-dung","7":"product_cat-banh-keo-chocolate","8":"pa_brand-calbee-wings","10":"first","11":"instock","12":"sale","13":"shipping-taxable","14":"purchasable","15":"product-type-simple"},"_links":{"self":[{"href":"https:\/\/havamall.vn\/en\/wp-json\/wp\/v2\/product\/16503"}],"collection":[{"href":"https:\/\/havamall.vn\/en\/wp-json\/wp\/v2\/product"}],"about":[{"href":"https:\/\/havamall.vn\/en\/wp-json\/wp\/v2\/types\/product"}],"replies":[{"embeddable":true,"href":"https:\/\/havamall.vn\/en\/wp-json\/wp\/v2\/comments?post=16503"}],"version-history":[{"count":0,"href":"https:\/\/havamall.vn\/en\/wp-json\/wp\/v2\/product\/16503\/revisions"}],"wp:featuredmedia":[{"embeddable":true,"href":"https:\/\/havamall.vn\/en\/wp-json\/wp\/v2\/media\/16522"}],"wp:attachment":[{"href":"https:\/\/havamall.vn\/en\/wp-json\/wp\/v2\/media?parent=16503"}],"wp:term":[{"taxonomy":"product_brand","embeddable":true,"href":"https:\/\/havamall.vn\/en\/wp-json\/wp\/v2\/product_brand?post=16503"},{"taxonomy":"product_cat","embeddable":true,"href":"https:\/\/havamall.vn\/en\/wp-json\/wp\/v2\/product_cat?post=16503"},{"taxonomy":"product_tag","embeddable":true,"href":"https:\/\/havamall.vn\/en\/wp-json\/wp\/v2\/product_tag?post=16503"}],"curies":[{"name":"wp","href":"https:\/\/api.w.org\/{rel}","templated":true}]}}