{"id":16502,"date":"2020-09-25T15:57:34","date_gmt":"2020-09-25T08:57:34","guid":{"rendered":"https:\/\/havamall.vn\/?post_type=product&#038;p=16502"},"modified":"2022-01-09T23:30:24","modified_gmt":"2022-01-09T16:30:24","slug":"keo-no-striking-vi-cam-halloween-30g-explosive-blood-orange-candy-30gr","status":"publish","type":"product","link":"https:\/\/havamall.vn\/en\/shop\/keo-no-striking-vi-cam-halloween-30g-explosive-blood-orange-candy-30gr\/","title":{"rendered":"K\u1eb9o N\u1ed5 Striking V\u1ecb Cam Halloween 30g &#8211; Explosive Blood Orange Candy 30gr"},"content":{"rendered":"<p>K\u1eb9o n\u1ed5 m\u1ed9t trong nh\u1eefng lo\u1ea1i k\u1eb9o y\u00eau th\u00edch c\u1ee7a c\u00e1c b\u00e9 v\u00e0 \u0111\u00f4i khi l\u00e0 c\u1ea3 ng\u01b0\u1eddi l\u1edbn, nh\u1eefng ti\u1ebfng n\u1ed5 b\u00f4m n\u1ed1p vui mi\u1ec7ng c\u00f9ng h\u01b0\u01a1ng v\u1ecb chua chua ng\u1ecdt ng\u1ecdt l\u00e0 \u0111\u00e1ng nh\u1edb h\u01a1n h\u1ebft.<\/p>\n<p>K\u1eb9o n\u1ed5 \u0111\u01b0\u1ee3c s\u1ea3n xu\u1ea5t theo ti\u00eau chu\u1ea9n an to\u00e0n cho s\u1ee9c kh\u1ecfe ng\u01b0\u1eddi s\u1eed d\u1ee5ng.\u00a0S\u1ea3n ph\u1ea9m ho\u00e0n to\u00e0n kh\u00f4ng ch\u1ee9a c\u00e1c th\u00e0nh ph\u1ea7n \u0111\u1ed9c h\u1ea1i g\u00e2y h\u1ea1i cho tr\u1ebb, c\u00e1c th\u00e0nh ph\u1ea7n \u0111\u1ec1u c\u00f3 ngu\u1ed3n g\u1ed1c t\u1eeb tr\u00e1i c\u00e2y t\u1ef1 nhi\u00ean, cho b\u00e9 h\u01b0\u01a1ng v\u1ecb tuy\u1ec7t v\u1eddi.<\/p>\n<p><img fetchpriority=\"high\" decoding=\"async\" class=\"aligncenter\" src=\"https:\/\/havamall.vn\/wp-content\/uploads\/2019\/04\/4e820c4ceefb0ca555ea.jpg\" width=\"500\" height=\"225\" \/><\/p>\n<p>K\u1eb9o s\u1ebd n\u1ed5 l\u00e1ch t\u00e1ch khi ng\u1eadm trong mi\u1ec7ng mang \u0111\u1ebfn c\u1ea3m gi\u00e1c v\u00f4 c\u00f9ng th\u00fa v\u1ecb v\u00e0 m\u1edbi l\u1ea1. K\u1eb9o c\u00f3 v\u1ecb s\u1ea3ng kho\u00e1i c\u00f9ng v\u1ecb chua chua ng\u1ecdt ng\u1ecdt th\u01a1m ngon, \u0111\u1ed9c \u0111\u00e1o.<\/p>\n<p>K\u1eb9o n\u1ed5\u00a0v\u1edbi v\u1ebb ngo\u00e0i b\u1eaft m\u1eaft, c\u1ea3m nh\u1eadn v\u1ecb ng\u1ecdt ng\u00e0o c\u1ee7a tr\u00e1i c\u00e2y t\u1ef1 nhi\u00ean ch\u1eafc h\u1eb3n s\u1ebd r\u1ea5t th\u00fa v\u1ecb thu h\u00fat c\u1ea3 ng\u01b0\u1eddi l\u1edbn v\u00e0 tr\u1ebb nh\u1ecf. K\u1eb9o r\u1ea5t th\u00edch h\u1ee3p l\u00e0m m\u00f3n tr\u00e1ng mi\u1ec7ng trong b\u1eefa \u0103n tr\u01b0a ho\u1eb7c l\u00e0m th\u1ee9c \u0103n nh\u1eb9.<\/p>\n<p>H\u01b0\u01a1ng v\u1ecb \u0111\u1ed9c \u0111\u00e1o d\u00e0nh cho c\u00e1c t\u00edn \u0111\u1ed3 h\u1ea3o ng\u1ecdt \u0111\u01b0\u1ee3c s\u1ea3n ph\u1ea9m \u0111\u01b0\u1ee3c s\u1ea3n xu\u1ea5t theo d\u00e2y chuy\u1ec1n c\u00f4ng ngh\u1ec7 hi\u1ec7n \u0111\u1ea1i \u0111\u1ebfn t\u1eeb H\u1ed3ng K\u00f4ng,\u00a0\u0111\u00f3ng g\u00f3i bao b\u00ec \u0111\u1ea1t chu\u1ea9n v\u1ec7 sinh an to\u00e0n th\u1ef1c ph\u1ea9m.<\/p>\n<p><img decoding=\"async\" class=\"aligncenter\" src=\"https:\/\/havamall.vn\/wp-content\/uploads\/2019\/04\/7d98955577e295bcccf3.png\" width=\"467\" height=\"395\" \/><\/p>\n<p><strong>Th\u00f4ng tin s\u1ea3n ph\u1ea9m<\/strong><\/p>\n<ul>\n<li>Th\u01b0\u01a1ng hi\u1ec7u: Striking<\/li>\n<li>Xu\u1ea5t x\u1ee9: H\u1ed3ng Kong<\/li>\n<li>Quy c\u00e1ch \u0111\u00f3ng g\u00f3i: 30g<\/li>\n<li>C\u00e1ch s\u1eed d\u1ee5ng: M\u1edf bao b\u00ec v\u00e0 th\u01b0\u1edfng th\u1ee9c<\/li>\n<li>H\u1ea1n s\u1eed d\u1ee5ng: Xem tr\u00ean bao b\u00ec<\/li>\n<\/ul>\n<p><strong>Havamall<\/strong> s\u1ebd chia s\u1ebb cho b\u1ea1n c\u00e1ch th\u01b0\u1edfng th\u1ee9c k\u1eb9o n\u1ed5 theo phong c\u00e1ch m\u1edbi, \u0111\u1ea3m b\u1ea3o s\u1ebd ghi\u1ec1n<\/p>\n<p><strong>B\u01b0\u1edbc 1:<\/strong> Chu\u1ea9n b\u1ecb k\u1eb9o d\u1ebbo v\u00e0 m\u00f9i h\u01b0\u01a1ng k\u1eb9o n\u1ed5 b\u1ea1n y\u00eau th\u00edch nh\u1ea5t<\/p>\n<p><img decoding=\"async\" class=\"aligncenter\" src=\"https:\/\/scontent-hkg4-1.xx.fbcdn.net\/v\/t1.0-9\/104956339_1161680680860448_915197608641725222_n.jpg?_nc_cat=103&amp;_nc_sid=730e14&amp;_nc_ohc=zz47uyez4d8AX-NL2Dd&amp;_nc_ht=scontent-hkg4-1.xx&amp;oh=b79d2bf2291283fb3a96426ff03002e8&amp;oe=5F938CC6\" width=\"399\" height=\"399\" \/><\/p>\n<p><strong>B\u01b0\u1edbc 2:<\/strong> X\u00e9 v\u1ecf k\u1eb9o n\u1ed5 v\u00e0 \u0111\u1ed5 v\u00e0o k\u1eb9o d\u1ebbo<\/p>\n<p><img loading=\"lazy\" decoding=\"async\" class=\"aligncenter\" src=\"https:\/\/scontent-hkg4-2.xx.fbcdn.net\/v\/t1.0-9\/105455693_1161692657525917_2119375335102976836_n.jpg?_nc_cat=104&amp;_nc_sid=730e14&amp;_nc_ohc=S014L00vpPAAX-loxN2&amp;_nc_ht=scontent-hkg4-2.xx&amp;oh=612200b148156c4c8905fd73eb246777&amp;oe=5F933604\" width=\"397\" height=\"397\" \/><\/p>\n<p><strong>B\u01b0\u1edbc 3<\/strong>: Th\u01b0\u1edfng th\u1ee9c ngay n\u00e0o!!<\/p>\n<p><img loading=\"lazy\" decoding=\"async\" class=\"aligncenter\" src=\"https:\/\/scontent-hkg4-2.xx.fbcdn.net\/v\/t1.0-9\/104716026_1161692660859250_715432867014699888_n.jpg?_nc_cat=111&amp;_nc_sid=730e14&amp;_nc_ohc=_UcmBqcEhhEAX8geKFh&amp;_nc_ht=scontent-hkg4-2.xx&amp;oh=03b016f2ea8e07898ade4591f8cc3b70&amp;oe=5F94E86B\" width=\"423\" height=\"423\" \/><\/p>","protected":false},"excerpt":{"rendered":"<ul>\n<li>K\u1eb9o n\u1ed5 m\u1ed9t trong nh\u1eefng lo\u1ea1i k\u1eb9o y\u00eau th\u00edch c\u1ee7a c\u00e1c b\u00e9 v\u00e0 \u0111\u00f4i khi l\u00e0 c\u1ea3 ng\u01b0\u1eddi l\u1edbn, nh\u1eefng ti\u1ebfng n\u1ed5 b\u00f4m n\u1ed1p vui mi\u1ec7ng c\u00f9ng h\u01b0\u01a1ng v\u1ecb chua chua ng\u1ecdt ng\u1ecdt l\u00e0 \u0111\u00e1ng nh\u1edb h\u01a1n h\u1ebft.<\/li>\n<li>K\u1eb9o n\u1ed5 \u0111\u01b0\u1ee3c s\u1ea3n xu\u1ea5t theo ti\u00eau chu\u1ea9n an to\u00e0n cho s\u1ee9c kh\u1ecfe ng\u01b0\u1eddi s\u1eed d\u1ee5ng.\u00a0S\u1ea3n ph\u1ea9m ho\u00e0n to\u00e0n kh\u00f4ng ch\u1ee9a c\u00e1c th\u00e0nh ph\u1ea7n \u0111\u1ed9c h\u1ea1i g\u00e2y h\u1ea1i cho tr\u1ebb, c\u00e1c th\u00e0nh ph\u1ea7n \u0111\u1ec1u c\u00f3 ngu\u1ed3n g\u1ed1c t\u1eeb tr\u00e1i c\u00e2y t\u1ef1 nhi\u00ean, cho b\u00e9 h\u01b0\u01a1ng v\u1ecb tuy\u1ec7t v\u1eddi.<\/li>\n<\/ul>","protected":false},"featured_media":16509,"comment_status":"open","ping_status":"closed","template":"","meta":[],"product_brand":[],"product_cat":[36,133],"product_tag":[],"class_list":{"0":"post-16502","1":"product","2":"type-product","3":"status-publish","4":"has-post-thumbnail","6":"product_cat-thuc-pham-tieu-dung","7":"product_cat-banh-keo-chocolate","9":"first","10":"outofstock","11":"sale","12":"shipping-taxable","13":"purchasable","14":"product-type-simple"},"_links":{"self":[{"href":"https:\/\/havamall.vn\/en\/wp-json\/wp\/v2\/product\/16502"}],"collection":[{"href":"https:\/\/havamall.vn\/en\/wp-json\/wp\/v2\/product"}],"about":[{"href":"https:\/\/havamall.vn\/en\/wp-json\/wp\/v2\/types\/product"}],"replies":[{"embeddable":true,"href":"https:\/\/havamall.vn\/en\/wp-json\/wp\/v2\/comments?post=16502"}],"version-history":[{"count":0,"href":"https:\/\/havamall.vn\/en\/wp-json\/wp\/v2\/product\/16502\/revisions"}],"wp:featuredmedia":[{"embeddable":true,"href":"https:\/\/havamall.vn\/en\/wp-json\/wp\/v2\/media\/16509"}],"wp:attachment":[{"href":"https:\/\/havamall.vn\/en\/wp-json\/wp\/v2\/media?parent=16502"}],"wp:term":[{"taxonomy":"product_brand","embeddable":true,"href":"https:\/\/havamall.vn\/en\/wp-json\/wp\/v2\/product_brand?post=16502"},{"taxonomy":"product_cat","embeddable":true,"href":"https:\/\/havamall.vn\/en\/wp-json\/wp\/v2\/product_cat?post=16502"},{"taxonomy":"product_tag","embeddable":true,"href":"https:\/\/havamall.vn\/en\/wp-json\/wp\/v2\/product_tag?post=16502"}],"curies":[{"name":"wp","href":"https:\/\/api.w.org\/{rel}","templated":true}]}}