{"id":16499,"date":"2020-09-25T14:36:07","date_gmt":"2020-09-25T07:36:07","guid":{"rendered":"https:\/\/havamall.vn\/?post_type=product&#038;p=16499"},"modified":"2021-08-17T19:23:31","modified_gmt":"2021-08-17T12:23:31","slug":"keo-chua-huong-trai-cay-fruit-flavored-sour-candy","status":"publish","type":"product","link":"https:\/\/havamall.vn\/en\/shop\/keo-chua-huong-trai-cay-fruit-flavored-sour-candy\/","title":{"rendered":"K\u1eb9o Chua Short H\u01b0\u01a1ng Tr\u00e1i C\u00e2y 49g &#8211; Fruit Flavored Sour Candy Short"},"content":{"rendered":"<p><b>K\u1eb9o chua h\u01b0\u01a1ng tr\u00e1i c\u00e2y <\/b><span style=\"font-weight: 400\">l\u00e0 s\u1ef1 k\u1ebft h\u1ee3p ho\u00e0n h\u1ea3o gi\u1eefa v\u1ecb chua v\u00e0 h\u01b0\u01a1ng tr\u00e1i c\u00e2y t\u1ed5ng h\u1ee3p b\u00ean trong t\u1eebng vi\u00ean k\u1eb9o.<\/span><\/p>\n<p><span style=\"font-weight: 400\">K\u1eb9o th\u00edch h\u1ee3p \u0111\u1ec3 nh\u00e2m nhi khi \u0111i ch\u01a1i hay gi\u1ea3i t\u1ecfa c\u01a1n bu\u1ed3n ng\u1ee7 khi ng\u1ed3i trong v\u0103n ph\u00f2ng, l\u1edbp h\u1ecdc v\u1edbi v\u1ecb chua chua, c\u1ea3m gi\u00e1c th\u00fa v\u1ecb v\u1edbi s\u1ef1 k\u00edch th\u00edch c\u1ee7a v\u1ecb gi\u00e1c.\u00a0<\/span><\/p>\n<p><img fetchpriority=\"high\" decoding=\"async\" class=\"wp-image-16500 aligncenter\" src=\"https:\/\/havamall.vn\/wp-content\/uploads\/2020\/09\/trai-cay-1.jpg\" alt=\"\" width=\"563\" height=\"389\" srcset=\"https:\/\/havamall.vn\/wp-content\/uploads\/2020\/09\/trai-cay-1.jpg 790w, https:\/\/havamall.vn\/wp-content\/uploads\/2020\/09\/trai-cay-1-430x297.jpg 430w, https:\/\/havamall.vn\/wp-content\/uploads\/2020\/09\/trai-cay-1-150x104.jpg 150w, https:\/\/havamall.vn\/wp-content\/uploads\/2020\/09\/trai-cay-1-700x484.jpg 700w, https:\/\/havamall.vn\/wp-content\/uploads\/2020\/09\/trai-cay-1-300x207.jpg 300w, https:\/\/havamall.vn\/wp-content\/uploads\/2020\/09\/trai-cay-1-768x531.jpg 768w, https:\/\/havamall.vn\/wp-content\/uploads\/2020\/09\/trai-cay-1-600x415.jpg 600w\" sizes=\"(max-width: 563px) 100vw, 563px\" \/><\/p>\n<p><span style=\"font-weight: 400\">K\u1eb9o mang l\u1ea1i cho b\u1ea1n h\u01a1i th\u1edf th\u01a1m tho, ph\u00f9 h\u1ee3p v\u1edbi m\u1ecdi l\u1ee9a tu\u1ed5i v\u00e0 \u0111\u01b0\u1ee3c s\u1ea3n xu\u1ea5t t\u1eeb nguy\u00ean li\u1ec7u ch\u1ecdn l\u1ecdc, \u0111\u1ea3m b\u1ea3o an to\u00e0n v\u1ec7 sinh tuy\u1ec7t \u0111\u1ed1i.<\/span><\/p>\n<p><span style=\"font-weight: 400\">Khi v\u1eeba cho k\u1eb9o v\u00e0o n\u01a1i \u0111\u1ea7u l\u01b0\u1ee1i, b\u1ea1n s\u1ebd c\u1ea3m nh\u1eadn \u0111\u01b0\u1ee3c v\u1ecb chua v\u00e0 sau \u0111\u00f3 l\u00e0 h\u01b0\u01a1ng th\u01a1m t\u1ed5ng h\u1ee3p t\u1eeb nhi\u1ec1u v\u1ecb tr\u00e1i c\u00e2y nh\u01b0 d\u00e2u, chanh, d\u01b0a h\u1ea5u,&#8230;.<\/span><\/p>\n<p><span style=\"font-weight: 400\">B\u00ean c\u1ea1nh v\u1ecb ng\u1ecdt, th\u01a1m k\u1eb9o c\u00f2n gi\u00fap b\u1ed5 sung n\u0103ng l\u01b0\u1ee3ng, protein v\u00e0 c\u00e1c kho\u00e1ng ch\u1ea5t cho c\u00e1c ho\u1ea1t \u0111\u1ed9ng h\u00e0ng ng\u00e0y n\u00ean r\u1ea5t t\u1ed1t cho s\u1ee9c kh\u1ecfe cho ng\u01b0\u1eddi s\u1eed d\u1ee5ng..<\/span><\/p>\n<p><span style=\"font-weight: 400\">S\u1ea3n ph\u1ea9m \u0111\u01b0\u1ee3c thi\u1ebft k\u1ebf sang tr\u1ecdng, l\u1ecbch l\u00e3m v\u00e0 gi\u00e0u gi\u00e1 tr\u1ecb dinh d\u01b0\u1ee1ng th\u00edch h\u1ee3p d\u00f9ng \u0103n h\u00e0ng ng\u00e0y ho\u1eb7c l\u00e0m qu\u00e0 t\u1eb7ng tinh t\u1ebf cho nh\u1eefng ng\u01b0\u1eddi th\u00e2n.<\/span><\/p>\n<p><img decoding=\"async\" class=\"wp-image-16494 aligncenter\" src=\"https:\/\/havamall.vn\/wp-content\/uploads\/2020\/09\/chug.jpg\" alt=\"\" width=\"560\" height=\"560\" srcset=\"https:\/\/havamall.vn\/wp-content\/uploads\/2020\/09\/chug.jpg 800w, https:\/\/havamall.vn\/wp-content\/uploads\/2020\/09\/chug-430x430.jpg 430w, https:\/\/havamall.vn\/wp-content\/uploads\/2020\/09\/chug-150x150.jpg 150w, https:\/\/havamall.vn\/wp-content\/uploads\/2020\/09\/chug-700x700.jpg 700w, https:\/\/havamall.vn\/wp-content\/uploads\/2020\/09\/chug-300x300.jpg 300w, https:\/\/havamall.vn\/wp-content\/uploads\/2020\/09\/chug-768x768.jpg 768w, https:\/\/havamall.vn\/wp-content\/uploads\/2020\/09\/chug-600x600.jpg 600w, https:\/\/havamall.vn\/wp-content\/uploads\/2020\/09\/chug-100x100.jpg 100w\" sizes=\"(max-width: 560px) 100vw, 560px\" \/><\/p>\n<p><b>Th\u00f4ng tin s\u1ea3n ph\u1ea9m<\/b><\/p>\n<ul>\n<li><span style=\"font-weight: 400\">Th\u00e0nh ph\u1ea7n: \u0110\u01b0\u1eddng, b\u1ed9t cacao, h\u01b0\u01a1ng li\u1ec7u t\u1ed5ng h\u1ee3p,&#8230;<\/span><\/li>\n<li><span style=\"font-weight: 400\">H\u01b0\u1edbng d\u1eabn s\u1eed d\u1ee5ng: \u0102n tr\u1ef1c ti\u1ebfp<\/span><\/li>\n<li><span style=\"font-weight: 400\">B\u1ea3o qu\u1ea3n: N\u01a1i kh\u00f4 r\u00e1o tho\u00e1ng m\u00e1t<\/span><\/li>\n<li><span style=\"font-weight: 400\">C\u00e1ch d\u00f9ng: D\u00f9ng ngay sau khi m\u1edf h\u1ee7, tr\u00e1nh \u00e1nh n\u1eafng tr\u1ef1c ti\u1ebfp v\u00e0 n\u01a1i \u1ea9m m\u1ed1c.<\/span><\/li>\n<\/ul>\n<p><img decoding=\"async\" class=\"wp-image-16501 aligncenter\" src=\"https:\/\/havamall.vn\/wp-content\/uploads\/2020\/09\/trai-cay-2.jpg\" alt=\"\" width=\"565\" height=\"479\" srcset=\"https:\/\/havamall.vn\/wp-content\/uploads\/2020\/09\/trai-cay-2.jpg 790w, https:\/\/havamall.vn\/wp-content\/uploads\/2020\/09\/trai-cay-2-430x365.jpg 430w, https:\/\/havamall.vn\/wp-content\/uploads\/2020\/09\/trai-cay-2-150x127.jpg 150w, https:\/\/havamall.vn\/wp-content\/uploads\/2020\/09\/trai-cay-2-700x594.jpg 700w, https:\/\/havamall.vn\/wp-content\/uploads\/2020\/09\/trai-cay-2-300x254.jpg 300w, https:\/\/havamall.vn\/wp-content\/uploads\/2020\/09\/trai-cay-2-768x651.jpg 768w, https:\/\/havamall.vn\/wp-content\/uploads\/2020\/09\/trai-cay-2-600x509.jpg 600w\" sizes=\"(max-width: 565px) 100vw, 565px\" \/><\/p>\n<p><span style=\"font-weight: 400\">Hi\u1ec7n t\u1ea1i <\/span><b>Havamall<\/b><span style=\"font-weight: 400\"> c\u00f3 4 m\u00f9i v\u1ecb kh\u00e1c nhau kh\u00e1ch h\u00e0ng c\u00f3 th\u1ec3 d\u1ec5 d\u00e0ng ch\u1ecdn l\u1ef1a:<\/span><\/p>\n<p><span style=\"font-weight: 400\">&#8211; K\u1eb9o Chua H\u01b0\u01a1ng D\u01b0a H\u1ea5u<\/span><\/p>\n<p><span style=\"font-weight: 400\">&#8211; K\u1eb9o Chua H\u01b0\u01a1ng D\u00e2u<\/span><\/p>\n<p><span style=\"font-weight: 400\">&#8211; K\u1eb9o Chua H\u01b0\u01a1ng Chanh<\/span><\/p>\n<p><span style=\"font-weight: 400\">&#8211; K\u1eb9o Chua H\u01b0\u01a1ng Tr\u00e1i C\u00e2y<\/span><\/p>","protected":false},"excerpt":{"rendered":"<ul>\n<li>K\u1eb9o chua h\u01b0\u01a1ng tr\u00e1i c\u00e2y <span style=\"font-weight: 400\">l\u00e0 s\u1ef1 k\u1ebft h\u1ee3p ho\u00e0n h\u1ea3o gi\u1eefa v\u1ecb chua v\u00e0 h\u01b0\u01a1ng tr\u00e1i c\u00e2y t\u1ed5ng h\u1ee3p b\u00ean trong t\u1eebng vi\u00ean k\u1eb9o.<\/span><\/li>\n<li><span style=\"font-weight: 400\">K\u1eb9o th\u00edch h\u1ee3p \u0111\u1ec3 nh\u00e2m nhi khi \u0111i ch\u01a1i hay gi\u1ea3i t\u1ecfa c\u01a1n bu\u1ed3n ng\u1ee7 khi ng\u1ed3i trong v\u0103n ph\u00f2ng, l\u1edbp h\u1ecdc v\u1edbi v\u1ecb chua chua, c\u1ea3m gi\u00e1c th\u00fa v\u1ecb v\u1edbi s\u1ef1 k\u00edch th\u00edch c\u1ee7a v\u1ecb gi\u00e1c.<\/span><\/li>\n<li><span style=\"font-weight: 400\">K\u1eb9o mang l\u1ea1i cho b\u1ea1n h\u01a1i th\u1edf th\u01a1m tho, ph\u00f9 h\u1ee3p v\u1edbi m\u1ecdi l\u1ee9a tu\u1ed5i v\u00e0 \u0111\u01b0\u1ee3c s\u1ea3n xu\u1ea5t t\u1eeb nguy\u00ean li\u1ec7u ch\u1ecdn l\u1ecdc, \u0111\u1ea3m b\u1ea3o an to\u00e0n v\u1ec7 sinh tuy\u1ec7t \u0111\u1ed1i.<\/span><\/li>\n<li><span style=\"font-weight: 400\">S\u1ea3n ph\u1ea9m \u0111\u01b0\u1ee3c thi\u1ebft k\u1ebf sang tr\u1ecdng, l\u1ecbch l\u00e3m v\u00e0 gi\u00e0u gi\u00e1 tr\u1ecb dinh d\u01b0\u1ee1ng th\u00edch h\u1ee3p d\u00f9ng \u0103n h\u00e0ng ng\u00e0y ho\u1eb7c l\u00e0m qu\u00e0 t\u1eb7ng tinh t\u1ebf cho nh\u1eefng ng\u01b0\u1eddi th\u00e2n.<\/span><\/li>\n<\/ul>","protected":false},"featured_media":16510,"comment_status":"open","ping_status":"closed","template":"","meta":[],"product_brand":[],"product_cat":[36,133],"product_tag":[],"class_list":{"0":"post-16499","1":"product","2":"type-product","3":"status-publish","4":"has-post-thumbnail","6":"product_cat-thuc-pham-tieu-dung","7":"product_cat-banh-keo-chocolate","9":"first","10":"outofstock","11":"sale","12":"shipping-taxable","13":"purchasable","14":"product-type-simple"},"_links":{"self":[{"href":"https:\/\/havamall.vn\/en\/wp-json\/wp\/v2\/product\/16499"}],"collection":[{"href":"https:\/\/havamall.vn\/en\/wp-json\/wp\/v2\/product"}],"about":[{"href":"https:\/\/havamall.vn\/en\/wp-json\/wp\/v2\/types\/product"}],"replies":[{"embeddable":true,"href":"https:\/\/havamall.vn\/en\/wp-json\/wp\/v2\/comments?post=16499"}],"version-history":[{"count":0,"href":"https:\/\/havamall.vn\/en\/wp-json\/wp\/v2\/product\/16499\/revisions"}],"wp:featuredmedia":[{"embeddable":true,"href":"https:\/\/havamall.vn\/en\/wp-json\/wp\/v2\/media\/16510"}],"wp:attachment":[{"href":"https:\/\/havamall.vn\/en\/wp-json\/wp\/v2\/media?parent=16499"}],"wp:term":[{"taxonomy":"product_brand","embeddable":true,"href":"https:\/\/havamall.vn\/en\/wp-json\/wp\/v2\/product_brand?post=16499"},{"taxonomy":"product_cat","embeddable":true,"href":"https:\/\/havamall.vn\/en\/wp-json\/wp\/v2\/product_cat?post=16499"},{"taxonomy":"product_tag","embeddable":true,"href":"https:\/\/havamall.vn\/en\/wp-json\/wp\/v2\/product_tag?post=16499"}],"curies":[{"name":"wp","href":"https:\/\/api.w.org\/{rel}","templated":true}]}}