{"id":16495,"date":"2020-09-25T13:58:41","date_gmt":"2020-09-25T06:58:41","guid":{"rendered":"https:\/\/havamall.vn\/?post_type=product&#038;p=16495"},"modified":"2021-08-17T19:23:35","modified_gmt":"2021-08-17T12:23:35","slug":"keo-chua-huong-chanh-lemon-sour-candy","status":"publish","type":"product","link":"https:\/\/havamall.vn\/en\/shop\/keo-chua-huong-chanh-lemon-sour-candy\/","title":{"rendered":"K\u1eb9o Chua Short H\u01b0\u01a1ng Chanh 49g &#8211; Lemon Sour Candy Short"},"content":{"rendered":"<p><b>Chanh<\/b><span style=\"font-weight: 400\"> l\u00e0 m\u1ed9t s\u1ed1 lo\u00e0i th\u1ef1c v\u1eadt cho qu\u1ea3 nh\u1ecf, thu\u1ed9c chi Cam chanh, khi ch\u00edn c\u00f3 m\u00e0u xanh ho\u1eb7c v\u00e0ng, th\u1ecbt qu\u1ea3 c\u00f3 v\u1ecb chua. N\u01b0\u1edbc \u00e9p chanh ch\u1ee9a kho\u1ea3ng 5% (kho\u1ea3ng 0,3 mol\/l\u00edt) axit citric, \u0111i\u1ec1u n\u00e0y gi\u00fap chanh c\u00f3 v\u1ecb chua, v\u00e0 \u0111\u1ed9 pH c\u1ee7a chanh t\u1eeb 2-3. B\u1edfi v\u00ec c\u00f3 v\u1ecb chua, nhi\u1ec1u th\u1ee9c u\u1ed1ng v\u00e0 k\u1eb9o c\u00f3 m\u00f9i v\u1ecb \u0111\u00e3 xu\u1ea5t hi\u1ec7n.<\/span><\/p>\n<p><img fetchpriority=\"high\" decoding=\"async\" class=\"wp-image-16496 aligncenter\" src=\"https:\/\/havamall.vn\/wp-content\/uploads\/2020\/09\/chanh.jpg\" alt=\"\" width=\"559\" height=\"347\" srcset=\"https:\/\/havamall.vn\/wp-content\/uploads\/2020\/09\/chanh.jpg 850w, https:\/\/havamall.vn\/wp-content\/uploads\/2020\/09\/chanh-430x267.jpg 430w, https:\/\/havamall.vn\/wp-content\/uploads\/2020\/09\/chanh-150x93.jpg 150w, https:\/\/havamall.vn\/wp-content\/uploads\/2020\/09\/chanh-700x435.jpg 700w, https:\/\/havamall.vn\/wp-content\/uploads\/2020\/09\/chanh-300x186.jpg 300w, https:\/\/havamall.vn\/wp-content\/uploads\/2020\/09\/chanh-768x477.jpg 768w, https:\/\/havamall.vn\/wp-content\/uploads\/2020\/09\/chanh-600x373.jpg 600w\" sizes=\"(max-width: 559px) 100vw, 559px\" \/><\/p>\n<p><span style=\"font-weight: 400\">K\u1eb9o chua h\u01b0\u01a1ng chanh l\u00e0 s\u1ea3n ph\u1ea9m k\u1eb9o tuy\u1ec7t v\u1eddi cho c\u00e1c t\u00edn \u0111\u1ed3 <em>\u201cnghi\u1ec7n k\u1eb9o nh\u01b0ng s\u1ee3 b\u00e9o\u201d.\u00a0<\/em><\/span><\/p>\n<p><span style=\"font-weight: 400\">S\u1ea3n ph\u1ea9m r\u1ea5t th\u00edch h\u1ee3p \u0111\u1ec3 nh\u00e2m nhi khi \u0111i ch\u01a1i hay gi\u1ea3i t\u1ecfa c\u01a1n bu\u1ed3n ng\u1ee7 khi ng\u1ed3i trong v\u0103n ph\u00f2ng, l\u1edbp h\u1ecdc v\u1edbi v\u1ecb chua chua, c\u1ea3m gi\u00e1c th\u00fa v\u1ecb v\u1edbi s\u1ef1 k\u00edch th\u00edch c\u1ee7a v\u1ecb gi\u00e1c. K\u1eb9o chanh mang l\u1ea1i cho b\u1ea1n h\u01a1i th\u1edf th\u01a1m tho, ph\u00f9 h\u1ee3p v\u1edbi m\u1ecdi l\u1ee9a tu\u1ed5i.<\/span><\/p>\n<p><span style=\"font-weight: 400\">K\u1eb9o chanh \u0111\u01b0\u1ee3c s\u1ea3n xu\u1ea5t t\u1eeb nguy\u00ean li\u1ec7u ch\u1ecdn l\u1ecdc, k\u1ef9 l\u01b0\u1ee1ng \u0111\u1ea3m b\u1ea3o c\u1ea3 ch\u1ea5t \u0111\u1ea3m b\u1ea3o an to\u00e0n v\u1ec7 sinh tuy\u1ec7t \u0111\u1ed1i.<\/span><\/p>\n<p><img decoding=\"async\" class=\"wp-image-16494 aligncenter\" src=\"https:\/\/havamall.vn\/wp-content\/uploads\/2020\/09\/chug.jpg\" alt=\"\" width=\"519\" height=\"519\" srcset=\"https:\/\/havamall.vn\/wp-content\/uploads\/2020\/09\/chug.jpg 800w, https:\/\/havamall.vn\/wp-content\/uploads\/2020\/09\/chug-430x430.jpg 430w, https:\/\/havamall.vn\/wp-content\/uploads\/2020\/09\/chug-150x150.jpg 150w, https:\/\/havamall.vn\/wp-content\/uploads\/2020\/09\/chug-700x700.jpg 700w, https:\/\/havamall.vn\/wp-content\/uploads\/2020\/09\/chug-300x300.jpg 300w, https:\/\/havamall.vn\/wp-content\/uploads\/2020\/09\/chug-768x768.jpg 768w, https:\/\/havamall.vn\/wp-content\/uploads\/2020\/09\/chug-600x600.jpg 600w, https:\/\/havamall.vn\/wp-content\/uploads\/2020\/09\/chug-100x100.jpg 100w\" sizes=\"(max-width: 519px) 100vw, 519px\" \/><\/p>\n<p><span style=\"font-weight: 400\">S\u1ea3n ph\u1ea9m \u0111\u01b0\u1ee3c thi\u1ebft k\u1ebf sang tr\u1ecdng, l\u1ecbch l\u00e3m v\u00e0 gi\u00e0u gi\u00e1 tr\u1ecb dinh d\u01b0\u1ee1ng th\u00edch h\u1ee3p d\u00f9ng \u0103n h\u00e0ng ng\u00e0y ho\u1eb7c l\u00e0m qu\u00e0 t\u1eb7ng tinh t\u1ebf cho nh\u1eefng ng\u01b0\u1eddi th\u00e2n.<\/span><\/p>\n<p><span style=\"font-weight: 400\">Kh\u00f4ng ch\u1ec9 l\u00e0 m\u1ed9t lo\u1ea1i k\u1eb9o th\u00f4ng th\u01b0\u1eddng, k\u1eb9o chua h\u01b0\u01a1ng chanh c\u00f2n gi\u00fap b\u1ed1 sung vitamin C, t\u00e1c d\u1ee5ng gi\u1ea3m \u0111au h\u1ecdng, cung c\u1ea5p n\u01b0\u1edbc,&#8230; n\u00ean r\u1ea5t t\u1ed1t cho s\u1ee9c kh\u1ecfe.<\/span><\/p>\n<p><strong>Th\u00f4ng tin s\u1ea3n ph\u1ea9m<\/strong><\/p>\n<ul>\n<li>S\u1ea3n xu\u1ea5t: \u0110\u00e0i Loan<\/li>\n<li>Th\u00e0nh ph\u1ea7n: Ch\u1ea5t t\u1ea1o ng\u1ecdt, chanh, vitamin C,\u2026<\/li>\n<li>H\u01b0\u1edbng d\u1eabn s\u1eed d\u1ee5ng: \u0102n tr\u1ef1c ti\u1ebfp<\/li>\n<li>B\u1ea3o qu\u1ea3n: N\u01a1i kh\u00f4 r\u00e1o tho\u00e1ng m\u00e1t<\/li>\n<li>C\u00e1ch d\u00f9ng: D\u00f9ng ngay sau khi m\u1edf h\u1ee7, tr\u00e1nh \u00e1nh n\u1eafng tr\u1ef1c ti\u1ebfp v\u00e0 n\u01a1i \u1ea9m m\u1ed1c.<\/li>\n<\/ul>\n<p><img decoding=\"async\" class=\"wp-image-16497 aligncenter\" src=\"https:\/\/havamall.vn\/wp-content\/uploads\/2020\/09\/chanh-2.jpg\" alt=\"\" width=\"503\" height=\"356\" srcset=\"https:\/\/havamall.vn\/wp-content\/uploads\/2020\/09\/chanh-2.jpg 790w, https:\/\/havamall.vn\/wp-content\/uploads\/2020\/09\/chanh-2-430x304.jpg 430w, https:\/\/havamall.vn\/wp-content\/uploads\/2020\/09\/chanh-2-150x106.jpg 150w, https:\/\/havamall.vn\/wp-content\/uploads\/2020\/09\/chanh-2-700x495.jpg 700w, https:\/\/havamall.vn\/wp-content\/uploads\/2020\/09\/chanh-2-300x212.jpg 300w, https:\/\/havamall.vn\/wp-content\/uploads\/2020\/09\/chanh-2-768x543.jpg 768w, https:\/\/havamall.vn\/wp-content\/uploads\/2020\/09\/chanh-2-600x425.jpg 600w\" sizes=\"(max-width: 503px) 100vw, 503px\" \/><\/p>\n<p><span style=\"font-weight: 400\">B\u00ean c\u1ea1nh h\u01b0\u01a1ng v\u1ecb chanh, <strong>Havamall<\/strong> c\u00f2n c\u00f3 3 m\u00f9i v\u1ecb kh\u00e1c nh\u01b0:<\/span><\/p>\n<p><span style=\"font-weight: 400\">&#8211; K\u1eb9o chua H\u01b0\u01a1ng D\u01b0a H\u1ea5u<\/span><\/p>\n<p><span style=\"font-weight: 400\">&#8211; K\u1eb9o Chua H\u01b0\u01a1ng D\u00e2u<\/span><\/p>\n<p><span style=\"font-weight: 400\">&#8211; K\u1eb9o Chua H\u01b0\u01a1ng Tr\u00e1i C\u00e2y<\/span><\/p>","protected":false},"excerpt":{"rendered":"<ul>\n<li><span style=\"font-weight: 400\">K\u1eb9o chua h\u01b0\u01a1ng chanh l\u00e0 s\u1ea3n ph\u1ea9m k\u1eb9o tuy\u1ec7t v\u1eddi cho c\u00e1c t\u00edn \u0111\u1ed3 <em>\u201cnghi\u1ec7n k\u1eb9o nh\u01b0ng s\u1ee3 b\u00e9o\u201d.\u00a0<\/em><\/span><\/li>\n<li><span style=\"font-weight: 400\">S\u1ea3n ph\u1ea9m r\u1ea5t th\u00edch h\u1ee3p \u0111\u1ec3 nh\u00e2m nhi khi \u0111i ch\u01a1i hay gi\u1ea3i t\u1ecfa c\u01a1n bu\u1ed3n ng\u1ee7 khi ng\u1ed3i trong v\u0103n ph\u00f2ng, l\u1edbp h\u1ecdc v\u1edbi v\u1ecb chua chua, c\u1ea3m gi\u00e1c th\u00fa v\u1ecb v\u1edbi s\u1ef1 k\u00edch th\u00edch c\u1ee7a v\u1ecb gi\u00e1c. K\u1eb9o chanh mang l\u1ea1i cho b\u1ea1n h\u01a1i th\u1edf th\u01a1m tho, ph\u00f9 h\u1ee3p v\u1edbi m\u1ecdi l\u1ee9a tu\u1ed5i.<\/span><\/li>\n<li><span style=\"font-weight: 400\">K\u1eb9o chanh \u0111\u01b0\u1ee3c s\u1ea3n xu\u1ea5t t\u1eeb nguy\u00ean li\u1ec7u ch\u1ecdn l\u1ecdc, k\u1ef9 l\u01b0\u1ee1ng \u0111\u1ea3m b\u1ea3o c\u1ea3 ch\u1ea5t \u0111\u1ea3m b\u1ea3o an to\u00e0n v\u1ec7 sinh tuy\u1ec7t \u0111\u1ed1i.<\/span><\/li>\n<\/ul>","protected":false},"featured_media":16513,"comment_status":"open","ping_status":"closed","template":"","meta":[],"product_brand":[],"product_cat":[36,133],"product_tag":[],"class_list":{"0":"post-16495","1":"product","2":"type-product","3":"status-publish","4":"has-post-thumbnail","6":"product_cat-thuc-pham-tieu-dung","7":"product_cat-banh-keo-chocolate","9":"first","10":"outofstock","11":"sale","12":"shipping-taxable","13":"purchasable","14":"product-type-simple"},"_links":{"self":[{"href":"https:\/\/havamall.vn\/en\/wp-json\/wp\/v2\/product\/16495"}],"collection":[{"href":"https:\/\/havamall.vn\/en\/wp-json\/wp\/v2\/product"}],"about":[{"href":"https:\/\/havamall.vn\/en\/wp-json\/wp\/v2\/types\/product"}],"replies":[{"embeddable":true,"href":"https:\/\/havamall.vn\/en\/wp-json\/wp\/v2\/comments?post=16495"}],"version-history":[{"count":0,"href":"https:\/\/havamall.vn\/en\/wp-json\/wp\/v2\/product\/16495\/revisions"}],"wp:featuredmedia":[{"embeddable":true,"href":"https:\/\/havamall.vn\/en\/wp-json\/wp\/v2\/media\/16513"}],"wp:attachment":[{"href":"https:\/\/havamall.vn\/en\/wp-json\/wp\/v2\/media?parent=16495"}],"wp:term":[{"taxonomy":"product_brand","embeddable":true,"href":"https:\/\/havamall.vn\/en\/wp-json\/wp\/v2\/product_brand?post=16495"},{"taxonomy":"product_cat","embeddable":true,"href":"https:\/\/havamall.vn\/en\/wp-json\/wp\/v2\/product_cat?post=16495"},{"taxonomy":"product_tag","embeddable":true,"href":"https:\/\/havamall.vn\/en\/wp-json\/wp\/v2\/product_tag?post=16495"}],"curies":[{"name":"wp","href":"https:\/\/api.w.org\/{rel}","templated":true}]}}