{"id":16490,"date":"2020-09-25T13:49:03","date_gmt":"2020-09-25T06:49:03","guid":{"rendered":"https:\/\/havamall.vn\/?post_type=product&#038;p=16490"},"modified":"2021-08-17T19:23:40","modified_gmt":"2021-08-17T12:23:40","slug":"16490","status":"publish","type":"product","link":"https:\/\/havamall.vn\/en\/shop\/16490\/","title":{"rendered":"K\u1eb9o Chua Short H\u01b0\u01a1ng D\u00e2u 49g &#8211; Strawberry Sour Candy Short"},"content":{"rendered":"<p><b>K\u1eb9o chua h\u01b0\u01a1ng d\u00e2u<\/b><span style=\"font-weight: 400\"> l\u00e0 m\u1ed9t s\u1ea3n ph\u1ea9m ph\u1ed5 bi\u1ebfn v\u00e0 \u0111\u01b0\u1ee3c gi\u1edbi tr\u1ebb y\u00eau th\u00edch. N\u1ebfu tr\u01b0\u1edbc \u0111\u00e2y ch\u1ec9 b\u00e1n \u0111\u1ed9c quy\u1ec1n t\u1ea1i c\u00e1c si\u00eau th\u1ecb th\u00ec nay \u0111\u00e3 c\u00f3 m\u1eb7t t\u1ea1i <\/span><i><span style=\"font-weight: 400\">Havamall\u00a0<\/span><\/i><\/p>\n<p><span style=\"font-weight: 400\">K\u1eb9o chua h\u01b0\u01a1ng d\u01b0a d\u00e2u r\u1ea5t th\u00edch h\u1ee3p \u0111\u1ec3 nh\u00e2m nhi khi \u0111i ch\u01a1i hay gi\u1ea3i t\u1ecfa c\u01a1n bu\u1ed3n ng\u1ee7 khi ng\u1ed3i trong v\u0103n ph\u00f2ng, l\u1edbp h\u1ecdc v\u1edbi v\u1ecb chua chua, c\u1ea3m gi\u00e1c th\u00fa v\u1ecb v\u1edbi s\u1ef1 k\u00edch th\u00edch c\u1ee7a v\u1ecb gi\u00e1c. S\u1ea3n ph\u1ea9m mang l\u1ea1i cho b\u1ea1n h\u01a1i th\u1edf th\u01a1m tho, ph\u00f9 h\u1ee3p v\u1edbi m\u1ecdi l\u1ee9a tu\u1ed5i v\u00e0 \u0111\u01b0\u1ee3c s\u1ea3n xu\u1ea5t t\u1eeb nguy\u00ean li\u1ec7u ch\u1ecdn l\u1ecdc, \u0111\u1ea3m b\u1ea3o an to\u00e0n v\u1ec7 sinh tuy\u1ec7t \u0111\u1ed1i.<\/span><\/p>\n<p><img fetchpriority=\"high\" decoding=\"async\" class=\"wp-image-16491 aligncenter\" src=\"https:\/\/havamall.vn\/wp-content\/uploads\/2020\/09\/d\u00e2u-12-1.jpg\" alt=\"\" width=\"376\" height=\"282\" srcset=\"https:\/\/havamall.vn\/wp-content\/uploads\/2020\/09\/d\u00e2u-12-1.jpg 600w, https:\/\/havamall.vn\/wp-content\/uploads\/2020\/09\/d\u00e2u-12-1-430x323.jpg 430w, https:\/\/havamall.vn\/wp-content\/uploads\/2020\/09\/d\u00e2u-12-1-150x113.jpg 150w, https:\/\/havamall.vn\/wp-content\/uploads\/2020\/09\/d\u00e2u-12-1-300x225.jpg 300w\" sizes=\"(max-width: 376px) 100vw, 376px\" \/><\/p>\n<p><span style=\"font-weight: 400\">S\u1ea3n ph\u1ea9m \u0111\u01b0\u1ee3c thi\u1ebft k\u1ebf sang tr\u1ecdng, l\u1ecbch l\u00e3m v\u00e0 gi\u00e0u gi\u00e1 tr\u1ecb dinh d\u01b0\u1ee1ng th\u00edch h\u1ee3p d\u00f9ng \u0103n h\u00e0ng ng\u00e0y ho\u1eb7c l\u00e0m qu\u00e0 t\u1eb7ng tinh t\u1ebf cho nh\u1eefng ng\u01b0\u1eddi th\u00e2n.<\/span><\/p>\n<p><b>K\u1eb9o chua h\u01b0\u01a1ng d\u00e2u<\/b><span style=\"font-weight: 400\"> l\u00e0 s\u1ef1 k\u1ebft h\u1ee3p ho\u00e0n h\u1ea3o gi\u1eefa l\u1edbp ngo\u00e0i chua chua v\u00e0 b\u00ean trong ng\u1ecdt l\u1ecbm c\u00f9ng h\u01b0\u01a1ng v\u1ecb d\u00e2u th\u01a1m ngon. Khi v\u1eeba cho k\u1eb9o v\u00e0o n\u01a1i \u0111\u1ea7u l\u01b0\u1ee1i, v\u1ecb chua s\u1ebd k\u00edch th\u00edch v\u1ecb gi\u00e1c sau \u0111\u00f3 h\u00f2a quy\u1ec7n c\u00f9ng v\u1ecb ng\u1ecdt b\u00ean trong, h\u01b0\u01a1ng v\u1ecb d\u00e2u nh\u1eb9 nh\u00e0ng lan t\u1ecfa cho \u0111\u1ebfn mi\u1ebfng cu\u1ed1i c\u00f9ng.<\/span><\/p>\n<p><span style=\"font-weight: 400\">B\u00ean c\u1ea1nh h\u01b0\u01a1ng th\u01a1m c\u1ee7a d\u00e2u c\u00f9ng v\u1ecb chua l\u1ea1 l\u1ea1, k\u1eb9o d\u00e2u c\u00f2n gi\u00fap b\u1ed5 sung n\u0103ng l\u01b0\u1ee3ng, protein v\u00e0 c\u00e1c kho\u00e1ng ch\u1ea5t cho c\u00e1c ho\u1ea1t \u0111\u1ed9ng h\u00e0ng ng\u00e0y n\u00ean r\u1ea5t t\u1ed1t cho s\u1ee9c kh\u1ecfe cho ng\u01b0\u1eddi s\u1eed d\u1ee5ng..<\/span><\/p>\n<p><img decoding=\"async\" class=\"wp-image-16494 aligncenter\" src=\"https:\/\/havamall.vn\/wp-content\/uploads\/2020\/09\/chug.jpg\" alt=\"\" width=\"480\" height=\"480\" srcset=\"https:\/\/havamall.vn\/wp-content\/uploads\/2020\/09\/chug.jpg 800w, https:\/\/havamall.vn\/wp-content\/uploads\/2020\/09\/chug-430x430.jpg 430w, https:\/\/havamall.vn\/wp-content\/uploads\/2020\/09\/chug-150x150.jpg 150w, https:\/\/havamall.vn\/wp-content\/uploads\/2020\/09\/chug-700x700.jpg 700w, https:\/\/havamall.vn\/wp-content\/uploads\/2020\/09\/chug-300x300.jpg 300w, https:\/\/havamall.vn\/wp-content\/uploads\/2020\/09\/chug-768x768.jpg 768w, https:\/\/havamall.vn\/wp-content\/uploads\/2020\/09\/chug-600x600.jpg 600w, https:\/\/havamall.vn\/wp-content\/uploads\/2020\/09\/chug-100x100.jpg 100w\" sizes=\"(max-width: 480px) 100vw, 480px\" \/><\/p>\n<p><strong>Th\u00f4ng tin s\u1ea3n ph\u1ea9m<\/strong><\/p>\n<ul>\n<li>S\u1ea3n xu\u1ea5t: \u0110\u00e0i Loan<\/li>\n<li><span style=\"font-weight: 400\">Th\u00e0nh ph\u1ea7n: Ch\u1ea5t t\u1ea1o ng\u1ecdt, d\u00e2u, vitamin C,\u2026<\/span><\/li>\n<li><span style=\"font-weight: 400\">H\u01b0\u1edbng d\u1eabn s\u1eed d\u1ee5ng: \u0102n tr\u1ef1c ti\u1ebfp<\/span><\/li>\n<li><span style=\"font-weight: 400\">B\u1ea3o qu\u1ea3n: N\u01a1i kh\u00f4 r\u00e1o tho\u00e1ng m\u00e1t<\/span><\/li>\n<li><span style=\"font-weight: 400\">C\u00e1ch d\u00f9ng: D\u00f9ng ngay sau khi m\u1edf g\u00f3i, r\u00e1nh \u00e1nh n\u1eafng tr\u1ef1c ti\u1ebfp v\u00e0 n\u01a1i \u1ea9m m\u1ed1c.<\/span><\/li>\n<\/ul>\n<p><img decoding=\"async\" class=\"wp-image-16489 aligncenter\" src=\"https:\/\/havamall.vn\/wp-content\/uploads\/2020\/09\/chung.jpg\" alt=\"\" width=\"452\" height=\"452\" srcset=\"https:\/\/havamall.vn\/wp-content\/uploads\/2020\/09\/chung.jpg 800w, https:\/\/havamall.vn\/wp-content\/uploads\/2020\/09\/chung-430x430.jpg 430w, https:\/\/havamall.vn\/wp-content\/uploads\/2020\/09\/chung-150x150.jpg 150w, https:\/\/havamall.vn\/wp-content\/uploads\/2020\/09\/chung-700x700.jpg 700w, https:\/\/havamall.vn\/wp-content\/uploads\/2020\/09\/chung-300x300.jpg 300w, https:\/\/havamall.vn\/wp-content\/uploads\/2020\/09\/chung-768x768.jpg 768w, https:\/\/havamall.vn\/wp-content\/uploads\/2020\/09\/chung-600x600.jpg 600w, https:\/\/havamall.vn\/wp-content\/uploads\/2020\/09\/chung-100x100.jpg 100w\" sizes=\"(max-width: 452px) 100vw, 452px\" \/><\/p>\n<p><span style=\"font-weight: 400\">Hi\u1ec7n t\u1ea1i <\/span><b>Havamall<\/b><span style=\"font-weight: 400\"> c\u00f3 4 m\u00f9i v\u1ecb kh\u00e1c nhau kh\u00e1ch h\u00e0ng c\u00f3 th\u1ec3 d\u1ec5 d\u00e0ng ch\u1ecdn l\u1ef1a:<\/span><\/p>\n<p><span style=\"font-weight: 400\">&#8211; K\u1eb9o Chua H\u01b0\u01a1ng D\u01b0a H\u1ea5u<\/span><\/p>\n<p><span style=\"font-weight: 400\">&#8211; K\u1eb9o Chua H\u01b0\u01a1ng D\u00e2u<\/span><\/p>\n<p><span style=\"font-weight: 400\">&#8211; K\u1eb9o Chua H\u01b0\u01a1ng Chanh<\/span><\/p>\n<p><span style=\"font-weight: 400\">&#8211; K\u1eb9o Chua H\u01b0\u01a1ng Tr\u00e1i C\u00e2y<\/span><\/p>","protected":false},"excerpt":{"rendered":"<ul>\n<li>K\u1eb9o chua h\u01b0\u01a1ng d\u00e2u l\u00e0 m\u1ed9t s\u1ea3n ph\u1ea9m ph\u1ed5 bi\u1ebfn v\u00e0 \u0111\u01b0\u1ee3c gi\u1edbi tr\u1ebb y\u00eau th\u00edch.<\/li>\n<li><span style=\"font-weight: 400\">S\u1ea3n ph\u1ea9m \u0111\u01b0\u1ee3c thi\u1ebft k\u1ebf sang tr\u1ecdng, l\u1ecbch l\u00e3m v\u00e0 gi\u00e0u gi\u00e1 tr\u1ecb dinh d\u01b0\u1ee1ng th\u00edch h\u1ee3p d\u00f9ng \u0103n h\u00e0ng ng\u00e0y ho\u1eb7c l\u00e0m qu\u00e0 t\u1eb7ng tinh t\u1ebf cho nh\u1eefng ng\u01b0\u1eddi th\u00e2n.<\/span><\/li>\n<li><span style=\"font-weight: 400\">K\u1eb9o d\u00e2u gi\u00fap b\u1ed5 sung n\u0103ng l\u01b0\u1ee3ng, protein v\u00e0 c\u00e1c kho\u00e1ng ch\u1ea5t cho c\u00e1c ho\u1ea1t \u0111\u1ed9ng h\u00e0ng ng\u00e0y n\u00ean r\u1ea5t t\u1ed1t cho s\u1ee9c kh\u1ecfe cho ng\u01b0\u1eddi s\u1eed d\u1ee5ng..<\/span><\/li>\n<\/ul>","protected":false},"featured_media":16516,"comment_status":"open","ping_status":"closed","template":"","meta":[],"product_brand":[],"product_cat":[36,133],"product_tag":[],"class_list":{"0":"post-16490","1":"product","2":"type-product","3":"status-publish","4":"has-post-thumbnail","6":"product_cat-thuc-pham-tieu-dung","7":"product_cat-banh-keo-chocolate","9":"first","10":"outofstock","11":"sale","12":"shipping-taxable","13":"purchasable","14":"product-type-simple"},"_links":{"self":[{"href":"https:\/\/havamall.vn\/en\/wp-json\/wp\/v2\/product\/16490"}],"collection":[{"href":"https:\/\/havamall.vn\/en\/wp-json\/wp\/v2\/product"}],"about":[{"href":"https:\/\/havamall.vn\/en\/wp-json\/wp\/v2\/types\/product"}],"replies":[{"embeddable":true,"href":"https:\/\/havamall.vn\/en\/wp-json\/wp\/v2\/comments?post=16490"}],"version-history":[{"count":0,"href":"https:\/\/havamall.vn\/en\/wp-json\/wp\/v2\/product\/16490\/revisions"}],"wp:featuredmedia":[{"embeddable":true,"href":"https:\/\/havamall.vn\/en\/wp-json\/wp\/v2\/media\/16516"}],"wp:attachment":[{"href":"https:\/\/havamall.vn\/en\/wp-json\/wp\/v2\/media?parent=16490"}],"wp:term":[{"taxonomy":"product_brand","embeddable":true,"href":"https:\/\/havamall.vn\/en\/wp-json\/wp\/v2\/product_brand?post=16490"},{"taxonomy":"product_cat","embeddable":true,"href":"https:\/\/havamall.vn\/en\/wp-json\/wp\/v2\/product_cat?post=16490"},{"taxonomy":"product_tag","embeddable":true,"href":"https:\/\/havamall.vn\/en\/wp-json\/wp\/v2\/product_tag?post=16490"}],"curies":[{"name":"wp","href":"https:\/\/api.w.org\/{rel}","templated":true}]}}