{"id":16484,"date":"2020-09-25T12:04:12","date_gmt":"2020-09-25T05:04:12","guid":{"rendered":"https:\/\/havamall.vn\/?post_type=product&#038;p=16484"},"modified":"2021-08-17T19:23:45","modified_gmt":"2021-08-17T12:23:45","slug":"keo-chua-huong-dua-hau-watermelon-sour-candy","status":"publish","type":"product","link":"https:\/\/havamall.vn\/en\/shop\/keo-chua-huong-dua-hau-watermelon-sour-candy\/","title":{"rendered":"K\u1eb9o Chua Short H\u01b0\u01a1ng D\u01b0a H\u1ea5u 49g &#8211; Watermelon Sour Candy Short"},"content":{"rendered":"<p>D\u01b0a h\u1ea5u l\u00e0 m\u1ed9t trong nh\u1eefng lo\u1ea1i tr\u00e1i c\u00e2y y\u00eau th\u00edch c\u1ee7a nhi\u1ec1u ng\u01b0\u1eddi v\u00e0o m\u1ed7i d\u1ecbp h\u00e8 n\u00f3ng b\u1ee9c. Lo\u1ea1i qu\u1ea3 n\u00e0y kh\u00f4ng ch\u1ec9 c\u00f3 v\u1ecb ng\u1ecdt thanh m\u00e1t m\u00e0 c\u00f2n mang l\u1ea1i nhi\u1ec1u l\u1ee3i \u00edch nh\u1ea5t \u0111\u1ecbnh cho s\u1ee9c kh\u1ecfe b\u1edfi ch\u00fang ch\u1ee9a nhi\u1ec1u th\u00e0nh ph\u1ea7n dinh d\u01b0\u1ee1ng thi\u1ebft y\u1ebfu, nh\u01b0 vitamin, kho\u00e1ng ch\u1ea5t v\u00e0 c\u00e1c h\u1ee3p ch\u1ea5t th\u1ef1c v\u1eadt.<\/p>\n<p><img fetchpriority=\"high\" decoding=\"async\" class=\"wp-image-16487 aligncenter\" src=\"https:\/\/havamall.vn\/wp-content\/uploads\/2020\/09\/d\u01b0a-1.jpg\" alt=\"\" width=\"474\" height=\"316\" srcset=\"https:\/\/havamall.vn\/wp-content\/uploads\/2020\/09\/d\u01b0a-1.jpg 768w, https:\/\/havamall.vn\/wp-content\/uploads\/2020\/09\/d\u01b0a-1-430x287.jpg 430w, https:\/\/havamall.vn\/wp-content\/uploads\/2020\/09\/d\u01b0a-1-150x100.jpg 150w, https:\/\/havamall.vn\/wp-content\/uploads\/2020\/09\/d\u01b0a-1-700x467.jpg 700w, https:\/\/havamall.vn\/wp-content\/uploads\/2020\/09\/d\u01b0a-1-300x200.jpg 300w, https:\/\/havamall.vn\/wp-content\/uploads\/2020\/09\/d\u01b0a-1-600x400.jpg 600w\" sizes=\"(max-width: 474px) 100vw, 474px\" \/><\/p>\n<p><strong>K\u1eb9o chua h\u01b0\u01a1ng d\u01b0a h\u1ea5u<\/strong> l\u00e0 s\u1ef1 k\u1ebft h\u1ee3p ho\u00e0n h\u1ea3o gi\u1eefa l\u1edbp ngo\u00e0i chua chua v\u00e0 b\u00ean trong ng\u1ecdt l\u1ecbm c\u00f9ng h\u01b0\u01a1ng v\u1ecb d\u01b0a h\u1ea5u th\u01a1m ngon. Khi v\u1eeba cho k\u1eb9o v\u00e0o n\u01a1i \u0111\u1ea7u l\u01b0\u1ee1i, v\u1ecb chua s\u1ebd k\u00edch th\u00edch n\u01b0\u1edbc b\u1ecdt trong mi\u1ec7ng \u1ee9a ra sau \u0111\u00f3 h\u00f2a quy\u1ec7n c\u00f9ng v\u1ecb ng\u1ecdt b\u00ean trong, h\u01b0\u01a1ng v\u1ecb d\u01b0a h\u1ea5u nh\u1eb9 nh\u00e0ng lan t\u1ecfa cho \u0111\u1ebfn mi\u1ebfng cu\u1ed1i c\u00f9ng.<\/p>\n<p>K\u1eb9o chua h\u01b0\u01a1ng d\u01b0a h\u1ea5u r\u1ea5t th\u00edch h\u1ee3p \u0111\u1ec3 nh\u00e2m nhi khi \u0111i ch\u01a1i hay gi\u1ea3i t\u1ecfa c\u01a1n bu\u1ed3n ng\u1ee7 khi ng\u1ed3i trong v\u0103n ph\u00f2ng, l\u1edbp h\u1ecdc v\u1edbi v\u1ecb chua chua, c\u1ea3m gi\u00e1c th\u00fa v\u1ecb v\u1edbi s\u1ef1 k\u00edch th\u00edch c\u1ee7a v\u1ecb gi\u00e1c.\u00a0S\u1ea3n ph\u1ea9m mang l\u1ea1i cho b\u1ea1n h\u01a1i th\u1edf th\u01a1m tho, ph\u00f9 h\u1ee3p v\u1edbi m\u1ecdi l\u1ee9a tu\u1ed5i v\u00e0 \u0111\u01b0\u1ee3c s\u1ea3n xu\u1ea5t t\u1eeb nguy\u00ean li\u1ec7u ch\u1ecdn l\u1ecdc, \u0111\u1ea3m b\u1ea3o an to\u00e0n v\u1ec7 sinh tuy\u1ec7t \u0111\u1ed1i.<\/p>\n<p><img decoding=\"async\" class=\"wp-image-16488 aligncenter\" src=\"https:\/\/havamall.vn\/wp-content\/uploads\/2020\/09\/d\u01b0a-2.png\" alt=\"\" width=\"500\" height=\"664\" srcset=\"https:\/\/havamall.vn\/wp-content\/uploads\/2020\/09\/d\u01b0a-2.png 753w, https:\/\/havamall.vn\/wp-content\/uploads\/2020\/09\/d\u01b0a-2-430x571.png 430w, https:\/\/havamall.vn\/wp-content\/uploads\/2020\/09\/d\u01b0a-2-150x199.png 150w, https:\/\/havamall.vn\/wp-content\/uploads\/2020\/09\/d\u01b0a-2-700x930.png 700w, https:\/\/havamall.vn\/wp-content\/uploads\/2020\/09\/d\u01b0a-2-226x300.png 226w, https:\/\/havamall.vn\/wp-content\/uploads\/2020\/09\/d\u01b0a-2-600x797.png 600w\" sizes=\"(max-width: 500px) 100vw, 500px\" \/><\/p>\n<p>K\u1eb9o g\u1ed3m 3 l\u1edbp, l\u1edbp ph\u1ee7 ngo\u00e0i c\u00f9ng si\u00eau chua, l\u1edbp trong l\u1ea1i ng\u1ecdt v\u00e0 chua k\u1ebft h\u1ee3p v\u1edbi h\u01b0\u01a1ng d\u01b0a h\u1ea5u, v\u00e0 l\u1edbp trong c\u00f9ng l\u00e0 tr\u1ea3i nghi\u1ec7m c\u1ee7a c\u00e1c t\u00edn \u0111\u1ed3 th\u00edch v\u1ecb chua nhi\u1ec1u h\u01a1n.<\/p>\n<p>K\u1eb9o gi\u00fap b\u1ed5 sung vitamin A, vitamin C v\u00e0\u00a0c\u00e1c h\u1ee3p ch\u1ea5t th\u1ef1c v\u1eadt kh\u00e1c nh\u01b0 citrulline v\u00e0 lycopene r\u1ea5t t\u1ed1t cho s\u1ee9c kh\u1ecfe.<\/p>\n<p><strong>Th\u00f4ng tin s\u1ea3n ph\u1ea9m<\/strong><\/p>\n<ul>\n<li>S\u1ea3n xu\u1ea5t: \u0110\u00e0i Loan<\/li>\n<li>Th\u00e0nh ph\u1ea7n: Ch\u1ea5t t\u1ea1o ng\u1ecdt, h\u01b0\u01a1ng d\u01b0a h\u1ea5u t\u1ed5ng h\u1ee3p, vitamin C,\u2026<\/li>\n<li>H\u01b0\u1edbng d\u1eabn s\u1eed d\u1ee5ng: \u0102n tr\u1ef1c ti\u1ebfp<\/li>\n<li>B\u1ea3o qu\u1ea3n: N\u01a1i kh\u00f4 r\u00e1o tho\u00e1ng m\u00e1t<\/li>\n<li>C\u00e1ch d\u00f9ng: D\u00f9ng ngay sau khi m\u1edf h\u1ee7, tr\u00e1nh \u00e1nh n\u1eafng tr\u1ef1c ti\u1ebfp v\u00e0 n\u01a1i \u1ea9m m\u1ed1c.<\/li>\n<\/ul>\n<p><img decoding=\"async\" class=\"wp-image-16489 aligncenter\" src=\"https:\/\/havamall.vn\/wp-content\/uploads\/2020\/09\/chung.jpg\" alt=\"\" width=\"588\" height=\"588\" srcset=\"https:\/\/havamall.vn\/wp-content\/uploads\/2020\/09\/chung.jpg 800w, https:\/\/havamall.vn\/wp-content\/uploads\/2020\/09\/chung-430x430.jpg 430w, https:\/\/havamall.vn\/wp-content\/uploads\/2020\/09\/chung-150x150.jpg 150w, https:\/\/havamall.vn\/wp-content\/uploads\/2020\/09\/chung-700x700.jpg 700w, https:\/\/havamall.vn\/wp-content\/uploads\/2020\/09\/chung-300x300.jpg 300w, https:\/\/havamall.vn\/wp-content\/uploads\/2020\/09\/chung-768x768.jpg 768w, https:\/\/havamall.vn\/wp-content\/uploads\/2020\/09\/chung-600x600.jpg 600w, https:\/\/havamall.vn\/wp-content\/uploads\/2020\/09\/chung-100x100.jpg 100w\" sizes=\"(max-width: 588px) 100vw, 588px\" \/><\/p>\n<p>Hi\u1ec7n t\u1ea1i <strong>Havamall<\/strong> c\u00f3 4 m\u00f9i v\u1ecb kh\u00e1c nhau kh\u00e1ch h\u00e0ng c\u00f3 th\u1ec3 d\u1ec5 d\u00e0ng ch\u1ecdn l\u1ef1a:<\/p>\n<p>&#8211; K\u1eb9o Chua H\u01b0\u01a1ng D\u01b0a H\u1ea5u<\/p>\n<p>&#8211; K\u1eb9o Chua H\u01b0\u01a1ng D\u00e2u<\/p>\n<p>&#8211; K\u1eb9o Chua H\u01b0\u01a1ng Chanh<\/p>\n<p>&#8211; K\u1eb9o Chua H\u01b0\u01a1ng Tr\u00e1i C\u00e2y<\/p>","protected":false},"excerpt":{"rendered":"<ul>\n<li>K\u1eb9o chua h\u01b0\u01a1ng d\u01b0a h\u1ea5u r\u1ea5t th\u00edch h\u1ee3p \u0111\u1ec3 nh\u00e2m nhi khi \u0111i ch\u01a1i hay gi\u1ea3i t\u1ecfa c\u01a1n bu\u1ed3n ng\u1ee7 khi ng\u1ed3i trong v\u0103n ph\u00f2ng, l\u1edbp h\u1ecdc v\u1edbi v\u1ecb chua chua, c\u1ea3m gi\u00e1c th\u00fa v\u1ecb v\u1edbi s\u1ef1 k\u00edch th\u00edch c\u1ee7a v\u1ecb gi\u00e1c.<\/li>\n<li>S\u1ea3n ph\u1ea9m mang l\u1ea1i cho b\u1ea1n h\u01a1i th\u1edf th\u01a1m tho, ph\u00f9 h\u1ee3p v\u1edbi m\u1ecdi l\u1ee9a tu\u1ed5i v\u00e0 \u0111\u01b0\u1ee3c s\u1ea3n xu\u1ea5t t\u1eeb nguy\u00ean li\u1ec7u ch\u1ecdn l\u1ecdc, \u0111\u1ea3m b\u1ea3o an to\u00e0n v\u1ec7 sinh tuy\u1ec7t \u0111\u1ed1i.<\/li>\n<\/ul>","protected":false},"featured_media":16518,"comment_status":"open","ping_status":"closed","template":"","meta":[],"product_brand":[],"product_cat":[36,133],"product_tag":[],"class_list":{"0":"post-16484","1":"product","2":"type-product","3":"status-publish","4":"has-post-thumbnail","6":"product_cat-thuc-pham-tieu-dung","7":"product_cat-banh-keo-chocolate","9":"first","10":"outofstock","11":"sale","12":"shipping-taxable","13":"purchasable","14":"product-type-simple"},"_links":{"self":[{"href":"https:\/\/havamall.vn\/en\/wp-json\/wp\/v2\/product\/16484"}],"collection":[{"href":"https:\/\/havamall.vn\/en\/wp-json\/wp\/v2\/product"}],"about":[{"href":"https:\/\/havamall.vn\/en\/wp-json\/wp\/v2\/types\/product"}],"replies":[{"embeddable":true,"href":"https:\/\/havamall.vn\/en\/wp-json\/wp\/v2\/comments?post=16484"}],"version-history":[{"count":0,"href":"https:\/\/havamall.vn\/en\/wp-json\/wp\/v2\/product\/16484\/revisions"}],"wp:featuredmedia":[{"embeddable":true,"href":"https:\/\/havamall.vn\/en\/wp-json\/wp\/v2\/media\/16518"}],"wp:attachment":[{"href":"https:\/\/havamall.vn\/en\/wp-json\/wp\/v2\/media?parent=16484"}],"wp:term":[{"taxonomy":"product_brand","embeddable":true,"href":"https:\/\/havamall.vn\/en\/wp-json\/wp\/v2\/product_brand?post=16484"},{"taxonomy":"product_cat","embeddable":true,"href":"https:\/\/havamall.vn\/en\/wp-json\/wp\/v2\/product_cat?post=16484"},{"taxonomy":"product_tag","embeddable":true,"href":"https:\/\/havamall.vn\/en\/wp-json\/wp\/v2\/product_tag?post=16484"}],"curies":[{"name":"wp","href":"https:\/\/api.w.org\/{rel}","templated":true}]}}