{"id":16467,"date":"2020-09-24T15:39:14","date_gmt":"2020-09-24T08:39:14","guid":{"rendered":"https:\/\/havamall.vn\/?post_type=product&#038;p=16467"},"modified":"2022-03-02T11:55:00","modified_gmt":"2022-03-02T04:55:00","slug":"thung-12-chai-nuoc-tuong-nhan-vang-hai-thien-500ml-box-12-bottles-of-haday-classic-golden-label-light-soy-sauce","status":"publish","type":"product","link":"https:\/\/havamall.vn\/en\/shop\/thung-12-chai-nuoc-tuong-nhan-vang-hai-thien-500ml-box-12-bottles-of-haday-classic-golden-label-light-soy-sauce\/","title":{"rendered":"Th\u00f9ng 12 Chai N\u01b0\u1edbc T\u01b0\u01a1ng Nh\u00e3n V\u00e0ng H\u1ea3i Thi\u00ean 500ml &#8211; Box 12 Bottles of Haday Classic Golden Label Light Soy Sauce"},"content":{"rendered":"<p>N\u01b0\u1edbc t\u01b0\u01a1ng nh\u00e3n v\u00e0ng l\u00e0 m\u1ed9t lo\u1ea1i gia v\u1ecb \u0111\u01b0\u1ee3c ch\u1ebf bi\u1ebfn b\u1eb1ng c\u00e1ch l\u00ean men \u0111\u1eadu n\u00e0nh v\u00e0 l\u00faa m\u00ec. B\u1ed1n th\u00e0nh ph\u1ea7n c\u01a1 b\u1ea3n trong gia v\u1ecb n\u00e0y l\u00e0 \u0111\u1eadu n\u00e0nh, l\u00faa m\u00ec, mu\u1ed1i v\u00e0 c\u00e1c ch\u1ea5t l\u00ean men nh\u01b0 n\u1ea5m m\u1ed1c ho\u1eb7c men.<\/p>\n<p>S\u1ea3n ph\u1ea9m c\u00f3 ngu\u1ed3n g\u1ed1c t\u1eeb Trung Qu\u1ed1c v\u00e0 \u0111\u00e3 \u0111\u01b0\u1ee3c s\u1eed d\u1ee5ng trong n\u1ea5u \u0103n trong h\u01a1n 1.000 n\u0103m. Ng\u00e0y nay, n\u01b0\u1edbc t\u01b0\u01a1ng l\u00e0 m\u1ed9t trong nh\u1eefng s\u1ea3n ph\u1ea9m l\u00e0m t\u1eeb \u0111\u1eadu n\u00e0nh n\u1ed5i ti\u1ebfng nh\u1ea5t tr\u00ean to\u00e0n th\u1ebf gi\u1edbi.<\/p>\n<p>N\u01b0\u1edbc t\u01b0\u01a1ng nh\u00e3n v\u00e0ng \u0111\u01b0\u1ee3c s\u1ea3n xu\u1ea5t tr\u00ean d\u00e2y chuy\u1ec1n c\u00f4ng ngh\u1ec7 ho\u00e0n to\u00e0n m\u1edbi tu\u00e2n th\u1ee7 nghi\u00eam ng\u1eb7t c\u00e1c quy \u0111\u1ecbnh v\u1ec1 an to\u00e0n th\u1ef1c ph\u1ea9m theo quy \u0111\u1ecbnh ph\u00e1p lu\u1eadt, an to\u00e0n s\u1ee9c kh\u1ecfe cho ng\u01b0\u1eddi s\u1eed d\u1ee5ng.<\/p>\n<p><img fetchpriority=\"high\" decoding=\"async\" class=\"aligncenter\" src=\"https:\/\/havamall.vn\/wp-content\/uploads\/2020\/09\/01591173655.jpg\" alt=\"Haday Golden Label Superior Light Soy Sauce | T&amp;T Supermarket\" width=\"394\" height=\"409\" \/><\/p>\n<p><strong>C\u00d4NG D\u1ee4NG C\u1ee6A N\u01af\u1edaC T\u01af\u01a0NG NH\u00c3N V\u00c0NG<\/strong><\/p>\n<p>\u2013 D\u00f9ng \u0111\u1ec3 l\u00e0m n\u01b0\u1edbc ch\u1ea5m, \u0111\u1eb7c bi\u1ec7t l\u00e0 ch\u1ea5m rau, c\u1ee7, qu\u1ea3.<\/p>\n<p>\u2013 D\u00f9ng l\u00e0m gia v\u1ecb \u01b0\u1edbp kho, x\u00e0o, t\u1ea1o m\u00e0u s\u1eafc \u0111\u1eadm \u0111\u00e0 v\u00e0 th\u01a1m ngon h\u01a1n c\u00e1ch th\u00f4ng th\u01b0\u1eddng.<\/p>\n<p>\u2013 D\u00f9ng l\u00e0m gia v\u1ecb t\u1ea9m \u01b0\u1edbp v\u00e0 ch\u1ebf bi\u1ebfn c\u00e1c m\u00f3n h\u1ea3i s\u1ea3n, th\u1ecbt, c\u00e1, n\u01b0\u1edbng, l\u1ea9u v\u00e0 nhi\u1ec1u m\u00f3n \u0103n kh\u00e1c mang l\u1ea1i h\u01b0\u01a1ng v\u1ecb r\u1ea5t ngon v\u00e0 kh\u00e1c bi\u1ec7t.<\/p>\n<p><img decoding=\"async\" class=\"aligncenter\" src=\"https:\/\/havamall.vn\/wp-content\/uploads\/2020\/09\/O1CN01M5gsL228vIe0B6wWN_!!725677994.jpg\" alt=\"Haitian Gold Label 500ml soy sauce brewing soy sauce stir-fry selection of quality cooking pot salad seasoning\" width=\"413\" height=\"413\" \/><\/p>\n<p><strong>C\u00c1CH S\u1eec D\u1ee4NG N\u01af\u1edaC T\u01af\u01a0NG TRONG CH\u1ebe BI\u1ebeN M\u00d3N \u0102N<\/strong><\/p>\n<p><em>\u2013 D\u00f9ng \u0111\u1ec3 l\u00e0m n\u01b0\u1edbc ch\u1ea5m:\u00a0<\/em>C\u00f3 th\u1ec3 d\u00f9ng n\u01b0\u1edbc t\u01b0\u01a1ng l\u00e0m n\u01b0\u1edbc ch\u1ea5m thay cho n\u01b0\u1edbc m\u1eafm b\u1edfi v\u1ecb ng\u1ecdt t\u1ef1 nhi\u00ean, kh\u00f4ng qu\u00e1 m\u1eb7n v\u00e0 m\u00f9i v\u1ecb h\u1ea5p d\u1eabn, \u0111\u1eb7c bi\u1ec7t l\u00e0 v\u1edbi tr\u1ebb em. N\u01b0\u1edbc t\u01b0\u01a1ng c\u00f3 th\u1ec3 chan tr\u1ef1c ti\u1ebfp v\u00e0o \u0103n v\u1edbi c\u01a1m, b\u00fan tr\u1eafng ho\u1eb7c pha ch\u1ebf n\u01b0\u1edbc ch\u1ea5m cho c\u00e1c m\u00f3n rau c\u1ee7 lu\u1ed9c, b\u00fan x\u00e0o, m\u00ec x\u00e0o, g\u1ecfi cu\u1ed1n, th\u1ecbt quay, th\u1ecbt n\u01b0\u1edbng\u2026<\/p>\n<p><em>\u2013 D\u00f9ng \u0111\u1ec3 \u01b0\u1edbp nguy\u00ean li\u1ec7u:\u00a0<\/em>N\u01b0\u1edbc t\u01b0\u01a1ng ph\u00f9 h\u1ee3p v\u1edbi nhi\u1ec1u lo\u1ea1i th\u1ecbt c\u00e1, rau c\u1ee7, \u0111\u1eb7c bi\u1ec7t l\u00e0 m\u00f3n th\u1ecbt b\u00f2 x\u00e0o. Ch\u1ec9 v\u1edbi m\u1ed9t ch\u00fat n\u01b0\u1edbc t\u01b0\u01a1ng trong h\u1ed7n h\u1ee3p gia v\u1ecb \u01b0\u1edbp, nguy\u00ean li\u1ec7u s\u1ebd th\u1ea5m \u0111\u1ec1u v\u00e0 gi\u00fap m\u00f3n \u0103n tr\u1edf n\u00ean th\u01a1m ngon, h\u1ea5p d\u1eabn h\u01a1n.<\/p>\n<p><em>\u2013 D\u00f9ng cho ng\u01b0\u1eddi \u0103n chay:\u00a0<\/em>N\u01b0\u1edbc t\u01b0\u01a1ng \u0111\u01b0\u1ee3c l\u00e0m t\u1eeb h\u1ea1t \u0111\u1eadu n\u00e0nh, b\u1ed9t m\u00ec, mu\u1ed1i v\u00e0 n\u01b0\u1edbc, ph\u00f9 h\u1ee3p v\u1edbi t\u00edn \u0111\u1ed3 nh\u00e0 Ph\u1eadt ho\u1eb7c nh\u1eefng ng\u01b0\u1eddi c\u00f3 s\u1edf th\u00edch \u0103n chay.<\/p>\n<p><img decoding=\"async\" class=\"aligncenter\" src=\"https:\/\/havamall.vn\/wp-content\/uploads\/2020\/09\/cach-chon-nuoc-tuong-an-toan-chat-luong-5_760x367-600x400.jpg\" alt=\"C\u00e1ch ch\u1ecdn n\u01b0\u1edbc t\u01b0\u01a1ng an to\u00e0n, ch\u1ea5t l\u01b0\u1ee3ng\" width=\"580\" height=\"280\" \/><\/p>\n<p><strong>TH\u00d4NG TIN CHI TI\u1ebeT S\u1ea2N PH\u1ea8M<\/strong><\/p>\n<p>\u2013 Nh\u00e3n hi\u1ec7u: Haday<\/p>\n<p>\u2013 Xu\u1ea5t x\u1ee9: Trung Qu\u1ed1c<\/p>\n<p>\u2013 Th\u1ec3 t\u00edch th\u1ef1c: 500ml<\/p>\n<p>\u2013 Th\u00e0nh ph\u1ea7n: N\u01b0\u1edbc, \u0111\u1eadu n\u00e0nh, b\u1ed9t m\u00ec, mu\u1ed1i, chi\u1ebft xu\u1ea5t n\u1ea5m men, ch\u1ea5t \u0111i\u1ec1u v\u1ecb,\u2026<\/p>\n<p>\u2013 H\u01b0\u1edbng d\u1eabn s\u1eed d\u1ee5ng: D\u00f9ng \u0111\u1ec3 tr\u1ed9n n\u1ed9m v\u00e0 c\u00e1c m\u00f3n tr\u1ed9n, ho\u1eb7c \u01b0\u1edbp c\u00e1c m\u00f3n x\u00e0o<\/p>\n<p>\u2013 H\u01b0\u1edbng d\u1eabn b\u1ea3o qu\u1ea3n: B\u1ea3o qu\u1ea3n n\u01a1i kh\u00f4 r\u00e1o, tho\u00e1ng m\u00e1t. Sau khi s\u1eed d\u1ee5ng \u0111\u1eady ch\u1eb7t n\u1eafp v\u00e0 b\u1ea3o qu\u1ea3n trong t\u1ee7 l\u1ea1nh.<\/p>\n<p>\u2013 H\u1ea1n s\u1eed d\u1ee5ng: In tr\u00ean bao b\u00ec c\u1ee7a s\u1ea3n ph\u1ea9m.<\/p>","protected":false},"excerpt":{"rendered":"<ul>\n<li>N\u01b0\u1edbc t\u01b0\u01a1ng nh\u00e3n v\u00e0ng \u0111\u01b0\u1ee3c nh\u1eadp kh\u1ea9u t\u1eeb Trung Qu\u1ed1c, \u0111\u00e3 \u0111\u01b0\u1ee3c s\u1eed d\u1ee5ng trong n\u1ea5u \u0103n trong h\u01a1n 1.000 n\u0103m.<\/li>\n<li>S\u1ea3n ph\u1ea9m \u0111\u01b0\u1ee3c s\u1ea3n xu\u1ea5t tr\u00ean d\u00e2y chuy\u1ec1n c\u00f4ng ngh\u1ec7 ho\u00e0n to\u00e0n m\u1edbi tu\u00e2n th\u1ee7 nghi\u00eam ng\u1eb7t c\u00e1c quy \u0111\u1ecbnh v\u1ec1 an to\u00e0n th\u1ef1c ph\u1ea9m theo quy \u0111\u1ecbnh ph\u00e1p lu\u1eadt, an to\u00e0n s\u1ee9c kh\u1ecfe cho ng\u01b0\u1eddi s\u1eed d\u1ee5ng.<\/li>\n<li>S\u1ea3n ph\u1ea9m d\u00f9ng \u0111\u1ec3 l\u00e0m n\u01b0\u1edbc ch\u1ea5m tr\u1ef1c ti\u1ebfp, ho\u1eb7c \u01b0\u1edbp nguy\u00ean li\u1ec7u, ph\u00f9 h\u1ee3p v\u1edbi c\u1ea3 \u0103n m\u1eb7n v\u00e0 \u0103n chay.<\/li>\n<\/ul>","protected":false},"featured_media":16471,"comment_status":"open","ping_status":"closed","template":"","meta":[],"product_brand":[],"product_cat":[40,36,134],"product_tag":[],"class_list":{"0":"post-16467","1":"product","2":"type-product","3":"status-publish","4":"has-post-thumbnail","6":"product_cat-sieuthi-giasi","7":"product_cat-thuc-pham-tieu-dung","8":"product_cat-thucpham-saykho","9":"pa_brand-hai-thien","11":"first","12":"instock","13":"sale","14":"shipping-taxable","15":"purchasable","16":"product-type-simple"},"_links":{"self":[{"href":"https:\/\/havamall.vn\/en\/wp-json\/wp\/v2\/product\/16467"}],"collection":[{"href":"https:\/\/havamall.vn\/en\/wp-json\/wp\/v2\/product"}],"about":[{"href":"https:\/\/havamall.vn\/en\/wp-json\/wp\/v2\/types\/product"}],"replies":[{"embeddable":true,"href":"https:\/\/havamall.vn\/en\/wp-json\/wp\/v2\/comments?post=16467"}],"version-history":[{"count":0,"href":"https:\/\/havamall.vn\/en\/wp-json\/wp\/v2\/product\/16467\/revisions"}],"wp:featuredmedia":[{"embeddable":true,"href":"https:\/\/havamall.vn\/en\/wp-json\/wp\/v2\/media\/16471"}],"wp:attachment":[{"href":"https:\/\/havamall.vn\/en\/wp-json\/wp\/v2\/media?parent=16467"}],"wp:term":[{"taxonomy":"product_brand","embeddable":true,"href":"https:\/\/havamall.vn\/en\/wp-json\/wp\/v2\/product_brand?post=16467"},{"taxonomy":"product_cat","embeddable":true,"href":"https:\/\/havamall.vn\/en\/wp-json\/wp\/v2\/product_cat?post=16467"},{"taxonomy":"product_tag","embeddable":true,"href":"https:\/\/havamall.vn\/en\/wp-json\/wp\/v2\/product_tag?post=16467"}],"curies":[{"name":"wp","href":"https:\/\/api.w.org\/{rel}","templated":true}]}}