{"id":16460,"date":"2020-09-24T15:27:21","date_gmt":"2020-09-24T08:27:21","guid":{"rendered":"https:\/\/havamall.vn\/?post_type=product&#038;p=16460"},"modified":"2025-03-18T16:18:23","modified_gmt":"2025-03-18T09:18:23","slug":"thung-12-chai-nuoc-tuong-hap-ca-450ml-box-12-bottles-of-fish-sauce-steamed","status":"publish","type":"product","link":"https:\/\/havamall.vn\/en\/shop\/thung-12-chai-nuoc-tuong-hap-ca-450ml-box-12-bottles-of-fish-sauce-steamed\/","title":{"rendered":"Th\u00f9ng 12 Chai N\u01b0\u1edbc T\u01b0\u01a1ng H\u1ea5p C\u00e1 450ml &#8211; Box 12 Bottles of Fish Sauce Steamed"},"content":{"rendered":"<p>N\u01b0\u1edbc t\u01b0\u01a1ng h\u1ea5p c\u00e1 \u0111\u01b0\u1ee3c s\u1ea3n xu\u1ea5t t\u1eeb n\u01b0\u1edbc \u0111\u1eadu t\u01b0\u01a1ng kh\u00f4ng bi\u1ebfn \u0111\u1ed5i gen, b\u1ed9t l\u00faa m\u1ea1ch, mu\u1ed1i \u0111\u01b0\u1eddng, chi\u1ebft xu\u1ea5t n\u1ea5m men v\u00e0 h\u01b0\u01a1ng li\u1ec7u th\u1ef1c ph\u1ea9m.<\/p>\n<p>L\u00e0 s\u1ea3n ph\u1ea9m \u0111\u01b0\u1ee3c s\u1ea3n xu\u1ea5t tr\u00ean d\u00e2y chuy\u1ec1n c\u00f4ng ngh\u1ec7 ho\u00e0n to\u00e0n m\u1edbi tu\u00e2n th\u1ee7 nghi\u00eam ng\u1eb7t c\u00e1c quy \u0111\u1ecbnh v\u1ec1 an to\u00e0n th\u1ef1c ph\u1ea9m theo quy \u0111\u1ecbnh ph\u00e1p lu\u1eadt, an to\u00e0n s\u1ee9c kh\u1ecfe cho gia \u0111\u00ecnh c\u1ee7a b\u1ea1n.<\/p>\n<p><img fetchpriority=\"high\" decoding=\"async\" class=\"aligncenter\" src=\"https:\/\/havamall.vn\/wp-content\/uploads\/2025\/03\/o1cn01haw29w1csnywjfkjs___3625663599.jpg\" alt=\"CCJ006 HADAY N\u01b0\u1edbc t\u01b0\u01a1ng h\u1ea5p c\u00e1 \u6d77\u5929\u84b8\u9c7c\u9f13\u6cb9450ml\" width=\"356\" height=\"377\" \/><\/p>\n<p><strong>\u0110I\u1ec2M N\u1ed4I B\u1eacT S\u1ea2N PH\u1ea8M<\/strong><\/p>\n<p>\u2013 L\u00e0 s\u1ea3n ph\u1ea9m \u0111\u01b0\u1ee3c nh\u1eadp kh\u1ea9u t\u1eeb Trung Qu\u1ed1c<\/p>\n<p>\u2013 \u0110\u01b0\u1ee3c l\u00ean men t\u1ef1 nhi\u00ean, mang h\u01b0\u01a1ng v\u1ecb \u0111\u1eadm \u0111\u00e0 x\u1ee9 Trung<\/p>\n<p>\u2013 Nguy\u00ean li\u1ec7u \u0111\u01b0\u1ee3c ch\u1ecdn l\u1ecdc nghi\u00eam ng\u1eb7t n\u00ean r\u1ea5t an to\u00e0n cho s\u1ee9c kh\u1ecfe, ph\u00f9 h\u1ee3p v\u1edbi m\u1ecdi l\u1ee9a tu\u1ed5i<\/p>\n<p><img decoding=\"async\" class=\"aligncenter\" src=\"https:\/\/havamall.vn\/wp-content\/uploads\/2025\/03\/o1cn01wrw08w1csnyyoo2jk___3625663599.jpg\" alt=\"CCJ006 HADAY N\u01b0\u1edbc t\u01b0\u01a1ng h\u1ea5p c\u00e1 \u6d77\u5929\u84b8\u9c7c\u9f13\u6cb9450ml\" width=\"369\" height=\"408\" \/><\/p>\n<p><strong>H\u01af\u1edaNG D\u1eaaN S\u1eec D\u1ee4NG<\/strong><\/p>\n<p>\u2013 L\u00e0m n\u01b0\u1edbc ch\u1ea5m tr\u1ef1c ti\u1ebfp, \u0111i\u1ec3n h\u00ecnh l\u00e0 c\u00e1c m\u00f3n rau, c\u1ee7, qu\u1ea3<\/p>\n<p>\u2013 D\u00f9ng v\u00e0o n\u1ea5u c\u00e1c lo\u1ea1i th\u1ecbt v\u00e0 rau c\u1ee7<\/p>\n<p>\u2013 Pha l\u1eabn v\u1edbi m\u00f9 t\u1ea1t ch\u1ea5m g\u1ecfi cu\u1ed1n, sushi, c\u00e1c m\u00f3n g\u1ecfi t\u01b0\u01a1i s\u1ed1ng<\/p>\n<p>\u2013 Pha ch\u1ebf v\u1edbi t\u1ecfi, \u1edbt b\u0103m nh\u1ecf ch\u1ea5m c\u00e1c m\u00f3n n\u01b0\u1edbng, lu\u1ed9c, chi\u00ean<\/p>\n<p>\u2013 D\u00f9ng l\u00e0m gia v\u1ecb \u01b0\u1edbp kho, x\u00e0o, t\u1ea1o m\u00e0u s\u1eafc \u0111\u1eadm \u0111\u00e0 v\u00e0 th\u01a1m ngon h\u01a1n c\u00e1ch th\u1eafng \u0111\u01b0\u1eddng v\u00e0 th\u00f4ng th\u01b0\u1eddng.<\/p>\n<p>\u2013 D\u00f9ng l\u00e0m gia v\u1ecb t\u1ea7m \u01b0\u1edbp v\u00e0 ch\u1ebf bi\u1ebfn c\u00e1c m\u00f3n h\u1ea3i s\u1ea3n, th\u1ecbt, c\u00e1, n\u01b0\u1edbng, l\u1ea9u v\u00e0 nhi\u1ec1u m\u00f3n \u0103n kh\u00e1c mang l\u1ea1i h\u01b0\u01a1ng v\u1ecb r\u1ea5t ngon v\u00e0 kh\u00e1c bi\u1ec7t.<\/p>\n<p><img decoding=\"async\" class=\"aligncenter\" src=\"https:\/\/scontent-hkt1-1.xx.fbcdn.net\/v\/t1.0-9\/109152397_2703943163215747_8396153336255599142_n.jpg?_nc_cat=102&amp;_nc_sid=0debeb&amp;_nc_ohc=1ioRH1D8WW4AX8TlWTN&amp;_nc_ht=scontent-hkt1-1.xx&amp;oh=2485ccd0391ff17cc341b228289f8028&amp;oe=5F87C8A3\" alt=\"Kh\u00f4ng c\u00f3 m\u00f4 t\u1ea3 \u1ea3nh.\" width=\"357\" height=\"357\" \/><\/p>\n<p><strong>HAVAMALL H\u01af\u1edaNG D\u1eaaN C\u00c1CH CH\u1ebe BI\u1ebeN M\u00d3N C\u00c1 H\u1ea4P N\u01af\u1edaC T\u01af\u01a0NG<\/strong><\/p>\n<p><em>B\u01b0\u1edbc 1:<\/em>\u00a0C\u00e1 l\u00e0m s\u1ea1ch, b\u1ecf ru\u1ed9t, \u0111\u1ec3 r\u00e1o n\u01b0\u1edbc. M\u1ed9c nh\u0129 ng\u00e2m n\u01b0\u1edbc \u1ea5m cho n\u1edf r\u1ed3i r\u1eeda s\u1ea1ch b\u0103m nh\u1ecf. H\u00e0nh t\u1ecfi, \u1edbt b\u0103m nh\u1ecf \u01b0\u1edbp tr\u1ed9n v\u1edbi th\u1ecbt xay, m\u1ed9c nh\u0129, n\u00eam gia v\u1ecb h\u1ea1t ti\u00eau, m\u00ec ch\u00ednh. Sau \u0111\u00f3 cho v\u00e0o trong b\u1ee5ng c\u00e1. \u01af\u1edbp 15-20 ph\u00fat cho ng\u1ea5m gia v\u1ecb.<\/p>\n<p><em>B\u01b0\u1edbc 2:<\/em>\u00a0D\u1ea7u \u0111un n\u00f3ng, cho c\u00e1 v\u00e0o chi\u00ean s\u01a1 qua, v\u1eeba ch\u00edn v\u1edbt ra. \u0110\u1eb7t c\u00e1 v\u00e0o \u00e2u, \u0111\u1ed5 n\u01b0\u1edbc t\u01b0\u01a1ng l\u00ean tr\u00ean, th\u00eam n\u01b0\u1edbc c\u1ed1t d\u1eeba, n\u1ea5m r\u01a1m, c\u00e0 chua b\u1ed5 cau v\u00e0o, n\u00eam gia v\u1ecb v\u1eeba \u0103n. H\u1ea5p c\u00e1ch th\u1ee7y kho\u1ea3ng 30 ph\u00fat l\u00e0 \u0111\u01b0\u1ee3c.<\/p>\n<p><em>B\u01b0\u1edbc 3:<\/em>\u00a0Ngay khi c\u00e1 c\u00f2n n\u00f3ng, l\u1ea5y c\u00e1 ra \u0111\u0129a v\u00e0 trang tr\u00ed.<\/p>\n<p><img loading=\"lazy\" decoding=\"async\" class=\"aligncenter\" src=\"https:\/\/havamall.vn\/wp-content\/uploads\/2025\/03\/o1cn01xjr1ed1csnyyz5uph___3625663599.jpg\" alt=\"CCJ006 HADAY N\u01b0\u1edbc t\u01b0\u01a1ng h\u1ea5p c\u00e1 \u6d77\u5929\u84b8\u9c7c\u9f13\u6cb9450ml\" width=\"399\" height=\"467\" \/><\/p>\n<p>B\u1ea2O QU\u1ea2N: b\u1ea3o qu\u1ea3n \u1edf n\u01a1i kh\u00f4 r\u00e1o, tho\u00e1ng m\u00e1t, n\u00ean b\u1ea3o qu\u1ea3n trong ng\u0103n m\u00e1t t\u1ee7 l\u1ea1nh khi \u0111\u00e3 m\u1edf n\u1eafp bao b\u00ec.<\/p>\n<p>XU\u1ea4T X\u1ee8: Trung Qu\u1ed1c<\/p>\n<p>TH\u1ec2 T\u00cdCH TH\u1ef0C: 450ml<\/p>","protected":false},"excerpt":{"rendered":"<ul>\n<li>N\u01b0\u1edbc t\u01b0\u01a1ng h\u1ea5p c\u00e1\u00a0 H\u1ea3i Thi\u00ean \u0111\u01b0\u1ee3c s\u1ea3n xu\u1ea5t t\u1eeb n\u01b0\u1edbc \u0111\u1eadu t\u01b0\u01a1ng kh\u00f4ng bi\u1ebfn \u0111\u1ed5i gen, b\u1ed9t l\u00faa m\u1ea1ch, mu\u1ed1i \u0111\u01b0\u1eddng, chi\u1ebft xu\u1ea5t n\u1ea5m men v\u00e0 h\u01b0\u01a1ng li\u1ec7u th\u1ef1c ph\u1ea9m.<\/li>\n<li>S\u1ea3n ph\u1ea9m \u0111\u01b0\u1ee3c l\u00ean men t\u1ef1 nhi\u00ean, mang h\u01b0\u01a1ng v\u1ecb \u0111\u1eadm \u0111\u00e0 Trung Hoa.<\/li>\n<li>S\u1eed d\u1ee5ng s\u1ea3n ph\u1ea9m l\u00e0m n\u01b0\u1edbc ch\u1ea5m tr\u1ef1c ti\u1ebfp ho\u1eb7c l\u00e0m gia v\u1ecb t\u1ea9m \u01b0\u1edbp v\u00e0 ch\u1ebf bi\u1ebfn c\u00e1c m\u00f3n \u0103n.<\/li>\n<\/ul>","protected":false},"featured_media":16461,"comment_status":"open","ping_status":"closed","template":"","meta":[],"product_brand":[],"product_cat":[674,40,36,134],"product_tag":[],"class_list":{"0":"post-16460","1":"product","2":"type-product","3":"status-publish","4":"has-post-thumbnail","6":"product_cat-nhap-khau-trung-quoc","7":"product_cat-sieuthi-giasi","8":"product_cat-thuc-pham-tieu-dung","9":"product_cat-thucpham-saykho","10":"pa_brand-hai-thien","12":"first","13":"instock","14":"sale","15":"shipping-taxable","16":"purchasable","17":"product-type-simple"},"_links":{"self":[{"href":"https:\/\/havamall.vn\/en\/wp-json\/wp\/v2\/product\/16460"}],"collection":[{"href":"https:\/\/havamall.vn\/en\/wp-json\/wp\/v2\/product"}],"about":[{"href":"https:\/\/havamall.vn\/en\/wp-json\/wp\/v2\/types\/product"}],"replies":[{"embeddable":true,"href":"https:\/\/havamall.vn\/en\/wp-json\/wp\/v2\/comments?post=16460"}],"version-history":[{"count":0,"href":"https:\/\/havamall.vn\/en\/wp-json\/wp\/v2\/product\/16460\/revisions"}],"wp:featuredmedia":[{"embeddable":true,"href":"https:\/\/havamall.vn\/en\/wp-json\/wp\/v2\/media\/16461"}],"wp:attachment":[{"href":"https:\/\/havamall.vn\/en\/wp-json\/wp\/v2\/media?parent=16460"}],"wp:term":[{"taxonomy":"product_brand","embeddable":true,"href":"https:\/\/havamall.vn\/en\/wp-json\/wp\/v2\/product_brand?post=16460"},{"taxonomy":"product_cat","embeddable":true,"href":"https:\/\/havamall.vn\/en\/wp-json\/wp\/v2\/product_cat?post=16460"},{"taxonomy":"product_tag","embeddable":true,"href":"https:\/\/havamall.vn\/en\/wp-json\/wp\/v2\/product_tag?post=16460"}],"curies":[{"name":"wp","href":"https:\/\/api.w.org\/{rel}","templated":true}]}}